{"id":100,"date":"2020-12-12T18:53:19","date_gmt":"2020-12-12T18:53:19","guid":{"rendered":"http:\/\/amberwithsilver.com\/?page_id=100"},"modified":"2021-08-12T20:48:25","modified_gmt":"2021-08-12T18:48:25","slug":"gintaro-spalvos","status":"publish","type":"page","link":"https:\/\/amberwithsilver.com\/en\/gintaro-spalvos\/","title":{"rendered":"Amber beads colors"},"content":{"rendered":"<div data-elementor-type=\"wp-page\" data-elementor-id=\"100\" class=\"elementor elementor-100\">\n\t\t\t\t\t\t<section class=\"wd-negative-gap elementor-section elementor-top-section elementor-element elementor-element-3a1e9def elementor-section-boxed elementor-section-height-default elementor-section-height-default\" data-id=\"3a1e9def\" data-element_type=\"section\">\n\t\t\t\t\t\t<div class=\"elementor-container elementor-column-gap-default\">\n\t\t\t\t\t<div class=\"elementor-column elementor-col-100 elementor-top-column elementor-element elementor-element-642bfb5c\" data-id=\"642bfb5c\" data-element_type=\"column\">\n\t\t\t<div class=\"elementor-widget-wrap elementor-element-populated\">\n\t\t\t\t\t\t<div class=\"elementor-element elementor-element-56d137a wd-width-100 elementor-widget elementor-widget-wd_title\" data-id=\"56d137a\" data-element_type=\"widget\" data-widget_type=\"wd_title.default\">\n\t\t\t\t<div class=\"elementor-widget-container\">\n\t\t\t\t\t\t\t<div class=\"title-wrapper wd-set-mb reset-last-child wd-title-color-default wd-title-style-simple wd-title-size-default text-center\">\n\n\t\t\t\n\t\t\t<div class=\"liner-continer\">\n\t\t\t\t<h4 class=\"woodmart-title-container title wd-fontsize-l\">Amber beads colors<\/h4> \n\t\t\t\t\t\t\t<\/div>\n\n\t\t\t\t\t<\/div>\n\t\t\t\t\t\t<\/div>\n\t\t\t\t<\/div>\n\t\t\t\t<div class=\"elementor-element elementor-element-2b2049ea color-scheme-inherit text-left elementor-widget elementor-widget-text-editor\" data-id=\"2b2049ea\" data-element_type=\"widget\" data-widget_type=\"text-editor.default\">\n\t\t\t\t<div class=\"elementor-widget-container\">\n\t\t\t\t\t\t\t\t\t<p>Since the Baltic Amber has been traded for centuries its colors gained many descriptive names. Let us\nmention several of them:<\/p><p>Lemon, honey, cognac, cherry, milky, royal white, butterscotch, egg yolk, antique, green.<\/p><p><img loading=\"lazy\" decoding=\"async\" class=\"alignleft size-full wp-image-104\" src=\"http:\/\/amberwithsilver.com\/wp-content\/uploads\/2020\/12\/gintaru-spalvininkas-sumazintas-su-numeracija-1.jpg\" alt=\"\" width=\"600\" height=\"61\" srcset=\"https:\/\/amberwithsilver.com\/wp-content\/uploads\/2020\/12\/gintaru-spalvininkas-sumazintas-su-numeracija-1.jpg 600w, https:\/\/amberwithsilver.com\/wp-content\/uploads\/2020\/12\/gintaru-spalvininkas-sumazintas-su-numeracija-1-300x31.jpg 300w\" sizes=\"auto, (max-width: 600px) 100vw, 600px\" \/><\/p><p>\u00a0<\/p><p>\u00a0<\/p><p>As the price depends on the color, it's worth mentioning that the most expensive products are those\nmade with white beads, and the cheapest ones are cognac, cherry and lemon.<\/p>\t\t\t\t\t\t\t\t<\/div>\n\t\t\t\t<\/div>\n\t\t\t\t\t<\/div>\n\t\t<\/div>\n\t\t\t\t\t<\/div>\n\t\t<\/section>\n\t\t\t\t<\/div>","protected":false},"excerpt":{"rendered":"<p>Gintaro spalvos Baltijos gintaru buvo prekiaujama \u0161imtme\u010dius, jo spalvos \u012fgavo daugyb\u0119 apib\u016bdinam\u0173j\u0173 pavadinim\u0173. Pamin\u0117kime kelet\u0105 j\u0173: Citrina, medus, konjakas, vy\u0161nia,<\/p>","protected":false},"author":1,"featured_media":0,"parent":0,"menu_order":0,"comment_status":"closed","ping_status":"closed","template":"","meta":{"footnotes":""},"class_list":["post-100","page","type-page","status-publish","hentry"],"yoast_head":"<!-- This site is optimized with the Yoast SEO Premium plugin v23.4 (Yoast SEO v26.8) - https:\/\/yoast.com\/product\/yoast-seo-premium-wordpress\/ -->\n<title>Gintaro spalvos - AmberWithSilver<\/title>\n<meta name=\"robots\" content=\"index, follow, max-snippet:-1, max-image-preview:large, max-video-preview:-1\" \/>\n<link rel=\"canonical\" href=\"https:\/\/amberwithsilver.com\/en\/gintaro-spalvos\/\" \/>\n<meta property=\"og:locale\" content=\"en_US\" \/>\n<meta property=\"og:type\" content=\"article\" \/>\n<meta property=\"og:title\" content=\"Gintaro spalvos\" \/>\n<meta property=\"og:description\" content=\"Gintaro spalvos Baltijos gintaru buvo prekiaujama \u0161imtme\u010dius, jo spalvos \u012fgavo daugyb\u0119 apib\u016bdinam\u0173j\u0173 pavadinim\u0173. Pamin\u0117kime kelet\u0105 j\u0173: Citrina, medus, konjakas, vy\u0161nia,\" \/>\n<meta property=\"og:url\" content=\"https:\/\/amberwithsilver.com\/en\/gintaro-spalvos\/\" \/>\n<meta property=\"og:site_name\" content=\"AmberWithSilver\" \/>\n<meta property=\"article:modified_time\" content=\"2021-08-12T18:48:25+00:00\" \/>\n<meta property=\"og:image\" content=\"http:\/\/amberwithsilver.com\/wp-content\/uploads\/2020\/12\/gintaru-spalvininkas-sumazintas-su-numeracija-1.jpg\" \/>\n<meta name=\"twitter:card\" content=\"summary_large_image\" \/>\n<script type=\"application\/ld+json\" class=\"yoast-schema-graph\">{\"@context\":\"https:\/\/schema.org\",\"@graph\":[{\"@type\":\"WebPage\",\"@id\":\"https:\/\/amberwithsilver.com\/gintaro-spalvos\/\",\"url\":\"https:\/\/amberwithsilver.com\/gintaro-spalvos\/\",\"name\":\"Gintaro spalvos - AmberWithSilver\",\"isPartOf\":{\"@id\":\"https:\/\/amberwithsilver.com\/en\/#website\"},\"primaryImageOfPage\":{\"@id\":\"https:\/\/amberwithsilver.com\/gintaro-spalvos\/#primaryimage\"},\"image\":{\"@id\":\"https:\/\/amberwithsilver.com\/gintaro-spalvos\/#primaryimage\"},\"thumbnailUrl\":\"http:\/\/amberwithsilver.com\/wp-content\/uploads\/2020\/12\/gintaru-spalvininkas-sumazintas-su-numeracija-1.jpg\",\"datePublished\":\"2020-12-12T18:53:19+00:00\",\"dateModified\":\"2021-08-12T18:48:25+00:00\",\"breadcrumb\":{\"@id\":\"https:\/\/amberwithsilver.com\/gintaro-spalvos\/#breadcrumb\"},\"inLanguage\":\"en-US\",\"potentialAction\":[{\"@type\":\"ReadAction\",\"target\":[\"https:\/\/amberwithsilver.com\/gintaro-spalvos\/\"]}]},{\"@type\":\"ImageObject\",\"inLanguage\":\"en-US\",\"@id\":\"https:\/\/amberwithsilver.com\/gintaro-spalvos\/#primaryimage\",\"url\":\"http:\/\/amberwithsilver.com\/wp-content\/uploads\/2020\/12\/gintaru-spalvininkas-sumazintas-su-numeracija-1.jpg\",\"contentUrl\":\"http:\/\/amberwithsilver.com\/wp-content\/uploads\/2020\/12\/gintaru-spalvininkas-sumazintas-su-numeracija-1.jpg\"},{\"@type\":\"BreadcrumbList\",\"@id\":\"https:\/\/amberwithsilver.com\/gintaro-spalvos\/#breadcrumb\",\"itemListElement\":[{\"@type\":\"ListItem\",\"position\":1,\"name\":\"Home\",\"item\":\"https:\/\/amberwithsilver.com\/\"},{\"@type\":\"ListItem\",\"position\":2,\"name\":\"Gintaro spalvos\"}]},{\"@type\":\"WebSite\",\"@id\":\"https:\/\/amberwithsilver.com\/en\/#website\",\"url\":\"https:\/\/amberwithsilver.com\/en\/\",\"name\":\"AmberWithSilver\",\"description\":\"Amber-Silver\",\"publisher\":{\"@id\":\"https:\/\/amberwithsilver.com\/en\/#organization\"},\"potentialAction\":[{\"@type\":\"SearchAction\",\"target\":{\"@type\":\"EntryPoint\",\"urlTemplate\":\"https:\/\/amberwithsilver.com\/en\/?s={search_term_string}\"},\"query-input\":{\"@type\":\"PropertyValueSpecification\",\"valueRequired\":true,\"valueName\":\"search_term_string\"}}],\"inLanguage\":\"en-US\"},{\"@type\":\"Organization\",\"@id\":\"https:\/\/amberwithsilver.com\/en\/#organization\",\"name\":\"amberwithsilver\",\"url\":\"https:\/\/amberwithsilver.com\/en\/\",\"logo\":{\"@type\":\"ImageObject\",\"inLanguage\":\"en-US\",\"@id\":\"https:\/\/amberwithsilver.com\/en\/#\/schema\/logo\/image\/\",\"url\":\"https:\/\/i0.wp.com\/amberwithsilver.com\/wp-content\/uploads\/2020\/12\/logo.jpg?fit=232%2C116&ssl=1\",\"contentUrl\":\"https:\/\/i0.wp.com\/amberwithsilver.com\/wp-content\/uploads\/2020\/12\/logo.jpg?fit=232%2C116&ssl=1\",\"width\":232,\"height\":116,\"caption\":\"amberwithsilver\"},\"image\":{\"@id\":\"https:\/\/amberwithsilver.com\/en\/#\/schema\/logo\/image\/\"}}]}<\/script>\n<!-- \/ Yoast SEO Premium plugin. -->","yoast_head_json":{"title":"Gintaro spalvos - AmberWithSilver","robots":{"index":"index","follow":"follow","max-snippet":"max-snippet:-1","max-image-preview":"max-image-preview:large","max-video-preview":"max-video-preview:-1"},"canonical":"https:\/\/amberwithsilver.com\/en\/gintaro-spalvos\/","og_locale":"en_US","og_type":"article","og_title":"Gintaro spalvos","og_description":"Gintaro spalvos Baltijos gintaru buvo prekiaujama \u0161imtme\u010dius, jo spalvos \u012fgavo daugyb\u0119 apib\u016bdinam\u0173j\u0173 pavadinim\u0173. Pamin\u0117kime kelet\u0105 j\u0173: Citrina, medus, konjakas, vy\u0161nia,","og_url":"https:\/\/amberwithsilver.com\/en\/gintaro-spalvos\/","og_site_name":"AmberWithSilver","article_modified_time":"2021-08-12T18:48:25+00:00","og_image":[{"url":"http:\/\/amberwithsilver.com\/wp-content\/uploads\/2020\/12\/gintaru-spalvininkas-sumazintas-su-numeracija-1.jpg","type":"","width":"","height":""}],"twitter_card":"summary_large_image","schema":{"@context":"https:\/\/schema.org","@graph":[{"@type":"WebPage","@id":"https:\/\/amberwithsilver.com\/gintaro-spalvos\/","url":"https:\/\/amberwithsilver.com\/gintaro-spalvos\/","name":"Gintaro spalvos - AmberWithSilver","isPartOf":{"@id":"https:\/\/amberwithsilver.com\/en\/#website"},"primaryImageOfPage":{"@id":"https:\/\/amberwithsilver.com\/gintaro-spalvos\/#primaryimage"},"image":{"@id":"https:\/\/amberwithsilver.com\/gintaro-spalvos\/#primaryimage"},"thumbnailUrl":"http:\/\/amberwithsilver.com\/wp-content\/uploads\/2020\/12\/gintaru-spalvininkas-sumazintas-su-numeracija-1.jpg","datePublished":"2020-12-12T18:53:19+00:00","dateModified":"2021-08-12T18:48:25+00:00","breadcrumb":{"@id":"https:\/\/amberwithsilver.com\/gintaro-spalvos\/#breadcrumb"},"inLanguage":"en-US","potentialAction":[{"@type":"ReadAction","target":["https:\/\/amberwithsilver.com\/gintaro-spalvos\/"]}]},{"@type":"ImageObject","inLanguage":"en-US","@id":"https:\/\/amberwithsilver.com\/gintaro-spalvos\/#primaryimage","url":"http:\/\/amberwithsilver.com\/wp-content\/uploads\/2020\/12\/gintaru-spalvininkas-sumazintas-su-numeracija-1.jpg","contentUrl":"http:\/\/amberwithsilver.com\/wp-content\/uploads\/2020\/12\/gintaru-spalvininkas-sumazintas-su-numeracija-1.jpg"},{"@type":"BreadcrumbList","@id":"https:\/\/amberwithsilver.com\/gintaro-spalvos\/#breadcrumb","itemListElement":[{"@type":"ListItem","position":1,"name":"Home","item":"https:\/\/amberwithsilver.com\/"},{"@type":"ListItem","position":2,"name":"Gintaro spalvos"}]},{"@type":"WebSite","@id":"https:\/\/amberwithsilver.com\/en\/#website","url":"https:\/\/amberwithsilver.com\/en\/","name":"AmberWithSilver","description":"Amber-Silver","publisher":{"@id":"https:\/\/amberwithsilver.com\/en\/#organization"},"potentialAction":[{"@type":"SearchAction","target":{"@type":"EntryPoint","urlTemplate":"https:\/\/amberwithsilver.com\/en\/?s={search_term_string}"},"query-input":{"@type":"PropertyValueSpecification","valueRequired":true,"valueName":"search_term_string"}}],"inLanguage":"en-US"},{"@type":"Organization","@id":"https:\/\/amberwithsilver.com\/en\/#organization","name":"amberwithsilver","url":"https:\/\/amberwithsilver.com\/en\/","logo":{"@type":"ImageObject","inLanguage":"en-US","@id":"https:\/\/amberwithsilver.com\/en\/#\/schema\/logo\/image\/","url":"https:\/\/i0.wp.com\/amberwithsilver.com\/wp-content\/uploads\/2020\/12\/logo.jpg?fit=232%2C116&ssl=1","contentUrl":"https:\/\/i0.wp.com\/amberwithsilver.com\/wp-content\/uploads\/2020\/12\/logo.jpg?fit=232%2C116&ssl=1","width":232,"height":116,"caption":"amberwithsilver"},"image":{"@id":"https:\/\/amberwithsilver.com\/en\/#\/schema\/logo\/image\/"}}]}},"jetpack_sharing_enabled":true,"_links":{"self":[{"href":"https:\/\/amberwithsilver.com\/en\/wp-json\/wp\/v2\/pages\/100","targetHints":{"allow":["GET"]}}],"collection":[{"href":"https:\/\/amberwithsilver.com\/en\/wp-json\/wp\/v2\/pages"}],"about":[{"href":"https:\/\/amberwithsilver.com\/en\/wp-json\/wp\/v2\/types\/page"}],"author":[{"embeddable":true,"href":"https:\/\/amberwithsilver.com\/en\/wp-json\/wp\/v2\/users\/1"}],"replies":[{"embeddable":true,"href":"https:\/\/amberwithsilver.com\/en\/wp-json\/wp\/v2\/comments?post=100"}],"version-history":[{"count":0,"href":"https:\/\/amberwithsilver.com\/en\/wp-json\/wp\/v2\/pages\/100\/revisions"}],"wp:attachment":[{"href":"https:\/\/amberwithsilver.com\/en\/wp-json\/wp\/v2\/media?parent=100"}],"curies":[{"name":"wp","href":"https:\/\/api.w.org\/{rel}","templated":true}]}}