{"id":119,"date":"2020-12-13T13:18:11","date_gmt":"2020-12-13T13:18:11","guid":{"rendered":"http:\/\/amberwithsilver.com\/?page_id=119"},"modified":"2021-01-20T10:29:31","modified_gmt":"2021-01-20T08:29:31","slug":"gintaro-sertifikatai","status":"publish","type":"page","link":"https:\/\/amberwithsilver.com\/en\/gintaro-sertifikatai\/","title":{"rendered":"Amber Certificates"},"content":{"rendered":"<div data-elementor-type=\"wp-page\" data-elementor-id=\"119\" class=\"elementor elementor-119\">\n\t\t\t\t\t\t<section class=\"wd-negative-gap elementor-section elementor-top-section elementor-element elementor-element-36c6c95 elementor-section-boxed elementor-section-height-default elementor-section-height-default\" data-id=\"36c6c95\" data-element_type=\"section\" data-e-type=\"section\">\n\t\t\t\t\t\t<div class=\"elementor-container elementor-column-gap-default\">\n\t\t\t\t\t<div class=\"elementor-column elementor-col-100 elementor-top-column elementor-element elementor-element-9e85e2e\" data-id=\"9e85e2e\" data-element_type=\"column\" data-e-type=\"column\">\n\t\t\t<div class=\"elementor-widget-wrap elementor-element-populated\">\n\t\t\t\t\t\t<div class=\"elementor-element elementor-element-41cdecc text-center color-scheme-inherit elementor-widget elementor-widget-text-editor\" data-id=\"41cdecc\" data-element_type=\"widget\" data-e-type=\"widget\" data-widget_type=\"text-editor.default\">\n\t\t\t\t<div class=\"elementor-widget-container\">\n\t\t\t\t\t\t\t\t\t<h1 style=\"text-align: center;\">Amber Certificates<\/h1>\t\t\t\t\t\t\t\t<\/div>\n\t\t\t\t<\/div>\n\t\t\t\t<div class=\"elementor-element elementor-element-6019da8 elementor-widget-divider--view-line elementor-widget elementor-widget-divider\" data-id=\"6019da8\" data-element_type=\"widget\" data-e-type=\"widget\" data-widget_type=\"divider.default\">\n\t\t\t\t<div class=\"elementor-widget-container\">\n\t\t\t\t\t\t\t<div class=\"elementor-divider\">\n\t\t\t<span class=\"elementor-divider-separator\">\n\t\t\t\t\t\t<\/span>\n\t\t<\/div>\n\t\t\t\t\t\t<\/div>\n\t\t\t\t<\/div>\n\t\t\t\t\t<\/div>\n\t\t<\/div>\n\t\t\t\t\t<\/div>\n\t\t<\/section>\n\t\t\t\t<section class=\"wd-negative-gap elementor-section elementor-top-section elementor-element elementor-element-45c73fe elementor-section-boxed elementor-section-height-default elementor-section-height-default\" data-id=\"45c73fe\" data-element_type=\"section\" data-e-type=\"section\">\n\t\t\t\t\t\t<div class=\"elementor-container elementor-column-gap-default\">\n\t\t\t\t\t<div class=\"elementor-column elementor-col-100 elementor-top-column elementor-element elementor-element-3e6eb03\" data-id=\"3e6eb03\" data-element_type=\"column\" data-e-type=\"column\">\n\t\t\t<div class=\"elementor-widget-wrap elementor-element-populated\">\n\t\t\t\t\t\t<div class=\"elementor-element elementor-element-108850d color-scheme-inherit text-left elementor-widget elementor-widget-text-editor\" data-id=\"108850d\" data-element_type=\"widget\" data-e-type=\"widget\" data-widget_type=\"text-editor.default\">\n\t\t\t\t<div class=\"elementor-widget-container\">\n\t\t\t\t\t\t\t\t\t<p style=\"text-align: center;\" class=\"translation-block\">Each amber jewelry product in <strong>SILVER AMBER<\/strong> online shop is made by our experienced masters, according to the old tradition of amber processing. Our company works only with Baltic amber material. Therefore, we guarantee the quality and the genuine nature of our amber products.\nEach product is accompanied by the quality certificate and short amber description in Lithuanian, English, German, Chinese, French and Russian.<\/p><p style=\"text-align: center;\">Prie kiekvieno i\u0161siun\u010diamo gaminio yra pridedamas kokyb\u0117s sertifikatas su trumpu apra\u0161ymu apie Baltijos gintar\u0105 lietuvi\u0173, angl\u0173, vokie\u010di\u0173, kin\u0173, pranc\u016bz\u0173 ir rus\u0173 kalbomis.<\/p>\t\t\t\t\t\t\t\t<\/div>\n\t\t\t\t<\/div>\n\t\t\t\t\t<\/div>\n\t\t<\/div>\n\t\t\t\t\t<\/div>\n\t\t<\/section>\n\t\t\t\t<section class=\"wd-negative-gap elementor-section elementor-top-section elementor-element elementor-element-d72d41f elementor-section-boxed elementor-section-height-default elementor-section-height-default\" data-id=\"d72d41f\" data-element_type=\"section\" data-e-type=\"section\">\n\t\t\t\t\t\t<div class=\"elementor-container elementor-column-gap-default\">\n\t\t\t\t\t<div class=\"elementor-column elementor-col-100 elementor-top-column elementor-element elementor-element-b3c77ee\" data-id=\"b3c77ee\" data-element_type=\"column\" data-e-type=\"column\">\n\t\t\t<div class=\"elementor-widget-wrap elementor-element-populated\">\n\t\t\t\t\t\t<div class=\"elementor-element elementor-element-5dd1087 wd-width-100 elementor-widget elementor-widget-wd_title\" data-id=\"5dd1087\" data-element_type=\"widget\" data-e-type=\"widget\" data-widget_type=\"wd_title.default\">\n\t\t\t\t<div class=\"elementor-widget-container\">\n\t\t\t\t\t\t\t<div class=\"title-wrapper wd-set-mb reset-last-child wd-title-color-default wd-title-style-default wd-title-size-default text-center\">\n\n\t\t\t\n\t\t\t<div class=\"liner-continer\">\n\t\t\t\t<h4 class=\"woodmart-title-container title wd-fontsize-l\">Amber quality certificate<\/h4> \n\t\t\t\t\t\t\t<\/div>\n\n\t\t\t\t\t<\/div>\n\t\t\t\t\t\t<\/div>\n\t\t\t\t<\/div>\n\t\t\t\t\t<\/div>\n\t\t<\/div>\n\t\t\t\t\t<\/div>\n\t\t<\/section>\n\t\t\t\t<section class=\"wd-negative-gap elementor-section elementor-top-section elementor-element elementor-element-8f9321c elementor-section-boxed elementor-section-height-default elementor-section-height-default\" data-id=\"8f9321c\" data-element_type=\"section\" data-e-type=\"section\">\n\t\t\t\t\t\t<div class=\"elementor-container elementor-column-gap-default\">\n\t\t\t\t\t<div class=\"elementor-column elementor-col-100 elementor-top-column elementor-element elementor-element-2a17dfc\" data-id=\"2a17dfc\" data-element_type=\"column\" data-e-type=\"column\">\n\t\t\t<div class=\"elementor-widget-wrap elementor-element-populated\">\n\t\t\t\t\t\t<div class=\"elementor-element elementor-element-539f43e elementor-widget elementor-widget-image\" data-id=\"539f43e\" data-element_type=\"widget\" data-e-type=\"widget\" data-widget_type=\"image.default\">\n\t\t\t\t<div class=\"elementor-widget-container\">\n\t\t\t\t\t\t\t\t\t\t\t\t\t\t\t\t<a href=\"http:\/\/amberwithsilver.com\/wp-content\/uploads\/2020\/12\/DS_2302-scaled.jpg\" data-elementor-open-lightbox=\"yes\" data-elementor-lightbox-title=\"DS_2302\" data-e-action-hash=\"#elementor-action%3Aaction%3Dlightbox%26settings%3DeyJpZCI6MTIzLCJ1cmwiOiJodHRwczpcL1wvYW1iZXJ3aXRoc2lsdmVyLmNvbVwvd3AtY29udGVudFwvdXBsb2Fkc1wvMjAyMFwvMTJcL0RTXzIzMDItc2NhbGVkLmpwZyJ9\">\n\t\t\t\t\t\t\t<img decoding=\"async\" src=\"https:\/\/amberwithsilver.com\/wp-content\/uploads\/2020\/12\/DS_2302-600x600.jpg\" title=\"DS_2302\" alt=\"DS_2302\" loading=\"lazy\" \/>\t\t\t\t\t\t\t\t<\/a>\n\t\t\t\t\t\t\t\t\t\t\t\t\t\t\t<\/div>\n\t\t\t\t<\/div>\n\t\t\t\t<div class=\"elementor-element elementor-element-01af61d wd-width-100 elementor-widget elementor-widget-wd_title\" data-id=\"01af61d\" data-element_type=\"widget\" data-e-type=\"widget\" data-widget_type=\"wd_title.default\">\n\t\t\t\t<div class=\"elementor-widget-container\">\n\t\t\t\t\t\t\t<div class=\"title-wrapper wd-set-mb reset-last-child wd-title-color-default wd-title-style-default wd-title-size-default text-center\">\n\n\t\t\t\n\t\t\t<div class=\"liner-continer\">\n\t\t\t\t<h4 class=\"woodmart-title-container title wd-fontsize-l\">Safety closure certificate<\/h4> \n\t\t\t\t\t\t\t<\/div>\n\n\t\t\t\t\t<\/div>\n\t\t\t\t\t\t<\/div>\n\t\t\t\t<\/div>\n\t\t\t\t\t<\/div>\n\t\t<\/div>\n\t\t\t\t\t<\/div>\n\t\t<\/section>\n\t\t\t\t<section class=\"wd-negative-gap elementor-section elementor-top-section elementor-element elementor-element-e12e464 elementor-section-boxed elementor-section-height-default elementor-section-height-default\" data-id=\"e12e464\" data-element_type=\"section\" data-e-type=\"section\">\n\t\t\t\t\t\t<div class=\"elementor-container elementor-column-gap-default\">\n\t\t\t\t\t<div class=\"elementor-column elementor-col-100 elementor-top-column elementor-element elementor-element-6473548\" data-id=\"6473548\" data-element_type=\"column\" data-e-type=\"column\">\n\t\t\t<div class=\"elementor-widget-wrap elementor-element-populated\">\n\t\t\t\t\t\t<div class=\"elementor-element elementor-element-af1c1ff elementor-widget elementor-widget-image\" data-id=\"af1c1ff\" data-element_type=\"widget\" data-e-type=\"widget\" data-widget_type=\"image.default\">\n\t\t\t\t<div class=\"elementor-widget-container\">\n\t\t\t\t\t\t\t\t\t\t\t\t\t\t\t\t<a href=\"http:\/\/amberwithsilver.com\/wp-content\/uploads\/2020\/12\/DS_2308-scaled.jpg\" data-elementor-open-lightbox=\"yes\" data-elementor-lightbox-title=\"DS_2308\" data-e-action-hash=\"#elementor-action%3Aaction%3Dlightbox%26settings%3DeyJpZCI6MTI3LCJ1cmwiOiJodHRwczpcL1wvYW1iZXJ3aXRoc2lsdmVyLmNvbVwvd3AtY29udGVudFwvdXBsb2Fkc1wvMjAyMFwvMTJcL0RTXzIzMDgtc2NhbGVkLmpwZyJ9\">\n\t\t\t\t\t\t\t<img loading=\"lazy\" decoding=\"async\" width=\"600\" height=\"850\" src=\"https:\/\/amberwithsilver.com\/wp-content\/uploads\/2020\/12\/DS_2308-scaled-600x850.jpg\" class=\"attachment-woocommerce_single size-woocommerce_single wp-image-127\" alt=\"\" srcset=\"https:\/\/amberwithsilver.com\/wp-content\/uploads\/2020\/12\/DS_2308-scaled-600x850.jpg 600w, https:\/\/amberwithsilver.com\/wp-content\/uploads\/2020\/12\/DS_2308-212x300.jpg 212w, https:\/\/amberwithsilver.com\/wp-content\/uploads\/2020\/12\/DS_2308-723x1024.jpg 723w, https:\/\/amberwithsilver.com\/wp-content\/uploads\/2020\/12\/DS_2308-768x1088.jpg 768w, https:\/\/amberwithsilver.com\/wp-content\/uploads\/2020\/12\/DS_2308-1084x1536.jpg 1084w, https:\/\/amberwithsilver.com\/wp-content\/uploads\/2020\/12\/DS_2308-1445x2048.jpg 1445w, https:\/\/amberwithsilver.com\/wp-content\/uploads\/2020\/12\/DS_2308-scaled.jpg 1807w\" sizes=\"auto, (max-width: 600px) 100vw, 600px\" \/>\t\t\t\t\t\t\t\t<\/a>\n\t\t\t\t\t\t\t\t\t\t\t\t\t\t\t<\/div>\n\t\t\t\t<\/div>\n\t\t\t\t<div class=\"elementor-element elementor-element-cc8ea74 wd-width-100 elementor-widget elementor-widget-wd_title\" data-id=\"cc8ea74\" data-element_type=\"widget\" data-e-type=\"widget\" data-widget_type=\"wd_title.default\">\n\t\t\t\t<div class=\"elementor-widget-container\">\n\t\t\t\t\t\t\t<div class=\"title-wrapper wd-set-mb reset-last-child wd-title-color-default wd-title-style-default wd-title-size-default text-center\">\n\n\t\t\t\n\t\t\t<div class=\"liner-continer\">\n\t\t\t\t<h4 class=\"woodmart-title-container title wd-fontsize-l\">Certificate of Authenticity<\/h4> \n\t\t\t\t\t\t\t<\/div>\n\n\t\t\t\t\t<\/div>\n\t\t\t\t\t\t<\/div>\n\t\t\t\t<\/div>\n\t\t\t\t\t<\/div>\n\t\t<\/div>\n\t\t\t\t\t<\/div>\n\t\t<\/section>\n\t\t\t\t<section class=\"wd-negative-gap elementor-section elementor-top-section elementor-element elementor-element-cb2c456 elementor-section-boxed elementor-section-height-default elementor-section-height-default\" data-id=\"cb2c456\" data-element_type=\"section\" data-e-type=\"section\">\n\t\t\t\t\t\t<div class=\"elementor-container elementor-column-gap-default\">\n\t\t\t\t\t<div class=\"elementor-column elementor-col-50 elementor-top-column elementor-element elementor-element-7212ca1\" data-id=\"7212ca1\" data-element_type=\"column\" data-e-type=\"column\">\n\t\t\t<div class=\"elementor-widget-wrap elementor-element-populated\">\n\t\t\t\t\t\t<div class=\"elementor-element elementor-element-7c847b1 elementor-widget elementor-widget-image\" data-id=\"7c847b1\" data-element_type=\"widget\" data-e-type=\"widget\" data-widget_type=\"image.default\">\n\t\t\t\t<div class=\"elementor-widget-container\">\n\t\t\t\t\t\t\t\t\t\t\t\t\t\t\t\t<a href=\"http:\/\/amberwithsilver.com\/wp-content\/uploads\/2020\/12\/C6398-scaled.jpg\" data-elementor-open-lightbox=\"yes\" data-elementor-lightbox-title=\"C6398\" data-e-action-hash=\"#elementor-action%3Aaction%3Dlightbox%26settings%3DeyJpZCI6MTI2LCJ1cmwiOiJodHRwczpcL1wvYW1iZXJ3aXRoc2lsdmVyLmNvbVwvd3AtY29udGVudFwvdXBsb2Fkc1wvMjAyMFwvMTJcL0M2Mzk4LXNjYWxlZC5qcGcifQ%3D%3D\">\n\t\t\t\t\t\t\t<img loading=\"lazy\" decoding=\"async\" width=\"600\" height=\"852\" src=\"https:\/\/amberwithsilver.com\/wp-content\/uploads\/2020\/12\/C6398-scaled-600x852.jpg\" class=\"attachment-woocommerce_single size-woocommerce_single wp-image-126\" alt=\"\" srcset=\"https:\/\/amberwithsilver.com\/wp-content\/uploads\/2020\/12\/C6398-scaled-600x852.jpg 600w, https:\/\/amberwithsilver.com\/wp-content\/uploads\/2020\/12\/C6398-211x300.jpg 211w, https:\/\/amberwithsilver.com\/wp-content\/uploads\/2020\/12\/C6398-721x1024.jpg 721w, https:\/\/amberwithsilver.com\/wp-content\/uploads\/2020\/12\/C6398-768x1091.jpg 768w, https:\/\/amberwithsilver.com\/wp-content\/uploads\/2020\/12\/C6398-1081x1536.jpg 1081w, https:\/\/amberwithsilver.com\/wp-content\/uploads\/2020\/12\/C6398-1441x2048.jpg 1441w, https:\/\/amberwithsilver.com\/wp-content\/uploads\/2020\/12\/C6398-scaled.jpg 1802w\" sizes=\"auto, (max-width: 600px) 100vw, 600px\" \/>\t\t\t\t\t\t\t\t<\/a>\n\t\t\t\t\t\t\t\t\t\t\t\t\t\t\t<\/div>\n\t\t\t\t<\/div>\n\t\t\t\t\t<\/div>\n\t\t<\/div>\n\t\t\t\t<div class=\"elementor-column elementor-col-50 elementor-top-column elementor-element elementor-element-82db117\" data-id=\"82db117\" data-element_type=\"column\" data-e-type=\"column\">\n\t\t\t<div class=\"elementor-widget-wrap elementor-element-populated\">\n\t\t\t\t\t\t<div class=\"elementor-element elementor-element-df511df elementor-widget elementor-widget-image\" data-id=\"df511df\" data-element_type=\"widget\" data-e-type=\"widget\" data-widget_type=\"image.default\">\n\t\t\t\t<div class=\"elementor-widget-container\">\n\t\t\t\t\t\t\t\t\t\t\t\t\t\t\t\t<a href=\"http:\/\/amberwithsilver.com\/wp-content\/uploads\/2020\/12\/C6399-scaled.jpg\" data-elementor-open-lightbox=\"yes\" data-elementor-lightbox-title=\"C6399\" data-e-action-hash=\"#elementor-action%3Aaction%3Dlightbox%26settings%3DeyJpZCI6MTI1LCJ1cmwiOiJodHRwczpcL1wvYW1iZXJ3aXRoc2lsdmVyLmNvbVwvd3AtY29udGVudFwvdXBsb2Fkc1wvMjAyMFwvMTJcL0M2Mzk5LXNjYWxlZC5qcGcifQ%3D%3D\">\n\t\t\t\t\t\t\t<img loading=\"lazy\" decoding=\"async\" width=\"600\" height=\"853\" src=\"https:\/\/amberwithsilver.com\/wp-content\/uploads\/2020\/12\/C6399-scaled-600x853.jpg\" class=\"attachment-woocommerce_single size-woocommerce_single wp-image-125\" alt=\"\" srcset=\"https:\/\/amberwithsilver.com\/wp-content\/uploads\/2020\/12\/C6399-scaled-600x853.jpg 600w, https:\/\/amberwithsilver.com\/wp-content\/uploads\/2020\/12\/C6399-211x300.jpg 211w, https:\/\/amberwithsilver.com\/wp-content\/uploads\/2020\/12\/C6399-720x1024.jpg 720w, https:\/\/amberwithsilver.com\/wp-content\/uploads\/2020\/12\/C6399-768x1092.jpg 768w, https:\/\/amberwithsilver.com\/wp-content\/uploads\/2020\/12\/C6399-1081x1536.jpg 1081w, https:\/\/amberwithsilver.com\/wp-content\/uploads\/2020\/12\/C6399-1441x2048.jpg 1441w, https:\/\/amberwithsilver.com\/wp-content\/uploads\/2020\/12\/C6399-scaled.jpg 1801w\" sizes=\"auto, (max-width: 600px) 100vw, 600px\" \/>\t\t\t\t\t\t\t\t<\/a>\n\t\t\t\t\t\t\t\t\t\t\t\t\t\t\t<\/div>\n\t\t\t\t<\/div>\n\t\t\t\t\t<\/div>\n\t\t<\/div>\n\t\t\t\t\t<\/div>\n\t\t<\/section>\n\t\t\t\t<\/div>","protected":false},"excerpt":{"rendered":"<p>Gintaro sertifikatai Kiekvienas gintaro juvelyrinis gaminys SILVER AMBER internetin\u0117je parduotuv\u0117je yra pagamintas patyrusi\u0173 meistr\u0173, naudojant senas gintaro apdirbimo tradicijas. M\u016bs\u0173<\/p>","protected":false},"author":1,"featured_media":0,"parent":0,"menu_order":0,"comment_status":"closed","ping_status":"closed","template":"","meta":{"footnotes":""},"class_list":["post-119","page","type-page","status-publish","hentry"],"yoast_head":"<!-- This site is optimized with the Yoast SEO Premium plugin v23.4 (Yoast SEO v27.4) - https:\/\/yoast.com\/product\/yoast-seo-premium-wordpress\/ -->\n<title>Gintaro sertifikatai - AmberWithSilver<\/title>\n<meta name=\"robots\" content=\"index, follow, max-snippet:-1, max-image-preview:large, max-video-preview:-1\" \/>\n<link rel=\"canonical\" href=\"https:\/\/amberwithsilver.com\/en\/gintaro-sertifikatai\/\" \/>\n<meta property=\"og:locale\" content=\"en_US\" \/>\n<meta property=\"og:type\" content=\"article\" \/>\n<meta property=\"og:title\" content=\"Gintaro sertifikatai\" \/>\n<meta property=\"og:description\" content=\"Gintaro sertifikatai Kiekvienas gintaro juvelyrinis gaminys SILVER AMBER internetin\u0117je parduotuv\u0117je yra pagamintas patyrusi\u0173 meistr\u0173, naudojant senas gintaro apdirbimo tradicijas. M\u016bs\u0173\" \/>\n<meta property=\"og:url\" content=\"https:\/\/amberwithsilver.com\/en\/gintaro-sertifikatai\/\" \/>\n<meta property=\"og:site_name\" content=\"AmberWithSilver\" \/>\n<meta property=\"article:modified_time\" content=\"2021-01-20T08:29:31+00:00\" \/>\n<meta property=\"og:image\" content=\"http:\/\/amberwithsilver.com\/wp-content\/uploads\/2020\/12\/DS_2302-600x600.jpg\" \/>\n<meta name=\"twitter:card\" content=\"summary_large_image\" \/>\n<script type=\"application\/ld+json\" class=\"yoast-schema-graph\">{\"@context\":\"https:\\\/\\\/schema.org\",\"@graph\":[{\"@type\":\"WebPage\",\"@id\":\"https:\\\/\\\/amberwithsilver.com\\\/gintaro-sertifikatai\\\/\",\"url\":\"https:\\\/\\\/amberwithsilver.com\\\/gintaro-sertifikatai\\\/\",\"name\":\"Gintaro sertifikatai - AmberWithSilver\",\"isPartOf\":{\"@id\":\"https:\\\/\\\/amberwithsilver.com\\\/en\\\/#website\"},\"primaryImageOfPage\":{\"@id\":\"https:\\\/\\\/amberwithsilver.com\\\/gintaro-sertifikatai\\\/#primaryimage\"},\"image\":{\"@id\":\"https:\\\/\\\/amberwithsilver.com\\\/gintaro-sertifikatai\\\/#primaryimage\"},\"thumbnailUrl\":\"http:\\\/\\\/amberwithsilver.com\\\/wp-content\\\/uploads\\\/2020\\\/12\\\/DS_2302-600x600.jpg\",\"datePublished\":\"2020-12-13T13:18:11+00:00\",\"dateModified\":\"2021-01-20T08:29:31+00:00\",\"breadcrumb\":{\"@id\":\"https:\\\/\\\/amberwithsilver.com\\\/gintaro-sertifikatai\\\/#breadcrumb\"},\"inLanguage\":\"en-US\",\"potentialAction\":[{\"@type\":\"ReadAction\",\"target\":[\"https:\\\/\\\/amberwithsilver.com\\\/gintaro-sertifikatai\\\/\"]}]},{\"@type\":\"ImageObject\",\"inLanguage\":\"en-US\",\"@id\":\"https:\\\/\\\/amberwithsilver.com\\\/gintaro-sertifikatai\\\/#primaryimage\",\"url\":\"http:\\\/\\\/amberwithsilver.com\\\/wp-content\\\/uploads\\\/2020\\\/12\\\/DS_2302-600x600.jpg\",\"contentUrl\":\"http:\\\/\\\/amberwithsilver.com\\\/wp-content\\\/uploads\\\/2020\\\/12\\\/DS_2302-600x600.jpg\"},{\"@type\":\"BreadcrumbList\",\"@id\":\"https:\\\/\\\/amberwithsilver.com\\\/gintaro-sertifikatai\\\/#breadcrumb\",\"itemListElement\":[{\"@type\":\"ListItem\",\"position\":1,\"name\":\"Home\",\"item\":\"https:\\\/\\\/amberwithsilver.com\\\/\"},{\"@type\":\"ListItem\",\"position\":2,\"name\":\"Gintaro sertifikatai\"}]},{\"@type\":\"WebSite\",\"@id\":\"https:\\\/\\\/amberwithsilver.com\\\/en\\\/#website\",\"url\":\"https:\\\/\\\/amberwithsilver.com\\\/en\\\/\",\"name\":\"AmberWithSilver\",\"description\":\"Amber-Silver\",\"publisher\":{\"@id\":\"https:\\\/\\\/amberwithsilver.com\\\/en\\\/#organization\"},\"potentialAction\":[{\"@type\":\"SearchAction\",\"target\":{\"@type\":\"EntryPoint\",\"urlTemplate\":\"https:\\\/\\\/amberwithsilver.com\\\/en\\\/?s={search_term_string}\"},\"query-input\":{\"@type\":\"PropertyValueSpecification\",\"valueRequired\":true,\"valueName\":\"search_term_string\"}}],\"inLanguage\":\"en-US\"},{\"@type\":\"Organization\",\"@id\":\"https:\\\/\\\/amberwithsilver.com\\\/en\\\/#organization\",\"name\":\"amberwithsilver\",\"url\":\"https:\\\/\\\/amberwithsilver.com\\\/en\\\/\",\"logo\":{\"@type\":\"ImageObject\",\"inLanguage\":\"en-US\",\"@id\":\"https:\\\/\\\/amberwithsilver.com\\\/en\\\/#\\\/schema\\\/logo\\\/image\\\/\",\"url\":\"https:\\\/\\\/i0.wp.com\\\/amberwithsilver.com\\\/wp-content\\\/uploads\\\/2020\\\/12\\\/logo.jpg?fit=232%2C116&ssl=1\",\"contentUrl\":\"https:\\\/\\\/i0.wp.com\\\/amberwithsilver.com\\\/wp-content\\\/uploads\\\/2020\\\/12\\\/logo.jpg?fit=232%2C116&ssl=1\",\"width\":232,\"height\":116,\"caption\":\"amberwithsilver\"},\"image\":{\"@id\":\"https:\\\/\\\/amberwithsilver.com\\\/en\\\/#\\\/schema\\\/logo\\\/image\\\/\"}}]}<\/script>\n<!-- \/ Yoast SEO Premium plugin. -->","yoast_head_json":{"title":"Gintaro sertifikatai - AmberWithSilver","robots":{"index":"index","follow":"follow","max-snippet":"max-snippet:-1","max-image-preview":"max-image-preview:large","max-video-preview":"max-video-preview:-1"},"canonical":"https:\/\/amberwithsilver.com\/en\/gintaro-sertifikatai\/","og_locale":"en_US","og_type":"article","og_title":"Gintaro sertifikatai","og_description":"Gintaro sertifikatai Kiekvienas gintaro juvelyrinis gaminys SILVER AMBER internetin\u0117je parduotuv\u0117je yra pagamintas patyrusi\u0173 meistr\u0173, naudojant senas gintaro apdirbimo tradicijas. M\u016bs\u0173","og_url":"https:\/\/amberwithsilver.com\/en\/gintaro-sertifikatai\/","og_site_name":"AmberWithSilver","article_modified_time":"2021-01-20T08:29:31+00:00","og_image":[{"url":"http:\/\/amberwithsilver.com\/wp-content\/uploads\/2020\/12\/DS_2302-600x600.jpg","type":"","width":"","height":""}],"twitter_card":"summary_large_image","schema":{"@context":"https:\/\/schema.org","@graph":[{"@type":"WebPage","@id":"https:\/\/amberwithsilver.com\/gintaro-sertifikatai\/","url":"https:\/\/amberwithsilver.com\/gintaro-sertifikatai\/","name":"Gintaro sertifikatai - AmberWithSilver","isPartOf":{"@id":"https:\/\/amberwithsilver.com\/en\/#website"},"primaryImageOfPage":{"@id":"https:\/\/amberwithsilver.com\/gintaro-sertifikatai\/#primaryimage"},"image":{"@id":"https:\/\/amberwithsilver.com\/gintaro-sertifikatai\/#primaryimage"},"thumbnailUrl":"http:\/\/amberwithsilver.com\/wp-content\/uploads\/2020\/12\/DS_2302-600x600.jpg","datePublished":"2020-12-13T13:18:11+00:00","dateModified":"2021-01-20T08:29:31+00:00","breadcrumb":{"@id":"https:\/\/amberwithsilver.com\/gintaro-sertifikatai\/#breadcrumb"},"inLanguage":"en-US","potentialAction":[{"@type":"ReadAction","target":["https:\/\/amberwithsilver.com\/gintaro-sertifikatai\/"]}]},{"@type":"ImageObject","inLanguage":"en-US","@id":"https:\/\/amberwithsilver.com\/gintaro-sertifikatai\/#primaryimage","url":"http:\/\/amberwithsilver.com\/wp-content\/uploads\/2020\/12\/DS_2302-600x600.jpg","contentUrl":"http:\/\/amberwithsilver.com\/wp-content\/uploads\/2020\/12\/DS_2302-600x600.jpg"},{"@type":"BreadcrumbList","@id":"https:\/\/amberwithsilver.com\/gintaro-sertifikatai\/#breadcrumb","itemListElement":[{"@type":"ListItem","position":1,"name":"Home","item":"https:\/\/amberwithsilver.com\/"},{"@type":"ListItem","position":2,"name":"Gintaro sertifikatai"}]},{"@type":"WebSite","@id":"https:\/\/amberwithsilver.com\/en\/#website","url":"https:\/\/amberwithsilver.com\/en\/","name":"AmberWithSilver","description":"Amber-Silver","publisher":{"@id":"https:\/\/amberwithsilver.com\/en\/#organization"},"potentialAction":[{"@type":"SearchAction","target":{"@type":"EntryPoint","urlTemplate":"https:\/\/amberwithsilver.com\/en\/?s={search_term_string}"},"query-input":{"@type":"PropertyValueSpecification","valueRequired":true,"valueName":"search_term_string"}}],"inLanguage":"en-US"},{"@type":"Organization","@id":"https:\/\/amberwithsilver.com\/en\/#organization","name":"amberwithsilver","url":"https:\/\/amberwithsilver.com\/en\/","logo":{"@type":"ImageObject","inLanguage":"en-US","@id":"https:\/\/amberwithsilver.com\/en\/#\/schema\/logo\/image\/","url":"https:\/\/i0.wp.com\/amberwithsilver.com\/wp-content\/uploads\/2020\/12\/logo.jpg?fit=232%2C116&ssl=1","contentUrl":"https:\/\/i0.wp.com\/amberwithsilver.com\/wp-content\/uploads\/2020\/12\/logo.jpg?fit=232%2C116&ssl=1","width":232,"height":116,"caption":"amberwithsilver"},"image":{"@id":"https:\/\/amberwithsilver.com\/en\/#\/schema\/logo\/image\/"}}]}},"jetpack_sharing_enabled":true,"_links":{"self":[{"href":"https:\/\/amberwithsilver.com\/en\/wp-json\/wp\/v2\/pages\/119","targetHints":{"allow":["GET"]}}],"collection":[{"href":"https:\/\/amberwithsilver.com\/en\/wp-json\/wp\/v2\/pages"}],"about":[{"href":"https:\/\/amberwithsilver.com\/en\/wp-json\/wp\/v2\/types\/page"}],"author":[{"embeddable":true,"href":"https:\/\/amberwithsilver.com\/en\/wp-json\/wp\/v2\/users\/1"}],"replies":[{"embeddable":true,"href":"https:\/\/amberwithsilver.com\/en\/wp-json\/wp\/v2\/comments?post=119"}],"version-history":[{"count":0,"href":"https:\/\/amberwithsilver.com\/en\/wp-json\/wp\/v2\/pages\/119\/revisions"}],"wp:attachment":[{"href":"https:\/\/amberwithsilver.com\/en\/wp-json\/wp\/v2\/media?parent=119"}],"curies":[{"name":"wp","href":"https:\/\/api.w.org\/{rel}","templated":true}]}}