{"id":30,"date":"2020-12-11T21:33:13","date_gmt":"2020-12-11T21:33:13","guid":{"rendered":"http:\/\/amberwithsilver.com\/?page_id=30"},"modified":"2021-03-18T11:55:07","modified_gmt":"2021-03-18T09:55:07","slug":"gintaro-kurybines-dirbtuves","status":"publish","type":"page","link":"https:\/\/amberwithsilver.com\/en\/gintaro-kurybines-dirbtuves\/","title":{"rendered":"Amber manufactory"},"content":{"rendered":"<h1 style=\"text-align: center;\">Amber manufactory<\/h1>\n<hr \/>\n<p>We invite you to visit creative workshops in Kaunas Old Town (Vilnius St. 40). Here you will be able to develop the impressive products of the highest quality and discover the charm that reveals the natural Baltic amber jewelry. \nThe jewelry are made by experienced craftsmen in order to preserve the old traditions and qualities of amber processing.<\/p>\n<h5>Our services:<\/h5>\n<p>\u2022Purchase of amber jewelry, souvenirs and raw materials:<\/p>\n<p>\u2022Purchase of amber products or raw materials;<\/p>\n<p>\u2022Individual orders;<\/p>\n<p>\u2022The consultations.<\/p>\n<h5>If you have the additional questions, please contact us:<\/h5>\n<p>Phone: +370 612 79900<\/p>\n<p>+370 638 66688<\/p>\n<p>Email: baltijosgintaras@gmail.com<\/p>\n<p>info@silver-amber.com<\/p>\n<p>Please arrange the arrival time by phone or e-mail in advance mail.<\/p>","protected":false},"excerpt":{"rendered":"<p>Gintaro k\u016brybin\u0117s dirbtuv\u0117s Kvie\u010diame aplankyti k\u016brybines SILVER AMBER dirbtuves Kauno senamiestyje (Vilniaus g. 40). \u010cia gal\u0117site i\u0161vysti \u012fsp\u016bdingus auk\u0161\u010diausios kokyb\u0117s<\/p>","protected":false},"author":1,"featured_media":0,"parent":0,"menu_order":0,"comment_status":"closed","ping_status":"closed","template":"","meta":{"footnotes":""},"class_list":["post-30","page","type-page","status-publish","hentry"],"yoast_head":"<!-- This site is optimized with the Yoast SEO Premium plugin v23.4 (Yoast SEO v26.8) - https:\/\/yoast.com\/product\/yoast-seo-premium-wordpress\/ -->\n<title>Gintaro k\u016brybin\u0117s dirbtuv\u0117s - AmberWithSilver<\/title>\n<meta name=\"robots\" content=\"index, follow, max-snippet:-1, max-image-preview:large, max-video-preview:-1\" \/>\n<link rel=\"canonical\" href=\"https:\/\/amberwithsilver.com\/en\/gintaro-kurybines-dirbtuves\/\" \/>\n<meta property=\"og:locale\" content=\"en_US\" \/>\n<meta property=\"og:type\" content=\"article\" \/>\n<meta property=\"og:title\" content=\"Gintaro k\u016brybin\u0117s dirbtuv\u0117s\" \/>\n<meta property=\"og:description\" content=\"Gintaro k\u016brybin\u0117s dirbtuv\u0117s Kvie\u010diame aplankyti k\u016brybines SILVER AMBER dirbtuves Kauno senamiestyje (Vilniaus g. 40). \u010cia gal\u0117site i\u0161vysti \u012fsp\u016bdingus auk\u0161\u010diausios kokyb\u0117s\" \/>\n<meta property=\"og:url\" content=\"https:\/\/amberwithsilver.com\/en\/gintaro-kurybines-dirbtuves\/\" \/>\n<meta property=\"og:site_name\" content=\"AmberWithSilver\" \/>\n<meta property=\"article:modified_time\" content=\"2021-03-18T09:55:07+00:00\" \/>\n<meta name=\"twitter:card\" content=\"summary_large_image\" \/>\n<meta name=\"twitter:label1\" content=\"Est. reading time\" \/>\n\t<meta name=\"twitter:data1\" content=\"1 minute\" \/>\n<script type=\"application\/ld+json\" class=\"yoast-schema-graph\">{\"@context\":\"https:\/\/schema.org\",\"@graph\":[{\"@type\":\"WebPage\",\"@id\":\"https:\/\/amberwithsilver.com\/gintaro-kurybines-dirbtuves\/\",\"url\":\"https:\/\/amberwithsilver.com\/gintaro-kurybines-dirbtuves\/\",\"name\":\"Gintaro k\u016brybin\u0117s dirbtuv\u0117s - AmberWithSilver\",\"isPartOf\":{\"@id\":\"https:\/\/amberwithsilver.com\/en\/#website\"},\"datePublished\":\"2020-12-11T21:33:13+00:00\",\"dateModified\":\"2021-03-18T09:55:07+00:00\",\"breadcrumb\":{\"@id\":\"https:\/\/amberwithsilver.com\/gintaro-kurybines-dirbtuves\/#breadcrumb\"},\"inLanguage\":\"en-US\",\"potentialAction\":[{\"@type\":\"ReadAction\",\"target\":[\"https:\/\/amberwithsilver.com\/gintaro-kurybines-dirbtuves\/\"]}]},{\"@type\":\"BreadcrumbList\",\"@id\":\"https:\/\/amberwithsilver.com\/gintaro-kurybines-dirbtuves\/#breadcrumb\",\"itemListElement\":[{\"@type\":\"ListItem\",\"position\":1,\"name\":\"Home\",\"item\":\"https:\/\/amberwithsilver.com\/\"},{\"@type\":\"ListItem\",\"position\":2,\"name\":\"Gintaro k\u016brybin\u0117s dirbtuv\u0117s\"}]},{\"@type\":\"WebSite\",\"@id\":\"https:\/\/amberwithsilver.com\/en\/#website\",\"url\":\"https:\/\/amberwithsilver.com\/en\/\",\"name\":\"AmberWithSilver\",\"description\":\"Amber-Silver\",\"publisher\":{\"@id\":\"https:\/\/amberwithsilver.com\/en\/#organization\"},\"potentialAction\":[{\"@type\":\"SearchAction\",\"target\":{\"@type\":\"EntryPoint\",\"urlTemplate\":\"https:\/\/amberwithsilver.com\/en\/?s={search_term_string}\"},\"query-input\":{\"@type\":\"PropertyValueSpecification\",\"valueRequired\":true,\"valueName\":\"search_term_string\"}}],\"inLanguage\":\"en-US\"},{\"@type\":\"Organization\",\"@id\":\"https:\/\/amberwithsilver.com\/en\/#organization\",\"name\":\"amberwithsilver\",\"url\":\"https:\/\/amberwithsilver.com\/en\/\",\"logo\":{\"@type\":\"ImageObject\",\"inLanguage\":\"en-US\",\"@id\":\"https:\/\/amberwithsilver.com\/en\/#\/schema\/logo\/image\/\",\"url\":\"https:\/\/i0.wp.com\/amberwithsilver.com\/wp-content\/uploads\/2020\/12\/logo.jpg?fit=232%2C116&ssl=1\",\"contentUrl\":\"https:\/\/i0.wp.com\/amberwithsilver.com\/wp-content\/uploads\/2020\/12\/logo.jpg?fit=232%2C116&ssl=1\",\"width\":232,\"height\":116,\"caption\":\"amberwithsilver\"},\"image\":{\"@id\":\"https:\/\/amberwithsilver.com\/en\/#\/schema\/logo\/image\/\"}}]}<\/script>\n<!-- \/ Yoast SEO Premium plugin. -->","yoast_head_json":{"title":"Gintaro k\u016brybin\u0117s dirbtuv\u0117s - AmberWithSilver","robots":{"index":"index","follow":"follow","max-snippet":"max-snippet:-1","max-image-preview":"max-image-preview:large","max-video-preview":"max-video-preview:-1"},"canonical":"https:\/\/amberwithsilver.com\/en\/gintaro-kurybines-dirbtuves\/","og_locale":"en_US","og_type":"article","og_title":"Gintaro k\u016brybin\u0117s dirbtuv\u0117s","og_description":"Gintaro k\u016brybin\u0117s dirbtuv\u0117s Kvie\u010diame aplankyti k\u016brybines SILVER AMBER dirbtuves Kauno senamiestyje (Vilniaus g. 40). \u010cia gal\u0117site i\u0161vysti \u012fsp\u016bdingus auk\u0161\u010diausios kokyb\u0117s","og_url":"https:\/\/amberwithsilver.com\/en\/gintaro-kurybines-dirbtuves\/","og_site_name":"AmberWithSilver","article_modified_time":"2021-03-18T09:55:07+00:00","twitter_card":"summary_large_image","twitter_misc":{"Est. reading time":"1 minute"},"schema":{"@context":"https:\/\/schema.org","@graph":[{"@type":"WebPage","@id":"https:\/\/amberwithsilver.com\/gintaro-kurybines-dirbtuves\/","url":"https:\/\/amberwithsilver.com\/gintaro-kurybines-dirbtuves\/","name":"Gintaro k\u016brybin\u0117s dirbtuv\u0117s - AmberWithSilver","isPartOf":{"@id":"https:\/\/amberwithsilver.com\/en\/#website"},"datePublished":"2020-12-11T21:33:13+00:00","dateModified":"2021-03-18T09:55:07+00:00","breadcrumb":{"@id":"https:\/\/amberwithsilver.com\/gintaro-kurybines-dirbtuves\/#breadcrumb"},"inLanguage":"en-US","potentialAction":[{"@type":"ReadAction","target":["https:\/\/amberwithsilver.com\/gintaro-kurybines-dirbtuves\/"]}]},{"@type":"BreadcrumbList","@id":"https:\/\/amberwithsilver.com\/gintaro-kurybines-dirbtuves\/#breadcrumb","itemListElement":[{"@type":"ListItem","position":1,"name":"Home","item":"https:\/\/amberwithsilver.com\/"},{"@type":"ListItem","position":2,"name":"Gintaro k\u016brybin\u0117s dirbtuv\u0117s"}]},{"@type":"WebSite","@id":"https:\/\/amberwithsilver.com\/en\/#website","url":"https:\/\/amberwithsilver.com\/en\/","name":"AmberWithSilver","description":"Amber-Silver","publisher":{"@id":"https:\/\/amberwithsilver.com\/en\/#organization"},"potentialAction":[{"@type":"SearchAction","target":{"@type":"EntryPoint","urlTemplate":"https:\/\/amberwithsilver.com\/en\/?s={search_term_string}"},"query-input":{"@type":"PropertyValueSpecification","valueRequired":true,"valueName":"search_term_string"}}],"inLanguage":"en-US"},{"@type":"Organization","@id":"https:\/\/amberwithsilver.com\/en\/#organization","name":"amberwithsilver","url":"https:\/\/amberwithsilver.com\/en\/","logo":{"@type":"ImageObject","inLanguage":"en-US","@id":"https:\/\/amberwithsilver.com\/en\/#\/schema\/logo\/image\/","url":"https:\/\/i0.wp.com\/amberwithsilver.com\/wp-content\/uploads\/2020\/12\/logo.jpg?fit=232%2C116&ssl=1","contentUrl":"https:\/\/i0.wp.com\/amberwithsilver.com\/wp-content\/uploads\/2020\/12\/logo.jpg?fit=232%2C116&ssl=1","width":232,"height":116,"caption":"amberwithsilver"},"image":{"@id":"https:\/\/amberwithsilver.com\/en\/#\/schema\/logo\/image\/"}}]}},"jetpack_sharing_enabled":true,"_links":{"self":[{"href":"https:\/\/amberwithsilver.com\/en\/wp-json\/wp\/v2\/pages\/30","targetHints":{"allow":["GET"]}}],"collection":[{"href":"https:\/\/amberwithsilver.com\/en\/wp-json\/wp\/v2\/pages"}],"about":[{"href":"https:\/\/amberwithsilver.com\/en\/wp-json\/wp\/v2\/types\/page"}],"author":[{"embeddable":true,"href":"https:\/\/amberwithsilver.com\/en\/wp-json\/wp\/v2\/users\/1"}],"replies":[{"embeddable":true,"href":"https:\/\/amberwithsilver.com\/en\/wp-json\/wp\/v2\/comments?post=30"}],"version-history":[{"count":0,"href":"https:\/\/amberwithsilver.com\/en\/wp-json\/wp\/v2\/pages\/30\/revisions"}],"wp:attachment":[{"href":"https:\/\/amberwithsilver.com\/en\/wp-json\/wp\/v2\/media?parent=30"}],"curies":[{"name":"wp","href":"https:\/\/api.w.org\/{rel}","templated":true}]}}