{"id":34,"date":"2020-12-11T21:33:31","date_gmt":"2020-12-11T21:33:31","guid":{"rendered":"http:\/\/amberwithsilver.com\/?page_id=34"},"modified":"2021-04-13T07:34:54","modified_gmt":"2021-04-13T05:34:54","slug":"apie-mus","status":"publish","type":"page","link":"https:\/\/amberwithsilver.com\/en\/apie-mus\/","title":{"rendered":"About us"},"content":{"rendered":"<div data-elementor-type=\"wp-page\" data-elementor-id=\"34\" class=\"elementor elementor-34\">\n\t\t\t\t\t\t<section class=\"wd-negative-gap elementor-section elementor-top-section elementor-element elementor-element-70834293 elementor-section-boxed elementor-section-height-default elementor-section-height-default\" data-id=\"70834293\" data-element_type=\"section\" data-e-type=\"section\">\n\t\t\t\t\t\t<div class=\"elementor-container elementor-column-gap-default\">\n\t\t\t\t\t<div class=\"elementor-column elementor-col-100 elementor-top-column elementor-element elementor-element-5ed34f5a\" data-id=\"5ed34f5a\" data-element_type=\"column\" data-e-type=\"column\">\n\t\t\t<div class=\"elementor-widget-wrap elementor-element-populated\">\n\t\t\t\t\t\t\t<\/div>\n\t\t<\/div>\n\t\t\t\t\t<\/div>\n\t\t<\/section>\n\t\t\t\t<section class=\"wd-negative-gap elementor-section elementor-top-section elementor-element elementor-element-4b94060 elementor-section-boxed elementor-section-height-default elementor-section-height-default\" data-id=\"4b94060\" data-element_type=\"section\" data-e-type=\"section\" data-no-translation=\"\">\n\t\t\t\t\t\t<div class=\"elementor-container elementor-column-gap-default\">\n\t\t\t\t\t<div class=\"elementor-column elementor-col-100 elementor-top-column elementor-element elementor-element-2353036\" data-id=\"2353036\" data-element_type=\"column\" data-e-type=\"column\">\n\t\t\t<div class=\"elementor-widget-wrap elementor-element-populated\">\n\t\t\t\t\t\t<div class=\"elementor-element elementor-element-8ffb95c wd-width-100 elementor-widget elementor-widget-wd_title\" data-id=\"8ffb95c\" data-element_type=\"widget\" data-e-type=\"widget\" data-widget_type=\"wd_title.default\">\n\t\t\t\t<div class=\"elementor-widget-container\">\n\t\t\t\t\t\t\t<div class=\"title-wrapper wd-set-mb reset-last-child wd-title-color-default wd-title-style-simple wd-title-size-default text-center\">\n\n\t\t\t\n\t\t\t<div class=\"liner-continer\">\n\t\t\t\t<h1 class=\"woodmart-title-container title wd-fontsize-l\">About us\u200b<\/h1> \n\t\t\t\t\t\t\t<\/div>\n\n\t\t\t\t\t<\/div>\n\t\t\t\t\t\t<\/div>\n\t\t\t\t<\/div>\n\t\t\t\t<div class=\"elementor-element elementor-element-e7afac9 color-scheme-inherit text-left elementor-widget elementor-widget-text-editor\" data-id=\"e7afac9\" data-element_type=\"widget\" data-e-type=\"widget\" data-widget_type=\"text-editor.default\">\n\t\t\t\t<div class=\"elementor-widget-container\">\n\t\t\t\t\t\t\t\t\t<p>SILVER AMBER is a family business developed since 1991. Our main activity is the processing of Baltic amber and the production of jewelry.<\/p><p><strong>Passion for amber is encoded in our genes<\/strong><\/p><p>The history of the company began with an unexpectedly born passion for amber. Its founder Gintaras Jonas \u017dukauskas, who became more interested in amber, soon plunged his head into this magical world. After all, amber is a natural product of nature that captures the past, history and even life of our planet. In addition, amber is a national value of Lithuania, which we have respected for thousands of years.<br \/>For us, creating jewelry is not just a craft &#8211; it is a family tradition that travels from generation to generation.<\/p><p><strong>We work only with Baltic amber<\/strong><\/p><p>We assure our customers that each of our products is made only from high-quality natural Baltic amber, which is considered the most valuable in the world. However, in order to turn an amber raw material into a beautiful article, it is necessary not only to love it, but also to have a thorough knowledge of the processing technologies of this material.<br \/>Each of our products is made by experienced and well-trained craftsmen. In this way, we aim to preserve the old traditions of amber processing. At the same time, however, we are a modern company that adapts to today&#8217;s trends and takes into account the wishes of customers. As a result, we are constantly following global trends and implementing modern technologies. In this way, respect for tradition and modernity are harmoniously combined in our workshops.<\/p><p><strong>We belong to the community of professional craftsmen<\/strong><\/p><p>After starting working with amber, the founder of the company discovered a vein of creativity, which helped him to create a number of production technologies that brought success and helped him enter the world of recognized craftsmen. Gintaras Jonas \u017dukauskas is a member of the Lithuanian Folk Artists&#8217; Union. This status of an artist is an opportunity to create and nurture professional art, which we highly value and respect.<br \/>Gintaras \u017dukauskas also belongs to the International Amber Association (IAA). It is a special organization uniting 345 members from thirty states. Being a member of it is not only an honor, but also a privilege: it brings together an international community of artists, uniting jewelers, designers, gallerists, collectors, scientists and researchers.<\/p><p><strong>Our range includes a wide selection of exclusive products<\/strong><\/p><p>Style, elegance and quality are the main criteria for us when creating timeless jewelry. SILVER AMBER offers a wide selection of amber products: from jewelry to souvenirs. This way, each buyer can decide for himself which form of amber is most close to his heart. The assortment includes natural Baltic amber necklaces, bracelets, earrings, rings, pendants, souvenirs, roses. Popular amber products with silver and various combinations with other semi-precious stones such as turquoise, lazurite, coral, sea pearls, etc. If you want to make your own unique product, then you can buy individual amber beads of different sizes and shapes. We also sell amber raw material, pieces, natural amber with inclusions inside.<br \/>Another feature that makes amber so charming is its wide color palette. In our range you can find products in the following colors: lemon, honey, cognac, dark cognac, cherry, yellow, white, aged, landscape, brown, green, black.<\/p><p><strong>We produce individual products according to orders<\/strong><\/p><p>If you do not find a product you like, we can create it according to your wishes. Also, people often want to immortalize some significant person, occasion, or event that would be reflected in a particular piece of jewelry or souvenir. Feel free to contact us and our team of designers and craftsmen will create a unique product for you.<\/p><p><strong>Amber products travel all over the world<\/strong><\/p><p>Most of our amber products and souvenirs travel to various parts of the world. We can ship the products to any country. We have concluded long-term cooperation agreements with such companies as UPS, DHL, DPD, Lithuania Post, which ensure reliable, safe and fast delivery of purchases.<br \/>With many years of experience and a solid knowledge of amber processing, we not only strive to maintain export volumes in existing markets, but are constantly looking for new directions of development. We are happy to share our knowledge, experience and present the services and products provided by our company at international exhibitions in Lithuania, Germany, Poland and France:<\/p><p>\u2022 AMBER TRIP &#8211; International Baltic Jewelry Exhibition (Vilnius, Lithuania);<br \/>\u2022 AMBERIF &#8211; International Exhibition of Amber, Jewelery and Precious Stones (Gdansk, Poland);<br \/>\u2022 MINERALS &amp; PRECIOUS STONES &#8211; International Exhibition (Sainte-Marie-aux-Mines, France);<br \/>\u2022 AMBERMART &#8211; International Amber Exhibition (Gdansk, Poland).<\/p>\t\t\t\t\t\t\t\t<\/div>\n\t\t\t\t<\/div>\n\t\t\t\t\t<\/div>\n\t\t<\/div>\n\t\t\t\t\t<\/div>\n\t\t<\/section>\n\t\t\t\t<\/div>","protected":false},"excerpt":{"rendered":"<p>Apie mus SILVER AMBER yra \u0161eimos verslas, vystomas nuo 1991 met\u0173. Pagrindin\u0117 m\u016bs\u0173 veikla &#8211; Baltijos gintaro apdirbimas ir juvelyrini\u0173<\/p>","protected":false},"author":1,"featured_media":0,"parent":0,"menu_order":0,"comment_status":"closed","ping_status":"closed","template":"","meta":{"footnotes":""},"class_list":["post-34","page","type-page","status-publish","hentry"],"yoast_head":"<!-- This site is optimized with the Yoast SEO Premium plugin v23.4 (Yoast SEO v27.4) - https:\/\/yoast.com\/product\/yoast-seo-premium-wordpress\/ -->\n<title>Apie mus - AmberWithSilver<\/title>\n<meta name=\"robots\" content=\"index, follow, max-snippet:-1, max-image-preview:large, max-video-preview:-1\" \/>\n<link rel=\"canonical\" href=\"https:\/\/amberwithsilver.com\/en\/apie-mus\/\" \/>\n<meta property=\"og:locale\" content=\"en_US\" \/>\n<meta property=\"og:type\" content=\"article\" \/>\n<meta property=\"og:title\" content=\"Apie mus\" \/>\n<meta property=\"og:description\" content=\"Apie mus SILVER AMBER yra \u0161eimos verslas, vystomas nuo 1991 met\u0173. Pagrindin\u0117 m\u016bs\u0173 veikla &#8211; Baltijos gintaro apdirbimas ir juvelyrini\u0173\" \/>\n<meta property=\"og:url\" content=\"https:\/\/amberwithsilver.com\/en\/apie-mus\/\" \/>\n<meta property=\"og:site_name\" content=\"AmberWithSilver\" \/>\n<meta property=\"article:modified_time\" content=\"2021-04-13T05:34:54+00:00\" \/>\n<meta name=\"twitter:card\" content=\"summary_large_image\" \/>\n<meta name=\"twitter:label1\" content=\"Est. reading time\" \/>\n\t<meta name=\"twitter:data1\" content=\"7 minutes\" \/>\n<script type=\"application\/ld+json\" class=\"yoast-schema-graph\">{\"@context\":\"https:\\\/\\\/schema.org\",\"@graph\":[{\"@type\":\"WebPage\",\"@id\":\"https:\\\/\\\/amberwithsilver.com\\\/apie-mus\\\/\",\"url\":\"https:\\\/\\\/amberwithsilver.com\\\/apie-mus\\\/\",\"name\":\"Apie mus - AmberWithSilver\",\"isPartOf\":{\"@id\":\"https:\\\/\\\/amberwithsilver.com\\\/en\\\/#website\"},\"datePublished\":\"2020-12-11T21:33:31+00:00\",\"dateModified\":\"2021-04-13T05:34:54+00:00\",\"breadcrumb\":{\"@id\":\"https:\\\/\\\/amberwithsilver.com\\\/apie-mus\\\/#breadcrumb\"},\"inLanguage\":\"en-US\",\"potentialAction\":[{\"@type\":\"ReadAction\",\"target\":[\"https:\\\/\\\/amberwithsilver.com\\\/apie-mus\\\/\"]}]},{\"@type\":\"BreadcrumbList\",\"@id\":\"https:\\\/\\\/amberwithsilver.com\\\/apie-mus\\\/#breadcrumb\",\"itemListElement\":[{\"@type\":\"ListItem\",\"position\":1,\"name\":\"Home\",\"item\":\"https:\\\/\\\/amberwithsilver.com\\\/\"},{\"@type\":\"ListItem\",\"position\":2,\"name\":\"Apie mus\"}]},{\"@type\":\"WebSite\",\"@id\":\"https:\\\/\\\/amberwithsilver.com\\\/en\\\/#website\",\"url\":\"https:\\\/\\\/amberwithsilver.com\\\/en\\\/\",\"name\":\"AmberWithSilver\",\"description\":\"Amber-Silver\",\"publisher\":{\"@id\":\"https:\\\/\\\/amberwithsilver.com\\\/en\\\/#organization\"},\"potentialAction\":[{\"@type\":\"SearchAction\",\"target\":{\"@type\":\"EntryPoint\",\"urlTemplate\":\"https:\\\/\\\/amberwithsilver.com\\\/en\\\/?s={search_term_string}\"},\"query-input\":{\"@type\":\"PropertyValueSpecification\",\"valueRequired\":true,\"valueName\":\"search_term_string\"}}],\"inLanguage\":\"en-US\"},{\"@type\":\"Organization\",\"@id\":\"https:\\\/\\\/amberwithsilver.com\\\/en\\\/#organization\",\"name\":\"amberwithsilver\",\"url\":\"https:\\\/\\\/amberwithsilver.com\\\/en\\\/\",\"logo\":{\"@type\":\"ImageObject\",\"inLanguage\":\"en-US\",\"@id\":\"https:\\\/\\\/amberwithsilver.com\\\/en\\\/#\\\/schema\\\/logo\\\/image\\\/\",\"url\":\"https:\\\/\\\/i0.wp.com\\\/amberwithsilver.com\\\/wp-content\\\/uploads\\\/2020\\\/12\\\/logo.jpg?fit=232%2C116&ssl=1\",\"contentUrl\":\"https:\\\/\\\/i0.wp.com\\\/amberwithsilver.com\\\/wp-content\\\/uploads\\\/2020\\\/12\\\/logo.jpg?fit=232%2C116&ssl=1\",\"width\":232,\"height\":116,\"caption\":\"amberwithsilver\"},\"image\":{\"@id\":\"https:\\\/\\\/amberwithsilver.com\\\/en\\\/#\\\/schema\\\/logo\\\/image\\\/\"}}]}<\/script>\n<!-- \/ Yoast SEO Premium plugin. -->","yoast_head_json":{"title":"Apie mus - AmberWithSilver","robots":{"index":"index","follow":"follow","max-snippet":"max-snippet:-1","max-image-preview":"max-image-preview:large","max-video-preview":"max-video-preview:-1"},"canonical":"https:\/\/amberwithsilver.com\/en\/apie-mus\/","og_locale":"en_US","og_type":"article","og_title":"Apie mus","og_description":"Apie mus SILVER AMBER yra \u0161eimos verslas, vystomas nuo 1991 met\u0173. Pagrindin\u0117 m\u016bs\u0173 veikla &#8211; Baltijos gintaro apdirbimas ir juvelyrini\u0173","og_url":"https:\/\/amberwithsilver.com\/en\/apie-mus\/","og_site_name":"AmberWithSilver","article_modified_time":"2021-04-13T05:34:54+00:00","twitter_card":"summary_large_image","twitter_misc":{"Est. reading time":"7 minutes"},"schema":{"@context":"https:\/\/schema.org","@graph":[{"@type":"WebPage","@id":"https:\/\/amberwithsilver.com\/apie-mus\/","url":"https:\/\/amberwithsilver.com\/apie-mus\/","name":"Apie mus - AmberWithSilver","isPartOf":{"@id":"https:\/\/amberwithsilver.com\/en\/#website"},"datePublished":"2020-12-11T21:33:31+00:00","dateModified":"2021-04-13T05:34:54+00:00","breadcrumb":{"@id":"https:\/\/amberwithsilver.com\/apie-mus\/#breadcrumb"},"inLanguage":"en-US","potentialAction":[{"@type":"ReadAction","target":["https:\/\/amberwithsilver.com\/apie-mus\/"]}]},{"@type":"BreadcrumbList","@id":"https:\/\/amberwithsilver.com\/apie-mus\/#breadcrumb","itemListElement":[{"@type":"ListItem","position":1,"name":"Home","item":"https:\/\/amberwithsilver.com\/"},{"@type":"ListItem","position":2,"name":"Apie mus"}]},{"@type":"WebSite","@id":"https:\/\/amberwithsilver.com\/en\/#website","url":"https:\/\/amberwithsilver.com\/en\/","name":"AmberWithSilver","description":"Amber-Silver","publisher":{"@id":"https:\/\/amberwithsilver.com\/en\/#organization"},"potentialAction":[{"@type":"SearchAction","target":{"@type":"EntryPoint","urlTemplate":"https:\/\/amberwithsilver.com\/en\/?s={search_term_string}"},"query-input":{"@type":"PropertyValueSpecification","valueRequired":true,"valueName":"search_term_string"}}],"inLanguage":"en-US"},{"@type":"Organization","@id":"https:\/\/amberwithsilver.com\/en\/#organization","name":"amberwithsilver","url":"https:\/\/amberwithsilver.com\/en\/","logo":{"@type":"ImageObject","inLanguage":"en-US","@id":"https:\/\/amberwithsilver.com\/en\/#\/schema\/logo\/image\/","url":"https:\/\/i0.wp.com\/amberwithsilver.com\/wp-content\/uploads\/2020\/12\/logo.jpg?fit=232%2C116&ssl=1","contentUrl":"https:\/\/i0.wp.com\/amberwithsilver.com\/wp-content\/uploads\/2020\/12\/logo.jpg?fit=232%2C116&ssl=1","width":232,"height":116,"caption":"amberwithsilver"},"image":{"@id":"https:\/\/amberwithsilver.com\/en\/#\/schema\/logo\/image\/"}}]}},"jetpack_sharing_enabled":true,"_links":{"self":[{"href":"https:\/\/amberwithsilver.com\/en\/wp-json\/wp\/v2\/pages\/34","targetHints":{"allow":["GET"]}}],"collection":[{"href":"https:\/\/amberwithsilver.com\/en\/wp-json\/wp\/v2\/pages"}],"about":[{"href":"https:\/\/amberwithsilver.com\/en\/wp-json\/wp\/v2\/types\/page"}],"author":[{"embeddable":true,"href":"https:\/\/amberwithsilver.com\/en\/wp-json\/wp\/v2\/users\/1"}],"replies":[{"embeddable":true,"href":"https:\/\/amberwithsilver.com\/en\/wp-json\/wp\/v2\/comments?post=34"}],"version-history":[{"count":0,"href":"https:\/\/amberwithsilver.com\/en\/wp-json\/wp\/v2\/pages\/34\/revisions"}],"wp:attachment":[{"href":"https:\/\/amberwithsilver.com\/en\/wp-json\/wp\/v2\/media?parent=34"}],"curies":[{"name":"wp","href":"https:\/\/api.w.org\/{rel}","templated":true}]}}