{"id":805,"date":"2021-02-24T20:18:54","date_gmt":"2021-02-24T18:18:54","guid":{"rendered":"http:\/\/amberwithsilver.com\/?page_id=805"},"modified":"2021-03-19T10:24:11","modified_gmt":"2021-03-19T08:24:11","slug":"grazinimas-ir-keitimas","status":"publish","type":"page","link":"https:\/\/amberwithsilver.com\/en\/grazinimas-ir-keitimas\/","title":{"rendered":"Returns &amp; exchanges"},"content":{"rendered":"<div data-elementor-type=\"wp-page\" data-elementor-id=\"805\" class=\"elementor elementor-805\">\n\t\t\t\t\t\t<section class=\"wd-negative-gap elementor-section elementor-top-section elementor-element elementor-element-e4e899d elementor-section-boxed elementor-section-height-default elementor-section-height-default\" data-id=\"e4e899d\" data-element_type=\"section\" data-no-translation=\"\">\n\t\t\t\t\t\t<div class=\"elementor-container elementor-column-gap-default\">\n\t\t\t\t\t<div class=\"elementor-column elementor-col-100 elementor-top-column elementor-element elementor-element-cff8ffe\" data-id=\"cff8ffe\" data-element_type=\"column\">\n\t\t\t<div class=\"elementor-widget-wrap elementor-element-populated\">\n\t\t\t\t\t\t<div class=\"elementor-element elementor-element-75df467 wd-width-100 elementor-widget elementor-widget-wd_title\" data-id=\"75df467\" data-element_type=\"widget\" data-widget_type=\"wd_title.default\">\n\t\t\t\t<div class=\"elementor-widget-container\">\n\t\t\t\t\t\t\t<div class=\"title-wrapper wd-set-mb reset-last-child wd-title-color-default wd-title-style-simple wd-title-size-default text-center\">\n\n\t\t\t\n\t\t\t<div class=\"liner-continer\">\n\t\t\t\t<h4 class=\"woodmart-title-container title wd-fontsize-l\">Returns &amp; exchanges<\/h4> \n\t\t\t\t\t\t\t<\/div>\n\n\t\t\t\t\t<\/div>\n\t\t\t\t\t\t<\/div>\n\t\t\t\t<\/div>\n\t\t\t\t<div class=\"elementor-element elementor-element-8ea9614 color-scheme-inherit text-left elementor-widget elementor-widget-text-editor\" data-id=\"8ea9614\" data-element_type=\"widget\" data-widget_type=\"text-editor.default\">\n\t\t\t\t<div class=\"elementor-widget-container\">\n\t\t\t\t\t\t\t\t\t<p><strong>\u00a0<\/strong>We hope that all e. the goods purchased in the store <a href=\"http:\/\/amberwithsilver.com\/\">http:\/\/amberwithsilver.com<\/a> will be\u00a0\u00a0\u00a0\u00a0\u00a0\u00a0 perfect for our Buyers and will delight you every day. However, if the opposite happens, you can return the unsuitable item or replace it with another one according to the rules below.<\/p><ol><li><strong> Terms of return of goods:<\/strong><\/li><\/ol><p>1.2. The buyer may return the goods before the expiration of the exchange or return period.<\/p><p>1.3. Goods to be exchanged or returned must be in perfect condition.<\/p><p>1.4. In order to return or exchange the goods, it is necessary to submit a VAT invoice and a completed exchange or return form.\u00a0Return the form to download by clicking <a href=\"http:\/\/amberwithsilver.com\/wp-content\/uploads\/2021\/02\/Grazinimo-forma-EN.return-form.doc\">here.<\/a><\/p><ol start=\"2\"><li><strong> Return rules:<\/strong><\/li><\/ol><p>2.1. The Buyer has the right to withdraw from the purchase and sale agreement concluded in the online store with the Seller by notifying the Seller in writing within 14 calendar days from the date of receipt of the goods.<\/p><p>2.2. The Buyer must submit a notice to the Seller by e-mail: baltijosgintaras@gmail.com, which would include:<\/p><p>2.2.1. A wish is expressed to withdraw from the sales contract, stating the reason and the specific product and requesting a refund or replacement of the product.<\/p><p>2.2.2. Indicate the account to which the Buyer wishes to receive a refund.<\/p><p>2.2.3. A document confirming the purchase of the goods from the Seller is attached.<\/p><p>2.3. The Buyer must send the goods to the Seller by registered mail or by courier service at the address \u0160laito str. 4, U\u017elied\u017eiai, Kaunas district, LT-54304 Lithuania.<\/p><p>2.4. The returned product must be undamaged, free of mechanical damage, without loss of commercial appearance, with all previous labels, quality certificates, in proper original packaging, not used. In case of defects in the goods or their packaging, if the goods show signs of wear, as well as if the goods are defective due to improper use, mechanical damage or other actions depending on the Buyer, the sales contract can\u2019t be canceled and the Seller has the right not to accept Buyer money. In this case, the Buyer has the right to withdraw the goods from the Seller.<\/p><p>2.5. The Buyer who refuses the sales contract shall be refunded all money paid for the goods, excluding the costs of delivery of the goods to the Buyer and return to the Seller, if the goods are returned before the deadline and meet the requirements of Clause 2.4 of the Rules.<\/p><p>2.6. The cost of returning the goods must be borne by the Buyer.<\/p><p>2.7. Upon receipt of the returned goods, the Seller shall transfer the money to the Buyer&#8217;s bank account specified by him only after checking the returned goods.<\/p><p>2.8. At the request of the buyer, the Product may be replaced within another 14 days from the delivery of the Product to the Buyer, if the Product is returned unused, with the original packaging, undamaged and with the attached purchase confirmation. In case of exchange, the product can be exchanged only for an identical (in terms of price) product.<\/p><p>2.9. The right to withdraw from the sales contract does not apply if the product has been manufactured or adapted according to the Buyer&#8217;s order.<\/p>\t\t\t\t\t\t\t\t<\/div>\n\t\t\t\t<\/div>\n\t\t\t\t\t<\/div>\n\t\t<\/div>\n\t\t\t\t\t<\/div>\n\t\t<\/section>\n\t\t\t\t<\/div>","protected":false},"excerpt":{"rendered":"<p>Gr\u0105\u017einimas ir keitimas Mes tikim\u0117s, kad visos e. parduotuv\u0117je http:\/\/amberwithsilver.com \u012fsigytos prek\u0117s puikiai tiks\u00a0m\u016bs\u0173 Pirk\u0117jams ir d\u017eiugins Jus kiekvien\u0105 dien\u0105.<\/p>","protected":false},"author":1,"featured_media":0,"parent":0,"menu_order":0,"comment_status":"closed","ping_status":"closed","template":"","meta":{"footnotes":""},"class_list":["post-805","page","type-page","status-publish","hentry"],"yoast_head":"<!-- This site is optimized with the Yoast SEO Premium plugin v23.4 (Yoast SEO v26.8) - https:\/\/yoast.com\/product\/yoast-seo-premium-wordpress\/ -->\n<title>Gr\u0105\u017einimas ir keitimas - AmberWithSilver<\/title>\n<meta name=\"robots\" content=\"index, follow, max-snippet:-1, max-image-preview:large, max-video-preview:-1\" \/>\n<link rel=\"canonical\" href=\"https:\/\/amberwithsilver.com\/en\/grazinimas-ir-keitimas\/\" \/>\n<meta property=\"og:locale\" content=\"en_US\" \/>\n<meta property=\"og:type\" content=\"article\" \/>\n<meta property=\"og:title\" content=\"Gr\u0105\u017einimas ir keitimas\" \/>\n<meta property=\"og:description\" content=\"Gr\u0105\u017einimas ir keitimas Mes tikim\u0117s, kad visos e. parduotuv\u0117je http:\/\/amberwithsilver.com \u012fsigytos prek\u0117s puikiai tiks\u00a0m\u016bs\u0173 Pirk\u0117jams ir d\u017eiugins Jus kiekvien\u0105 dien\u0105.\" \/>\n<meta property=\"og:url\" content=\"https:\/\/amberwithsilver.com\/en\/grazinimas-ir-keitimas\/\" \/>\n<meta property=\"og:site_name\" content=\"AmberWithSilver\" \/>\n<meta property=\"article:modified_time\" content=\"2021-03-19T08:24:11+00:00\" \/>\n<meta name=\"twitter:card\" content=\"summary_large_image\" \/>\n<meta name=\"twitter:label1\" content=\"Est. reading time\" \/>\n\t<meta name=\"twitter:data1\" content=\"5 minutes\" \/>\n<script type=\"application\/ld+json\" class=\"yoast-schema-graph\">{\"@context\":\"https:\/\/schema.org\",\"@graph\":[{\"@type\":\"WebPage\",\"@id\":\"https:\/\/amberwithsilver.com\/grazinimas-ir-keitimas\/\",\"url\":\"https:\/\/amberwithsilver.com\/grazinimas-ir-keitimas\/\",\"name\":\"Gr\u0105\u017einimas ir keitimas - AmberWithSilver\",\"isPartOf\":{\"@id\":\"https:\/\/amberwithsilver.com\/en\/#website\"},\"datePublished\":\"2021-02-24T18:18:54+00:00\",\"dateModified\":\"2021-03-19T08:24:11+00:00\",\"breadcrumb\":{\"@id\":\"https:\/\/amberwithsilver.com\/grazinimas-ir-keitimas\/#breadcrumb\"},\"inLanguage\":\"en-US\",\"potentialAction\":[{\"@type\":\"ReadAction\",\"target\":[\"https:\/\/amberwithsilver.com\/grazinimas-ir-keitimas\/\"]}]},{\"@type\":\"BreadcrumbList\",\"@id\":\"https:\/\/amberwithsilver.com\/grazinimas-ir-keitimas\/#breadcrumb\",\"itemListElement\":[{\"@type\":\"ListItem\",\"position\":1,\"name\":\"Home\",\"item\":\"https:\/\/amberwithsilver.com\/\"},{\"@type\":\"ListItem\",\"position\":2,\"name\":\"Gr\u0105\u017einimas ir keitimas\"}]},{\"@type\":\"WebSite\",\"@id\":\"https:\/\/amberwithsilver.com\/en\/#website\",\"url\":\"https:\/\/amberwithsilver.com\/en\/\",\"name\":\"AmberWithSilver\",\"description\":\"Amber-Silver\",\"publisher\":{\"@id\":\"https:\/\/amberwithsilver.com\/en\/#organization\"},\"potentialAction\":[{\"@type\":\"SearchAction\",\"target\":{\"@type\":\"EntryPoint\",\"urlTemplate\":\"https:\/\/amberwithsilver.com\/en\/?s={search_term_string}\"},\"query-input\":{\"@type\":\"PropertyValueSpecification\",\"valueRequired\":true,\"valueName\":\"search_term_string\"}}],\"inLanguage\":\"en-US\"},{\"@type\":\"Organization\",\"@id\":\"https:\/\/amberwithsilver.com\/en\/#organization\",\"name\":\"amberwithsilver\",\"url\":\"https:\/\/amberwithsilver.com\/en\/\",\"logo\":{\"@type\":\"ImageObject\",\"inLanguage\":\"en-US\",\"@id\":\"https:\/\/amberwithsilver.com\/en\/#\/schema\/logo\/image\/\",\"url\":\"https:\/\/i0.wp.com\/amberwithsilver.com\/wp-content\/uploads\/2020\/12\/logo.jpg?fit=232%2C116&ssl=1\",\"contentUrl\":\"https:\/\/i0.wp.com\/amberwithsilver.com\/wp-content\/uploads\/2020\/12\/logo.jpg?fit=232%2C116&ssl=1\",\"width\":232,\"height\":116,\"caption\":\"amberwithsilver\"},\"image\":{\"@id\":\"https:\/\/amberwithsilver.com\/en\/#\/schema\/logo\/image\/\"}}]}<\/script>\n<!-- \/ Yoast SEO Premium plugin. -->","yoast_head_json":{"title":"Gr\u0105\u017einimas ir keitimas - AmberWithSilver","robots":{"index":"index","follow":"follow","max-snippet":"max-snippet:-1","max-image-preview":"max-image-preview:large","max-video-preview":"max-video-preview:-1"},"canonical":"https:\/\/amberwithsilver.com\/en\/grazinimas-ir-keitimas\/","og_locale":"en_US","og_type":"article","og_title":"Gr\u0105\u017einimas ir keitimas","og_description":"Gr\u0105\u017einimas ir keitimas Mes tikim\u0117s, kad visos e. parduotuv\u0117je http:\/\/amberwithsilver.com \u012fsigytos prek\u0117s puikiai tiks\u00a0m\u016bs\u0173 Pirk\u0117jams ir d\u017eiugins Jus kiekvien\u0105 dien\u0105.","og_url":"https:\/\/amberwithsilver.com\/en\/grazinimas-ir-keitimas\/","og_site_name":"AmberWithSilver","article_modified_time":"2021-03-19T08:24:11+00:00","twitter_card":"summary_large_image","twitter_misc":{"Est. reading time":"5 minutes"},"schema":{"@context":"https:\/\/schema.org","@graph":[{"@type":"WebPage","@id":"https:\/\/amberwithsilver.com\/grazinimas-ir-keitimas\/","url":"https:\/\/amberwithsilver.com\/grazinimas-ir-keitimas\/","name":"Gr\u0105\u017einimas ir keitimas - AmberWithSilver","isPartOf":{"@id":"https:\/\/amberwithsilver.com\/en\/#website"},"datePublished":"2021-02-24T18:18:54+00:00","dateModified":"2021-03-19T08:24:11+00:00","breadcrumb":{"@id":"https:\/\/amberwithsilver.com\/grazinimas-ir-keitimas\/#breadcrumb"},"inLanguage":"en-US","potentialAction":[{"@type":"ReadAction","target":["https:\/\/amberwithsilver.com\/grazinimas-ir-keitimas\/"]}]},{"@type":"BreadcrumbList","@id":"https:\/\/amberwithsilver.com\/grazinimas-ir-keitimas\/#breadcrumb","itemListElement":[{"@type":"ListItem","position":1,"name":"Home","item":"https:\/\/amberwithsilver.com\/"},{"@type":"ListItem","position":2,"name":"Gr\u0105\u017einimas ir keitimas"}]},{"@type":"WebSite","@id":"https:\/\/amberwithsilver.com\/en\/#website","url":"https:\/\/amberwithsilver.com\/en\/","name":"AmberWithSilver","description":"Amber-Silver","publisher":{"@id":"https:\/\/amberwithsilver.com\/en\/#organization"},"potentialAction":[{"@type":"SearchAction","target":{"@type":"EntryPoint","urlTemplate":"https:\/\/amberwithsilver.com\/en\/?s={search_term_string}"},"query-input":{"@type":"PropertyValueSpecification","valueRequired":true,"valueName":"search_term_string"}}],"inLanguage":"en-US"},{"@type":"Organization","@id":"https:\/\/amberwithsilver.com\/en\/#organization","name":"amberwithsilver","url":"https:\/\/amberwithsilver.com\/en\/","logo":{"@type":"ImageObject","inLanguage":"en-US","@id":"https:\/\/amberwithsilver.com\/en\/#\/schema\/logo\/image\/","url":"https:\/\/i0.wp.com\/amberwithsilver.com\/wp-content\/uploads\/2020\/12\/logo.jpg?fit=232%2C116&ssl=1","contentUrl":"https:\/\/i0.wp.com\/amberwithsilver.com\/wp-content\/uploads\/2020\/12\/logo.jpg?fit=232%2C116&ssl=1","width":232,"height":116,"caption":"amberwithsilver"},"image":{"@id":"https:\/\/amberwithsilver.com\/en\/#\/schema\/logo\/image\/"}}]}},"jetpack_sharing_enabled":true,"_links":{"self":[{"href":"https:\/\/amberwithsilver.com\/en\/wp-json\/wp\/v2\/pages\/805","targetHints":{"allow":["GET"]}}],"collection":[{"href":"https:\/\/amberwithsilver.com\/en\/wp-json\/wp\/v2\/pages"}],"about":[{"href":"https:\/\/amberwithsilver.com\/en\/wp-json\/wp\/v2\/types\/page"}],"author":[{"embeddable":true,"href":"https:\/\/amberwithsilver.com\/en\/wp-json\/wp\/v2\/users\/1"}],"replies":[{"embeddable":true,"href":"https:\/\/amberwithsilver.com\/en\/wp-json\/wp\/v2\/comments?post=805"}],"version-history":[{"count":0,"href":"https:\/\/amberwithsilver.com\/en\/wp-json\/wp\/v2\/pages\/805\/revisions"}],"wp:attachment":[{"href":"https:\/\/amberwithsilver.com\/en\/wp-json\/wp\/v2\/media?parent=805"}],"curies":[{"name":"wp","href":"https:\/\/api.w.org\/{rel}","templated":true}]}}