{"id":1025,"date":"2021-03-23T13:09:25","date_gmt":"2021-03-23T11:09:25","guid":{"rendered":"http:\/\/amberwithsilver.com\/?post_type=product&#038;p=1025"},"modified":"2021-08-10T11:00:23","modified_gmt":"2021-08-10T09:00:23","slug":"baroko-formos-gintaro-detales-sviesus-konjakas","status":"publish","type":"product","link":"https:\/\/amberwithsilver.com\/en\/product\/baroko-formos-gintaro-detales-sviesus-konjakas\/","title":{"rendered":"Loose baroque light cognac amber beads"},"content":{"rendered":"<p>Light ognac colored loose baroque beads. Baltic amber loose beads are drilled and polished. Our customers have the possibility to create their individual product. This also applies to baby teething amber necklaces, baby bracelets, adult necklaces and bracelets or any other amber jewelry.<\/p>\n<ul>\n<li>Natural Baltic amber<\/li>\n<li>Light cognac color<\/li>\n<li>Chips shape<\/li>\n<li>With a hole<\/li>\n<li>The size of amber up to ~ 5-6mm.<\/li>\n<\/ul>","protected":false},"excerpt":{"rendered":"<p>Light ognac colored loose baroque beads. Baltic amber loose beads are drilled and polished. Our customers have the possibility to create their individual product. This also applies to baby teething amber necklaces, baby bracelets, adult necklaces and bracelets or any other amber jewelry.<\/p>\n<ul>\n<li>Natural Baltic amber<\/li>\n<li>Light cognac color<\/li>\n<li>Chips shape<\/li>\n<li>With a hole<\/li>\n<li>The size of amber up to ~ 5-6mm.<\/li>\n<\/ul>","protected":false},"featured_media":1033,"comment_status":"open","ping_status":"closed","template":"","meta":[],"product_brand":[],"product_cat":[42],"product_tag":[136,149,150,151,152,153,381],"class_list":{"0":"post-1025","1":"product","2":"type-product","3":"status-publish","4":"has-post-thumbnail","6":"product_cat-gintaro-detales","7":"product_tag-baroque-shape-amber-beads","8":"product_tag-baroko-formos-gintaro-detales-sviesus-konjakas","9":"product_tag-loose-baroque-light-cognac-amber-beads","10":"product_tag-natural-baltic-amber-beads","11":"product_tag-naturalus-baltijos-gintaras","12":"product_tag-baroko-formos-gintaras","13":"product_tag-visi","15":"first","16":"instock","17":"taxable","18":"shipping-taxable","19":"purchasable","20":"product-type-variable"},"yoast_head":"<!-- This site is optimized with the Yoast SEO Premium plugin v23.4 (Yoast SEO v26.8) - https:\/\/yoast.com\/product\/yoast-seo-premium-wordpress\/ -->\n<title>Baroko formos gintaro detal\u0117s - \u0161viesus konjakas - AmberWithSilver<\/title>\n<meta name=\"description\" content=\"Gintaro detal\u0117s, \u0161viesaus konjako spalvos barokas, loose baroque light cognac beads, Baltijos gintaro detal\u0117s, Baltic amber beads\" \/>\n<meta name=\"robots\" content=\"index, follow, max-snippet:-1, max-image-preview:large, max-video-preview:-1\" \/>\n<link rel=\"canonical\" href=\"https:\/\/amberwithsilver.com\/en\/product\/baroko-formos-gintaro-detales-sviesus-konjakas\/\" \/>\n<meta property=\"og:locale\" content=\"en_US\" \/>\n<meta property=\"og:type\" content=\"article\" \/>\n<meta property=\"og:title\" content=\"Baroko formos gintaro detal\u0117s - \u0161viesus konjakas\" \/>\n<meta property=\"og:description\" content=\"Gintaro detal\u0117s, \u0161viesaus konjako spalvos barokas, loose baroque light cognac beads, Baltijos gintaro detal\u0117s, Baltic amber beads\" \/>\n<meta property=\"og:url\" content=\"https:\/\/amberwithsilver.com\/en\/product\/baroko-formos-gintaro-detales-sviesus-konjakas\/\" \/>\n<meta property=\"og:site_name\" content=\"AmberWithSilver\" \/>\n<meta property=\"article:modified_time\" content=\"2021-08-10T09:00:23+00:00\" \/>\n<meta property=\"og:image\" content=\"https:\/\/amberwithsilver.com\/wp-content\/uploads\/2021\/03\/img_3492-scaled.jpeg\" \/>\n\t<meta property=\"og:image:width\" content=\"2351\" \/>\n\t<meta property=\"og:image:height\" content=\"2560\" \/>\n\t<meta property=\"og:image:type\" content=\"image\/jpeg\" \/>\n<meta name=\"twitter:card\" content=\"summary_large_image\" \/>\n<script type=\"application\/ld+json\" class=\"yoast-schema-graph\">{\"@context\":\"https:\/\/schema.org\",\"@graph\":[{\"@type\":\"WebPage\",\"@id\":\"https:\/\/amberwithsilver.com\/product\/baroko-formos-gintaro-detales-sviesus-konjakas\/\",\"url\":\"https:\/\/amberwithsilver.com\/product\/baroko-formos-gintaro-detales-sviesus-konjakas\/\",\"name\":\"Baroko formos gintaro detal\u0117s - \u0161viesus konjakas - AmberWithSilver\",\"isPartOf\":{\"@id\":\"https:\/\/amberwithsilver.com\/en\/#website\"},\"primaryImageOfPage\":{\"@id\":\"https:\/\/amberwithsilver.com\/product\/baroko-formos-gintaro-detales-sviesus-konjakas\/#primaryimage\"},\"image\":{\"@id\":\"https:\/\/amberwithsilver.com\/product\/baroko-formos-gintaro-detales-sviesus-konjakas\/#primaryimage\"},\"thumbnailUrl\":\"https:\/\/amberwithsilver.com\/wp-content\/uploads\/2021\/03\/img_3492-scaled.jpeg\",\"datePublished\":\"2021-03-23T11:09:25+00:00\",\"dateModified\":\"2021-08-10T09:00:23+00:00\",\"description\":\"Gintaro detal\u0117s, \u0161viesaus konjako spalvos barokas, loose baroque light cognac beads, Baltijos gintaro detal\u0117s, Baltic amber beads\",\"breadcrumb\":{\"@id\":\"https:\/\/amberwithsilver.com\/product\/baroko-formos-gintaro-detales-sviesus-konjakas\/#breadcrumb\"},\"inLanguage\":\"en-US\",\"potentialAction\":[{\"@type\":\"ReadAction\",\"target\":[\"https:\/\/amberwithsilver.com\/product\/baroko-formos-gintaro-detales-sviesus-konjakas\/\"]}]},{\"@type\":\"ImageObject\",\"inLanguage\":\"en-US\",\"@id\":\"https:\/\/amberwithsilver.com\/product\/baroko-formos-gintaro-detales-sviesus-konjakas\/#primaryimage\",\"url\":\"https:\/\/amberwithsilver.com\/wp-content\/uploads\/2021\/03\/img_3492-scaled.jpeg\",\"contentUrl\":\"https:\/\/amberwithsilver.com\/wp-content\/uploads\/2021\/03\/img_3492-scaled.jpeg\",\"width\":2351,\"height\":2560,\"caption\":\"Baroko formos gintaro detal\u0117s \u2013 \u0161viesus konjakas\"},{\"@type\":\"BreadcrumbList\",\"@id\":\"https:\/\/amberwithsilver.com\/product\/baroko-formos-gintaro-detales-sviesus-konjakas\/#breadcrumb\",\"itemListElement\":[{\"@type\":\"ListItem\",\"position\":1,\"name\":\"Home\",\"item\":\"https:\/\/amberwithsilver.com\/\"},{\"@type\":\"ListItem\",\"position\":2,\"name\":\"Parduotuv\u0117\",\"item\":\"https:\/\/amberwithsilver.com\/en\/parduotuve\/\"},{\"@type\":\"ListItem\",\"position\":3,\"name\":\"Baroko formos gintaro detal\u0117s &#8211; \u0161viesus konjakas\"}]},{\"@type\":\"WebSite\",\"@id\":\"https:\/\/amberwithsilver.com\/en\/#website\",\"url\":\"https:\/\/amberwithsilver.com\/en\/\",\"name\":\"AmberWithSilver\",\"description\":\"Amber-Silver\",\"publisher\":{\"@id\":\"https:\/\/amberwithsilver.com\/en\/#organization\"},\"potentialAction\":[{\"@type\":\"SearchAction\",\"target\":{\"@type\":\"EntryPoint\",\"urlTemplate\":\"https:\/\/amberwithsilver.com\/en\/?s={search_term_string}\"},\"query-input\":{\"@type\":\"PropertyValueSpecification\",\"valueRequired\":true,\"valueName\":\"search_term_string\"}}],\"inLanguage\":\"en-US\"},{\"@type\":\"Organization\",\"@id\":\"https:\/\/amberwithsilver.com\/en\/#organization\",\"name\":\"amberwithsilver\",\"url\":\"https:\/\/amberwithsilver.com\/en\/\",\"logo\":{\"@type\":\"ImageObject\",\"inLanguage\":\"en-US\",\"@id\":\"https:\/\/amberwithsilver.com\/en\/#\/schema\/logo\/image\/\",\"url\":\"https:\/\/i0.wp.com\/amberwithsilver.com\/wp-content\/uploads\/2020\/12\/logo.jpg?fit=232%2C116&ssl=1\",\"contentUrl\":\"https:\/\/i0.wp.com\/amberwithsilver.com\/wp-content\/uploads\/2020\/12\/logo.jpg?fit=232%2C116&ssl=1\",\"width\":232,\"height\":116,\"caption\":\"amberwithsilver\"},\"image\":{\"@id\":\"https:\/\/amberwithsilver.com\/en\/#\/schema\/logo\/image\/\"}}]}<\/script>\n<!-- \/ Yoast SEO Premium plugin. -->","yoast_head_json":{"title":"Baroko formos gintaro detal\u0117s - \u0161viesus konjakas - AmberWithSilver","description":"Gintaro detal\u0117s, \u0161viesaus konjako spalvos barokas, loose baroque light cognac beads, Baltijos gintaro detal\u0117s, Baltic amber beads","robots":{"index":"index","follow":"follow","max-snippet":"max-snippet:-1","max-image-preview":"max-image-preview:large","max-video-preview":"max-video-preview:-1"},"canonical":"https:\/\/amberwithsilver.com\/en\/product\/baroko-formos-gintaro-detales-sviesus-konjakas\/","og_locale":"en_US","og_type":"article","og_title":"Baroko formos gintaro detal\u0117s - \u0161viesus konjakas","og_description":"Gintaro detal\u0117s, \u0161viesaus konjako spalvos barokas, loose baroque light cognac beads, Baltijos gintaro detal\u0117s, Baltic amber beads","og_url":"https:\/\/amberwithsilver.com\/en\/product\/baroko-formos-gintaro-detales-sviesus-konjakas\/","og_site_name":"AmberWithSilver","article_modified_time":"2021-08-10T09:00:23+00:00","og_image":[{"width":2351,"height":2560,"url":"https:\/\/amberwithsilver.com\/wp-content\/uploads\/2021\/03\/img_3492-scaled.jpeg","type":"image\/jpeg"}],"twitter_card":"summary_large_image","schema":{"@context":"https:\/\/schema.org","@graph":[{"@type":"WebPage","@id":"https:\/\/amberwithsilver.com\/product\/baroko-formos-gintaro-detales-sviesus-konjakas\/","url":"https:\/\/amberwithsilver.com\/product\/baroko-formos-gintaro-detales-sviesus-konjakas\/","name":"Baroko formos gintaro detal\u0117s - \u0161viesus konjakas - AmberWithSilver","isPartOf":{"@id":"https:\/\/amberwithsilver.com\/en\/#website"},"primaryImageOfPage":{"@id":"https:\/\/amberwithsilver.com\/product\/baroko-formos-gintaro-detales-sviesus-konjakas\/#primaryimage"},"image":{"@id":"https:\/\/amberwithsilver.com\/product\/baroko-formos-gintaro-detales-sviesus-konjakas\/#primaryimage"},"thumbnailUrl":"https:\/\/amberwithsilver.com\/wp-content\/uploads\/2021\/03\/img_3492-scaled.jpeg","datePublished":"2021-03-23T11:09:25+00:00","dateModified":"2021-08-10T09:00:23+00:00","description":"Gintaro detal\u0117s, \u0161viesaus konjako spalvos barokas, loose baroque light cognac beads, Baltijos gintaro detal\u0117s, Baltic amber beads","breadcrumb":{"@id":"https:\/\/amberwithsilver.com\/product\/baroko-formos-gintaro-detales-sviesus-konjakas\/#breadcrumb"},"inLanguage":"en-US","potentialAction":[{"@type":"ReadAction","target":["https:\/\/amberwithsilver.com\/product\/baroko-formos-gintaro-detales-sviesus-konjakas\/"]}]},{"@type":"ImageObject","inLanguage":"en-US","@id":"https:\/\/amberwithsilver.com\/product\/baroko-formos-gintaro-detales-sviesus-konjakas\/#primaryimage","url":"https:\/\/amberwithsilver.com\/wp-content\/uploads\/2021\/03\/img_3492-scaled.jpeg","contentUrl":"https:\/\/amberwithsilver.com\/wp-content\/uploads\/2021\/03\/img_3492-scaled.jpeg","width":2351,"height":2560,"caption":"Baroko formos gintaro detal\u0117s \u2013 \u0161viesus konjakas"},{"@type":"BreadcrumbList","@id":"https:\/\/amberwithsilver.com\/product\/baroko-formos-gintaro-detales-sviesus-konjakas\/#breadcrumb","itemListElement":[{"@type":"ListItem","position":1,"name":"Home","item":"https:\/\/amberwithsilver.com\/"},{"@type":"ListItem","position":2,"name":"Parduotuv\u0117","item":"https:\/\/amberwithsilver.com\/en\/parduotuve\/"},{"@type":"ListItem","position":3,"name":"Baroko formos gintaro detal\u0117s &#8211; \u0161viesus konjakas"}]},{"@type":"WebSite","@id":"https:\/\/amberwithsilver.com\/en\/#website","url":"https:\/\/amberwithsilver.com\/en\/","name":"AmberWithSilver","description":"Amber-Silver","publisher":{"@id":"https:\/\/amberwithsilver.com\/en\/#organization"},"potentialAction":[{"@type":"SearchAction","target":{"@type":"EntryPoint","urlTemplate":"https:\/\/amberwithsilver.com\/en\/?s={search_term_string}"},"query-input":{"@type":"PropertyValueSpecification","valueRequired":true,"valueName":"search_term_string"}}],"inLanguage":"en-US"},{"@type":"Organization","@id":"https:\/\/amberwithsilver.com\/en\/#organization","name":"amberwithsilver","url":"https:\/\/amberwithsilver.com\/en\/","logo":{"@type":"ImageObject","inLanguage":"en-US","@id":"https:\/\/amberwithsilver.com\/en\/#\/schema\/logo\/image\/","url":"https:\/\/i0.wp.com\/amberwithsilver.com\/wp-content\/uploads\/2020\/12\/logo.jpg?fit=232%2C116&ssl=1","contentUrl":"https:\/\/i0.wp.com\/amberwithsilver.com\/wp-content\/uploads\/2020\/12\/logo.jpg?fit=232%2C116&ssl=1","width":232,"height":116,"caption":"amberwithsilver"},"image":{"@id":"https:\/\/amberwithsilver.com\/en\/#\/schema\/logo\/image\/"}}]}},"jetpack_sharing_enabled":true,"_links":{"self":[{"href":"https:\/\/amberwithsilver.com\/en\/wp-json\/wp\/v2\/product\/1025","targetHints":{"allow":["GET"]}}],"collection":[{"href":"https:\/\/amberwithsilver.com\/en\/wp-json\/wp\/v2\/product"}],"about":[{"href":"https:\/\/amberwithsilver.com\/en\/wp-json\/wp\/v2\/types\/product"}],"replies":[{"embeddable":true,"href":"https:\/\/amberwithsilver.com\/en\/wp-json\/wp\/v2\/comments?post=1025"}],"version-history":[{"count":0,"href":"https:\/\/amberwithsilver.com\/en\/wp-json\/wp\/v2\/product\/1025\/revisions"}],"wp:featuredmedia":[{"embeddable":true,"href":"https:\/\/amberwithsilver.com\/en\/wp-json\/wp\/v2\/media\/1033"}],"wp:attachment":[{"href":"https:\/\/amberwithsilver.com\/en\/wp-json\/wp\/v2\/media?parent=1025"}],"wp:term":[{"taxonomy":"product_brand","embeddable":true,"href":"https:\/\/amberwithsilver.com\/en\/wp-json\/wp\/v2\/product_brand?post=1025"},{"taxonomy":"product_cat","embeddable":true,"href":"https:\/\/amberwithsilver.com\/en\/wp-json\/wp\/v2\/product_cat?post=1025"},{"taxonomy":"product_tag","embeddable":true,"href":"https:\/\/amberwithsilver.com\/en\/wp-json\/wp\/v2\/product_tag?post=1025"}],"curies":[{"name":"wp","href":"https:\/\/api.w.org\/{rel}","templated":true}]}}