{"id":1072,"date":"2021-03-25T15:25:58","date_gmt":"2021-03-25T13:25:58","guid":{"rendered":"http:\/\/amberwithsilver.com\/?post_type=product&#038;p=1072"},"modified":"2021-08-10T11:00:22","modified_gmt":"2021-08-10T09:00:22","slug":"baroko-formos-gintaro-detales-citrinos-spalva","status":"publish","type":"product","link":"https:\/\/amberwithsilver.com\/en\/product\/baroko-formos-gintaro-detales-citrinos-spalva\/","title":{"rendered":"Loose baroque lemon amber beads"},"content":{"rendered":"<p>Lemon colored loose baroque beads. Baltic amber loose beads are drilled and polished. Our customers have the possibility to create their individual product. This also applies to baby teething amber necklaces, baby bracelets, adult necklaces and bracelets or any other amber jewelry.<\/p>\n<ul>\n<li>Natural Baltic amber<\/li>\n<li>Lemon color<\/li>\n<li>Chips shape<\/li>\n<li>With a hole<\/li>\n<li>The size of amber up to ~ 5-6mm.<\/li>\n<\/ul>","protected":false},"excerpt":{"rendered":"<p>Lemon colored loose baroque beads. Baltic amber loose beads are drilled and polished. Our customers have the possibility to create their individual product. This also applies to baby teething amber necklaces, baby bracelets, adult necklaces and bracelets or any other amber jewelry.<\/p>\n<ul>\n<li>Natural Baltic amber<\/li>\n<li>Lemon color<\/li>\n<li>Chips shape<\/li>\n<li>With a hole<\/li>\n<li>The size of amber up to ~ 5-6mm.<\/li>\n<\/ul>","protected":false},"featured_media":1085,"comment_status":"open","ping_status":"closed","template":"","meta":[],"product_brand":[],"product_cat":[42],"product_tag":[135,152,164,165,166,167,168,169,381],"class_list":{"0":"post-1072","1":"product","2":"type-product","3":"status-publish","4":"has-post-thumbnail","6":"product_cat-gintaro-detales","7":"product_tag-baroko-formos-gintaro-detales","8":"product_tag-naturalus-baltijos-gintaras","9":"product_tag-loose-lemon-amber-beads","10":"product_tag-sviesus-karoliukai","11":"product_tag-naturali-gintaro-spalva","12":"product_tag-loose-amber-baroque-beads","13":"product_tag-lemon-baroque-beads","14":"product_tag-citrinos-spalvos-barokas","15":"product_tag-visi","17":"first","18":"instock","19":"taxable","20":"shipping-taxable","21":"purchasable","22":"product-type-variable"},"yoast_head":"<!-- This site is optimized with the Yoast SEO Premium plugin v23.4 (Yoast SEO v26.8) - https:\/\/yoast.com\/product\/yoast-seo-premium-wordpress\/ -->\n<title>Baroko formos gintaro detal\u0117s - citrinos spalva - AmberWithSilver<\/title>\n<meta name=\"description\" content=\"Baroko formos gintaro detal\u0117s \u2013 citrinin\u0117 spalva, \u0161vies\u016bs karoliukai, nat\u016bralus Baltijos gintaras, loose lemon amber beads\" \/>\n<meta name=\"robots\" content=\"index, follow, max-snippet:-1, max-image-preview:large, max-video-preview:-1\" \/>\n<link rel=\"canonical\" href=\"https:\/\/amberwithsilver.com\/en\/product\/baroko-formos-gintaro-detales-citrinos-spalva\/\" \/>\n<meta property=\"og:locale\" content=\"en_US\" \/>\n<meta property=\"og:type\" content=\"article\" \/>\n<meta property=\"og:title\" content=\"Baroko formos gintaro detal\u0117s - citrinos spalva\" \/>\n<meta property=\"og:description\" content=\"Baroko formos gintaro detal\u0117s \u2013 citrinin\u0117 spalva, \u0161vies\u016bs karoliukai, nat\u016bralus Baltijos gintaras, loose lemon amber beads\" \/>\n<meta property=\"og:url\" content=\"https:\/\/amberwithsilver.com\/en\/product\/baroko-formos-gintaro-detales-citrinos-spalva\/\" \/>\n<meta property=\"og:site_name\" content=\"AmberWithSilver\" \/>\n<meta property=\"article:modified_time\" content=\"2021-08-10T09:00:22+00:00\" \/>\n<meta property=\"og:image\" content=\"https:\/\/amberwithsilver.com\/wp-content\/uploads\/2021\/03\/img_3540-2-scaled.jpeg\" \/>\n\t<meta property=\"og:image:width\" content=\"2454\" \/>\n\t<meta property=\"og:image:height\" content=\"2560\" \/>\n\t<meta property=\"og:image:type\" content=\"image\/jpeg\" \/>\n<meta name=\"twitter:card\" content=\"summary_large_image\" \/>\n<script type=\"application\/ld+json\" class=\"yoast-schema-graph\">{\"@context\":\"https:\/\/schema.org\",\"@graph\":[{\"@type\":\"WebPage\",\"@id\":\"https:\/\/amberwithsilver.com\/product\/baroko-formos-gintaro-detales-citrinos-spalva\/\",\"url\":\"https:\/\/amberwithsilver.com\/product\/baroko-formos-gintaro-detales-citrinos-spalva\/\",\"name\":\"Baroko formos gintaro detal\u0117s - citrinos spalva - AmberWithSilver\",\"isPartOf\":{\"@id\":\"https:\/\/amberwithsilver.com\/en\/#website\"},\"primaryImageOfPage\":{\"@id\":\"https:\/\/amberwithsilver.com\/product\/baroko-formos-gintaro-detales-citrinos-spalva\/#primaryimage\"},\"image\":{\"@id\":\"https:\/\/amberwithsilver.com\/product\/baroko-formos-gintaro-detales-citrinos-spalva\/#primaryimage\"},\"thumbnailUrl\":\"https:\/\/amberwithsilver.com\/wp-content\/uploads\/2021\/03\/img_3540-2-scaled.jpeg\",\"datePublished\":\"2021-03-25T13:25:58+00:00\",\"dateModified\":\"2021-08-10T09:00:22+00:00\",\"description\":\"Baroko formos gintaro detal\u0117s \u2013 citrinin\u0117 spalva, \u0161vies\u016bs karoliukai, nat\u016bralus Baltijos gintaras, loose lemon amber beads\",\"breadcrumb\":{\"@id\":\"https:\/\/amberwithsilver.com\/product\/baroko-formos-gintaro-detales-citrinos-spalva\/#breadcrumb\"},\"inLanguage\":\"en-US\",\"potentialAction\":[{\"@type\":\"ReadAction\",\"target\":[\"https:\/\/amberwithsilver.com\/product\/baroko-formos-gintaro-detales-citrinos-spalva\/\"]}]},{\"@type\":\"ImageObject\",\"inLanguage\":\"en-US\",\"@id\":\"https:\/\/amberwithsilver.com\/product\/baroko-formos-gintaro-detales-citrinos-spalva\/#primaryimage\",\"url\":\"https:\/\/amberwithsilver.com\/wp-content\/uploads\/2021\/03\/img_3540-2-scaled.jpeg\",\"contentUrl\":\"https:\/\/amberwithsilver.com\/wp-content\/uploads\/2021\/03\/img_3540-2-scaled.jpeg\",\"width\":2454,\"height\":2560},{\"@type\":\"BreadcrumbList\",\"@id\":\"https:\/\/amberwithsilver.com\/product\/baroko-formos-gintaro-detales-citrinos-spalva\/#breadcrumb\",\"itemListElement\":[{\"@type\":\"ListItem\",\"position\":1,\"name\":\"Home\",\"item\":\"https:\/\/amberwithsilver.com\/\"},{\"@type\":\"ListItem\",\"position\":2,\"name\":\"Parduotuv\u0117\",\"item\":\"https:\/\/amberwithsilver.com\/en\/parduotuve\/\"},{\"@type\":\"ListItem\",\"position\":3,\"name\":\"Baroko formos gintaro detal\u0117s &#8211; citrinos spalva\"}]},{\"@type\":\"WebSite\",\"@id\":\"https:\/\/amberwithsilver.com\/en\/#website\",\"url\":\"https:\/\/amberwithsilver.com\/en\/\",\"name\":\"AmberWithSilver\",\"description\":\"Amber-Silver\",\"publisher\":{\"@id\":\"https:\/\/amberwithsilver.com\/en\/#organization\"},\"potentialAction\":[{\"@type\":\"SearchAction\",\"target\":{\"@type\":\"EntryPoint\",\"urlTemplate\":\"https:\/\/amberwithsilver.com\/en\/?s={search_term_string}\"},\"query-input\":{\"@type\":\"PropertyValueSpecification\",\"valueRequired\":true,\"valueName\":\"search_term_string\"}}],\"inLanguage\":\"en-US\"},{\"@type\":\"Organization\",\"@id\":\"https:\/\/amberwithsilver.com\/en\/#organization\",\"name\":\"amberwithsilver\",\"url\":\"https:\/\/amberwithsilver.com\/en\/\",\"logo\":{\"@type\":\"ImageObject\",\"inLanguage\":\"en-US\",\"@id\":\"https:\/\/amberwithsilver.com\/en\/#\/schema\/logo\/image\/\",\"url\":\"https:\/\/i0.wp.com\/amberwithsilver.com\/wp-content\/uploads\/2020\/12\/logo.jpg?fit=232%2C116&ssl=1\",\"contentUrl\":\"https:\/\/i0.wp.com\/amberwithsilver.com\/wp-content\/uploads\/2020\/12\/logo.jpg?fit=232%2C116&ssl=1\",\"width\":232,\"height\":116,\"caption\":\"amberwithsilver\"},\"image\":{\"@id\":\"https:\/\/amberwithsilver.com\/en\/#\/schema\/logo\/image\/\"}}]}<\/script>\n<!-- \/ Yoast SEO Premium plugin. -->","yoast_head_json":{"title":"Baroko formos gintaro detal\u0117s - citrinos spalva - AmberWithSilver","description":"Baroko formos gintaro detal\u0117s \u2013 citrinin\u0117 spalva, \u0161vies\u016bs karoliukai, nat\u016bralus Baltijos gintaras, loose lemon amber beads","robots":{"index":"index","follow":"follow","max-snippet":"max-snippet:-1","max-image-preview":"max-image-preview:large","max-video-preview":"max-video-preview:-1"},"canonical":"https:\/\/amberwithsilver.com\/en\/product\/baroko-formos-gintaro-detales-citrinos-spalva\/","og_locale":"en_US","og_type":"article","og_title":"Baroko formos gintaro detal\u0117s - citrinos spalva","og_description":"Baroko formos gintaro detal\u0117s \u2013 citrinin\u0117 spalva, \u0161vies\u016bs karoliukai, nat\u016bralus Baltijos gintaras, loose lemon amber beads","og_url":"https:\/\/amberwithsilver.com\/en\/product\/baroko-formos-gintaro-detales-citrinos-spalva\/","og_site_name":"AmberWithSilver","article_modified_time":"2021-08-10T09:00:22+00:00","og_image":[{"width":2454,"height":2560,"url":"https:\/\/amberwithsilver.com\/wp-content\/uploads\/2021\/03\/img_3540-2-scaled.jpeg","type":"image\/jpeg"}],"twitter_card":"summary_large_image","schema":{"@context":"https:\/\/schema.org","@graph":[{"@type":"WebPage","@id":"https:\/\/amberwithsilver.com\/product\/baroko-formos-gintaro-detales-citrinos-spalva\/","url":"https:\/\/amberwithsilver.com\/product\/baroko-formos-gintaro-detales-citrinos-spalva\/","name":"Baroko formos gintaro detal\u0117s - citrinos spalva - AmberWithSilver","isPartOf":{"@id":"https:\/\/amberwithsilver.com\/en\/#website"},"primaryImageOfPage":{"@id":"https:\/\/amberwithsilver.com\/product\/baroko-formos-gintaro-detales-citrinos-spalva\/#primaryimage"},"image":{"@id":"https:\/\/amberwithsilver.com\/product\/baroko-formos-gintaro-detales-citrinos-spalva\/#primaryimage"},"thumbnailUrl":"https:\/\/amberwithsilver.com\/wp-content\/uploads\/2021\/03\/img_3540-2-scaled.jpeg","datePublished":"2021-03-25T13:25:58+00:00","dateModified":"2021-08-10T09:00:22+00:00","description":"Baroko formos gintaro detal\u0117s \u2013 citrinin\u0117 spalva, \u0161vies\u016bs karoliukai, nat\u016bralus Baltijos gintaras, loose lemon amber beads","breadcrumb":{"@id":"https:\/\/amberwithsilver.com\/product\/baroko-formos-gintaro-detales-citrinos-spalva\/#breadcrumb"},"inLanguage":"en-US","potentialAction":[{"@type":"ReadAction","target":["https:\/\/amberwithsilver.com\/product\/baroko-formos-gintaro-detales-citrinos-spalva\/"]}]},{"@type":"ImageObject","inLanguage":"en-US","@id":"https:\/\/amberwithsilver.com\/product\/baroko-formos-gintaro-detales-citrinos-spalva\/#primaryimage","url":"https:\/\/amberwithsilver.com\/wp-content\/uploads\/2021\/03\/img_3540-2-scaled.jpeg","contentUrl":"https:\/\/amberwithsilver.com\/wp-content\/uploads\/2021\/03\/img_3540-2-scaled.jpeg","width":2454,"height":2560},{"@type":"BreadcrumbList","@id":"https:\/\/amberwithsilver.com\/product\/baroko-formos-gintaro-detales-citrinos-spalva\/#breadcrumb","itemListElement":[{"@type":"ListItem","position":1,"name":"Home","item":"https:\/\/amberwithsilver.com\/"},{"@type":"ListItem","position":2,"name":"Parduotuv\u0117","item":"https:\/\/amberwithsilver.com\/en\/parduotuve\/"},{"@type":"ListItem","position":3,"name":"Baroko formos gintaro detal\u0117s &#8211; citrinos spalva"}]},{"@type":"WebSite","@id":"https:\/\/amberwithsilver.com\/en\/#website","url":"https:\/\/amberwithsilver.com\/en\/","name":"AmberWithSilver","description":"Amber-Silver","publisher":{"@id":"https:\/\/amberwithsilver.com\/en\/#organization"},"potentialAction":[{"@type":"SearchAction","target":{"@type":"EntryPoint","urlTemplate":"https:\/\/amberwithsilver.com\/en\/?s={search_term_string}"},"query-input":{"@type":"PropertyValueSpecification","valueRequired":true,"valueName":"search_term_string"}}],"inLanguage":"en-US"},{"@type":"Organization","@id":"https:\/\/amberwithsilver.com\/en\/#organization","name":"amberwithsilver","url":"https:\/\/amberwithsilver.com\/en\/","logo":{"@type":"ImageObject","inLanguage":"en-US","@id":"https:\/\/amberwithsilver.com\/en\/#\/schema\/logo\/image\/","url":"https:\/\/i0.wp.com\/amberwithsilver.com\/wp-content\/uploads\/2020\/12\/logo.jpg?fit=232%2C116&ssl=1","contentUrl":"https:\/\/i0.wp.com\/amberwithsilver.com\/wp-content\/uploads\/2020\/12\/logo.jpg?fit=232%2C116&ssl=1","width":232,"height":116,"caption":"amberwithsilver"},"image":{"@id":"https:\/\/amberwithsilver.com\/en\/#\/schema\/logo\/image\/"}}]}},"jetpack_sharing_enabled":true,"_links":{"self":[{"href":"https:\/\/amberwithsilver.com\/en\/wp-json\/wp\/v2\/product\/1072","targetHints":{"allow":["GET"]}}],"collection":[{"href":"https:\/\/amberwithsilver.com\/en\/wp-json\/wp\/v2\/product"}],"about":[{"href":"https:\/\/amberwithsilver.com\/en\/wp-json\/wp\/v2\/types\/product"}],"replies":[{"embeddable":true,"href":"https:\/\/amberwithsilver.com\/en\/wp-json\/wp\/v2\/comments?post=1072"}],"version-history":[{"count":0,"href":"https:\/\/amberwithsilver.com\/en\/wp-json\/wp\/v2\/product\/1072\/revisions"}],"wp:featuredmedia":[{"embeddable":true,"href":"https:\/\/amberwithsilver.com\/en\/wp-json\/wp\/v2\/media\/1085"}],"wp:attachment":[{"href":"https:\/\/amberwithsilver.com\/en\/wp-json\/wp\/v2\/media?parent=1072"}],"wp:term":[{"taxonomy":"product_brand","embeddable":true,"href":"https:\/\/amberwithsilver.com\/en\/wp-json\/wp\/v2\/product_brand?post=1072"},{"taxonomy":"product_cat","embeddable":true,"href":"https:\/\/amberwithsilver.com\/en\/wp-json\/wp\/v2\/product_cat?post=1072"},{"taxonomy":"product_tag","embeddable":true,"href":"https:\/\/amberwithsilver.com\/en\/wp-json\/wp\/v2\/product_tag?post=1072"}],"curies":[{"name":"wp","href":"https:\/\/api.w.org\/{rel}","templated":true}]}}