{"id":1088,"date":"2021-03-27T12:20:18","date_gmt":"2021-03-27T10:20:18","guid":{"rendered":"http:\/\/amberwithsilver.com\/?post_type=product&#038;p=1088"},"modified":"2021-08-11T12:27:35","modified_gmt":"2021-08-11T10:27:35","slug":"gintaro-rutuliukas-32mm","status":"publish","type":"product","link":"https:\/\/amberwithsilver.com\/en\/product\/gintaro-rutuliukas-32mm\/","title":{"rendered":"Round amber bead, 32mm"},"content":{"rendered":"<p>Round amber bead is made of Baltic amber material, high quality, polished, without hole. If you are interested in different size, shape and color of this product, please contact us by e-mail: baltijosgintaras@gmail.com<\/p>\n<ul>\n<li>Natural Baltic amber<\/li>\n<li>Yellow, milky color<\/li>\n<li>Without hole<\/li>\n<li>Bead size - 32mm<\/li>\n<li>Weight ~ 20,00 gr.<\/li>\n<\/ul>\n<p>&nbsp;<\/p>\n<p>&nbsp;<\/p>","protected":false},"excerpt":{"rendered":"<p>Round amber bead is made of Baltic amber material, high quality, polished, without hole. If you are interested in different size, shape and color of this product, please contact us by e-mail: baltijosgintaras@gmail.com<\/p>\n<ul>\n<li>Natural Baltic amber<\/li>\n<li>Yellow, milky color<\/li>\n<li>Without hole<\/li>\n<li>Bead size - 32mm<\/li>\n<li>Weight ~ 20,00 gr.<\/li>\n<\/ul>","protected":false},"featured_media":1090,"comment_status":"open","ping_status":"closed","template":"","meta":[],"product_brand":[],"product_cat":[42],"product_tag":[111,170,171,172,173,174,175,381],"class_list":{"0":"post-1088","1":"product","2":"type-product","3":"status-publish","4":"has-post-thumbnail","6":"product_cat-gintaro-detales","7":"product_tag-round-amber-beads","8":"product_tag-amber-beads-32mm","9":"product_tag-yellow-milky-amber-beads","10":"product_tag-baltic-amber-beads","11":"product_tag-baltijos-gintaro-rutuliukas","12":"product_tag-gintaro-saratas","13":"product_tag-apvalus-gintarinis-saratelis","14":"product_tag-visi","16":"first","17":"instock","18":"sold-individually","19":"taxable","20":"shipping-taxable","21":"purchasable","22":"product-type-simple"},"yoast_head":"<!-- This site is optimized with the Yoast SEO Premium plugin v23.4 (Yoast SEO v26.8) - https:\/\/yoast.com\/product\/yoast-seo-premium-wordpress\/ -->\n<title>Gintaro rutuliukas, 32mm - AmberWithSilver<\/title>\n<meta name=\"description\" content=\"Apvalus gintaro \u0161aratas, Baltijos gintaro \u0161arat\u0117lis, nat\u016bralus gintaro rutuliukas, round amber beads of 32mm\" \/>\n<meta name=\"robots\" content=\"index, follow, max-snippet:-1, max-image-preview:large, max-video-preview:-1\" \/>\n<link rel=\"canonical\" href=\"https:\/\/amberwithsilver.com\/en\/product\/gintaro-rutuliukas-32mm\/\" \/>\n<meta property=\"og:locale\" content=\"en_US\" \/>\n<meta property=\"og:type\" content=\"article\" \/>\n<meta property=\"og:title\" content=\"Gintaro rutuliukas, 32mm\" \/>\n<meta property=\"og:description\" content=\"Apvalus gintaro \u0161aratas, Baltijos gintaro \u0161arat\u0117lis, nat\u016bralus gintaro rutuliukas, round amber beads of 32mm\" \/>\n<meta property=\"og:url\" content=\"https:\/\/amberwithsilver.com\/en\/product\/gintaro-rutuliukas-32mm\/\" \/>\n<meta property=\"og:site_name\" content=\"AmberWithSilver\" \/>\n<meta property=\"article:modified_time\" content=\"2021-08-11T10:27:35+00:00\" \/>\n<meta property=\"og:image\" content=\"https:\/\/amberwithsilver.com\/wp-content\/uploads\/2021\/03\/img_3547-scaled.jpeg\" \/>\n\t<meta property=\"og:image:width\" content=\"2560\" \/>\n\t<meta property=\"og:image:height\" content=\"2412\" \/>\n\t<meta property=\"og:image:type\" content=\"image\/jpeg\" \/>\n<meta name=\"twitter:card\" content=\"summary_large_image\" \/>\n<script type=\"application\/ld+json\" class=\"yoast-schema-graph\">{\"@context\":\"https:\/\/schema.org\",\"@graph\":[{\"@type\":\"WebPage\",\"@id\":\"https:\/\/amberwithsilver.com\/product\/gintaro-rutuliukas-32mm\/\",\"url\":\"https:\/\/amberwithsilver.com\/product\/gintaro-rutuliukas-32mm\/\",\"name\":\"Gintaro rutuliukas, 32mm - AmberWithSilver\",\"isPartOf\":{\"@id\":\"https:\/\/amberwithsilver.com\/en\/#website\"},\"primaryImageOfPage\":{\"@id\":\"https:\/\/amberwithsilver.com\/product\/gintaro-rutuliukas-32mm\/#primaryimage\"},\"image\":{\"@id\":\"https:\/\/amberwithsilver.com\/product\/gintaro-rutuliukas-32mm\/#primaryimage\"},\"thumbnailUrl\":\"https:\/\/amberwithsilver.com\/wp-content\/uploads\/2021\/03\/img_3547-scaled.jpeg\",\"datePublished\":\"2021-03-27T10:20:18+00:00\",\"dateModified\":\"2021-08-11T10:27:35+00:00\",\"description\":\"Apvalus gintaro \u0161aratas, Baltijos gintaro \u0161arat\u0117lis, nat\u016bralus gintaro rutuliukas, round amber beads of 32mm\",\"breadcrumb\":{\"@id\":\"https:\/\/amberwithsilver.com\/product\/gintaro-rutuliukas-32mm\/#breadcrumb\"},\"inLanguage\":\"en-US\",\"potentialAction\":[{\"@type\":\"ReadAction\",\"target\":[\"https:\/\/amberwithsilver.com\/product\/gintaro-rutuliukas-32mm\/\"]}]},{\"@type\":\"ImageObject\",\"inLanguage\":\"en-US\",\"@id\":\"https:\/\/amberwithsilver.com\/product\/gintaro-rutuliukas-32mm\/#primaryimage\",\"url\":\"https:\/\/amberwithsilver.com\/wp-content\/uploads\/2021\/03\/img_3547-scaled.jpeg\",\"contentUrl\":\"https:\/\/amberwithsilver.com\/wp-content\/uploads\/2021\/03\/img_3547-scaled.jpeg\",\"width\":2560,\"height\":2412,\"caption\":\"GIntaro rutuliukas 32mm, round amber bead 32mm\"},{\"@type\":\"BreadcrumbList\",\"@id\":\"https:\/\/amberwithsilver.com\/product\/gintaro-rutuliukas-32mm\/#breadcrumb\",\"itemListElement\":[{\"@type\":\"ListItem\",\"position\":1,\"name\":\"Home\",\"item\":\"https:\/\/amberwithsilver.com\/\"},{\"@type\":\"ListItem\",\"position\":2,\"name\":\"Parduotuv\u0117\",\"item\":\"https:\/\/amberwithsilver.com\/en\/parduotuve\/\"},{\"@type\":\"ListItem\",\"position\":3,\"name\":\"Gintaro rutuliukas, 32mm\"}]},{\"@type\":\"WebSite\",\"@id\":\"https:\/\/amberwithsilver.com\/en\/#website\",\"url\":\"https:\/\/amberwithsilver.com\/en\/\",\"name\":\"AmberWithSilver\",\"description\":\"Amber-Silver\",\"publisher\":{\"@id\":\"https:\/\/amberwithsilver.com\/en\/#organization\"},\"potentialAction\":[{\"@type\":\"SearchAction\",\"target\":{\"@type\":\"EntryPoint\",\"urlTemplate\":\"https:\/\/amberwithsilver.com\/en\/?s={search_term_string}\"},\"query-input\":{\"@type\":\"PropertyValueSpecification\",\"valueRequired\":true,\"valueName\":\"search_term_string\"}}],\"inLanguage\":\"en-US\"},{\"@type\":\"Organization\",\"@id\":\"https:\/\/amberwithsilver.com\/en\/#organization\",\"name\":\"amberwithsilver\",\"url\":\"https:\/\/amberwithsilver.com\/en\/\",\"logo\":{\"@type\":\"ImageObject\",\"inLanguage\":\"en-US\",\"@id\":\"https:\/\/amberwithsilver.com\/en\/#\/schema\/logo\/image\/\",\"url\":\"https:\/\/i0.wp.com\/amberwithsilver.com\/wp-content\/uploads\/2020\/12\/logo.jpg?fit=232%2C116&ssl=1\",\"contentUrl\":\"https:\/\/i0.wp.com\/amberwithsilver.com\/wp-content\/uploads\/2020\/12\/logo.jpg?fit=232%2C116&ssl=1\",\"width\":232,\"height\":116,\"caption\":\"amberwithsilver\"},\"image\":{\"@id\":\"https:\/\/amberwithsilver.com\/en\/#\/schema\/logo\/image\/\"}}]}<\/script>\n<!-- \/ Yoast SEO Premium plugin. -->","yoast_head_json":{"title":"Gintaro rutuliukas, 32mm - AmberWithSilver","description":"Apvalus gintaro \u0161aratas, Baltijos gintaro \u0161arat\u0117lis, nat\u016bralus gintaro rutuliukas, round amber beads of 32mm","robots":{"index":"index","follow":"follow","max-snippet":"max-snippet:-1","max-image-preview":"max-image-preview:large","max-video-preview":"max-video-preview:-1"},"canonical":"https:\/\/amberwithsilver.com\/en\/product\/gintaro-rutuliukas-32mm\/","og_locale":"en_US","og_type":"article","og_title":"Gintaro rutuliukas, 32mm","og_description":"Apvalus gintaro \u0161aratas, Baltijos gintaro \u0161arat\u0117lis, nat\u016bralus gintaro rutuliukas, round amber beads of 32mm","og_url":"https:\/\/amberwithsilver.com\/en\/product\/gintaro-rutuliukas-32mm\/","og_site_name":"AmberWithSilver","article_modified_time":"2021-08-11T10:27:35+00:00","og_image":[{"width":2560,"height":2412,"url":"https:\/\/amberwithsilver.com\/wp-content\/uploads\/2021\/03\/img_3547-scaled.jpeg","type":"image\/jpeg"}],"twitter_card":"summary_large_image","schema":{"@context":"https:\/\/schema.org","@graph":[{"@type":"WebPage","@id":"https:\/\/amberwithsilver.com\/product\/gintaro-rutuliukas-32mm\/","url":"https:\/\/amberwithsilver.com\/product\/gintaro-rutuliukas-32mm\/","name":"Gintaro rutuliukas, 32mm - AmberWithSilver","isPartOf":{"@id":"https:\/\/amberwithsilver.com\/en\/#website"},"primaryImageOfPage":{"@id":"https:\/\/amberwithsilver.com\/product\/gintaro-rutuliukas-32mm\/#primaryimage"},"image":{"@id":"https:\/\/amberwithsilver.com\/product\/gintaro-rutuliukas-32mm\/#primaryimage"},"thumbnailUrl":"https:\/\/amberwithsilver.com\/wp-content\/uploads\/2021\/03\/img_3547-scaled.jpeg","datePublished":"2021-03-27T10:20:18+00:00","dateModified":"2021-08-11T10:27:35+00:00","description":"Apvalus gintaro \u0161aratas, Baltijos gintaro \u0161arat\u0117lis, nat\u016bralus gintaro rutuliukas, round amber beads of 32mm","breadcrumb":{"@id":"https:\/\/amberwithsilver.com\/product\/gintaro-rutuliukas-32mm\/#breadcrumb"},"inLanguage":"en-US","potentialAction":[{"@type":"ReadAction","target":["https:\/\/amberwithsilver.com\/product\/gintaro-rutuliukas-32mm\/"]}]},{"@type":"ImageObject","inLanguage":"en-US","@id":"https:\/\/amberwithsilver.com\/product\/gintaro-rutuliukas-32mm\/#primaryimage","url":"https:\/\/amberwithsilver.com\/wp-content\/uploads\/2021\/03\/img_3547-scaled.jpeg","contentUrl":"https:\/\/amberwithsilver.com\/wp-content\/uploads\/2021\/03\/img_3547-scaled.jpeg","width":2560,"height":2412,"caption":"GIntaro rutuliukas 32mm, round amber bead 32mm"},{"@type":"BreadcrumbList","@id":"https:\/\/amberwithsilver.com\/product\/gintaro-rutuliukas-32mm\/#breadcrumb","itemListElement":[{"@type":"ListItem","position":1,"name":"Home","item":"https:\/\/amberwithsilver.com\/"},{"@type":"ListItem","position":2,"name":"Parduotuv\u0117","item":"https:\/\/amberwithsilver.com\/en\/parduotuve\/"},{"@type":"ListItem","position":3,"name":"Gintaro rutuliukas, 32mm"}]},{"@type":"WebSite","@id":"https:\/\/amberwithsilver.com\/en\/#website","url":"https:\/\/amberwithsilver.com\/en\/","name":"AmberWithSilver","description":"Amber-Silver","publisher":{"@id":"https:\/\/amberwithsilver.com\/en\/#organization"},"potentialAction":[{"@type":"SearchAction","target":{"@type":"EntryPoint","urlTemplate":"https:\/\/amberwithsilver.com\/en\/?s={search_term_string}"},"query-input":{"@type":"PropertyValueSpecification","valueRequired":true,"valueName":"search_term_string"}}],"inLanguage":"en-US"},{"@type":"Organization","@id":"https:\/\/amberwithsilver.com\/en\/#organization","name":"amberwithsilver","url":"https:\/\/amberwithsilver.com\/en\/","logo":{"@type":"ImageObject","inLanguage":"en-US","@id":"https:\/\/amberwithsilver.com\/en\/#\/schema\/logo\/image\/","url":"https:\/\/i0.wp.com\/amberwithsilver.com\/wp-content\/uploads\/2020\/12\/logo.jpg?fit=232%2C116&ssl=1","contentUrl":"https:\/\/i0.wp.com\/amberwithsilver.com\/wp-content\/uploads\/2020\/12\/logo.jpg?fit=232%2C116&ssl=1","width":232,"height":116,"caption":"amberwithsilver"},"image":{"@id":"https:\/\/amberwithsilver.com\/en\/#\/schema\/logo\/image\/"}}]}},"jetpack_sharing_enabled":true,"_links":{"self":[{"href":"https:\/\/amberwithsilver.com\/en\/wp-json\/wp\/v2\/product\/1088","targetHints":{"allow":["GET"]}}],"collection":[{"href":"https:\/\/amberwithsilver.com\/en\/wp-json\/wp\/v2\/product"}],"about":[{"href":"https:\/\/amberwithsilver.com\/en\/wp-json\/wp\/v2\/types\/product"}],"replies":[{"embeddable":true,"href":"https:\/\/amberwithsilver.com\/en\/wp-json\/wp\/v2\/comments?post=1088"}],"version-history":[{"count":0,"href":"https:\/\/amberwithsilver.com\/en\/wp-json\/wp\/v2\/product\/1088\/revisions"}],"wp:featuredmedia":[{"embeddable":true,"href":"https:\/\/amberwithsilver.com\/en\/wp-json\/wp\/v2\/media\/1090"}],"wp:attachment":[{"href":"https:\/\/amberwithsilver.com\/en\/wp-json\/wp\/v2\/media?parent=1088"}],"wp:term":[{"taxonomy":"product_brand","embeddable":true,"href":"https:\/\/amberwithsilver.com\/en\/wp-json\/wp\/v2\/product_brand?post=1088"},{"taxonomy":"product_cat","embeddable":true,"href":"https:\/\/amberwithsilver.com\/en\/wp-json\/wp\/v2\/product_cat?post=1088"},{"taxonomy":"product_tag","embeddable":true,"href":"https:\/\/amberwithsilver.com\/en\/wp-json\/wp\/v2\/product_tag?post=1088"}],"curies":[{"name":"wp","href":"https:\/\/api.w.org\/{rel}","templated":true}]}}