{"id":1104,"date":"2021-03-30T17:59:03","date_gmt":"2021-03-30T15:59:03","guid":{"rendered":"http:\/\/amberwithsilver.com\/?post_type=product&#038;p=1104"},"modified":"2021-08-10T11:00:22","modified_gmt":"2021-08-10T09:00:22","slug":"slyvuciu-formos-gintaro-detales-medaus-spalva","status":"publish","type":"product","link":"https:\/\/amberwithsilver.com\/en\/product\/slyvuciu-formos-gintaro-detales-medaus-spalva\/","title":{"rendered":"Loose nugget honey amber beads"},"content":{"rendered":"<p>Honey color loose nugget beads. Baltic amber loose beads are polished, with holes. Our customers have the possibility to create their individual product. This also applies to baby teething amber necklaces, baby bracelets, adult necklaces and bracelets or any other amber jewelry.<\/p>\n<ul>\n<li>Natural Baltic amber<\/li>\n<li>Honey color<\/li>\n<li>Nugget shape beads<\/li>\n<li>With a hole<\/li>\n<li>The size of amber up to ~ 5-6mm.<\/li>\n<\/ul>","protected":false},"excerpt":{"rendered":"<p>Honey color loose nugget beads. Baltic amber loose beads are polished, with holes. Our customers have the possibility to create their individual product. This also applies to baby teething amber necklaces, baby bracelets, adult necklaces and bracelets or any other amber jewelry.<\/p>\n<ul>\n<li>Natural Baltic amber<\/li>\n<li>Honey color<\/li>\n<li>Nugget shape beads<\/li>\n<li>With a hole<\/li>\n<li>The size of amber up to ~ 5-6mm.<\/li>\n<\/ul>","protected":false},"featured_media":1151,"comment_status":"open","ping_status":"closed","template":"","meta":[],"product_brand":[],"product_cat":[42],"product_tag":[152,181,182,183,184,185,186,187,188,381],"class_list":{"0":"post-1104","1":"product","2":"type-product","3":"status-publish","4":"has-post-thumbnail","6":"product_cat-gintaro-detales","7":"product_tag-naturalus-baltijos-gintaras","8":"product_tag-slyvuciu-formos-gintaro-detales-medaus-spalva","9":"product_tag-medaus-gintaro-spalva","10":"product_tag-slyvuciu-forma","11":"product_tag-gintari-detales","12":"product_tag-loose-olive-amber-beads","13":"product_tag-honey-nugget-amber","14":"product_tag-nugget-shape-beads","15":"product_tag-nugget-amber-beads","16":"product_tag-visi","18":"first","19":"instock","20":"taxable","21":"shipping-taxable","22":"purchasable","23":"product-type-variable"},"yoast_head":"<!-- This site is optimized with the Yoast SEO Premium plugin v23.4 (Yoast SEO v26.8) - https:\/\/yoast.com\/product\/yoast-seo-premium-wordpress\/ -->\n<title>Slyvu\u010di\u0173 formos gintaro detal\u0117s - medaus spalva - AmberWithSilver<\/title>\n<meta name=\"description\" content=\"Medaus spalvos slyvu\u010di\u0173 formos gintaro detal\u0117s. Tai yra gr\u0119\u017eti ir poliruoti Baltijos gintaro palaidi karoliukai. Loose nugget amber beads\" \/>\n<meta name=\"robots\" content=\"index, follow, max-snippet:-1, max-image-preview:large, max-video-preview:-1\" \/>\n<link rel=\"canonical\" href=\"https:\/\/amberwithsilver.com\/en\/product\/slyvuciu-formos-gintaro-detales-medaus-spalva\/\" \/>\n<meta property=\"og:locale\" content=\"en_US\" \/>\n<meta property=\"og:type\" content=\"article\" \/>\n<meta property=\"og:title\" content=\"Slyvu\u010di\u0173 formos gintaro detal\u0117s - medaus spalva\" \/>\n<meta property=\"og:description\" content=\"Medaus spalvos slyvu\u010di\u0173 formos gintaro detal\u0117s. Tai yra gr\u0119\u017eti ir poliruoti Baltijos gintaro palaidi karoliukai. Loose nugget amber beads\" \/>\n<meta property=\"og:url\" content=\"https:\/\/amberwithsilver.com\/en\/product\/slyvuciu-formos-gintaro-detales-medaus-spalva\/\" \/>\n<meta property=\"og:site_name\" content=\"AmberWithSilver\" \/>\n<meta property=\"article:modified_time\" content=\"2021-08-10T09:00:22+00:00\" \/>\n<meta property=\"og:image\" content=\"https:\/\/amberwithsilver.com\/wp-content\/uploads\/2021\/04\/img_3662-1-scaled.jpeg\" \/>\n\t<meta property=\"og:image:width\" content=\"2216\" \/>\n\t<meta property=\"og:image:height\" content=\"2560\" \/>\n\t<meta property=\"og:image:type\" content=\"image\/jpeg\" \/>\n<meta name=\"twitter:card\" content=\"summary_large_image\" \/>\n<script type=\"application\/ld+json\" class=\"yoast-schema-graph\">{\"@context\":\"https:\/\/schema.org\",\"@graph\":[{\"@type\":\"WebPage\",\"@id\":\"https:\/\/amberwithsilver.com\/product\/slyvuciu-formos-gintaro-detales-medaus-spalva\/\",\"url\":\"https:\/\/amberwithsilver.com\/product\/slyvuciu-formos-gintaro-detales-medaus-spalva\/\",\"name\":\"Slyvu\u010di\u0173 formos gintaro detal\u0117s - medaus spalva - AmberWithSilver\",\"isPartOf\":{\"@id\":\"https:\/\/amberwithsilver.com\/en\/#website\"},\"primaryImageOfPage\":{\"@id\":\"https:\/\/amberwithsilver.com\/product\/slyvuciu-formos-gintaro-detales-medaus-spalva\/#primaryimage\"},\"image\":{\"@id\":\"https:\/\/amberwithsilver.com\/product\/slyvuciu-formos-gintaro-detales-medaus-spalva\/#primaryimage\"},\"thumbnailUrl\":\"https:\/\/amberwithsilver.com\/wp-content\/uploads\/2021\/04\/img_3662-1-scaled.jpeg\",\"datePublished\":\"2021-03-30T15:59:03+00:00\",\"dateModified\":\"2021-08-10T09:00:22+00:00\",\"description\":\"Medaus spalvos slyvu\u010di\u0173 formos gintaro detal\u0117s. Tai yra gr\u0119\u017eti ir poliruoti Baltijos gintaro palaidi karoliukai. Loose nugget amber beads\",\"breadcrumb\":{\"@id\":\"https:\/\/amberwithsilver.com\/product\/slyvuciu-formos-gintaro-detales-medaus-spalva\/#breadcrumb\"},\"inLanguage\":\"en-US\",\"potentialAction\":[{\"@type\":\"ReadAction\",\"target\":[\"https:\/\/amberwithsilver.com\/product\/slyvuciu-formos-gintaro-detales-medaus-spalva\/\"]}]},{\"@type\":\"ImageObject\",\"inLanguage\":\"en-US\",\"@id\":\"https:\/\/amberwithsilver.com\/product\/slyvuciu-formos-gintaro-detales-medaus-spalva\/#primaryimage\",\"url\":\"https:\/\/amberwithsilver.com\/wp-content\/uploads\/2021\/04\/img_3662-1-scaled.jpeg\",\"contentUrl\":\"https:\/\/amberwithsilver.com\/wp-content\/uploads\/2021\/04\/img_3662-1-scaled.jpeg\",\"width\":2216,\"height\":2560},{\"@type\":\"BreadcrumbList\",\"@id\":\"https:\/\/amberwithsilver.com\/product\/slyvuciu-formos-gintaro-detales-medaus-spalva\/#breadcrumb\",\"itemListElement\":[{\"@type\":\"ListItem\",\"position\":1,\"name\":\"Home\",\"item\":\"https:\/\/amberwithsilver.com\/\"},{\"@type\":\"ListItem\",\"position\":2,\"name\":\"Parduotuv\u0117\",\"item\":\"https:\/\/amberwithsilver.com\/en\/parduotuve\/\"},{\"@type\":\"ListItem\",\"position\":3,\"name\":\"Slyvu\u010di\u0173 formos gintaro detal\u0117s &#8211; medaus spalva\"}]},{\"@type\":\"WebSite\",\"@id\":\"https:\/\/amberwithsilver.com\/en\/#website\",\"url\":\"https:\/\/amberwithsilver.com\/en\/\",\"name\":\"AmberWithSilver\",\"description\":\"Amber-Silver\",\"publisher\":{\"@id\":\"https:\/\/amberwithsilver.com\/en\/#organization\"},\"potentialAction\":[{\"@type\":\"SearchAction\",\"target\":{\"@type\":\"EntryPoint\",\"urlTemplate\":\"https:\/\/amberwithsilver.com\/en\/?s={search_term_string}\"},\"query-input\":{\"@type\":\"PropertyValueSpecification\",\"valueRequired\":true,\"valueName\":\"search_term_string\"}}],\"inLanguage\":\"en-US\"},{\"@type\":\"Organization\",\"@id\":\"https:\/\/amberwithsilver.com\/en\/#organization\",\"name\":\"amberwithsilver\",\"url\":\"https:\/\/amberwithsilver.com\/en\/\",\"logo\":{\"@type\":\"ImageObject\",\"inLanguage\":\"en-US\",\"@id\":\"https:\/\/amberwithsilver.com\/en\/#\/schema\/logo\/image\/\",\"url\":\"https:\/\/i0.wp.com\/amberwithsilver.com\/wp-content\/uploads\/2020\/12\/logo.jpg?fit=232%2C116&ssl=1\",\"contentUrl\":\"https:\/\/i0.wp.com\/amberwithsilver.com\/wp-content\/uploads\/2020\/12\/logo.jpg?fit=232%2C116&ssl=1\",\"width\":232,\"height\":116,\"caption\":\"amberwithsilver\"},\"image\":{\"@id\":\"https:\/\/amberwithsilver.com\/en\/#\/schema\/logo\/image\/\"}}]}<\/script>\n<!-- \/ Yoast SEO Premium plugin. -->","yoast_head_json":{"title":"Slyvu\u010di\u0173 formos gintaro detal\u0117s - medaus spalva - AmberWithSilver","description":"Medaus spalvos slyvu\u010di\u0173 formos gintaro detal\u0117s. Tai yra gr\u0119\u017eti ir poliruoti Baltijos gintaro palaidi karoliukai. Loose nugget amber beads","robots":{"index":"index","follow":"follow","max-snippet":"max-snippet:-1","max-image-preview":"max-image-preview:large","max-video-preview":"max-video-preview:-1"},"canonical":"https:\/\/amberwithsilver.com\/en\/product\/slyvuciu-formos-gintaro-detales-medaus-spalva\/","og_locale":"en_US","og_type":"article","og_title":"Slyvu\u010di\u0173 formos gintaro detal\u0117s - medaus spalva","og_description":"Medaus spalvos slyvu\u010di\u0173 formos gintaro detal\u0117s. Tai yra gr\u0119\u017eti ir poliruoti Baltijos gintaro palaidi karoliukai. Loose nugget amber beads","og_url":"https:\/\/amberwithsilver.com\/en\/product\/slyvuciu-formos-gintaro-detales-medaus-spalva\/","og_site_name":"AmberWithSilver","article_modified_time":"2021-08-10T09:00:22+00:00","og_image":[{"width":2216,"height":2560,"url":"https:\/\/amberwithsilver.com\/wp-content\/uploads\/2021\/04\/img_3662-1-scaled.jpeg","type":"image\/jpeg"}],"twitter_card":"summary_large_image","schema":{"@context":"https:\/\/schema.org","@graph":[{"@type":"WebPage","@id":"https:\/\/amberwithsilver.com\/product\/slyvuciu-formos-gintaro-detales-medaus-spalva\/","url":"https:\/\/amberwithsilver.com\/product\/slyvuciu-formos-gintaro-detales-medaus-spalva\/","name":"Slyvu\u010di\u0173 formos gintaro detal\u0117s - medaus spalva - AmberWithSilver","isPartOf":{"@id":"https:\/\/amberwithsilver.com\/en\/#website"},"primaryImageOfPage":{"@id":"https:\/\/amberwithsilver.com\/product\/slyvuciu-formos-gintaro-detales-medaus-spalva\/#primaryimage"},"image":{"@id":"https:\/\/amberwithsilver.com\/product\/slyvuciu-formos-gintaro-detales-medaus-spalva\/#primaryimage"},"thumbnailUrl":"https:\/\/amberwithsilver.com\/wp-content\/uploads\/2021\/04\/img_3662-1-scaled.jpeg","datePublished":"2021-03-30T15:59:03+00:00","dateModified":"2021-08-10T09:00:22+00:00","description":"Medaus spalvos slyvu\u010di\u0173 formos gintaro detal\u0117s. Tai yra gr\u0119\u017eti ir poliruoti Baltijos gintaro palaidi karoliukai. Loose nugget amber beads","breadcrumb":{"@id":"https:\/\/amberwithsilver.com\/product\/slyvuciu-formos-gintaro-detales-medaus-spalva\/#breadcrumb"},"inLanguage":"en-US","potentialAction":[{"@type":"ReadAction","target":["https:\/\/amberwithsilver.com\/product\/slyvuciu-formos-gintaro-detales-medaus-spalva\/"]}]},{"@type":"ImageObject","inLanguage":"en-US","@id":"https:\/\/amberwithsilver.com\/product\/slyvuciu-formos-gintaro-detales-medaus-spalva\/#primaryimage","url":"https:\/\/amberwithsilver.com\/wp-content\/uploads\/2021\/04\/img_3662-1-scaled.jpeg","contentUrl":"https:\/\/amberwithsilver.com\/wp-content\/uploads\/2021\/04\/img_3662-1-scaled.jpeg","width":2216,"height":2560},{"@type":"BreadcrumbList","@id":"https:\/\/amberwithsilver.com\/product\/slyvuciu-formos-gintaro-detales-medaus-spalva\/#breadcrumb","itemListElement":[{"@type":"ListItem","position":1,"name":"Home","item":"https:\/\/amberwithsilver.com\/"},{"@type":"ListItem","position":2,"name":"Parduotuv\u0117","item":"https:\/\/amberwithsilver.com\/en\/parduotuve\/"},{"@type":"ListItem","position":3,"name":"Slyvu\u010di\u0173 formos gintaro detal\u0117s &#8211; medaus spalva"}]},{"@type":"WebSite","@id":"https:\/\/amberwithsilver.com\/en\/#website","url":"https:\/\/amberwithsilver.com\/en\/","name":"AmberWithSilver","description":"Amber-Silver","publisher":{"@id":"https:\/\/amberwithsilver.com\/en\/#organization"},"potentialAction":[{"@type":"SearchAction","target":{"@type":"EntryPoint","urlTemplate":"https:\/\/amberwithsilver.com\/en\/?s={search_term_string}"},"query-input":{"@type":"PropertyValueSpecification","valueRequired":true,"valueName":"search_term_string"}}],"inLanguage":"en-US"},{"@type":"Organization","@id":"https:\/\/amberwithsilver.com\/en\/#organization","name":"amberwithsilver","url":"https:\/\/amberwithsilver.com\/en\/","logo":{"@type":"ImageObject","inLanguage":"en-US","@id":"https:\/\/amberwithsilver.com\/en\/#\/schema\/logo\/image\/","url":"https:\/\/i0.wp.com\/amberwithsilver.com\/wp-content\/uploads\/2020\/12\/logo.jpg?fit=232%2C116&ssl=1","contentUrl":"https:\/\/i0.wp.com\/amberwithsilver.com\/wp-content\/uploads\/2020\/12\/logo.jpg?fit=232%2C116&ssl=1","width":232,"height":116,"caption":"amberwithsilver"},"image":{"@id":"https:\/\/amberwithsilver.com\/en\/#\/schema\/logo\/image\/"}}]}},"jetpack_sharing_enabled":true,"_links":{"self":[{"href":"https:\/\/amberwithsilver.com\/en\/wp-json\/wp\/v2\/product\/1104","targetHints":{"allow":["GET"]}}],"collection":[{"href":"https:\/\/amberwithsilver.com\/en\/wp-json\/wp\/v2\/product"}],"about":[{"href":"https:\/\/amberwithsilver.com\/en\/wp-json\/wp\/v2\/types\/product"}],"replies":[{"embeddable":true,"href":"https:\/\/amberwithsilver.com\/en\/wp-json\/wp\/v2\/comments?post=1104"}],"version-history":[{"count":0,"href":"https:\/\/amberwithsilver.com\/en\/wp-json\/wp\/v2\/product\/1104\/revisions"}],"wp:featuredmedia":[{"embeddable":true,"href":"https:\/\/amberwithsilver.com\/en\/wp-json\/wp\/v2\/media\/1151"}],"wp:attachment":[{"href":"https:\/\/amberwithsilver.com\/en\/wp-json\/wp\/v2\/media?parent=1104"}],"wp:term":[{"taxonomy":"product_brand","embeddable":true,"href":"https:\/\/amberwithsilver.com\/en\/wp-json\/wp\/v2\/product_brand?post=1104"},{"taxonomy":"product_cat","embeddable":true,"href":"https:\/\/amberwithsilver.com\/en\/wp-json\/wp\/v2\/product_cat?post=1104"},{"taxonomy":"product_tag","embeddable":true,"href":"https:\/\/amberwithsilver.com\/en\/wp-json\/wp\/v2\/product_tag?post=1104"}],"curies":[{"name":"wp","href":"https:\/\/api.w.org\/{rel}","templated":true}]}}