{"id":1154,"date":"2021-04-01T14:21:50","date_gmt":"2021-04-01T12:21:50","guid":{"rendered":"http:\/\/amberwithsilver.com\/?post_type=product&#038;p=1154"},"modified":"2021-08-10T11:00:21","modified_gmt":"2021-08-10T09:00:21","slug":"slyvuciu-formos-gintaro-detales-su-fosilijomis","status":"publish","type":"product","link":"https:\/\/amberwithsilver.com\/en\/product\/slyvuciu-formos-gintaro-detales-su-fosilijomis\/","title":{"rendered":"Loose nugget dark fossil amber beads"},"content":{"rendered":"<p>Natural dark fossil color loose nugget beads. Baltic amber loose beads are polished, with holes. Black spotted light colors perfectly combine with each other. Our customers have the possibility to create their individual product. This also applies to baby teething amber necklaces, baby bracelets, adult necklaces and bracelets or any other amber jewelry.<\/p>\n<ul>\n<li>Natural Baltic amber<\/li>\n<li>Natural dark fossil color<\/li>\n<li>Nugget shape beads<\/li>\n<li>With a hole<\/li>\n<li>The size of amber up to ~ 5-6mm.<\/li>\n<\/ul>","protected":false},"excerpt":{"rendered":"<p>Natural dark fossil color loose nugget beads. Baltic amber loose beads are polished, with holes. Black spotted light colors perfectly combine with each other. Our customers have the possibility to create their individual product. This also applies to baby teething amber necklaces, baby bracelets, adult necklaces and bracelets or any other amber jewelry.<\/p>\n<ul>\n<li>Natural Baltic amber<\/li>\n<li>Natural dark fossil color<\/li>\n<li>Nugget shape beads<\/li>\n<li>With a hole<\/li>\n<li>The size of amber up to ~ 5-6mm.<\/li>\n<\/ul>","protected":false},"featured_media":1162,"comment_status":"open","ping_status":"closed","template":"","meta":[],"product_brand":[],"product_cat":[42],"product_tag":[202,203,381],"class_list":{"0":"post-1154","1":"product","2":"type-product","3":"status-publish","4":"has-post-thumbnail","6":"product_cat-gintaro-detales","7":"product_tag-slyvuciu-formos-gintaro-detales-su-fosilijomis","8":"product_tag-loose-nugget-dark-fossil-amber-beads","9":"product_tag-visi","11":"first","12":"instock","13":"taxable","14":"shipping-taxable","15":"purchasable","16":"product-type-variable"},"yoast_head":"<!-- This site is optimized with the Yoast SEO Premium plugin v23.4 (Yoast SEO v26.8) - https:\/\/yoast.com\/product\/yoast-seo-premium-wordpress\/ -->\n<title>Slyvu\u010di\u0173 formos gintaro detal\u0117s su fosilijomis - AmberWithSilver<\/title>\n<meta name=\"description\" content=\"Tamsios spalvos slyvu\u010di\u0173 formos gintaro detal\u0117s. Tai yra nat\u016bralaus Baltijos gintaro palaidi karoliukai.Loose nugget dark fossil amber beads.\" \/>\n<meta name=\"robots\" content=\"index, follow, max-snippet:-1, max-image-preview:large, max-video-preview:-1\" \/>\n<link rel=\"canonical\" href=\"https:\/\/amberwithsilver.com\/en\/product\/slyvuciu-formos-gintaro-detales-su-fosilijomis\/\" \/>\n<meta property=\"og:locale\" content=\"en_US\" \/>\n<meta property=\"og:type\" content=\"article\" \/>\n<meta property=\"og:title\" content=\"Slyvu\u010di\u0173 formos gintaro detal\u0117s su fosilijomis\" \/>\n<meta property=\"og:description\" content=\"Tamsios spalvos slyvu\u010di\u0173 formos gintaro detal\u0117s. Tai yra nat\u016bralaus Baltijos gintaro palaidi karoliukai.Loose nugget dark fossil amber beads.\" \/>\n<meta property=\"og:url\" content=\"https:\/\/amberwithsilver.com\/en\/product\/slyvuciu-formos-gintaro-detales-su-fosilijomis\/\" \/>\n<meta property=\"og:site_name\" content=\"AmberWithSilver\" \/>\n<meta property=\"article:modified_time\" content=\"2021-08-10T09:00:21+00:00\" \/>\n<meta property=\"og:image\" content=\"https:\/\/amberwithsilver.com\/wp-content\/uploads\/2021\/04\/img_3760-scaled.jpeg\" \/>\n\t<meta property=\"og:image:width\" content=\"2273\" \/>\n\t<meta property=\"og:image:height\" content=\"2560\" \/>\n\t<meta property=\"og:image:type\" content=\"image\/jpeg\" \/>\n<meta name=\"twitter:card\" content=\"summary_large_image\" \/>\n<script type=\"application\/ld+json\" class=\"yoast-schema-graph\">{\"@context\":\"https:\/\/schema.org\",\"@graph\":[{\"@type\":\"WebPage\",\"@id\":\"https:\/\/amberwithsilver.com\/product\/slyvuciu-formos-gintaro-detales-su-fosilijomis\/\",\"url\":\"https:\/\/amberwithsilver.com\/product\/slyvuciu-formos-gintaro-detales-su-fosilijomis\/\",\"name\":\"Slyvu\u010di\u0173 formos gintaro detal\u0117s su fosilijomis - AmberWithSilver\",\"isPartOf\":{\"@id\":\"https:\/\/amberwithsilver.com\/en\/#website\"},\"primaryImageOfPage\":{\"@id\":\"https:\/\/amberwithsilver.com\/product\/slyvuciu-formos-gintaro-detales-su-fosilijomis\/#primaryimage\"},\"image\":{\"@id\":\"https:\/\/amberwithsilver.com\/product\/slyvuciu-formos-gintaro-detales-su-fosilijomis\/#primaryimage\"},\"thumbnailUrl\":\"https:\/\/amberwithsilver.com\/wp-content\/uploads\/2021\/04\/img_3760-scaled.jpeg\",\"datePublished\":\"2021-04-01T12:21:50+00:00\",\"dateModified\":\"2021-08-10T09:00:21+00:00\",\"description\":\"Tamsios spalvos slyvu\u010di\u0173 formos gintaro detal\u0117s. Tai yra nat\u016bralaus Baltijos gintaro palaidi karoliukai.Loose nugget dark fossil amber beads.\",\"breadcrumb\":{\"@id\":\"https:\/\/amberwithsilver.com\/product\/slyvuciu-formos-gintaro-detales-su-fosilijomis\/#breadcrumb\"},\"inLanguage\":\"en-US\",\"potentialAction\":[{\"@type\":\"ReadAction\",\"target\":[\"https:\/\/amberwithsilver.com\/product\/slyvuciu-formos-gintaro-detales-su-fosilijomis\/\"]}]},{\"@type\":\"ImageObject\",\"inLanguage\":\"en-US\",\"@id\":\"https:\/\/amberwithsilver.com\/product\/slyvuciu-formos-gintaro-detales-su-fosilijomis\/#primaryimage\",\"url\":\"https:\/\/amberwithsilver.com\/wp-content\/uploads\/2021\/04\/img_3760-scaled.jpeg\",\"contentUrl\":\"https:\/\/amberwithsilver.com\/wp-content\/uploads\/2021\/04\/img_3760-scaled.jpeg\",\"width\":2273,\"height\":2560,\"caption\":\"Slyvu\u010di\u0173 formos gintaro detal\u0117s su fosilijomis, loose nugget dark fossil amber beads\"},{\"@type\":\"BreadcrumbList\",\"@id\":\"https:\/\/amberwithsilver.com\/product\/slyvuciu-formos-gintaro-detales-su-fosilijomis\/#breadcrumb\",\"itemListElement\":[{\"@type\":\"ListItem\",\"position\":1,\"name\":\"Home\",\"item\":\"https:\/\/amberwithsilver.com\/\"},{\"@type\":\"ListItem\",\"position\":2,\"name\":\"Parduotuv\u0117\",\"item\":\"https:\/\/amberwithsilver.com\/en\/parduotuve\/\"},{\"@type\":\"ListItem\",\"position\":3,\"name\":\"Slyvu\u010di\u0173 formos gintaro detal\u0117s su fosilijomis\"}]},{\"@type\":\"WebSite\",\"@id\":\"https:\/\/amberwithsilver.com\/en\/#website\",\"url\":\"https:\/\/amberwithsilver.com\/en\/\",\"name\":\"AmberWithSilver\",\"description\":\"Amber-Silver\",\"publisher\":{\"@id\":\"https:\/\/amberwithsilver.com\/en\/#organization\"},\"potentialAction\":[{\"@type\":\"SearchAction\",\"target\":{\"@type\":\"EntryPoint\",\"urlTemplate\":\"https:\/\/amberwithsilver.com\/en\/?s={search_term_string}\"},\"query-input\":{\"@type\":\"PropertyValueSpecification\",\"valueRequired\":true,\"valueName\":\"search_term_string\"}}],\"inLanguage\":\"en-US\"},{\"@type\":\"Organization\",\"@id\":\"https:\/\/amberwithsilver.com\/en\/#organization\",\"name\":\"amberwithsilver\",\"url\":\"https:\/\/amberwithsilver.com\/en\/\",\"logo\":{\"@type\":\"ImageObject\",\"inLanguage\":\"en-US\",\"@id\":\"https:\/\/amberwithsilver.com\/en\/#\/schema\/logo\/image\/\",\"url\":\"https:\/\/i0.wp.com\/amberwithsilver.com\/wp-content\/uploads\/2020\/12\/logo.jpg?fit=232%2C116&ssl=1\",\"contentUrl\":\"https:\/\/i0.wp.com\/amberwithsilver.com\/wp-content\/uploads\/2020\/12\/logo.jpg?fit=232%2C116&ssl=1\",\"width\":232,\"height\":116,\"caption\":\"amberwithsilver\"},\"image\":{\"@id\":\"https:\/\/amberwithsilver.com\/en\/#\/schema\/logo\/image\/\"}}]}<\/script>\n<!-- \/ Yoast SEO Premium plugin. -->","yoast_head_json":{"title":"Slyvu\u010di\u0173 formos gintaro detal\u0117s su fosilijomis - AmberWithSilver","description":"Tamsios spalvos slyvu\u010di\u0173 formos gintaro detal\u0117s. Tai yra nat\u016bralaus Baltijos gintaro palaidi karoliukai.Loose nugget dark fossil amber beads.","robots":{"index":"index","follow":"follow","max-snippet":"max-snippet:-1","max-image-preview":"max-image-preview:large","max-video-preview":"max-video-preview:-1"},"canonical":"https:\/\/amberwithsilver.com\/en\/product\/slyvuciu-formos-gintaro-detales-su-fosilijomis\/","og_locale":"en_US","og_type":"article","og_title":"Slyvu\u010di\u0173 formos gintaro detal\u0117s su fosilijomis","og_description":"Tamsios spalvos slyvu\u010di\u0173 formos gintaro detal\u0117s. Tai yra nat\u016bralaus Baltijos gintaro palaidi karoliukai.Loose nugget dark fossil amber beads.","og_url":"https:\/\/amberwithsilver.com\/en\/product\/slyvuciu-formos-gintaro-detales-su-fosilijomis\/","og_site_name":"AmberWithSilver","article_modified_time":"2021-08-10T09:00:21+00:00","og_image":[{"width":2273,"height":2560,"url":"https:\/\/amberwithsilver.com\/wp-content\/uploads\/2021\/04\/img_3760-scaled.jpeg","type":"image\/jpeg"}],"twitter_card":"summary_large_image","schema":{"@context":"https:\/\/schema.org","@graph":[{"@type":"WebPage","@id":"https:\/\/amberwithsilver.com\/product\/slyvuciu-formos-gintaro-detales-su-fosilijomis\/","url":"https:\/\/amberwithsilver.com\/product\/slyvuciu-formos-gintaro-detales-su-fosilijomis\/","name":"Slyvu\u010di\u0173 formos gintaro detal\u0117s su fosilijomis - AmberWithSilver","isPartOf":{"@id":"https:\/\/amberwithsilver.com\/en\/#website"},"primaryImageOfPage":{"@id":"https:\/\/amberwithsilver.com\/product\/slyvuciu-formos-gintaro-detales-su-fosilijomis\/#primaryimage"},"image":{"@id":"https:\/\/amberwithsilver.com\/product\/slyvuciu-formos-gintaro-detales-su-fosilijomis\/#primaryimage"},"thumbnailUrl":"https:\/\/amberwithsilver.com\/wp-content\/uploads\/2021\/04\/img_3760-scaled.jpeg","datePublished":"2021-04-01T12:21:50+00:00","dateModified":"2021-08-10T09:00:21+00:00","description":"Tamsios spalvos slyvu\u010di\u0173 formos gintaro detal\u0117s. Tai yra nat\u016bralaus Baltijos gintaro palaidi karoliukai.Loose nugget dark fossil amber beads.","breadcrumb":{"@id":"https:\/\/amberwithsilver.com\/product\/slyvuciu-formos-gintaro-detales-su-fosilijomis\/#breadcrumb"},"inLanguage":"en-US","potentialAction":[{"@type":"ReadAction","target":["https:\/\/amberwithsilver.com\/product\/slyvuciu-formos-gintaro-detales-su-fosilijomis\/"]}]},{"@type":"ImageObject","inLanguage":"en-US","@id":"https:\/\/amberwithsilver.com\/product\/slyvuciu-formos-gintaro-detales-su-fosilijomis\/#primaryimage","url":"https:\/\/amberwithsilver.com\/wp-content\/uploads\/2021\/04\/img_3760-scaled.jpeg","contentUrl":"https:\/\/amberwithsilver.com\/wp-content\/uploads\/2021\/04\/img_3760-scaled.jpeg","width":2273,"height":2560,"caption":"Slyvu\u010di\u0173 formos gintaro detal\u0117s su fosilijomis, loose nugget dark fossil amber beads"},{"@type":"BreadcrumbList","@id":"https:\/\/amberwithsilver.com\/product\/slyvuciu-formos-gintaro-detales-su-fosilijomis\/#breadcrumb","itemListElement":[{"@type":"ListItem","position":1,"name":"Home","item":"https:\/\/amberwithsilver.com\/"},{"@type":"ListItem","position":2,"name":"Parduotuv\u0117","item":"https:\/\/amberwithsilver.com\/en\/parduotuve\/"},{"@type":"ListItem","position":3,"name":"Slyvu\u010di\u0173 formos gintaro detal\u0117s su fosilijomis"}]},{"@type":"WebSite","@id":"https:\/\/amberwithsilver.com\/en\/#website","url":"https:\/\/amberwithsilver.com\/en\/","name":"AmberWithSilver","description":"Amber-Silver","publisher":{"@id":"https:\/\/amberwithsilver.com\/en\/#organization"},"potentialAction":[{"@type":"SearchAction","target":{"@type":"EntryPoint","urlTemplate":"https:\/\/amberwithsilver.com\/en\/?s={search_term_string}"},"query-input":{"@type":"PropertyValueSpecification","valueRequired":true,"valueName":"search_term_string"}}],"inLanguage":"en-US"},{"@type":"Organization","@id":"https:\/\/amberwithsilver.com\/en\/#organization","name":"amberwithsilver","url":"https:\/\/amberwithsilver.com\/en\/","logo":{"@type":"ImageObject","inLanguage":"en-US","@id":"https:\/\/amberwithsilver.com\/en\/#\/schema\/logo\/image\/","url":"https:\/\/i0.wp.com\/amberwithsilver.com\/wp-content\/uploads\/2020\/12\/logo.jpg?fit=232%2C116&ssl=1","contentUrl":"https:\/\/i0.wp.com\/amberwithsilver.com\/wp-content\/uploads\/2020\/12\/logo.jpg?fit=232%2C116&ssl=1","width":232,"height":116,"caption":"amberwithsilver"},"image":{"@id":"https:\/\/amberwithsilver.com\/en\/#\/schema\/logo\/image\/"}}]}},"jetpack_sharing_enabled":true,"_links":{"self":[{"href":"https:\/\/amberwithsilver.com\/en\/wp-json\/wp\/v2\/product\/1154","targetHints":{"allow":["GET"]}}],"collection":[{"href":"https:\/\/amberwithsilver.com\/en\/wp-json\/wp\/v2\/product"}],"about":[{"href":"https:\/\/amberwithsilver.com\/en\/wp-json\/wp\/v2\/types\/product"}],"replies":[{"embeddable":true,"href":"https:\/\/amberwithsilver.com\/en\/wp-json\/wp\/v2\/comments?post=1154"}],"version-history":[{"count":0,"href":"https:\/\/amberwithsilver.com\/en\/wp-json\/wp\/v2\/product\/1154\/revisions"}],"wp:featuredmedia":[{"embeddable":true,"href":"https:\/\/amberwithsilver.com\/en\/wp-json\/wp\/v2\/media\/1162"}],"wp:attachment":[{"href":"https:\/\/amberwithsilver.com\/en\/wp-json\/wp\/v2\/media?parent=1154"}],"wp:term":[{"taxonomy":"product_brand","embeddable":true,"href":"https:\/\/amberwithsilver.com\/en\/wp-json\/wp\/v2\/product_brand?post=1154"},{"taxonomy":"product_cat","embeddable":true,"href":"https:\/\/amberwithsilver.com\/en\/wp-json\/wp\/v2\/product_cat?post=1154"},{"taxonomy":"product_tag","embeddable":true,"href":"https:\/\/amberwithsilver.com\/en\/wp-json\/wp\/v2\/product_tag?post=1154"}],"curies":[{"name":"wp","href":"https:\/\/api.w.org\/{rel}","templated":true}]}}