{"id":1166,"date":"2021-04-01T16:00:03","date_gmt":"2021-04-01T14:00:03","guid":{"rendered":"http:\/\/amberwithsilver.com\/?post_type=product&#038;p=1166"},"modified":"2021-08-10T11:00:21","modified_gmt":"2021-08-10T09:00:21","slug":"slyvuciu-formos-gintaro-detales-geltona-matine-spalva","status":"publish","type":"product","link":"https:\/\/amberwithsilver.com\/en\/product\/slyvuciu-formos-gintaro-detales-geltona-matine-spalva\/","title":{"rendered":"Loose nugget milky amber beads"},"content":{"rendered":"<p>Opaque color loose nugget beads. Baltic amber loose beads are polished, with holes. Our customers have the possibility to create their individual product. This also applies to baby teething amber necklaces, baby bracelets, adult necklaces and bracelets or any other amber jewelry.<\/p>\n<ul>\n<li><span class=\"VIiyi\" lang=\"lt\"><span class=\"JLqJ4b ChMk0b\" data-language-for-alternatives=\"lt\" data-language-to-translate-into=\"en\" data-phrase-index=\"10\">Genuine Baltic amber<\/span><\/span><\/li>\n<li>Yellow\/milky color<\/li>\n<li>Nugget shape beads<\/li>\n<li>With a hole<\/li>\n<li>The size of amber up to ~ 5-6mm.<\/li>\n<\/ul>","protected":false},"excerpt":{"rendered":"<p>Opaque color loose nugget beads. Baltic amber loose beads are polished, with holes. Our customers have the possibility to create their individual product. This also applies to baby teething amber necklaces, baby bracelets, adult necklaces and bracelets or any other amber jewelry.<\/p>\n<ul>\n<li><span class=\"VIiyi\" lang=\"lt\"><span class=\"JLqJ4b ChMk0b\" data-language-for-alternatives=\"lt\" data-language-to-translate-into=\"en\" data-phrase-index=\"10\">Genuine Baltic amber<\/span><\/span><\/li>\n<li>Yellow\/milky color<\/li>\n<li>Nugget shape beads<\/li>\n<li>With a hole<\/li>\n<li>The size of amber up to ~ 5-6mm.<\/li>\n<\/ul>","protected":false},"featured_media":1176,"comment_status":"open","ping_status":"closed","template":"","meta":[],"product_brand":[],"product_cat":[42],"product_tag":[166,204,205,206,207,381],"class_list":{"0":"post-1166","1":"product","2":"type-product","3":"status-publish","4":"has-post-thumbnail","6":"product_cat-gintaro-detales","7":"product_tag-naturali-gintaro-spalva","8":"product_tag-slyvuciu-formos-gintaro-detales-geltona-matine-spalva","9":"product_tag-loose-nugget-milky-amber-beads","10":"product_tag-natural-amber-color-nugget-olive","11":"product_tag-gintaro-slyvos-pupeles","12":"product_tag-visi","14":"first","15":"instock","16":"taxable","17":"shipping-taxable","18":"purchasable","19":"product-type-variable"},"yoast_head":"<!-- This site is optimized with the Yoast SEO Premium plugin v23.4 (Yoast SEO v26.8) - https:\/\/yoast.com\/product\/yoast-seo-premium-wordpress\/ -->\n<title>Slyvu\u010di\u0173 formos gintaro detal\u0117s - geltona matin\u0117 spalva - AmberWithSilver<\/title>\n<meta name=\"description\" content=\"Slyvu\u010di\u0173 formos gintaro detal\u0117s - geltona matin\u0117 spalva, loose nugget milky amber beads, natural amber color nugget\" \/>\n<meta name=\"robots\" content=\"index, follow, max-snippet:-1, max-image-preview:large, max-video-preview:-1\" \/>\n<link rel=\"canonical\" href=\"https:\/\/amberwithsilver.com\/en\/product\/slyvuciu-formos-gintaro-detales-geltona-matine-spalva\/\" \/>\n<meta property=\"og:locale\" content=\"en_US\" \/>\n<meta property=\"og:type\" content=\"article\" \/>\n<meta property=\"og:title\" content=\"Slyvu\u010di\u0173 formos gintaro detal\u0117s - geltona matin\u0117 spalva\" \/>\n<meta property=\"og:description\" content=\"Slyvu\u010di\u0173 formos gintaro detal\u0117s - geltona matin\u0117 spalva, loose nugget milky amber beads, natural amber color nugget\" \/>\n<meta property=\"og:url\" content=\"https:\/\/amberwithsilver.com\/en\/product\/slyvuciu-formos-gintaro-detales-geltona-matine-spalva\/\" \/>\n<meta property=\"og:site_name\" content=\"AmberWithSilver\" \/>\n<meta property=\"article:modified_time\" content=\"2021-08-10T09:00:21+00:00\" \/>\n<meta property=\"og:image\" content=\"https:\/\/amberwithsilver.com\/wp-content\/uploads\/2021\/04\/img_3764-scaled.jpeg\" \/>\n\t<meta property=\"og:image:width\" content=\"2320\" \/>\n\t<meta property=\"og:image:height\" content=\"2560\" \/>\n\t<meta property=\"og:image:type\" content=\"image\/jpeg\" \/>\n<meta name=\"twitter:card\" content=\"summary_large_image\" \/>\n<script type=\"application\/ld+json\" class=\"yoast-schema-graph\">{\"@context\":\"https:\/\/schema.org\",\"@graph\":[{\"@type\":\"WebPage\",\"@id\":\"https:\/\/amberwithsilver.com\/product\/slyvuciu-formos-gintaro-detales-geltona-matine-spalva\/\",\"url\":\"https:\/\/amberwithsilver.com\/product\/slyvuciu-formos-gintaro-detales-geltona-matine-spalva\/\",\"name\":\"Slyvu\u010di\u0173 formos gintaro detal\u0117s - geltona matin\u0117 spalva - AmberWithSilver\",\"isPartOf\":{\"@id\":\"https:\/\/amberwithsilver.com\/en\/#website\"},\"primaryImageOfPage\":{\"@id\":\"https:\/\/amberwithsilver.com\/product\/slyvuciu-formos-gintaro-detales-geltona-matine-spalva\/#primaryimage\"},\"image\":{\"@id\":\"https:\/\/amberwithsilver.com\/product\/slyvuciu-formos-gintaro-detales-geltona-matine-spalva\/#primaryimage\"},\"thumbnailUrl\":\"https:\/\/amberwithsilver.com\/wp-content\/uploads\/2021\/04\/img_3764-scaled.jpeg\",\"datePublished\":\"2021-04-01T14:00:03+00:00\",\"dateModified\":\"2021-08-10T09:00:21+00:00\",\"description\":\"Slyvu\u010di\u0173 formos gintaro detal\u0117s - geltona matin\u0117 spalva, loose nugget milky amber beads, natural amber color nugget\",\"breadcrumb\":{\"@id\":\"https:\/\/amberwithsilver.com\/product\/slyvuciu-formos-gintaro-detales-geltona-matine-spalva\/#breadcrumb\"},\"inLanguage\":\"en-US\",\"potentialAction\":[{\"@type\":\"ReadAction\",\"target\":[\"https:\/\/amberwithsilver.com\/product\/slyvuciu-formos-gintaro-detales-geltona-matine-spalva\/\"]}]},{\"@type\":\"ImageObject\",\"inLanguage\":\"en-US\",\"@id\":\"https:\/\/amberwithsilver.com\/product\/slyvuciu-formos-gintaro-detales-geltona-matine-spalva\/#primaryimage\",\"url\":\"https:\/\/amberwithsilver.com\/wp-content\/uploads\/2021\/04\/img_3764-scaled.jpeg\",\"contentUrl\":\"https:\/\/amberwithsilver.com\/wp-content\/uploads\/2021\/04\/img_3764-scaled.jpeg\",\"width\":2320,\"height\":2560,\"caption\":\"Slyvu\u010di\u0173 formos gintaro detal\u0117s - geltona matin\u0117 spalva, loose nugget milky amber beads\"},{\"@type\":\"BreadcrumbList\",\"@id\":\"https:\/\/amberwithsilver.com\/product\/slyvuciu-formos-gintaro-detales-geltona-matine-spalva\/#breadcrumb\",\"itemListElement\":[{\"@type\":\"ListItem\",\"position\":1,\"name\":\"Home\",\"item\":\"https:\/\/amberwithsilver.com\/\"},{\"@type\":\"ListItem\",\"position\":2,\"name\":\"Parduotuv\u0117\",\"item\":\"https:\/\/amberwithsilver.com\/en\/parduotuve\/\"},{\"@type\":\"ListItem\",\"position\":3,\"name\":\"Slyvu\u010di\u0173 formos gintaro detal\u0117s &#8211; geltona matin\u0117 spalva\"}]},{\"@type\":\"WebSite\",\"@id\":\"https:\/\/amberwithsilver.com\/en\/#website\",\"url\":\"https:\/\/amberwithsilver.com\/en\/\",\"name\":\"AmberWithSilver\",\"description\":\"Amber-Silver\",\"publisher\":{\"@id\":\"https:\/\/amberwithsilver.com\/en\/#organization\"},\"potentialAction\":[{\"@type\":\"SearchAction\",\"target\":{\"@type\":\"EntryPoint\",\"urlTemplate\":\"https:\/\/amberwithsilver.com\/en\/?s={search_term_string}\"},\"query-input\":{\"@type\":\"PropertyValueSpecification\",\"valueRequired\":true,\"valueName\":\"search_term_string\"}}],\"inLanguage\":\"en-US\"},{\"@type\":\"Organization\",\"@id\":\"https:\/\/amberwithsilver.com\/en\/#organization\",\"name\":\"amberwithsilver\",\"url\":\"https:\/\/amberwithsilver.com\/en\/\",\"logo\":{\"@type\":\"ImageObject\",\"inLanguage\":\"en-US\",\"@id\":\"https:\/\/amberwithsilver.com\/en\/#\/schema\/logo\/image\/\",\"url\":\"https:\/\/i0.wp.com\/amberwithsilver.com\/wp-content\/uploads\/2020\/12\/logo.jpg?fit=232%2C116&ssl=1\",\"contentUrl\":\"https:\/\/i0.wp.com\/amberwithsilver.com\/wp-content\/uploads\/2020\/12\/logo.jpg?fit=232%2C116&ssl=1\",\"width\":232,\"height\":116,\"caption\":\"amberwithsilver\"},\"image\":{\"@id\":\"https:\/\/amberwithsilver.com\/en\/#\/schema\/logo\/image\/\"}}]}<\/script>\n<!-- \/ Yoast SEO Premium plugin. -->","yoast_head_json":{"title":"Slyvu\u010di\u0173 formos gintaro detal\u0117s - geltona matin\u0117 spalva - AmberWithSilver","description":"Slyvu\u010di\u0173 formos gintaro detal\u0117s - geltona matin\u0117 spalva, loose nugget milky amber beads, natural amber color nugget","robots":{"index":"index","follow":"follow","max-snippet":"max-snippet:-1","max-image-preview":"max-image-preview:large","max-video-preview":"max-video-preview:-1"},"canonical":"https:\/\/amberwithsilver.com\/en\/product\/slyvuciu-formos-gintaro-detales-geltona-matine-spalva\/","og_locale":"en_US","og_type":"article","og_title":"Slyvu\u010di\u0173 formos gintaro detal\u0117s - geltona matin\u0117 spalva","og_description":"Slyvu\u010di\u0173 formos gintaro detal\u0117s - geltona matin\u0117 spalva, loose nugget milky amber beads, natural amber color nugget","og_url":"https:\/\/amberwithsilver.com\/en\/product\/slyvuciu-formos-gintaro-detales-geltona-matine-spalva\/","og_site_name":"AmberWithSilver","article_modified_time":"2021-08-10T09:00:21+00:00","og_image":[{"width":2320,"height":2560,"url":"https:\/\/amberwithsilver.com\/wp-content\/uploads\/2021\/04\/img_3764-scaled.jpeg","type":"image\/jpeg"}],"twitter_card":"summary_large_image","schema":{"@context":"https:\/\/schema.org","@graph":[{"@type":"WebPage","@id":"https:\/\/amberwithsilver.com\/product\/slyvuciu-formos-gintaro-detales-geltona-matine-spalva\/","url":"https:\/\/amberwithsilver.com\/product\/slyvuciu-formos-gintaro-detales-geltona-matine-spalva\/","name":"Slyvu\u010di\u0173 formos gintaro detal\u0117s - geltona matin\u0117 spalva - AmberWithSilver","isPartOf":{"@id":"https:\/\/amberwithsilver.com\/en\/#website"},"primaryImageOfPage":{"@id":"https:\/\/amberwithsilver.com\/product\/slyvuciu-formos-gintaro-detales-geltona-matine-spalva\/#primaryimage"},"image":{"@id":"https:\/\/amberwithsilver.com\/product\/slyvuciu-formos-gintaro-detales-geltona-matine-spalva\/#primaryimage"},"thumbnailUrl":"https:\/\/amberwithsilver.com\/wp-content\/uploads\/2021\/04\/img_3764-scaled.jpeg","datePublished":"2021-04-01T14:00:03+00:00","dateModified":"2021-08-10T09:00:21+00:00","description":"Slyvu\u010di\u0173 formos gintaro detal\u0117s - geltona matin\u0117 spalva, loose nugget milky amber beads, natural amber color nugget","breadcrumb":{"@id":"https:\/\/amberwithsilver.com\/product\/slyvuciu-formos-gintaro-detales-geltona-matine-spalva\/#breadcrumb"},"inLanguage":"en-US","potentialAction":[{"@type":"ReadAction","target":["https:\/\/amberwithsilver.com\/product\/slyvuciu-formos-gintaro-detales-geltona-matine-spalva\/"]}]},{"@type":"ImageObject","inLanguage":"en-US","@id":"https:\/\/amberwithsilver.com\/product\/slyvuciu-formos-gintaro-detales-geltona-matine-spalva\/#primaryimage","url":"https:\/\/amberwithsilver.com\/wp-content\/uploads\/2021\/04\/img_3764-scaled.jpeg","contentUrl":"https:\/\/amberwithsilver.com\/wp-content\/uploads\/2021\/04\/img_3764-scaled.jpeg","width":2320,"height":2560,"caption":"Slyvu\u010di\u0173 formos gintaro detal\u0117s - geltona matin\u0117 spalva, loose nugget milky amber beads"},{"@type":"BreadcrumbList","@id":"https:\/\/amberwithsilver.com\/product\/slyvuciu-formos-gintaro-detales-geltona-matine-spalva\/#breadcrumb","itemListElement":[{"@type":"ListItem","position":1,"name":"Home","item":"https:\/\/amberwithsilver.com\/"},{"@type":"ListItem","position":2,"name":"Parduotuv\u0117","item":"https:\/\/amberwithsilver.com\/en\/parduotuve\/"},{"@type":"ListItem","position":3,"name":"Slyvu\u010di\u0173 formos gintaro detal\u0117s &#8211; geltona matin\u0117 spalva"}]},{"@type":"WebSite","@id":"https:\/\/amberwithsilver.com\/en\/#website","url":"https:\/\/amberwithsilver.com\/en\/","name":"AmberWithSilver","description":"Amber-Silver","publisher":{"@id":"https:\/\/amberwithsilver.com\/en\/#organization"},"potentialAction":[{"@type":"SearchAction","target":{"@type":"EntryPoint","urlTemplate":"https:\/\/amberwithsilver.com\/en\/?s={search_term_string}"},"query-input":{"@type":"PropertyValueSpecification","valueRequired":true,"valueName":"search_term_string"}}],"inLanguage":"en-US"},{"@type":"Organization","@id":"https:\/\/amberwithsilver.com\/en\/#organization","name":"amberwithsilver","url":"https:\/\/amberwithsilver.com\/en\/","logo":{"@type":"ImageObject","inLanguage":"en-US","@id":"https:\/\/amberwithsilver.com\/en\/#\/schema\/logo\/image\/","url":"https:\/\/i0.wp.com\/amberwithsilver.com\/wp-content\/uploads\/2020\/12\/logo.jpg?fit=232%2C116&ssl=1","contentUrl":"https:\/\/i0.wp.com\/amberwithsilver.com\/wp-content\/uploads\/2020\/12\/logo.jpg?fit=232%2C116&ssl=1","width":232,"height":116,"caption":"amberwithsilver"},"image":{"@id":"https:\/\/amberwithsilver.com\/en\/#\/schema\/logo\/image\/"}}]}},"jetpack_sharing_enabled":true,"_links":{"self":[{"href":"https:\/\/amberwithsilver.com\/en\/wp-json\/wp\/v2\/product\/1166","targetHints":{"allow":["GET"]}}],"collection":[{"href":"https:\/\/amberwithsilver.com\/en\/wp-json\/wp\/v2\/product"}],"about":[{"href":"https:\/\/amberwithsilver.com\/en\/wp-json\/wp\/v2\/types\/product"}],"replies":[{"embeddable":true,"href":"https:\/\/amberwithsilver.com\/en\/wp-json\/wp\/v2\/comments?post=1166"}],"version-history":[{"count":0,"href":"https:\/\/amberwithsilver.com\/en\/wp-json\/wp\/v2\/product\/1166\/revisions"}],"wp:featuredmedia":[{"embeddable":true,"href":"https:\/\/amberwithsilver.com\/en\/wp-json\/wp\/v2\/media\/1176"}],"wp:attachment":[{"href":"https:\/\/amberwithsilver.com\/en\/wp-json\/wp\/v2\/media?parent=1166"}],"wp:term":[{"taxonomy":"product_brand","embeddable":true,"href":"https:\/\/amberwithsilver.com\/en\/wp-json\/wp\/v2\/product_brand?post=1166"},{"taxonomy":"product_cat","embeddable":true,"href":"https:\/\/amberwithsilver.com\/en\/wp-json\/wp\/v2\/product_cat?post=1166"},{"taxonomy":"product_tag","embeddable":true,"href":"https:\/\/amberwithsilver.com\/en\/wp-json\/wp\/v2\/product_tag?post=1166"}],"curies":[{"name":"wp","href":"https:\/\/api.w.org\/{rel}","templated":true}]}}