{"id":1181,"date":"2021-04-03T08:30:58","date_gmt":"2021-04-03T06:30:58","guid":{"rendered":"http:\/\/amberwithsilver.com\/?post_type=product&#038;p=1181"},"modified":"2025-05-14T17:45:41","modified_gmt":"2025-05-14T15:45:41","slug":"deimantinio-slifavimo-gintaro","status":"publish","type":"product","link":"https:\/\/amberwithsilver.com\/en\/product\/deimantinio-slifavimo-gintaro\/","title":{"rendered":"Faceted dangle amber earrings Sterling silver"},"content":{"rendered":"<p>Faceted green amber earrings are made of faceted handmade amber olives pieces. Each of the diamond-shaped component provides a sense of luxury for a Lady. Shining and magnificently looking Baltic amber earrings won't let you stay invisible. This amber processing technique gives amber blackish green shade. Amber jewelry looks unique and amazing. The blackish green earrings combined with 925 sterling silver.<\/p>\n<ul>\n<li>Genuine Baltic amber<\/li>\n<li>925 Sterling silver<\/li>\n<li>Weight ~ 2,85 g.<\/li>\n<li>Blackish green color<\/li>\n<li>The size of amber up to ~ 15x21 mm.<\/li>\n<\/ul>","protected":false},"excerpt":{"rendered":"<p>Faceted green amber earrings are made of faceted handmade amber olives pieces. Each of the diamond-shaped component provides a sense of luxury for a Lady. Shining and magnificently looking Baltic amber earrings won't let you stay invisible. This amber processing technique gives amber blackish green shade. Amber jewelry looks unique and amazing. The blackish green earrings combined with 925 sterling silver.<\/p>\n<ul>\n<li>Genuine Baltic amber<\/li>\n<li>925 Sterling silver<\/li>\n<li>Weight ~ 2,85 g.<\/li>\n<li>Blackish green color<\/li>\n<li>The size of amber up to ~ 15x21 mm.<\/li>\n<\/ul>","protected":false},"featured_media":1185,"comment_status":"open","ping_status":"closed","template":"","meta":[],"product_brand":[],"product_cat":[38],"product_tag":[180,208,209,210,211,212,213,214,215,216,381],"class_list":{"0":"post-1181","1":"product","2":"type-product","3":"status-publish","4":"has-post-thumbnail","6":"product_cat-gintaro-auskarai","7":"product_tag-baltijos-gintaro-auskarai","8":"product_tag-baltic-amber-earrings","9":"product_tag-juodi-zali-gintaro-auskarai","10":"product_tag-black-green-amber-earrings","11":"product_tag-sterling-silver-amber-earrings","12":"product_tag-gryno-sidabro-gintaro-auskarai","13":"product_tag-sidabras-su-gintaru","14":"product_tag-gintaras-su-sidabru","15":"product_tag-amber-with-silver","16":"product_tag-silver-with-amber","17":"product_tag-visi","19":"first","20":"outofstock","21":"taxable","22":"shipping-taxable","23":"purchasable","24":"product-type-simple"},"yoast_head":"<!-- This site is optimized with the Yoast SEO Premium plugin v23.4 (Yoast SEO v26.8) - https:\/\/yoast.com\/product\/yoast-seo-premium-wordpress\/ -->\n<title>Deimantinio \u0161lifavimo kabantys gintaro auskarai Sidabras 925 - AmberWithSilver<\/title>\n<meta name=\"description\" content=\"Deimantinio \u0161lifavimo \u017eali auskarai sidabras 925, Sterling silver Faceted amber earrings - Flower, Genuine amber earrings, silver with amber\" \/>\n<meta name=\"robots\" content=\"index, follow, max-snippet:-1, max-image-preview:large, max-video-preview:-1\" \/>\n<link rel=\"canonical\" href=\"https:\/\/amberwithsilver.com\/en\/product\/deimantinio-slifavimo-gintaro\/\" \/>\n<meta property=\"og:locale\" content=\"en_US\" \/>\n<meta property=\"og:type\" content=\"article\" \/>\n<meta property=\"og:title\" content=\"Deimantinio \u0161lifavimo kabantys gintaro auskarai Sidabras 925\" \/>\n<meta property=\"og:description\" content=\"Deimantinio \u0161lifavimo \u017eali auskarai sidabras 925, Sterling silver Faceted amber earrings - Flower, Genuine amber earrings, silver with amber\" \/>\n<meta property=\"og:url\" content=\"https:\/\/amberwithsilver.com\/en\/product\/deimantinio-slifavimo-gintaro\/\" \/>\n<meta property=\"og:site_name\" content=\"AmberWithSilver\" \/>\n<meta property=\"article:modified_time\" content=\"2025-05-14T15:45:41+00:00\" \/>\n<meta property=\"og:image\" content=\"https:\/\/amberwithsilver.com\/wp-content\/uploads\/2021\/04\/img_3784-scaled.jpeg\" \/>\n\t<meta property=\"og:image:width\" content=\"2531\" \/>\n\t<meta property=\"og:image:height\" content=\"2560\" \/>\n\t<meta property=\"og:image:type\" content=\"image\/jpeg\" \/>\n<meta name=\"twitter:card\" content=\"summary_large_image\" \/>\n<script type=\"application\/ld+json\" class=\"yoast-schema-graph\">{\"@context\":\"https:\/\/schema.org\",\"@graph\":[{\"@type\":\"WebPage\",\"@id\":\"https:\/\/amberwithsilver.com\/product\/deimantinio-slifavimo-gintaro\/\",\"url\":\"https:\/\/amberwithsilver.com\/product\/deimantinio-slifavimo-gintaro\/\",\"name\":\"Deimantinio \u0161lifavimo kabantys gintaro auskarai Sidabras 925 - AmberWithSilver\",\"isPartOf\":{\"@id\":\"https:\/\/amberwithsilver.com\/en\/#website\"},\"primaryImageOfPage\":{\"@id\":\"https:\/\/amberwithsilver.com\/product\/deimantinio-slifavimo-gintaro\/#primaryimage\"},\"image\":{\"@id\":\"https:\/\/amberwithsilver.com\/product\/deimantinio-slifavimo-gintaro\/#primaryimage\"},\"thumbnailUrl\":\"https:\/\/amberwithsilver.com\/wp-content\/uploads\/2021\/04\/img_3784-scaled.jpeg\",\"datePublished\":\"2021-04-03T06:30:58+00:00\",\"dateModified\":\"2025-05-14T15:45:41+00:00\",\"description\":\"Deimantinio \u0161lifavimo \u017eali auskarai sidabras 925, Sterling silver Faceted amber earrings - Flower, Genuine amber earrings, silver with amber\",\"breadcrumb\":{\"@id\":\"https:\/\/amberwithsilver.com\/product\/deimantinio-slifavimo-gintaro\/#breadcrumb\"},\"inLanguage\":\"en-US\",\"potentialAction\":[{\"@type\":\"ReadAction\",\"target\":[\"https:\/\/amberwithsilver.com\/product\/deimantinio-slifavimo-gintaro\/\"]}]},{\"@type\":\"ImageObject\",\"inLanguage\":\"en-US\",\"@id\":\"https:\/\/amberwithsilver.com\/product\/deimantinio-slifavimo-gintaro\/#primaryimage\",\"url\":\"https:\/\/amberwithsilver.com\/wp-content\/uploads\/2021\/04\/img_3784-scaled.jpeg\",\"contentUrl\":\"https:\/\/amberwithsilver.com\/wp-content\/uploads\/2021\/04\/img_3784-scaled.jpeg\",\"width\":2531,\"height\":2560,\"caption\":\"Deimantinio \u0161lifavimo gintaro auskarai Grynas sidabras \u2013 G\u0117lyt\u0117, Faceted amber earrings Sterling silver - Flower\"},{\"@type\":\"BreadcrumbList\",\"@id\":\"https:\/\/amberwithsilver.com\/product\/deimantinio-slifavimo-gintaro\/#breadcrumb\",\"itemListElement\":[{\"@type\":\"ListItem\",\"position\":1,\"name\":\"Home\",\"item\":\"https:\/\/amberwithsilver.com\/\"},{\"@type\":\"ListItem\",\"position\":2,\"name\":\"Parduotuv\u0117\",\"item\":\"https:\/\/amberwithsilver.com\/en\/parduotuve\/\"},{\"@type\":\"ListItem\",\"position\":3,\"name\":\"Deimantinio \u0161lifavimo kabantys gintaro auskarai Sidabras 925\"}]},{\"@type\":\"WebSite\",\"@id\":\"https:\/\/amberwithsilver.com\/en\/#website\",\"url\":\"https:\/\/amberwithsilver.com\/en\/\",\"name\":\"AmberWithSilver\",\"description\":\"Amber-Silver\",\"publisher\":{\"@id\":\"https:\/\/amberwithsilver.com\/en\/#organization\"},\"potentialAction\":[{\"@type\":\"SearchAction\",\"target\":{\"@type\":\"EntryPoint\",\"urlTemplate\":\"https:\/\/amberwithsilver.com\/en\/?s={search_term_string}\"},\"query-input\":{\"@type\":\"PropertyValueSpecification\",\"valueRequired\":true,\"valueName\":\"search_term_string\"}}],\"inLanguage\":\"en-US\"},{\"@type\":\"Organization\",\"@id\":\"https:\/\/amberwithsilver.com\/en\/#organization\",\"name\":\"amberwithsilver\",\"url\":\"https:\/\/amberwithsilver.com\/en\/\",\"logo\":{\"@type\":\"ImageObject\",\"inLanguage\":\"en-US\",\"@id\":\"https:\/\/amberwithsilver.com\/en\/#\/schema\/logo\/image\/\",\"url\":\"https:\/\/i0.wp.com\/amberwithsilver.com\/wp-content\/uploads\/2020\/12\/logo.jpg?fit=232%2C116&ssl=1\",\"contentUrl\":\"https:\/\/i0.wp.com\/amberwithsilver.com\/wp-content\/uploads\/2020\/12\/logo.jpg?fit=232%2C116&ssl=1\",\"width\":232,\"height\":116,\"caption\":\"amberwithsilver\"},\"image\":{\"@id\":\"https:\/\/amberwithsilver.com\/en\/#\/schema\/logo\/image\/\"}}]}<\/script>\n<!-- \/ Yoast SEO Premium plugin. -->","yoast_head_json":{"title":"Deimantinio \u0161lifavimo kabantys gintaro auskarai Sidabras 925 - AmberWithSilver","description":"Deimantinio \u0161lifavimo \u017eali auskarai sidabras 925, Sterling silver Faceted amber earrings - Flower, Genuine amber earrings, silver with amber","robots":{"index":"index","follow":"follow","max-snippet":"max-snippet:-1","max-image-preview":"max-image-preview:large","max-video-preview":"max-video-preview:-1"},"canonical":"https:\/\/amberwithsilver.com\/en\/product\/deimantinio-slifavimo-gintaro\/","og_locale":"en_US","og_type":"article","og_title":"Deimantinio \u0161lifavimo kabantys gintaro auskarai Sidabras 925","og_description":"Deimantinio \u0161lifavimo \u017eali auskarai sidabras 925, Sterling silver Faceted amber earrings - Flower, Genuine amber earrings, silver with amber","og_url":"https:\/\/amberwithsilver.com\/en\/product\/deimantinio-slifavimo-gintaro\/","og_site_name":"AmberWithSilver","article_modified_time":"2025-05-14T15:45:41+00:00","og_image":[{"width":2531,"height":2560,"url":"https:\/\/amberwithsilver.com\/wp-content\/uploads\/2021\/04\/img_3784-scaled.jpeg","type":"image\/jpeg"}],"twitter_card":"summary_large_image","schema":{"@context":"https:\/\/schema.org","@graph":[{"@type":"WebPage","@id":"https:\/\/amberwithsilver.com\/product\/deimantinio-slifavimo-gintaro\/","url":"https:\/\/amberwithsilver.com\/product\/deimantinio-slifavimo-gintaro\/","name":"Deimantinio \u0161lifavimo kabantys gintaro auskarai Sidabras 925 - AmberWithSilver","isPartOf":{"@id":"https:\/\/amberwithsilver.com\/en\/#website"},"primaryImageOfPage":{"@id":"https:\/\/amberwithsilver.com\/product\/deimantinio-slifavimo-gintaro\/#primaryimage"},"image":{"@id":"https:\/\/amberwithsilver.com\/product\/deimantinio-slifavimo-gintaro\/#primaryimage"},"thumbnailUrl":"https:\/\/amberwithsilver.com\/wp-content\/uploads\/2021\/04\/img_3784-scaled.jpeg","datePublished":"2021-04-03T06:30:58+00:00","dateModified":"2025-05-14T15:45:41+00:00","description":"Deimantinio \u0161lifavimo \u017eali auskarai sidabras 925, Sterling silver Faceted amber earrings - Flower, Genuine amber earrings, silver with amber","breadcrumb":{"@id":"https:\/\/amberwithsilver.com\/product\/deimantinio-slifavimo-gintaro\/#breadcrumb"},"inLanguage":"en-US","potentialAction":[{"@type":"ReadAction","target":["https:\/\/amberwithsilver.com\/product\/deimantinio-slifavimo-gintaro\/"]}]},{"@type":"ImageObject","inLanguage":"en-US","@id":"https:\/\/amberwithsilver.com\/product\/deimantinio-slifavimo-gintaro\/#primaryimage","url":"https:\/\/amberwithsilver.com\/wp-content\/uploads\/2021\/04\/img_3784-scaled.jpeg","contentUrl":"https:\/\/amberwithsilver.com\/wp-content\/uploads\/2021\/04\/img_3784-scaled.jpeg","width":2531,"height":2560,"caption":"Deimantinio \u0161lifavimo gintaro auskarai Grynas sidabras \u2013 G\u0117lyt\u0117, Faceted amber earrings Sterling silver - Flower"},{"@type":"BreadcrumbList","@id":"https:\/\/amberwithsilver.com\/product\/deimantinio-slifavimo-gintaro\/#breadcrumb","itemListElement":[{"@type":"ListItem","position":1,"name":"Home","item":"https:\/\/amberwithsilver.com\/"},{"@type":"ListItem","position":2,"name":"Parduotuv\u0117","item":"https:\/\/amberwithsilver.com\/en\/parduotuve\/"},{"@type":"ListItem","position":3,"name":"Deimantinio \u0161lifavimo kabantys gintaro auskarai Sidabras 925"}]},{"@type":"WebSite","@id":"https:\/\/amberwithsilver.com\/en\/#website","url":"https:\/\/amberwithsilver.com\/en\/","name":"AmberWithSilver","description":"Amber-Silver","publisher":{"@id":"https:\/\/amberwithsilver.com\/en\/#organization"},"potentialAction":[{"@type":"SearchAction","target":{"@type":"EntryPoint","urlTemplate":"https:\/\/amberwithsilver.com\/en\/?s={search_term_string}"},"query-input":{"@type":"PropertyValueSpecification","valueRequired":true,"valueName":"search_term_string"}}],"inLanguage":"en-US"},{"@type":"Organization","@id":"https:\/\/amberwithsilver.com\/en\/#organization","name":"amberwithsilver","url":"https:\/\/amberwithsilver.com\/en\/","logo":{"@type":"ImageObject","inLanguage":"en-US","@id":"https:\/\/amberwithsilver.com\/en\/#\/schema\/logo\/image\/","url":"https:\/\/i0.wp.com\/amberwithsilver.com\/wp-content\/uploads\/2020\/12\/logo.jpg?fit=232%2C116&ssl=1","contentUrl":"https:\/\/i0.wp.com\/amberwithsilver.com\/wp-content\/uploads\/2020\/12\/logo.jpg?fit=232%2C116&ssl=1","width":232,"height":116,"caption":"amberwithsilver"},"image":{"@id":"https:\/\/amberwithsilver.com\/en\/#\/schema\/logo\/image\/"}}]}},"jetpack_sharing_enabled":true,"_links":{"self":[{"href":"https:\/\/amberwithsilver.com\/en\/wp-json\/wp\/v2\/product\/1181","targetHints":{"allow":["GET"]}}],"collection":[{"href":"https:\/\/amberwithsilver.com\/en\/wp-json\/wp\/v2\/product"}],"about":[{"href":"https:\/\/amberwithsilver.com\/en\/wp-json\/wp\/v2\/types\/product"}],"replies":[{"embeddable":true,"href":"https:\/\/amberwithsilver.com\/en\/wp-json\/wp\/v2\/comments?post=1181"}],"version-history":[{"count":0,"href":"https:\/\/amberwithsilver.com\/en\/wp-json\/wp\/v2\/product\/1181\/revisions"}],"wp:featuredmedia":[{"embeddable":true,"href":"https:\/\/amberwithsilver.com\/en\/wp-json\/wp\/v2\/media\/1185"}],"wp:attachment":[{"href":"https:\/\/amberwithsilver.com\/en\/wp-json\/wp\/v2\/media?parent=1181"}],"wp:term":[{"taxonomy":"product_brand","embeddable":true,"href":"https:\/\/amberwithsilver.com\/en\/wp-json\/wp\/v2\/product_brand?post=1181"},{"taxonomy":"product_cat","embeddable":true,"href":"https:\/\/amberwithsilver.com\/en\/wp-json\/wp\/v2\/product_cat?post=1181"},{"taxonomy":"product_tag","embeddable":true,"href":"https:\/\/amberwithsilver.com\/en\/wp-json\/wp\/v2\/product_tag?post=1181"}],"curies":[{"name":"wp","href":"https:\/\/api.w.org\/{rel}","templated":true}]}}