{"id":1325,"date":"2021-04-22T07:49:01","date_gmt":"2021-04-22T05:49:01","guid":{"rendered":"http:\/\/amberwithsilver.com\/?post_type=product&#038;p=1325"},"modified":"2021-08-10T11:00:20","modified_gmt":"2021-08-10T09:00:20","slug":"kamantu-formos-gintaro-detales-tamsi-konjako-spalva","status":"publish","type":"product","link":"https:\/\/amberwithsilver.com\/en\/product\/kamantu-formos-gintaro-detales-tamsi-konjako-spalva\/","title":{"rendered":"Loose chips dark cognac amber beads"},"content":{"rendered":"<p>Darker cognac color loose chips beads. Baltic amber loose beads are polished, with holes. Our customers have the possibility to create their individual product. This also applies to baby teething amber necklaces, baby bracelets, adult necklaces and bracelets or any other amber jewelry.<\/p>\n<ul>\n<li>Natural Baltic amber<\/li>\n<li>Dark cognac color<\/li>\n<li>Chips shape<\/li>\n<li>With a hole<\/li>\n<li>The size of amber up to ~ 4-5mm.<\/li>\n<\/ul>\n<p><span class=\"VIiyi\" lang=\"lt\"><span class=\"JLqJ4b ChMk0b\" data-language-for-alternatives=\"lt\" data-language-to-translate-into=\"en\" data-phrase-index=\"2\">*Please note as with all natural gemstones the color may vary slightly from the photo shown.<\/span><\/span><\/p>","protected":false},"excerpt":{"rendered":"<p>Darker cognac color loose chips beads. Baltic amber loose beads are polished, with holes. Our customers have the possibility to create their individual product. This also applies to baby teething amber necklaces, baby bracelets, adult necklaces and bracelets or any other amber jewelry.<\/p>\n<ul>\n<li>Natural Baltic amber<\/li>\n<li>Dark cognac color<\/li>\n<li>Chips shape<\/li>\n<li>With a hole<\/li>\n<li>The size of amber up to ~ 4-5mm.<\/li>\n<\/ul>\n<p><span class=\"VIiyi\" lang=\"lt\"><span class=\"JLqJ4b ChMk0b\" data-language-for-alternatives=\"lt\" data-language-to-translate-into=\"en\" data-phrase-index=\"2\">*Please note as with all natural gemstones the color may vary slightly from the photo shown.<\/span><\/span><\/p>","protected":false},"featured_media":1339,"comment_status":"open","ping_status":"closed","template":"","meta":[],"product_brand":[],"product_cat":[42],"product_tag":[256,257,258,259,381],"class_list":{"0":"post-1325","1":"product","2":"type-product","3":"status-publish","4":"has-post-thumbnail","6":"product_cat-gintaro-detales","7":"product_tag-kamantu-formos-gintaro-detales-tamsi-konjako-spalva","8":"product_tag-loose-chips-dark-coganc-amber-beads","9":"product_tag-baltic-amber-loose-chips","10":"product_tag-baltijos-gintaro-palaidi-komantai","11":"product_tag-visi","13":"first","14":"instock","15":"taxable","16":"shipping-taxable","17":"purchasable","18":"product-type-variable"},"yoast_head":"<!-- This site is optimized with the Yoast SEO Premium plugin v23.4 (Yoast SEO v26.8) - https:\/\/yoast.com\/product\/yoast-seo-premium-wordpress\/ -->\n<title>Kamant\u0173 formos gintaro detal\u0117s - tamsi konjako spalva - AmberWithSilver<\/title>\n<meta name=\"description\" content=\"Kamant\u0173 formos gintaro detal\u0117s - tamsi konjako spalva, loose chips dark cognac amber beads, natural amber loose beads\" \/>\n<meta name=\"robots\" content=\"index, follow, max-snippet:-1, max-image-preview:large, max-video-preview:-1\" \/>\n<link rel=\"canonical\" href=\"https:\/\/amberwithsilver.com\/en\/product\/kamantu-formos-gintaro-detales-tamsi-konjako-spalva\/\" \/>\n<meta property=\"og:locale\" content=\"en_US\" \/>\n<meta property=\"og:type\" content=\"article\" \/>\n<meta property=\"og:title\" content=\"Kamant\u0173 formos gintaro detal\u0117s - tamsi konjako spalva\" \/>\n<meta property=\"og:description\" content=\"Kamant\u0173 formos gintaro detal\u0117s - tamsi konjako spalva, loose chips dark cognac amber beads, natural amber loose beads\" \/>\n<meta property=\"og:url\" content=\"https:\/\/amberwithsilver.com\/en\/product\/kamantu-formos-gintaro-detales-tamsi-konjako-spalva\/\" \/>\n<meta property=\"og:site_name\" content=\"AmberWithSilver\" \/>\n<meta property=\"article:modified_time\" content=\"2021-08-10T09:00:20+00:00\" \/>\n<meta property=\"og:image\" content=\"https:\/\/amberwithsilver.com\/wp-content\/uploads\/2021\/04\/img_4486-1-scaled.jpeg\" \/>\n\t<meta property=\"og:image:width\" content=\"2471\" \/>\n\t<meta property=\"og:image:height\" content=\"2560\" \/>\n\t<meta property=\"og:image:type\" content=\"image\/jpeg\" \/>\n<meta name=\"twitter:card\" content=\"summary_large_image\" \/>\n<script type=\"application\/ld+json\" class=\"yoast-schema-graph\">{\"@context\":\"https:\/\/schema.org\",\"@graph\":[{\"@type\":\"WebPage\",\"@id\":\"https:\/\/amberwithsilver.com\/product\/kamantu-formos-gintaro-detales-tamsi-konjako-spalva\/\",\"url\":\"https:\/\/amberwithsilver.com\/product\/kamantu-formos-gintaro-detales-tamsi-konjako-spalva\/\",\"name\":\"Kamant\u0173 formos gintaro detal\u0117s - tamsi konjako spalva - AmberWithSilver\",\"isPartOf\":{\"@id\":\"https:\/\/amberwithsilver.com\/en\/#website\"},\"primaryImageOfPage\":{\"@id\":\"https:\/\/amberwithsilver.com\/product\/kamantu-formos-gintaro-detales-tamsi-konjako-spalva\/#primaryimage\"},\"image\":{\"@id\":\"https:\/\/amberwithsilver.com\/product\/kamantu-formos-gintaro-detales-tamsi-konjako-spalva\/#primaryimage\"},\"thumbnailUrl\":\"https:\/\/amberwithsilver.com\/wp-content\/uploads\/2021\/04\/img_4486-1-scaled.jpeg\",\"datePublished\":\"2021-04-22T05:49:01+00:00\",\"dateModified\":\"2021-08-10T09:00:20+00:00\",\"description\":\"Kamant\u0173 formos gintaro detal\u0117s - tamsi konjako spalva, loose chips dark cognac amber beads, natural amber loose beads\",\"breadcrumb\":{\"@id\":\"https:\/\/amberwithsilver.com\/product\/kamantu-formos-gintaro-detales-tamsi-konjako-spalva\/#breadcrumb\"},\"inLanguage\":\"en-US\",\"potentialAction\":[{\"@type\":\"ReadAction\",\"target\":[\"https:\/\/amberwithsilver.com\/product\/kamantu-formos-gintaro-detales-tamsi-konjako-spalva\/\"]}]},{\"@type\":\"ImageObject\",\"inLanguage\":\"en-US\",\"@id\":\"https:\/\/amberwithsilver.com\/product\/kamantu-formos-gintaro-detales-tamsi-konjako-spalva\/#primaryimage\",\"url\":\"https:\/\/amberwithsilver.com\/wp-content\/uploads\/2021\/04\/img_4486-1-scaled.jpeg\",\"contentUrl\":\"https:\/\/amberwithsilver.com\/wp-content\/uploads\/2021\/04\/img_4486-1-scaled.jpeg\",\"width\":2471,\"height\":2560,\"caption\":\"Kamant\u0173 formos gintaro detal\u0117s - tamsi konjako spalva, Loose chips dark cognac amber beads\"},{\"@type\":\"BreadcrumbList\",\"@id\":\"https:\/\/amberwithsilver.com\/product\/kamantu-formos-gintaro-detales-tamsi-konjako-spalva\/#breadcrumb\",\"itemListElement\":[{\"@type\":\"ListItem\",\"position\":1,\"name\":\"Home\",\"item\":\"https:\/\/amberwithsilver.com\/\"},{\"@type\":\"ListItem\",\"position\":2,\"name\":\"Parduotuv\u0117\",\"item\":\"https:\/\/amberwithsilver.com\/en\/parduotuve\/\"},{\"@type\":\"ListItem\",\"position\":3,\"name\":\"Kamant\u0173 formos gintaro detal\u0117s &#8211; tamsi konjako spalva\"}]},{\"@type\":\"WebSite\",\"@id\":\"https:\/\/amberwithsilver.com\/en\/#website\",\"url\":\"https:\/\/amberwithsilver.com\/en\/\",\"name\":\"AmberWithSilver\",\"description\":\"Amber-Silver\",\"publisher\":{\"@id\":\"https:\/\/amberwithsilver.com\/en\/#organization\"},\"potentialAction\":[{\"@type\":\"SearchAction\",\"target\":{\"@type\":\"EntryPoint\",\"urlTemplate\":\"https:\/\/amberwithsilver.com\/en\/?s={search_term_string}\"},\"query-input\":{\"@type\":\"PropertyValueSpecification\",\"valueRequired\":true,\"valueName\":\"search_term_string\"}}],\"inLanguage\":\"en-US\"},{\"@type\":\"Organization\",\"@id\":\"https:\/\/amberwithsilver.com\/en\/#organization\",\"name\":\"amberwithsilver\",\"url\":\"https:\/\/amberwithsilver.com\/en\/\",\"logo\":{\"@type\":\"ImageObject\",\"inLanguage\":\"en-US\",\"@id\":\"https:\/\/amberwithsilver.com\/en\/#\/schema\/logo\/image\/\",\"url\":\"https:\/\/i0.wp.com\/amberwithsilver.com\/wp-content\/uploads\/2020\/12\/logo.jpg?fit=232%2C116&ssl=1\",\"contentUrl\":\"https:\/\/i0.wp.com\/amberwithsilver.com\/wp-content\/uploads\/2020\/12\/logo.jpg?fit=232%2C116&ssl=1\",\"width\":232,\"height\":116,\"caption\":\"amberwithsilver\"},\"image\":{\"@id\":\"https:\/\/amberwithsilver.com\/en\/#\/schema\/logo\/image\/\"}}]}<\/script>\n<!-- \/ Yoast SEO Premium plugin. -->","yoast_head_json":{"title":"Kamant\u0173 formos gintaro detal\u0117s - tamsi konjako spalva - AmberWithSilver","description":"Kamant\u0173 formos gintaro detal\u0117s - tamsi konjako spalva, loose chips dark cognac amber beads, natural amber loose beads","robots":{"index":"index","follow":"follow","max-snippet":"max-snippet:-1","max-image-preview":"max-image-preview:large","max-video-preview":"max-video-preview:-1"},"canonical":"https:\/\/amberwithsilver.com\/en\/product\/kamantu-formos-gintaro-detales-tamsi-konjako-spalva\/","og_locale":"en_US","og_type":"article","og_title":"Kamant\u0173 formos gintaro detal\u0117s - tamsi konjako spalva","og_description":"Kamant\u0173 formos gintaro detal\u0117s - tamsi konjako spalva, loose chips dark cognac amber beads, natural amber loose beads","og_url":"https:\/\/amberwithsilver.com\/en\/product\/kamantu-formos-gintaro-detales-tamsi-konjako-spalva\/","og_site_name":"AmberWithSilver","article_modified_time":"2021-08-10T09:00:20+00:00","og_image":[{"width":2471,"height":2560,"url":"https:\/\/amberwithsilver.com\/wp-content\/uploads\/2021\/04\/img_4486-1-scaled.jpeg","type":"image\/jpeg"}],"twitter_card":"summary_large_image","schema":{"@context":"https:\/\/schema.org","@graph":[{"@type":"WebPage","@id":"https:\/\/amberwithsilver.com\/product\/kamantu-formos-gintaro-detales-tamsi-konjako-spalva\/","url":"https:\/\/amberwithsilver.com\/product\/kamantu-formos-gintaro-detales-tamsi-konjako-spalva\/","name":"Kamant\u0173 formos gintaro detal\u0117s - tamsi konjako spalva - AmberWithSilver","isPartOf":{"@id":"https:\/\/amberwithsilver.com\/en\/#website"},"primaryImageOfPage":{"@id":"https:\/\/amberwithsilver.com\/product\/kamantu-formos-gintaro-detales-tamsi-konjako-spalva\/#primaryimage"},"image":{"@id":"https:\/\/amberwithsilver.com\/product\/kamantu-formos-gintaro-detales-tamsi-konjako-spalva\/#primaryimage"},"thumbnailUrl":"https:\/\/amberwithsilver.com\/wp-content\/uploads\/2021\/04\/img_4486-1-scaled.jpeg","datePublished":"2021-04-22T05:49:01+00:00","dateModified":"2021-08-10T09:00:20+00:00","description":"Kamant\u0173 formos gintaro detal\u0117s - tamsi konjako spalva, loose chips dark cognac amber beads, natural amber loose beads","breadcrumb":{"@id":"https:\/\/amberwithsilver.com\/product\/kamantu-formos-gintaro-detales-tamsi-konjako-spalva\/#breadcrumb"},"inLanguage":"en-US","potentialAction":[{"@type":"ReadAction","target":["https:\/\/amberwithsilver.com\/product\/kamantu-formos-gintaro-detales-tamsi-konjako-spalva\/"]}]},{"@type":"ImageObject","inLanguage":"en-US","@id":"https:\/\/amberwithsilver.com\/product\/kamantu-formos-gintaro-detales-tamsi-konjako-spalva\/#primaryimage","url":"https:\/\/amberwithsilver.com\/wp-content\/uploads\/2021\/04\/img_4486-1-scaled.jpeg","contentUrl":"https:\/\/amberwithsilver.com\/wp-content\/uploads\/2021\/04\/img_4486-1-scaled.jpeg","width":2471,"height":2560,"caption":"Kamant\u0173 formos gintaro detal\u0117s - tamsi konjako spalva, Loose chips dark cognac amber beads"},{"@type":"BreadcrumbList","@id":"https:\/\/amberwithsilver.com\/product\/kamantu-formos-gintaro-detales-tamsi-konjako-spalva\/#breadcrumb","itemListElement":[{"@type":"ListItem","position":1,"name":"Home","item":"https:\/\/amberwithsilver.com\/"},{"@type":"ListItem","position":2,"name":"Parduotuv\u0117","item":"https:\/\/amberwithsilver.com\/en\/parduotuve\/"},{"@type":"ListItem","position":3,"name":"Kamant\u0173 formos gintaro detal\u0117s &#8211; tamsi konjako spalva"}]},{"@type":"WebSite","@id":"https:\/\/amberwithsilver.com\/en\/#website","url":"https:\/\/amberwithsilver.com\/en\/","name":"AmberWithSilver","description":"Amber-Silver","publisher":{"@id":"https:\/\/amberwithsilver.com\/en\/#organization"},"potentialAction":[{"@type":"SearchAction","target":{"@type":"EntryPoint","urlTemplate":"https:\/\/amberwithsilver.com\/en\/?s={search_term_string}"},"query-input":{"@type":"PropertyValueSpecification","valueRequired":true,"valueName":"search_term_string"}}],"inLanguage":"en-US"},{"@type":"Organization","@id":"https:\/\/amberwithsilver.com\/en\/#organization","name":"amberwithsilver","url":"https:\/\/amberwithsilver.com\/en\/","logo":{"@type":"ImageObject","inLanguage":"en-US","@id":"https:\/\/amberwithsilver.com\/en\/#\/schema\/logo\/image\/","url":"https:\/\/i0.wp.com\/amberwithsilver.com\/wp-content\/uploads\/2020\/12\/logo.jpg?fit=232%2C116&ssl=1","contentUrl":"https:\/\/i0.wp.com\/amberwithsilver.com\/wp-content\/uploads\/2020\/12\/logo.jpg?fit=232%2C116&ssl=1","width":232,"height":116,"caption":"amberwithsilver"},"image":{"@id":"https:\/\/amberwithsilver.com\/en\/#\/schema\/logo\/image\/"}}]}},"jetpack_sharing_enabled":true,"_links":{"self":[{"href":"https:\/\/amberwithsilver.com\/en\/wp-json\/wp\/v2\/product\/1325","targetHints":{"allow":["GET"]}}],"collection":[{"href":"https:\/\/amberwithsilver.com\/en\/wp-json\/wp\/v2\/product"}],"about":[{"href":"https:\/\/amberwithsilver.com\/en\/wp-json\/wp\/v2\/types\/product"}],"replies":[{"embeddable":true,"href":"https:\/\/amberwithsilver.com\/en\/wp-json\/wp\/v2\/comments?post=1325"}],"version-history":[{"count":0,"href":"https:\/\/amberwithsilver.com\/en\/wp-json\/wp\/v2\/product\/1325\/revisions"}],"wp:featuredmedia":[{"embeddable":true,"href":"https:\/\/amberwithsilver.com\/en\/wp-json\/wp\/v2\/media\/1339"}],"wp:attachment":[{"href":"https:\/\/amberwithsilver.com\/en\/wp-json\/wp\/v2\/media?parent=1325"}],"wp:term":[{"taxonomy":"product_brand","embeddable":true,"href":"https:\/\/amberwithsilver.com\/en\/wp-json\/wp\/v2\/product_brand?post=1325"},{"taxonomy":"product_cat","embeddable":true,"href":"https:\/\/amberwithsilver.com\/en\/wp-json\/wp\/v2\/product_cat?post=1325"},{"taxonomy":"product_tag","embeddable":true,"href":"https:\/\/amberwithsilver.com\/en\/wp-json\/wp\/v2\/product_tag?post=1325"}],"curies":[{"name":"wp","href":"https:\/\/api.w.org\/{rel}","templated":true}]}}