{"id":133,"date":"2020-12-15T01:20:21","date_gmt":"2020-12-14T23:20:21","guid":{"rendered":"http:\/\/amberwithsilver.com\/?post_type=product&#038;p=133"},"modified":"2024-11-26T10:36:58","modified_gmt":"2024-11-26T08:36:58","slug":"prabangi-apvalaus-gintaro-apyranke-10mm","status":"publish","type":"product","link":"https:\/\/amberwithsilver.com\/en\/product\/prabangi-apvalaus-gintaro-apyranke-10mm\/","title":{"rendered":"Luxurious multicolor amber bracelet 10 mm"},"content":{"rendered":"<p>Luxurious round amber bracelet 10 mm. Amber bracelet is made of 100% round shape amber beads. Carefully polished and softly strung 10 mm amber beads perfectly combine with each other. Eye catching bracelet is on the stretch.<\/p>\n<ul>\n<li><em>Length: ~20 cm;<\/em><\/li>\n<li><em>Weight: 13 gr.;<\/em><\/li>\n<li><em>Measurements: ~ 10 mm;<\/em><\/li>\n<li><em>Colors: lemon, honey, cognac, cherry, milky, green.<\/em><\/li>\n<\/ul>\n<p>&nbsp;<\/p>","protected":false},"excerpt":{"rendered":"<p>Luxurious round amber bracelet 10 mm. Amber bracelet is made of 100% round shape amber beads. Carefully polished and softly strung 10 mm amber beads perfectly combine with each other. Eye catching bracelet is on the stretch.<\/p>\n<ul>\n<li><em>Length: ~20 cm;<\/em><\/li>\n<li><em>Weight: 13 gr.;<\/em><\/li>\n<li><em>Measurements: ~ 10 mm;<\/em><\/li>\n<li><em>Colors: lemon, honey, cognac, cherry, milky, green.<\/em><\/li>\n<\/ul>","protected":false},"featured_media":241,"comment_status":"open","ping_status":"closed","template":"","meta":[],"product_brand":[],"product_cat":[59,18],"product_tag":[72,73,347,433,1013,1242,1284,1285,1286,1287,1288,1289],"class_list":{"0":"post-133","1":"product","2":"type-product","3":"status-publish","4":"has-post-thumbnail","6":"product_cat-gintaro-papuosalai-vyrams","7":"product_cat-gintaro-apyrankes","8":"product_tag-baltijos-gintaro-apyranke","9":"product_tag-apvaliu-rutuliuku-apyranke","10":"product_tag-baltic-amber-bracelet","11":"product_tag-baltic-amber-bracelet-for-women","12":"product_tag-gintaro-dirbiniai","13":"product_tag-gintarine-apyranke","14":"product_tag-gintaro-apyranke","15":"product_tag-margo-gintaro-apyranke","16":"product_tag-lietuviskas-gintaras","17":"product_tag-luxurious-multicolor-amber-bracelet","18":"product_tag-multicolor-amber-bracelet-10-mm","19":"product_tag-luxurious-round-amber-bracelet-10-mm","21":"first","22":"instock","23":"sold-individually","24":"taxable","25":"shipping-taxable","26":"purchasable","27":"product-type-simple"},"yoast_head":"<!-- This site is optimized with the Yoast SEO Premium plugin v23.4 (Yoast SEO v26.8) - https:\/\/yoast.com\/product\/yoast-seo-premium-wordpress\/ -->\n<title>Prabangi apvalaus gintaro apyrank\u0117 10 mm<\/title>\n<meta name=\"description\" content=\"Luxurious round amber bracelet 10 mm,Baltijos gintaro apyrank\u0117, apyrank\u0117 i\u0161 apvali\u0173 rutuliuk\u0173, gintaro \u0161arat\u0117li\u0173 apyrank\u0117, nat\u016bralaus gintaro apyrank\u0117.\" \/>\n<meta name=\"robots\" content=\"index, follow, max-snippet:-1, max-image-preview:large, max-video-preview:-1\" \/>\n<link rel=\"canonical\" href=\"https:\/\/amberwithsilver.com\/en\/product\/prabangi-apvalaus-gintaro-apyranke-10mm\/\" \/>\n<meta property=\"og:locale\" content=\"en_US\" \/>\n<meta property=\"og:type\" content=\"article\" \/>\n<meta property=\"og:title\" content=\"Prabangi apvalaus gintaro apyrank\u0117 10 mm\" \/>\n<meta property=\"og:description\" content=\"Luxurious round amber bracelet 10 mm,Baltijos gintaro apyrank\u0117, apyrank\u0117 i\u0161 apvali\u0173 rutuliuk\u0173, gintaro \u0161arat\u0117li\u0173 apyrank\u0117, nat\u016bralaus gintaro apyrank\u0117.\" \/>\n<meta property=\"og:url\" content=\"https:\/\/amberwithsilver.com\/en\/product\/prabangi-apvalaus-gintaro-apyranke-10mm\/\" \/>\n<meta property=\"og:site_name\" content=\"AmberWithSilver\" \/>\n<meta property=\"article:modified_time\" content=\"2024-11-26T08:36:58+00:00\" \/>\n<meta property=\"og:image\" content=\"https:\/\/amberwithsilver.com\/wp-content\/uploads\/2020\/12\/DST_4570-1-scaled.jpg\" \/>\n\t<meta property=\"og:image:width\" content=\"2560\" \/>\n\t<meta property=\"og:image:height\" content=\"2560\" \/>\n\t<meta property=\"og:image:type\" content=\"image\/jpeg\" \/>\n<meta name=\"twitter:card\" content=\"summary_large_image\" \/>\n<meta name=\"twitter:label1\" content=\"Est. reading time\" \/>\n\t<meta name=\"twitter:data1\" content=\"1 minute\" \/>\n<script type=\"application\/ld+json\" class=\"yoast-schema-graph\">{\"@context\":\"https:\/\/schema.org\",\"@graph\":[{\"@type\":\"WebPage\",\"@id\":\"https:\/\/amberwithsilver.com\/product\/prabangi-apvalaus-gintaro-apyranke-10mm\/\",\"url\":\"https:\/\/amberwithsilver.com\/product\/prabangi-apvalaus-gintaro-apyranke-10mm\/\",\"name\":\"Prabangi apvalaus gintaro apyrank\u0117 10 mm\",\"isPartOf\":{\"@id\":\"https:\/\/amberwithsilver.com\/en\/#website\"},\"primaryImageOfPage\":{\"@id\":\"https:\/\/amberwithsilver.com\/product\/prabangi-apvalaus-gintaro-apyranke-10mm\/#primaryimage\"},\"image\":{\"@id\":\"https:\/\/amberwithsilver.com\/product\/prabangi-apvalaus-gintaro-apyranke-10mm\/#primaryimage\"},\"thumbnailUrl\":\"https:\/\/amberwithsilver.com\/wp-content\/uploads\/2020\/12\/DST_4570-1-scaled.jpg\",\"datePublished\":\"2020-12-14T23:20:21+00:00\",\"dateModified\":\"2024-11-26T08:36:58+00:00\",\"description\":\"Luxurious round amber bracelet 10 mm,Baltijos gintaro apyrank\u0117, apyrank\u0117 i\u0161 apvali\u0173 rutuliuk\u0173, gintaro \u0161arat\u0117li\u0173 apyrank\u0117, nat\u016bralaus gintaro apyrank\u0117.\",\"breadcrumb\":{\"@id\":\"https:\/\/amberwithsilver.com\/product\/prabangi-apvalaus-gintaro-apyranke-10mm\/#breadcrumb\"},\"inLanguage\":\"en-US\",\"potentialAction\":[{\"@type\":\"ReadAction\",\"target\":[\"https:\/\/amberwithsilver.com\/product\/prabangi-apvalaus-gintaro-apyranke-10mm\/\"]}]},{\"@type\":\"ImageObject\",\"inLanguage\":\"en-US\",\"@id\":\"https:\/\/amberwithsilver.com\/product\/prabangi-apvalaus-gintaro-apyranke-10mm\/#primaryimage\",\"url\":\"https:\/\/amberwithsilver.com\/wp-content\/uploads\/2020\/12\/DST_4570-1-scaled.jpg\",\"contentUrl\":\"https:\/\/amberwithsilver.com\/wp-content\/uploads\/2020\/12\/DST_4570-1-scaled.jpg\",\"width\":2560,\"height\":2560,\"caption\":\"Prabangi apvalaus gintaro apyrank\u0117 10mm, Luxurious round amber bracelet 10mm\"},{\"@type\":\"BreadcrumbList\",\"@id\":\"https:\/\/amberwithsilver.com\/product\/prabangi-apvalaus-gintaro-apyranke-10mm\/#breadcrumb\",\"itemListElement\":[{\"@type\":\"ListItem\",\"position\":1,\"name\":\"Home\",\"item\":\"https:\/\/amberwithsilver.com\/\"},{\"@type\":\"ListItem\",\"position\":2,\"name\":\"Parduotuv\u0117\",\"item\":\"https:\/\/amberwithsilver.com\/en\/parduotuve\/\"},{\"@type\":\"ListItem\",\"position\":3,\"name\":\"Prabangi apvalaus gintaro apyrank\u0117 10 mm\"}]},{\"@type\":\"WebSite\",\"@id\":\"https:\/\/amberwithsilver.com\/en\/#website\",\"url\":\"https:\/\/amberwithsilver.com\/en\/\",\"name\":\"AmberWithSilver\",\"description\":\"Amber-Silver\",\"publisher\":{\"@id\":\"https:\/\/amberwithsilver.com\/en\/#organization\"},\"potentialAction\":[{\"@type\":\"SearchAction\",\"target\":{\"@type\":\"EntryPoint\",\"urlTemplate\":\"https:\/\/amberwithsilver.com\/en\/?s={search_term_string}\"},\"query-input\":{\"@type\":\"PropertyValueSpecification\",\"valueRequired\":true,\"valueName\":\"search_term_string\"}}],\"inLanguage\":\"en-US\"},{\"@type\":\"Organization\",\"@id\":\"https:\/\/amberwithsilver.com\/en\/#organization\",\"name\":\"amberwithsilver\",\"url\":\"https:\/\/amberwithsilver.com\/en\/\",\"logo\":{\"@type\":\"ImageObject\",\"inLanguage\":\"en-US\",\"@id\":\"https:\/\/amberwithsilver.com\/en\/#\/schema\/logo\/image\/\",\"url\":\"https:\/\/i0.wp.com\/amberwithsilver.com\/wp-content\/uploads\/2020\/12\/logo.jpg?fit=232%2C116&ssl=1\",\"contentUrl\":\"https:\/\/i0.wp.com\/amberwithsilver.com\/wp-content\/uploads\/2020\/12\/logo.jpg?fit=232%2C116&ssl=1\",\"width\":232,\"height\":116,\"caption\":\"amberwithsilver\"},\"image\":{\"@id\":\"https:\/\/amberwithsilver.com\/en\/#\/schema\/logo\/image\/\"}}]}<\/script>\n<!-- \/ Yoast SEO Premium plugin. -->","yoast_head_json":{"title":"Luxurious multicolor amber bracelet 10 mm","description":"Luxurious round amber bracelet 10 mm,Baltijos gintaro apyrank\u0117, apyrank\u0117 i\u0161 apvali\u0173 rutuliuk\u0173, gintaro \u0161arat\u0117li\u0173 apyrank\u0117, nat\u016bralaus gintaro apyrank\u0117.","robots":{"index":"index","follow":"follow","max-snippet":"max-snippet:-1","max-image-preview":"max-image-preview:large","max-video-preview":"max-video-preview:-1"},"canonical":"https:\/\/amberwithsilver.com\/en\/product\/prabangi-apvalaus-gintaro-apyranke-10mm\/","og_locale":"en_US","og_type":"article","og_title":"Prabangi apvalaus gintaro apyrank\u0117 10 mm","og_description":"Luxurious round amber bracelet 10 mm,Baltijos gintaro apyrank\u0117, apyrank\u0117 i\u0161 apvali\u0173 rutuliuk\u0173, gintaro \u0161arat\u0117li\u0173 apyrank\u0117, nat\u016bralaus gintaro apyrank\u0117.","og_url":"https:\/\/amberwithsilver.com\/en\/product\/prabangi-apvalaus-gintaro-apyranke-10mm\/","og_site_name":"AmberWithSilver","article_modified_time":"2024-11-26T08:36:58+00:00","og_image":[{"width":2560,"height":2560,"url":"https:\/\/amberwithsilver.com\/wp-content\/uploads\/2020\/12\/DST_4570-1-scaled.jpg","type":"image\/jpeg"}],"twitter_card":"summary_large_image","twitter_misc":{"Est. reading time":"1 minute"},"schema":{"@context":"https:\/\/schema.org","@graph":[{"@type":"WebPage","@id":"https:\/\/amberwithsilver.com\/product\/prabangi-apvalaus-gintaro-apyranke-10mm\/","url":"https:\/\/amberwithsilver.com\/product\/prabangi-apvalaus-gintaro-apyranke-10mm\/","name":"Luxurious multicolor amber bracelet 10 mm","isPartOf":{"@id":"https:\/\/amberwithsilver.com\/en\/#website"},"primaryImageOfPage":{"@id":"https:\/\/amberwithsilver.com\/product\/prabangi-apvalaus-gintaro-apyranke-10mm\/#primaryimage"},"image":{"@id":"https:\/\/amberwithsilver.com\/product\/prabangi-apvalaus-gintaro-apyranke-10mm\/#primaryimage"},"thumbnailUrl":"https:\/\/amberwithsilver.com\/wp-content\/uploads\/2020\/12\/DST_4570-1-scaled.jpg","datePublished":"2020-12-14T23:20:21+00:00","dateModified":"2024-11-26T08:36:58+00:00","description":"Luxurious round amber bracelet 10 mm,Baltijos gintaro apyrank\u0117, apyrank\u0117 i\u0161 apvali\u0173 rutuliuk\u0173, gintaro \u0161arat\u0117li\u0173 apyrank\u0117, nat\u016bralaus gintaro apyrank\u0117.","breadcrumb":{"@id":"https:\/\/amberwithsilver.com\/product\/prabangi-apvalaus-gintaro-apyranke-10mm\/#breadcrumb"},"inLanguage":"en-US","potentialAction":[{"@type":"ReadAction","target":["https:\/\/amberwithsilver.com\/product\/prabangi-apvalaus-gintaro-apyranke-10mm\/"]}]},{"@type":"ImageObject","inLanguage":"en-US","@id":"https:\/\/amberwithsilver.com\/product\/prabangi-apvalaus-gintaro-apyranke-10mm\/#primaryimage","url":"https:\/\/amberwithsilver.com\/wp-content\/uploads\/2020\/12\/DST_4570-1-scaled.jpg","contentUrl":"https:\/\/amberwithsilver.com\/wp-content\/uploads\/2020\/12\/DST_4570-1-scaled.jpg","width":2560,"height":2560,"caption":"Prabangi apvalaus gintaro apyrank\u0117 10mm, Luxurious round amber bracelet 10mm"},{"@type":"BreadcrumbList","@id":"https:\/\/amberwithsilver.com\/product\/prabangi-apvalaus-gintaro-apyranke-10mm\/#breadcrumb","itemListElement":[{"@type":"ListItem","position":1,"name":"Home","item":"https:\/\/amberwithsilver.com\/"},{"@type":"ListItem","position":2,"name":"Parduotuv\u0117","item":"https:\/\/amberwithsilver.com\/en\/parduotuve\/"},{"@type":"ListItem","position":3,"name":"Prabangi apvalaus gintaro apyrank\u0117 10 mm"}]},{"@type":"WebSite","@id":"https:\/\/amberwithsilver.com\/en\/#website","url":"https:\/\/amberwithsilver.com\/en\/","name":"AmberWithSilver","description":"Amber-Silver","publisher":{"@id":"https:\/\/amberwithsilver.com\/en\/#organization"},"potentialAction":[{"@type":"SearchAction","target":{"@type":"EntryPoint","urlTemplate":"https:\/\/amberwithsilver.com\/en\/?s={search_term_string}"},"query-input":{"@type":"PropertyValueSpecification","valueRequired":true,"valueName":"search_term_string"}}],"inLanguage":"en-US"},{"@type":"Organization","@id":"https:\/\/amberwithsilver.com\/en\/#organization","name":"amberwithsilver","url":"https:\/\/amberwithsilver.com\/en\/","logo":{"@type":"ImageObject","inLanguage":"en-US","@id":"https:\/\/amberwithsilver.com\/en\/#\/schema\/logo\/image\/","url":"https:\/\/i0.wp.com\/amberwithsilver.com\/wp-content\/uploads\/2020\/12\/logo.jpg?fit=232%2C116&ssl=1","contentUrl":"https:\/\/i0.wp.com\/amberwithsilver.com\/wp-content\/uploads\/2020\/12\/logo.jpg?fit=232%2C116&ssl=1","width":232,"height":116,"caption":"amberwithsilver"},"image":{"@id":"https:\/\/amberwithsilver.com\/en\/#\/schema\/logo\/image\/"}}]}},"jetpack_sharing_enabled":true,"_links":{"self":[{"href":"https:\/\/amberwithsilver.com\/en\/wp-json\/wp\/v2\/product\/133","targetHints":{"allow":["GET"]}}],"collection":[{"href":"https:\/\/amberwithsilver.com\/en\/wp-json\/wp\/v2\/product"}],"about":[{"href":"https:\/\/amberwithsilver.com\/en\/wp-json\/wp\/v2\/types\/product"}],"replies":[{"embeddable":true,"href":"https:\/\/amberwithsilver.com\/en\/wp-json\/wp\/v2\/comments?post=133"}],"version-history":[{"count":0,"href":"https:\/\/amberwithsilver.com\/en\/wp-json\/wp\/v2\/product\/133\/revisions"}],"wp:featuredmedia":[{"embeddable":true,"href":"https:\/\/amberwithsilver.com\/en\/wp-json\/wp\/v2\/media\/241"}],"wp:attachment":[{"href":"https:\/\/amberwithsilver.com\/en\/wp-json\/wp\/v2\/media?parent=133"}],"wp:term":[{"taxonomy":"product_brand","embeddable":true,"href":"https:\/\/amberwithsilver.com\/en\/wp-json\/wp\/v2\/product_brand?post=133"},{"taxonomy":"product_cat","embeddable":true,"href":"https:\/\/amberwithsilver.com\/en\/wp-json\/wp\/v2\/product_cat?post=133"},{"taxonomy":"product_tag","embeddable":true,"href":"https:\/\/amberwithsilver.com\/en\/wp-json\/wp\/v2\/product_tag?post=133"}],"curies":[{"name":"wp","href":"https:\/\/api.w.org\/{rel}","templated":true}]}}