{"id":1392,"date":"2021-04-28T17:50:29","date_gmt":"2021-04-28T15:50:29","guid":{"rendered":"http:\/\/amberwithsilver.com\/?post_type=product&#038;p=1392"},"modified":"2023-09-13T18:07:19","modified_gmt":"2023-09-13T16:07:19","slug":"vysninio-gintaro-kabantys-auskarai-droplet-sidabras-925","status":"publish","type":"product","link":"https:\/\/amberwithsilver.com\/en\/product\/vysninio-gintaro-kabantys-auskarai-droplet-sidabras-925\/","title":{"rendered":"Cherry amber dangle drop earrings Sterling silver"},"content":{"rendered":"<p>Cherry amber dangle drop earrings Sterling silver. Elegant cherry amber earrings are made of droped Baltic amber pieces. Long pieces of amber gives Lady luxury and elegance. These bright cherry amber earrings combined with 925 sterling silver.<\/p>\n<ul>\n<li>Genuine Baltic amber<\/li>\n<li>925 Sterling silver<\/li>\n<li>Weight ~ 7,66 gr.<\/li>\n<li>Color - cherry<\/li>\n<li>Length ~ 5,50 cm<\/li>\n<li>Drop shape<\/li>\n<li>The size of amber up to ~ 18\u00d736 mm.<\/li>\n<\/ul>\n<p><span class=\"VIiyi\" lang=\"lt\"><span class=\"JLqJ4b ChMk0b\" data-language-for-alternatives=\"lt\" data-language-to-translate-into=\"en\" data-phrase-index=\"2\">*Please note as with all natural gemstones the color may vary slightly from the photo shown.<\/span><\/span><\/p>","protected":false},"excerpt":{"rendered":"<p>Cherry amber dangle drop earrings Sterling silver. Elegant cherry amber earrings are made of droped Baltic amber pieces. Long pieces of amber gives Lady luxury and elegance. These bright cherry amber earrings combined with 925 sterling silver.<\/p>\n<ul>\n<li>Genuine Baltic amber<\/li>\n<li>925 Sterling silver<\/li>\n<li>Weight ~ 7,66 gr.<\/li>\n<li>Color - cherry<\/li>\n<li>Length ~ 5,50 cm<\/li>\n<li>Drop shape<\/li>\n<li>The size of amber up to ~ 18\u00d736 mm.<\/li>\n<\/ul>\n<p><span class=\"VIiyi\" lang=\"lt\"><span class=\"JLqJ4b ChMk0b\" data-language-for-alternatives=\"lt\" data-language-to-translate-into=\"en\" data-phrase-index=\"2\">*Please note as with all natural gemstones the color may vary slightly from the photo shown.<\/span><\/span><\/p>","protected":false},"featured_media":1396,"comment_status":"open","ping_status":"closed","template":"","meta":[],"product_brand":[],"product_cat":[38],"product_tag":[278,279,280,281,290,291,381],"class_list":{"0":"post-1392","1":"product","2":"type-product","3":"status-publish","4":"has-post-thumbnail","6":"product_cat-gintaro-auskarai","7":"product_tag-natural-amber-earrings-dangling","8":"product_tag-cherry-amber-and-silver-earrings","9":"product_tag-naturalaus-gintaro-kabantys-auskarai","10":"product_tag-vysninio-gintaro-ir-sidabro-auskarai","11":"product_tag-vysninio-gintaro-kabantys-laso-formos-auskarai-sidabras-925","12":"product_tag-cherry-amber-dangle-drop-earrings-sterling-silver","13":"product_tag-visi","15":"first","16":"instock","17":"sold-individually","18":"taxable","19":"shipping-taxable","20":"purchasable","21":"product-type-simple"},"yoast_head":"<!-- This site is optimized with the Yoast SEO Premium plugin v23.4 (Yoast SEO v27.4) - https:\/\/yoast.com\/product\/yoast-seo-premium-wordpress\/ -->\n<title>Vy\u0161ninio gintaro kabantys la\u0161o formos auskarai Sidabras 925 - AmberWithSilver<\/title>\n<meta name=\"description\" content=\"Vy\u0161ninio gintaro kabantys auskarai - Droplet Sidabras 925, Cherry amber dangle earrings - Droplet Sterling silver, Natural amber earrings\" \/>\n<meta name=\"robots\" content=\"index, follow, max-snippet:-1, max-image-preview:large, max-video-preview:-1\" \/>\n<link rel=\"canonical\" href=\"https:\/\/amberwithsilver.com\/en\/product\/vysninio-gintaro-kabantys-auskarai-droplet-sidabras-925\/\" \/>\n<meta property=\"og:locale\" content=\"en_US\" \/>\n<meta property=\"og:type\" content=\"article\" \/>\n<meta property=\"og:title\" content=\"Vy\u0161ninio gintaro kabantys la\u0161o formos auskarai Sidabras 925\" \/>\n<meta property=\"og:description\" content=\"Vy\u0161ninio gintaro kabantys auskarai - Droplet Sidabras 925, Cherry amber dangle earrings - Droplet Sterling silver, Natural amber earrings\" \/>\n<meta property=\"og:url\" content=\"https:\/\/amberwithsilver.com\/en\/product\/vysninio-gintaro-kabantys-auskarai-droplet-sidabras-925\/\" \/>\n<meta property=\"og:site_name\" content=\"AmberWithSilver\" \/>\n<meta property=\"article:modified_time\" content=\"2023-09-13T16:07:19+00:00\" \/>\n<meta property=\"og:image\" content=\"https:\/\/amberwithsilver.com\/wp-content\/uploads\/2021\/04\/img_4635.jpeg\" \/>\n\t<meta property=\"og:image:width\" content=\"2443\" \/>\n\t<meta property=\"og:image:height\" content=\"2441\" \/>\n\t<meta property=\"og:image:type\" content=\"image\/jpeg\" \/>\n<meta name=\"twitter:card\" content=\"summary_large_image\" \/>\n<script type=\"application\/ld+json\" class=\"yoast-schema-graph\">{\"@context\":\"https:\\\/\\\/schema.org\",\"@graph\":[{\"@type\":\"WebPage\",\"@id\":\"https:\\\/\\\/amberwithsilver.com\\\/product\\\/vysninio-gintaro-kabantys-auskarai-droplet-sidabras-925\\\/\",\"url\":\"https:\\\/\\\/amberwithsilver.com\\\/product\\\/vysninio-gintaro-kabantys-auskarai-droplet-sidabras-925\\\/\",\"name\":\"Vy\u0161ninio gintaro kabantys la\u0161o formos auskarai Sidabras 925 - AmberWithSilver\",\"isPartOf\":{\"@id\":\"https:\\\/\\\/amberwithsilver.com\\\/en\\\/#website\"},\"primaryImageOfPage\":{\"@id\":\"https:\\\/\\\/amberwithsilver.com\\\/product\\\/vysninio-gintaro-kabantys-auskarai-droplet-sidabras-925\\\/#primaryimage\"},\"image\":{\"@id\":\"https:\\\/\\\/amberwithsilver.com\\\/product\\\/vysninio-gintaro-kabantys-auskarai-droplet-sidabras-925\\\/#primaryimage\"},\"thumbnailUrl\":\"https:\\\/\\\/amberwithsilver.com\\\/wp-content\\\/uploads\\\/2021\\\/04\\\/img_4635.jpeg\",\"datePublished\":\"2021-04-28T15:50:29+00:00\",\"dateModified\":\"2023-09-13T16:07:19+00:00\",\"description\":\"Vy\u0161ninio gintaro kabantys auskarai - Droplet Sidabras 925, Cherry amber dangle earrings - Droplet Sterling silver, Natural amber earrings\",\"breadcrumb\":{\"@id\":\"https:\\\/\\\/amberwithsilver.com\\\/product\\\/vysninio-gintaro-kabantys-auskarai-droplet-sidabras-925\\\/#breadcrumb\"},\"inLanguage\":\"en-US\",\"potentialAction\":[{\"@type\":\"ReadAction\",\"target\":[\"https:\\\/\\\/amberwithsilver.com\\\/product\\\/vysninio-gintaro-kabantys-auskarai-droplet-sidabras-925\\\/\"]}]},{\"@type\":\"ImageObject\",\"inLanguage\":\"en-US\",\"@id\":\"https:\\\/\\\/amberwithsilver.com\\\/product\\\/vysninio-gintaro-kabantys-auskarai-droplet-sidabras-925\\\/#primaryimage\",\"url\":\"https:\\\/\\\/amberwithsilver.com\\\/wp-content\\\/uploads\\\/2021\\\/04\\\/img_4635.jpeg\",\"contentUrl\":\"https:\\\/\\\/amberwithsilver.com\\\/wp-content\\\/uploads\\\/2021\\\/04\\\/img_4635.jpeg\",\"width\":2443,\"height\":2441,\"caption\":\"Vy\u0161ninio gintaro kabantys auskarai - Droplet Sidabras 925, Cherry amber dangle earrings - Droplet Sterling silver\"},{\"@type\":\"BreadcrumbList\",\"@id\":\"https:\\\/\\\/amberwithsilver.com\\\/product\\\/vysninio-gintaro-kabantys-auskarai-droplet-sidabras-925\\\/#breadcrumb\",\"itemListElement\":[{\"@type\":\"ListItem\",\"position\":1,\"name\":\"Home\",\"item\":\"https:\\\/\\\/amberwithsilver.com\\\/\"},{\"@type\":\"ListItem\",\"position\":2,\"name\":\"Parduotuv\u0117\",\"item\":\"https:\\\/\\\/amberwithsilver.com\\\/en\\\/parduotuve\\\/\"},{\"@type\":\"ListItem\",\"position\":3,\"name\":\"Vy\u0161ninio gintaro kabantys la\u0161o formos auskarai Sidabras 925\"}]},{\"@type\":\"WebSite\",\"@id\":\"https:\\\/\\\/amberwithsilver.com\\\/en\\\/#website\",\"url\":\"https:\\\/\\\/amberwithsilver.com\\\/en\\\/\",\"name\":\"AmberWithSilver\",\"description\":\"Amber-Silver\",\"publisher\":{\"@id\":\"https:\\\/\\\/amberwithsilver.com\\\/en\\\/#organization\"},\"potentialAction\":[{\"@type\":\"SearchAction\",\"target\":{\"@type\":\"EntryPoint\",\"urlTemplate\":\"https:\\\/\\\/amberwithsilver.com\\\/en\\\/?s={search_term_string}\"},\"query-input\":{\"@type\":\"PropertyValueSpecification\",\"valueRequired\":true,\"valueName\":\"search_term_string\"}}],\"inLanguage\":\"en-US\"},{\"@type\":\"Organization\",\"@id\":\"https:\\\/\\\/amberwithsilver.com\\\/en\\\/#organization\",\"name\":\"amberwithsilver\",\"url\":\"https:\\\/\\\/amberwithsilver.com\\\/en\\\/\",\"logo\":{\"@type\":\"ImageObject\",\"inLanguage\":\"en-US\",\"@id\":\"https:\\\/\\\/amberwithsilver.com\\\/en\\\/#\\\/schema\\\/logo\\\/image\\\/\",\"url\":\"https:\\\/\\\/i0.wp.com\\\/amberwithsilver.com\\\/wp-content\\\/uploads\\\/2020\\\/12\\\/logo.jpg?fit=232%2C116&ssl=1\",\"contentUrl\":\"https:\\\/\\\/i0.wp.com\\\/amberwithsilver.com\\\/wp-content\\\/uploads\\\/2020\\\/12\\\/logo.jpg?fit=232%2C116&ssl=1\",\"width\":232,\"height\":116,\"caption\":\"amberwithsilver\"},\"image\":{\"@id\":\"https:\\\/\\\/amberwithsilver.com\\\/en\\\/#\\\/schema\\\/logo\\\/image\\\/\"}}]}<\/script>\n<!-- \/ Yoast SEO Premium plugin. -->","yoast_head_json":{"title":"Vy\u0161ninio gintaro kabantys la\u0161o formos auskarai Sidabras 925 - AmberWithSilver","description":"Vy\u0161ninio gintaro kabantys auskarai - Droplet Sidabras 925, Cherry amber dangle earrings - Droplet Sterling silver, Natural amber earrings","robots":{"index":"index","follow":"follow","max-snippet":"max-snippet:-1","max-image-preview":"max-image-preview:large","max-video-preview":"max-video-preview:-1"},"canonical":"https:\/\/amberwithsilver.com\/en\/product\/vysninio-gintaro-kabantys-auskarai-droplet-sidabras-925\/","og_locale":"en_US","og_type":"article","og_title":"Vy\u0161ninio gintaro kabantys la\u0161o formos auskarai Sidabras 925","og_description":"Vy\u0161ninio gintaro kabantys auskarai - Droplet Sidabras 925, Cherry amber dangle earrings - Droplet Sterling silver, Natural amber earrings","og_url":"https:\/\/amberwithsilver.com\/en\/product\/vysninio-gintaro-kabantys-auskarai-droplet-sidabras-925\/","og_site_name":"AmberWithSilver","article_modified_time":"2023-09-13T16:07:19+00:00","og_image":[{"width":2443,"height":2441,"url":"https:\/\/amberwithsilver.com\/wp-content\/uploads\/2021\/04\/img_4635.jpeg","type":"image\/jpeg"}],"twitter_card":"summary_large_image","schema":{"@context":"https:\/\/schema.org","@graph":[{"@type":"WebPage","@id":"https:\/\/amberwithsilver.com\/product\/vysninio-gintaro-kabantys-auskarai-droplet-sidabras-925\/","url":"https:\/\/amberwithsilver.com\/product\/vysninio-gintaro-kabantys-auskarai-droplet-sidabras-925\/","name":"Vy\u0161ninio gintaro kabantys la\u0161o formos auskarai Sidabras 925 - AmberWithSilver","isPartOf":{"@id":"https:\/\/amberwithsilver.com\/en\/#website"},"primaryImageOfPage":{"@id":"https:\/\/amberwithsilver.com\/product\/vysninio-gintaro-kabantys-auskarai-droplet-sidabras-925\/#primaryimage"},"image":{"@id":"https:\/\/amberwithsilver.com\/product\/vysninio-gintaro-kabantys-auskarai-droplet-sidabras-925\/#primaryimage"},"thumbnailUrl":"https:\/\/amberwithsilver.com\/wp-content\/uploads\/2021\/04\/img_4635.jpeg","datePublished":"2021-04-28T15:50:29+00:00","dateModified":"2023-09-13T16:07:19+00:00","description":"Vy\u0161ninio gintaro kabantys auskarai - Droplet Sidabras 925, Cherry amber dangle earrings - Droplet Sterling silver, Natural amber earrings","breadcrumb":{"@id":"https:\/\/amberwithsilver.com\/product\/vysninio-gintaro-kabantys-auskarai-droplet-sidabras-925\/#breadcrumb"},"inLanguage":"en-US","potentialAction":[{"@type":"ReadAction","target":["https:\/\/amberwithsilver.com\/product\/vysninio-gintaro-kabantys-auskarai-droplet-sidabras-925\/"]}]},{"@type":"ImageObject","inLanguage":"en-US","@id":"https:\/\/amberwithsilver.com\/product\/vysninio-gintaro-kabantys-auskarai-droplet-sidabras-925\/#primaryimage","url":"https:\/\/amberwithsilver.com\/wp-content\/uploads\/2021\/04\/img_4635.jpeg","contentUrl":"https:\/\/amberwithsilver.com\/wp-content\/uploads\/2021\/04\/img_4635.jpeg","width":2443,"height":2441,"caption":"Vy\u0161ninio gintaro kabantys auskarai - Droplet Sidabras 925, Cherry amber dangle earrings - Droplet Sterling silver"},{"@type":"BreadcrumbList","@id":"https:\/\/amberwithsilver.com\/product\/vysninio-gintaro-kabantys-auskarai-droplet-sidabras-925\/#breadcrumb","itemListElement":[{"@type":"ListItem","position":1,"name":"Home","item":"https:\/\/amberwithsilver.com\/"},{"@type":"ListItem","position":2,"name":"Parduotuv\u0117","item":"https:\/\/amberwithsilver.com\/en\/parduotuve\/"},{"@type":"ListItem","position":3,"name":"Vy\u0161ninio gintaro kabantys la\u0161o formos auskarai Sidabras 925"}]},{"@type":"WebSite","@id":"https:\/\/amberwithsilver.com\/en\/#website","url":"https:\/\/amberwithsilver.com\/en\/","name":"AmberWithSilver","description":"Amber-Silver","publisher":{"@id":"https:\/\/amberwithsilver.com\/en\/#organization"},"potentialAction":[{"@type":"SearchAction","target":{"@type":"EntryPoint","urlTemplate":"https:\/\/amberwithsilver.com\/en\/?s={search_term_string}"},"query-input":{"@type":"PropertyValueSpecification","valueRequired":true,"valueName":"search_term_string"}}],"inLanguage":"en-US"},{"@type":"Organization","@id":"https:\/\/amberwithsilver.com\/en\/#organization","name":"amberwithsilver","url":"https:\/\/amberwithsilver.com\/en\/","logo":{"@type":"ImageObject","inLanguage":"en-US","@id":"https:\/\/amberwithsilver.com\/en\/#\/schema\/logo\/image\/","url":"https:\/\/i0.wp.com\/amberwithsilver.com\/wp-content\/uploads\/2020\/12\/logo.jpg?fit=232%2C116&ssl=1","contentUrl":"https:\/\/i0.wp.com\/amberwithsilver.com\/wp-content\/uploads\/2020\/12\/logo.jpg?fit=232%2C116&ssl=1","width":232,"height":116,"caption":"amberwithsilver"},"image":{"@id":"https:\/\/amberwithsilver.com\/en\/#\/schema\/logo\/image\/"}}]}},"jetpack_sharing_enabled":true,"_links":{"self":[{"href":"https:\/\/amberwithsilver.com\/en\/wp-json\/wp\/v2\/product\/1392","targetHints":{"allow":["GET"]}}],"collection":[{"href":"https:\/\/amberwithsilver.com\/en\/wp-json\/wp\/v2\/product"}],"about":[{"href":"https:\/\/amberwithsilver.com\/en\/wp-json\/wp\/v2\/types\/product"}],"replies":[{"embeddable":true,"href":"https:\/\/amberwithsilver.com\/en\/wp-json\/wp\/v2\/comments?post=1392"}],"version-history":[{"count":0,"href":"https:\/\/amberwithsilver.com\/en\/wp-json\/wp\/v2\/product\/1392\/revisions"}],"wp:featuredmedia":[{"embeddable":true,"href":"https:\/\/amberwithsilver.com\/en\/wp-json\/wp\/v2\/media\/1396"}],"wp:attachment":[{"href":"https:\/\/amberwithsilver.com\/en\/wp-json\/wp\/v2\/media?parent=1392"}],"wp:term":[{"taxonomy":"product_brand","embeddable":true,"href":"https:\/\/amberwithsilver.com\/en\/wp-json\/wp\/v2\/product_brand?post=1392"},{"taxonomy":"product_cat","embeddable":true,"href":"https:\/\/amberwithsilver.com\/en\/wp-json\/wp\/v2\/product_cat?post=1392"},{"taxonomy":"product_tag","embeddable":true,"href":"https:\/\/amberwithsilver.com\/en\/wp-json\/wp\/v2\/product_tag?post=1392"}],"curies":[{"name":"wp","href":"https:\/\/api.w.org\/{rel}","templated":true}]}}