{"id":1402,"date":"2021-04-29T06:54:05","date_gmt":"2021-04-29T04:54:05","guid":{"rendered":"http:\/\/amberwithsilver.com\/?post_type=product&#038;p=1402"},"modified":"2023-09-13T18:04:46","modified_gmt":"2023-09-13T16:04:46","slug":"senovinis-geltonai-balto-gintaro-pakabukas-sidabras-925","status":"publish","type":"product","link":"https:\/\/amberwithsilver.com\/en\/product\/senovinis-geltonai-balto-gintaro-pakabukas-sidabras-925\/","title":{"rendered":"Antique yellow white amber pendant Sterling silver"},"content":{"rendered":"<p>Senovinis geltonai balto gintaro pakabukas Sidabras 925. Nat\u016bralus gintaro pakabukas yra rank\u0173 darbo. Pakabukas yra pagamintas i\u0161 senovinio, geltonai balto pei\u017ea\u017einio gintaro. \u0160is vienetinis, ry\u0161kiai geltonos spalvos gintaro pakabukas yra pa\u017eenklintas sidabro 925 praba.<\/p>\n<ul>\n<li>Natural Baltic amber<\/li>\n<li>925 Sterling silver<\/li>\n<li>Weight ~ 4,85 gr.<\/li>\n<li>Color - yellow, white<\/li>\n<li>Free shape<\/li>\n<li>The size of amber up to ~ 20\u00d740 mm.<\/li>\n<\/ul>\n<p><span class=\"VIiyi\" lang=\"lt\"><span class=\"JLqJ4b ChMk0b\" data-language-for-alternatives=\"lt\" data-language-to-translate-into=\"en\" data-phrase-index=\"2\">*Please note as with all natural gemstones the color may vary slightly from the photo shown.<\/span><\/span><\/p>","protected":false},"excerpt":{"rendered":"<p>Antique yellow white amber pendant Sterling silver. Natural amber pendant is handmade. This pendant is made of antique yellow-white amber. This unique, bright yellow color amber pendant combined with 925 sterling silver.<\/p>\n<ul>\n<li>Natural Baltic amber<\/li>\n<li>925 Sterling silver<\/li>\n<li>Weight ~ 4,85 gr.<\/li>\n<li>Color - yellow, white<\/li>\n<li>Free shape<\/li>\n<li>The size of amber up to ~ 20\u00d740 mm.<\/li>\n<\/ul>\n<p><span class=\"VIiyi\" lang=\"lt\"><span class=\"JLqJ4b ChMk0b\" data-language-for-alternatives=\"lt\" data-language-to-translate-into=\"en\" data-phrase-index=\"2\">*Please note as with all natural gemstones the color may vary slightly from the photo shown.<\/span><\/span><\/p>","protected":false},"featured_media":1411,"comment_status":"open","ping_status":"closed","template":"","meta":[],"product_brand":[],"product_cat":[21],"product_tag":[284,285,286,287,288,289,381],"class_list":{"0":"post-1402","1":"product","2":"type-product","3":"status-publish","4":"has-post-thumbnail","6":"product_cat-gintaro-pakabukai","7":"product_tag-antique-yellow-white-amber-pendant-sterling-silver","8":"product_tag-senovinis-geltonai-balto-gintaro-pakabukas-sidabras-925","9":"product_tag-antique-amber-pendant","10":"product_tag-antikinis-gintaro-pakabukas","11":"product_tag-baltijos-gintaro-pakabukas-su-sidabru","12":"product_tag-baltique-amber-pendant-with-silver","13":"product_tag-visi","15":"first","16":"instock","17":"taxable","18":"shipping-taxable","19":"purchasable","20":"product-type-simple"},"yoast_head":"<!-- This site is optimized with the Yoast SEO Premium plugin v23.4 (Yoast SEO v26.8) - https:\/\/yoast.com\/product\/yoast-seo-premium-wordpress\/ -->\n<title>Senovinis geltonai balto gintaro pakabukas Sidabras 925 - AmberWithSilver<\/title>\n<meta name=\"description\" content=\"Antique yellow white amber pendant Sterling silver,Senovinis geltonai balto gintaro pakabukas Sidabras 925,Antique amber pendant,Antikinis\" \/>\n<meta name=\"robots\" content=\"index, follow, max-snippet:-1, max-image-preview:large, max-video-preview:-1\" \/>\n<link rel=\"canonical\" href=\"https:\/\/amberwithsilver.com\/en\/product\/senovinis-geltonai-balto-gintaro-pakabukas-sidabras-925\/\" \/>\n<meta property=\"og:locale\" content=\"en_US\" \/>\n<meta property=\"og:type\" content=\"article\" \/>\n<meta property=\"og:title\" content=\"Senovinis geltonai balto gintaro pakabukas Sidabras 925\" \/>\n<meta property=\"og:description\" content=\"Antique yellow white amber pendant Sterling silver,Senovinis geltonai balto gintaro pakabukas Sidabras 925,Antique amber pendant,Antikinis\" \/>\n<meta property=\"og:url\" content=\"https:\/\/amberwithsilver.com\/en\/product\/senovinis-geltonai-balto-gintaro-pakabukas-sidabras-925\/\" \/>\n<meta property=\"og:site_name\" content=\"AmberWithSilver\" \/>\n<meta property=\"article:modified_time\" content=\"2023-09-13T16:04:46+00:00\" \/>\n<meta property=\"og:image\" content=\"https:\/\/amberwithsilver.com\/wp-content\/uploads\/2021\/04\/img_4630-1.jpeg\" \/>\n\t<meta property=\"og:image:width\" content=\"2151\" \/>\n\t<meta property=\"og:image:height\" content=\"1841\" \/>\n\t<meta property=\"og:image:type\" content=\"image\/jpeg\" \/>\n<meta name=\"twitter:card\" content=\"summary_large_image\" \/>\n<script type=\"application\/ld+json\" class=\"yoast-schema-graph\">{\"@context\":\"https:\/\/schema.org\",\"@graph\":[{\"@type\":\"WebPage\",\"@id\":\"https:\/\/amberwithsilver.com\/product\/senovinis-geltonai-balto-gintaro-pakabukas-sidabras-925\/\",\"url\":\"https:\/\/amberwithsilver.com\/product\/senovinis-geltonai-balto-gintaro-pakabukas-sidabras-925\/\",\"name\":\"Senovinis geltonai balto gintaro pakabukas Sidabras 925 - AmberWithSilver\",\"isPartOf\":{\"@id\":\"https:\/\/amberwithsilver.com\/en\/#website\"},\"primaryImageOfPage\":{\"@id\":\"https:\/\/amberwithsilver.com\/product\/senovinis-geltonai-balto-gintaro-pakabukas-sidabras-925\/#primaryimage\"},\"image\":{\"@id\":\"https:\/\/amberwithsilver.com\/product\/senovinis-geltonai-balto-gintaro-pakabukas-sidabras-925\/#primaryimage\"},\"thumbnailUrl\":\"https:\/\/amberwithsilver.com\/wp-content\/uploads\/2021\/04\/img_4630-1.jpeg\",\"datePublished\":\"2021-04-29T04:54:05+00:00\",\"dateModified\":\"2023-09-13T16:04:46+00:00\",\"description\":\"Antique yellow white amber pendant Sterling silver,Senovinis geltonai balto gintaro pakabukas Sidabras 925,Antique amber pendant,Antikinis\",\"breadcrumb\":{\"@id\":\"https:\/\/amberwithsilver.com\/product\/senovinis-geltonai-balto-gintaro-pakabukas-sidabras-925\/#breadcrumb\"},\"inLanguage\":\"en-US\",\"potentialAction\":[{\"@type\":\"ReadAction\",\"target\":[\"https:\/\/amberwithsilver.com\/product\/senovinis-geltonai-balto-gintaro-pakabukas-sidabras-925\/\"]}]},{\"@type\":\"ImageObject\",\"inLanguage\":\"en-US\",\"@id\":\"https:\/\/amberwithsilver.com\/product\/senovinis-geltonai-balto-gintaro-pakabukas-sidabras-925\/#primaryimage\",\"url\":\"https:\/\/amberwithsilver.com\/wp-content\/uploads\/2021\/04\/img_4630-1.jpeg\",\"contentUrl\":\"https:\/\/amberwithsilver.com\/wp-content\/uploads\/2021\/04\/img_4630-1.jpeg\",\"width\":2151,\"height\":1841,\"caption\":\"Senovinis geltonai balto gintaro pakabukas Sidabras 925, Antique yellow white amber pendant Sterling silver\"},{\"@type\":\"BreadcrumbList\",\"@id\":\"https:\/\/amberwithsilver.com\/product\/senovinis-geltonai-balto-gintaro-pakabukas-sidabras-925\/#breadcrumb\",\"itemListElement\":[{\"@type\":\"ListItem\",\"position\":1,\"name\":\"Home\",\"item\":\"https:\/\/amberwithsilver.com\/\"},{\"@type\":\"ListItem\",\"position\":2,\"name\":\"Parduotuv\u0117\",\"item\":\"https:\/\/amberwithsilver.com\/en\/parduotuve\/\"},{\"@type\":\"ListItem\",\"position\":3,\"name\":\"Senovinis geltonai balto gintaro pakabukas Sidabras 925\"}]},{\"@type\":\"WebSite\",\"@id\":\"https:\/\/amberwithsilver.com\/en\/#website\",\"url\":\"https:\/\/amberwithsilver.com\/en\/\",\"name\":\"AmberWithSilver\",\"description\":\"Amber-Silver\",\"publisher\":{\"@id\":\"https:\/\/amberwithsilver.com\/en\/#organization\"},\"potentialAction\":[{\"@type\":\"SearchAction\",\"target\":{\"@type\":\"EntryPoint\",\"urlTemplate\":\"https:\/\/amberwithsilver.com\/en\/?s={search_term_string}\"},\"query-input\":{\"@type\":\"PropertyValueSpecification\",\"valueRequired\":true,\"valueName\":\"search_term_string\"}}],\"inLanguage\":\"en-US\"},{\"@type\":\"Organization\",\"@id\":\"https:\/\/amberwithsilver.com\/en\/#organization\",\"name\":\"amberwithsilver\",\"url\":\"https:\/\/amberwithsilver.com\/en\/\",\"logo\":{\"@type\":\"ImageObject\",\"inLanguage\":\"en-US\",\"@id\":\"https:\/\/amberwithsilver.com\/en\/#\/schema\/logo\/image\/\",\"url\":\"https:\/\/i0.wp.com\/amberwithsilver.com\/wp-content\/uploads\/2020\/12\/logo.jpg?fit=232%2C116&ssl=1\",\"contentUrl\":\"https:\/\/i0.wp.com\/amberwithsilver.com\/wp-content\/uploads\/2020\/12\/logo.jpg?fit=232%2C116&ssl=1\",\"width\":232,\"height\":116,\"caption\":\"amberwithsilver\"},\"image\":{\"@id\":\"https:\/\/amberwithsilver.com\/en\/#\/schema\/logo\/image\/\"}}]}<\/script>\n<!-- \/ Yoast SEO Premium plugin. -->","yoast_head_json":{"title":"Senovinis geltonai balto gintaro pakabukas Sidabras 925 - AmberWithSilver","description":"Antique yellow white amber pendant Sterling silver,Senovinis geltonai balto gintaro pakabukas Sidabras 925,Antique amber pendant,Antikinis","robots":{"index":"index","follow":"follow","max-snippet":"max-snippet:-1","max-image-preview":"max-image-preview:large","max-video-preview":"max-video-preview:-1"},"canonical":"https:\/\/amberwithsilver.com\/en\/product\/senovinis-geltonai-balto-gintaro-pakabukas-sidabras-925\/","og_locale":"en_US","og_type":"article","og_title":"Senovinis geltonai balto gintaro pakabukas Sidabras 925","og_description":"Antique yellow white amber pendant Sterling silver,Senovinis geltonai balto gintaro pakabukas Sidabras 925,Antique amber pendant,Antikinis","og_url":"https:\/\/amberwithsilver.com\/en\/product\/senovinis-geltonai-balto-gintaro-pakabukas-sidabras-925\/","og_site_name":"AmberWithSilver","article_modified_time":"2023-09-13T16:04:46+00:00","og_image":[{"width":2151,"height":1841,"url":"https:\/\/amberwithsilver.com\/wp-content\/uploads\/2021\/04\/img_4630-1.jpeg","type":"image\/jpeg"}],"twitter_card":"summary_large_image","schema":{"@context":"https:\/\/schema.org","@graph":[{"@type":"WebPage","@id":"https:\/\/amberwithsilver.com\/product\/senovinis-geltonai-balto-gintaro-pakabukas-sidabras-925\/","url":"https:\/\/amberwithsilver.com\/product\/senovinis-geltonai-balto-gintaro-pakabukas-sidabras-925\/","name":"Senovinis geltonai balto gintaro pakabukas Sidabras 925 - AmberWithSilver","isPartOf":{"@id":"https:\/\/amberwithsilver.com\/en\/#website"},"primaryImageOfPage":{"@id":"https:\/\/amberwithsilver.com\/product\/senovinis-geltonai-balto-gintaro-pakabukas-sidabras-925\/#primaryimage"},"image":{"@id":"https:\/\/amberwithsilver.com\/product\/senovinis-geltonai-balto-gintaro-pakabukas-sidabras-925\/#primaryimage"},"thumbnailUrl":"https:\/\/amberwithsilver.com\/wp-content\/uploads\/2021\/04\/img_4630-1.jpeg","datePublished":"2021-04-29T04:54:05+00:00","dateModified":"2023-09-13T16:04:46+00:00","description":"Antique yellow white amber pendant Sterling silver,Senovinis geltonai balto gintaro pakabukas Sidabras 925,Antique amber pendant,Antikinis","breadcrumb":{"@id":"https:\/\/amberwithsilver.com\/product\/senovinis-geltonai-balto-gintaro-pakabukas-sidabras-925\/#breadcrumb"},"inLanguage":"en-US","potentialAction":[{"@type":"ReadAction","target":["https:\/\/amberwithsilver.com\/product\/senovinis-geltonai-balto-gintaro-pakabukas-sidabras-925\/"]}]},{"@type":"ImageObject","inLanguage":"en-US","@id":"https:\/\/amberwithsilver.com\/product\/senovinis-geltonai-balto-gintaro-pakabukas-sidabras-925\/#primaryimage","url":"https:\/\/amberwithsilver.com\/wp-content\/uploads\/2021\/04\/img_4630-1.jpeg","contentUrl":"https:\/\/amberwithsilver.com\/wp-content\/uploads\/2021\/04\/img_4630-1.jpeg","width":2151,"height":1841,"caption":"Senovinis geltonai balto gintaro pakabukas Sidabras 925, Antique yellow white amber pendant Sterling silver"},{"@type":"BreadcrumbList","@id":"https:\/\/amberwithsilver.com\/product\/senovinis-geltonai-balto-gintaro-pakabukas-sidabras-925\/#breadcrumb","itemListElement":[{"@type":"ListItem","position":1,"name":"Home","item":"https:\/\/amberwithsilver.com\/"},{"@type":"ListItem","position":2,"name":"Parduotuv\u0117","item":"https:\/\/amberwithsilver.com\/en\/parduotuve\/"},{"@type":"ListItem","position":3,"name":"Senovinis geltonai balto gintaro pakabukas Sidabras 925"}]},{"@type":"WebSite","@id":"https:\/\/amberwithsilver.com\/en\/#website","url":"https:\/\/amberwithsilver.com\/en\/","name":"AmberWithSilver","description":"Amber-Silver","publisher":{"@id":"https:\/\/amberwithsilver.com\/en\/#organization"},"potentialAction":[{"@type":"SearchAction","target":{"@type":"EntryPoint","urlTemplate":"https:\/\/amberwithsilver.com\/en\/?s={search_term_string}"},"query-input":{"@type":"PropertyValueSpecification","valueRequired":true,"valueName":"search_term_string"}}],"inLanguage":"en-US"},{"@type":"Organization","@id":"https:\/\/amberwithsilver.com\/en\/#organization","name":"amberwithsilver","url":"https:\/\/amberwithsilver.com\/en\/","logo":{"@type":"ImageObject","inLanguage":"en-US","@id":"https:\/\/amberwithsilver.com\/en\/#\/schema\/logo\/image\/","url":"https:\/\/i0.wp.com\/amberwithsilver.com\/wp-content\/uploads\/2020\/12\/logo.jpg?fit=232%2C116&ssl=1","contentUrl":"https:\/\/i0.wp.com\/amberwithsilver.com\/wp-content\/uploads\/2020\/12\/logo.jpg?fit=232%2C116&ssl=1","width":232,"height":116,"caption":"amberwithsilver"},"image":{"@id":"https:\/\/amberwithsilver.com\/en\/#\/schema\/logo\/image\/"}}]}},"jetpack_sharing_enabled":true,"_links":{"self":[{"href":"https:\/\/amberwithsilver.com\/en\/wp-json\/wp\/v2\/product\/1402","targetHints":{"allow":["GET"]}}],"collection":[{"href":"https:\/\/amberwithsilver.com\/en\/wp-json\/wp\/v2\/product"}],"about":[{"href":"https:\/\/amberwithsilver.com\/en\/wp-json\/wp\/v2\/types\/product"}],"replies":[{"embeddable":true,"href":"https:\/\/amberwithsilver.com\/en\/wp-json\/wp\/v2\/comments?post=1402"}],"version-history":[{"count":0,"href":"https:\/\/amberwithsilver.com\/en\/wp-json\/wp\/v2\/product\/1402\/revisions"}],"wp:featuredmedia":[{"embeddable":true,"href":"https:\/\/amberwithsilver.com\/en\/wp-json\/wp\/v2\/media\/1411"}],"wp:attachment":[{"href":"https:\/\/amberwithsilver.com\/en\/wp-json\/wp\/v2\/media?parent=1402"}],"wp:term":[{"taxonomy":"product_brand","embeddable":true,"href":"https:\/\/amberwithsilver.com\/en\/wp-json\/wp\/v2\/product_brand?post=1402"},{"taxonomy":"product_cat","embeddable":true,"href":"https:\/\/amberwithsilver.com\/en\/wp-json\/wp\/v2\/product_cat?post=1402"},{"taxonomy":"product_tag","embeddable":true,"href":"https:\/\/amberwithsilver.com\/en\/wp-json\/wp\/v2\/product_tag?post=1402"}],"curies":[{"name":"wp","href":"https:\/\/api.w.org\/{rel}","templated":true}]}}