{"id":1451,"date":"2021-05-05T22:16:27","date_gmt":"2021-05-05T20:16:27","guid":{"rendered":"http:\/\/amberwithsilver.com\/?post_type=product&#038;p=1451"},"modified":"2023-09-13T18:02:40","modified_gmt":"2023-09-13T16:02:40","slug":"ranku-darbo-vysninis-gintaro-pakabukas-sidabras-925","status":"publish","type":"product","link":"https:\/\/amberwithsilver.com\/en\/product\/ranku-darbo-vysninis-gintaro-pakabukas-sidabras-925\/","title":{"rendered":"Cherry amber flame pendant Sterling silver"},"content":{"rendered":"<p>Cherry amber flame pendant Sterling silver. The amber pendant is flame shape and made from natural Baltic amber. Pure silver amber pendant is lightweight and can be used daily. This pendant combined with 925 sterling silver.<\/p>\n<ul>\n<li>Natural Baltic amber<\/li>\n<li>925 Sterling silver<\/li>\n<li>Weight ~ 3,12 gr.<\/li>\n<li>Cherry color<\/li>\n<li>Flame shape<\/li>\n<li>Length ~ 3,00 cm.<\/li>\n<\/ul>\n<p><span class=\"VIiyi\" lang=\"lt\"><span class=\"JLqJ4b ChMk0b\" data-language-for-alternatives=\"lt\" data-language-to-translate-into=\"en\" data-phrase-index=\"2\">*Please note as with all natural gemstones the color may vary slightly from the photo shown.<\/span><\/span><\/p>","protected":false},"excerpt":{"rendered":"<p>Cherry amber flame pendant Sterling silver. The amber pendant is flame shape and made from natural Baltic amber. Pure silver amber pendant is lightweight and can be used daily. This pendant combined with 925 sterling silver.<\/p>\n<ul>\n<li>Natural Baltic amber<\/li>\n<li>925 Sterling silver<\/li>\n<li>Weight ~ 3,12 gr.<\/li>\n<li>Cherry color<\/li>\n<li>Flame shape<\/li>\n<li>Length ~ 3,00 cm.<\/li>\n<\/ul>\n<p><span class=\"VIiyi\" lang=\"lt\"><span class=\"JLqJ4b ChMk0b\" data-language-for-alternatives=\"lt\" data-language-to-translate-into=\"en\" data-phrase-index=\"2\">*Please note as with all natural gemstones the color may vary slightly from the photo shown.<\/span><\/span><\/p>","protected":false},"featured_media":1453,"comment_status":"open","ping_status":"closed","template":"","meta":[],"product_brand":[],"product_cat":[21],"product_tag":[300,308,309,310,311,381],"class_list":{"0":"post-1451","1":"product","2":"type-product","3":"status-publish","4":"has-post-thumbnail","6":"product_cat-gintaro-pakabukai","7":"product_tag-baltijos-gintaro-ir-sidabro-pakabukas-925","8":"product_tag-ranku-darbo-vysninis-gintaro-pakabukas-sidabras-925","9":"product_tag-cherry-amber-flame-pendant-sterling-silver","10":"product_tag-baltic-amber-and-silver-pendant-925","11":"product_tag-silver-amber-jewelry","12":"product_tag-visi","14":"first","15":"outofstock","16":"taxable","17":"shipping-taxable","18":"purchasable","19":"product-type-simple"},"yoast_head":"<!-- This site is optimized with the Yoast SEO Premium plugin v23.4 (Yoast SEO v26.8) - https:\/\/yoast.com\/product\/yoast-seo-premium-wordpress\/ -->\n<title>Rank\u0173 darbo vy\u0161ninis gintaro pakabukas Sidabras 925 - AmberWithSilver<\/title>\n<meta name=\"description\" content=\"Rank\u0173 darbo vy\u0161ninis gintaro pakabukas Sidabras 925, Cherry amber flame pendant Sterling silver, Baltijos gintaro ir sidabro pakabukas 925\" \/>\n<meta name=\"robots\" content=\"index, follow, max-snippet:-1, max-image-preview:large, max-video-preview:-1\" \/>\n<link rel=\"canonical\" href=\"https:\/\/amberwithsilver.com\/en\/product\/ranku-darbo-vysninis-gintaro-pakabukas-sidabras-925\/\" \/>\n<meta property=\"og:locale\" content=\"en_US\" \/>\n<meta property=\"og:type\" content=\"article\" \/>\n<meta property=\"og:title\" content=\"Rank\u0173 darbo vy\u0161ninis gintaro pakabukas Sidabras 925\" \/>\n<meta property=\"og:description\" content=\"Rank\u0173 darbo vy\u0161ninis gintaro pakabukas Sidabras 925, Cherry amber flame pendant Sterling silver, Baltijos gintaro ir sidabro pakabukas 925\" \/>\n<meta property=\"og:url\" content=\"https:\/\/amberwithsilver.com\/en\/product\/ranku-darbo-vysninis-gintaro-pakabukas-sidabras-925\/\" \/>\n<meta property=\"og:site_name\" content=\"AmberWithSilver\" \/>\n<meta property=\"article:modified_time\" content=\"2023-09-13T16:02:40+00:00\" \/>\n<meta property=\"og:image\" content=\"https:\/\/amberwithsilver.com\/wp-content\/uploads\/2021\/05\/img_4852.jpeg\" \/>\n\t<meta property=\"og:image:width\" content=\"2117\" \/>\n\t<meta property=\"og:image:height\" content=\"2038\" \/>\n\t<meta property=\"og:image:type\" content=\"image\/jpeg\" \/>\n<meta name=\"twitter:card\" content=\"summary_large_image\" \/>\n<meta name=\"twitter:label1\" content=\"Est. reading time\" \/>\n\t<meta name=\"twitter:data1\" content=\"1 minute\" \/>\n<script type=\"application\/ld+json\" class=\"yoast-schema-graph\">{\"@context\":\"https:\/\/schema.org\",\"@graph\":[{\"@type\":\"WebPage\",\"@id\":\"https:\/\/amberwithsilver.com\/product\/ranku-darbo-vysninis-gintaro-pakabukas-sidabras-925\/\",\"url\":\"https:\/\/amberwithsilver.com\/product\/ranku-darbo-vysninis-gintaro-pakabukas-sidabras-925\/\",\"name\":\"Rank\u0173 darbo vy\u0161ninis gintaro pakabukas Sidabras 925 - AmberWithSilver\",\"isPartOf\":{\"@id\":\"https:\/\/amberwithsilver.com\/en\/#website\"},\"primaryImageOfPage\":{\"@id\":\"https:\/\/amberwithsilver.com\/product\/ranku-darbo-vysninis-gintaro-pakabukas-sidabras-925\/#primaryimage\"},\"image\":{\"@id\":\"https:\/\/amberwithsilver.com\/product\/ranku-darbo-vysninis-gintaro-pakabukas-sidabras-925\/#primaryimage\"},\"thumbnailUrl\":\"https:\/\/amberwithsilver.com\/wp-content\/uploads\/2021\/05\/img_4852.jpeg\",\"datePublished\":\"2021-05-05T20:16:27+00:00\",\"dateModified\":\"2023-09-13T16:02:40+00:00\",\"description\":\"Rank\u0173 darbo vy\u0161ninis gintaro pakabukas Sidabras 925, Cherry amber flame pendant Sterling silver, Baltijos gintaro ir sidabro pakabukas 925\",\"breadcrumb\":{\"@id\":\"https:\/\/amberwithsilver.com\/product\/ranku-darbo-vysninis-gintaro-pakabukas-sidabras-925\/#breadcrumb\"},\"inLanguage\":\"en-US\",\"potentialAction\":[{\"@type\":\"ReadAction\",\"target\":[\"https:\/\/amberwithsilver.com\/product\/ranku-darbo-vysninis-gintaro-pakabukas-sidabras-925\/\"]}]},{\"@type\":\"ImageObject\",\"inLanguage\":\"en-US\",\"@id\":\"https:\/\/amberwithsilver.com\/product\/ranku-darbo-vysninis-gintaro-pakabukas-sidabras-925\/#primaryimage\",\"url\":\"https:\/\/amberwithsilver.com\/wp-content\/uploads\/2021\/05\/img_4852.jpeg\",\"contentUrl\":\"https:\/\/amberwithsilver.com\/wp-content\/uploads\/2021\/05\/img_4852.jpeg\",\"width\":2117,\"height\":2038,\"caption\":\"Rank\u0173 darbo vy\u0161ninis gintaro pakabukas Sidabras 925, Cherry amber flame pendant Sterling silver\"},{\"@type\":\"BreadcrumbList\",\"@id\":\"https:\/\/amberwithsilver.com\/product\/ranku-darbo-vysninis-gintaro-pakabukas-sidabras-925\/#breadcrumb\",\"itemListElement\":[{\"@type\":\"ListItem\",\"position\":1,\"name\":\"Home\",\"item\":\"https:\/\/amberwithsilver.com\/\"},{\"@type\":\"ListItem\",\"position\":2,\"name\":\"Parduotuv\u0117\",\"item\":\"https:\/\/amberwithsilver.com\/en\/parduotuve\/\"},{\"@type\":\"ListItem\",\"position\":3,\"name\":\"Rank\u0173 darbo vy\u0161ninis gintaro pakabukas Sidabras 925\"}]},{\"@type\":\"WebSite\",\"@id\":\"https:\/\/amberwithsilver.com\/en\/#website\",\"url\":\"https:\/\/amberwithsilver.com\/en\/\",\"name\":\"AmberWithSilver\",\"description\":\"Amber-Silver\",\"publisher\":{\"@id\":\"https:\/\/amberwithsilver.com\/en\/#organization\"},\"potentialAction\":[{\"@type\":\"SearchAction\",\"target\":{\"@type\":\"EntryPoint\",\"urlTemplate\":\"https:\/\/amberwithsilver.com\/en\/?s={search_term_string}\"},\"query-input\":{\"@type\":\"PropertyValueSpecification\",\"valueRequired\":true,\"valueName\":\"search_term_string\"}}],\"inLanguage\":\"en-US\"},{\"@type\":\"Organization\",\"@id\":\"https:\/\/amberwithsilver.com\/en\/#organization\",\"name\":\"amberwithsilver\",\"url\":\"https:\/\/amberwithsilver.com\/en\/\",\"logo\":{\"@type\":\"ImageObject\",\"inLanguage\":\"en-US\",\"@id\":\"https:\/\/amberwithsilver.com\/en\/#\/schema\/logo\/image\/\",\"url\":\"https:\/\/i0.wp.com\/amberwithsilver.com\/wp-content\/uploads\/2020\/12\/logo.jpg?fit=232%2C116&ssl=1\",\"contentUrl\":\"https:\/\/i0.wp.com\/amberwithsilver.com\/wp-content\/uploads\/2020\/12\/logo.jpg?fit=232%2C116&ssl=1\",\"width\":232,\"height\":116,\"caption\":\"amberwithsilver\"},\"image\":{\"@id\":\"https:\/\/amberwithsilver.com\/en\/#\/schema\/logo\/image\/\"}}]}<\/script>\n<!-- \/ Yoast SEO Premium plugin. -->","yoast_head_json":{"title":"Rank\u0173 darbo vy\u0161ninis gintaro pakabukas Sidabras 925 - AmberWithSilver","description":"Rank\u0173 darbo vy\u0161ninis gintaro pakabukas Sidabras 925, Cherry amber flame pendant Sterling silver, Baltijos gintaro ir sidabro pakabukas 925","robots":{"index":"index","follow":"follow","max-snippet":"max-snippet:-1","max-image-preview":"max-image-preview:large","max-video-preview":"max-video-preview:-1"},"canonical":"https:\/\/amberwithsilver.com\/en\/product\/ranku-darbo-vysninis-gintaro-pakabukas-sidabras-925\/","og_locale":"en_US","og_type":"article","og_title":"Rank\u0173 darbo vy\u0161ninis gintaro pakabukas Sidabras 925","og_description":"Rank\u0173 darbo vy\u0161ninis gintaro pakabukas Sidabras 925, Cherry amber flame pendant Sterling silver, Baltijos gintaro ir sidabro pakabukas 925","og_url":"https:\/\/amberwithsilver.com\/en\/product\/ranku-darbo-vysninis-gintaro-pakabukas-sidabras-925\/","og_site_name":"AmberWithSilver","article_modified_time":"2023-09-13T16:02:40+00:00","og_image":[{"width":2117,"height":2038,"url":"https:\/\/amberwithsilver.com\/wp-content\/uploads\/2021\/05\/img_4852.jpeg","type":"image\/jpeg"}],"twitter_card":"summary_large_image","twitter_misc":{"Est. reading time":"1 minute"},"schema":{"@context":"https:\/\/schema.org","@graph":[{"@type":"WebPage","@id":"https:\/\/amberwithsilver.com\/product\/ranku-darbo-vysninis-gintaro-pakabukas-sidabras-925\/","url":"https:\/\/amberwithsilver.com\/product\/ranku-darbo-vysninis-gintaro-pakabukas-sidabras-925\/","name":"Rank\u0173 darbo vy\u0161ninis gintaro pakabukas Sidabras 925 - AmberWithSilver","isPartOf":{"@id":"https:\/\/amberwithsilver.com\/en\/#website"},"primaryImageOfPage":{"@id":"https:\/\/amberwithsilver.com\/product\/ranku-darbo-vysninis-gintaro-pakabukas-sidabras-925\/#primaryimage"},"image":{"@id":"https:\/\/amberwithsilver.com\/product\/ranku-darbo-vysninis-gintaro-pakabukas-sidabras-925\/#primaryimage"},"thumbnailUrl":"https:\/\/amberwithsilver.com\/wp-content\/uploads\/2021\/05\/img_4852.jpeg","datePublished":"2021-05-05T20:16:27+00:00","dateModified":"2023-09-13T16:02:40+00:00","description":"Rank\u0173 darbo vy\u0161ninis gintaro pakabukas Sidabras 925, Cherry amber flame pendant Sterling silver, Baltijos gintaro ir sidabro pakabukas 925","breadcrumb":{"@id":"https:\/\/amberwithsilver.com\/product\/ranku-darbo-vysninis-gintaro-pakabukas-sidabras-925\/#breadcrumb"},"inLanguage":"en-US","potentialAction":[{"@type":"ReadAction","target":["https:\/\/amberwithsilver.com\/product\/ranku-darbo-vysninis-gintaro-pakabukas-sidabras-925\/"]}]},{"@type":"ImageObject","inLanguage":"en-US","@id":"https:\/\/amberwithsilver.com\/product\/ranku-darbo-vysninis-gintaro-pakabukas-sidabras-925\/#primaryimage","url":"https:\/\/amberwithsilver.com\/wp-content\/uploads\/2021\/05\/img_4852.jpeg","contentUrl":"https:\/\/amberwithsilver.com\/wp-content\/uploads\/2021\/05\/img_4852.jpeg","width":2117,"height":2038,"caption":"Rank\u0173 darbo vy\u0161ninis gintaro pakabukas Sidabras 925, Cherry amber flame pendant Sterling silver"},{"@type":"BreadcrumbList","@id":"https:\/\/amberwithsilver.com\/product\/ranku-darbo-vysninis-gintaro-pakabukas-sidabras-925\/#breadcrumb","itemListElement":[{"@type":"ListItem","position":1,"name":"Home","item":"https:\/\/amberwithsilver.com\/"},{"@type":"ListItem","position":2,"name":"Parduotuv\u0117","item":"https:\/\/amberwithsilver.com\/en\/parduotuve\/"},{"@type":"ListItem","position":3,"name":"Rank\u0173 darbo vy\u0161ninis gintaro pakabukas Sidabras 925"}]},{"@type":"WebSite","@id":"https:\/\/amberwithsilver.com\/en\/#website","url":"https:\/\/amberwithsilver.com\/en\/","name":"AmberWithSilver","description":"Amber-Silver","publisher":{"@id":"https:\/\/amberwithsilver.com\/en\/#organization"},"potentialAction":[{"@type":"SearchAction","target":{"@type":"EntryPoint","urlTemplate":"https:\/\/amberwithsilver.com\/en\/?s={search_term_string}"},"query-input":{"@type":"PropertyValueSpecification","valueRequired":true,"valueName":"search_term_string"}}],"inLanguage":"en-US"},{"@type":"Organization","@id":"https:\/\/amberwithsilver.com\/en\/#organization","name":"amberwithsilver","url":"https:\/\/amberwithsilver.com\/en\/","logo":{"@type":"ImageObject","inLanguage":"en-US","@id":"https:\/\/amberwithsilver.com\/en\/#\/schema\/logo\/image\/","url":"https:\/\/i0.wp.com\/amberwithsilver.com\/wp-content\/uploads\/2020\/12\/logo.jpg?fit=232%2C116&ssl=1","contentUrl":"https:\/\/i0.wp.com\/amberwithsilver.com\/wp-content\/uploads\/2020\/12\/logo.jpg?fit=232%2C116&ssl=1","width":232,"height":116,"caption":"amberwithsilver"},"image":{"@id":"https:\/\/amberwithsilver.com\/en\/#\/schema\/logo\/image\/"}}]}},"jetpack_sharing_enabled":true,"_links":{"self":[{"href":"https:\/\/amberwithsilver.com\/en\/wp-json\/wp\/v2\/product\/1451","targetHints":{"allow":["GET"]}}],"collection":[{"href":"https:\/\/amberwithsilver.com\/en\/wp-json\/wp\/v2\/product"}],"about":[{"href":"https:\/\/amberwithsilver.com\/en\/wp-json\/wp\/v2\/types\/product"}],"replies":[{"embeddable":true,"href":"https:\/\/amberwithsilver.com\/en\/wp-json\/wp\/v2\/comments?post=1451"}],"version-history":[{"count":0,"href":"https:\/\/amberwithsilver.com\/en\/wp-json\/wp\/v2\/product\/1451\/revisions"}],"wp:featuredmedia":[{"embeddable":true,"href":"https:\/\/amberwithsilver.com\/en\/wp-json\/wp\/v2\/media\/1453"}],"wp:attachment":[{"href":"https:\/\/amberwithsilver.com\/en\/wp-json\/wp\/v2\/media?parent=1451"}],"wp:term":[{"taxonomy":"product_brand","embeddable":true,"href":"https:\/\/amberwithsilver.com\/en\/wp-json\/wp\/v2\/product_brand?post=1451"},{"taxonomy":"product_cat","embeddable":true,"href":"https:\/\/amberwithsilver.com\/en\/wp-json\/wp\/v2\/product_cat?post=1451"},{"taxonomy":"product_tag","embeddable":true,"href":"https:\/\/amberwithsilver.com\/en\/wp-json\/wp\/v2\/product_tag?post=1451"}],"curies":[{"name":"wp","href":"https:\/\/api.w.org\/{rel}","templated":true}]}}