{"id":1460,"date":"2021-05-05T23:34:00","date_gmt":"2021-05-05T21:34:00","guid":{"rendered":"http:\/\/amberwithsilver.com\/product\/1460\/"},"modified":"2022-02-24T11:08:37","modified_gmt":"2022-02-24T09:08:37","slug":"1460","status":"publish","type":"product","link":"https:\/\/amberwithsilver.com\/en\/product\/1460\/","title":{"rendered":"Multicolored amber round beads stretch bracelet"},"content":{"rendered":"<p>Multicolored amber round beads stretch bracelet.<\/p>\n<ul>\n<li>Natural Baltic amber<\/li>\n<li>Multicolored round beads<\/li>\n<li>Elastic silicon<\/li>\n<li>Weight: ~ 3.40 gr.<\/li>\n<li>Beads size: ~ 5 mm<\/li>\n<\/ul>\n<p>*Please note as with all natural gemstones the color may vary slightly from the photo shown.<\/p>","protected":false},"excerpt":{"rendered":"<p>Multicolored amber round beads stretch bracelet.<\/p>\n<ul>\n<li>Natural Baltic amber<\/li>\n<li>Multicolored round beads<\/li>\n<li>Elastic silicon<\/li>\n<li>Weight: ~ 3.40 gr.<\/li>\n<li>Beads size: ~ 5 mm<\/li>\n<\/ul>\n<p>*Please note as with all natural gemstones the color may vary slightly from the photo shown.<\/p>","protected":false},"featured_media":1459,"comment_status":"open","ping_status":"closed","template":"","meta":[],"product_brand":[],"product_cat":[18],"product_tag":[311,313,314,315,316,317,381],"class_list":{"0":"post-1460","1":"product","2":"type-product","3":"status-publish","4":"has-post-thumbnail","6":"product_cat-gintaro-apyrankes","7":"product_tag-silver-amber-jewelry","8":"product_tag-multicolor-amber-round-shape-bracelet","9":"product_tag-baltic-amber-bracelet-on-the-stretch","10":"product_tag-amber-manufacturer-from-lithuania","11":"product_tag-marga-gintaro-rutuliuku-apyranke-5-mm","12":"product_tag-multicolored-amber-round-beads-stretch-bracelet","13":"product_tag-visi","15":"first","16":"instock","17":"taxable","18":"shipping-taxable","19":"purchasable","20":"product-type-simple"},"yoast_head":"<!-- This site is optimized with the Yoast SEO Premium plugin v23.4 (Yoast SEO v26.8) - https:\/\/yoast.com\/product\/yoast-seo-premium-wordpress\/ -->\n<title>\u012evairiaspalv\u0117 gintaro rutuliuk\u0173 apyrank\u0117 5 mm - AmberWithSilver<\/title>\n<meta name=\"description\" content=\"Amber manufacturer from Lithuania, \u012evairiaspalv\u0117 gintaro rutuliuk\u0173 apyrank\u0117 5 mm, Multicolored amber round beads stretch bracelet, Baltic\" \/>\n<meta name=\"robots\" content=\"index, follow, max-snippet:-1, max-image-preview:large, max-video-preview:-1\" \/>\n<link rel=\"canonical\" href=\"https:\/\/amberwithsilver.com\/en\/product\/1460\/\" \/>\n<meta property=\"og:locale\" content=\"en_US\" \/>\n<meta property=\"og:type\" content=\"article\" \/>\n<meta property=\"og:title\" content=\"\u012evairiaspalv\u0117 gintaro rutuliuk\u0173 apyrank\u0117 5 mm\" \/>\n<meta property=\"og:description\" content=\"Amber manufacturer from Lithuania, \u012evairiaspalv\u0117 gintaro rutuliuk\u0173 apyrank\u0117 5 mm, Multicolored amber round beads stretch bracelet, Baltic\" \/>\n<meta property=\"og:url\" content=\"https:\/\/amberwithsilver.com\/en\/product\/1460\/\" \/>\n<meta property=\"og:site_name\" content=\"AmberWithSilver\" \/>\n<meta property=\"article:modified_time\" content=\"2022-02-24T09:08:37+00:00\" \/>\n<meta property=\"og:image\" content=\"https:\/\/amberwithsilver.com\/wp-content\/uploads\/2021\/05\/img_4871.jpeg\" \/>\n\t<meta property=\"og:image:width\" content=\"2454\" \/>\n\t<meta property=\"og:image:height\" content=\"2381\" \/>\n\t<meta property=\"og:image:type\" content=\"image\/jpeg\" \/>\n<meta name=\"twitter:card\" content=\"summary_large_image\" \/>\n<script type=\"application\/ld+json\" class=\"yoast-schema-graph\">{\"@context\":\"https:\/\/schema.org\",\"@graph\":[{\"@type\":\"WebPage\",\"@id\":\"https:\/\/amberwithsilver.com\/product\/1460\/\",\"url\":\"https:\/\/amberwithsilver.com\/product\/1460\/\",\"name\":\"\u012evairiaspalv\u0117 gintaro rutuliuk\u0173 apyrank\u0117 5 mm - AmberWithSilver\",\"isPartOf\":{\"@id\":\"https:\/\/amberwithsilver.com\/en\/#website\"},\"primaryImageOfPage\":{\"@id\":\"https:\/\/amberwithsilver.com\/product\/1460\/#primaryimage\"},\"image\":{\"@id\":\"https:\/\/amberwithsilver.com\/product\/1460\/#primaryimage\"},\"thumbnailUrl\":\"https:\/\/amberwithsilver.com\/wp-content\/uploads\/2021\/05\/img_4871.jpeg\",\"datePublished\":\"2021-05-05T21:34:00+00:00\",\"dateModified\":\"2022-02-24T09:08:37+00:00\",\"description\":\"Amber manufacturer from Lithuania, \u012evairiaspalv\u0117 gintaro rutuliuk\u0173 apyrank\u0117 5 mm, Multicolored amber round beads stretch bracelet, Baltic\",\"breadcrumb\":{\"@id\":\"https:\/\/amberwithsilver.com\/product\/1460\/#breadcrumb\"},\"inLanguage\":\"en-US\",\"potentialAction\":[{\"@type\":\"ReadAction\",\"target\":[\"https:\/\/amberwithsilver.com\/product\/1460\/\"]}]},{\"@type\":\"ImageObject\",\"inLanguage\":\"en-US\",\"@id\":\"https:\/\/amberwithsilver.com\/product\/1460\/#primaryimage\",\"url\":\"https:\/\/amberwithsilver.com\/wp-content\/uploads\/2021\/05\/img_4871.jpeg\",\"contentUrl\":\"https:\/\/amberwithsilver.com\/wp-content\/uploads\/2021\/05\/img_4871.jpeg\",\"width\":2454,\"height\":2381,\"caption\":\"\u012evairiaspalv\u0117 gintaro rutuliuk\u0173 apyrank\u0117 5 mm, multicolored amber round beads stretch bracelet 5mm\"},{\"@type\":\"BreadcrumbList\",\"@id\":\"https:\/\/amberwithsilver.com\/product\/1460\/#breadcrumb\",\"itemListElement\":[{\"@type\":\"ListItem\",\"position\":1,\"name\":\"Home\",\"item\":\"https:\/\/amberwithsilver.com\/\"},{\"@type\":\"ListItem\",\"position\":2,\"name\":\"Parduotuv\u0117\",\"item\":\"https:\/\/amberwithsilver.com\/en\/parduotuve\/\"},{\"@type\":\"ListItem\",\"position\":3,\"name\":\"\u012evairiaspalv\u0117 gintaro rutuliuk\u0173 apyrank\u0117 5 mm\"}]},{\"@type\":\"WebSite\",\"@id\":\"https:\/\/amberwithsilver.com\/en\/#website\",\"url\":\"https:\/\/amberwithsilver.com\/en\/\",\"name\":\"AmberWithSilver\",\"description\":\"Amber-Silver\",\"publisher\":{\"@id\":\"https:\/\/amberwithsilver.com\/en\/#organization\"},\"potentialAction\":[{\"@type\":\"SearchAction\",\"target\":{\"@type\":\"EntryPoint\",\"urlTemplate\":\"https:\/\/amberwithsilver.com\/en\/?s={search_term_string}\"},\"query-input\":{\"@type\":\"PropertyValueSpecification\",\"valueRequired\":true,\"valueName\":\"search_term_string\"}}],\"inLanguage\":\"en-US\"},{\"@type\":\"Organization\",\"@id\":\"https:\/\/amberwithsilver.com\/en\/#organization\",\"name\":\"amberwithsilver\",\"url\":\"https:\/\/amberwithsilver.com\/en\/\",\"logo\":{\"@type\":\"ImageObject\",\"inLanguage\":\"en-US\",\"@id\":\"https:\/\/amberwithsilver.com\/en\/#\/schema\/logo\/image\/\",\"url\":\"https:\/\/i0.wp.com\/amberwithsilver.com\/wp-content\/uploads\/2020\/12\/logo.jpg?fit=232%2C116&ssl=1\",\"contentUrl\":\"https:\/\/i0.wp.com\/amberwithsilver.com\/wp-content\/uploads\/2020\/12\/logo.jpg?fit=232%2C116&ssl=1\",\"width\":232,\"height\":116,\"caption\":\"amberwithsilver\"},\"image\":{\"@id\":\"https:\/\/amberwithsilver.com\/en\/#\/schema\/logo\/image\/\"}}]}<\/script>\n<!-- \/ Yoast SEO Premium plugin. -->","yoast_head_json":{"title":"\u012evairiaspalv\u0117 gintaro rutuliuk\u0173 apyrank\u0117 5 mm - AmberWithSilver","description":"Amber manufacturer from Lithuania, \u012evairiaspalv\u0117 gintaro rutuliuk\u0173 apyrank\u0117 5 mm, Multicolored amber round beads stretch bracelet, Baltic","robots":{"index":"index","follow":"follow","max-snippet":"max-snippet:-1","max-image-preview":"max-image-preview:large","max-video-preview":"max-video-preview:-1"},"canonical":"https:\/\/amberwithsilver.com\/en\/product\/1460\/","og_locale":"en_US","og_type":"article","og_title":"\u012evairiaspalv\u0117 gintaro rutuliuk\u0173 apyrank\u0117 5 mm","og_description":"Amber manufacturer from Lithuania, \u012evairiaspalv\u0117 gintaro rutuliuk\u0173 apyrank\u0117 5 mm, Multicolored amber round beads stretch bracelet, Baltic","og_url":"https:\/\/amberwithsilver.com\/en\/product\/1460\/","og_site_name":"AmberWithSilver","article_modified_time":"2022-02-24T09:08:37+00:00","og_image":[{"width":2454,"height":2381,"url":"https:\/\/amberwithsilver.com\/wp-content\/uploads\/2021\/05\/img_4871.jpeg","type":"image\/jpeg"}],"twitter_card":"summary_large_image","schema":{"@context":"https:\/\/schema.org","@graph":[{"@type":"WebPage","@id":"https:\/\/amberwithsilver.com\/product\/1460\/","url":"https:\/\/amberwithsilver.com\/product\/1460\/","name":"\u012evairiaspalv\u0117 gintaro rutuliuk\u0173 apyrank\u0117 5 mm - AmberWithSilver","isPartOf":{"@id":"https:\/\/amberwithsilver.com\/en\/#website"},"primaryImageOfPage":{"@id":"https:\/\/amberwithsilver.com\/product\/1460\/#primaryimage"},"image":{"@id":"https:\/\/amberwithsilver.com\/product\/1460\/#primaryimage"},"thumbnailUrl":"https:\/\/amberwithsilver.com\/wp-content\/uploads\/2021\/05\/img_4871.jpeg","datePublished":"2021-05-05T21:34:00+00:00","dateModified":"2022-02-24T09:08:37+00:00","description":"Amber manufacturer from Lithuania, \u012evairiaspalv\u0117 gintaro rutuliuk\u0173 apyrank\u0117 5 mm, Multicolored amber round beads stretch bracelet, Baltic","breadcrumb":{"@id":"https:\/\/amberwithsilver.com\/product\/1460\/#breadcrumb"},"inLanguage":"en-US","potentialAction":[{"@type":"ReadAction","target":["https:\/\/amberwithsilver.com\/product\/1460\/"]}]},{"@type":"ImageObject","inLanguage":"en-US","@id":"https:\/\/amberwithsilver.com\/product\/1460\/#primaryimage","url":"https:\/\/amberwithsilver.com\/wp-content\/uploads\/2021\/05\/img_4871.jpeg","contentUrl":"https:\/\/amberwithsilver.com\/wp-content\/uploads\/2021\/05\/img_4871.jpeg","width":2454,"height":2381,"caption":"\u012evairiaspalv\u0117 gintaro rutuliuk\u0173 apyrank\u0117 5 mm, multicolored amber round beads stretch bracelet 5mm"},{"@type":"BreadcrumbList","@id":"https:\/\/amberwithsilver.com\/product\/1460\/#breadcrumb","itemListElement":[{"@type":"ListItem","position":1,"name":"Home","item":"https:\/\/amberwithsilver.com\/"},{"@type":"ListItem","position":2,"name":"Parduotuv\u0117","item":"https:\/\/amberwithsilver.com\/en\/parduotuve\/"},{"@type":"ListItem","position":3,"name":"\u012evairiaspalv\u0117 gintaro rutuliuk\u0173 apyrank\u0117 5 mm"}]},{"@type":"WebSite","@id":"https:\/\/amberwithsilver.com\/en\/#website","url":"https:\/\/amberwithsilver.com\/en\/","name":"AmberWithSilver","description":"Amber-Silver","publisher":{"@id":"https:\/\/amberwithsilver.com\/en\/#organization"},"potentialAction":[{"@type":"SearchAction","target":{"@type":"EntryPoint","urlTemplate":"https:\/\/amberwithsilver.com\/en\/?s={search_term_string}"},"query-input":{"@type":"PropertyValueSpecification","valueRequired":true,"valueName":"search_term_string"}}],"inLanguage":"en-US"},{"@type":"Organization","@id":"https:\/\/amberwithsilver.com\/en\/#organization","name":"amberwithsilver","url":"https:\/\/amberwithsilver.com\/en\/","logo":{"@type":"ImageObject","inLanguage":"en-US","@id":"https:\/\/amberwithsilver.com\/en\/#\/schema\/logo\/image\/","url":"https:\/\/i0.wp.com\/amberwithsilver.com\/wp-content\/uploads\/2020\/12\/logo.jpg?fit=232%2C116&ssl=1","contentUrl":"https:\/\/i0.wp.com\/amberwithsilver.com\/wp-content\/uploads\/2020\/12\/logo.jpg?fit=232%2C116&ssl=1","width":232,"height":116,"caption":"amberwithsilver"},"image":{"@id":"https:\/\/amberwithsilver.com\/en\/#\/schema\/logo\/image\/"}}]}},"jetpack_sharing_enabled":true,"_links":{"self":[{"href":"https:\/\/amberwithsilver.com\/en\/wp-json\/wp\/v2\/product\/1460","targetHints":{"allow":["GET"]}}],"collection":[{"href":"https:\/\/amberwithsilver.com\/en\/wp-json\/wp\/v2\/product"}],"about":[{"href":"https:\/\/amberwithsilver.com\/en\/wp-json\/wp\/v2\/types\/product"}],"replies":[{"embeddable":true,"href":"https:\/\/amberwithsilver.com\/en\/wp-json\/wp\/v2\/comments?post=1460"}],"version-history":[{"count":0,"href":"https:\/\/amberwithsilver.com\/en\/wp-json\/wp\/v2\/product\/1460\/revisions"}],"wp:featuredmedia":[{"embeddable":true,"href":"https:\/\/amberwithsilver.com\/en\/wp-json\/wp\/v2\/media\/1459"}],"wp:attachment":[{"href":"https:\/\/amberwithsilver.com\/en\/wp-json\/wp\/v2\/media?parent=1460"}],"wp:term":[{"taxonomy":"product_brand","embeddable":true,"href":"https:\/\/amberwithsilver.com\/en\/wp-json\/wp\/v2\/product_brand?post=1460"},{"taxonomy":"product_cat","embeddable":true,"href":"https:\/\/amberwithsilver.com\/en\/wp-json\/wp\/v2\/product_cat?post=1460"},{"taxonomy":"product_tag","embeddable":true,"href":"https:\/\/amberwithsilver.com\/en\/wp-json\/wp\/v2\/product_tag?post=1460"}],"curies":[{"name":"wp","href":"https:\/\/api.w.org\/{rel}","templated":true}]}}