{"id":1492,"date":"2021-05-26T22:35:18","date_gmt":"2021-05-26T20:35:18","guid":{"rendered":"http:\/\/amberwithsilver.com\/?post_type=product&#038;p=1492"},"modified":"2025-05-14T17:45:42","modified_gmt":"2025-05-14T15:45:42","slug":"krikscioniskas-juodo-gintaro-rozinis","status":"publish","type":"product","link":"https:\/\/amberwithsilver.com\/en\/product\/krikscioniskas-juodo-gintaro-rozinis\/","title":{"rendered":"Black amber round beads Christian rosary 10 mm"},"content":{"rendered":"<p>Black amber round beads Christian rosary 10 mm. Christian amber rosary is made of 10 mm round pressed amber beads. The black color Christian rosary consists of 59 amber beads. There is a knot between each bead. There is no closure in this rosary.<\/p>\n<ul>\n<li>Christian amber rosary<\/li>\n<li>Black color<\/li>\n<li>Gold-plated silver 925 clasp<\/li>\n<li>Bead size: ~ 10 mm<\/li>\n<li>Weight: ~ 40,1 grams<\/li>\n<li>Length: ~42\u00d72 cm<\/li>\n<\/ul>\n<p>*Please note that the color of the product may vary slightly from that shown in the photo, depending on the monitor used by the Buyer and the lighting settings in the photos.<\/p>","protected":false},"excerpt":{"rendered":"<p>Black amber round beads Christian rosary 10 mm. Christian amber rosary is made of 10 mm round pressed amber beads. The black color Christian rosary consists of 59 amber beads. There is a knot between each bead. There is no closure in this rosary.<\/p>\n<ul>\n<li>Christian amber rosary<\/li>\n<li>Black color<\/li>\n<li>Gold-plated silver 925 clasp<\/li>\n<li>Bead size: ~ 10 mm<\/li>\n<li>Weight: ~ 40,1 grams<\/li>\n<li>Length: ~42\u00d72 cm<\/li>\n<\/ul>\n<p>*Please note that the color of the product may vary slightly from that shown in the photo, depending on the monitor used by the Buyer and the lighting settings in the photos.<\/p>","protected":false},"featured_media":1498,"comment_status":"open","ping_status":"closed","template":"","meta":[],"product_brand":[],"product_cat":[41,23],"product_tag":[323,324,327,328,381],"class_list":{"0":"post-1492","1":"product","2":"type-product","3":"status-publish","4":"has-post-thumbnail","6":"product_cat-krikscioniski-gintaro-roziniai","7":"product_cat-gintariniai-maldos-karoliai","8":"product_tag-black-amber-round-beads-christian-rosary-10-mm","9":"product_tag-krikscioniskas-juodo-gintaro-rozinis-10-mm","10":"product_tag-round-amber-beads-catholic-rosary","11":"product_tag-apvaliu-gintaro-rutuliuku-katalikiskas-rozinis","12":"product_tag-visi","14":"first","15":"instock","16":"sale","17":"taxable","18":"shipping-taxable","19":"purchasable","20":"product-type-simple"},"yoast_head":"<!-- This site is optimized with the Yoast SEO Premium plugin v23.4 (Yoast SEO v26.8) - https:\/\/yoast.com\/product\/yoast-seo-premium-wordpress\/ -->\n<title>Krik\u0161\u010dioni\u0161kas juodo gintaro ro\u017einis 10 mm - AmberWithSilver<\/title>\n<meta name=\"description\" content=\"Krik\u0161\u010dioni\u0161kas juodo gintaro ro\u017einis,Black amber round beads Christian rosary,Round amber beads Catholic rosary,gintaro Kataliki\u0161kas ro\u017einis\" \/>\n<meta name=\"robots\" content=\"index, follow, max-snippet:-1, max-image-preview:large, max-video-preview:-1\" \/>\n<link rel=\"canonical\" href=\"https:\/\/amberwithsilver.com\/en\/product\/krikscioniskas-juodo-gintaro-rozinis\/\" \/>\n<meta property=\"og:locale\" content=\"en_US\" \/>\n<meta property=\"og:type\" content=\"article\" \/>\n<meta property=\"og:title\" content=\"Krik\u0161\u010dioni\u0161kas juodo gintaro ro\u017einis 10 mm\" \/>\n<meta property=\"og:description\" content=\"Krik\u0161\u010dioni\u0161kas juodo gintaro ro\u017einis,Black amber round beads Christian rosary,Round amber beads Catholic rosary,gintaro Kataliki\u0161kas ro\u017einis\" \/>\n<meta property=\"og:url\" content=\"https:\/\/amberwithsilver.com\/en\/product\/krikscioniskas-juodo-gintaro-rozinis\/\" \/>\n<meta property=\"og:site_name\" content=\"AmberWithSilver\" \/>\n<meta property=\"article:modified_time\" content=\"2025-05-14T15:45:42+00:00\" \/>\n<meta property=\"og:image\" content=\"https:\/\/amberwithsilver.com\/wp-content\/uploads\/2021\/05\/img_2769-1-scaled.jpeg\" \/>\n\t<meta property=\"og:image:width\" content=\"2560\" \/>\n\t<meta property=\"og:image:height\" content=\"2504\" \/>\n\t<meta property=\"og:image:type\" content=\"image\/jpeg\" \/>\n<meta name=\"twitter:card\" content=\"summary_large_image\" \/>\n<meta name=\"twitter:label1\" content=\"Est. reading time\" \/>\n\t<meta name=\"twitter:data1\" content=\"1 minute\" \/>\n<script type=\"application\/ld+json\" class=\"yoast-schema-graph\">{\"@context\":\"https:\/\/schema.org\",\"@graph\":[{\"@type\":\"WebPage\",\"@id\":\"https:\/\/amberwithsilver.com\/product\/krikscioniskas-juodo-gintaro-rozinis\/\",\"url\":\"https:\/\/amberwithsilver.com\/product\/krikscioniskas-juodo-gintaro-rozinis\/\",\"name\":\"Krik\u0161\u010dioni\u0161kas juodo gintaro ro\u017einis 10 mm - AmberWithSilver\",\"isPartOf\":{\"@id\":\"https:\/\/amberwithsilver.com\/en\/#website\"},\"primaryImageOfPage\":{\"@id\":\"https:\/\/amberwithsilver.com\/product\/krikscioniskas-juodo-gintaro-rozinis\/#primaryimage\"},\"image\":{\"@id\":\"https:\/\/amberwithsilver.com\/product\/krikscioniskas-juodo-gintaro-rozinis\/#primaryimage\"},\"thumbnailUrl\":\"https:\/\/amberwithsilver.com\/wp-content\/uploads\/2021\/05\/img_2769-1-scaled.jpeg\",\"datePublished\":\"2021-05-26T20:35:18+00:00\",\"dateModified\":\"2025-05-14T15:45:42+00:00\",\"description\":\"Krik\u0161\u010dioni\u0161kas juodo gintaro ro\u017einis,Black amber round beads Christian rosary,Round amber beads Catholic rosary,gintaro Kataliki\u0161kas ro\u017einis\",\"breadcrumb\":{\"@id\":\"https:\/\/amberwithsilver.com\/product\/krikscioniskas-juodo-gintaro-rozinis\/#breadcrumb\"},\"inLanguage\":\"en-US\",\"potentialAction\":[{\"@type\":\"ReadAction\",\"target\":[\"https:\/\/amberwithsilver.com\/product\/krikscioniskas-juodo-gintaro-rozinis\/\"]}]},{\"@type\":\"ImageObject\",\"inLanguage\":\"en-US\",\"@id\":\"https:\/\/amberwithsilver.com\/product\/krikscioniskas-juodo-gintaro-rozinis\/#primaryimage\",\"url\":\"https:\/\/amberwithsilver.com\/wp-content\/uploads\/2021\/05\/img_2769-1-scaled.jpeg\",\"contentUrl\":\"https:\/\/amberwithsilver.com\/wp-content\/uploads\/2021\/05\/img_2769-1-scaled.jpeg\",\"width\":2560,\"height\":2504,\"caption\":\"Krik\u0161\u010dioni\u0161kas juodo gintaro ro\u017einis 10 mm,Black amber round beads Christian rosary 10 mm\"},{\"@type\":\"BreadcrumbList\",\"@id\":\"https:\/\/amberwithsilver.com\/product\/krikscioniskas-juodo-gintaro-rozinis\/#breadcrumb\",\"itemListElement\":[{\"@type\":\"ListItem\",\"position\":1,\"name\":\"Home\",\"item\":\"https:\/\/amberwithsilver.com\/\"},{\"@type\":\"ListItem\",\"position\":2,\"name\":\"Parduotuv\u0117\",\"item\":\"https:\/\/amberwithsilver.com\/en\/parduotuve\/\"},{\"@type\":\"ListItem\",\"position\":3,\"name\":\"Krik\u0161\u010dioni\u0161kas juodo gintaro ro\u017einis 10 mm\"}]},{\"@type\":\"WebSite\",\"@id\":\"https:\/\/amberwithsilver.com\/en\/#website\",\"url\":\"https:\/\/amberwithsilver.com\/en\/\",\"name\":\"AmberWithSilver\",\"description\":\"Amber-Silver\",\"publisher\":{\"@id\":\"https:\/\/amberwithsilver.com\/en\/#organization\"},\"potentialAction\":[{\"@type\":\"SearchAction\",\"target\":{\"@type\":\"EntryPoint\",\"urlTemplate\":\"https:\/\/amberwithsilver.com\/en\/?s={search_term_string}\"},\"query-input\":{\"@type\":\"PropertyValueSpecification\",\"valueRequired\":true,\"valueName\":\"search_term_string\"}}],\"inLanguage\":\"en-US\"},{\"@type\":\"Organization\",\"@id\":\"https:\/\/amberwithsilver.com\/en\/#organization\",\"name\":\"amberwithsilver\",\"url\":\"https:\/\/amberwithsilver.com\/en\/\",\"logo\":{\"@type\":\"ImageObject\",\"inLanguage\":\"en-US\",\"@id\":\"https:\/\/amberwithsilver.com\/en\/#\/schema\/logo\/image\/\",\"url\":\"https:\/\/i0.wp.com\/amberwithsilver.com\/wp-content\/uploads\/2020\/12\/logo.jpg?fit=232%2C116&ssl=1\",\"contentUrl\":\"https:\/\/i0.wp.com\/amberwithsilver.com\/wp-content\/uploads\/2020\/12\/logo.jpg?fit=232%2C116&ssl=1\",\"width\":232,\"height\":116,\"caption\":\"amberwithsilver\"},\"image\":{\"@id\":\"https:\/\/amberwithsilver.com\/en\/#\/schema\/logo\/image\/\"}}]}<\/script>\n<!-- \/ Yoast SEO Premium plugin. -->","yoast_head_json":{"title":"Krik\u0161\u010dioni\u0161kas juodo gintaro ro\u017einis 10 mm - AmberWithSilver","description":"Krik\u0161\u010dioni\u0161kas juodo gintaro ro\u017einis,Black amber round beads Christian rosary,Round amber beads Catholic rosary,gintaro Kataliki\u0161kas ro\u017einis","robots":{"index":"index","follow":"follow","max-snippet":"max-snippet:-1","max-image-preview":"max-image-preview:large","max-video-preview":"max-video-preview:-1"},"canonical":"https:\/\/amberwithsilver.com\/en\/product\/krikscioniskas-juodo-gintaro-rozinis\/","og_locale":"en_US","og_type":"article","og_title":"Krik\u0161\u010dioni\u0161kas juodo gintaro ro\u017einis 10 mm","og_description":"Krik\u0161\u010dioni\u0161kas juodo gintaro ro\u017einis,Black amber round beads Christian rosary,Round amber beads Catholic rosary,gintaro Kataliki\u0161kas ro\u017einis","og_url":"https:\/\/amberwithsilver.com\/en\/product\/krikscioniskas-juodo-gintaro-rozinis\/","og_site_name":"AmberWithSilver","article_modified_time":"2025-05-14T15:45:42+00:00","og_image":[{"width":2560,"height":2504,"url":"https:\/\/amberwithsilver.com\/wp-content\/uploads\/2021\/05\/img_2769-1-scaled.jpeg","type":"image\/jpeg"}],"twitter_card":"summary_large_image","twitter_misc":{"Est. reading time":"1 minute"},"schema":{"@context":"https:\/\/schema.org","@graph":[{"@type":"WebPage","@id":"https:\/\/amberwithsilver.com\/product\/krikscioniskas-juodo-gintaro-rozinis\/","url":"https:\/\/amberwithsilver.com\/product\/krikscioniskas-juodo-gintaro-rozinis\/","name":"Krik\u0161\u010dioni\u0161kas juodo gintaro ro\u017einis 10 mm - AmberWithSilver","isPartOf":{"@id":"https:\/\/amberwithsilver.com\/en\/#website"},"primaryImageOfPage":{"@id":"https:\/\/amberwithsilver.com\/product\/krikscioniskas-juodo-gintaro-rozinis\/#primaryimage"},"image":{"@id":"https:\/\/amberwithsilver.com\/product\/krikscioniskas-juodo-gintaro-rozinis\/#primaryimage"},"thumbnailUrl":"https:\/\/amberwithsilver.com\/wp-content\/uploads\/2021\/05\/img_2769-1-scaled.jpeg","datePublished":"2021-05-26T20:35:18+00:00","dateModified":"2025-05-14T15:45:42+00:00","description":"Krik\u0161\u010dioni\u0161kas juodo gintaro ro\u017einis,Black amber round beads Christian rosary,Round amber beads Catholic rosary,gintaro Kataliki\u0161kas ro\u017einis","breadcrumb":{"@id":"https:\/\/amberwithsilver.com\/product\/krikscioniskas-juodo-gintaro-rozinis\/#breadcrumb"},"inLanguage":"en-US","potentialAction":[{"@type":"ReadAction","target":["https:\/\/amberwithsilver.com\/product\/krikscioniskas-juodo-gintaro-rozinis\/"]}]},{"@type":"ImageObject","inLanguage":"en-US","@id":"https:\/\/amberwithsilver.com\/product\/krikscioniskas-juodo-gintaro-rozinis\/#primaryimage","url":"https:\/\/amberwithsilver.com\/wp-content\/uploads\/2021\/05\/img_2769-1-scaled.jpeg","contentUrl":"https:\/\/amberwithsilver.com\/wp-content\/uploads\/2021\/05\/img_2769-1-scaled.jpeg","width":2560,"height":2504,"caption":"Krik\u0161\u010dioni\u0161kas juodo gintaro ro\u017einis 10 mm,Black amber round beads Christian rosary 10 mm"},{"@type":"BreadcrumbList","@id":"https:\/\/amberwithsilver.com\/product\/krikscioniskas-juodo-gintaro-rozinis\/#breadcrumb","itemListElement":[{"@type":"ListItem","position":1,"name":"Home","item":"https:\/\/amberwithsilver.com\/"},{"@type":"ListItem","position":2,"name":"Parduotuv\u0117","item":"https:\/\/amberwithsilver.com\/en\/parduotuve\/"},{"@type":"ListItem","position":3,"name":"Krik\u0161\u010dioni\u0161kas juodo gintaro ro\u017einis 10 mm"}]},{"@type":"WebSite","@id":"https:\/\/amberwithsilver.com\/en\/#website","url":"https:\/\/amberwithsilver.com\/en\/","name":"AmberWithSilver","description":"Amber-Silver","publisher":{"@id":"https:\/\/amberwithsilver.com\/en\/#organization"},"potentialAction":[{"@type":"SearchAction","target":{"@type":"EntryPoint","urlTemplate":"https:\/\/amberwithsilver.com\/en\/?s={search_term_string}"},"query-input":{"@type":"PropertyValueSpecification","valueRequired":true,"valueName":"search_term_string"}}],"inLanguage":"en-US"},{"@type":"Organization","@id":"https:\/\/amberwithsilver.com\/en\/#organization","name":"amberwithsilver","url":"https:\/\/amberwithsilver.com\/en\/","logo":{"@type":"ImageObject","inLanguage":"en-US","@id":"https:\/\/amberwithsilver.com\/en\/#\/schema\/logo\/image\/","url":"https:\/\/i0.wp.com\/amberwithsilver.com\/wp-content\/uploads\/2020\/12\/logo.jpg?fit=232%2C116&ssl=1","contentUrl":"https:\/\/i0.wp.com\/amberwithsilver.com\/wp-content\/uploads\/2020\/12\/logo.jpg?fit=232%2C116&ssl=1","width":232,"height":116,"caption":"amberwithsilver"},"image":{"@id":"https:\/\/amberwithsilver.com\/en\/#\/schema\/logo\/image\/"}}]}},"jetpack_sharing_enabled":true,"_links":{"self":[{"href":"https:\/\/amberwithsilver.com\/en\/wp-json\/wp\/v2\/product\/1492","targetHints":{"allow":["GET"]}}],"collection":[{"href":"https:\/\/amberwithsilver.com\/en\/wp-json\/wp\/v2\/product"}],"about":[{"href":"https:\/\/amberwithsilver.com\/en\/wp-json\/wp\/v2\/types\/product"}],"replies":[{"embeddable":true,"href":"https:\/\/amberwithsilver.com\/en\/wp-json\/wp\/v2\/comments?post=1492"}],"version-history":[{"count":0,"href":"https:\/\/amberwithsilver.com\/en\/wp-json\/wp\/v2\/product\/1492\/revisions"}],"wp:featuredmedia":[{"embeddable":true,"href":"https:\/\/amberwithsilver.com\/en\/wp-json\/wp\/v2\/media\/1498"}],"wp:attachment":[{"href":"https:\/\/amberwithsilver.com\/en\/wp-json\/wp\/v2\/media?parent=1492"}],"wp:term":[{"taxonomy":"product_brand","embeddable":true,"href":"https:\/\/amberwithsilver.com\/en\/wp-json\/wp\/v2\/product_brand?post=1492"},{"taxonomy":"product_cat","embeddable":true,"href":"https:\/\/amberwithsilver.com\/en\/wp-json\/wp\/v2\/product_cat?post=1492"},{"taxonomy":"product_tag","embeddable":true,"href":"https:\/\/amberwithsilver.com\/en\/wp-json\/wp\/v2\/product_tag?post=1492"}],"curies":[{"name":"wp","href":"https:\/\/api.w.org\/{rel}","templated":true}]}}