{"id":1500,"date":"2021-05-27T07:06:42","date_gmt":"2021-05-27T05:06:42","guid":{"rendered":"http:\/\/amberwithsilver.com\/?post_type=product&#038;p=1500"},"modified":"2021-08-11T12:27:35","modified_gmt":"2021-08-11T10:27:35","slug":"vysninio-gintaro-rutuliuku-apyranke-su-sirdele","status":"publish","type":"product","link":"https:\/\/amberwithsilver.com\/en\/product\/vysninio-gintaro-rutuliuku-apyranke-su-sirdele\/","title":{"rendered":"Cherry amber round beads bracelet with heart"},"content":{"rendered":"<p>Cherry amber round beads bracelet with heart.<\/p>\n<ul>\n<li>Natural Baltic amber<\/li>\n<li>Cherry color<\/li>\n<li>Elastic silicon<\/li>\n<li>Weight ~ 3,70 gr.<\/li>\n<li>Beads size ~ 5 mm<\/li>\n<\/ul>\n<p>*Please note that the color of the product may vary slightly from that shown in the photo, depending on the monitor used by the Buyer and the lighting settings in the photos.<\/p>","protected":false},"excerpt":{"rendered":"<p>Cherry amber round beads bracelet with heart.<\/p>\n<ul>\n<li>Natural Baltic amber<\/li>\n<li>Cherry color<\/li>\n<li>Elastic silicon<\/li>\n<li>Weight ~ 3,70 gr.<\/li>\n<li>Beads size ~ 5 mm<\/li>\n<\/ul>\n<p>*Please note that the color of the product may vary slightly from that shown in the photo, depending on the monitor used by the Buyer and the lighting settings in the photos.<\/p>","protected":false},"featured_media":1502,"comment_status":"open","ping_status":"closed","template":"","meta":[],"product_brand":[],"product_cat":[18],"product_tag":[311,329,330,331,332,333,334,381],"class_list":{"0":"post-1500","1":"product","2":"type-product","3":"status-publish","4":"has-post-thumbnail","6":"product_cat-gintaro-apyrankes","7":"product_tag-silver-amber-jewelry","8":"product_tag-vysninio-gintaro-rutuliuku-apyranke-su-sirdele","9":"product_tag-cherry-amber-round-beads-bracelet-with-heart","10":"product_tag-natural-baltic-amber-bracelet","11":"product_tag-naturali-baltijos-gintaro-apyranke","12":"product_tag-gintarine-rutuliuku-apyranke-5mm","13":"product_tag-amber-round-beads-bracelet-5-mm","14":"product_tag-visi","16":"first","17":"instock","18":"taxable","19":"shipping-taxable","20":"purchasable","21":"product-type-simple"},"yoast_head":"<!-- This site is optimized with the Yoast SEO Premium plugin v23.4 (Yoast SEO v26.8) - https:\/\/yoast.com\/product\/yoast-seo-premium-wordpress\/ -->\n<title>Vy\u0161ninio gintaro rutuliuk\u0173 apyrank\u0117 su \u0161irdele - AmberWithSilver<\/title>\n<meta name=\"description\" content=\"Vy\u0161ninio gintaro rutuliuk\u0173 apyrank\u0117 su \u0161irdele,Cherry amber round beads bracelet with heart,Natural Baltic amber bracelet,Baltijos gintaras\" \/>\n<meta name=\"robots\" content=\"index, follow, max-snippet:-1, max-image-preview:large, max-video-preview:-1\" \/>\n<link rel=\"canonical\" href=\"https:\/\/amberwithsilver.com\/en\/product\/vysninio-gintaro-rutuliuku-apyranke-su-sirdele\/\" \/>\n<meta property=\"og:locale\" content=\"en_US\" \/>\n<meta property=\"og:type\" content=\"article\" \/>\n<meta property=\"og:title\" content=\"Vy\u0161ninio gintaro rutuliuk\u0173 apyrank\u0117 su \u0161irdele\" \/>\n<meta property=\"og:description\" content=\"Vy\u0161ninio gintaro rutuliuk\u0173 apyrank\u0117 su \u0161irdele,Cherry amber round beads bracelet with heart,Natural Baltic amber bracelet,Baltijos gintaras\" \/>\n<meta property=\"og:url\" content=\"https:\/\/amberwithsilver.com\/en\/product\/vysninio-gintaro-rutuliuku-apyranke-su-sirdele\/\" \/>\n<meta property=\"og:site_name\" content=\"AmberWithSilver\" \/>\n<meta property=\"article:modified_time\" content=\"2021-08-11T10:27:35+00:00\" \/>\n<meta property=\"og:image\" content=\"https:\/\/amberwithsilver.com\/wp-content\/uploads\/2021\/05\/img_2753.jpeg\" \/>\n\t<meta property=\"og:image:width\" content=\"2380\" \/>\n\t<meta property=\"og:image:height\" content=\"2080\" \/>\n\t<meta property=\"og:image:type\" content=\"image\/jpeg\" \/>\n<meta name=\"twitter:card\" content=\"summary_large_image\" \/>\n<script type=\"application\/ld+json\" class=\"yoast-schema-graph\">{\"@context\":\"https:\/\/schema.org\",\"@graph\":[{\"@type\":\"WebPage\",\"@id\":\"https:\/\/amberwithsilver.com\/product\/vysninio-gintaro-rutuliuku-apyranke-su-sirdele\/\",\"url\":\"https:\/\/amberwithsilver.com\/product\/vysninio-gintaro-rutuliuku-apyranke-su-sirdele\/\",\"name\":\"Vy\u0161ninio gintaro rutuliuk\u0173 apyrank\u0117 su \u0161irdele - AmberWithSilver\",\"isPartOf\":{\"@id\":\"https:\/\/amberwithsilver.com\/en\/#website\"},\"primaryImageOfPage\":{\"@id\":\"https:\/\/amberwithsilver.com\/product\/vysninio-gintaro-rutuliuku-apyranke-su-sirdele\/#primaryimage\"},\"image\":{\"@id\":\"https:\/\/amberwithsilver.com\/product\/vysninio-gintaro-rutuliuku-apyranke-su-sirdele\/#primaryimage\"},\"thumbnailUrl\":\"https:\/\/amberwithsilver.com\/wp-content\/uploads\/2021\/05\/img_2753.jpeg\",\"datePublished\":\"2021-05-27T05:06:42+00:00\",\"dateModified\":\"2021-08-11T10:27:35+00:00\",\"description\":\"Vy\u0161ninio gintaro rutuliuk\u0173 apyrank\u0117 su \u0161irdele,Cherry amber round beads bracelet with heart,Natural Baltic amber bracelet,Baltijos gintaras\",\"breadcrumb\":{\"@id\":\"https:\/\/amberwithsilver.com\/product\/vysninio-gintaro-rutuliuku-apyranke-su-sirdele\/#breadcrumb\"},\"inLanguage\":\"en-US\",\"potentialAction\":[{\"@type\":\"ReadAction\",\"target\":[\"https:\/\/amberwithsilver.com\/product\/vysninio-gintaro-rutuliuku-apyranke-su-sirdele\/\"]}]},{\"@type\":\"ImageObject\",\"inLanguage\":\"en-US\",\"@id\":\"https:\/\/amberwithsilver.com\/product\/vysninio-gintaro-rutuliuku-apyranke-su-sirdele\/#primaryimage\",\"url\":\"https:\/\/amberwithsilver.com\/wp-content\/uploads\/2021\/05\/img_2753.jpeg\",\"contentUrl\":\"https:\/\/amberwithsilver.com\/wp-content\/uploads\/2021\/05\/img_2753.jpeg\",\"width\":2380,\"height\":2080,\"caption\":\"Vy\u0161ninio gintaro rutuliuk\u0173 apyrank\u0117 su \u0161irdele,Cherry amber round beads bracelet with heart\"},{\"@type\":\"BreadcrumbList\",\"@id\":\"https:\/\/amberwithsilver.com\/product\/vysninio-gintaro-rutuliuku-apyranke-su-sirdele\/#breadcrumb\",\"itemListElement\":[{\"@type\":\"ListItem\",\"position\":1,\"name\":\"Home\",\"item\":\"https:\/\/amberwithsilver.com\/\"},{\"@type\":\"ListItem\",\"position\":2,\"name\":\"Parduotuv\u0117\",\"item\":\"https:\/\/amberwithsilver.com\/en\/parduotuve\/\"},{\"@type\":\"ListItem\",\"position\":3,\"name\":\"Vy\u0161ninio gintaro rutuliuk\u0173 apyrank\u0117 su \u0161irdele\"}]},{\"@type\":\"WebSite\",\"@id\":\"https:\/\/amberwithsilver.com\/en\/#website\",\"url\":\"https:\/\/amberwithsilver.com\/en\/\",\"name\":\"AmberWithSilver\",\"description\":\"Amber-Silver\",\"publisher\":{\"@id\":\"https:\/\/amberwithsilver.com\/en\/#organization\"},\"potentialAction\":[{\"@type\":\"SearchAction\",\"target\":{\"@type\":\"EntryPoint\",\"urlTemplate\":\"https:\/\/amberwithsilver.com\/en\/?s={search_term_string}\"},\"query-input\":{\"@type\":\"PropertyValueSpecification\",\"valueRequired\":true,\"valueName\":\"search_term_string\"}}],\"inLanguage\":\"en-US\"},{\"@type\":\"Organization\",\"@id\":\"https:\/\/amberwithsilver.com\/en\/#organization\",\"name\":\"amberwithsilver\",\"url\":\"https:\/\/amberwithsilver.com\/en\/\",\"logo\":{\"@type\":\"ImageObject\",\"inLanguage\":\"en-US\",\"@id\":\"https:\/\/amberwithsilver.com\/en\/#\/schema\/logo\/image\/\",\"url\":\"https:\/\/i0.wp.com\/amberwithsilver.com\/wp-content\/uploads\/2020\/12\/logo.jpg?fit=232%2C116&ssl=1\",\"contentUrl\":\"https:\/\/i0.wp.com\/amberwithsilver.com\/wp-content\/uploads\/2020\/12\/logo.jpg?fit=232%2C116&ssl=1\",\"width\":232,\"height\":116,\"caption\":\"amberwithsilver\"},\"image\":{\"@id\":\"https:\/\/amberwithsilver.com\/en\/#\/schema\/logo\/image\/\"}}]}<\/script>\n<!-- \/ Yoast SEO Premium plugin. -->","yoast_head_json":{"title":"Vy\u0161ninio gintaro rutuliuk\u0173 apyrank\u0117 su \u0161irdele - AmberWithSilver","description":"Vy\u0161ninio gintaro rutuliuk\u0173 apyrank\u0117 su \u0161irdele,Cherry amber round beads bracelet with heart,Natural Baltic amber bracelet,Baltijos gintaras","robots":{"index":"index","follow":"follow","max-snippet":"max-snippet:-1","max-image-preview":"max-image-preview:large","max-video-preview":"max-video-preview:-1"},"canonical":"https:\/\/amberwithsilver.com\/en\/product\/vysninio-gintaro-rutuliuku-apyranke-su-sirdele\/","og_locale":"en_US","og_type":"article","og_title":"Vy\u0161ninio gintaro rutuliuk\u0173 apyrank\u0117 su \u0161irdele","og_description":"Vy\u0161ninio gintaro rutuliuk\u0173 apyrank\u0117 su \u0161irdele,Cherry amber round beads bracelet with heart,Natural Baltic amber bracelet,Baltijos gintaras","og_url":"https:\/\/amberwithsilver.com\/en\/product\/vysninio-gintaro-rutuliuku-apyranke-su-sirdele\/","og_site_name":"AmberWithSilver","article_modified_time":"2021-08-11T10:27:35+00:00","og_image":[{"width":2380,"height":2080,"url":"https:\/\/amberwithsilver.com\/wp-content\/uploads\/2021\/05\/img_2753.jpeg","type":"image\/jpeg"}],"twitter_card":"summary_large_image","schema":{"@context":"https:\/\/schema.org","@graph":[{"@type":"WebPage","@id":"https:\/\/amberwithsilver.com\/product\/vysninio-gintaro-rutuliuku-apyranke-su-sirdele\/","url":"https:\/\/amberwithsilver.com\/product\/vysninio-gintaro-rutuliuku-apyranke-su-sirdele\/","name":"Vy\u0161ninio gintaro rutuliuk\u0173 apyrank\u0117 su \u0161irdele - AmberWithSilver","isPartOf":{"@id":"https:\/\/amberwithsilver.com\/en\/#website"},"primaryImageOfPage":{"@id":"https:\/\/amberwithsilver.com\/product\/vysninio-gintaro-rutuliuku-apyranke-su-sirdele\/#primaryimage"},"image":{"@id":"https:\/\/amberwithsilver.com\/product\/vysninio-gintaro-rutuliuku-apyranke-su-sirdele\/#primaryimage"},"thumbnailUrl":"https:\/\/amberwithsilver.com\/wp-content\/uploads\/2021\/05\/img_2753.jpeg","datePublished":"2021-05-27T05:06:42+00:00","dateModified":"2021-08-11T10:27:35+00:00","description":"Vy\u0161ninio gintaro rutuliuk\u0173 apyrank\u0117 su \u0161irdele,Cherry amber round beads bracelet with heart,Natural Baltic amber bracelet,Baltijos gintaras","breadcrumb":{"@id":"https:\/\/amberwithsilver.com\/product\/vysninio-gintaro-rutuliuku-apyranke-su-sirdele\/#breadcrumb"},"inLanguage":"en-US","potentialAction":[{"@type":"ReadAction","target":["https:\/\/amberwithsilver.com\/product\/vysninio-gintaro-rutuliuku-apyranke-su-sirdele\/"]}]},{"@type":"ImageObject","inLanguage":"en-US","@id":"https:\/\/amberwithsilver.com\/product\/vysninio-gintaro-rutuliuku-apyranke-su-sirdele\/#primaryimage","url":"https:\/\/amberwithsilver.com\/wp-content\/uploads\/2021\/05\/img_2753.jpeg","contentUrl":"https:\/\/amberwithsilver.com\/wp-content\/uploads\/2021\/05\/img_2753.jpeg","width":2380,"height":2080,"caption":"Vy\u0161ninio gintaro rutuliuk\u0173 apyrank\u0117 su \u0161irdele,Cherry amber round beads bracelet with heart"},{"@type":"BreadcrumbList","@id":"https:\/\/amberwithsilver.com\/product\/vysninio-gintaro-rutuliuku-apyranke-su-sirdele\/#breadcrumb","itemListElement":[{"@type":"ListItem","position":1,"name":"Home","item":"https:\/\/amberwithsilver.com\/"},{"@type":"ListItem","position":2,"name":"Parduotuv\u0117","item":"https:\/\/amberwithsilver.com\/en\/parduotuve\/"},{"@type":"ListItem","position":3,"name":"Vy\u0161ninio gintaro rutuliuk\u0173 apyrank\u0117 su \u0161irdele"}]},{"@type":"WebSite","@id":"https:\/\/amberwithsilver.com\/en\/#website","url":"https:\/\/amberwithsilver.com\/en\/","name":"AmberWithSilver","description":"Amber-Silver","publisher":{"@id":"https:\/\/amberwithsilver.com\/en\/#organization"},"potentialAction":[{"@type":"SearchAction","target":{"@type":"EntryPoint","urlTemplate":"https:\/\/amberwithsilver.com\/en\/?s={search_term_string}"},"query-input":{"@type":"PropertyValueSpecification","valueRequired":true,"valueName":"search_term_string"}}],"inLanguage":"en-US"},{"@type":"Organization","@id":"https:\/\/amberwithsilver.com\/en\/#organization","name":"amberwithsilver","url":"https:\/\/amberwithsilver.com\/en\/","logo":{"@type":"ImageObject","inLanguage":"en-US","@id":"https:\/\/amberwithsilver.com\/en\/#\/schema\/logo\/image\/","url":"https:\/\/i0.wp.com\/amberwithsilver.com\/wp-content\/uploads\/2020\/12\/logo.jpg?fit=232%2C116&ssl=1","contentUrl":"https:\/\/i0.wp.com\/amberwithsilver.com\/wp-content\/uploads\/2020\/12\/logo.jpg?fit=232%2C116&ssl=1","width":232,"height":116,"caption":"amberwithsilver"},"image":{"@id":"https:\/\/amberwithsilver.com\/en\/#\/schema\/logo\/image\/"}}]}},"jetpack_sharing_enabled":true,"_links":{"self":[{"href":"https:\/\/amberwithsilver.com\/en\/wp-json\/wp\/v2\/product\/1500","targetHints":{"allow":["GET"]}}],"collection":[{"href":"https:\/\/amberwithsilver.com\/en\/wp-json\/wp\/v2\/product"}],"about":[{"href":"https:\/\/amberwithsilver.com\/en\/wp-json\/wp\/v2\/types\/product"}],"replies":[{"embeddable":true,"href":"https:\/\/amberwithsilver.com\/en\/wp-json\/wp\/v2\/comments?post=1500"}],"version-history":[{"count":0,"href":"https:\/\/amberwithsilver.com\/en\/wp-json\/wp\/v2\/product\/1500\/revisions"}],"wp:featuredmedia":[{"embeddable":true,"href":"https:\/\/amberwithsilver.com\/en\/wp-json\/wp\/v2\/media\/1502"}],"wp:attachment":[{"href":"https:\/\/amberwithsilver.com\/en\/wp-json\/wp\/v2\/media?parent=1500"}],"wp:term":[{"taxonomy":"product_brand","embeddable":true,"href":"https:\/\/amberwithsilver.com\/en\/wp-json\/wp\/v2\/product_brand?post=1500"},{"taxonomy":"product_cat","embeddable":true,"href":"https:\/\/amberwithsilver.com\/en\/wp-json\/wp\/v2\/product_cat?post=1500"},{"taxonomy":"product_tag","embeddable":true,"href":"https:\/\/amberwithsilver.com\/en\/wp-json\/wp\/v2\/product_tag?post=1500"}],"curies":[{"name":"wp","href":"https:\/\/api.w.org\/{rel}","templated":true}]}}