{"id":1505,"date":"2021-05-28T00:10:34","date_gmt":"2021-05-27T22:10:34","guid":{"rendered":"http:\/\/amberwithsilver.com\/?post_type=product&#038;p=1505"},"modified":"2025-05-14T17:45:58","modified_gmt":"2025-05-14T15:45:58","slug":"ivairiaspalviai-baltijos-gintaro-rutuliuku-karoliai-5","status":"publish","type":"product","link":"https:\/\/amberwithsilver.com\/en\/product\/ivairiaspalviai-baltijos-gintaro-rutuliuku-karoliai-5\/","title":{"rendered":"Multicolored amber round beads necklace 5 mm"},"content":{"rendered":"<p>Multicolored amber round beads necklace 5 mm.<\/p>\n<ul>\n<li>Natural Baltic amber<\/li>\n<li>Multi-color round beads<\/li>\n<li>Weight ~ 9,00 grams<\/li>\n<li>Length ~ 48 cm<\/li>\n<li>Beads size ~ 5 mm<\/li>\n<li>Closure - plastic.<\/li>\n<\/ul>\n<p>*Please note that the color of the product may vary slightly from that shown in the photo, depending on the monitor used by the Buyer and the lighting settings in the photos.<\/p>","protected":false},"excerpt":{"rendered":"<p>Multicolored amber round beads necklace 5 mm.<\/p>\n<ul>\n<li>Natural Baltic amber<\/li>\n<li>Multi-color round beads<\/li>\n<li>Weight ~ 9,00 grams<\/li>\n<li>Length ~ 48 cm<\/li>\n<li>Beads size ~ 5 mm<\/li>\n<li>Closure - plastic.<\/li>\n<\/ul>\n<p>*Please note that the color of the product may vary slightly from that shown in the photo, depending on the monitor used by the Buyer and the lighting settings in the photos.<\/p>","protected":false},"featured_media":1510,"comment_status":"open","ping_status":"closed","template":"","meta":[],"product_brand":[],"product_cat":[35],"product_tag":[311,335,336,337,338,381],"class_list":{"0":"post-1505","1":"product","2":"type-product","3":"status-publish","4":"has-post-thumbnail","6":"product_cat-gintaro-karoliai","7":"product_tag-silver-amber-jewelry","8":"product_tag-ivairiaspalviai-baltijos-gintaro-rutuliuku-karoliai-5-mm","9":"product_tag-baltijos-gintaro-karoliai","10":"product_tag-baltic-amber-necklace","11":"product_tag-multicolored-amber-round-beads-necklace-5-mm","12":"product_tag-visi","14":"first","15":"instock","16":"taxable","17":"shipping-taxable","18":"purchasable","19":"product-type-simple"},"yoast_head":"<!-- This site is optimized with the Yoast SEO Premium plugin v23.4 (Yoast SEO v26.8) - https:\/\/yoast.com\/product\/yoast-seo-premium-wordpress\/ -->\n<title>\u012evairiaspalviai Baltijos gintaro rutuliuk\u0173 karoliai 5 mm - AmberWithSilver<\/title>\n<meta name=\"description\" content=\"\u012evairiaspalviai Baltijos gintaro rutuliuk\u0173 karoliai 5 mm,Baltijos gintaro karoliai,Baltic amber necklace,Multicolored amber beads necklace\" \/>\n<meta name=\"robots\" content=\"index, follow, max-snippet:-1, max-image-preview:large, max-video-preview:-1\" \/>\n<link rel=\"canonical\" href=\"https:\/\/amberwithsilver.com\/en\/product\/ivairiaspalviai-baltijos-gintaro-rutuliuku-karoliai-5\/\" \/>\n<meta property=\"og:locale\" content=\"en_US\" \/>\n<meta property=\"og:type\" content=\"article\" \/>\n<meta property=\"og:title\" content=\"\u012evairiaspalviai Baltijos gintaro rutuliuk\u0173 karoliai 5 mm\" \/>\n<meta property=\"og:description\" content=\"\u012evairiaspalviai Baltijos gintaro rutuliuk\u0173 karoliai 5 mm,Baltijos gintaro karoliai,Baltic amber necklace,Multicolored amber beads necklace\" \/>\n<meta property=\"og:url\" content=\"https:\/\/amberwithsilver.com\/en\/product\/ivairiaspalviai-baltijos-gintaro-rutuliuku-karoliai-5\/\" \/>\n<meta property=\"og:site_name\" content=\"AmberWithSilver\" \/>\n<meta property=\"article:modified_time\" content=\"2025-05-14T15:45:58+00:00\" \/>\n<meta property=\"og:image\" content=\"https:\/\/amberwithsilver.com\/wp-content\/uploads\/2021\/05\/img_2775-scaled.jpeg\" \/>\n\t<meta property=\"og:image:width\" content=\"2560\" \/>\n\t<meta property=\"og:image:height\" content=\"2384\" \/>\n\t<meta property=\"og:image:type\" content=\"image\/jpeg\" \/>\n<meta name=\"twitter:card\" content=\"summary_large_image\" \/>\n<meta name=\"twitter:label1\" content=\"Est. reading time\" \/>\n\t<meta name=\"twitter:data1\" content=\"1 minute\" \/>\n<script type=\"application\/ld+json\" class=\"yoast-schema-graph\">{\"@context\":\"https:\/\/schema.org\",\"@graph\":[{\"@type\":\"WebPage\",\"@id\":\"https:\/\/amberwithsilver.com\/product\/ivairiaspalviai-baltijos-gintaro-rutuliuku-karoliai-5\/\",\"url\":\"https:\/\/amberwithsilver.com\/product\/ivairiaspalviai-baltijos-gintaro-rutuliuku-karoliai-5\/\",\"name\":\"\u012evairiaspalviai Baltijos gintaro rutuliuk\u0173 karoliai 5 mm - AmberWithSilver\",\"isPartOf\":{\"@id\":\"https:\/\/amberwithsilver.com\/en\/#website\"},\"primaryImageOfPage\":{\"@id\":\"https:\/\/amberwithsilver.com\/product\/ivairiaspalviai-baltijos-gintaro-rutuliuku-karoliai-5\/#primaryimage\"},\"image\":{\"@id\":\"https:\/\/amberwithsilver.com\/product\/ivairiaspalviai-baltijos-gintaro-rutuliuku-karoliai-5\/#primaryimage\"},\"thumbnailUrl\":\"https:\/\/amberwithsilver.com\/wp-content\/uploads\/2021\/05\/img_2775-scaled.jpeg\",\"datePublished\":\"2021-05-27T22:10:34+00:00\",\"dateModified\":\"2025-05-14T15:45:58+00:00\",\"description\":\"\u012evairiaspalviai Baltijos gintaro rutuliuk\u0173 karoliai 5 mm,Baltijos gintaro karoliai,Baltic amber necklace,Multicolored amber beads necklace\",\"breadcrumb\":{\"@id\":\"https:\/\/amberwithsilver.com\/product\/ivairiaspalviai-baltijos-gintaro-rutuliuku-karoliai-5\/#breadcrumb\"},\"inLanguage\":\"en-US\",\"potentialAction\":[{\"@type\":\"ReadAction\",\"target\":[\"https:\/\/amberwithsilver.com\/product\/ivairiaspalviai-baltijos-gintaro-rutuliuku-karoliai-5\/\"]}]},{\"@type\":\"ImageObject\",\"inLanguage\":\"en-US\",\"@id\":\"https:\/\/amberwithsilver.com\/product\/ivairiaspalviai-baltijos-gintaro-rutuliuku-karoliai-5\/#primaryimage\",\"url\":\"https:\/\/amberwithsilver.com\/wp-content\/uploads\/2021\/05\/img_2775-scaled.jpeg\",\"contentUrl\":\"https:\/\/amberwithsilver.com\/wp-content\/uploads\/2021\/05\/img_2775-scaled.jpeg\",\"width\":2560,\"height\":2384,\"caption\":\"\u012evairiaspalviai Baltijos gintaro rutuliuk\u0173 karoliai 5 mm,Multicolored amber round beads necklace 5 mm\"},{\"@type\":\"BreadcrumbList\",\"@id\":\"https:\/\/amberwithsilver.com\/product\/ivairiaspalviai-baltijos-gintaro-rutuliuku-karoliai-5\/#breadcrumb\",\"itemListElement\":[{\"@type\":\"ListItem\",\"position\":1,\"name\":\"Home\",\"item\":\"https:\/\/amberwithsilver.com\/\"},{\"@type\":\"ListItem\",\"position\":2,\"name\":\"Parduotuv\u0117\",\"item\":\"https:\/\/amberwithsilver.com\/en\/parduotuve\/\"},{\"@type\":\"ListItem\",\"position\":3,\"name\":\"\u012evairiaspalviai Baltijos gintaro rutuliuk\u0173 karoliai 5 mm\"}]},{\"@type\":\"WebSite\",\"@id\":\"https:\/\/amberwithsilver.com\/en\/#website\",\"url\":\"https:\/\/amberwithsilver.com\/en\/\",\"name\":\"AmberWithSilver\",\"description\":\"Amber-Silver\",\"publisher\":{\"@id\":\"https:\/\/amberwithsilver.com\/en\/#organization\"},\"potentialAction\":[{\"@type\":\"SearchAction\",\"target\":{\"@type\":\"EntryPoint\",\"urlTemplate\":\"https:\/\/amberwithsilver.com\/en\/?s={search_term_string}\"},\"query-input\":{\"@type\":\"PropertyValueSpecification\",\"valueRequired\":true,\"valueName\":\"search_term_string\"}}],\"inLanguage\":\"en-US\"},{\"@type\":\"Organization\",\"@id\":\"https:\/\/amberwithsilver.com\/en\/#organization\",\"name\":\"amberwithsilver\",\"url\":\"https:\/\/amberwithsilver.com\/en\/\",\"logo\":{\"@type\":\"ImageObject\",\"inLanguage\":\"en-US\",\"@id\":\"https:\/\/amberwithsilver.com\/en\/#\/schema\/logo\/image\/\",\"url\":\"https:\/\/i0.wp.com\/amberwithsilver.com\/wp-content\/uploads\/2020\/12\/logo.jpg?fit=232%2C116&ssl=1\",\"contentUrl\":\"https:\/\/i0.wp.com\/amberwithsilver.com\/wp-content\/uploads\/2020\/12\/logo.jpg?fit=232%2C116&ssl=1\",\"width\":232,\"height\":116,\"caption\":\"amberwithsilver\"},\"image\":{\"@id\":\"https:\/\/amberwithsilver.com\/en\/#\/schema\/logo\/image\/\"}}]}<\/script>\n<!-- \/ Yoast SEO Premium plugin. -->","yoast_head_json":{"title":"\u012evairiaspalviai Baltijos gintaro rutuliuk\u0173 karoliai 5 mm - AmberWithSilver","description":"\u012evairiaspalviai Baltijos gintaro rutuliuk\u0173 karoliai 5 mm,Baltijos gintaro karoliai,Baltic amber necklace,Multicolored amber beads necklace","robots":{"index":"index","follow":"follow","max-snippet":"max-snippet:-1","max-image-preview":"max-image-preview:large","max-video-preview":"max-video-preview:-1"},"canonical":"https:\/\/amberwithsilver.com\/en\/product\/ivairiaspalviai-baltijos-gintaro-rutuliuku-karoliai-5\/","og_locale":"en_US","og_type":"article","og_title":"\u012evairiaspalviai Baltijos gintaro rutuliuk\u0173 karoliai 5 mm","og_description":"\u012evairiaspalviai Baltijos gintaro rutuliuk\u0173 karoliai 5 mm,Baltijos gintaro karoliai,Baltic amber necklace,Multicolored amber beads necklace","og_url":"https:\/\/amberwithsilver.com\/en\/product\/ivairiaspalviai-baltijos-gintaro-rutuliuku-karoliai-5\/","og_site_name":"AmberWithSilver","article_modified_time":"2025-05-14T15:45:58+00:00","og_image":[{"width":2560,"height":2384,"url":"https:\/\/amberwithsilver.com\/wp-content\/uploads\/2021\/05\/img_2775-scaled.jpeg","type":"image\/jpeg"}],"twitter_card":"summary_large_image","twitter_misc":{"Est. reading time":"1 minute"},"schema":{"@context":"https:\/\/schema.org","@graph":[{"@type":"WebPage","@id":"https:\/\/amberwithsilver.com\/product\/ivairiaspalviai-baltijos-gintaro-rutuliuku-karoliai-5\/","url":"https:\/\/amberwithsilver.com\/product\/ivairiaspalviai-baltijos-gintaro-rutuliuku-karoliai-5\/","name":"\u012evairiaspalviai Baltijos gintaro rutuliuk\u0173 karoliai 5 mm - AmberWithSilver","isPartOf":{"@id":"https:\/\/amberwithsilver.com\/en\/#website"},"primaryImageOfPage":{"@id":"https:\/\/amberwithsilver.com\/product\/ivairiaspalviai-baltijos-gintaro-rutuliuku-karoliai-5\/#primaryimage"},"image":{"@id":"https:\/\/amberwithsilver.com\/product\/ivairiaspalviai-baltijos-gintaro-rutuliuku-karoliai-5\/#primaryimage"},"thumbnailUrl":"https:\/\/amberwithsilver.com\/wp-content\/uploads\/2021\/05\/img_2775-scaled.jpeg","datePublished":"2021-05-27T22:10:34+00:00","dateModified":"2025-05-14T15:45:58+00:00","description":"\u012evairiaspalviai Baltijos gintaro rutuliuk\u0173 karoliai 5 mm,Baltijos gintaro karoliai,Baltic amber necklace,Multicolored amber beads necklace","breadcrumb":{"@id":"https:\/\/amberwithsilver.com\/product\/ivairiaspalviai-baltijos-gintaro-rutuliuku-karoliai-5\/#breadcrumb"},"inLanguage":"en-US","potentialAction":[{"@type":"ReadAction","target":["https:\/\/amberwithsilver.com\/product\/ivairiaspalviai-baltijos-gintaro-rutuliuku-karoliai-5\/"]}]},{"@type":"ImageObject","inLanguage":"en-US","@id":"https:\/\/amberwithsilver.com\/product\/ivairiaspalviai-baltijos-gintaro-rutuliuku-karoliai-5\/#primaryimage","url":"https:\/\/amberwithsilver.com\/wp-content\/uploads\/2021\/05\/img_2775-scaled.jpeg","contentUrl":"https:\/\/amberwithsilver.com\/wp-content\/uploads\/2021\/05\/img_2775-scaled.jpeg","width":2560,"height":2384,"caption":"\u012evairiaspalviai Baltijos gintaro rutuliuk\u0173 karoliai 5 mm,Multicolored amber round beads necklace 5 mm"},{"@type":"BreadcrumbList","@id":"https:\/\/amberwithsilver.com\/product\/ivairiaspalviai-baltijos-gintaro-rutuliuku-karoliai-5\/#breadcrumb","itemListElement":[{"@type":"ListItem","position":1,"name":"Home","item":"https:\/\/amberwithsilver.com\/"},{"@type":"ListItem","position":2,"name":"Parduotuv\u0117","item":"https:\/\/amberwithsilver.com\/en\/parduotuve\/"},{"@type":"ListItem","position":3,"name":"\u012evairiaspalviai Baltijos gintaro rutuliuk\u0173 karoliai 5 mm"}]},{"@type":"WebSite","@id":"https:\/\/amberwithsilver.com\/en\/#website","url":"https:\/\/amberwithsilver.com\/en\/","name":"AmberWithSilver","description":"Amber-Silver","publisher":{"@id":"https:\/\/amberwithsilver.com\/en\/#organization"},"potentialAction":[{"@type":"SearchAction","target":{"@type":"EntryPoint","urlTemplate":"https:\/\/amberwithsilver.com\/en\/?s={search_term_string}"},"query-input":{"@type":"PropertyValueSpecification","valueRequired":true,"valueName":"search_term_string"}}],"inLanguage":"en-US"},{"@type":"Organization","@id":"https:\/\/amberwithsilver.com\/en\/#organization","name":"amberwithsilver","url":"https:\/\/amberwithsilver.com\/en\/","logo":{"@type":"ImageObject","inLanguage":"en-US","@id":"https:\/\/amberwithsilver.com\/en\/#\/schema\/logo\/image\/","url":"https:\/\/i0.wp.com\/amberwithsilver.com\/wp-content\/uploads\/2020\/12\/logo.jpg?fit=232%2C116&ssl=1","contentUrl":"https:\/\/i0.wp.com\/amberwithsilver.com\/wp-content\/uploads\/2020\/12\/logo.jpg?fit=232%2C116&ssl=1","width":232,"height":116,"caption":"amberwithsilver"},"image":{"@id":"https:\/\/amberwithsilver.com\/en\/#\/schema\/logo\/image\/"}}]}},"jetpack_sharing_enabled":true,"_links":{"self":[{"href":"https:\/\/amberwithsilver.com\/en\/wp-json\/wp\/v2\/product\/1505","targetHints":{"allow":["GET"]}}],"collection":[{"href":"https:\/\/amberwithsilver.com\/en\/wp-json\/wp\/v2\/product"}],"about":[{"href":"https:\/\/amberwithsilver.com\/en\/wp-json\/wp\/v2\/types\/product"}],"replies":[{"embeddable":true,"href":"https:\/\/amberwithsilver.com\/en\/wp-json\/wp\/v2\/comments?post=1505"}],"version-history":[{"count":0,"href":"https:\/\/amberwithsilver.com\/en\/wp-json\/wp\/v2\/product\/1505\/revisions"}],"wp:featuredmedia":[{"embeddable":true,"href":"https:\/\/amberwithsilver.com\/en\/wp-json\/wp\/v2\/media\/1510"}],"wp:attachment":[{"href":"https:\/\/amberwithsilver.com\/en\/wp-json\/wp\/v2\/media?parent=1505"}],"wp:term":[{"taxonomy":"product_brand","embeddable":true,"href":"https:\/\/amberwithsilver.com\/en\/wp-json\/wp\/v2\/product_brand?post=1505"},{"taxonomy":"product_cat","embeddable":true,"href":"https:\/\/amberwithsilver.com\/en\/wp-json\/wp\/v2\/product_cat?post=1505"},{"taxonomy":"product_tag","embeddable":true,"href":"https:\/\/amberwithsilver.com\/en\/wp-json\/wp\/v2\/product_tag?post=1505"}],"curies":[{"name":"wp","href":"https:\/\/api.w.org\/{rel}","templated":true}]}}