{"id":1530,"date":"2021-06-10T06:37:59","date_gmt":"2021-06-10T04:37:59","guid":{"rendered":"http:\/\/amberwithsilver.com\/?post_type=product&#038;p=1530"},"modified":"2022-01-06T13:16:37","modified_gmt":"2022-01-06T11:16:37","slug":"deimantinio-slifavimo-gintaro-karoliai-su-turkiu","status":"publish","type":"product","link":"https:\/\/amberwithsilver.com\/en\/product\/deimantinio-slifavimo-gintaro-karoliai-su-turkiu\/","title":{"rendered":"Faceted amber necklace with turquoise"},"content":{"rendered":"<p>Faceted amber necklace with turquoise. Necklace is made partly of small faceted amber mixed with natural turqouise. Fits perfectly with the same model bracelet. Closure is made of amber.<\/p>\n<ul>\n<li>Natural Baltic amber<\/li>\n<li>Natural turquoise<\/li>\n<li>Cognac color<\/li>\n<li>Weight ~ 10,9 gr.<\/li>\n<li>Length ~ 45 cm.<\/li>\n<\/ul>\n<p>*Please note that the color of the product may vary slightly from that shown in the photo, depending on the monitor used by the Buyer and the lighting settings in the photos.<\/p>","protected":false},"excerpt":{"rendered":"<p>Faceted amber necklace with turquoise. Necklace is made partly of small faceted amber mixed with natural turqouise. Fits perfectly with the same model bracelet. Closure is made of amber.<\/p>\n<ul>\n<li>Natural Baltic amber<\/li>\n<li>Natural turquoise<\/li>\n<li>Cognac color<\/li>\n<li>Weight ~ 10,9 gr.<\/li>\n<li>Length ~ 45 cm.<\/li>\n<\/ul>\n<p>*Please note that the color of the product may vary slightly from that shown in the photo, depending on the monitor used by the Buyer and the lighting settings in the photos.<\/p>","protected":false},"featured_media":1537,"comment_status":"open","ping_status":"closed","template":"","meta":[],"product_brand":[],"product_cat":[35],"product_tag":[336,337,339,340,341,342,381],"class_list":{"0":"post-1530","1":"product","2":"type-product","3":"status-publish","4":"has-post-thumbnail","6":"product_cat-gintaro-karoliai","7":"product_tag-baltijos-gintaro-karoliai","8":"product_tag-baltic-amber-necklace","9":"product_tag-faceted-amber-necklace-with-turquoise","10":"product_tag-handmade-cognac-amber-necklace","11":"product_tag-ranku-darbo-konjakinio-gintaro-karoliai","12":"product_tag-deimantinio-slifavimo-gintaro-karoliai-su-turkiu","13":"product_tag-visi","15":"first","16":"instock","17":"taxable","18":"shipping-taxable","19":"purchasable","20":"product-type-simple"},"yoast_head":"<!-- This site is optimized with the Yoast SEO Premium plugin v23.4 (Yoast SEO v26.8) - https:\/\/yoast.com\/product\/yoast-seo-premium-wordpress\/ -->\n<title>Deimantinio \u0161lifavimo gintaro karoliai su turkiu - AmberWithSilver<\/title>\n<meta name=\"description\" content=\"Deimantinio \u0161lifavimo gintaro karoliai su turkiu, Faceted amber necklace with turquoise,Handmade cognac amber necklace, Rank\u0173 darbo gintaras\" \/>\n<meta name=\"robots\" content=\"index, follow, max-snippet:-1, max-image-preview:large, max-video-preview:-1\" \/>\n<link rel=\"canonical\" href=\"https:\/\/amberwithsilver.com\/en\/product\/deimantinio-slifavimo-gintaro-karoliai-su-turkiu\/\" \/>\n<meta property=\"og:locale\" content=\"en_US\" \/>\n<meta property=\"og:type\" content=\"article\" \/>\n<meta property=\"og:title\" content=\"Deimantinio \u0161lifavimo gintaro karoliai su turkiu\" \/>\n<meta property=\"og:description\" content=\"Deimantinio \u0161lifavimo gintaro karoliai su turkiu, Faceted amber necklace with turquoise,Handmade cognac amber necklace, Rank\u0173 darbo gintaras\" \/>\n<meta property=\"og:url\" content=\"https:\/\/amberwithsilver.com\/en\/product\/deimantinio-slifavimo-gintaro-karoliai-su-turkiu\/\" \/>\n<meta property=\"og:site_name\" content=\"AmberWithSilver\" \/>\n<meta property=\"article:modified_time\" content=\"2022-01-06T11:16:37+00:00\" \/>\n<meta property=\"og:image\" content=\"https:\/\/amberwithsilver.com\/wp-content\/uploads\/2021\/06\/img_3126-1.jpeg\" \/>\n\t<meta property=\"og:image:width\" content=\"2422\" \/>\n\t<meta property=\"og:image:height\" content=\"2318\" \/>\n\t<meta property=\"og:image:type\" content=\"image\/jpeg\" \/>\n<meta name=\"twitter:card\" content=\"summary_large_image\" \/>\n<meta name=\"twitter:label1\" content=\"Est. reading time\" \/>\n\t<meta name=\"twitter:data1\" content=\"1 minute\" \/>\n<script type=\"application\/ld+json\" class=\"yoast-schema-graph\">{\"@context\":\"https:\/\/schema.org\",\"@graph\":[{\"@type\":\"WebPage\",\"@id\":\"https:\/\/amberwithsilver.com\/product\/deimantinio-slifavimo-gintaro-karoliai-su-turkiu\/\",\"url\":\"https:\/\/amberwithsilver.com\/product\/deimantinio-slifavimo-gintaro-karoliai-su-turkiu\/\",\"name\":\"Deimantinio \u0161lifavimo gintaro karoliai su turkiu - AmberWithSilver\",\"isPartOf\":{\"@id\":\"https:\/\/amberwithsilver.com\/en\/#website\"},\"primaryImageOfPage\":{\"@id\":\"https:\/\/amberwithsilver.com\/product\/deimantinio-slifavimo-gintaro-karoliai-su-turkiu\/#primaryimage\"},\"image\":{\"@id\":\"https:\/\/amberwithsilver.com\/product\/deimantinio-slifavimo-gintaro-karoliai-su-turkiu\/#primaryimage\"},\"thumbnailUrl\":\"https:\/\/amberwithsilver.com\/wp-content\/uploads\/2021\/06\/img_3126-1.jpeg\",\"datePublished\":\"2021-06-10T04:37:59+00:00\",\"dateModified\":\"2022-01-06T11:16:37+00:00\",\"description\":\"Deimantinio \u0161lifavimo gintaro karoliai su turkiu, Faceted amber necklace with turquoise,Handmade cognac amber necklace, Rank\u0173 darbo gintaras\",\"breadcrumb\":{\"@id\":\"https:\/\/amberwithsilver.com\/product\/deimantinio-slifavimo-gintaro-karoliai-su-turkiu\/#breadcrumb\"},\"inLanguage\":\"en-US\",\"potentialAction\":[{\"@type\":\"ReadAction\",\"target\":[\"https:\/\/amberwithsilver.com\/product\/deimantinio-slifavimo-gintaro-karoliai-su-turkiu\/\"]}]},{\"@type\":\"ImageObject\",\"inLanguage\":\"en-US\",\"@id\":\"https:\/\/amberwithsilver.com\/product\/deimantinio-slifavimo-gintaro-karoliai-su-turkiu\/#primaryimage\",\"url\":\"https:\/\/amberwithsilver.com\/wp-content\/uploads\/2021\/06\/img_3126-1.jpeg\",\"contentUrl\":\"https:\/\/amberwithsilver.com\/wp-content\/uploads\/2021\/06\/img_3126-1.jpeg\",\"width\":2422,\"height\":2318,\"caption\":\"Deimantinio \u0161lifavimo gintaro karoliai su turkiu, Faceted amber necklace with turquoise\"},{\"@type\":\"BreadcrumbList\",\"@id\":\"https:\/\/amberwithsilver.com\/product\/deimantinio-slifavimo-gintaro-karoliai-su-turkiu\/#breadcrumb\",\"itemListElement\":[{\"@type\":\"ListItem\",\"position\":1,\"name\":\"Home\",\"item\":\"https:\/\/amberwithsilver.com\/\"},{\"@type\":\"ListItem\",\"position\":2,\"name\":\"Parduotuv\u0117\",\"item\":\"https:\/\/amberwithsilver.com\/en\/parduotuve\/\"},{\"@type\":\"ListItem\",\"position\":3,\"name\":\"Deimantinio \u0161lifavimo gintaro karoliai su turkiu\"}]},{\"@type\":\"WebSite\",\"@id\":\"https:\/\/amberwithsilver.com\/en\/#website\",\"url\":\"https:\/\/amberwithsilver.com\/en\/\",\"name\":\"AmberWithSilver\",\"description\":\"Amber-Silver\",\"publisher\":{\"@id\":\"https:\/\/amberwithsilver.com\/en\/#organization\"},\"potentialAction\":[{\"@type\":\"SearchAction\",\"target\":{\"@type\":\"EntryPoint\",\"urlTemplate\":\"https:\/\/amberwithsilver.com\/en\/?s={search_term_string}\"},\"query-input\":{\"@type\":\"PropertyValueSpecification\",\"valueRequired\":true,\"valueName\":\"search_term_string\"}}],\"inLanguage\":\"en-US\"},{\"@type\":\"Organization\",\"@id\":\"https:\/\/amberwithsilver.com\/en\/#organization\",\"name\":\"amberwithsilver\",\"url\":\"https:\/\/amberwithsilver.com\/en\/\",\"logo\":{\"@type\":\"ImageObject\",\"inLanguage\":\"en-US\",\"@id\":\"https:\/\/amberwithsilver.com\/en\/#\/schema\/logo\/image\/\",\"url\":\"https:\/\/i0.wp.com\/amberwithsilver.com\/wp-content\/uploads\/2020\/12\/logo.jpg?fit=232%2C116&ssl=1\",\"contentUrl\":\"https:\/\/i0.wp.com\/amberwithsilver.com\/wp-content\/uploads\/2020\/12\/logo.jpg?fit=232%2C116&ssl=1\",\"width\":232,\"height\":116,\"caption\":\"amberwithsilver\"},\"image\":{\"@id\":\"https:\/\/amberwithsilver.com\/en\/#\/schema\/logo\/image\/\"}}]}<\/script>\n<!-- \/ Yoast SEO Premium plugin. -->","yoast_head_json":{"title":"Deimantinio \u0161lifavimo gintaro karoliai su turkiu - AmberWithSilver","description":"Deimantinio \u0161lifavimo gintaro karoliai su turkiu, Faceted amber necklace with turquoise,Handmade cognac amber necklace, Rank\u0173 darbo gintaras","robots":{"index":"index","follow":"follow","max-snippet":"max-snippet:-1","max-image-preview":"max-image-preview:large","max-video-preview":"max-video-preview:-1"},"canonical":"https:\/\/amberwithsilver.com\/en\/product\/deimantinio-slifavimo-gintaro-karoliai-su-turkiu\/","og_locale":"en_US","og_type":"article","og_title":"Deimantinio \u0161lifavimo gintaro karoliai su turkiu","og_description":"Deimantinio \u0161lifavimo gintaro karoliai su turkiu, Faceted amber necklace with turquoise,Handmade cognac amber necklace, Rank\u0173 darbo gintaras","og_url":"https:\/\/amberwithsilver.com\/en\/product\/deimantinio-slifavimo-gintaro-karoliai-su-turkiu\/","og_site_name":"AmberWithSilver","article_modified_time":"2022-01-06T11:16:37+00:00","og_image":[{"width":2422,"height":2318,"url":"https:\/\/amberwithsilver.com\/wp-content\/uploads\/2021\/06\/img_3126-1.jpeg","type":"image\/jpeg"}],"twitter_card":"summary_large_image","twitter_misc":{"Est. reading time":"1 minute"},"schema":{"@context":"https:\/\/schema.org","@graph":[{"@type":"WebPage","@id":"https:\/\/amberwithsilver.com\/product\/deimantinio-slifavimo-gintaro-karoliai-su-turkiu\/","url":"https:\/\/amberwithsilver.com\/product\/deimantinio-slifavimo-gintaro-karoliai-su-turkiu\/","name":"Deimantinio \u0161lifavimo gintaro karoliai su turkiu - AmberWithSilver","isPartOf":{"@id":"https:\/\/amberwithsilver.com\/en\/#website"},"primaryImageOfPage":{"@id":"https:\/\/amberwithsilver.com\/product\/deimantinio-slifavimo-gintaro-karoliai-su-turkiu\/#primaryimage"},"image":{"@id":"https:\/\/amberwithsilver.com\/product\/deimantinio-slifavimo-gintaro-karoliai-su-turkiu\/#primaryimage"},"thumbnailUrl":"https:\/\/amberwithsilver.com\/wp-content\/uploads\/2021\/06\/img_3126-1.jpeg","datePublished":"2021-06-10T04:37:59+00:00","dateModified":"2022-01-06T11:16:37+00:00","description":"Deimantinio \u0161lifavimo gintaro karoliai su turkiu, Faceted amber necklace with turquoise,Handmade cognac amber necklace, Rank\u0173 darbo gintaras","breadcrumb":{"@id":"https:\/\/amberwithsilver.com\/product\/deimantinio-slifavimo-gintaro-karoliai-su-turkiu\/#breadcrumb"},"inLanguage":"en-US","potentialAction":[{"@type":"ReadAction","target":["https:\/\/amberwithsilver.com\/product\/deimantinio-slifavimo-gintaro-karoliai-su-turkiu\/"]}]},{"@type":"ImageObject","inLanguage":"en-US","@id":"https:\/\/amberwithsilver.com\/product\/deimantinio-slifavimo-gintaro-karoliai-su-turkiu\/#primaryimage","url":"https:\/\/amberwithsilver.com\/wp-content\/uploads\/2021\/06\/img_3126-1.jpeg","contentUrl":"https:\/\/amberwithsilver.com\/wp-content\/uploads\/2021\/06\/img_3126-1.jpeg","width":2422,"height":2318,"caption":"Deimantinio \u0161lifavimo gintaro karoliai su turkiu, Faceted amber necklace with turquoise"},{"@type":"BreadcrumbList","@id":"https:\/\/amberwithsilver.com\/product\/deimantinio-slifavimo-gintaro-karoliai-su-turkiu\/#breadcrumb","itemListElement":[{"@type":"ListItem","position":1,"name":"Home","item":"https:\/\/amberwithsilver.com\/"},{"@type":"ListItem","position":2,"name":"Parduotuv\u0117","item":"https:\/\/amberwithsilver.com\/en\/parduotuve\/"},{"@type":"ListItem","position":3,"name":"Deimantinio \u0161lifavimo gintaro karoliai su turkiu"}]},{"@type":"WebSite","@id":"https:\/\/amberwithsilver.com\/en\/#website","url":"https:\/\/amberwithsilver.com\/en\/","name":"AmberWithSilver","description":"Amber-Silver","publisher":{"@id":"https:\/\/amberwithsilver.com\/en\/#organization"},"potentialAction":[{"@type":"SearchAction","target":{"@type":"EntryPoint","urlTemplate":"https:\/\/amberwithsilver.com\/en\/?s={search_term_string}"},"query-input":{"@type":"PropertyValueSpecification","valueRequired":true,"valueName":"search_term_string"}}],"inLanguage":"en-US"},{"@type":"Organization","@id":"https:\/\/amberwithsilver.com\/en\/#organization","name":"amberwithsilver","url":"https:\/\/amberwithsilver.com\/en\/","logo":{"@type":"ImageObject","inLanguage":"en-US","@id":"https:\/\/amberwithsilver.com\/en\/#\/schema\/logo\/image\/","url":"https:\/\/i0.wp.com\/amberwithsilver.com\/wp-content\/uploads\/2020\/12\/logo.jpg?fit=232%2C116&ssl=1","contentUrl":"https:\/\/i0.wp.com\/amberwithsilver.com\/wp-content\/uploads\/2020\/12\/logo.jpg?fit=232%2C116&ssl=1","width":232,"height":116,"caption":"amberwithsilver"},"image":{"@id":"https:\/\/amberwithsilver.com\/en\/#\/schema\/logo\/image\/"}}]}},"jetpack_sharing_enabled":true,"_links":{"self":[{"href":"https:\/\/amberwithsilver.com\/en\/wp-json\/wp\/v2\/product\/1530","targetHints":{"allow":["GET"]}}],"collection":[{"href":"https:\/\/amberwithsilver.com\/en\/wp-json\/wp\/v2\/product"}],"about":[{"href":"https:\/\/amberwithsilver.com\/en\/wp-json\/wp\/v2\/types\/product"}],"replies":[{"embeddable":true,"href":"https:\/\/amberwithsilver.com\/en\/wp-json\/wp\/v2\/comments?post=1530"}],"version-history":[{"count":0,"href":"https:\/\/amberwithsilver.com\/en\/wp-json\/wp\/v2\/product\/1530\/revisions"}],"wp:featuredmedia":[{"embeddable":true,"href":"https:\/\/amberwithsilver.com\/en\/wp-json\/wp\/v2\/media\/1537"}],"wp:attachment":[{"href":"https:\/\/amberwithsilver.com\/en\/wp-json\/wp\/v2\/media?parent=1530"}],"wp:term":[{"taxonomy":"product_brand","embeddable":true,"href":"https:\/\/amberwithsilver.com\/en\/wp-json\/wp\/v2\/product_brand?post=1530"},{"taxonomy":"product_cat","embeddable":true,"href":"https:\/\/amberwithsilver.com\/en\/wp-json\/wp\/v2\/product_cat?post=1530"},{"taxonomy":"product_tag","embeddable":true,"href":"https:\/\/amberwithsilver.com\/en\/wp-json\/wp\/v2\/product_tag?post=1530"}],"curies":[{"name":"wp","href":"https:\/\/api.w.org\/{rel}","templated":true}]}}