{"id":1555,"date":"2021-06-16T23:56:43","date_gmt":"2021-06-16T21:56:43","guid":{"rendered":"http:\/\/amberwithsilver.com\/?post_type=product&#038;p=1555"},"modified":"2024-02-24T01:43:58","modified_gmt":"2024-02-23T23:43:58","slug":"vaikiski-gintaro-karoliai-ivairiaspalviai-sarateliai","status":"publish","type":"product","link":"https:\/\/amberwithsilver.com\/en\/product\/vaikiski-gintaro-karoliai-ivairiaspalviai-sarateliai\/","title":{"rendered":"Baby amber necklace - round multicolored beads"},"content":{"rendered":"<p>Baby amber necklace - multicolored beads.<\/p>\n<ul>\n<li>Round shape Baltic amber beads<\/li>\n<li>Multicolor<\/li>\n<li><span class=\"VIiyi\" lang=\"lt\"><span class=\"JLqJ4b ChMk0b\" data-language-for-alternatives=\"lt\" data-language-to-translate-into=\"en\" data-phrase-index=\"0\">Plastic screw clasp<\/span><\/span><\/li>\n<li>Length ~ 33 cm<\/li>\n<li>Beads size ~ 5-6 mm.<\/li>\n<\/ul>\n<p>*Please note that the color of the product may vary slightly from that shown in the photo, depending on the monitor used by the Buyer and the lighting settings in the photos.<\/p>","protected":false},"excerpt":{"rendered":"<p>Baby amber necklace - multicolored beads.<\/p>\n<ul>\n<li>Round shape Baltic amber beads<\/li>\n<li>Multicolor<\/li>\n<li><span class=\"VIiyi\" lang=\"lt\"><span class=\"JLqJ4b ChMk0b\" data-language-for-alternatives=\"lt\" data-language-to-translate-into=\"en\" data-phrase-index=\"0\">Plastic screw clasp<\/span><\/span><\/li>\n<li>Length ~ 33 cm<\/li>\n<li>Beads size ~ 5-6 mm.<\/li>\n<\/ul>\n<p>*Please note that the color of the product may vary slightly from that shown in the photo, depending on the monitor used by the Buyer and the lighting settings in the photos.<\/p>","protected":false},"featured_media":1556,"comment_status":"open","ping_status":"closed","template":"","meta":[],"product_brand":[],"product_cat":[36],"product_tag":[311,320,348,349,350,351,352,353,354,381],"class_list":{"0":"post-1555","1":"product","2":"type-product","3":"status-publish","4":"has-post-thumbnail","6":"product_cat-gintaro-karoliai-vaikams","7":"product_tag-silver-amber-jewelry","8":"product_tag-baltic-amber-from-lithuania","9":"product_tag-vaikiski-baltijos-gintaro-karoliai","10":"product_tag-baltic-amber-baby-necklace","11":"product_tag-baby-amber-necklace-multicolored-beads","12":"product_tag-vaikiski-gintaro-karoliai-ivairiaspalviai-sarateliai","13":"product_tag-vaikiski-gintaro-karoliukai","14":"product_tag-multicolored-amber-round-beads-baby-necklace","15":"product_tag-round-amber-baby-necklace","16":"product_tag-visi","18":"first","19":"instock","20":"taxable","21":"shipping-taxable","22":"purchasable","23":"product-type-simple"},"yoast_head":"<!-- This site is optimized with the Yoast SEO Premium plugin v23.4 (Yoast SEO v26.8) - https:\/\/yoast.com\/product\/yoast-seo-premium-wordpress\/ -->\n<title>Vaiki\u0161ki gintaro karoliai - \u012fvairiaspalviai \u0161arat\u0117liai - AmberWithSilver<\/title>\n<meta name=\"description\" content=\"Vaiki\u0161ki gintaro karoliukai,Multicolored amber round beads baby necklace,Baltic amber from Lithuania, Baltic amber baby necklace,Baltijos gin\" \/>\n<meta name=\"robots\" content=\"index, follow, max-snippet:-1, max-image-preview:large, max-video-preview:-1\" \/>\n<link rel=\"canonical\" href=\"https:\/\/amberwithsilver.com\/en\/product\/vaikiski-gintaro-karoliai-ivairiaspalviai-sarateliai\/\" \/>\n<meta property=\"og:locale\" content=\"en_US\" \/>\n<meta property=\"og:type\" content=\"article\" \/>\n<meta property=\"og:title\" content=\"Vaiki\u0161ki gintaro karoliai - \u012fvairiaspalviai \u0161arat\u0117liai\" \/>\n<meta property=\"og:description\" content=\"Vaiki\u0161ki gintaro karoliukai,Multicolored amber round beads baby necklace,Baltic amber from Lithuania, Baltic amber baby necklace,Baltijos gin\" \/>\n<meta property=\"og:url\" content=\"https:\/\/amberwithsilver.com\/en\/product\/vaikiski-gintaro-karoliai-ivairiaspalviai-sarateliai\/\" \/>\n<meta property=\"og:site_name\" content=\"AmberWithSilver\" \/>\n<meta property=\"article:modified_time\" content=\"2024-02-23T23:43:58+00:00\" \/>\n<meta property=\"og:image\" content=\"https:\/\/amberwithsilver.com\/wp-content\/uploads\/2021\/06\/img_3551-scaled.jpeg\" \/>\n\t<meta property=\"og:image:width\" content=\"2545\" \/>\n\t<meta property=\"og:image:height\" content=\"2560\" \/>\n\t<meta property=\"og:image:type\" content=\"image\/jpeg\" \/>\n<meta name=\"twitter:card\" content=\"summary_large_image\" \/>\n<script type=\"application\/ld+json\" class=\"yoast-schema-graph\">{\"@context\":\"https:\/\/schema.org\",\"@graph\":[{\"@type\":\"WebPage\",\"@id\":\"https:\/\/amberwithsilver.com\/product\/vaikiski-gintaro-karoliai-ivairiaspalviai-sarateliai\/\",\"url\":\"https:\/\/amberwithsilver.com\/product\/vaikiski-gintaro-karoliai-ivairiaspalviai-sarateliai\/\",\"name\":\"Vaiki\u0161ki gintaro karoliai - \u012fvairiaspalviai \u0161arat\u0117liai - AmberWithSilver\",\"isPartOf\":{\"@id\":\"https:\/\/amberwithsilver.com\/en\/#website\"},\"primaryImageOfPage\":{\"@id\":\"https:\/\/amberwithsilver.com\/product\/vaikiski-gintaro-karoliai-ivairiaspalviai-sarateliai\/#primaryimage\"},\"image\":{\"@id\":\"https:\/\/amberwithsilver.com\/product\/vaikiski-gintaro-karoliai-ivairiaspalviai-sarateliai\/#primaryimage\"},\"thumbnailUrl\":\"https:\/\/amberwithsilver.com\/wp-content\/uploads\/2021\/06\/img_3551-scaled.jpeg\",\"datePublished\":\"2021-06-16T21:56:43+00:00\",\"dateModified\":\"2024-02-23T23:43:58+00:00\",\"description\":\"Vaiki\u0161ki gintaro karoliukai,Multicolored amber round beads baby necklace,Baltic amber from Lithuania, Baltic amber baby necklace,Baltijos gin\",\"breadcrumb\":{\"@id\":\"https:\/\/amberwithsilver.com\/product\/vaikiski-gintaro-karoliai-ivairiaspalviai-sarateliai\/#breadcrumb\"},\"inLanguage\":\"en-US\",\"potentialAction\":[{\"@type\":\"ReadAction\",\"target\":[\"https:\/\/amberwithsilver.com\/product\/vaikiski-gintaro-karoliai-ivairiaspalviai-sarateliai\/\"]}]},{\"@type\":\"ImageObject\",\"inLanguage\":\"en-US\",\"@id\":\"https:\/\/amberwithsilver.com\/product\/vaikiski-gintaro-karoliai-ivairiaspalviai-sarateliai\/#primaryimage\",\"url\":\"https:\/\/amberwithsilver.com\/wp-content\/uploads\/2021\/06\/img_3551-scaled.jpeg\",\"contentUrl\":\"https:\/\/amberwithsilver.com\/wp-content\/uploads\/2021\/06\/img_3551-scaled.jpeg\",\"width\":2545,\"height\":2560,\"caption\":\"Vaiki\u0161ki gintaro karoliai - \u012fvairiaspalviai \u0161arat\u0117liai, Baby amber necklace - multicolored beads\"},{\"@type\":\"BreadcrumbList\",\"@id\":\"https:\/\/amberwithsilver.com\/product\/vaikiski-gintaro-karoliai-ivairiaspalviai-sarateliai\/#breadcrumb\",\"itemListElement\":[{\"@type\":\"ListItem\",\"position\":1,\"name\":\"Home\",\"item\":\"https:\/\/amberwithsilver.com\/\"},{\"@type\":\"ListItem\",\"position\":2,\"name\":\"Parduotuv\u0117\",\"item\":\"https:\/\/amberwithsilver.com\/en\/parduotuve\/\"},{\"@type\":\"ListItem\",\"position\":3,\"name\":\"Vaiki\u0161ki gintaro karoliai &#8211; \u012fvairiaspalviai \u0161arat\u0117liai\"}]},{\"@type\":\"WebSite\",\"@id\":\"https:\/\/amberwithsilver.com\/en\/#website\",\"url\":\"https:\/\/amberwithsilver.com\/en\/\",\"name\":\"AmberWithSilver\",\"description\":\"Amber-Silver\",\"publisher\":{\"@id\":\"https:\/\/amberwithsilver.com\/en\/#organization\"},\"potentialAction\":[{\"@type\":\"SearchAction\",\"target\":{\"@type\":\"EntryPoint\",\"urlTemplate\":\"https:\/\/amberwithsilver.com\/en\/?s={search_term_string}\"},\"query-input\":{\"@type\":\"PropertyValueSpecification\",\"valueRequired\":true,\"valueName\":\"search_term_string\"}}],\"inLanguage\":\"en-US\"},{\"@type\":\"Organization\",\"@id\":\"https:\/\/amberwithsilver.com\/en\/#organization\",\"name\":\"amberwithsilver\",\"url\":\"https:\/\/amberwithsilver.com\/en\/\",\"logo\":{\"@type\":\"ImageObject\",\"inLanguage\":\"en-US\",\"@id\":\"https:\/\/amberwithsilver.com\/en\/#\/schema\/logo\/image\/\",\"url\":\"https:\/\/i0.wp.com\/amberwithsilver.com\/wp-content\/uploads\/2020\/12\/logo.jpg?fit=232%2C116&ssl=1\",\"contentUrl\":\"https:\/\/i0.wp.com\/amberwithsilver.com\/wp-content\/uploads\/2020\/12\/logo.jpg?fit=232%2C116&ssl=1\",\"width\":232,\"height\":116,\"caption\":\"amberwithsilver\"},\"image\":{\"@id\":\"https:\/\/amberwithsilver.com\/en\/#\/schema\/logo\/image\/\"}}]}<\/script>\n<!-- \/ Yoast SEO Premium plugin. -->","yoast_head_json":{"title":"Vaiki\u0161ki gintaro karoliai - \u012fvairiaspalviai \u0161arat\u0117liai - AmberWithSilver","description":"Vaiki\u0161ki gintaro karoliukai,Multicolored amber round beads baby necklace,Baltic amber from Lithuania, Baltic amber baby necklace,Baltijos gin","robots":{"index":"index","follow":"follow","max-snippet":"max-snippet:-1","max-image-preview":"max-image-preview:large","max-video-preview":"max-video-preview:-1"},"canonical":"https:\/\/amberwithsilver.com\/en\/product\/vaikiski-gintaro-karoliai-ivairiaspalviai-sarateliai\/","og_locale":"en_US","og_type":"article","og_title":"Vaiki\u0161ki gintaro karoliai - \u012fvairiaspalviai \u0161arat\u0117liai","og_description":"Vaiki\u0161ki gintaro karoliukai,Multicolored amber round beads baby necklace,Baltic amber from Lithuania, Baltic amber baby necklace,Baltijos gin","og_url":"https:\/\/amberwithsilver.com\/en\/product\/vaikiski-gintaro-karoliai-ivairiaspalviai-sarateliai\/","og_site_name":"AmberWithSilver","article_modified_time":"2024-02-23T23:43:58+00:00","og_image":[{"width":2545,"height":2560,"url":"https:\/\/amberwithsilver.com\/wp-content\/uploads\/2021\/06\/img_3551-scaled.jpeg","type":"image\/jpeg"}],"twitter_card":"summary_large_image","schema":{"@context":"https:\/\/schema.org","@graph":[{"@type":"WebPage","@id":"https:\/\/amberwithsilver.com\/product\/vaikiski-gintaro-karoliai-ivairiaspalviai-sarateliai\/","url":"https:\/\/amberwithsilver.com\/product\/vaikiski-gintaro-karoliai-ivairiaspalviai-sarateliai\/","name":"Vaiki\u0161ki gintaro karoliai - \u012fvairiaspalviai \u0161arat\u0117liai - AmberWithSilver","isPartOf":{"@id":"https:\/\/amberwithsilver.com\/en\/#website"},"primaryImageOfPage":{"@id":"https:\/\/amberwithsilver.com\/product\/vaikiski-gintaro-karoliai-ivairiaspalviai-sarateliai\/#primaryimage"},"image":{"@id":"https:\/\/amberwithsilver.com\/product\/vaikiski-gintaro-karoliai-ivairiaspalviai-sarateliai\/#primaryimage"},"thumbnailUrl":"https:\/\/amberwithsilver.com\/wp-content\/uploads\/2021\/06\/img_3551-scaled.jpeg","datePublished":"2021-06-16T21:56:43+00:00","dateModified":"2024-02-23T23:43:58+00:00","description":"Vaiki\u0161ki gintaro karoliukai,Multicolored amber round beads baby necklace,Baltic amber from Lithuania, Baltic amber baby necklace,Baltijos gin","breadcrumb":{"@id":"https:\/\/amberwithsilver.com\/product\/vaikiski-gintaro-karoliai-ivairiaspalviai-sarateliai\/#breadcrumb"},"inLanguage":"en-US","potentialAction":[{"@type":"ReadAction","target":["https:\/\/amberwithsilver.com\/product\/vaikiski-gintaro-karoliai-ivairiaspalviai-sarateliai\/"]}]},{"@type":"ImageObject","inLanguage":"en-US","@id":"https:\/\/amberwithsilver.com\/product\/vaikiski-gintaro-karoliai-ivairiaspalviai-sarateliai\/#primaryimage","url":"https:\/\/amberwithsilver.com\/wp-content\/uploads\/2021\/06\/img_3551-scaled.jpeg","contentUrl":"https:\/\/amberwithsilver.com\/wp-content\/uploads\/2021\/06\/img_3551-scaled.jpeg","width":2545,"height":2560,"caption":"Vaiki\u0161ki gintaro karoliai - \u012fvairiaspalviai \u0161arat\u0117liai, Baby amber necklace - multicolored beads"},{"@type":"BreadcrumbList","@id":"https:\/\/amberwithsilver.com\/product\/vaikiski-gintaro-karoliai-ivairiaspalviai-sarateliai\/#breadcrumb","itemListElement":[{"@type":"ListItem","position":1,"name":"Home","item":"https:\/\/amberwithsilver.com\/"},{"@type":"ListItem","position":2,"name":"Parduotuv\u0117","item":"https:\/\/amberwithsilver.com\/en\/parduotuve\/"},{"@type":"ListItem","position":3,"name":"Vaiki\u0161ki gintaro karoliai &#8211; \u012fvairiaspalviai \u0161arat\u0117liai"}]},{"@type":"WebSite","@id":"https:\/\/amberwithsilver.com\/en\/#website","url":"https:\/\/amberwithsilver.com\/en\/","name":"AmberWithSilver","description":"Amber-Silver","publisher":{"@id":"https:\/\/amberwithsilver.com\/en\/#organization"},"potentialAction":[{"@type":"SearchAction","target":{"@type":"EntryPoint","urlTemplate":"https:\/\/amberwithsilver.com\/en\/?s={search_term_string}"},"query-input":{"@type":"PropertyValueSpecification","valueRequired":true,"valueName":"search_term_string"}}],"inLanguage":"en-US"},{"@type":"Organization","@id":"https:\/\/amberwithsilver.com\/en\/#organization","name":"amberwithsilver","url":"https:\/\/amberwithsilver.com\/en\/","logo":{"@type":"ImageObject","inLanguage":"en-US","@id":"https:\/\/amberwithsilver.com\/en\/#\/schema\/logo\/image\/","url":"https:\/\/i0.wp.com\/amberwithsilver.com\/wp-content\/uploads\/2020\/12\/logo.jpg?fit=232%2C116&ssl=1","contentUrl":"https:\/\/i0.wp.com\/amberwithsilver.com\/wp-content\/uploads\/2020\/12\/logo.jpg?fit=232%2C116&ssl=1","width":232,"height":116,"caption":"amberwithsilver"},"image":{"@id":"https:\/\/amberwithsilver.com\/en\/#\/schema\/logo\/image\/"}}]}},"jetpack_sharing_enabled":true,"_links":{"self":[{"href":"https:\/\/amberwithsilver.com\/en\/wp-json\/wp\/v2\/product\/1555","targetHints":{"allow":["GET"]}}],"collection":[{"href":"https:\/\/amberwithsilver.com\/en\/wp-json\/wp\/v2\/product"}],"about":[{"href":"https:\/\/amberwithsilver.com\/en\/wp-json\/wp\/v2\/types\/product"}],"replies":[{"embeddable":true,"href":"https:\/\/amberwithsilver.com\/en\/wp-json\/wp\/v2\/comments?post=1555"}],"version-history":[{"count":0,"href":"https:\/\/amberwithsilver.com\/en\/wp-json\/wp\/v2\/product\/1555\/revisions"}],"wp:featuredmedia":[{"embeddable":true,"href":"https:\/\/amberwithsilver.com\/en\/wp-json\/wp\/v2\/media\/1556"}],"wp:attachment":[{"href":"https:\/\/amberwithsilver.com\/en\/wp-json\/wp\/v2\/media?parent=1555"}],"wp:term":[{"taxonomy":"product_brand","embeddable":true,"href":"https:\/\/amberwithsilver.com\/en\/wp-json\/wp\/v2\/product_brand?post=1555"},{"taxonomy":"product_cat","embeddable":true,"href":"https:\/\/amberwithsilver.com\/en\/wp-json\/wp\/v2\/product_cat?post=1555"},{"taxonomy":"product_tag","embeddable":true,"href":"https:\/\/amberwithsilver.com\/en\/wp-json\/wp\/v2\/product_tag?post=1555"}],"curies":[{"name":"wp","href":"https:\/\/api.w.org\/{rel}","templated":true}]}}