{"id":1573,"date":"2021-07-09T08:12:58","date_gmt":"2021-07-09T06:12:58","guid":{"rendered":"http:\/\/amberwithsilver.com\/?post_type=product&#038;p=1573"},"modified":"2023-07-28T11:25:17","modified_gmt":"2023-07-28T09:25:17","slug":"vyriski-juodo-ir-balto-gintaro-apvaliu-rutuliuku-karoliai","status":"publish","type":"product","link":"https:\/\/amberwithsilver.com\/en\/product\/vyriski-juodo-ir-balto-gintaro-apvaliu-rutuliuku-karoliai\/","title":{"rendered":"Black &amp; Yellow amber round beads necklace 8 mm"},"content":{"rendered":"<p>Juodo ir Geltono gintaro apvali\u0173 rutuliuk\u0173 karoliai 8mm.<\/p>\n<ul>\n<li><span class=\"VIiyi\" lang=\"lt\"><span class=\"JLqJ4b ChMk0b\" data-language-for-alternatives=\"lt\" data-language-to-translate-into=\"en\" data-phrase-index=\"0\">Black color recycled unpolished Baltic amber round beads<\/span><\/span><\/li>\n<li>One yellow round bead<\/li>\n<li><span class=\"VIiyi\" lang=\"lt\"><span class=\"JLqJ4b ChMk0b\" data-language-for-alternatives=\"lt\" data-language-to-translate-into=\"en\" data-phrase-index=\"0\">Plastic screw clasp<\/span><\/span><\/li>\n<li>Length: ~ 45 cm \/ Weight: ~ 19 grams<\/li>\n<li>Length: ~ 53 cm \/ Weight: ~ 25 grams<\/li>\n<li>Bead size: ~ 8 mm<\/li>\n<\/ul>\n<p>*Please note that the color of the product may vary slightly from that shown in the photo, depending on the monitor used by the Buyer and the lighting settings in the photos.<\/p>","protected":false},"excerpt":{"rendered":"<p>Black &amp; Yellow amber round beads necklace 8 mm.<\/p>\n<ul>\n<li><span class=\"VIiyi\" lang=\"lt\"><span class=\"JLqJ4b ChMk0b\" data-language-for-alternatives=\"lt\" data-language-to-translate-into=\"en\" data-phrase-index=\"0\">Black color recycled unpolished Baltic amber round beads<\/span><\/span><\/li>\n<li>One yellow round bead<\/li>\n<li><span class=\"VIiyi\" lang=\"lt\"><span class=\"JLqJ4b ChMk0b\" data-language-for-alternatives=\"lt\" data-language-to-translate-into=\"en\" data-phrase-index=\"0\">Plastic screw clasp<\/span><\/span><\/li>\n<li>Length: ~ 45 cm \/ Weight: ~ 19 grams<\/li>\n<li>Length: ~ 53 cm \/ Weight: ~ 25 grams<\/li>\n<li>Bead size: ~ 8 mm<\/li>\n<\/ul>\n<p>*Please note that the color of the product may vary slightly from that shown in the photo, depending on the monitor used by the Buyer and the lighting settings in the photos.<\/p>","protected":false},"featured_media":1577,"comment_status":"open","ping_status":"closed","template":"","meta":[],"product_brand":[],"product_cat":[59,60],"product_tag":[371,372,373,374,375,998,999,1000,1001,1002,1003,1004,1005],"class_list":{"0":"post-1573","1":"product","2":"type-product","3":"status-publish","4":"has-post-thumbnail","6":"product_cat-gintaro-papuosalai-vyrams","7":"product_cat-juodo-gintaro-kolekcija","8":"product_tag-baltijos-juodo-gintaro-nepoliruoti-karoliai","9":"product_tag-black-color-unpolished-baltic-amber-necklace","10":"product_tag-juodi-nepoliruoti-baltijos-gintaro-karoliai","11":"product_tag-perdirbto-gintaro-karoliai","12":"product_tag-recycled-amber-necklace","13":"product_tag-vyriski-juodo-ir-geltono-gintaro-apvaliu-rutuliuku-karoliai","14":"product_tag-juodo-ir-geltono-gintaro-apvaliu-rutuliuku-karoliai","15":"product_tag-black-yellow-amber-round-beads-necklace","16":"product_tag-black-yellow-amber-round-beads-necklace-8-mm","17":"product_tag-vyriski-juodo-ir-geltono-gintaro-apvaliu-rutuliuku-karoliai-8mm","18":"product_tag-juodo-gintaro-kolekcija","19":"product_tag-gintaro-papuosalai-kaune","20":"product_tag-amber-jewelry-in-the-city-of-kaunas","21":"pa_ilgis-45-cm","22":"pa_ilgis-53-cm","24":"first","25":"instock","26":"taxable","27":"shipping-taxable","28":"purchasable","29":"product-type-variable"},"yoast_head":"<!-- This site is optimized with the Yoast SEO Premium plugin v23.4 (Yoast SEO v26.8) - https:\/\/yoast.com\/product\/yoast-seo-premium-wordpress\/ -->\n<title>Juodo ir Geltono gintaro apvali\u0173 rutuliuk\u0173 karoliai 8 mm - AmberWithSilver<\/title>\n<meta name=\"description\" content=\"Vyri\u0161ki Juodo ir Geltono gintaro apvali\u0173 rutuliuk\u0173 karoliai 8mm, Black &amp; Yellow amber round beads necklace 8 mm,Black color unpolished Baltic amber,juodo gintaro kolekcija\" \/>\n<meta name=\"robots\" content=\"index, follow, max-snippet:-1, max-image-preview:large, max-video-preview:-1\" \/>\n<link rel=\"canonical\" href=\"https:\/\/amberwithsilver.com\/en\/product\/vyriski-juodo-ir-balto-gintaro-apvaliu-rutuliuku-karoliai\/\" \/>\n<meta property=\"og:locale\" content=\"en_US\" \/>\n<meta property=\"og:type\" content=\"article\" \/>\n<meta property=\"og:title\" content=\"Juodo ir Geltono gintaro apvali\u0173 rutuliuk\u0173 karoliai 8 mm\" \/>\n<meta property=\"og:description\" content=\"Vyri\u0161ki Juodo ir Geltono gintaro apvali\u0173 rutuliuk\u0173 karoliai 8mm, Black &amp; Yellow amber round beads necklace 8 mm,Black color unpolished Baltic amber,juodo gintaro kolekcija\" \/>\n<meta property=\"og:url\" content=\"https:\/\/amberwithsilver.com\/en\/product\/vyriski-juodo-ir-balto-gintaro-apvaliu-rutuliuku-karoliai\/\" \/>\n<meta property=\"og:site_name\" content=\"AmberWithSilver\" \/>\n<meta property=\"article:modified_time\" content=\"2023-07-28T09:25:17+00:00\" \/>\n<meta property=\"og:image\" content=\"https:\/\/amberwithsilver.com\/wp-content\/uploads\/2021\/07\/img_4414.jpeg\" \/>\n\t<meta property=\"og:image:width\" content=\"2144\" \/>\n\t<meta property=\"og:image:height\" content=\"2116\" \/>\n\t<meta property=\"og:image:type\" content=\"image\/jpeg\" \/>\n<meta name=\"twitter:card\" content=\"summary_large_image\" \/>\n<meta name=\"twitter:label1\" content=\"Est. reading time\" \/>\n\t<meta name=\"twitter:data1\" content=\"1 minute\" \/>\n<script type=\"application\/ld+json\" class=\"yoast-schema-graph\">{\"@context\":\"https:\/\/schema.org\",\"@graph\":[{\"@type\":\"WebPage\",\"@id\":\"https:\/\/amberwithsilver.com\/product\/vyriski-juodo-ir-balto-gintaro-apvaliu-rutuliuku-karoliai\/\",\"url\":\"https:\/\/amberwithsilver.com\/product\/vyriski-juodo-ir-balto-gintaro-apvaliu-rutuliuku-karoliai\/\",\"name\":\"Juodo ir Geltono gintaro apvali\u0173 rutuliuk\u0173 karoliai 8 mm - AmberWithSilver\",\"isPartOf\":{\"@id\":\"https:\/\/amberwithsilver.com\/en\/#website\"},\"primaryImageOfPage\":{\"@id\":\"https:\/\/amberwithsilver.com\/product\/vyriski-juodo-ir-balto-gintaro-apvaliu-rutuliuku-karoliai\/#primaryimage\"},\"image\":{\"@id\":\"https:\/\/amberwithsilver.com\/product\/vyriski-juodo-ir-balto-gintaro-apvaliu-rutuliuku-karoliai\/#primaryimage\"},\"thumbnailUrl\":\"https:\/\/amberwithsilver.com\/wp-content\/uploads\/2021\/07\/img_4414.jpeg\",\"datePublished\":\"2021-07-09T06:12:58+00:00\",\"dateModified\":\"2023-07-28T09:25:17+00:00\",\"description\":\"Vyri\u0161ki Juodo ir Geltono gintaro apvali\u0173 rutuliuk\u0173 karoliai 8mm, Black & Yellow amber round beads necklace 8 mm,Black color unpolished Baltic amber,juodo gintaro kolekcija\",\"breadcrumb\":{\"@id\":\"https:\/\/amberwithsilver.com\/product\/vyriski-juodo-ir-balto-gintaro-apvaliu-rutuliuku-karoliai\/#breadcrumb\"},\"inLanguage\":\"en-US\",\"potentialAction\":[{\"@type\":\"ReadAction\",\"target\":[\"https:\/\/amberwithsilver.com\/product\/vyriski-juodo-ir-balto-gintaro-apvaliu-rutuliuku-karoliai\/\"]}]},{\"@type\":\"ImageObject\",\"inLanguage\":\"en-US\",\"@id\":\"https:\/\/amberwithsilver.com\/product\/vyriski-juodo-ir-balto-gintaro-apvaliu-rutuliuku-karoliai\/#primaryimage\",\"url\":\"https:\/\/amberwithsilver.com\/wp-content\/uploads\/2021\/07\/img_4414.jpeg\",\"contentUrl\":\"https:\/\/amberwithsilver.com\/wp-content\/uploads\/2021\/07\/img_4414.jpeg\",\"width\":2144,\"height\":2116,\"caption\":\"Juodo ir Geltono gintaro apvali\u0173 rutuliuk\u0173 karoliai 8 mm,Black & Yellow amber round beads necklace 8 mm\"},{\"@type\":\"BreadcrumbList\",\"@id\":\"https:\/\/amberwithsilver.com\/product\/vyriski-juodo-ir-balto-gintaro-apvaliu-rutuliuku-karoliai\/#breadcrumb\",\"itemListElement\":[{\"@type\":\"ListItem\",\"position\":1,\"name\":\"Home\",\"item\":\"https:\/\/amberwithsilver.com\/\"},{\"@type\":\"ListItem\",\"position\":2,\"name\":\"Parduotuv\u0117\",\"item\":\"https:\/\/amberwithsilver.com\/en\/parduotuve\/\"},{\"@type\":\"ListItem\",\"position\":3,\"name\":\"Juodo ir Geltono gintaro apvali\u0173 rutuliuk\u0173 karoliai 8 mm\"}]},{\"@type\":\"WebSite\",\"@id\":\"https:\/\/amberwithsilver.com\/en\/#website\",\"url\":\"https:\/\/amberwithsilver.com\/en\/\",\"name\":\"AmberWithSilver\",\"description\":\"Amber-Silver\",\"publisher\":{\"@id\":\"https:\/\/amberwithsilver.com\/en\/#organization\"},\"potentialAction\":[{\"@type\":\"SearchAction\",\"target\":{\"@type\":\"EntryPoint\",\"urlTemplate\":\"https:\/\/amberwithsilver.com\/en\/?s={search_term_string}\"},\"query-input\":{\"@type\":\"PropertyValueSpecification\",\"valueRequired\":true,\"valueName\":\"search_term_string\"}}],\"inLanguage\":\"en-US\"},{\"@type\":\"Organization\",\"@id\":\"https:\/\/amberwithsilver.com\/en\/#organization\",\"name\":\"amberwithsilver\",\"url\":\"https:\/\/amberwithsilver.com\/en\/\",\"logo\":{\"@type\":\"ImageObject\",\"inLanguage\":\"en-US\",\"@id\":\"https:\/\/amberwithsilver.com\/en\/#\/schema\/logo\/image\/\",\"url\":\"https:\/\/i0.wp.com\/amberwithsilver.com\/wp-content\/uploads\/2020\/12\/logo.jpg?fit=232%2C116&ssl=1\",\"contentUrl\":\"https:\/\/i0.wp.com\/amberwithsilver.com\/wp-content\/uploads\/2020\/12\/logo.jpg?fit=232%2C116&ssl=1\",\"width\":232,\"height\":116,\"caption\":\"amberwithsilver\"},\"image\":{\"@id\":\"https:\/\/amberwithsilver.com\/en\/#\/schema\/logo\/image\/\"}}]}<\/script>\n<!-- \/ Yoast SEO Premium plugin. -->","yoast_head_json":{"title":"Juodo ir Geltono gintaro apvali\u0173 rutuliuk\u0173 karoliai 8 mm - AmberWithSilver","description":"Vyri\u0161ki Juodo ir Geltono gintaro apvali\u0173 rutuliuk\u0173 karoliai 8mm, Black & Yellow amber round beads necklace 8 mm,Black color unpolished Baltic amber,juodo gintaro kolekcija","robots":{"index":"index","follow":"follow","max-snippet":"max-snippet:-1","max-image-preview":"max-image-preview:large","max-video-preview":"max-video-preview:-1"},"canonical":"https:\/\/amberwithsilver.com\/en\/product\/vyriski-juodo-ir-balto-gintaro-apvaliu-rutuliuku-karoliai\/","og_locale":"en_US","og_type":"article","og_title":"Juodo ir Geltono gintaro apvali\u0173 rutuliuk\u0173 karoliai 8 mm","og_description":"Vyri\u0161ki Juodo ir Geltono gintaro apvali\u0173 rutuliuk\u0173 karoliai 8mm, Black & Yellow amber round beads necklace 8 mm,Black color unpolished Baltic amber,juodo gintaro kolekcija","og_url":"https:\/\/amberwithsilver.com\/en\/product\/vyriski-juodo-ir-balto-gintaro-apvaliu-rutuliuku-karoliai\/","og_site_name":"AmberWithSilver","article_modified_time":"2023-07-28T09:25:17+00:00","og_image":[{"width":2144,"height":2116,"url":"https:\/\/amberwithsilver.com\/wp-content\/uploads\/2021\/07\/img_4414.jpeg","type":"image\/jpeg"}],"twitter_card":"summary_large_image","twitter_misc":{"Est. reading time":"1 minute"},"schema":{"@context":"https:\/\/schema.org","@graph":[{"@type":"WebPage","@id":"https:\/\/amberwithsilver.com\/product\/vyriski-juodo-ir-balto-gintaro-apvaliu-rutuliuku-karoliai\/","url":"https:\/\/amberwithsilver.com\/product\/vyriski-juodo-ir-balto-gintaro-apvaliu-rutuliuku-karoliai\/","name":"Juodo ir Geltono gintaro apvali\u0173 rutuliuk\u0173 karoliai 8 mm - AmberWithSilver","isPartOf":{"@id":"https:\/\/amberwithsilver.com\/en\/#website"},"primaryImageOfPage":{"@id":"https:\/\/amberwithsilver.com\/product\/vyriski-juodo-ir-balto-gintaro-apvaliu-rutuliuku-karoliai\/#primaryimage"},"image":{"@id":"https:\/\/amberwithsilver.com\/product\/vyriski-juodo-ir-balto-gintaro-apvaliu-rutuliuku-karoliai\/#primaryimage"},"thumbnailUrl":"https:\/\/amberwithsilver.com\/wp-content\/uploads\/2021\/07\/img_4414.jpeg","datePublished":"2021-07-09T06:12:58+00:00","dateModified":"2023-07-28T09:25:17+00:00","description":"Vyri\u0161ki Juodo ir Geltono gintaro apvali\u0173 rutuliuk\u0173 karoliai 8mm, Black & Yellow amber round beads necklace 8 mm,Black color unpolished Baltic amber,juodo gintaro kolekcija","breadcrumb":{"@id":"https:\/\/amberwithsilver.com\/product\/vyriski-juodo-ir-balto-gintaro-apvaliu-rutuliuku-karoliai\/#breadcrumb"},"inLanguage":"en-US","potentialAction":[{"@type":"ReadAction","target":["https:\/\/amberwithsilver.com\/product\/vyriski-juodo-ir-balto-gintaro-apvaliu-rutuliuku-karoliai\/"]}]},{"@type":"ImageObject","inLanguage":"en-US","@id":"https:\/\/amberwithsilver.com\/product\/vyriski-juodo-ir-balto-gintaro-apvaliu-rutuliuku-karoliai\/#primaryimage","url":"https:\/\/amberwithsilver.com\/wp-content\/uploads\/2021\/07\/img_4414.jpeg","contentUrl":"https:\/\/amberwithsilver.com\/wp-content\/uploads\/2021\/07\/img_4414.jpeg","width":2144,"height":2116,"caption":"Juodo ir Geltono gintaro apvali\u0173 rutuliuk\u0173 karoliai 8 mm,Black & Yellow amber round beads necklace 8 mm"},{"@type":"BreadcrumbList","@id":"https:\/\/amberwithsilver.com\/product\/vyriski-juodo-ir-balto-gintaro-apvaliu-rutuliuku-karoliai\/#breadcrumb","itemListElement":[{"@type":"ListItem","position":1,"name":"Home","item":"https:\/\/amberwithsilver.com\/"},{"@type":"ListItem","position":2,"name":"Parduotuv\u0117","item":"https:\/\/amberwithsilver.com\/en\/parduotuve\/"},{"@type":"ListItem","position":3,"name":"Juodo ir Geltono gintaro apvali\u0173 rutuliuk\u0173 karoliai 8 mm"}]},{"@type":"WebSite","@id":"https:\/\/amberwithsilver.com\/en\/#website","url":"https:\/\/amberwithsilver.com\/en\/","name":"AmberWithSilver","description":"Amber-Silver","publisher":{"@id":"https:\/\/amberwithsilver.com\/en\/#organization"},"potentialAction":[{"@type":"SearchAction","target":{"@type":"EntryPoint","urlTemplate":"https:\/\/amberwithsilver.com\/en\/?s={search_term_string}"},"query-input":{"@type":"PropertyValueSpecification","valueRequired":true,"valueName":"search_term_string"}}],"inLanguage":"en-US"},{"@type":"Organization","@id":"https:\/\/amberwithsilver.com\/en\/#organization","name":"amberwithsilver","url":"https:\/\/amberwithsilver.com\/en\/","logo":{"@type":"ImageObject","inLanguage":"en-US","@id":"https:\/\/amberwithsilver.com\/en\/#\/schema\/logo\/image\/","url":"https:\/\/i0.wp.com\/amberwithsilver.com\/wp-content\/uploads\/2020\/12\/logo.jpg?fit=232%2C116&ssl=1","contentUrl":"https:\/\/i0.wp.com\/amberwithsilver.com\/wp-content\/uploads\/2020\/12\/logo.jpg?fit=232%2C116&ssl=1","width":232,"height":116,"caption":"amberwithsilver"},"image":{"@id":"https:\/\/amberwithsilver.com\/en\/#\/schema\/logo\/image\/"}}]}},"jetpack_sharing_enabled":true,"_links":{"self":[{"href":"https:\/\/amberwithsilver.com\/en\/wp-json\/wp\/v2\/product\/1573","targetHints":{"allow":["GET"]}}],"collection":[{"href":"https:\/\/amberwithsilver.com\/en\/wp-json\/wp\/v2\/product"}],"about":[{"href":"https:\/\/amberwithsilver.com\/en\/wp-json\/wp\/v2\/types\/product"}],"replies":[{"embeddable":true,"href":"https:\/\/amberwithsilver.com\/en\/wp-json\/wp\/v2\/comments?post=1573"}],"version-history":[{"count":0,"href":"https:\/\/amberwithsilver.com\/en\/wp-json\/wp\/v2\/product\/1573\/revisions"}],"wp:featuredmedia":[{"embeddable":true,"href":"https:\/\/amberwithsilver.com\/en\/wp-json\/wp\/v2\/media\/1577"}],"wp:attachment":[{"href":"https:\/\/amberwithsilver.com\/en\/wp-json\/wp\/v2\/media?parent=1573"}],"wp:term":[{"taxonomy":"product_brand","embeddable":true,"href":"https:\/\/amberwithsilver.com\/en\/wp-json\/wp\/v2\/product_brand?post=1573"},{"taxonomy":"product_cat","embeddable":true,"href":"https:\/\/amberwithsilver.com\/en\/wp-json\/wp\/v2\/product_cat?post=1573"},{"taxonomy":"product_tag","embeddable":true,"href":"https:\/\/amberwithsilver.com\/en\/wp-json\/wp\/v2\/product_tag?post=1573"}],"curies":[{"name":"wp","href":"https:\/\/api.w.org\/{rel}","templated":true}]}}