{"id":1579,"date":"2021-07-10T19:32:34","date_gmt":"2021-07-10T17:32:34","guid":{"rendered":"http:\/\/amberwithsilver.com\/?post_type=product&#038;p=1579"},"modified":"2021-08-10T11:00:17","modified_gmt":"2021-08-10T09:00:17","slug":"gintaro-medis-9-cm","status":"publish","type":"product","link":"https:\/\/amberwithsilver.com\/en\/product\/gintaro-medis-9-cm\/","title":{"rendered":"Amber tree 9 cm"},"content":{"rendered":"<p>Amber tree 9 cm. This is a handmade Baltic Amber Tree which symbolises Lithuanian oak. Carefully selected freeform amber pieces perfectly combine with each other. This is a great gift for family members, friends or business partners, who appreciate Lithuanian culture. This amber souvenir should find a place in every harmonious family home. Amber Tree will not only decorate the house, but will also protect against evil with its organic energy, will bring happiness, love and endless harmony to the family. We pack the Amber Tree in a hard carton, so it is convenient and safe to export.<\/p>\n<p>Attention! Tree shape, leaflet layout and colors may differ from the ones in the picture. Each Tree is one-piece handmade by experienced masters.<\/p>","protected":false},"excerpt":{"rendered":"<p>Amber tree 9 cm. This is a handmade Baltic Amber Tree which symbolises Lithuanian oak. Carefully selected freeform amber pieces perfectly combine with each other. This is a great gift for family members, friends or business partners, who appreciate Lithuanian culture. This amber souvenir should find a place in every harmonious family home. Amber Tree will not only decorate the house, but will also protect against evil with its organic energy, will bring happiness, love and endless harmony to the family. We pack the Amber Tree in a hard carton, so it is convenient and safe to export.<\/p>\n<p>Attention! Tree shape, leaflet layout and colors may differ from the ones in the picture. Each Tree is one-piece handmade by experienced masters.<\/p>","protected":false},"featured_media":1581,"comment_status":"open","ping_status":"closed","template":"","meta":[],"product_brand":[],"product_cat":[46,45],"product_tag":[376,377,378,379,380,381],"class_list":{"0":"post-1579","1":"product","2":"type-product","3":"status-publish","4":"has-post-thumbnail","6":"product_cat-gintaro-medziai","7":"product_cat-gintaro-suvenyrai","8":"product_tag-gintaro-medis-9-cm","9":"product_tag-baltijos-gintaro-medis","10":"product_tag-baltic-amber-tree","11":"product_tag-handmade-amber-tree","12":"product_tag-ranku-darbo-gintarinis-medis","13":"product_tag-visi","15":"first","16":"instock","17":"taxable","18":"shipping-taxable","19":"purchasable","20":"product-type-simple"},"yoast_head":"<!-- This site is optimized with the Yoast SEO Premium plugin v23.4 (Yoast SEO v26.8) - https:\/\/yoast.com\/product\/yoast-seo-premium-wordpress\/ -->\n<title>Gintaro medis 9 cm - AmberWithSilver<\/title>\n<meta name=\"description\" content=\"Gintaro, Baltijos gintaro medis,Baltic amber tree,Handmade amber tree, Rank\u0173 darbo gintarinis medis,Lithuanian amber oak,gintarinis \u0105\u017euolas\" \/>\n<meta name=\"robots\" content=\"index, follow, max-snippet:-1, max-image-preview:large, max-video-preview:-1\" \/>\n<link rel=\"canonical\" href=\"https:\/\/amberwithsilver.com\/en\/product\/gintaro-medis-9-cm\/\" \/>\n<meta property=\"og:locale\" content=\"en_US\" \/>\n<meta property=\"og:type\" content=\"article\" \/>\n<meta property=\"og:title\" content=\"Gintaro medis 9 cm\" \/>\n<meta property=\"og:description\" content=\"Gintaro, Baltijos gintaro medis,Baltic amber tree,Handmade amber tree, Rank\u0173 darbo gintarinis medis,Lithuanian amber oak,gintarinis \u0105\u017euolas\" \/>\n<meta property=\"og:url\" content=\"https:\/\/amberwithsilver.com\/en\/product\/gintaro-medis-9-cm\/\" \/>\n<meta property=\"og:site_name\" content=\"AmberWithSilver\" \/>\n<meta property=\"article:modified_time\" content=\"2021-08-10T09:00:17+00:00\" \/>\n<meta property=\"og:image\" content=\"https:\/\/amberwithsilver.com\/wp-content\/uploads\/2021\/07\/img_4419.jpeg\" \/>\n\t<meta property=\"og:image:width\" content=\"2189\" \/>\n\t<meta property=\"og:image:height\" content=\"2415\" \/>\n\t<meta property=\"og:image:type\" content=\"image\/jpeg\" \/>\n<meta name=\"twitter:card\" content=\"summary_large_image\" \/>\n<meta name=\"twitter:label1\" content=\"Est. reading time\" \/>\n\t<meta name=\"twitter:data1\" content=\"1 minute\" \/>\n<script type=\"application\/ld+json\" class=\"yoast-schema-graph\">{\"@context\":\"https:\/\/schema.org\",\"@graph\":[{\"@type\":\"WebPage\",\"@id\":\"https:\/\/amberwithsilver.com\/product\/gintaro-medis-9-cm\/\",\"url\":\"https:\/\/amberwithsilver.com\/product\/gintaro-medis-9-cm\/\",\"name\":\"Gintaro medis 9 cm - AmberWithSilver\",\"isPartOf\":{\"@id\":\"https:\/\/amberwithsilver.com\/en\/#website\"},\"primaryImageOfPage\":{\"@id\":\"https:\/\/amberwithsilver.com\/product\/gintaro-medis-9-cm\/#primaryimage\"},\"image\":{\"@id\":\"https:\/\/amberwithsilver.com\/product\/gintaro-medis-9-cm\/#primaryimage\"},\"thumbnailUrl\":\"https:\/\/amberwithsilver.com\/wp-content\/uploads\/2021\/07\/img_4419.jpeg\",\"datePublished\":\"2021-07-10T17:32:34+00:00\",\"dateModified\":\"2021-08-10T09:00:17+00:00\",\"description\":\"Gintaro, Baltijos gintaro medis,Baltic amber tree,Handmade amber tree, Rank\u0173 darbo gintarinis medis,Lithuanian amber oak,gintarinis \u0105\u017euolas\",\"breadcrumb\":{\"@id\":\"https:\/\/amberwithsilver.com\/product\/gintaro-medis-9-cm\/#breadcrumb\"},\"inLanguage\":\"en-US\",\"potentialAction\":[{\"@type\":\"ReadAction\",\"target\":[\"https:\/\/amberwithsilver.com\/product\/gintaro-medis-9-cm\/\"]}]},{\"@type\":\"ImageObject\",\"inLanguage\":\"en-US\",\"@id\":\"https:\/\/amberwithsilver.com\/product\/gintaro-medis-9-cm\/#primaryimage\",\"url\":\"https:\/\/amberwithsilver.com\/wp-content\/uploads\/2021\/07\/img_4419.jpeg\",\"contentUrl\":\"https:\/\/amberwithsilver.com\/wp-content\/uploads\/2021\/07\/img_4419.jpeg\",\"width\":2189,\"height\":2415,\"caption\":\"Gintaro medis 9 cm, Handmande amber tree 9cm\"},{\"@type\":\"BreadcrumbList\",\"@id\":\"https:\/\/amberwithsilver.com\/product\/gintaro-medis-9-cm\/#breadcrumb\",\"itemListElement\":[{\"@type\":\"ListItem\",\"position\":1,\"name\":\"Home\",\"item\":\"https:\/\/amberwithsilver.com\/\"},{\"@type\":\"ListItem\",\"position\":2,\"name\":\"Parduotuv\u0117\",\"item\":\"https:\/\/amberwithsilver.com\/en\/parduotuve\/\"},{\"@type\":\"ListItem\",\"position\":3,\"name\":\"Gintaro medis 9 cm\"}]},{\"@type\":\"WebSite\",\"@id\":\"https:\/\/amberwithsilver.com\/en\/#website\",\"url\":\"https:\/\/amberwithsilver.com\/en\/\",\"name\":\"AmberWithSilver\",\"description\":\"Amber-Silver\",\"publisher\":{\"@id\":\"https:\/\/amberwithsilver.com\/en\/#organization\"},\"potentialAction\":[{\"@type\":\"SearchAction\",\"target\":{\"@type\":\"EntryPoint\",\"urlTemplate\":\"https:\/\/amberwithsilver.com\/en\/?s={search_term_string}\"},\"query-input\":{\"@type\":\"PropertyValueSpecification\",\"valueRequired\":true,\"valueName\":\"search_term_string\"}}],\"inLanguage\":\"en-US\"},{\"@type\":\"Organization\",\"@id\":\"https:\/\/amberwithsilver.com\/en\/#organization\",\"name\":\"amberwithsilver\",\"url\":\"https:\/\/amberwithsilver.com\/en\/\",\"logo\":{\"@type\":\"ImageObject\",\"inLanguage\":\"en-US\",\"@id\":\"https:\/\/amberwithsilver.com\/en\/#\/schema\/logo\/image\/\",\"url\":\"https:\/\/i0.wp.com\/amberwithsilver.com\/wp-content\/uploads\/2020\/12\/logo.jpg?fit=232%2C116&ssl=1\",\"contentUrl\":\"https:\/\/i0.wp.com\/amberwithsilver.com\/wp-content\/uploads\/2020\/12\/logo.jpg?fit=232%2C116&ssl=1\",\"width\":232,\"height\":116,\"caption\":\"amberwithsilver\"},\"image\":{\"@id\":\"https:\/\/amberwithsilver.com\/en\/#\/schema\/logo\/image\/\"}}]}<\/script>\n<!-- \/ Yoast SEO Premium plugin. -->","yoast_head_json":{"title":"Gintaro medis 9 cm - AmberWithSilver","description":"Gintaro, Baltijos gintaro medis,Baltic amber tree,Handmade amber tree, Rank\u0173 darbo gintarinis medis,Lithuanian amber oak,gintarinis \u0105\u017euolas","robots":{"index":"index","follow":"follow","max-snippet":"max-snippet:-1","max-image-preview":"max-image-preview:large","max-video-preview":"max-video-preview:-1"},"canonical":"https:\/\/amberwithsilver.com\/en\/product\/gintaro-medis-9-cm\/","og_locale":"en_US","og_type":"article","og_title":"Gintaro medis 9 cm","og_description":"Gintaro, Baltijos gintaro medis,Baltic amber tree,Handmade amber tree, Rank\u0173 darbo gintarinis medis,Lithuanian amber oak,gintarinis \u0105\u017euolas","og_url":"https:\/\/amberwithsilver.com\/en\/product\/gintaro-medis-9-cm\/","og_site_name":"AmberWithSilver","article_modified_time":"2021-08-10T09:00:17+00:00","og_image":[{"width":2189,"height":2415,"url":"https:\/\/amberwithsilver.com\/wp-content\/uploads\/2021\/07\/img_4419.jpeg","type":"image\/jpeg"}],"twitter_card":"summary_large_image","twitter_misc":{"Est. reading time":"1 minute"},"schema":{"@context":"https:\/\/schema.org","@graph":[{"@type":"WebPage","@id":"https:\/\/amberwithsilver.com\/product\/gintaro-medis-9-cm\/","url":"https:\/\/amberwithsilver.com\/product\/gintaro-medis-9-cm\/","name":"Gintaro medis 9 cm - AmberWithSilver","isPartOf":{"@id":"https:\/\/amberwithsilver.com\/en\/#website"},"primaryImageOfPage":{"@id":"https:\/\/amberwithsilver.com\/product\/gintaro-medis-9-cm\/#primaryimage"},"image":{"@id":"https:\/\/amberwithsilver.com\/product\/gintaro-medis-9-cm\/#primaryimage"},"thumbnailUrl":"https:\/\/amberwithsilver.com\/wp-content\/uploads\/2021\/07\/img_4419.jpeg","datePublished":"2021-07-10T17:32:34+00:00","dateModified":"2021-08-10T09:00:17+00:00","description":"Gintaro, Baltijos gintaro medis,Baltic amber tree,Handmade amber tree, Rank\u0173 darbo gintarinis medis,Lithuanian amber oak,gintarinis \u0105\u017euolas","breadcrumb":{"@id":"https:\/\/amberwithsilver.com\/product\/gintaro-medis-9-cm\/#breadcrumb"},"inLanguage":"en-US","potentialAction":[{"@type":"ReadAction","target":["https:\/\/amberwithsilver.com\/product\/gintaro-medis-9-cm\/"]}]},{"@type":"ImageObject","inLanguage":"en-US","@id":"https:\/\/amberwithsilver.com\/product\/gintaro-medis-9-cm\/#primaryimage","url":"https:\/\/amberwithsilver.com\/wp-content\/uploads\/2021\/07\/img_4419.jpeg","contentUrl":"https:\/\/amberwithsilver.com\/wp-content\/uploads\/2021\/07\/img_4419.jpeg","width":2189,"height":2415,"caption":"Gintaro medis 9 cm, Handmande amber tree 9cm"},{"@type":"BreadcrumbList","@id":"https:\/\/amberwithsilver.com\/product\/gintaro-medis-9-cm\/#breadcrumb","itemListElement":[{"@type":"ListItem","position":1,"name":"Home","item":"https:\/\/amberwithsilver.com\/"},{"@type":"ListItem","position":2,"name":"Parduotuv\u0117","item":"https:\/\/amberwithsilver.com\/en\/parduotuve\/"},{"@type":"ListItem","position":3,"name":"Gintaro medis 9 cm"}]},{"@type":"WebSite","@id":"https:\/\/amberwithsilver.com\/en\/#website","url":"https:\/\/amberwithsilver.com\/en\/","name":"AmberWithSilver","description":"Amber-Silver","publisher":{"@id":"https:\/\/amberwithsilver.com\/en\/#organization"},"potentialAction":[{"@type":"SearchAction","target":{"@type":"EntryPoint","urlTemplate":"https:\/\/amberwithsilver.com\/en\/?s={search_term_string}"},"query-input":{"@type":"PropertyValueSpecification","valueRequired":true,"valueName":"search_term_string"}}],"inLanguage":"en-US"},{"@type":"Organization","@id":"https:\/\/amberwithsilver.com\/en\/#organization","name":"amberwithsilver","url":"https:\/\/amberwithsilver.com\/en\/","logo":{"@type":"ImageObject","inLanguage":"en-US","@id":"https:\/\/amberwithsilver.com\/en\/#\/schema\/logo\/image\/","url":"https:\/\/i0.wp.com\/amberwithsilver.com\/wp-content\/uploads\/2020\/12\/logo.jpg?fit=232%2C116&ssl=1","contentUrl":"https:\/\/i0.wp.com\/amberwithsilver.com\/wp-content\/uploads\/2020\/12\/logo.jpg?fit=232%2C116&ssl=1","width":232,"height":116,"caption":"amberwithsilver"},"image":{"@id":"https:\/\/amberwithsilver.com\/en\/#\/schema\/logo\/image\/"}}]}},"jetpack_sharing_enabled":true,"_links":{"self":[{"href":"https:\/\/amberwithsilver.com\/en\/wp-json\/wp\/v2\/product\/1579","targetHints":{"allow":["GET"]}}],"collection":[{"href":"https:\/\/amberwithsilver.com\/en\/wp-json\/wp\/v2\/product"}],"about":[{"href":"https:\/\/amberwithsilver.com\/en\/wp-json\/wp\/v2\/types\/product"}],"replies":[{"embeddable":true,"href":"https:\/\/amberwithsilver.com\/en\/wp-json\/wp\/v2\/comments?post=1579"}],"version-history":[{"count":0,"href":"https:\/\/amberwithsilver.com\/en\/wp-json\/wp\/v2\/product\/1579\/revisions"}],"wp:featuredmedia":[{"embeddable":true,"href":"https:\/\/amberwithsilver.com\/en\/wp-json\/wp\/v2\/media\/1581"}],"wp:attachment":[{"href":"https:\/\/amberwithsilver.com\/en\/wp-json\/wp\/v2\/media?parent=1579"}],"wp:term":[{"taxonomy":"product_brand","embeddable":true,"href":"https:\/\/amberwithsilver.com\/en\/wp-json\/wp\/v2\/product_brand?post=1579"},{"taxonomy":"product_cat","embeddable":true,"href":"https:\/\/amberwithsilver.com\/en\/wp-json\/wp\/v2\/product_cat?post=1579"},{"taxonomy":"product_tag","embeddable":true,"href":"https:\/\/amberwithsilver.com\/en\/wp-json\/wp\/v2\/product_tag?post=1579"}],"curies":[{"name":"wp","href":"https:\/\/api.w.org\/{rel}","templated":true}]}}