{"id":1633,"date":"2021-09-09T14:56:35","date_gmt":"2021-09-09T12:56:35","guid":{"rendered":"http:\/\/amberwithsilver.com\/?post_type=product&#038;p=1633"},"modified":"2023-09-18T17:27:45","modified_gmt":"2023-09-18T15:27:45","slug":"musulmoniskas-geltono-gintaro-rozinis-8-mm","status":"publish","type":"product","link":"https:\/\/amberwithsilver.com\/en\/product\/musulmoniskas-geltono-gintaro-rozinis-8-mm\/","title":{"rendered":"Milky amber round beads Muslim rosary 8 mm"},"content":{"rendered":"<p>Milky amber round beads Muslim rosary 8 mm.<\/p>\n<div class=\"short-description\">\n<ul>\n<li>Round shape Baltic amber beads<\/li>\n<li>Yellow, milky colors<\/li>\n<li>66 pieces of amber beads<\/li>\n<li>Bead size: 8 mm | 0,31 inches<\/li>\n<li>Weight: ~27,2 grams<\/li>\n<\/ul>\n<p>*Please note that the color of the product may vary slightly from that shown in the photo, depending on the monitor used by the Buyer and the lighting settings in the photos.<\/p>\n<\/div>","protected":false},"excerpt":{"rendered":"<p>Milky amber round beads Muslim rosary 8 mm.<\/p>\n<div class=\"short-description\">\n<ul>\n<li>Round shape Baltic amber beads<\/li>\n<li>Yellow, milky colors<\/li>\n<li>66 pieces of amber beads<\/li>\n<li>Bead size: 8 mm | 0,31 inches<\/li>\n<li>Weight: ~27,2 grams<\/li>\n<\/ul>\n<p>*Please note that the color of the product may vary slightly from that shown in the photo, depending on the monitor used by the Buyer and the lighting settings in the photos.<\/p>\n<\/div>","protected":false},"featured_media":1641,"comment_status":"open","ping_status":"closed","template":"","meta":[],"product_brand":[],"product_cat":[39,23],"product_tag":[382,383,384,385,386,387],"class_list":{"0":"post-1633","1":"product","2":"type-product","3":"status-publish","4":"has-post-thumbnail","6":"product_cat-musulmoniski-gintaro-roziniai","7":"product_cat-gintariniai-maldos-karoliai","8":"product_tag-musulmoniskas-geltono-gintaro-rozinis-8-mm","9":"product_tag-milky-amber-round-beads-muslim-rosary-8-mm","10":"product_tag-prayer-muslim-beads","11":"product_tag-musulmoniski-maldos-karoliukai","12":"product_tag-baltijos-gintaro-musulmoniskas-rozinis","13":"product_tag-baltic-amber-muslim-rosary","15":"first","16":"instock","17":"taxable","18":"shipping-taxable","19":"purchasable","20":"product-type-simple"},"yoast_head":"<!-- This site is optimized with the Yoast SEO Premium plugin v23.4 (Yoast SEO v26.8) - https:\/\/yoast.com\/product\/yoast-seo-premium-wordpress\/ -->\n<title>Musulmoni\u0161kas geltono gintaro ro\u017einis 8 mm - AmberWithSilver<\/title>\n<meta name=\"description\" content=\"Musulmoni\u0161kas geltono gintaro ro\u017einis 8 mm,Muslim rosary 8 mm,Prayer Muslim beads,Musulmoni\u0161ki maldos karoliukai,Baltijos, Baltic amber rosary\" \/>\n<meta name=\"robots\" content=\"index, follow, max-snippet:-1, max-image-preview:large, max-video-preview:-1\" \/>\n<link rel=\"canonical\" href=\"https:\/\/amberwithsilver.com\/en\/product\/musulmoniskas-geltono-gintaro-rozinis-8-mm\/\" \/>\n<meta property=\"og:locale\" content=\"en_US\" \/>\n<meta property=\"og:type\" content=\"article\" \/>\n<meta property=\"og:title\" content=\"Musulmoni\u0161kas geltono gintaro ro\u017einis 8 mm\" \/>\n<meta property=\"og:description\" content=\"Musulmoni\u0161kas geltono gintaro ro\u017einis 8 mm,Muslim rosary 8 mm,Prayer Muslim beads,Musulmoni\u0161ki maldos karoliukai,Baltijos, Baltic amber rosary\" \/>\n<meta property=\"og:url\" content=\"https:\/\/amberwithsilver.com\/en\/product\/musulmoniskas-geltono-gintaro-rozinis-8-mm\/\" \/>\n<meta property=\"og:site_name\" content=\"AmberWithSilver\" \/>\n<meta property=\"article:modified_time\" content=\"2023-09-18T15:27:45+00:00\" \/>\n<meta property=\"og:image\" content=\"https:\/\/amberwithsilver.com\/wp-content\/uploads\/2021\/09\/img_6799.jpeg\" \/>\n\t<meta property=\"og:image:width\" content=\"1872\" \/>\n\t<meta property=\"og:image:height\" content=\"1926\" \/>\n\t<meta property=\"og:image:type\" content=\"image\/jpeg\" \/>\n<meta name=\"twitter:card\" content=\"summary_large_image\" \/>\n<meta name=\"twitter:label1\" content=\"Est. reading time\" \/>\n\t<meta name=\"twitter:data1\" content=\"1 minute\" \/>\n<script type=\"application\/ld+json\" class=\"yoast-schema-graph\">{\"@context\":\"https:\/\/schema.org\",\"@graph\":[{\"@type\":\"WebPage\",\"@id\":\"https:\/\/amberwithsilver.com\/product\/musulmoniskas-geltono-gintaro-rozinis-8-mm\/\",\"url\":\"https:\/\/amberwithsilver.com\/product\/musulmoniskas-geltono-gintaro-rozinis-8-mm\/\",\"name\":\"Musulmoni\u0161kas geltono gintaro ro\u017einis 8 mm - AmberWithSilver\",\"isPartOf\":{\"@id\":\"https:\/\/amberwithsilver.com\/en\/#website\"},\"primaryImageOfPage\":{\"@id\":\"https:\/\/amberwithsilver.com\/product\/musulmoniskas-geltono-gintaro-rozinis-8-mm\/#primaryimage\"},\"image\":{\"@id\":\"https:\/\/amberwithsilver.com\/product\/musulmoniskas-geltono-gintaro-rozinis-8-mm\/#primaryimage\"},\"thumbnailUrl\":\"https:\/\/amberwithsilver.com\/wp-content\/uploads\/2021\/09\/img_6799.jpeg\",\"datePublished\":\"2021-09-09T12:56:35+00:00\",\"dateModified\":\"2023-09-18T15:27:45+00:00\",\"description\":\"Musulmoni\u0161kas geltono gintaro ro\u017einis 8 mm,Muslim rosary 8 mm,Prayer Muslim beads,Musulmoni\u0161ki maldos karoliukai,Baltijos, Baltic amber rosary\",\"breadcrumb\":{\"@id\":\"https:\/\/amberwithsilver.com\/product\/musulmoniskas-geltono-gintaro-rozinis-8-mm\/#breadcrumb\"},\"inLanguage\":\"en-US\",\"potentialAction\":[{\"@type\":\"ReadAction\",\"target\":[\"https:\/\/amberwithsilver.com\/product\/musulmoniskas-geltono-gintaro-rozinis-8-mm\/\"]}]},{\"@type\":\"ImageObject\",\"inLanguage\":\"en-US\",\"@id\":\"https:\/\/amberwithsilver.com\/product\/musulmoniskas-geltono-gintaro-rozinis-8-mm\/#primaryimage\",\"url\":\"https:\/\/amberwithsilver.com\/wp-content\/uploads\/2021\/09\/img_6799.jpeg\",\"contentUrl\":\"https:\/\/amberwithsilver.com\/wp-content\/uploads\/2021\/09\/img_6799.jpeg\",\"width\":1872,\"height\":1926,\"caption\":\"Musulmoni\u0161kas geltono gintaro ro\u017einis 8 mm, Milky amber round beads Muslim rosary 8 mm\"},{\"@type\":\"BreadcrumbList\",\"@id\":\"https:\/\/amberwithsilver.com\/product\/musulmoniskas-geltono-gintaro-rozinis-8-mm\/#breadcrumb\",\"itemListElement\":[{\"@type\":\"ListItem\",\"position\":1,\"name\":\"Home\",\"item\":\"https:\/\/amberwithsilver.com\/\"},{\"@type\":\"ListItem\",\"position\":2,\"name\":\"Parduotuv\u0117\",\"item\":\"https:\/\/amberwithsilver.com\/en\/parduotuve\/\"},{\"@type\":\"ListItem\",\"position\":3,\"name\":\"Musulmoni\u0161kas geltono gintaro ro\u017einis 8 mm\"}]},{\"@type\":\"WebSite\",\"@id\":\"https:\/\/amberwithsilver.com\/en\/#website\",\"url\":\"https:\/\/amberwithsilver.com\/en\/\",\"name\":\"AmberWithSilver\",\"description\":\"Amber-Silver\",\"publisher\":{\"@id\":\"https:\/\/amberwithsilver.com\/en\/#organization\"},\"potentialAction\":[{\"@type\":\"SearchAction\",\"target\":{\"@type\":\"EntryPoint\",\"urlTemplate\":\"https:\/\/amberwithsilver.com\/en\/?s={search_term_string}\"},\"query-input\":{\"@type\":\"PropertyValueSpecification\",\"valueRequired\":true,\"valueName\":\"search_term_string\"}}],\"inLanguage\":\"en-US\"},{\"@type\":\"Organization\",\"@id\":\"https:\/\/amberwithsilver.com\/en\/#organization\",\"name\":\"amberwithsilver\",\"url\":\"https:\/\/amberwithsilver.com\/en\/\",\"logo\":{\"@type\":\"ImageObject\",\"inLanguage\":\"en-US\",\"@id\":\"https:\/\/amberwithsilver.com\/en\/#\/schema\/logo\/image\/\",\"url\":\"https:\/\/i0.wp.com\/amberwithsilver.com\/wp-content\/uploads\/2020\/12\/logo.jpg?fit=232%2C116&ssl=1\",\"contentUrl\":\"https:\/\/i0.wp.com\/amberwithsilver.com\/wp-content\/uploads\/2020\/12\/logo.jpg?fit=232%2C116&ssl=1\",\"width\":232,\"height\":116,\"caption\":\"amberwithsilver\"},\"image\":{\"@id\":\"https:\/\/amberwithsilver.com\/en\/#\/schema\/logo\/image\/\"}}]}<\/script>\n<!-- \/ Yoast SEO Premium plugin. -->","yoast_head_json":{"title":"Musulmoni\u0161kas geltono gintaro ro\u017einis 8 mm - AmberWithSilver","description":"Musulmoni\u0161kas geltono gintaro ro\u017einis 8 mm,Muslim rosary 8 mm,Prayer Muslim beads,Musulmoni\u0161ki maldos karoliukai,Baltijos, Baltic amber rosary","robots":{"index":"index","follow":"follow","max-snippet":"max-snippet:-1","max-image-preview":"max-image-preview:large","max-video-preview":"max-video-preview:-1"},"canonical":"https:\/\/amberwithsilver.com\/en\/product\/musulmoniskas-geltono-gintaro-rozinis-8-mm\/","og_locale":"en_US","og_type":"article","og_title":"Musulmoni\u0161kas geltono gintaro ro\u017einis 8 mm","og_description":"Musulmoni\u0161kas geltono gintaro ro\u017einis 8 mm,Muslim rosary 8 mm,Prayer Muslim beads,Musulmoni\u0161ki maldos karoliukai,Baltijos, Baltic amber rosary","og_url":"https:\/\/amberwithsilver.com\/en\/product\/musulmoniskas-geltono-gintaro-rozinis-8-mm\/","og_site_name":"AmberWithSilver","article_modified_time":"2023-09-18T15:27:45+00:00","og_image":[{"width":1872,"height":1926,"url":"https:\/\/amberwithsilver.com\/wp-content\/uploads\/2021\/09\/img_6799.jpeg","type":"image\/jpeg"}],"twitter_card":"summary_large_image","twitter_misc":{"Est. reading time":"1 minute"},"schema":{"@context":"https:\/\/schema.org","@graph":[{"@type":"WebPage","@id":"https:\/\/amberwithsilver.com\/product\/musulmoniskas-geltono-gintaro-rozinis-8-mm\/","url":"https:\/\/amberwithsilver.com\/product\/musulmoniskas-geltono-gintaro-rozinis-8-mm\/","name":"Musulmoni\u0161kas geltono gintaro ro\u017einis 8 mm - AmberWithSilver","isPartOf":{"@id":"https:\/\/amberwithsilver.com\/en\/#website"},"primaryImageOfPage":{"@id":"https:\/\/amberwithsilver.com\/product\/musulmoniskas-geltono-gintaro-rozinis-8-mm\/#primaryimage"},"image":{"@id":"https:\/\/amberwithsilver.com\/product\/musulmoniskas-geltono-gintaro-rozinis-8-mm\/#primaryimage"},"thumbnailUrl":"https:\/\/amberwithsilver.com\/wp-content\/uploads\/2021\/09\/img_6799.jpeg","datePublished":"2021-09-09T12:56:35+00:00","dateModified":"2023-09-18T15:27:45+00:00","description":"Musulmoni\u0161kas geltono gintaro ro\u017einis 8 mm,Muslim rosary 8 mm,Prayer Muslim beads,Musulmoni\u0161ki maldos karoliukai,Baltijos, Baltic amber rosary","breadcrumb":{"@id":"https:\/\/amberwithsilver.com\/product\/musulmoniskas-geltono-gintaro-rozinis-8-mm\/#breadcrumb"},"inLanguage":"en-US","potentialAction":[{"@type":"ReadAction","target":["https:\/\/amberwithsilver.com\/product\/musulmoniskas-geltono-gintaro-rozinis-8-mm\/"]}]},{"@type":"ImageObject","inLanguage":"en-US","@id":"https:\/\/amberwithsilver.com\/product\/musulmoniskas-geltono-gintaro-rozinis-8-mm\/#primaryimage","url":"https:\/\/amberwithsilver.com\/wp-content\/uploads\/2021\/09\/img_6799.jpeg","contentUrl":"https:\/\/amberwithsilver.com\/wp-content\/uploads\/2021\/09\/img_6799.jpeg","width":1872,"height":1926,"caption":"Musulmoni\u0161kas geltono gintaro ro\u017einis 8 mm, Milky amber round beads Muslim rosary 8 mm"},{"@type":"BreadcrumbList","@id":"https:\/\/amberwithsilver.com\/product\/musulmoniskas-geltono-gintaro-rozinis-8-mm\/#breadcrumb","itemListElement":[{"@type":"ListItem","position":1,"name":"Home","item":"https:\/\/amberwithsilver.com\/"},{"@type":"ListItem","position":2,"name":"Parduotuv\u0117","item":"https:\/\/amberwithsilver.com\/en\/parduotuve\/"},{"@type":"ListItem","position":3,"name":"Musulmoni\u0161kas geltono gintaro ro\u017einis 8 mm"}]},{"@type":"WebSite","@id":"https:\/\/amberwithsilver.com\/en\/#website","url":"https:\/\/amberwithsilver.com\/en\/","name":"AmberWithSilver","description":"Amber-Silver","publisher":{"@id":"https:\/\/amberwithsilver.com\/en\/#organization"},"potentialAction":[{"@type":"SearchAction","target":{"@type":"EntryPoint","urlTemplate":"https:\/\/amberwithsilver.com\/en\/?s={search_term_string}"},"query-input":{"@type":"PropertyValueSpecification","valueRequired":true,"valueName":"search_term_string"}}],"inLanguage":"en-US"},{"@type":"Organization","@id":"https:\/\/amberwithsilver.com\/en\/#organization","name":"amberwithsilver","url":"https:\/\/amberwithsilver.com\/en\/","logo":{"@type":"ImageObject","inLanguage":"en-US","@id":"https:\/\/amberwithsilver.com\/en\/#\/schema\/logo\/image\/","url":"https:\/\/i0.wp.com\/amberwithsilver.com\/wp-content\/uploads\/2020\/12\/logo.jpg?fit=232%2C116&ssl=1","contentUrl":"https:\/\/i0.wp.com\/amberwithsilver.com\/wp-content\/uploads\/2020\/12\/logo.jpg?fit=232%2C116&ssl=1","width":232,"height":116,"caption":"amberwithsilver"},"image":{"@id":"https:\/\/amberwithsilver.com\/en\/#\/schema\/logo\/image\/"}}]}},"jetpack_sharing_enabled":true,"_links":{"self":[{"href":"https:\/\/amberwithsilver.com\/en\/wp-json\/wp\/v2\/product\/1633","targetHints":{"allow":["GET"]}}],"collection":[{"href":"https:\/\/amberwithsilver.com\/en\/wp-json\/wp\/v2\/product"}],"about":[{"href":"https:\/\/amberwithsilver.com\/en\/wp-json\/wp\/v2\/types\/product"}],"replies":[{"embeddable":true,"href":"https:\/\/amberwithsilver.com\/en\/wp-json\/wp\/v2\/comments?post=1633"}],"version-history":[{"count":0,"href":"https:\/\/amberwithsilver.com\/en\/wp-json\/wp\/v2\/product\/1633\/revisions"}],"wp:featuredmedia":[{"embeddable":true,"href":"https:\/\/amberwithsilver.com\/en\/wp-json\/wp\/v2\/media\/1641"}],"wp:attachment":[{"href":"https:\/\/amberwithsilver.com\/en\/wp-json\/wp\/v2\/media?parent=1633"}],"wp:term":[{"taxonomy":"product_brand","embeddable":true,"href":"https:\/\/amberwithsilver.com\/en\/wp-json\/wp\/v2\/product_brand?post=1633"},{"taxonomy":"product_cat","embeddable":true,"href":"https:\/\/amberwithsilver.com\/en\/wp-json\/wp\/v2\/product_cat?post=1633"},{"taxonomy":"product_tag","embeddable":true,"href":"https:\/\/amberwithsilver.com\/en\/wp-json\/wp\/v2\/product_tag?post=1633"}],"curies":[{"name":"wp","href":"https:\/\/api.w.org\/{rel}","templated":true}]}}