{"id":1650,"date":"2021-09-15T13:06:07","date_gmt":"2021-09-15T11:06:07","guid":{"rendered":"http:\/\/amberwithsilver.com\/?post_type=product&#038;p=1650"},"modified":"2024-02-24T01:42:44","modified_gmt":"2024-02-23T23:42:44","slug":"vaikiska-gintaro-apyranke-konjako-spalvos-baroko-formos-sarateliai","status":"publish","type":"product","link":"https:\/\/amberwithsilver.com\/en\/product\/vaikiska-gintaro-apyranke-konjako-spalvos-baroko-formos-sarateliai\/","title":{"rendered":"Baby amber bracelet - cognac baroque beads"},"content":{"rendered":"<p>Baby amber bracelet - cognac baroque beads. Baltic amber bracelet for babies and toddlers.<\/p>\n<ul>\n<li>Baltic amber baroque shape beads<\/li>\n<li>Beads stranded on a thread<\/li>\n<li><span class=\"VIiyi\" lang=\"lt\"><span class=\"JLqJ4b ChMk0b\" data-language-for-alternatives=\"lt\" data-language-to-translate-into=\"en\" data-phrase-index=\"6\">Plastic screw clasp<\/span><\/span><\/li>\n<li>Cognac color<\/li>\n<li>Beads size: ~6 mm<\/li>\n<li>Length: ~13-14 cm<\/li>\n<\/ul>\n<p>*Please note that the color of the product may vary slightly from that shown in the photo, depending on the monitor used by the Buyer and the lighting settings in the photos.<\/p>","protected":false},"excerpt":{"rendered":"<p>Baby amber bracelet - cognac baroque beads. Baltic amber bracelet for babies and toddlers.<\/p>\n<ul>\n<li>Baltic amber baroque shape beads<\/li>\n<li>Beads stranded on a thread<\/li>\n<li><span class=\"VIiyi\" lang=\"lt\"><span class=\"JLqJ4b ChMk0b\" data-language-for-alternatives=\"lt\" data-language-to-translate-into=\"en\" data-phrase-index=\"6\">Plastic screw clasp<\/span><\/span><\/li>\n<li>Cognac color<\/li>\n<li>Beads size: ~6 mm<\/li>\n<li>Length: ~13-14 cm<\/li>\n<\/ul>\n<p>*Please note that the color of the product may vary slightly from that shown in the photo, depending on the monitor used by the Buyer and the lighting settings in the photos.<\/p>","protected":false},"featured_media":1686,"comment_status":"open","ping_status":"closed","template":"","meta":[],"product_brand":[],"product_cat":[37],"product_tag":[391,394,395,396],"class_list":{"0":"post-1650","1":"product","2":"type-product","3":"status-publish","4":"has-post-thumbnail","6":"product_cat-gintaro-apyrankes-vaikams","7":"product_tag-baltijos-gintaro-vaikiska-apyranke","8":"product_tag-vaikiska-gintaro-apyranke-konjako-spalvos-baroko-formos-sarateliai","9":"product_tag-baby-amber-bracelet-cognac-baroque-beads","10":"product_tag-baltic-amber-teething-baby-bracelet","12":"first","13":"instock","14":"taxable","15":"shipping-taxable","16":"purchasable","17":"product-type-simple"},"yoast_head":"<!-- This site is optimized with the Yoast SEO Premium plugin v23.4 (Yoast SEO v26.8) - https:\/\/yoast.com\/product\/yoast-seo-premium-wordpress\/ -->\n<title>Vaiki\u0161ka gintaro apyrank\u0117 - konjako spalvos baroko formos \u0161arat\u0117liai - AmberWithSilver<\/title>\n<meta name=\"description\" content=\"Vaiki\u0161ka gintaro apyrank\u0117-konjakiniai baroko formos \u0161arat\u0117liai,Baby amber bracelet-cognac baroque beads,Baltic amber teething baby bracelet\" \/>\n<meta name=\"robots\" content=\"index, follow, max-snippet:-1, max-image-preview:large, max-video-preview:-1\" \/>\n<link rel=\"canonical\" href=\"https:\/\/amberwithsilver.com\/en\/product\/vaikiska-gintaro-apyranke-konjako-spalvos-baroko-formos-sarateliai\/\" \/>\n<meta property=\"og:locale\" content=\"en_US\" \/>\n<meta property=\"og:type\" content=\"article\" \/>\n<meta property=\"og:title\" content=\"Vaiki\u0161ka gintaro apyrank\u0117 - konjako spalvos baroko formos \u0161arat\u0117liai\" \/>\n<meta property=\"og:description\" content=\"Vaiki\u0161ka gintaro apyrank\u0117-konjakiniai baroko formos \u0161arat\u0117liai,Baby amber bracelet-cognac baroque beads,Baltic amber teething baby bracelet\" \/>\n<meta property=\"og:url\" content=\"https:\/\/amberwithsilver.com\/en\/product\/vaikiska-gintaro-apyranke-konjako-spalvos-baroko-formos-sarateliai\/\" \/>\n<meta property=\"og:site_name\" content=\"AmberWithSilver\" \/>\n<meta property=\"article:modified_time\" content=\"2024-02-23T23:42:44+00:00\" \/>\n<meta property=\"og:image\" content=\"https:\/\/amberwithsilver.com\/wp-content\/uploads\/2021\/09\/img_6958.jpeg\" \/>\n\t<meta property=\"og:image:width\" content=\"1914\" \/>\n\t<meta property=\"og:image:height\" content=\"2060\" \/>\n\t<meta property=\"og:image:type\" content=\"image\/jpeg\" \/>\n<meta name=\"twitter:card\" content=\"summary_large_image\" \/>\n<script type=\"application\/ld+json\" class=\"yoast-schema-graph\">{\"@context\":\"https:\/\/schema.org\",\"@graph\":[{\"@type\":\"WebPage\",\"@id\":\"https:\/\/amberwithsilver.com\/product\/vaikiska-gintaro-apyranke-konjako-spalvos-baroko-formos-sarateliai\/\",\"url\":\"https:\/\/amberwithsilver.com\/product\/vaikiska-gintaro-apyranke-konjako-spalvos-baroko-formos-sarateliai\/\",\"name\":\"Vaiki\u0161ka gintaro apyrank\u0117 - konjako spalvos baroko formos \u0161arat\u0117liai - AmberWithSilver\",\"isPartOf\":{\"@id\":\"https:\/\/amberwithsilver.com\/en\/#website\"},\"primaryImageOfPage\":{\"@id\":\"https:\/\/amberwithsilver.com\/product\/vaikiska-gintaro-apyranke-konjako-spalvos-baroko-formos-sarateliai\/#primaryimage\"},\"image\":{\"@id\":\"https:\/\/amberwithsilver.com\/product\/vaikiska-gintaro-apyranke-konjako-spalvos-baroko-formos-sarateliai\/#primaryimage\"},\"thumbnailUrl\":\"https:\/\/amberwithsilver.com\/wp-content\/uploads\/2021\/09\/img_6958.jpeg\",\"datePublished\":\"2021-09-15T11:06:07+00:00\",\"dateModified\":\"2024-02-23T23:42:44+00:00\",\"description\":\"Vaiki\u0161ka gintaro apyrank\u0117-konjakiniai baroko formos \u0161arat\u0117liai,Baby amber bracelet-cognac baroque beads,Baltic amber teething baby bracelet\",\"breadcrumb\":{\"@id\":\"https:\/\/amberwithsilver.com\/product\/vaikiska-gintaro-apyranke-konjako-spalvos-baroko-formos-sarateliai\/#breadcrumb\"},\"inLanguage\":\"en-US\",\"potentialAction\":[{\"@type\":\"ReadAction\",\"target\":[\"https:\/\/amberwithsilver.com\/product\/vaikiska-gintaro-apyranke-konjako-spalvos-baroko-formos-sarateliai\/\"]}]},{\"@type\":\"ImageObject\",\"inLanguage\":\"en-US\",\"@id\":\"https:\/\/amberwithsilver.com\/product\/vaikiska-gintaro-apyranke-konjako-spalvos-baroko-formos-sarateliai\/#primaryimage\",\"url\":\"https:\/\/amberwithsilver.com\/wp-content\/uploads\/2021\/09\/img_6958.jpeg\",\"contentUrl\":\"https:\/\/amberwithsilver.com\/wp-content\/uploads\/2021\/09\/img_6958.jpeg\",\"width\":1914,\"height\":2060,\"caption\":\"Baby amber bracelet - cognac baroque beads, Vaiki\u0161ka gintaro apyrank\u0117 -konjako baroko formos \u0161arat\u0117liai\"},{\"@type\":\"BreadcrumbList\",\"@id\":\"https:\/\/amberwithsilver.com\/product\/vaikiska-gintaro-apyranke-konjako-spalvos-baroko-formos-sarateliai\/#breadcrumb\",\"itemListElement\":[{\"@type\":\"ListItem\",\"position\":1,\"name\":\"Home\",\"item\":\"https:\/\/amberwithsilver.com\/\"},{\"@type\":\"ListItem\",\"position\":2,\"name\":\"Parduotuv\u0117\",\"item\":\"https:\/\/amberwithsilver.com\/en\/parduotuve\/\"},{\"@type\":\"ListItem\",\"position\":3,\"name\":\"Vaiki\u0161ka gintaro apyrank\u0117 &#8211; konjako spalvos baroko formos \u0161arat\u0117liai\"}]},{\"@type\":\"WebSite\",\"@id\":\"https:\/\/amberwithsilver.com\/en\/#website\",\"url\":\"https:\/\/amberwithsilver.com\/en\/\",\"name\":\"AmberWithSilver\",\"description\":\"Amber-Silver\",\"publisher\":{\"@id\":\"https:\/\/amberwithsilver.com\/en\/#organization\"},\"potentialAction\":[{\"@type\":\"SearchAction\",\"target\":{\"@type\":\"EntryPoint\",\"urlTemplate\":\"https:\/\/amberwithsilver.com\/en\/?s={search_term_string}\"},\"query-input\":{\"@type\":\"PropertyValueSpecification\",\"valueRequired\":true,\"valueName\":\"search_term_string\"}}],\"inLanguage\":\"en-US\"},{\"@type\":\"Organization\",\"@id\":\"https:\/\/amberwithsilver.com\/en\/#organization\",\"name\":\"amberwithsilver\",\"url\":\"https:\/\/amberwithsilver.com\/en\/\",\"logo\":{\"@type\":\"ImageObject\",\"inLanguage\":\"en-US\",\"@id\":\"https:\/\/amberwithsilver.com\/en\/#\/schema\/logo\/image\/\",\"url\":\"https:\/\/i0.wp.com\/amberwithsilver.com\/wp-content\/uploads\/2020\/12\/logo.jpg?fit=232%2C116&ssl=1\",\"contentUrl\":\"https:\/\/i0.wp.com\/amberwithsilver.com\/wp-content\/uploads\/2020\/12\/logo.jpg?fit=232%2C116&ssl=1\",\"width\":232,\"height\":116,\"caption\":\"amberwithsilver\"},\"image\":{\"@id\":\"https:\/\/amberwithsilver.com\/en\/#\/schema\/logo\/image\/\"}}]}<\/script>\n<!-- \/ Yoast SEO Premium plugin. -->","yoast_head_json":{"title":"Vaiki\u0161ka gintaro apyrank\u0117 - konjako spalvos baroko formos \u0161arat\u0117liai - AmberWithSilver","description":"Vaiki\u0161ka gintaro apyrank\u0117-konjakiniai baroko formos \u0161arat\u0117liai,Baby amber bracelet-cognac baroque beads,Baltic amber teething baby bracelet","robots":{"index":"index","follow":"follow","max-snippet":"max-snippet:-1","max-image-preview":"max-image-preview:large","max-video-preview":"max-video-preview:-1"},"canonical":"https:\/\/amberwithsilver.com\/en\/product\/vaikiska-gintaro-apyranke-konjako-spalvos-baroko-formos-sarateliai\/","og_locale":"en_US","og_type":"article","og_title":"Vaiki\u0161ka gintaro apyrank\u0117 - konjako spalvos baroko formos \u0161arat\u0117liai","og_description":"Vaiki\u0161ka gintaro apyrank\u0117-konjakiniai baroko formos \u0161arat\u0117liai,Baby amber bracelet-cognac baroque beads,Baltic amber teething baby bracelet","og_url":"https:\/\/amberwithsilver.com\/en\/product\/vaikiska-gintaro-apyranke-konjako-spalvos-baroko-formos-sarateliai\/","og_site_name":"AmberWithSilver","article_modified_time":"2024-02-23T23:42:44+00:00","og_image":[{"width":1914,"height":2060,"url":"https:\/\/amberwithsilver.com\/wp-content\/uploads\/2021\/09\/img_6958.jpeg","type":"image\/jpeg"}],"twitter_card":"summary_large_image","schema":{"@context":"https:\/\/schema.org","@graph":[{"@type":"WebPage","@id":"https:\/\/amberwithsilver.com\/product\/vaikiska-gintaro-apyranke-konjako-spalvos-baroko-formos-sarateliai\/","url":"https:\/\/amberwithsilver.com\/product\/vaikiska-gintaro-apyranke-konjako-spalvos-baroko-formos-sarateliai\/","name":"Vaiki\u0161ka gintaro apyrank\u0117 - konjako spalvos baroko formos \u0161arat\u0117liai - AmberWithSilver","isPartOf":{"@id":"https:\/\/amberwithsilver.com\/en\/#website"},"primaryImageOfPage":{"@id":"https:\/\/amberwithsilver.com\/product\/vaikiska-gintaro-apyranke-konjako-spalvos-baroko-formos-sarateliai\/#primaryimage"},"image":{"@id":"https:\/\/amberwithsilver.com\/product\/vaikiska-gintaro-apyranke-konjako-spalvos-baroko-formos-sarateliai\/#primaryimage"},"thumbnailUrl":"https:\/\/amberwithsilver.com\/wp-content\/uploads\/2021\/09\/img_6958.jpeg","datePublished":"2021-09-15T11:06:07+00:00","dateModified":"2024-02-23T23:42:44+00:00","description":"Vaiki\u0161ka gintaro apyrank\u0117-konjakiniai baroko formos \u0161arat\u0117liai,Baby amber bracelet-cognac baroque beads,Baltic amber teething baby bracelet","breadcrumb":{"@id":"https:\/\/amberwithsilver.com\/product\/vaikiska-gintaro-apyranke-konjako-spalvos-baroko-formos-sarateliai\/#breadcrumb"},"inLanguage":"en-US","potentialAction":[{"@type":"ReadAction","target":["https:\/\/amberwithsilver.com\/product\/vaikiska-gintaro-apyranke-konjako-spalvos-baroko-formos-sarateliai\/"]}]},{"@type":"ImageObject","inLanguage":"en-US","@id":"https:\/\/amberwithsilver.com\/product\/vaikiska-gintaro-apyranke-konjako-spalvos-baroko-formos-sarateliai\/#primaryimage","url":"https:\/\/amberwithsilver.com\/wp-content\/uploads\/2021\/09\/img_6958.jpeg","contentUrl":"https:\/\/amberwithsilver.com\/wp-content\/uploads\/2021\/09\/img_6958.jpeg","width":1914,"height":2060,"caption":"Baby amber bracelet - cognac baroque beads, Vaiki\u0161ka gintaro apyrank\u0117 -konjako baroko formos \u0161arat\u0117liai"},{"@type":"BreadcrumbList","@id":"https:\/\/amberwithsilver.com\/product\/vaikiska-gintaro-apyranke-konjako-spalvos-baroko-formos-sarateliai\/#breadcrumb","itemListElement":[{"@type":"ListItem","position":1,"name":"Home","item":"https:\/\/amberwithsilver.com\/"},{"@type":"ListItem","position":2,"name":"Parduotuv\u0117","item":"https:\/\/amberwithsilver.com\/en\/parduotuve\/"},{"@type":"ListItem","position":3,"name":"Vaiki\u0161ka gintaro apyrank\u0117 &#8211; konjako spalvos baroko formos \u0161arat\u0117liai"}]},{"@type":"WebSite","@id":"https:\/\/amberwithsilver.com\/en\/#website","url":"https:\/\/amberwithsilver.com\/en\/","name":"AmberWithSilver","description":"Amber-Silver","publisher":{"@id":"https:\/\/amberwithsilver.com\/en\/#organization"},"potentialAction":[{"@type":"SearchAction","target":{"@type":"EntryPoint","urlTemplate":"https:\/\/amberwithsilver.com\/en\/?s={search_term_string}"},"query-input":{"@type":"PropertyValueSpecification","valueRequired":true,"valueName":"search_term_string"}}],"inLanguage":"en-US"},{"@type":"Organization","@id":"https:\/\/amberwithsilver.com\/en\/#organization","name":"amberwithsilver","url":"https:\/\/amberwithsilver.com\/en\/","logo":{"@type":"ImageObject","inLanguage":"en-US","@id":"https:\/\/amberwithsilver.com\/en\/#\/schema\/logo\/image\/","url":"https:\/\/i0.wp.com\/amberwithsilver.com\/wp-content\/uploads\/2020\/12\/logo.jpg?fit=232%2C116&ssl=1","contentUrl":"https:\/\/i0.wp.com\/amberwithsilver.com\/wp-content\/uploads\/2020\/12\/logo.jpg?fit=232%2C116&ssl=1","width":232,"height":116,"caption":"amberwithsilver"},"image":{"@id":"https:\/\/amberwithsilver.com\/en\/#\/schema\/logo\/image\/"}}]}},"jetpack_sharing_enabled":true,"_links":{"self":[{"href":"https:\/\/amberwithsilver.com\/en\/wp-json\/wp\/v2\/product\/1650","targetHints":{"allow":["GET"]}}],"collection":[{"href":"https:\/\/amberwithsilver.com\/en\/wp-json\/wp\/v2\/product"}],"about":[{"href":"https:\/\/amberwithsilver.com\/en\/wp-json\/wp\/v2\/types\/product"}],"replies":[{"embeddable":true,"href":"https:\/\/amberwithsilver.com\/en\/wp-json\/wp\/v2\/comments?post=1650"}],"version-history":[{"count":0,"href":"https:\/\/amberwithsilver.com\/en\/wp-json\/wp\/v2\/product\/1650\/revisions"}],"wp:featuredmedia":[{"embeddable":true,"href":"https:\/\/amberwithsilver.com\/en\/wp-json\/wp\/v2\/media\/1686"}],"wp:attachment":[{"href":"https:\/\/amberwithsilver.com\/en\/wp-json\/wp\/v2\/media?parent=1650"}],"wp:term":[{"taxonomy":"product_brand","embeddable":true,"href":"https:\/\/amberwithsilver.com\/en\/wp-json\/wp\/v2\/product_brand?post=1650"},{"taxonomy":"product_cat","embeddable":true,"href":"https:\/\/amberwithsilver.com\/en\/wp-json\/wp\/v2\/product_cat?post=1650"},{"taxonomy":"product_tag","embeddable":true,"href":"https:\/\/amberwithsilver.com\/en\/wp-json\/wp\/v2\/product_tag?post=1650"}],"curies":[{"name":"wp","href":"https:\/\/api.w.org\/{rel}","templated":true}]}}