{"id":1679,"date":"2021-09-15T22:03:40","date_gmt":"2021-09-15T20:03:40","guid":{"rendered":"http:\/\/amberwithsilver.com\/?post_type=product&#038;p=1679"},"modified":"2024-02-24T01:42:04","modified_gmt":"2024-02-23T23:42:04","slug":"vaikiska-gintaro-apyranke-vaivorykstes-spalvos-baroko-formos-sarateliai","status":"publish","type":"product","link":"https:\/\/amberwithsilver.com\/en\/product\/vaikiska-gintaro-apyranke-vaivorykstes-spalvos-baroko-formos-sarateliai\/","title":{"rendered":"Baby amber bracelet - rainbow baroque beads"},"content":{"rendered":"<p>Baby amber bracelet - rainbow baroque beads. Neatly sorted amber rainbow beads from the lightest to the darkest color. Baltic amber beads bracelet for babies and toddlers.<\/p>\n<ul>\n<li><em>Baltic amber baroque shape beads<\/em><\/li>\n<li><em>Beads stranded on a thread<\/em><\/li>\n<li><em><span class=\"VIiyi\" lang=\"lt\"><span class=\"JLqJ4b ChMk0b\" data-language-for-alternatives=\"lt\" data-language-to-translate-into=\"en\" data-phrase-index=\"6\">Plastic screw clasp<\/span><\/span><\/em><\/li>\n<li><em>Colors: lemon, yellow, cognac, cherry, black<\/em><\/li>\n<li><em>Beads size: ~6 mm<\/em><\/li>\n<li><em>Length: ~13-14 cm<\/em><\/li>\n<\/ul>\n<p>*Please note that the color of the product may vary slightly from that shown in the photo, depending on the monitor used by the Buyer and the lighting settings in the photos.<\/p>","protected":false},"excerpt":{"rendered":"<p>Baby amber bracelet - rainbow baroque beads. Neatly sorted amber rainbow beads from the lightest to the darkest color. Baltic amber beads bracelet for babies and toddlers.<\/p>\n<ul>\n<li><em>Baltic amber baroque shape beads<\/em><\/li>\n<li><em>Beads stranded on a thread<\/em><\/li>\n<li><em><span class=\"VIiyi\" lang=\"lt\"><span class=\"JLqJ4b ChMk0b\" data-language-for-alternatives=\"lt\" data-language-to-translate-into=\"en\" data-phrase-index=\"6\">Plastic screw clasp<\/span><\/span><\/em><\/li>\n<li><em>Colors: lemon, yellow, cognac, cherry, black<\/em><\/li>\n<li><em>Beads size: ~6 mm<\/em><\/li>\n<li><em>Length: ~13-14 cm<\/em><\/li>\n<\/ul>\n<p>*Please note that the color of the product may vary slightly from that shown in the photo, depending on the monitor used by the Buyer and the lighting settings in the photos.<\/p>","protected":false},"featured_media":1681,"comment_status":"open","ping_status":"closed","template":"","meta":[],"product_brand":[],"product_cat":[37],"product_tag":[398,401,402,403],"class_list":{"0":"post-1679","1":"product","2":"type-product","3":"status-publish","4":"has-post-thumbnail","6":"product_cat-gintaro-apyrankes-vaikams","7":"product_tag-baby-amber-bracelet-multicolored-baroque-beads","8":"product_tag-vaikska-gintaro-apyranke-vaivorykstes-spalvos-baroko-formos-sarateliai","9":"product_tag-baby-amber-bracelet-rainbow-baroque-beads","10":"product_tag-baroque-gradient-amber-baby-bracelet","12":"first","13":"instock","14":"taxable","15":"shipping-taxable","16":"purchasable","17":"product-type-simple"},"yoast_head":"<!-- This site is optimized with the Yoast SEO Premium plugin v23.4 (Yoast SEO v27.4) - https:\/\/yoast.com\/product\/yoast-seo-premium-wordpress\/ -->\n<title>Vaiki\u0161ka gintaro apyrank\u0117 - vaivoryk\u0161t\u0117s spalvos baroko formos \u0161arat\u0117liai - AmberWithSilver<\/title>\n<meta name=\"description\" content=\"Vaik\u0161ka gintaro apyrank\u0117-vaivoryk\u0161t\u0117s spalvos baroko formos \u0161arat\u0117liai,Baby amber bracelet-rainbow baroque beads,Gradient amber baby bracelet\" \/>\n<meta name=\"robots\" content=\"index, follow, max-snippet:-1, max-image-preview:large, max-video-preview:-1\" \/>\n<link rel=\"canonical\" href=\"https:\/\/amberwithsilver.com\/en\/product\/vaikiska-gintaro-apyranke-vaivorykstes-spalvos-baroko-formos-sarateliai\/\" \/>\n<meta property=\"og:locale\" content=\"en_US\" \/>\n<meta property=\"og:type\" content=\"article\" \/>\n<meta property=\"og:title\" content=\"Vaiki\u0161ka gintaro apyrank\u0117 - vaivoryk\u0161t\u0117s spalvos baroko formos \u0161arat\u0117liai\" \/>\n<meta property=\"og:description\" content=\"Vaik\u0161ka gintaro apyrank\u0117-vaivoryk\u0161t\u0117s spalvos baroko formos \u0161arat\u0117liai,Baby amber bracelet-rainbow baroque beads,Gradient amber baby bracelet\" \/>\n<meta property=\"og:url\" content=\"https:\/\/amberwithsilver.com\/en\/product\/vaikiska-gintaro-apyranke-vaivorykstes-spalvos-baroko-formos-sarateliai\/\" \/>\n<meta property=\"og:site_name\" content=\"AmberWithSilver\" \/>\n<meta property=\"article:modified_time\" content=\"2024-02-23T23:42:04+00:00\" \/>\n<meta property=\"og:image\" content=\"https:\/\/amberwithsilver.com\/wp-content\/uploads\/2021\/09\/img_6946.jpeg\" \/>\n\t<meta property=\"og:image:width\" content=\"2544\" \/>\n\t<meta property=\"og:image:height\" content=\"2253\" \/>\n\t<meta property=\"og:image:type\" content=\"image\/jpeg\" \/>\n<meta name=\"twitter:card\" content=\"summary_large_image\" \/>\n<script type=\"application\/ld+json\" class=\"yoast-schema-graph\">{\"@context\":\"https:\\\/\\\/schema.org\",\"@graph\":[{\"@type\":\"WebPage\",\"@id\":\"https:\\\/\\\/amberwithsilver.com\\\/product\\\/vaikiska-gintaro-apyranke-vaivorykstes-spalvos-baroko-formos-sarateliai\\\/\",\"url\":\"https:\\\/\\\/amberwithsilver.com\\\/product\\\/vaikiska-gintaro-apyranke-vaivorykstes-spalvos-baroko-formos-sarateliai\\\/\",\"name\":\"Vaiki\u0161ka gintaro apyrank\u0117 - vaivoryk\u0161t\u0117s spalvos baroko formos \u0161arat\u0117liai - AmberWithSilver\",\"isPartOf\":{\"@id\":\"https:\\\/\\\/amberwithsilver.com\\\/en\\\/#website\"},\"primaryImageOfPage\":{\"@id\":\"https:\\\/\\\/amberwithsilver.com\\\/product\\\/vaikiska-gintaro-apyranke-vaivorykstes-spalvos-baroko-formos-sarateliai\\\/#primaryimage\"},\"image\":{\"@id\":\"https:\\\/\\\/amberwithsilver.com\\\/product\\\/vaikiska-gintaro-apyranke-vaivorykstes-spalvos-baroko-formos-sarateliai\\\/#primaryimage\"},\"thumbnailUrl\":\"https:\\\/\\\/amberwithsilver.com\\\/wp-content\\\/uploads\\\/2021\\\/09\\\/img_6946.jpeg\",\"datePublished\":\"2021-09-15T20:03:40+00:00\",\"dateModified\":\"2024-02-23T23:42:04+00:00\",\"description\":\"Vaik\u0161ka gintaro apyrank\u0117-vaivoryk\u0161t\u0117s spalvos baroko formos \u0161arat\u0117liai,Baby amber bracelet-rainbow baroque beads,Gradient amber baby bracelet\",\"breadcrumb\":{\"@id\":\"https:\\\/\\\/amberwithsilver.com\\\/product\\\/vaikiska-gintaro-apyranke-vaivorykstes-spalvos-baroko-formos-sarateliai\\\/#breadcrumb\"},\"inLanguage\":\"en-US\",\"potentialAction\":[{\"@type\":\"ReadAction\",\"target\":[\"https:\\\/\\\/amberwithsilver.com\\\/product\\\/vaikiska-gintaro-apyranke-vaivorykstes-spalvos-baroko-formos-sarateliai\\\/\"]}]},{\"@type\":\"ImageObject\",\"inLanguage\":\"en-US\",\"@id\":\"https:\\\/\\\/amberwithsilver.com\\\/product\\\/vaikiska-gintaro-apyranke-vaivorykstes-spalvos-baroko-formos-sarateliai\\\/#primaryimage\",\"url\":\"https:\\\/\\\/amberwithsilver.com\\\/wp-content\\\/uploads\\\/2021\\\/09\\\/img_6946.jpeg\",\"contentUrl\":\"https:\\\/\\\/amberwithsilver.com\\\/wp-content\\\/uploads\\\/2021\\\/09\\\/img_6946.jpeg\",\"width\":2544,\"height\":2253,\"caption\":\"Vaik\u0161ka gintaro apyrank\u0117-vaivoryk\u0161t\u0117s spalvos baroko formos \u0161arat\u0117liai,Baby amber bracelet-rainbow baroque beads\"},{\"@type\":\"BreadcrumbList\",\"@id\":\"https:\\\/\\\/amberwithsilver.com\\\/product\\\/vaikiska-gintaro-apyranke-vaivorykstes-spalvos-baroko-formos-sarateliai\\\/#breadcrumb\",\"itemListElement\":[{\"@type\":\"ListItem\",\"position\":1,\"name\":\"Home\",\"item\":\"https:\\\/\\\/amberwithsilver.com\\\/\"},{\"@type\":\"ListItem\",\"position\":2,\"name\":\"Parduotuv\u0117\",\"item\":\"https:\\\/\\\/amberwithsilver.com\\\/en\\\/parduotuve\\\/\"},{\"@type\":\"ListItem\",\"position\":3,\"name\":\"Vaiki\u0161ka gintaro apyrank\u0117 &#8211; vaivoryk\u0161t\u0117s spalvos baroko formos \u0161arat\u0117liai\"}]},{\"@type\":\"WebSite\",\"@id\":\"https:\\\/\\\/amberwithsilver.com\\\/en\\\/#website\",\"url\":\"https:\\\/\\\/amberwithsilver.com\\\/en\\\/\",\"name\":\"AmberWithSilver\",\"description\":\"Amber-Silver\",\"publisher\":{\"@id\":\"https:\\\/\\\/amberwithsilver.com\\\/en\\\/#organization\"},\"potentialAction\":[{\"@type\":\"SearchAction\",\"target\":{\"@type\":\"EntryPoint\",\"urlTemplate\":\"https:\\\/\\\/amberwithsilver.com\\\/en\\\/?s={search_term_string}\"},\"query-input\":{\"@type\":\"PropertyValueSpecification\",\"valueRequired\":true,\"valueName\":\"search_term_string\"}}],\"inLanguage\":\"en-US\"},{\"@type\":\"Organization\",\"@id\":\"https:\\\/\\\/amberwithsilver.com\\\/en\\\/#organization\",\"name\":\"amberwithsilver\",\"url\":\"https:\\\/\\\/amberwithsilver.com\\\/en\\\/\",\"logo\":{\"@type\":\"ImageObject\",\"inLanguage\":\"en-US\",\"@id\":\"https:\\\/\\\/amberwithsilver.com\\\/en\\\/#\\\/schema\\\/logo\\\/image\\\/\",\"url\":\"https:\\\/\\\/i0.wp.com\\\/amberwithsilver.com\\\/wp-content\\\/uploads\\\/2020\\\/12\\\/logo.jpg?fit=232%2C116&ssl=1\",\"contentUrl\":\"https:\\\/\\\/i0.wp.com\\\/amberwithsilver.com\\\/wp-content\\\/uploads\\\/2020\\\/12\\\/logo.jpg?fit=232%2C116&ssl=1\",\"width\":232,\"height\":116,\"caption\":\"amberwithsilver\"},\"image\":{\"@id\":\"https:\\\/\\\/amberwithsilver.com\\\/en\\\/#\\\/schema\\\/logo\\\/image\\\/\"}}]}<\/script>\n<!-- \/ Yoast SEO Premium plugin. -->","yoast_head_json":{"title":"Vaiki\u0161ka gintaro apyrank\u0117 - vaivoryk\u0161t\u0117s spalvos baroko formos \u0161arat\u0117liai - AmberWithSilver","description":"Vaik\u0161ka gintaro apyrank\u0117-vaivoryk\u0161t\u0117s spalvos baroko formos \u0161arat\u0117liai,Baby amber bracelet-rainbow baroque beads,Gradient amber baby bracelet","robots":{"index":"index","follow":"follow","max-snippet":"max-snippet:-1","max-image-preview":"max-image-preview:large","max-video-preview":"max-video-preview:-1"},"canonical":"https:\/\/amberwithsilver.com\/en\/product\/vaikiska-gintaro-apyranke-vaivorykstes-spalvos-baroko-formos-sarateliai\/","og_locale":"en_US","og_type":"article","og_title":"Vaiki\u0161ka gintaro apyrank\u0117 - vaivoryk\u0161t\u0117s spalvos baroko formos \u0161arat\u0117liai","og_description":"Vaik\u0161ka gintaro apyrank\u0117-vaivoryk\u0161t\u0117s spalvos baroko formos \u0161arat\u0117liai,Baby amber bracelet-rainbow baroque beads,Gradient amber baby bracelet","og_url":"https:\/\/amberwithsilver.com\/en\/product\/vaikiska-gintaro-apyranke-vaivorykstes-spalvos-baroko-formos-sarateliai\/","og_site_name":"AmberWithSilver","article_modified_time":"2024-02-23T23:42:04+00:00","og_image":[{"width":2544,"height":2253,"url":"https:\/\/amberwithsilver.com\/wp-content\/uploads\/2021\/09\/img_6946.jpeg","type":"image\/jpeg"}],"twitter_card":"summary_large_image","schema":{"@context":"https:\/\/schema.org","@graph":[{"@type":"WebPage","@id":"https:\/\/amberwithsilver.com\/product\/vaikiska-gintaro-apyranke-vaivorykstes-spalvos-baroko-formos-sarateliai\/","url":"https:\/\/amberwithsilver.com\/product\/vaikiska-gintaro-apyranke-vaivorykstes-spalvos-baroko-formos-sarateliai\/","name":"Vaiki\u0161ka gintaro apyrank\u0117 - vaivoryk\u0161t\u0117s spalvos baroko formos \u0161arat\u0117liai - AmberWithSilver","isPartOf":{"@id":"https:\/\/amberwithsilver.com\/en\/#website"},"primaryImageOfPage":{"@id":"https:\/\/amberwithsilver.com\/product\/vaikiska-gintaro-apyranke-vaivorykstes-spalvos-baroko-formos-sarateliai\/#primaryimage"},"image":{"@id":"https:\/\/amberwithsilver.com\/product\/vaikiska-gintaro-apyranke-vaivorykstes-spalvos-baroko-formos-sarateliai\/#primaryimage"},"thumbnailUrl":"https:\/\/amberwithsilver.com\/wp-content\/uploads\/2021\/09\/img_6946.jpeg","datePublished":"2021-09-15T20:03:40+00:00","dateModified":"2024-02-23T23:42:04+00:00","description":"Vaik\u0161ka gintaro apyrank\u0117-vaivoryk\u0161t\u0117s spalvos baroko formos \u0161arat\u0117liai,Baby amber bracelet-rainbow baroque beads,Gradient amber baby bracelet","breadcrumb":{"@id":"https:\/\/amberwithsilver.com\/product\/vaikiska-gintaro-apyranke-vaivorykstes-spalvos-baroko-formos-sarateliai\/#breadcrumb"},"inLanguage":"en-US","potentialAction":[{"@type":"ReadAction","target":["https:\/\/amberwithsilver.com\/product\/vaikiska-gintaro-apyranke-vaivorykstes-spalvos-baroko-formos-sarateliai\/"]}]},{"@type":"ImageObject","inLanguage":"en-US","@id":"https:\/\/amberwithsilver.com\/product\/vaikiska-gintaro-apyranke-vaivorykstes-spalvos-baroko-formos-sarateliai\/#primaryimage","url":"https:\/\/amberwithsilver.com\/wp-content\/uploads\/2021\/09\/img_6946.jpeg","contentUrl":"https:\/\/amberwithsilver.com\/wp-content\/uploads\/2021\/09\/img_6946.jpeg","width":2544,"height":2253,"caption":"Vaik\u0161ka gintaro apyrank\u0117-vaivoryk\u0161t\u0117s spalvos baroko formos \u0161arat\u0117liai,Baby amber bracelet-rainbow baroque beads"},{"@type":"BreadcrumbList","@id":"https:\/\/amberwithsilver.com\/product\/vaikiska-gintaro-apyranke-vaivorykstes-spalvos-baroko-formos-sarateliai\/#breadcrumb","itemListElement":[{"@type":"ListItem","position":1,"name":"Home","item":"https:\/\/amberwithsilver.com\/"},{"@type":"ListItem","position":2,"name":"Parduotuv\u0117","item":"https:\/\/amberwithsilver.com\/en\/parduotuve\/"},{"@type":"ListItem","position":3,"name":"Vaiki\u0161ka gintaro apyrank\u0117 &#8211; vaivoryk\u0161t\u0117s spalvos baroko formos \u0161arat\u0117liai"}]},{"@type":"WebSite","@id":"https:\/\/amberwithsilver.com\/en\/#website","url":"https:\/\/amberwithsilver.com\/en\/","name":"AmberWithSilver","description":"Amber-Silver","publisher":{"@id":"https:\/\/amberwithsilver.com\/en\/#organization"},"potentialAction":[{"@type":"SearchAction","target":{"@type":"EntryPoint","urlTemplate":"https:\/\/amberwithsilver.com\/en\/?s={search_term_string}"},"query-input":{"@type":"PropertyValueSpecification","valueRequired":true,"valueName":"search_term_string"}}],"inLanguage":"en-US"},{"@type":"Organization","@id":"https:\/\/amberwithsilver.com\/en\/#organization","name":"amberwithsilver","url":"https:\/\/amberwithsilver.com\/en\/","logo":{"@type":"ImageObject","inLanguage":"en-US","@id":"https:\/\/amberwithsilver.com\/en\/#\/schema\/logo\/image\/","url":"https:\/\/i0.wp.com\/amberwithsilver.com\/wp-content\/uploads\/2020\/12\/logo.jpg?fit=232%2C116&ssl=1","contentUrl":"https:\/\/i0.wp.com\/amberwithsilver.com\/wp-content\/uploads\/2020\/12\/logo.jpg?fit=232%2C116&ssl=1","width":232,"height":116,"caption":"amberwithsilver"},"image":{"@id":"https:\/\/amberwithsilver.com\/en\/#\/schema\/logo\/image\/"}}]}},"jetpack_sharing_enabled":true,"_links":{"self":[{"href":"https:\/\/amberwithsilver.com\/en\/wp-json\/wp\/v2\/product\/1679","targetHints":{"allow":["GET"]}}],"collection":[{"href":"https:\/\/amberwithsilver.com\/en\/wp-json\/wp\/v2\/product"}],"about":[{"href":"https:\/\/amberwithsilver.com\/en\/wp-json\/wp\/v2\/types\/product"}],"replies":[{"embeddable":true,"href":"https:\/\/amberwithsilver.com\/en\/wp-json\/wp\/v2\/comments?post=1679"}],"version-history":[{"count":0,"href":"https:\/\/amberwithsilver.com\/en\/wp-json\/wp\/v2\/product\/1679\/revisions"}],"wp:featuredmedia":[{"embeddable":true,"href":"https:\/\/amberwithsilver.com\/en\/wp-json\/wp\/v2\/media\/1681"}],"wp:attachment":[{"href":"https:\/\/amberwithsilver.com\/en\/wp-json\/wp\/v2\/media?parent=1679"}],"wp:term":[{"taxonomy":"product_brand","embeddable":true,"href":"https:\/\/amberwithsilver.com\/en\/wp-json\/wp\/v2\/product_brand?post=1679"},{"taxonomy":"product_cat","embeddable":true,"href":"https:\/\/amberwithsilver.com\/en\/wp-json\/wp\/v2\/product_cat?post=1679"},{"taxonomy":"product_tag","embeddable":true,"href":"https:\/\/amberwithsilver.com\/en\/wp-json\/wp\/v2\/product_tag?post=1679"}],"curies":[{"name":"wp","href":"https:\/\/api.w.org\/{rel}","templated":true}]}}