{"id":1744,"date":"2021-11-10T14:06:05","date_gmt":"2021-11-10T12:06:05","guid":{"rendered":"http:\/\/amberwithsilver.com\/?post_type=product&#038;p=1744"},"modified":"2021-11-11T12:30:05","modified_gmt":"2021-11-11T10:30:05","slug":"gryno-gintaro-siltu-atspalviu-apyranke","status":"publish","type":"product","link":"https:\/\/amberwithsilver.com\/en\/product\/gryno-gintaro-siltu-atspalviu-apyranke\/","title":{"rendered":"Pure amber bracelet with warm shades"},"content":{"rendered":"<p>Pure amber bracelet with warm shades. This elegant, pure amber bracelet is made of irregular parts of natural Baltic amber, shining with warm shades of honey and cognac. Eye catching bracelet is on the stretch.<\/p>\n<ul>\n<li>Baltic amber<\/li>\n<li>Elastic rubber<\/li>\n<li>Weight: ~49.3 gr.<\/li>\n<\/ul>\n<p>*Please note that the color of the product may vary slightly from that shown in the photo, depending on the monitor used by the Buyer and the lighting settings in the photos.<\/p>","protected":false},"excerpt":{"rendered":"<p>Pure amber bracelet with warm shades. This elegant, pure amber bracelet is made of irregular parts of natural Baltic amber, shining with warm shades of honey and cognac. Eye catching bracelet is on the stretch.<\/p>\n<ul>\n<li>Baltic amber<\/li>\n<li>Elastic rubber<\/li>\n<li>Weight: ~49.3 gr.<\/li>\n<\/ul>\n<p>*Please note that the color of the product may vary slightly from that shown in the photo, depending on the monitor used by the Buyer and the lighting settings in the photos.<\/p>","protected":false},"featured_media":1746,"comment_status":"open","ping_status":"closed","template":"","meta":[],"product_brand":[],"product_cat":[18],"product_tag":[431,432,433,434,435,436],"class_list":{"0":"post-1744","1":"product","2":"type-product","3":"status-publish","4":"has-post-thumbnail","6":"product_cat-gintaro-apyrankes","7":"product_tag-gryno-gintaro-siltu-atspalviu-apyranke","8":"product_tag-pure-amber-bracelet-with-warm-shades","9":"product_tag-baltic-amber-bracelet-for-women","10":"product_tag-baltijos-gintaro-apyranke-moterims","11":"product_tag-naturali-medau-spalvos-gintarine-apyranke","12":"product_tag-natural-honey-amber-bracelet","14":"first","15":"instock","16":"taxable","17":"shipping-taxable","18":"purchasable","19":"product-type-simple"},"yoast_head":"<!-- This site is optimized with the Yoast SEO Premium plugin v23.4 (Yoast SEO v27.4) - https:\/\/yoast.com\/product\/yoast-seo-premium-wordpress\/ -->\n<title>Gryno gintaro \u0161ilt\u0173 atspalvi\u0173 apyrank\u0117 - AmberWithSilver<\/title>\n<meta name=\"description\" content=\"Gryno gintaro \u0161ilt\u0173 atspalvi\u0173 apyrank\u0117,Pure amber bracelet with warm shades,Baltic amber bracelet for women,Baltijos gintaro apyrank\u0117\" \/>\n<meta name=\"robots\" content=\"index, follow, max-snippet:-1, max-image-preview:large, max-video-preview:-1\" \/>\n<link rel=\"canonical\" href=\"https:\/\/amberwithsilver.com\/en\/product\/gryno-gintaro-siltu-atspalviu-apyranke\/\" \/>\n<meta property=\"og:locale\" content=\"en_US\" \/>\n<meta property=\"og:type\" content=\"article\" \/>\n<meta property=\"og:title\" content=\"Gryno gintaro \u0161ilt\u0173 atspalvi\u0173 apyrank\u0117\" \/>\n<meta property=\"og:description\" content=\"Gryno gintaro \u0161ilt\u0173 atspalvi\u0173 apyrank\u0117,Pure amber bracelet with warm shades,Baltic amber bracelet for women,Baltijos gintaro apyrank\u0117\" \/>\n<meta property=\"og:url\" content=\"https:\/\/amberwithsilver.com\/en\/product\/gryno-gintaro-siltu-atspalviu-apyranke\/\" \/>\n<meta property=\"og:site_name\" content=\"AmberWithSilver\" \/>\n<meta property=\"article:modified_time\" content=\"2021-11-11T10:30:05+00:00\" \/>\n<meta property=\"og:image\" content=\"https:\/\/amberwithsilver.com\/wp-content\/uploads\/2021\/11\/img_8910.jpeg\" \/>\n\t<meta property=\"og:image:width\" content=\"1228\" \/>\n\t<meta property=\"og:image:height\" content=\"1379\" \/>\n\t<meta property=\"og:image:type\" content=\"image\/jpeg\" \/>\n<meta name=\"twitter:card\" content=\"summary_large_image\" \/>\n<script type=\"application\/ld+json\" class=\"yoast-schema-graph\">{\"@context\":\"https:\\\/\\\/schema.org\",\"@graph\":[{\"@type\":\"WebPage\",\"@id\":\"https:\\\/\\\/amberwithsilver.com\\\/product\\\/gryno-gintaro-siltu-atspalviu-apyranke\\\/\",\"url\":\"https:\\\/\\\/amberwithsilver.com\\\/product\\\/gryno-gintaro-siltu-atspalviu-apyranke\\\/\",\"name\":\"Gryno gintaro \u0161ilt\u0173 atspalvi\u0173 apyrank\u0117 - AmberWithSilver\",\"isPartOf\":{\"@id\":\"https:\\\/\\\/amberwithsilver.com\\\/en\\\/#website\"},\"primaryImageOfPage\":{\"@id\":\"https:\\\/\\\/amberwithsilver.com\\\/product\\\/gryno-gintaro-siltu-atspalviu-apyranke\\\/#primaryimage\"},\"image\":{\"@id\":\"https:\\\/\\\/amberwithsilver.com\\\/product\\\/gryno-gintaro-siltu-atspalviu-apyranke\\\/#primaryimage\"},\"thumbnailUrl\":\"https:\\\/\\\/amberwithsilver.com\\\/wp-content\\\/uploads\\\/2021\\\/11\\\/img_8910.jpeg\",\"datePublished\":\"2021-11-10T12:06:05+00:00\",\"dateModified\":\"2021-11-11T10:30:05+00:00\",\"description\":\"Gryno gintaro \u0161ilt\u0173 atspalvi\u0173 apyrank\u0117,Pure amber bracelet with warm shades,Baltic amber bracelet for women,Baltijos gintaro apyrank\u0117\",\"breadcrumb\":{\"@id\":\"https:\\\/\\\/amberwithsilver.com\\\/product\\\/gryno-gintaro-siltu-atspalviu-apyranke\\\/#breadcrumb\"},\"inLanguage\":\"en-US\",\"potentialAction\":[{\"@type\":\"ReadAction\",\"target\":[\"https:\\\/\\\/amberwithsilver.com\\\/product\\\/gryno-gintaro-siltu-atspalviu-apyranke\\\/\"]}]},{\"@type\":\"ImageObject\",\"inLanguage\":\"en-US\",\"@id\":\"https:\\\/\\\/amberwithsilver.com\\\/product\\\/gryno-gintaro-siltu-atspalviu-apyranke\\\/#primaryimage\",\"url\":\"https:\\\/\\\/amberwithsilver.com\\\/wp-content\\\/uploads\\\/2021\\\/11\\\/img_8910.jpeg\",\"contentUrl\":\"https:\\\/\\\/amberwithsilver.com\\\/wp-content\\\/uploads\\\/2021\\\/11\\\/img_8910.jpeg\",\"width\":1228,\"height\":1379,\"caption\":\"Gryno gintaro \u0161ilt\u0173 atspalvi\u0173 apyrank\u0117,Pure amber bracelet with warm shades\"},{\"@type\":\"BreadcrumbList\",\"@id\":\"https:\\\/\\\/amberwithsilver.com\\\/product\\\/gryno-gintaro-siltu-atspalviu-apyranke\\\/#breadcrumb\",\"itemListElement\":[{\"@type\":\"ListItem\",\"position\":1,\"name\":\"Home\",\"item\":\"https:\\\/\\\/amberwithsilver.com\\\/\"},{\"@type\":\"ListItem\",\"position\":2,\"name\":\"Parduotuv\u0117\",\"item\":\"https:\\\/\\\/amberwithsilver.com\\\/en\\\/parduotuve\\\/\"},{\"@type\":\"ListItem\",\"position\":3,\"name\":\"Gryno gintaro \u0161ilt\u0173 atspalvi\u0173 apyrank\u0117\"}]},{\"@type\":\"WebSite\",\"@id\":\"https:\\\/\\\/amberwithsilver.com\\\/en\\\/#website\",\"url\":\"https:\\\/\\\/amberwithsilver.com\\\/en\\\/\",\"name\":\"AmberWithSilver\",\"description\":\"Amber-Silver\",\"publisher\":{\"@id\":\"https:\\\/\\\/amberwithsilver.com\\\/en\\\/#organization\"},\"potentialAction\":[{\"@type\":\"SearchAction\",\"target\":{\"@type\":\"EntryPoint\",\"urlTemplate\":\"https:\\\/\\\/amberwithsilver.com\\\/en\\\/?s={search_term_string}\"},\"query-input\":{\"@type\":\"PropertyValueSpecification\",\"valueRequired\":true,\"valueName\":\"search_term_string\"}}],\"inLanguage\":\"en-US\"},{\"@type\":\"Organization\",\"@id\":\"https:\\\/\\\/amberwithsilver.com\\\/en\\\/#organization\",\"name\":\"amberwithsilver\",\"url\":\"https:\\\/\\\/amberwithsilver.com\\\/en\\\/\",\"logo\":{\"@type\":\"ImageObject\",\"inLanguage\":\"en-US\",\"@id\":\"https:\\\/\\\/amberwithsilver.com\\\/en\\\/#\\\/schema\\\/logo\\\/image\\\/\",\"url\":\"https:\\\/\\\/i0.wp.com\\\/amberwithsilver.com\\\/wp-content\\\/uploads\\\/2020\\\/12\\\/logo.jpg?fit=232%2C116&ssl=1\",\"contentUrl\":\"https:\\\/\\\/i0.wp.com\\\/amberwithsilver.com\\\/wp-content\\\/uploads\\\/2020\\\/12\\\/logo.jpg?fit=232%2C116&ssl=1\",\"width\":232,\"height\":116,\"caption\":\"amberwithsilver\"},\"image\":{\"@id\":\"https:\\\/\\\/amberwithsilver.com\\\/en\\\/#\\\/schema\\\/logo\\\/image\\\/\"}}]}<\/script>\n<!-- \/ Yoast SEO Premium plugin. -->","yoast_head_json":{"title":"Gryno gintaro \u0161ilt\u0173 atspalvi\u0173 apyrank\u0117 - AmberWithSilver","description":"Gryno gintaro \u0161ilt\u0173 atspalvi\u0173 apyrank\u0117,Pure amber bracelet with warm shades,Baltic amber bracelet for women,Baltijos gintaro apyrank\u0117","robots":{"index":"index","follow":"follow","max-snippet":"max-snippet:-1","max-image-preview":"max-image-preview:large","max-video-preview":"max-video-preview:-1"},"canonical":"https:\/\/amberwithsilver.com\/en\/product\/gryno-gintaro-siltu-atspalviu-apyranke\/","og_locale":"en_US","og_type":"article","og_title":"Gryno gintaro \u0161ilt\u0173 atspalvi\u0173 apyrank\u0117","og_description":"Gryno gintaro \u0161ilt\u0173 atspalvi\u0173 apyrank\u0117,Pure amber bracelet with warm shades,Baltic amber bracelet for women,Baltijos gintaro apyrank\u0117","og_url":"https:\/\/amberwithsilver.com\/en\/product\/gryno-gintaro-siltu-atspalviu-apyranke\/","og_site_name":"AmberWithSilver","article_modified_time":"2021-11-11T10:30:05+00:00","og_image":[{"width":1228,"height":1379,"url":"https:\/\/amberwithsilver.com\/wp-content\/uploads\/2021\/11\/img_8910.jpeg","type":"image\/jpeg"}],"twitter_card":"summary_large_image","schema":{"@context":"https:\/\/schema.org","@graph":[{"@type":"WebPage","@id":"https:\/\/amberwithsilver.com\/product\/gryno-gintaro-siltu-atspalviu-apyranke\/","url":"https:\/\/amberwithsilver.com\/product\/gryno-gintaro-siltu-atspalviu-apyranke\/","name":"Gryno gintaro \u0161ilt\u0173 atspalvi\u0173 apyrank\u0117 - AmberWithSilver","isPartOf":{"@id":"https:\/\/amberwithsilver.com\/en\/#website"},"primaryImageOfPage":{"@id":"https:\/\/amberwithsilver.com\/product\/gryno-gintaro-siltu-atspalviu-apyranke\/#primaryimage"},"image":{"@id":"https:\/\/amberwithsilver.com\/product\/gryno-gintaro-siltu-atspalviu-apyranke\/#primaryimage"},"thumbnailUrl":"https:\/\/amberwithsilver.com\/wp-content\/uploads\/2021\/11\/img_8910.jpeg","datePublished":"2021-11-10T12:06:05+00:00","dateModified":"2021-11-11T10:30:05+00:00","description":"Gryno gintaro \u0161ilt\u0173 atspalvi\u0173 apyrank\u0117,Pure amber bracelet with warm shades,Baltic amber bracelet for women,Baltijos gintaro apyrank\u0117","breadcrumb":{"@id":"https:\/\/amberwithsilver.com\/product\/gryno-gintaro-siltu-atspalviu-apyranke\/#breadcrumb"},"inLanguage":"en-US","potentialAction":[{"@type":"ReadAction","target":["https:\/\/amberwithsilver.com\/product\/gryno-gintaro-siltu-atspalviu-apyranke\/"]}]},{"@type":"ImageObject","inLanguage":"en-US","@id":"https:\/\/amberwithsilver.com\/product\/gryno-gintaro-siltu-atspalviu-apyranke\/#primaryimage","url":"https:\/\/amberwithsilver.com\/wp-content\/uploads\/2021\/11\/img_8910.jpeg","contentUrl":"https:\/\/amberwithsilver.com\/wp-content\/uploads\/2021\/11\/img_8910.jpeg","width":1228,"height":1379,"caption":"Gryno gintaro \u0161ilt\u0173 atspalvi\u0173 apyrank\u0117,Pure amber bracelet with warm shades"},{"@type":"BreadcrumbList","@id":"https:\/\/amberwithsilver.com\/product\/gryno-gintaro-siltu-atspalviu-apyranke\/#breadcrumb","itemListElement":[{"@type":"ListItem","position":1,"name":"Home","item":"https:\/\/amberwithsilver.com\/"},{"@type":"ListItem","position":2,"name":"Parduotuv\u0117","item":"https:\/\/amberwithsilver.com\/en\/parduotuve\/"},{"@type":"ListItem","position":3,"name":"Gryno gintaro \u0161ilt\u0173 atspalvi\u0173 apyrank\u0117"}]},{"@type":"WebSite","@id":"https:\/\/amberwithsilver.com\/en\/#website","url":"https:\/\/amberwithsilver.com\/en\/","name":"AmberWithSilver","description":"Amber-Silver","publisher":{"@id":"https:\/\/amberwithsilver.com\/en\/#organization"},"potentialAction":[{"@type":"SearchAction","target":{"@type":"EntryPoint","urlTemplate":"https:\/\/amberwithsilver.com\/en\/?s={search_term_string}"},"query-input":{"@type":"PropertyValueSpecification","valueRequired":true,"valueName":"search_term_string"}}],"inLanguage":"en-US"},{"@type":"Organization","@id":"https:\/\/amberwithsilver.com\/en\/#organization","name":"amberwithsilver","url":"https:\/\/amberwithsilver.com\/en\/","logo":{"@type":"ImageObject","inLanguage":"en-US","@id":"https:\/\/amberwithsilver.com\/en\/#\/schema\/logo\/image\/","url":"https:\/\/i0.wp.com\/amberwithsilver.com\/wp-content\/uploads\/2020\/12\/logo.jpg?fit=232%2C116&ssl=1","contentUrl":"https:\/\/i0.wp.com\/amberwithsilver.com\/wp-content\/uploads\/2020\/12\/logo.jpg?fit=232%2C116&ssl=1","width":232,"height":116,"caption":"amberwithsilver"},"image":{"@id":"https:\/\/amberwithsilver.com\/en\/#\/schema\/logo\/image\/"}}]}},"jetpack_sharing_enabled":true,"_links":{"self":[{"href":"https:\/\/amberwithsilver.com\/en\/wp-json\/wp\/v2\/product\/1744","targetHints":{"allow":["GET"]}}],"collection":[{"href":"https:\/\/amberwithsilver.com\/en\/wp-json\/wp\/v2\/product"}],"about":[{"href":"https:\/\/amberwithsilver.com\/en\/wp-json\/wp\/v2\/types\/product"}],"replies":[{"embeddable":true,"href":"https:\/\/amberwithsilver.com\/en\/wp-json\/wp\/v2\/comments?post=1744"}],"version-history":[{"count":0,"href":"https:\/\/amberwithsilver.com\/en\/wp-json\/wp\/v2\/product\/1744\/revisions"}],"wp:featuredmedia":[{"embeddable":true,"href":"https:\/\/amberwithsilver.com\/en\/wp-json\/wp\/v2\/media\/1746"}],"wp:attachment":[{"href":"https:\/\/amberwithsilver.com\/en\/wp-json\/wp\/v2\/media?parent=1744"}],"wp:term":[{"taxonomy":"product_brand","embeddable":true,"href":"https:\/\/amberwithsilver.com\/en\/wp-json\/wp\/v2\/product_brand?post=1744"},{"taxonomy":"product_cat","embeddable":true,"href":"https:\/\/amberwithsilver.com\/en\/wp-json\/wp\/v2\/product_cat?post=1744"},{"taxonomy":"product_tag","embeddable":true,"href":"https:\/\/amberwithsilver.com\/en\/wp-json\/wp\/v2\/product_tag?post=1744"}],"curies":[{"name":"wp","href":"https:\/\/api.w.org\/{rel}","templated":true}]}}