{"id":1751,"date":"2021-11-11T12:21:24","date_gmt":"2021-11-11T10:21:24","guid":{"rendered":"http:\/\/amberwithsilver.com\/?post_type=product&#038;p=1751"},"modified":"2021-11-11T12:28:13","modified_gmt":"2021-11-11T10:28:13","slug":"ivairiaspalve-gintaro-staciakampiu-detaliu-apyranke","status":"publish","type":"product","link":"https:\/\/amberwithsilver.com\/en\/product\/ivairiaspalve-gintaro-staciakampiu-detaliu-apyranke\/","title":{"rendered":"Multicolored amber restangle beads stretch bracelet"},"content":{"rendered":"<p>Multicolored amber restangle beads stretch bracelet is made of shiny shades of Baltic amber. This beautiful bracelet is on the stretch.<\/p>\n<ul>\n<li>Multicolored amber rectangle shape beads<\/li>\n<li>Elastic rubber<\/li>\n<li>Weight: ~15 gr.<\/li>\n<\/ul>\n<p>*Please note that the color of the product may vary slightly from that shown in the photo, depending on the monitor used by the Buyer and the lighting settings in the photos.<\/p>","protected":false},"excerpt":{"rendered":"<p>Multicolored amber restangle beads stretch bracelet is made of shiny shades of Baltic amber. This beautiful bracelet is on the stretch.<\/p>\n<ul>\n<li>Multicolored amber rectangle shape beads<\/li>\n<li>Elastic rubber<\/li>\n<li>Weight: ~15 gr.<\/li>\n<\/ul>\n<p>*Please note that the color of the product may vary slightly from that shown in the photo, depending on the monitor used by the Buyer and the lighting settings in the photos.<\/p>","protected":false},"featured_media":1753,"comment_status":"open","ping_status":"closed","template":"","meta":[],"product_brand":[],"product_cat":[18],"product_tag":[433,437,438,439,440,441],"class_list":{"0":"post-1751","1":"product","2":"type-product","3":"status-publish","4":"has-post-thumbnail","6":"product_cat-gintaro-apyrankes","7":"product_tag-baltic-amber-bracelet-for-women","8":"product_tag-ivairiaspalve-gintaro-staciakampiu-detaliu-apyranke","9":"product_tag-multicolored-amber-restangle-beads-stretch-bracelet","10":"product_tag-multicolor-amber-bracelet","11":"product_tag-marga-gintaro-apyranke","12":"product_tag-baltijos-gintaro-moteriska-apyranke","14":"first","15":"instock","16":"taxable","17":"shipping-taxable","18":"purchasable","19":"product-type-simple"},"yoast_head":"<!-- This site is optimized with the Yoast SEO Premium plugin v23.4 (Yoast SEO v26.8) - https:\/\/yoast.com\/product\/yoast-seo-premium-wordpress\/ -->\n<title>\u012evairiaspalv\u0117 gintaro sta\u010diakampi\u0173 detali\u0173 apyrank\u0117 - AmberWithSilver<\/title>\n<meta name=\"description\" content=\"Multicolor amber bracelet,Marga gintaro apyrank\u0117, Baltijos gintaro moteri\u0161ka apyrank\u0117,Baltic amber bracelet for women,Natural amber bracelet\" \/>\n<meta name=\"robots\" content=\"index, follow, max-snippet:-1, max-image-preview:large, max-video-preview:-1\" \/>\n<link rel=\"canonical\" href=\"https:\/\/amberwithsilver.com\/en\/product\/ivairiaspalve-gintaro-staciakampiu-detaliu-apyranke\/\" \/>\n<meta property=\"og:locale\" content=\"en_US\" \/>\n<meta property=\"og:type\" content=\"article\" \/>\n<meta property=\"og:title\" content=\"\u012evairiaspalv\u0117 gintaro sta\u010diakampi\u0173 detali\u0173 apyrank\u0117\" \/>\n<meta property=\"og:description\" content=\"Multicolor amber bracelet,Marga gintaro apyrank\u0117, Baltijos gintaro moteri\u0161ka apyrank\u0117,Baltic amber bracelet for women,Natural amber bracelet\" \/>\n<meta property=\"og:url\" content=\"https:\/\/amberwithsilver.com\/en\/product\/ivairiaspalve-gintaro-staciakampiu-detaliu-apyranke\/\" \/>\n<meta property=\"og:site_name\" content=\"AmberWithSilver\" \/>\n<meta property=\"article:modified_time\" content=\"2021-11-11T10:28:13+00:00\" \/>\n<meta property=\"og:image\" content=\"https:\/\/amberwithsilver.com\/wp-content\/uploads\/2021\/11\/img_8386-scaled.jpeg\" \/>\n\t<meta property=\"og:image:width\" content=\"2560\" \/>\n\t<meta property=\"og:image:height\" content=\"2407\" \/>\n\t<meta property=\"og:image:type\" content=\"image\/jpeg\" \/>\n<meta name=\"twitter:card\" content=\"summary_large_image\" \/>\n<script type=\"application\/ld+json\" class=\"yoast-schema-graph\">{\"@context\":\"https:\/\/schema.org\",\"@graph\":[{\"@type\":\"WebPage\",\"@id\":\"https:\/\/amberwithsilver.com\/product\/ivairiaspalve-gintaro-staciakampiu-detaliu-apyranke\/\",\"url\":\"https:\/\/amberwithsilver.com\/product\/ivairiaspalve-gintaro-staciakampiu-detaliu-apyranke\/\",\"name\":\"\u012evairiaspalv\u0117 gintaro sta\u010diakampi\u0173 detali\u0173 apyrank\u0117 - AmberWithSilver\",\"isPartOf\":{\"@id\":\"https:\/\/amberwithsilver.com\/en\/#website\"},\"primaryImageOfPage\":{\"@id\":\"https:\/\/amberwithsilver.com\/product\/ivairiaspalve-gintaro-staciakampiu-detaliu-apyranke\/#primaryimage\"},\"image\":{\"@id\":\"https:\/\/amberwithsilver.com\/product\/ivairiaspalve-gintaro-staciakampiu-detaliu-apyranke\/#primaryimage\"},\"thumbnailUrl\":\"https:\/\/amberwithsilver.com\/wp-content\/uploads\/2021\/11\/img_8386-scaled.jpeg\",\"datePublished\":\"2021-11-11T10:21:24+00:00\",\"dateModified\":\"2021-11-11T10:28:13+00:00\",\"description\":\"Multicolor amber bracelet,Marga gintaro apyrank\u0117, Baltijos gintaro moteri\u0161ka apyrank\u0117,Baltic amber bracelet for women,Natural amber bracelet\",\"breadcrumb\":{\"@id\":\"https:\/\/amberwithsilver.com\/product\/ivairiaspalve-gintaro-staciakampiu-detaliu-apyranke\/#breadcrumb\"},\"inLanguage\":\"en-US\",\"potentialAction\":[{\"@type\":\"ReadAction\",\"target\":[\"https:\/\/amberwithsilver.com\/product\/ivairiaspalve-gintaro-staciakampiu-detaliu-apyranke\/\"]}]},{\"@type\":\"ImageObject\",\"inLanguage\":\"en-US\",\"@id\":\"https:\/\/amberwithsilver.com\/product\/ivairiaspalve-gintaro-staciakampiu-detaliu-apyranke\/#primaryimage\",\"url\":\"https:\/\/amberwithsilver.com\/wp-content\/uploads\/2021\/11\/img_8386-scaled.jpeg\",\"contentUrl\":\"https:\/\/amberwithsilver.com\/wp-content\/uploads\/2021\/11\/img_8386-scaled.jpeg\",\"width\":2560,\"height\":2407,\"caption\":\"\u012evairiaspalv\u0117 gintaro sta\u010diakampi\u0173 detali\u0173 apyrank\u0117,Multicolored amber restangle beads stretch bracelet\"},{\"@type\":\"BreadcrumbList\",\"@id\":\"https:\/\/amberwithsilver.com\/product\/ivairiaspalve-gintaro-staciakampiu-detaliu-apyranke\/#breadcrumb\",\"itemListElement\":[{\"@type\":\"ListItem\",\"position\":1,\"name\":\"Home\",\"item\":\"https:\/\/amberwithsilver.com\/\"},{\"@type\":\"ListItem\",\"position\":2,\"name\":\"Parduotuv\u0117\",\"item\":\"https:\/\/amberwithsilver.com\/en\/parduotuve\/\"},{\"@type\":\"ListItem\",\"position\":3,\"name\":\"\u012evairiaspalv\u0117 gintaro sta\u010diakampi\u0173 detali\u0173 apyrank\u0117\"}]},{\"@type\":\"WebSite\",\"@id\":\"https:\/\/amberwithsilver.com\/en\/#website\",\"url\":\"https:\/\/amberwithsilver.com\/en\/\",\"name\":\"AmberWithSilver\",\"description\":\"Amber-Silver\",\"publisher\":{\"@id\":\"https:\/\/amberwithsilver.com\/en\/#organization\"},\"potentialAction\":[{\"@type\":\"SearchAction\",\"target\":{\"@type\":\"EntryPoint\",\"urlTemplate\":\"https:\/\/amberwithsilver.com\/en\/?s={search_term_string}\"},\"query-input\":{\"@type\":\"PropertyValueSpecification\",\"valueRequired\":true,\"valueName\":\"search_term_string\"}}],\"inLanguage\":\"en-US\"},{\"@type\":\"Organization\",\"@id\":\"https:\/\/amberwithsilver.com\/en\/#organization\",\"name\":\"amberwithsilver\",\"url\":\"https:\/\/amberwithsilver.com\/en\/\",\"logo\":{\"@type\":\"ImageObject\",\"inLanguage\":\"en-US\",\"@id\":\"https:\/\/amberwithsilver.com\/en\/#\/schema\/logo\/image\/\",\"url\":\"https:\/\/i0.wp.com\/amberwithsilver.com\/wp-content\/uploads\/2020\/12\/logo.jpg?fit=232%2C116&ssl=1\",\"contentUrl\":\"https:\/\/i0.wp.com\/amberwithsilver.com\/wp-content\/uploads\/2020\/12\/logo.jpg?fit=232%2C116&ssl=1\",\"width\":232,\"height\":116,\"caption\":\"amberwithsilver\"},\"image\":{\"@id\":\"https:\/\/amberwithsilver.com\/en\/#\/schema\/logo\/image\/\"}}]}<\/script>\n<!-- \/ Yoast SEO Premium plugin. -->","yoast_head_json":{"title":"\u012evairiaspalv\u0117 gintaro sta\u010diakampi\u0173 detali\u0173 apyrank\u0117 - AmberWithSilver","description":"Multicolor amber bracelet,Marga gintaro apyrank\u0117, Baltijos gintaro moteri\u0161ka apyrank\u0117,Baltic amber bracelet for women,Natural amber bracelet","robots":{"index":"index","follow":"follow","max-snippet":"max-snippet:-1","max-image-preview":"max-image-preview:large","max-video-preview":"max-video-preview:-1"},"canonical":"https:\/\/amberwithsilver.com\/en\/product\/ivairiaspalve-gintaro-staciakampiu-detaliu-apyranke\/","og_locale":"en_US","og_type":"article","og_title":"\u012evairiaspalv\u0117 gintaro sta\u010diakampi\u0173 detali\u0173 apyrank\u0117","og_description":"Multicolor amber bracelet,Marga gintaro apyrank\u0117, Baltijos gintaro moteri\u0161ka apyrank\u0117,Baltic amber bracelet for women,Natural amber bracelet","og_url":"https:\/\/amberwithsilver.com\/en\/product\/ivairiaspalve-gintaro-staciakampiu-detaliu-apyranke\/","og_site_name":"AmberWithSilver","article_modified_time":"2021-11-11T10:28:13+00:00","og_image":[{"width":2560,"height":2407,"url":"https:\/\/amberwithsilver.com\/wp-content\/uploads\/2021\/11\/img_8386-scaled.jpeg","type":"image\/jpeg"}],"twitter_card":"summary_large_image","schema":{"@context":"https:\/\/schema.org","@graph":[{"@type":"WebPage","@id":"https:\/\/amberwithsilver.com\/product\/ivairiaspalve-gintaro-staciakampiu-detaliu-apyranke\/","url":"https:\/\/amberwithsilver.com\/product\/ivairiaspalve-gintaro-staciakampiu-detaliu-apyranke\/","name":"\u012evairiaspalv\u0117 gintaro sta\u010diakampi\u0173 detali\u0173 apyrank\u0117 - AmberWithSilver","isPartOf":{"@id":"https:\/\/amberwithsilver.com\/en\/#website"},"primaryImageOfPage":{"@id":"https:\/\/amberwithsilver.com\/product\/ivairiaspalve-gintaro-staciakampiu-detaliu-apyranke\/#primaryimage"},"image":{"@id":"https:\/\/amberwithsilver.com\/product\/ivairiaspalve-gintaro-staciakampiu-detaliu-apyranke\/#primaryimage"},"thumbnailUrl":"https:\/\/amberwithsilver.com\/wp-content\/uploads\/2021\/11\/img_8386-scaled.jpeg","datePublished":"2021-11-11T10:21:24+00:00","dateModified":"2021-11-11T10:28:13+00:00","description":"Multicolor amber bracelet,Marga gintaro apyrank\u0117, Baltijos gintaro moteri\u0161ka apyrank\u0117,Baltic amber bracelet for women,Natural amber bracelet","breadcrumb":{"@id":"https:\/\/amberwithsilver.com\/product\/ivairiaspalve-gintaro-staciakampiu-detaliu-apyranke\/#breadcrumb"},"inLanguage":"en-US","potentialAction":[{"@type":"ReadAction","target":["https:\/\/amberwithsilver.com\/product\/ivairiaspalve-gintaro-staciakampiu-detaliu-apyranke\/"]}]},{"@type":"ImageObject","inLanguage":"en-US","@id":"https:\/\/amberwithsilver.com\/product\/ivairiaspalve-gintaro-staciakampiu-detaliu-apyranke\/#primaryimage","url":"https:\/\/amberwithsilver.com\/wp-content\/uploads\/2021\/11\/img_8386-scaled.jpeg","contentUrl":"https:\/\/amberwithsilver.com\/wp-content\/uploads\/2021\/11\/img_8386-scaled.jpeg","width":2560,"height":2407,"caption":"\u012evairiaspalv\u0117 gintaro sta\u010diakampi\u0173 detali\u0173 apyrank\u0117,Multicolored amber restangle beads stretch bracelet"},{"@type":"BreadcrumbList","@id":"https:\/\/amberwithsilver.com\/product\/ivairiaspalve-gintaro-staciakampiu-detaliu-apyranke\/#breadcrumb","itemListElement":[{"@type":"ListItem","position":1,"name":"Home","item":"https:\/\/amberwithsilver.com\/"},{"@type":"ListItem","position":2,"name":"Parduotuv\u0117","item":"https:\/\/amberwithsilver.com\/en\/parduotuve\/"},{"@type":"ListItem","position":3,"name":"\u012evairiaspalv\u0117 gintaro sta\u010diakampi\u0173 detali\u0173 apyrank\u0117"}]},{"@type":"WebSite","@id":"https:\/\/amberwithsilver.com\/en\/#website","url":"https:\/\/amberwithsilver.com\/en\/","name":"AmberWithSilver","description":"Amber-Silver","publisher":{"@id":"https:\/\/amberwithsilver.com\/en\/#organization"},"potentialAction":[{"@type":"SearchAction","target":{"@type":"EntryPoint","urlTemplate":"https:\/\/amberwithsilver.com\/en\/?s={search_term_string}"},"query-input":{"@type":"PropertyValueSpecification","valueRequired":true,"valueName":"search_term_string"}}],"inLanguage":"en-US"},{"@type":"Organization","@id":"https:\/\/amberwithsilver.com\/en\/#organization","name":"amberwithsilver","url":"https:\/\/amberwithsilver.com\/en\/","logo":{"@type":"ImageObject","inLanguage":"en-US","@id":"https:\/\/amberwithsilver.com\/en\/#\/schema\/logo\/image\/","url":"https:\/\/i0.wp.com\/amberwithsilver.com\/wp-content\/uploads\/2020\/12\/logo.jpg?fit=232%2C116&ssl=1","contentUrl":"https:\/\/i0.wp.com\/amberwithsilver.com\/wp-content\/uploads\/2020\/12\/logo.jpg?fit=232%2C116&ssl=1","width":232,"height":116,"caption":"amberwithsilver"},"image":{"@id":"https:\/\/amberwithsilver.com\/en\/#\/schema\/logo\/image\/"}}]}},"jetpack_sharing_enabled":true,"_links":{"self":[{"href":"https:\/\/amberwithsilver.com\/en\/wp-json\/wp\/v2\/product\/1751","targetHints":{"allow":["GET"]}}],"collection":[{"href":"https:\/\/amberwithsilver.com\/en\/wp-json\/wp\/v2\/product"}],"about":[{"href":"https:\/\/amberwithsilver.com\/en\/wp-json\/wp\/v2\/types\/product"}],"replies":[{"embeddable":true,"href":"https:\/\/amberwithsilver.com\/en\/wp-json\/wp\/v2\/comments?post=1751"}],"version-history":[{"count":0,"href":"https:\/\/amberwithsilver.com\/en\/wp-json\/wp\/v2\/product\/1751\/revisions"}],"wp:featuredmedia":[{"embeddable":true,"href":"https:\/\/amberwithsilver.com\/en\/wp-json\/wp\/v2\/media\/1753"}],"wp:attachment":[{"href":"https:\/\/amberwithsilver.com\/en\/wp-json\/wp\/v2\/media?parent=1751"}],"wp:term":[{"taxonomy":"product_brand","embeddable":true,"href":"https:\/\/amberwithsilver.com\/en\/wp-json\/wp\/v2\/product_brand?post=1751"},{"taxonomy":"product_cat","embeddable":true,"href":"https:\/\/amberwithsilver.com\/en\/wp-json\/wp\/v2\/product_cat?post=1751"},{"taxonomy":"product_tag","embeddable":true,"href":"https:\/\/amberwithsilver.com\/en\/wp-json\/wp\/v2\/product_tag?post=1751"}],"curies":[{"name":"wp","href":"https:\/\/api.w.org\/{rel}","templated":true}]}}