{"id":1759,"date":"2021-11-11T13:04:58","date_gmt":"2021-11-11T11:04:58","guid":{"rendered":"http:\/\/amberwithsilver.com\/?post_type=product&#038;p=1759"},"modified":"2025-05-14T17:45:58","modified_gmt":"2025-05-14T15:45:58","slug":"juoda-balta-gintaro-rutuliuku-apyranke-10-mm","status":"publish","type":"product","link":"https:\/\/amberwithsilver.com\/en\/product\/juoda-balta-gintaro-rutuliuku-apyranke-10-mm\/","title":{"rendered":"Black &amp; white amber round beads stretch bracelet 10 mm"},"content":{"rendered":"<p>Black &amp; white amber round beads stretch bracelet 10 mm. Black amber bracelet is made of 100% Baltic amber unpolished round shape beads. Softly round Baltic amber beads of 10 mm in size perfectly combine with white amber bead in the middle, which is 15mm in size and polished. This two-color composition is very popular and in fashion. Suitable for both - men and women! Eye catching bracelet is on the stretch.<\/p>\n<ul>\n<li><span class=\"VIiyi\" lang=\"lt\"><span class=\"JLqJ4b ChMk0b\" data-language-for-alternatives=\"lt\" data-language-to-translate-into=\"en\" data-phrase-index=\"2\" data-number-of-phrases=\"3\">Black color recycled unpolished Baltic amber round beads<\/span><\/span><\/li>\n<li>One round milky bead<\/li>\n<li>Elastic silicon<\/li>\n<li>Weight: ~13,4 grams.<\/li>\n<\/ul>\n<p>*Please note that the color of the product may vary slightly from that shown in the photo, depending on the monitor used by the Buyer and the lighting settings in the photos.<\/p>","protected":false},"excerpt":{"rendered":"<p>Black &amp; white amber round beads stretch bracelet 10 mm. Black amber bracelet is made of 100% Baltic amber unpolished round shape beads. Softly round Baltic amber beads of 10 mm in size perfectly combine with white amber bead in the middle, which is 15mm in size and polished. This two-color composition is very popular and in fashion. Suitable for both - men and women! Eye catching bracelet is on the stretch.<\/p>\n<ul>\n<li><span class=\"VIiyi\" lang=\"lt\"><span class=\"JLqJ4b ChMk0b\" data-language-for-alternatives=\"lt\" data-language-to-translate-into=\"en\" data-phrase-index=\"2\" data-number-of-phrases=\"3\">Black color recycled unpolished Baltic amber round beads<\/span><\/span><\/li>\n<li>One round milky bead<\/li>\n<li>Elastic silicon<\/li>\n<li>Weight: ~13,4 grams.<\/li>\n<\/ul>\n<p>*Please note that the color of the product may vary slightly from that shown in the photo, depending on the monitor used by the Buyer and the lighting settings in the photos.<\/p>","protected":false},"featured_media":2068,"comment_status":"open","ping_status":"closed","template":"","meta":[],"product_brand":[],"product_cat":[59,18,60],"product_tag":[442,443,444,445,446,447,448],"class_list":{"0":"post-1759","1":"product","2":"type-product","3":"status-publish","4":"has-post-thumbnail","6":"product_cat-gintaro-papuosalai-vyrams","7":"product_cat-gintaro-apyrankes","8":"product_cat-juodo-gintaro-kolekcija","9":"product_tag-juoda-balta-gintaro-rutuliuku-apyranke-10mm","10":"product_tag-black-white-amber-round-beads-stretch-bracelet","11":"product_tag-black-amber-bracelet","12":"product_tag-amber-bracelet-for-him","13":"product_tag-gintaro-apyranke-jam","14":"product_tag-juodo-gintaro-apyranke","15":"product_tag-perdirbtas-gintaras","17":"first","18":"instock","19":"sale","20":"taxable","21":"shipping-taxable","22":"purchasable","23":"product-type-simple"},"yoast_head":"<!-- This site is optimized with the Yoast SEO Premium plugin v23.4 (Yoast SEO v26.8) - https:\/\/yoast.com\/product\/yoast-seo-premium-wordpress\/ -->\n<title>Juoda &amp; balta gintaro rutuliuk\u0173 apyrank\u0117 10 mm - AmberWithSilver<\/title>\n<meta name=\"description\" content=\"Juoda&amp;balta gintaro rutuliuk\u0173 apyrank\u0117,Black amber,Amber bracelet for him,Gintaro apyrank\u0117 jam, Juodo gintaro apyrank\u0117,Perdirbtas gintaras\" \/>\n<meta name=\"robots\" content=\"index, follow, max-snippet:-1, max-image-preview:large, max-video-preview:-1\" \/>\n<link rel=\"canonical\" href=\"https:\/\/amberwithsilver.com\/en\/product\/juoda-balta-gintaro-rutuliuku-apyranke-10-mm\/\" \/>\n<meta property=\"og:locale\" content=\"en_US\" \/>\n<meta property=\"og:type\" content=\"article\" \/>\n<meta property=\"og:title\" content=\"Juoda &amp; balta gintaro rutuliuk\u0173 apyrank\u0117 10 mm\" \/>\n<meta property=\"og:description\" content=\"Juoda&amp;balta gintaro rutuliuk\u0173 apyrank\u0117,Black amber,Amber bracelet for him,Gintaro apyrank\u0117 jam, Juodo gintaro apyrank\u0117,Perdirbtas gintaras\" \/>\n<meta property=\"og:url\" content=\"https:\/\/amberwithsilver.com\/en\/product\/juoda-balta-gintaro-rutuliuku-apyranke-10-mm\/\" \/>\n<meta property=\"og:site_name\" content=\"AmberWithSilver\" \/>\n<meta property=\"article:modified_time\" content=\"2025-05-14T15:45:58+00:00\" \/>\n<meta property=\"og:image\" content=\"https:\/\/amberwithsilver.com\/wp-content\/uploads\/2021\/12\/img_1618-scaled.jpeg\" \/>\n\t<meta property=\"og:image:width\" content=\"2278\" \/>\n\t<meta property=\"og:image:height\" content=\"2560\" \/>\n\t<meta property=\"og:image:type\" content=\"image\/jpeg\" \/>\n<meta name=\"twitter:card\" content=\"summary_large_image\" \/>\n<script type=\"application\/ld+json\" class=\"yoast-schema-graph\">{\"@context\":\"https:\/\/schema.org\",\"@graph\":[{\"@type\":\"WebPage\",\"@id\":\"https:\/\/amberwithsilver.com\/product\/juoda-balta-gintaro-rutuliuku-apyranke-10-mm\/\",\"url\":\"https:\/\/amberwithsilver.com\/product\/juoda-balta-gintaro-rutuliuku-apyranke-10-mm\/\",\"name\":\"Juoda &amp; balta gintaro rutuliuk\u0173 apyrank\u0117 10 mm - AmberWithSilver\",\"isPartOf\":{\"@id\":\"https:\/\/amberwithsilver.com\/en\/#website\"},\"primaryImageOfPage\":{\"@id\":\"https:\/\/amberwithsilver.com\/product\/juoda-balta-gintaro-rutuliuku-apyranke-10-mm\/#primaryimage\"},\"image\":{\"@id\":\"https:\/\/amberwithsilver.com\/product\/juoda-balta-gintaro-rutuliuku-apyranke-10-mm\/#primaryimage\"},\"thumbnailUrl\":\"https:\/\/amberwithsilver.com\/wp-content\/uploads\/2021\/12\/img_1618-scaled.jpeg\",\"datePublished\":\"2021-11-11T11:04:58+00:00\",\"dateModified\":\"2025-05-14T15:45:58+00:00\",\"description\":\"Juoda&balta gintaro rutuliuk\u0173 apyrank\u0117,Black amber,Amber bracelet for him,Gintaro apyrank\u0117 jam, Juodo gintaro apyrank\u0117,Perdirbtas gintaras\",\"breadcrumb\":{\"@id\":\"https:\/\/amberwithsilver.com\/product\/juoda-balta-gintaro-rutuliuku-apyranke-10-mm\/#breadcrumb\"},\"inLanguage\":\"en-US\",\"potentialAction\":[{\"@type\":\"ReadAction\",\"target\":[\"https:\/\/amberwithsilver.com\/product\/juoda-balta-gintaro-rutuliuku-apyranke-10-mm\/\"]}]},{\"@type\":\"ImageObject\",\"inLanguage\":\"en-US\",\"@id\":\"https:\/\/amberwithsilver.com\/product\/juoda-balta-gintaro-rutuliuku-apyranke-10-mm\/#primaryimage\",\"url\":\"https:\/\/amberwithsilver.com\/wp-content\/uploads\/2021\/12\/img_1618-scaled.jpeg\",\"contentUrl\":\"https:\/\/amberwithsilver.com\/wp-content\/uploads\/2021\/12\/img_1618-scaled.jpeg\",\"width\":2278,\"height\":2560,\"caption\":\"Juoda & balta gintaro rutuliuk\u0173 apyrank\u0117 10mm,Black & white amber round beads stretch bracelet 10 mm\"},{\"@type\":\"BreadcrumbList\",\"@id\":\"https:\/\/amberwithsilver.com\/product\/juoda-balta-gintaro-rutuliuku-apyranke-10-mm\/#breadcrumb\",\"itemListElement\":[{\"@type\":\"ListItem\",\"position\":1,\"name\":\"Home\",\"item\":\"https:\/\/amberwithsilver.com\/\"},{\"@type\":\"ListItem\",\"position\":2,\"name\":\"Parduotuv\u0117\",\"item\":\"https:\/\/amberwithsilver.com\/en\/parduotuve\/\"},{\"@type\":\"ListItem\",\"position\":3,\"name\":\"Juoda &amp; balta gintaro rutuliuk\u0173 apyrank\u0117 10 mm\"}]},{\"@type\":\"WebSite\",\"@id\":\"https:\/\/amberwithsilver.com\/en\/#website\",\"url\":\"https:\/\/amberwithsilver.com\/en\/\",\"name\":\"AmberWithSilver\",\"description\":\"Amber-Silver\",\"publisher\":{\"@id\":\"https:\/\/amberwithsilver.com\/en\/#organization\"},\"potentialAction\":[{\"@type\":\"SearchAction\",\"target\":{\"@type\":\"EntryPoint\",\"urlTemplate\":\"https:\/\/amberwithsilver.com\/en\/?s={search_term_string}\"},\"query-input\":{\"@type\":\"PropertyValueSpecification\",\"valueRequired\":true,\"valueName\":\"search_term_string\"}}],\"inLanguage\":\"en-US\"},{\"@type\":\"Organization\",\"@id\":\"https:\/\/amberwithsilver.com\/en\/#organization\",\"name\":\"amberwithsilver\",\"url\":\"https:\/\/amberwithsilver.com\/en\/\",\"logo\":{\"@type\":\"ImageObject\",\"inLanguage\":\"en-US\",\"@id\":\"https:\/\/amberwithsilver.com\/en\/#\/schema\/logo\/image\/\",\"url\":\"https:\/\/i0.wp.com\/amberwithsilver.com\/wp-content\/uploads\/2020\/12\/logo.jpg?fit=232%2C116&ssl=1\",\"contentUrl\":\"https:\/\/i0.wp.com\/amberwithsilver.com\/wp-content\/uploads\/2020\/12\/logo.jpg?fit=232%2C116&ssl=1\",\"width\":232,\"height\":116,\"caption\":\"amberwithsilver\"},\"image\":{\"@id\":\"https:\/\/amberwithsilver.com\/en\/#\/schema\/logo\/image\/\"}}]}<\/script>\n<!-- \/ Yoast SEO Premium plugin. -->","yoast_head_json":{"title":"Juoda &amp; balta gintaro rutuliuk\u0173 apyrank\u0117 10 mm - AmberWithSilver","description":"Juoda&balta gintaro rutuliuk\u0173 apyrank\u0117,Black amber,Amber bracelet for him,Gintaro apyrank\u0117 jam, Juodo gintaro apyrank\u0117,Perdirbtas gintaras","robots":{"index":"index","follow":"follow","max-snippet":"max-snippet:-1","max-image-preview":"max-image-preview:large","max-video-preview":"max-video-preview:-1"},"canonical":"https:\/\/amberwithsilver.com\/en\/product\/juoda-balta-gintaro-rutuliuku-apyranke-10-mm\/","og_locale":"en_US","og_type":"article","og_title":"Juoda &amp; balta gintaro rutuliuk\u0173 apyrank\u0117 10 mm","og_description":"Juoda&balta gintaro rutuliuk\u0173 apyrank\u0117,Black amber,Amber bracelet for him,Gintaro apyrank\u0117 jam, Juodo gintaro apyrank\u0117,Perdirbtas gintaras","og_url":"https:\/\/amberwithsilver.com\/en\/product\/juoda-balta-gintaro-rutuliuku-apyranke-10-mm\/","og_site_name":"AmberWithSilver","article_modified_time":"2025-05-14T15:45:58+00:00","og_image":[{"width":2278,"height":2560,"url":"https:\/\/amberwithsilver.com\/wp-content\/uploads\/2021\/12\/img_1618-scaled.jpeg","type":"image\/jpeg"}],"twitter_card":"summary_large_image","schema":{"@context":"https:\/\/schema.org","@graph":[{"@type":"WebPage","@id":"https:\/\/amberwithsilver.com\/product\/juoda-balta-gintaro-rutuliuku-apyranke-10-mm\/","url":"https:\/\/amberwithsilver.com\/product\/juoda-balta-gintaro-rutuliuku-apyranke-10-mm\/","name":"Juoda &amp; balta gintaro rutuliuk\u0173 apyrank\u0117 10 mm - AmberWithSilver","isPartOf":{"@id":"https:\/\/amberwithsilver.com\/en\/#website"},"primaryImageOfPage":{"@id":"https:\/\/amberwithsilver.com\/product\/juoda-balta-gintaro-rutuliuku-apyranke-10-mm\/#primaryimage"},"image":{"@id":"https:\/\/amberwithsilver.com\/product\/juoda-balta-gintaro-rutuliuku-apyranke-10-mm\/#primaryimage"},"thumbnailUrl":"https:\/\/amberwithsilver.com\/wp-content\/uploads\/2021\/12\/img_1618-scaled.jpeg","datePublished":"2021-11-11T11:04:58+00:00","dateModified":"2025-05-14T15:45:58+00:00","description":"Juoda&balta gintaro rutuliuk\u0173 apyrank\u0117,Black amber,Amber bracelet for him,Gintaro apyrank\u0117 jam, Juodo gintaro apyrank\u0117,Perdirbtas gintaras","breadcrumb":{"@id":"https:\/\/amberwithsilver.com\/product\/juoda-balta-gintaro-rutuliuku-apyranke-10-mm\/#breadcrumb"},"inLanguage":"en-US","potentialAction":[{"@type":"ReadAction","target":["https:\/\/amberwithsilver.com\/product\/juoda-balta-gintaro-rutuliuku-apyranke-10-mm\/"]}]},{"@type":"ImageObject","inLanguage":"en-US","@id":"https:\/\/amberwithsilver.com\/product\/juoda-balta-gintaro-rutuliuku-apyranke-10-mm\/#primaryimage","url":"https:\/\/amberwithsilver.com\/wp-content\/uploads\/2021\/12\/img_1618-scaled.jpeg","contentUrl":"https:\/\/amberwithsilver.com\/wp-content\/uploads\/2021\/12\/img_1618-scaled.jpeg","width":2278,"height":2560,"caption":"Juoda & balta gintaro rutuliuk\u0173 apyrank\u0117 10mm,Black & white amber round beads stretch bracelet 10 mm"},{"@type":"BreadcrumbList","@id":"https:\/\/amberwithsilver.com\/product\/juoda-balta-gintaro-rutuliuku-apyranke-10-mm\/#breadcrumb","itemListElement":[{"@type":"ListItem","position":1,"name":"Home","item":"https:\/\/amberwithsilver.com\/"},{"@type":"ListItem","position":2,"name":"Parduotuv\u0117","item":"https:\/\/amberwithsilver.com\/en\/parduotuve\/"},{"@type":"ListItem","position":3,"name":"Juoda &amp; balta gintaro rutuliuk\u0173 apyrank\u0117 10 mm"}]},{"@type":"WebSite","@id":"https:\/\/amberwithsilver.com\/en\/#website","url":"https:\/\/amberwithsilver.com\/en\/","name":"AmberWithSilver","description":"Amber-Silver","publisher":{"@id":"https:\/\/amberwithsilver.com\/en\/#organization"},"potentialAction":[{"@type":"SearchAction","target":{"@type":"EntryPoint","urlTemplate":"https:\/\/amberwithsilver.com\/en\/?s={search_term_string}"},"query-input":{"@type":"PropertyValueSpecification","valueRequired":true,"valueName":"search_term_string"}}],"inLanguage":"en-US"},{"@type":"Organization","@id":"https:\/\/amberwithsilver.com\/en\/#organization","name":"amberwithsilver","url":"https:\/\/amberwithsilver.com\/en\/","logo":{"@type":"ImageObject","inLanguage":"en-US","@id":"https:\/\/amberwithsilver.com\/en\/#\/schema\/logo\/image\/","url":"https:\/\/i0.wp.com\/amberwithsilver.com\/wp-content\/uploads\/2020\/12\/logo.jpg?fit=232%2C116&ssl=1","contentUrl":"https:\/\/i0.wp.com\/amberwithsilver.com\/wp-content\/uploads\/2020\/12\/logo.jpg?fit=232%2C116&ssl=1","width":232,"height":116,"caption":"amberwithsilver"},"image":{"@id":"https:\/\/amberwithsilver.com\/en\/#\/schema\/logo\/image\/"}}]}},"jetpack_sharing_enabled":true,"_links":{"self":[{"href":"https:\/\/amberwithsilver.com\/en\/wp-json\/wp\/v2\/product\/1759","targetHints":{"allow":["GET"]}}],"collection":[{"href":"https:\/\/amberwithsilver.com\/en\/wp-json\/wp\/v2\/product"}],"about":[{"href":"https:\/\/amberwithsilver.com\/en\/wp-json\/wp\/v2\/types\/product"}],"replies":[{"embeddable":true,"href":"https:\/\/amberwithsilver.com\/en\/wp-json\/wp\/v2\/comments?post=1759"}],"version-history":[{"count":0,"href":"https:\/\/amberwithsilver.com\/en\/wp-json\/wp\/v2\/product\/1759\/revisions"}],"wp:featuredmedia":[{"embeddable":true,"href":"https:\/\/amberwithsilver.com\/en\/wp-json\/wp\/v2\/media\/2068"}],"wp:attachment":[{"href":"https:\/\/amberwithsilver.com\/en\/wp-json\/wp\/v2\/media?parent=1759"}],"wp:term":[{"taxonomy":"product_brand","embeddable":true,"href":"https:\/\/amberwithsilver.com\/en\/wp-json\/wp\/v2\/product_brand?post=1759"},{"taxonomy":"product_cat","embeddable":true,"href":"https:\/\/amberwithsilver.com\/en\/wp-json\/wp\/v2\/product_cat?post=1759"},{"taxonomy":"product_tag","embeddable":true,"href":"https:\/\/amberwithsilver.com\/en\/wp-json\/wp\/v2\/product_tag?post=1759"}],"curies":[{"name":"wp","href":"https:\/\/api.w.org\/{rel}","templated":true}]}}