{"id":1792,"date":"2021-11-12T18:53:39","date_gmt":"2021-11-12T16:53:39","guid":{"rendered":"http:\/\/amberwithsilver.com\/?post_type=product&#038;p=1792"},"modified":"2021-11-12T19:03:34","modified_gmt":"2021-11-12T17:03:34","slug":"gryno-gintaro-baroko-formos-apyranke","status":"publish","type":"product","link":"https:\/\/amberwithsilver.com\/en\/product\/gryno-gintaro-baroko-formos-apyranke\/","title":{"rendered":"Pure amber baroque beads stretch bracelet"},"content":{"rendered":"<p>Pure amber baroque beads stretch bracelet. The bracelet is made of natural amber color pieces, shining with warm shades of honey, yellow, brown and white. Pleasant, lightweight and beautiful Baltic amber bracelet is radiant with energy and harmony to those who wear it. Also suitable for Gentlemen.<\/p>\n<ul>\n<li>Natural color baroque shape beads<\/li>\n<li>Elastic silicon<\/li>\n<li>Weight: ~14,8 grams.<\/li>\n<\/ul>","protected":false},"excerpt":{"rendered":"<p>Pure amber baroque beads stretch bracelet. The bracelet is made of natural amber color pieces, shining with warm shades of honey, yellow, brown and white. Pleasant, lightweight and beautiful Baltic amber bracelet is radiant with energy and harmony to those who wear it. Also suitable for Gentlemen.<\/p>\n<ul>\n<li>Natural color baroque shape beads<\/li>\n<li>Elastic silicon<\/li>\n<li>Weight: ~14,8 grams.<\/li>\n<\/ul>","protected":false},"featured_media":1797,"comment_status":"open","ping_status":"closed","template":"","meta":[],"product_brand":[],"product_cat":[59,18],"product_tag":[332,458,459,460,461,462],"class_list":{"0":"post-1792","1":"product","2":"type-product","3":"status-publish","4":"has-post-thumbnail","6":"product_cat-gintaro-papuosalai-vyrams","7":"product_cat-gintaro-apyrankes","8":"product_tag-naturali-baltijos-gintaro-apyranke","9":"product_tag-pure-amber-baroque-beads-stretch-bracelet","10":"product_tag-gryno-gintaro-baroko-formos-apyranke","11":"product_tag-natural-color-amber-bracelet","12":"product_tag-baroko-formos-gintaro-apyranke","13":"product_tag-baroque-shape-amber-bracelet","15":"first","16":"instock","17":"taxable","18":"shipping-taxable","19":"purchasable","20":"product-type-simple"},"yoast_head":"<!-- This site is optimized with the Yoast SEO Premium plugin v23.4 (Yoast SEO v27.4) - https:\/\/yoast.com\/product\/yoast-seo-premium-wordpress\/ -->\n<title>Gryno gintaro baroko formos apyrank\u0117 - AmberWithSilver<\/title>\n<meta name=\"description\" content=\"Pure amber baroque bead stretch bracelet,Gryno gintaro baroko formos apyrank\u0117,Natural color amber bracelet,Nat\u016brali Baltijos gintaro apyrank\u0117\" \/>\n<meta name=\"robots\" content=\"index, follow, max-snippet:-1, max-image-preview:large, max-video-preview:-1\" \/>\n<link rel=\"canonical\" href=\"https:\/\/amberwithsilver.com\/en\/product\/gryno-gintaro-baroko-formos-apyranke\/\" \/>\n<meta property=\"og:locale\" content=\"en_US\" \/>\n<meta property=\"og:type\" content=\"article\" \/>\n<meta property=\"og:title\" content=\"Gryno gintaro baroko formos apyrank\u0117\" \/>\n<meta property=\"og:description\" content=\"Pure amber baroque bead stretch bracelet,Gryno gintaro baroko formos apyrank\u0117,Natural color amber bracelet,Nat\u016brali Baltijos gintaro apyrank\u0117\" \/>\n<meta property=\"og:url\" content=\"https:\/\/amberwithsilver.com\/en\/product\/gryno-gintaro-baroko-formos-apyranke\/\" \/>\n<meta property=\"og:site_name\" content=\"AmberWithSilver\" \/>\n<meta property=\"article:modified_time\" content=\"2021-11-12T17:03:34+00:00\" \/>\n<meta property=\"og:image\" content=\"https:\/\/amberwithsilver.com\/wp-content\/uploads\/2021\/11\/img_9143-1.jpeg\" \/>\n\t<meta property=\"og:image:width\" content=\"1827\" \/>\n\t<meta property=\"og:image:height\" content=\"1875\" \/>\n\t<meta property=\"og:image:type\" content=\"image\/jpeg\" \/>\n<meta name=\"twitter:card\" content=\"summary_large_image\" \/>\n<script type=\"application\/ld+json\" class=\"yoast-schema-graph\">{\"@context\":\"https:\\\/\\\/schema.org\",\"@graph\":[{\"@type\":\"WebPage\",\"@id\":\"https:\\\/\\\/amberwithsilver.com\\\/product\\\/gryno-gintaro-baroko-formos-apyranke\\\/\",\"url\":\"https:\\\/\\\/amberwithsilver.com\\\/product\\\/gryno-gintaro-baroko-formos-apyranke\\\/\",\"name\":\"Gryno gintaro baroko formos apyrank\u0117 - AmberWithSilver\",\"isPartOf\":{\"@id\":\"https:\\\/\\\/amberwithsilver.com\\\/en\\\/#website\"},\"primaryImageOfPage\":{\"@id\":\"https:\\\/\\\/amberwithsilver.com\\\/product\\\/gryno-gintaro-baroko-formos-apyranke\\\/#primaryimage\"},\"image\":{\"@id\":\"https:\\\/\\\/amberwithsilver.com\\\/product\\\/gryno-gintaro-baroko-formos-apyranke\\\/#primaryimage\"},\"thumbnailUrl\":\"https:\\\/\\\/amberwithsilver.com\\\/wp-content\\\/uploads\\\/2021\\\/11\\\/img_9143-1.jpeg\",\"datePublished\":\"2021-11-12T16:53:39+00:00\",\"dateModified\":\"2021-11-12T17:03:34+00:00\",\"description\":\"Pure amber baroque bead stretch bracelet,Gryno gintaro baroko formos apyrank\u0117,Natural color amber bracelet,Nat\u016brali Baltijos gintaro apyrank\u0117\",\"breadcrumb\":{\"@id\":\"https:\\\/\\\/amberwithsilver.com\\\/product\\\/gryno-gintaro-baroko-formos-apyranke\\\/#breadcrumb\"},\"inLanguage\":\"en-US\",\"potentialAction\":[{\"@type\":\"ReadAction\",\"target\":[\"https:\\\/\\\/amberwithsilver.com\\\/product\\\/gryno-gintaro-baroko-formos-apyranke\\\/\"]}]},{\"@type\":\"ImageObject\",\"inLanguage\":\"en-US\",\"@id\":\"https:\\\/\\\/amberwithsilver.com\\\/product\\\/gryno-gintaro-baroko-formos-apyranke\\\/#primaryimage\",\"url\":\"https:\\\/\\\/amberwithsilver.com\\\/wp-content\\\/uploads\\\/2021\\\/11\\\/img_9143-1.jpeg\",\"contentUrl\":\"https:\\\/\\\/amberwithsilver.com\\\/wp-content\\\/uploads\\\/2021\\\/11\\\/img_9143-1.jpeg\",\"width\":1827,\"height\":1875,\"caption\":\"Gryno gintaro baroko formos apyrank\u0117,Pure amber baroque beads stretch bracelet\"},{\"@type\":\"BreadcrumbList\",\"@id\":\"https:\\\/\\\/amberwithsilver.com\\\/product\\\/gryno-gintaro-baroko-formos-apyranke\\\/#breadcrumb\",\"itemListElement\":[{\"@type\":\"ListItem\",\"position\":1,\"name\":\"Home\",\"item\":\"https:\\\/\\\/amberwithsilver.com\\\/\"},{\"@type\":\"ListItem\",\"position\":2,\"name\":\"Parduotuv\u0117\",\"item\":\"https:\\\/\\\/amberwithsilver.com\\\/en\\\/parduotuve\\\/\"},{\"@type\":\"ListItem\",\"position\":3,\"name\":\"Gryno gintaro baroko formos apyrank\u0117\"}]},{\"@type\":\"WebSite\",\"@id\":\"https:\\\/\\\/amberwithsilver.com\\\/en\\\/#website\",\"url\":\"https:\\\/\\\/amberwithsilver.com\\\/en\\\/\",\"name\":\"AmberWithSilver\",\"description\":\"Amber-Silver\",\"publisher\":{\"@id\":\"https:\\\/\\\/amberwithsilver.com\\\/en\\\/#organization\"},\"potentialAction\":[{\"@type\":\"SearchAction\",\"target\":{\"@type\":\"EntryPoint\",\"urlTemplate\":\"https:\\\/\\\/amberwithsilver.com\\\/en\\\/?s={search_term_string}\"},\"query-input\":{\"@type\":\"PropertyValueSpecification\",\"valueRequired\":true,\"valueName\":\"search_term_string\"}}],\"inLanguage\":\"en-US\"},{\"@type\":\"Organization\",\"@id\":\"https:\\\/\\\/amberwithsilver.com\\\/en\\\/#organization\",\"name\":\"amberwithsilver\",\"url\":\"https:\\\/\\\/amberwithsilver.com\\\/en\\\/\",\"logo\":{\"@type\":\"ImageObject\",\"inLanguage\":\"en-US\",\"@id\":\"https:\\\/\\\/amberwithsilver.com\\\/en\\\/#\\\/schema\\\/logo\\\/image\\\/\",\"url\":\"https:\\\/\\\/i0.wp.com\\\/amberwithsilver.com\\\/wp-content\\\/uploads\\\/2020\\\/12\\\/logo.jpg?fit=232%2C116&ssl=1\",\"contentUrl\":\"https:\\\/\\\/i0.wp.com\\\/amberwithsilver.com\\\/wp-content\\\/uploads\\\/2020\\\/12\\\/logo.jpg?fit=232%2C116&ssl=1\",\"width\":232,\"height\":116,\"caption\":\"amberwithsilver\"},\"image\":{\"@id\":\"https:\\\/\\\/amberwithsilver.com\\\/en\\\/#\\\/schema\\\/logo\\\/image\\\/\"}}]}<\/script>\n<!-- \/ Yoast SEO Premium plugin. -->","yoast_head_json":{"title":"Gryno gintaro baroko formos apyrank\u0117 - AmberWithSilver","description":"Pure amber baroque bead stretch bracelet,Gryno gintaro baroko formos apyrank\u0117,Natural color amber bracelet,Nat\u016brali Baltijos gintaro apyrank\u0117","robots":{"index":"index","follow":"follow","max-snippet":"max-snippet:-1","max-image-preview":"max-image-preview:large","max-video-preview":"max-video-preview:-1"},"canonical":"https:\/\/amberwithsilver.com\/en\/product\/gryno-gintaro-baroko-formos-apyranke\/","og_locale":"en_US","og_type":"article","og_title":"Gryno gintaro baroko formos apyrank\u0117","og_description":"Pure amber baroque bead stretch bracelet,Gryno gintaro baroko formos apyrank\u0117,Natural color amber bracelet,Nat\u016brali Baltijos gintaro apyrank\u0117","og_url":"https:\/\/amberwithsilver.com\/en\/product\/gryno-gintaro-baroko-formos-apyranke\/","og_site_name":"AmberWithSilver","article_modified_time":"2021-11-12T17:03:34+00:00","og_image":[{"width":1827,"height":1875,"url":"https:\/\/amberwithsilver.com\/wp-content\/uploads\/2021\/11\/img_9143-1.jpeg","type":"image\/jpeg"}],"twitter_card":"summary_large_image","schema":{"@context":"https:\/\/schema.org","@graph":[{"@type":"WebPage","@id":"https:\/\/amberwithsilver.com\/product\/gryno-gintaro-baroko-formos-apyranke\/","url":"https:\/\/amberwithsilver.com\/product\/gryno-gintaro-baroko-formos-apyranke\/","name":"Gryno gintaro baroko formos apyrank\u0117 - AmberWithSilver","isPartOf":{"@id":"https:\/\/amberwithsilver.com\/en\/#website"},"primaryImageOfPage":{"@id":"https:\/\/amberwithsilver.com\/product\/gryno-gintaro-baroko-formos-apyranke\/#primaryimage"},"image":{"@id":"https:\/\/amberwithsilver.com\/product\/gryno-gintaro-baroko-formos-apyranke\/#primaryimage"},"thumbnailUrl":"https:\/\/amberwithsilver.com\/wp-content\/uploads\/2021\/11\/img_9143-1.jpeg","datePublished":"2021-11-12T16:53:39+00:00","dateModified":"2021-11-12T17:03:34+00:00","description":"Pure amber baroque bead stretch bracelet,Gryno gintaro baroko formos apyrank\u0117,Natural color amber bracelet,Nat\u016brali Baltijos gintaro apyrank\u0117","breadcrumb":{"@id":"https:\/\/amberwithsilver.com\/product\/gryno-gintaro-baroko-formos-apyranke\/#breadcrumb"},"inLanguage":"en-US","potentialAction":[{"@type":"ReadAction","target":["https:\/\/amberwithsilver.com\/product\/gryno-gintaro-baroko-formos-apyranke\/"]}]},{"@type":"ImageObject","inLanguage":"en-US","@id":"https:\/\/amberwithsilver.com\/product\/gryno-gintaro-baroko-formos-apyranke\/#primaryimage","url":"https:\/\/amberwithsilver.com\/wp-content\/uploads\/2021\/11\/img_9143-1.jpeg","contentUrl":"https:\/\/amberwithsilver.com\/wp-content\/uploads\/2021\/11\/img_9143-1.jpeg","width":1827,"height":1875,"caption":"Gryno gintaro baroko formos apyrank\u0117,Pure amber baroque beads stretch bracelet"},{"@type":"BreadcrumbList","@id":"https:\/\/amberwithsilver.com\/product\/gryno-gintaro-baroko-formos-apyranke\/#breadcrumb","itemListElement":[{"@type":"ListItem","position":1,"name":"Home","item":"https:\/\/amberwithsilver.com\/"},{"@type":"ListItem","position":2,"name":"Parduotuv\u0117","item":"https:\/\/amberwithsilver.com\/en\/parduotuve\/"},{"@type":"ListItem","position":3,"name":"Gryno gintaro baroko formos apyrank\u0117"}]},{"@type":"WebSite","@id":"https:\/\/amberwithsilver.com\/en\/#website","url":"https:\/\/amberwithsilver.com\/en\/","name":"AmberWithSilver","description":"Amber-Silver","publisher":{"@id":"https:\/\/amberwithsilver.com\/en\/#organization"},"potentialAction":[{"@type":"SearchAction","target":{"@type":"EntryPoint","urlTemplate":"https:\/\/amberwithsilver.com\/en\/?s={search_term_string}"},"query-input":{"@type":"PropertyValueSpecification","valueRequired":true,"valueName":"search_term_string"}}],"inLanguage":"en-US"},{"@type":"Organization","@id":"https:\/\/amberwithsilver.com\/en\/#organization","name":"amberwithsilver","url":"https:\/\/amberwithsilver.com\/en\/","logo":{"@type":"ImageObject","inLanguage":"en-US","@id":"https:\/\/amberwithsilver.com\/en\/#\/schema\/logo\/image\/","url":"https:\/\/i0.wp.com\/amberwithsilver.com\/wp-content\/uploads\/2020\/12\/logo.jpg?fit=232%2C116&ssl=1","contentUrl":"https:\/\/i0.wp.com\/amberwithsilver.com\/wp-content\/uploads\/2020\/12\/logo.jpg?fit=232%2C116&ssl=1","width":232,"height":116,"caption":"amberwithsilver"},"image":{"@id":"https:\/\/amberwithsilver.com\/en\/#\/schema\/logo\/image\/"}}]}},"jetpack_sharing_enabled":true,"_links":{"self":[{"href":"https:\/\/amberwithsilver.com\/en\/wp-json\/wp\/v2\/product\/1792","targetHints":{"allow":["GET"]}}],"collection":[{"href":"https:\/\/amberwithsilver.com\/en\/wp-json\/wp\/v2\/product"}],"about":[{"href":"https:\/\/amberwithsilver.com\/en\/wp-json\/wp\/v2\/types\/product"}],"replies":[{"embeddable":true,"href":"https:\/\/amberwithsilver.com\/en\/wp-json\/wp\/v2\/comments?post=1792"}],"version-history":[{"count":0,"href":"https:\/\/amberwithsilver.com\/en\/wp-json\/wp\/v2\/product\/1792\/revisions"}],"wp:featuredmedia":[{"embeddable":true,"href":"https:\/\/amberwithsilver.com\/en\/wp-json\/wp\/v2\/media\/1797"}],"wp:attachment":[{"href":"https:\/\/amberwithsilver.com\/en\/wp-json\/wp\/v2\/media?parent=1792"}],"wp:term":[{"taxonomy":"product_brand","embeddable":true,"href":"https:\/\/amberwithsilver.com\/en\/wp-json\/wp\/v2\/product_brand?post=1792"},{"taxonomy":"product_cat","embeddable":true,"href":"https:\/\/amberwithsilver.com\/en\/wp-json\/wp\/v2\/product_cat?post=1792"},{"taxonomy":"product_tag","embeddable":true,"href":"https:\/\/amberwithsilver.com\/en\/wp-json\/wp\/v2\/product_tag?post=1792"}],"curies":[{"name":"wp","href":"https:\/\/api.w.org\/{rel}","templated":true}]}}