{"id":1799,"date":"2021-11-15T15:33:54","date_gmt":"2021-11-15T13:33:54","guid":{"rendered":"http:\/\/amberwithsilver.com\/?post_type=product&#038;p=1799"},"modified":"2021-11-15T15:47:51","modified_gmt":"2021-11-15T13:47:51","slug":"naturalaus-gintaro-apyranke-su-zieve","status":"publish","type":"product","link":"https:\/\/amberwithsilver.com\/en\/product\/naturalaus-gintaro-apyranke-su-zieve\/","title":{"rendered":"Natural amber bracelet with cortex"},"content":{"rendered":"<p>Natural amber bracelet with cortex. Pure amber bracelet is made of Baltic amber with natural cortex. Amber pieces are not polished. This handmade bracelet with the natural cortex is especially suitable for therapeutic and medical purpose. Big pieces of natural Baltic amber are on the stretch.<\/p>\n<ul>\n<li>Natural Baltic amber<\/li>\n<li>Unpolished amber beads<\/li>\n<li>Elastic rubber<\/li>\n<li>Weight: 86,60 grams.<\/li>\n<\/ul>","protected":false},"excerpt":{"rendered":"<p>Natural amber bracelet with cortex. Pure amber bracelet is made of Baltic amber with natural cortex. Amber pieces are not polished. This handmade bracelet with the natural cortex is especially suitable for therapeutic and medical purpose. Big pieces of natural Baltic amber are on the stretch.<\/p>\n<ul>\n<li>Natural Baltic amber<\/li>\n<li>Unpolished amber beads<\/li>\n<li>Elastic rubber<\/li>\n<li>Weight: 86,60 grams.<\/li>\n<\/ul>","protected":false},"featured_media":1810,"comment_status":"open","ping_status":"closed","template":"","meta":[],"product_brand":[],"product_cat":[59,18],"product_tag":[463,464,465,466,467,468,469,470],"class_list":{"0":"post-1799","1":"product","2":"type-product","3":"status-publish","4":"has-post-thumbnail","6":"product_cat-gintaro-papuosalai-vyrams","7":"product_cat-gintaro-apyrankes","8":"product_tag-naturalaus-gintaro-apyranke-su-zieve","9":"product_tag-natural-amber-bracelet-with-cortex","10":"product_tag-baltijos-gintaro-apyranke-su-zieve","11":"product_tag-naturalaus-gintaro-apyrake-su-zieve","12":"product_tag-baltic-amber-bracelet-with-natural-cortex","13":"product_tag-baltic-amber-jewelry","14":"product_tag-amber-bracelet-for-women","15":"product_tag-amber-bracelet-for-men","17":"first","18":"instock","19":"taxable","20":"shipping-taxable","21":"purchasable","22":"product-type-simple"},"yoast_head":"<!-- This site is optimized with the Yoast SEO Premium plugin v23.4 (Yoast SEO v26.8) - https:\/\/yoast.com\/product\/yoast-seo-premium-wordpress\/ -->\n<title>Nat\u016bralaus gintaro apyrank\u0117 su \u017eieve - AmberWithSilver<\/title>\n<meta name=\"description\" content=\"Nat\u016bralaus gintaro apyrank\u0117 su \u017eieve,Natural amber bracelet with cortex,Baltijos gintaro apyranke su zieve,Baltic amber bracelet with cortex\" \/>\n<meta name=\"robots\" content=\"index, follow, max-snippet:-1, max-image-preview:large, max-video-preview:-1\" \/>\n<link rel=\"canonical\" href=\"https:\/\/amberwithsilver.com\/en\/product\/naturalaus-gintaro-apyranke-su-zieve\/\" \/>\n<meta property=\"og:locale\" content=\"en_US\" \/>\n<meta property=\"og:type\" content=\"article\" \/>\n<meta property=\"og:title\" content=\"Nat\u016bralaus gintaro apyrank\u0117 su \u017eieve\" \/>\n<meta property=\"og:description\" content=\"Nat\u016bralaus gintaro apyrank\u0117 su \u017eieve,Natural amber bracelet with cortex,Baltijos gintaro apyranke su zieve,Baltic amber bracelet with cortex\" \/>\n<meta property=\"og:url\" content=\"https:\/\/amberwithsilver.com\/en\/product\/naturalaus-gintaro-apyranke-su-zieve\/\" \/>\n<meta property=\"og:site_name\" content=\"AmberWithSilver\" \/>\n<meta property=\"article:modified_time\" content=\"2021-11-15T13:47:51+00:00\" \/>\n<meta property=\"og:image\" content=\"https:\/\/amberwithsilver.com\/wp-content\/uploads\/2021\/11\/img_9194-scaled.jpeg\" \/>\n\t<meta property=\"og:image:width\" content=\"2560\" \/>\n\t<meta property=\"og:image:height\" content=\"2410\" \/>\n\t<meta property=\"og:image:type\" content=\"image\/jpeg\" \/>\n<meta name=\"twitter:card\" content=\"summary_large_image\" \/>\n<script type=\"application\/ld+json\" class=\"yoast-schema-graph\">{\"@context\":\"https:\/\/schema.org\",\"@graph\":[{\"@type\":\"WebPage\",\"@id\":\"https:\/\/amberwithsilver.com\/product\/naturalaus-gintaro-apyranke-su-zieve\/\",\"url\":\"https:\/\/amberwithsilver.com\/product\/naturalaus-gintaro-apyranke-su-zieve\/\",\"name\":\"Nat\u016bralaus gintaro apyrank\u0117 su \u017eieve - AmberWithSilver\",\"isPartOf\":{\"@id\":\"https:\/\/amberwithsilver.com\/en\/#website\"},\"primaryImageOfPage\":{\"@id\":\"https:\/\/amberwithsilver.com\/product\/naturalaus-gintaro-apyranke-su-zieve\/#primaryimage\"},\"image\":{\"@id\":\"https:\/\/amberwithsilver.com\/product\/naturalaus-gintaro-apyranke-su-zieve\/#primaryimage\"},\"thumbnailUrl\":\"https:\/\/amberwithsilver.com\/wp-content\/uploads\/2021\/11\/img_9194-scaled.jpeg\",\"datePublished\":\"2021-11-15T13:33:54+00:00\",\"dateModified\":\"2021-11-15T13:47:51+00:00\",\"description\":\"Nat\u016bralaus gintaro apyrank\u0117 su \u017eieve,Natural amber bracelet with cortex,Baltijos gintaro apyranke su zieve,Baltic amber bracelet with cortex\",\"breadcrumb\":{\"@id\":\"https:\/\/amberwithsilver.com\/product\/naturalaus-gintaro-apyranke-su-zieve\/#breadcrumb\"},\"inLanguage\":\"en-US\",\"potentialAction\":[{\"@type\":\"ReadAction\",\"target\":[\"https:\/\/amberwithsilver.com\/product\/naturalaus-gintaro-apyranke-su-zieve\/\"]}]},{\"@type\":\"ImageObject\",\"inLanguage\":\"en-US\",\"@id\":\"https:\/\/amberwithsilver.com\/product\/naturalaus-gintaro-apyranke-su-zieve\/#primaryimage\",\"url\":\"https:\/\/amberwithsilver.com\/wp-content\/uploads\/2021\/11\/img_9194-scaled.jpeg\",\"contentUrl\":\"https:\/\/amberwithsilver.com\/wp-content\/uploads\/2021\/11\/img_9194-scaled.jpeg\",\"width\":2560,\"height\":2410,\"caption\":\"Nat\u016bralaus gintaro apyrank\u0117 su \u017eieve,Natural amber bracelet with cortex\"},{\"@type\":\"BreadcrumbList\",\"@id\":\"https:\/\/amberwithsilver.com\/product\/naturalaus-gintaro-apyranke-su-zieve\/#breadcrumb\",\"itemListElement\":[{\"@type\":\"ListItem\",\"position\":1,\"name\":\"Home\",\"item\":\"https:\/\/amberwithsilver.com\/\"},{\"@type\":\"ListItem\",\"position\":2,\"name\":\"Parduotuv\u0117\",\"item\":\"https:\/\/amberwithsilver.com\/en\/parduotuve\/\"},{\"@type\":\"ListItem\",\"position\":3,\"name\":\"Nat\u016bralaus gintaro apyrank\u0117 su \u017eieve\"}]},{\"@type\":\"WebSite\",\"@id\":\"https:\/\/amberwithsilver.com\/en\/#website\",\"url\":\"https:\/\/amberwithsilver.com\/en\/\",\"name\":\"AmberWithSilver\",\"description\":\"Amber-Silver\",\"publisher\":{\"@id\":\"https:\/\/amberwithsilver.com\/en\/#organization\"},\"potentialAction\":[{\"@type\":\"SearchAction\",\"target\":{\"@type\":\"EntryPoint\",\"urlTemplate\":\"https:\/\/amberwithsilver.com\/en\/?s={search_term_string}\"},\"query-input\":{\"@type\":\"PropertyValueSpecification\",\"valueRequired\":true,\"valueName\":\"search_term_string\"}}],\"inLanguage\":\"en-US\"},{\"@type\":\"Organization\",\"@id\":\"https:\/\/amberwithsilver.com\/en\/#organization\",\"name\":\"amberwithsilver\",\"url\":\"https:\/\/amberwithsilver.com\/en\/\",\"logo\":{\"@type\":\"ImageObject\",\"inLanguage\":\"en-US\",\"@id\":\"https:\/\/amberwithsilver.com\/en\/#\/schema\/logo\/image\/\",\"url\":\"https:\/\/i0.wp.com\/amberwithsilver.com\/wp-content\/uploads\/2020\/12\/logo.jpg?fit=232%2C116&ssl=1\",\"contentUrl\":\"https:\/\/i0.wp.com\/amberwithsilver.com\/wp-content\/uploads\/2020\/12\/logo.jpg?fit=232%2C116&ssl=1\",\"width\":232,\"height\":116,\"caption\":\"amberwithsilver\"},\"image\":{\"@id\":\"https:\/\/amberwithsilver.com\/en\/#\/schema\/logo\/image\/\"}}]}<\/script>\n<!-- \/ Yoast SEO Premium plugin. -->","yoast_head_json":{"title":"Nat\u016bralaus gintaro apyrank\u0117 su \u017eieve - AmberWithSilver","description":"Nat\u016bralaus gintaro apyrank\u0117 su \u017eieve,Natural amber bracelet with cortex,Baltijos gintaro apyranke su zieve,Baltic amber bracelet with cortex","robots":{"index":"index","follow":"follow","max-snippet":"max-snippet:-1","max-image-preview":"max-image-preview:large","max-video-preview":"max-video-preview:-1"},"canonical":"https:\/\/amberwithsilver.com\/en\/product\/naturalaus-gintaro-apyranke-su-zieve\/","og_locale":"en_US","og_type":"article","og_title":"Nat\u016bralaus gintaro apyrank\u0117 su \u017eieve","og_description":"Nat\u016bralaus gintaro apyrank\u0117 su \u017eieve,Natural amber bracelet with cortex,Baltijos gintaro apyranke su zieve,Baltic amber bracelet with cortex","og_url":"https:\/\/amberwithsilver.com\/en\/product\/naturalaus-gintaro-apyranke-su-zieve\/","og_site_name":"AmberWithSilver","article_modified_time":"2021-11-15T13:47:51+00:00","og_image":[{"width":2560,"height":2410,"url":"https:\/\/amberwithsilver.com\/wp-content\/uploads\/2021\/11\/img_9194-scaled.jpeg","type":"image\/jpeg"}],"twitter_card":"summary_large_image","schema":{"@context":"https:\/\/schema.org","@graph":[{"@type":"WebPage","@id":"https:\/\/amberwithsilver.com\/product\/naturalaus-gintaro-apyranke-su-zieve\/","url":"https:\/\/amberwithsilver.com\/product\/naturalaus-gintaro-apyranke-su-zieve\/","name":"Nat\u016bralaus gintaro apyrank\u0117 su \u017eieve - AmberWithSilver","isPartOf":{"@id":"https:\/\/amberwithsilver.com\/en\/#website"},"primaryImageOfPage":{"@id":"https:\/\/amberwithsilver.com\/product\/naturalaus-gintaro-apyranke-su-zieve\/#primaryimage"},"image":{"@id":"https:\/\/amberwithsilver.com\/product\/naturalaus-gintaro-apyranke-su-zieve\/#primaryimage"},"thumbnailUrl":"https:\/\/amberwithsilver.com\/wp-content\/uploads\/2021\/11\/img_9194-scaled.jpeg","datePublished":"2021-11-15T13:33:54+00:00","dateModified":"2021-11-15T13:47:51+00:00","description":"Nat\u016bralaus gintaro apyrank\u0117 su \u017eieve,Natural amber bracelet with cortex,Baltijos gintaro apyranke su zieve,Baltic amber bracelet with cortex","breadcrumb":{"@id":"https:\/\/amberwithsilver.com\/product\/naturalaus-gintaro-apyranke-su-zieve\/#breadcrumb"},"inLanguage":"en-US","potentialAction":[{"@type":"ReadAction","target":["https:\/\/amberwithsilver.com\/product\/naturalaus-gintaro-apyranke-su-zieve\/"]}]},{"@type":"ImageObject","inLanguage":"en-US","@id":"https:\/\/amberwithsilver.com\/product\/naturalaus-gintaro-apyranke-su-zieve\/#primaryimage","url":"https:\/\/amberwithsilver.com\/wp-content\/uploads\/2021\/11\/img_9194-scaled.jpeg","contentUrl":"https:\/\/amberwithsilver.com\/wp-content\/uploads\/2021\/11\/img_9194-scaled.jpeg","width":2560,"height":2410,"caption":"Nat\u016bralaus gintaro apyrank\u0117 su \u017eieve,Natural amber bracelet with cortex"},{"@type":"BreadcrumbList","@id":"https:\/\/amberwithsilver.com\/product\/naturalaus-gintaro-apyranke-su-zieve\/#breadcrumb","itemListElement":[{"@type":"ListItem","position":1,"name":"Home","item":"https:\/\/amberwithsilver.com\/"},{"@type":"ListItem","position":2,"name":"Parduotuv\u0117","item":"https:\/\/amberwithsilver.com\/en\/parduotuve\/"},{"@type":"ListItem","position":3,"name":"Nat\u016bralaus gintaro apyrank\u0117 su \u017eieve"}]},{"@type":"WebSite","@id":"https:\/\/amberwithsilver.com\/en\/#website","url":"https:\/\/amberwithsilver.com\/en\/","name":"AmberWithSilver","description":"Amber-Silver","publisher":{"@id":"https:\/\/amberwithsilver.com\/en\/#organization"},"potentialAction":[{"@type":"SearchAction","target":{"@type":"EntryPoint","urlTemplate":"https:\/\/amberwithsilver.com\/en\/?s={search_term_string}"},"query-input":{"@type":"PropertyValueSpecification","valueRequired":true,"valueName":"search_term_string"}}],"inLanguage":"en-US"},{"@type":"Organization","@id":"https:\/\/amberwithsilver.com\/en\/#organization","name":"amberwithsilver","url":"https:\/\/amberwithsilver.com\/en\/","logo":{"@type":"ImageObject","inLanguage":"en-US","@id":"https:\/\/amberwithsilver.com\/en\/#\/schema\/logo\/image\/","url":"https:\/\/i0.wp.com\/amberwithsilver.com\/wp-content\/uploads\/2020\/12\/logo.jpg?fit=232%2C116&ssl=1","contentUrl":"https:\/\/i0.wp.com\/amberwithsilver.com\/wp-content\/uploads\/2020\/12\/logo.jpg?fit=232%2C116&ssl=1","width":232,"height":116,"caption":"amberwithsilver"},"image":{"@id":"https:\/\/amberwithsilver.com\/en\/#\/schema\/logo\/image\/"}}]}},"jetpack_sharing_enabled":true,"_links":{"self":[{"href":"https:\/\/amberwithsilver.com\/en\/wp-json\/wp\/v2\/product\/1799","targetHints":{"allow":["GET"]}}],"collection":[{"href":"https:\/\/amberwithsilver.com\/en\/wp-json\/wp\/v2\/product"}],"about":[{"href":"https:\/\/amberwithsilver.com\/en\/wp-json\/wp\/v2\/types\/product"}],"replies":[{"embeddable":true,"href":"https:\/\/amberwithsilver.com\/en\/wp-json\/wp\/v2\/comments?post=1799"}],"version-history":[{"count":0,"href":"https:\/\/amberwithsilver.com\/en\/wp-json\/wp\/v2\/product\/1799\/revisions"}],"wp:featuredmedia":[{"embeddable":true,"href":"https:\/\/amberwithsilver.com\/en\/wp-json\/wp\/v2\/media\/1810"}],"wp:attachment":[{"href":"https:\/\/amberwithsilver.com\/en\/wp-json\/wp\/v2\/media?parent=1799"}],"wp:term":[{"taxonomy":"product_brand","embeddable":true,"href":"https:\/\/amberwithsilver.com\/en\/wp-json\/wp\/v2\/product_brand?post=1799"},{"taxonomy":"product_cat","embeddable":true,"href":"https:\/\/amberwithsilver.com\/en\/wp-json\/wp\/v2\/product_cat?post=1799"},{"taxonomy":"product_tag","embeddable":true,"href":"https:\/\/amberwithsilver.com\/en\/wp-json\/wp\/v2\/product_tag?post=1799"}],"curies":[{"name":"wp","href":"https:\/\/api.w.org\/{rel}","templated":true}]}}