{"id":1813,"date":"2021-11-15T16:30:14","date_gmt":"2021-11-15T14:30:14","guid":{"rendered":"http:\/\/amberwithsilver.com\/?post_type=product&#038;p=1813"},"modified":"2022-09-20T10:04:50","modified_gmt":"2022-09-20T08:04:50","slug":"vysnine-apvaliu-gintaro-rutuliuku-apyranke-10-mm","status":"publish","type":"product","link":"https:\/\/amberwithsilver.com\/en\/product\/vysnine-apvaliu-gintaro-rutuliuku-apyranke-10-mm\/","title":{"rendered":"Cherry amber round beads stretch bracelet 10 mm"},"content":{"rendered":"<p>Cherry amber round beads stretch bracelet 10 mm. Also suitable for Gentlemen. Eye catching bracelet is on the stretch.<\/p>\n<ul>\n<li>Baltijos gintaro apval\u016bs rutuliukai<\/li>\n<li>Cherry color<\/li>\n<li>Elastic silicon<\/li>\n<li>Beads size: ~ 10 mm<\/li>\n<li>Svoris: ~10,5 gr.<\/li>\n<li>Length: 19 cm.<\/li>\n<\/ul>\n<p>*Please note that the color of the product may vary slightly from that shown in the photo, depending on the monitor used by the Buyer and the lighting settings in the photos.<\/p>","protected":false},"excerpt":{"rendered":"<p>Cherry amber round beads stretch bracelet 10 mm. Also suitable for Gentlemen. Eye catching bracelet is on the stretch.<\/p>\n<ul>\n<li>Baltijos gintaro apval\u016bs rutuliukai<\/li>\n<li>Cherry color<\/li>\n<li>Elastic silicon<\/li>\n<li>Beads size: ~ 10 mm<\/li>\n<li>Svoris: ~10,5 gr.<\/li>\n<li>Length: 19 cm.<\/li>\n<\/ul>\n<p>*Please note that the color of the product may vary slightly from that shown in the photo, depending on the monitor used by the Buyer and the lighting settings in the photos.<\/p>","protected":false},"featured_media":1815,"comment_status":"open","ping_status":"closed","template":"","meta":[],"product_brand":[],"product_cat":[59,18],"product_tag":[433,434,471,472,473,474],"class_list":{"0":"post-1813","1":"product","2":"type-product","3":"status-publish","4":"has-post-thumbnail","6":"product_cat-gintaro-papuosalai-vyrams","7":"product_cat-gintaro-apyrankes","8":"product_tag-baltic-amber-bracelet-for-women","9":"product_tag-baltijos-gintaro-apyranke-moterims","10":"product_tag-vysnine-apvaliu-gintaro-rutuliuku-apyranke-10-mm","11":"product_tag-cherry-amber-round-beads-stretch-bracelet-10-mm","12":"product_tag-round-beads-amber-bracelet","13":"product_tag-vysnios-spalvos-gintarine-apyranke","15":"first","16":"instock","17":"taxable","18":"shipping-taxable","19":"purchasable","20":"product-type-simple"},"yoast_head":"<!-- This site is optimized with the Yoast SEO Premium plugin v23.4 (Yoast SEO v26.8) - https:\/\/yoast.com\/product\/yoast-seo-premium-wordpress\/ -->\n<title>Vy\u0161nin\u0117 apvali\u0173 gintaro rutuliuk\u0173 apyrank\u0117 10 mm - AmberWithSilver<\/title>\n<meta name=\"description\" content=\"Vy\u0161nin\u0117 apvali\u0173 gintaro rutuliuk\u0173 apyrank\u0117 10 mm,Cherry amber round beads stretch bracelet 10 mm,amber,Baltijos gintaro apyrank\u0117 moterims\" \/>\n<meta name=\"robots\" content=\"index, follow, max-snippet:-1, max-image-preview:large, max-video-preview:-1\" \/>\n<link rel=\"canonical\" href=\"https:\/\/amberwithsilver.com\/en\/product\/vysnine-apvaliu-gintaro-rutuliuku-apyranke-10-mm\/\" \/>\n<meta property=\"og:locale\" content=\"en_US\" \/>\n<meta property=\"og:type\" content=\"article\" \/>\n<meta property=\"og:title\" content=\"Vy\u0161nin\u0117 apvali\u0173 gintaro rutuliuk\u0173 apyrank\u0117 10 mm\" \/>\n<meta property=\"og:description\" content=\"Vy\u0161nin\u0117 apvali\u0173 gintaro rutuliuk\u0173 apyrank\u0117 10 mm,Cherry amber round beads stretch bracelet 10 mm,amber,Baltijos gintaro apyrank\u0117 moterims\" \/>\n<meta property=\"og:url\" content=\"https:\/\/amberwithsilver.com\/en\/product\/vysnine-apvaliu-gintaro-rutuliuku-apyranke-10-mm\/\" \/>\n<meta property=\"og:site_name\" content=\"AmberWithSilver\" \/>\n<meta property=\"article:modified_time\" content=\"2022-09-20T08:04:50+00:00\" \/>\n<meta property=\"og:image\" content=\"https:\/\/amberwithsilver.com\/wp-content\/uploads\/2021\/11\/img_9276.jpeg\" \/>\n\t<meta property=\"og:image:width\" content=\"2290\" \/>\n\t<meta property=\"og:image:height\" content=\"2226\" \/>\n\t<meta property=\"og:image:type\" content=\"image\/jpeg\" \/>\n<meta name=\"twitter:card\" content=\"summary_large_image\" \/>\n<script type=\"application\/ld+json\" class=\"yoast-schema-graph\">{\"@context\":\"https:\/\/schema.org\",\"@graph\":[{\"@type\":\"WebPage\",\"@id\":\"https:\/\/amberwithsilver.com\/product\/vysnine-apvaliu-gintaro-rutuliuku-apyranke-10-mm\/\",\"url\":\"https:\/\/amberwithsilver.com\/product\/vysnine-apvaliu-gintaro-rutuliuku-apyranke-10-mm\/\",\"name\":\"Vy\u0161nin\u0117 apvali\u0173 gintaro rutuliuk\u0173 apyrank\u0117 10 mm - AmberWithSilver\",\"isPartOf\":{\"@id\":\"https:\/\/amberwithsilver.com\/en\/#website\"},\"primaryImageOfPage\":{\"@id\":\"https:\/\/amberwithsilver.com\/product\/vysnine-apvaliu-gintaro-rutuliuku-apyranke-10-mm\/#primaryimage\"},\"image\":{\"@id\":\"https:\/\/amberwithsilver.com\/product\/vysnine-apvaliu-gintaro-rutuliuku-apyranke-10-mm\/#primaryimage\"},\"thumbnailUrl\":\"https:\/\/amberwithsilver.com\/wp-content\/uploads\/2021\/11\/img_9276.jpeg\",\"datePublished\":\"2021-11-15T14:30:14+00:00\",\"dateModified\":\"2022-09-20T08:04:50+00:00\",\"description\":\"Vy\u0161nin\u0117 apvali\u0173 gintaro rutuliuk\u0173 apyrank\u0117 10 mm,Cherry amber round beads stretch bracelet 10 mm,amber,Baltijos gintaro apyrank\u0117 moterims\",\"breadcrumb\":{\"@id\":\"https:\/\/amberwithsilver.com\/product\/vysnine-apvaliu-gintaro-rutuliuku-apyranke-10-mm\/#breadcrumb\"},\"inLanguage\":\"en-US\",\"potentialAction\":[{\"@type\":\"ReadAction\",\"target\":[\"https:\/\/amberwithsilver.com\/product\/vysnine-apvaliu-gintaro-rutuliuku-apyranke-10-mm\/\"]}]},{\"@type\":\"ImageObject\",\"inLanguage\":\"en-US\",\"@id\":\"https:\/\/amberwithsilver.com\/product\/vysnine-apvaliu-gintaro-rutuliuku-apyranke-10-mm\/#primaryimage\",\"url\":\"https:\/\/amberwithsilver.com\/wp-content\/uploads\/2021\/11\/img_9276.jpeg\",\"contentUrl\":\"https:\/\/amberwithsilver.com\/wp-content\/uploads\/2021\/11\/img_9276.jpeg\",\"width\":2290,\"height\":2226,\"caption\":\"Vy\u0161nin\u0117 apvali\u0173 gintaro rutuliuk\u0173 apyrank\u0117 10 mm,Cherry amber round beads stretch bracelet 10 mm\"},{\"@type\":\"BreadcrumbList\",\"@id\":\"https:\/\/amberwithsilver.com\/product\/vysnine-apvaliu-gintaro-rutuliuku-apyranke-10-mm\/#breadcrumb\",\"itemListElement\":[{\"@type\":\"ListItem\",\"position\":1,\"name\":\"Home\",\"item\":\"https:\/\/amberwithsilver.com\/\"},{\"@type\":\"ListItem\",\"position\":2,\"name\":\"Parduotuv\u0117\",\"item\":\"https:\/\/amberwithsilver.com\/en\/parduotuve\/\"},{\"@type\":\"ListItem\",\"position\":3,\"name\":\"Vy\u0161nin\u0117 apvali\u0173 gintaro rutuliuk\u0173 apyrank\u0117 10 mm\"}]},{\"@type\":\"WebSite\",\"@id\":\"https:\/\/amberwithsilver.com\/en\/#website\",\"url\":\"https:\/\/amberwithsilver.com\/en\/\",\"name\":\"AmberWithSilver\",\"description\":\"Amber-Silver\",\"publisher\":{\"@id\":\"https:\/\/amberwithsilver.com\/en\/#organization\"},\"potentialAction\":[{\"@type\":\"SearchAction\",\"target\":{\"@type\":\"EntryPoint\",\"urlTemplate\":\"https:\/\/amberwithsilver.com\/en\/?s={search_term_string}\"},\"query-input\":{\"@type\":\"PropertyValueSpecification\",\"valueRequired\":true,\"valueName\":\"search_term_string\"}}],\"inLanguage\":\"en-US\"},{\"@type\":\"Organization\",\"@id\":\"https:\/\/amberwithsilver.com\/en\/#organization\",\"name\":\"amberwithsilver\",\"url\":\"https:\/\/amberwithsilver.com\/en\/\",\"logo\":{\"@type\":\"ImageObject\",\"inLanguage\":\"en-US\",\"@id\":\"https:\/\/amberwithsilver.com\/en\/#\/schema\/logo\/image\/\",\"url\":\"https:\/\/i0.wp.com\/amberwithsilver.com\/wp-content\/uploads\/2020\/12\/logo.jpg?fit=232%2C116&ssl=1\",\"contentUrl\":\"https:\/\/i0.wp.com\/amberwithsilver.com\/wp-content\/uploads\/2020\/12\/logo.jpg?fit=232%2C116&ssl=1\",\"width\":232,\"height\":116,\"caption\":\"amberwithsilver\"},\"image\":{\"@id\":\"https:\/\/amberwithsilver.com\/en\/#\/schema\/logo\/image\/\"}}]}<\/script>\n<!-- \/ Yoast SEO Premium plugin. -->","yoast_head_json":{"title":"Vy\u0161nin\u0117 apvali\u0173 gintaro rutuliuk\u0173 apyrank\u0117 10 mm - AmberWithSilver","description":"Vy\u0161nin\u0117 apvali\u0173 gintaro rutuliuk\u0173 apyrank\u0117 10 mm,Cherry amber round beads stretch bracelet 10 mm,amber,Baltijos gintaro apyrank\u0117 moterims","robots":{"index":"index","follow":"follow","max-snippet":"max-snippet:-1","max-image-preview":"max-image-preview:large","max-video-preview":"max-video-preview:-1"},"canonical":"https:\/\/amberwithsilver.com\/en\/product\/vysnine-apvaliu-gintaro-rutuliuku-apyranke-10-mm\/","og_locale":"en_US","og_type":"article","og_title":"Vy\u0161nin\u0117 apvali\u0173 gintaro rutuliuk\u0173 apyrank\u0117 10 mm","og_description":"Vy\u0161nin\u0117 apvali\u0173 gintaro rutuliuk\u0173 apyrank\u0117 10 mm,Cherry amber round beads stretch bracelet 10 mm,amber,Baltijos gintaro apyrank\u0117 moterims","og_url":"https:\/\/amberwithsilver.com\/en\/product\/vysnine-apvaliu-gintaro-rutuliuku-apyranke-10-mm\/","og_site_name":"AmberWithSilver","article_modified_time":"2022-09-20T08:04:50+00:00","og_image":[{"width":2290,"height":2226,"url":"https:\/\/amberwithsilver.com\/wp-content\/uploads\/2021\/11\/img_9276.jpeg","type":"image\/jpeg"}],"twitter_card":"summary_large_image","schema":{"@context":"https:\/\/schema.org","@graph":[{"@type":"WebPage","@id":"https:\/\/amberwithsilver.com\/product\/vysnine-apvaliu-gintaro-rutuliuku-apyranke-10-mm\/","url":"https:\/\/amberwithsilver.com\/product\/vysnine-apvaliu-gintaro-rutuliuku-apyranke-10-mm\/","name":"Vy\u0161nin\u0117 apvali\u0173 gintaro rutuliuk\u0173 apyrank\u0117 10 mm - AmberWithSilver","isPartOf":{"@id":"https:\/\/amberwithsilver.com\/en\/#website"},"primaryImageOfPage":{"@id":"https:\/\/amberwithsilver.com\/product\/vysnine-apvaliu-gintaro-rutuliuku-apyranke-10-mm\/#primaryimage"},"image":{"@id":"https:\/\/amberwithsilver.com\/product\/vysnine-apvaliu-gintaro-rutuliuku-apyranke-10-mm\/#primaryimage"},"thumbnailUrl":"https:\/\/amberwithsilver.com\/wp-content\/uploads\/2021\/11\/img_9276.jpeg","datePublished":"2021-11-15T14:30:14+00:00","dateModified":"2022-09-20T08:04:50+00:00","description":"Vy\u0161nin\u0117 apvali\u0173 gintaro rutuliuk\u0173 apyrank\u0117 10 mm,Cherry amber round beads stretch bracelet 10 mm,amber,Baltijos gintaro apyrank\u0117 moterims","breadcrumb":{"@id":"https:\/\/amberwithsilver.com\/product\/vysnine-apvaliu-gintaro-rutuliuku-apyranke-10-mm\/#breadcrumb"},"inLanguage":"en-US","potentialAction":[{"@type":"ReadAction","target":["https:\/\/amberwithsilver.com\/product\/vysnine-apvaliu-gintaro-rutuliuku-apyranke-10-mm\/"]}]},{"@type":"ImageObject","inLanguage":"en-US","@id":"https:\/\/amberwithsilver.com\/product\/vysnine-apvaliu-gintaro-rutuliuku-apyranke-10-mm\/#primaryimage","url":"https:\/\/amberwithsilver.com\/wp-content\/uploads\/2021\/11\/img_9276.jpeg","contentUrl":"https:\/\/amberwithsilver.com\/wp-content\/uploads\/2021\/11\/img_9276.jpeg","width":2290,"height":2226,"caption":"Vy\u0161nin\u0117 apvali\u0173 gintaro rutuliuk\u0173 apyrank\u0117 10 mm,Cherry amber round beads stretch bracelet 10 mm"},{"@type":"BreadcrumbList","@id":"https:\/\/amberwithsilver.com\/product\/vysnine-apvaliu-gintaro-rutuliuku-apyranke-10-mm\/#breadcrumb","itemListElement":[{"@type":"ListItem","position":1,"name":"Home","item":"https:\/\/amberwithsilver.com\/"},{"@type":"ListItem","position":2,"name":"Parduotuv\u0117","item":"https:\/\/amberwithsilver.com\/en\/parduotuve\/"},{"@type":"ListItem","position":3,"name":"Vy\u0161nin\u0117 apvali\u0173 gintaro rutuliuk\u0173 apyrank\u0117 10 mm"}]},{"@type":"WebSite","@id":"https:\/\/amberwithsilver.com\/en\/#website","url":"https:\/\/amberwithsilver.com\/en\/","name":"AmberWithSilver","description":"Amber-Silver","publisher":{"@id":"https:\/\/amberwithsilver.com\/en\/#organization"},"potentialAction":[{"@type":"SearchAction","target":{"@type":"EntryPoint","urlTemplate":"https:\/\/amberwithsilver.com\/en\/?s={search_term_string}"},"query-input":{"@type":"PropertyValueSpecification","valueRequired":true,"valueName":"search_term_string"}}],"inLanguage":"en-US"},{"@type":"Organization","@id":"https:\/\/amberwithsilver.com\/en\/#organization","name":"amberwithsilver","url":"https:\/\/amberwithsilver.com\/en\/","logo":{"@type":"ImageObject","inLanguage":"en-US","@id":"https:\/\/amberwithsilver.com\/en\/#\/schema\/logo\/image\/","url":"https:\/\/i0.wp.com\/amberwithsilver.com\/wp-content\/uploads\/2020\/12\/logo.jpg?fit=232%2C116&ssl=1","contentUrl":"https:\/\/i0.wp.com\/amberwithsilver.com\/wp-content\/uploads\/2020\/12\/logo.jpg?fit=232%2C116&ssl=1","width":232,"height":116,"caption":"amberwithsilver"},"image":{"@id":"https:\/\/amberwithsilver.com\/en\/#\/schema\/logo\/image\/"}}]}},"jetpack_sharing_enabled":true,"_links":{"self":[{"href":"https:\/\/amberwithsilver.com\/en\/wp-json\/wp\/v2\/product\/1813","targetHints":{"allow":["GET"]}}],"collection":[{"href":"https:\/\/amberwithsilver.com\/en\/wp-json\/wp\/v2\/product"}],"about":[{"href":"https:\/\/amberwithsilver.com\/en\/wp-json\/wp\/v2\/types\/product"}],"replies":[{"embeddable":true,"href":"https:\/\/amberwithsilver.com\/en\/wp-json\/wp\/v2\/comments?post=1813"}],"version-history":[{"count":0,"href":"https:\/\/amberwithsilver.com\/en\/wp-json\/wp\/v2\/product\/1813\/revisions"}],"wp:featuredmedia":[{"embeddable":true,"href":"https:\/\/amberwithsilver.com\/en\/wp-json\/wp\/v2\/media\/1815"}],"wp:attachment":[{"href":"https:\/\/amberwithsilver.com\/en\/wp-json\/wp\/v2\/media?parent=1813"}],"wp:term":[{"taxonomy":"product_brand","embeddable":true,"href":"https:\/\/amberwithsilver.com\/en\/wp-json\/wp\/v2\/product_brand?post=1813"},{"taxonomy":"product_cat","embeddable":true,"href":"https:\/\/amberwithsilver.com\/en\/wp-json\/wp\/v2\/product_cat?post=1813"},{"taxonomy":"product_tag","embeddable":true,"href":"https:\/\/amberwithsilver.com\/en\/wp-json\/wp\/v2\/product_tag?post=1813"}],"curies":[{"name":"wp","href":"https:\/\/api.w.org\/{rel}","templated":true}]}}