{"id":1852,"date":"2021-11-19T10:23:27","date_gmt":"2021-11-19T08:23:27","guid":{"rendered":"http:\/\/amberwithsilver.com\/?post_type=product&#038;p=1852"},"modified":"2021-11-22T18:53:32","modified_gmt":"2021-11-22T16:53:32","slug":"juoda-balta-gintaro-rutuliuku-apyranke-14-mm","status":"publish","type":"product","link":"https:\/\/amberwithsilver.com\/en\/product\/juoda-balta-gintaro-rutuliuku-apyranke-14-mm\/","title":{"rendered":"Black &amp; white amber round beads stretch bracelet 14 mm"},"content":{"rendered":"<p>Black &amp; white amber bead bracelet 14 mm. Black amber bracelet is made of 100% unpolished Baltic amber beads. Carefully strung 14 mm black beads perfectly match white amber bead in the middle, which is polished. This charming color composition is very popular and fashionable. Suitable for both men and women! The attractive amber bracelet is strung on an elastic band.<\/p>\n<div class=\"woocommerce-product-details__short-description\">\n<ul>\n<li><span class=\"VIiyi\" lang=\"lt\"><span class=\"JLqJ4b ChMk0b\" data-language-for-alternatives=\"lt\" data-language-to-translate-into=\"en\" data-phrase-index=\"2\" data-number-of-phrases=\"3\">Black color recycled unpolished Baltic amber round beads<\/span><\/span><\/li>\n<li>White bead<\/li>\n<li>Elastic silicon<\/li>\n<li>Weight: ~27 grams.<\/li>\n<\/ul>\n<p>*Please note that the color of the product may vary slightly from that shown in the photo, depending on the monitor used by the Buyer and the lighting settings in the photos.<\/p>\n<\/div>","protected":false},"excerpt":{"rendered":"<p>Black &amp; white amber bead bracelet 14 mm. Black amber bracelet is made of 100% unpolished Baltic amber beads. Carefully strung 14 mm black beads perfectly match white amber bead in the middle, which is polished. This charming color composition is very popular and fashionable. Suitable for both men and women! The attractive amber bracelet is strung on an elastic band.<\/p>\n<div class=\"woocommerce-product-details__short-description\">\n<ul>\n<li><span class=\"VIiyi\" lang=\"lt\"><span class=\"JLqJ4b ChMk0b\" data-language-for-alternatives=\"lt\" data-language-to-translate-into=\"en\" data-phrase-index=\"2\" data-number-of-phrases=\"3\">Black color recycled unpolished Baltic amber round beads<\/span><\/span><\/li>\n<li>White bead<\/li>\n<li>Elastic silicon<\/li>\n<li>Weight: ~27 grams.<\/li>\n<\/ul>\n<p>*Please note that the color of the product may vary slightly from that shown in the photo, depending on the monitor used by the Buyer and the lighting settings in the photos.<\/p>\n<\/div>","protected":false},"featured_media":1855,"comment_status":"open","ping_status":"closed","template":"","meta":[],"product_brand":[],"product_cat":[59,18,60],"product_tag":[468,478,480,491,492],"class_list":{"0":"post-1852","1":"product","2":"type-product","3":"status-publish","4":"has-post-thumbnail","6":"product_cat-gintaro-papuosalai-vyrams","7":"product_cat-gintaro-apyrankes","8":"product_cat-juodo-gintaro-kolekcija","9":"product_tag-baltic-amber-jewelry","10":"product_tag-juodo-gintaro-apyranke-vyrui","11":"product_tag-black-amber-bracelet-for-men","12":"product_tag-juoda-balta-gintaro-rutuliuku-apyranke-14-mm","13":"product_tag-black-amber-round-beads-stretch-bracelet-14-mm","15":"first","16":"instock","17":"taxable","18":"shipping-taxable","19":"purchasable","20":"product-type-simple"},"yoast_head":"<!-- This site is optimized with the Yoast SEO Premium plugin v23.4 (Yoast SEO v27.4) - https:\/\/yoast.com\/product\/yoast-seo-premium-wordpress\/ -->\n<title>Juoda &amp; balta gintaro rutuliuk\u0173 apyrank\u0117 14 mm - AmberWithSilver<\/title>\n<meta name=\"description\" content=\"Black amber round beads stretch bracelet 14 mm,Juoda &amp; balta gintaro rutuliuk\u0173 apyrank\u0117 14 mm,gintaro apyranke vyrui,Baltic amber jewelry\" \/>\n<meta name=\"robots\" content=\"index, follow, max-snippet:-1, max-image-preview:large, max-video-preview:-1\" \/>\n<link rel=\"canonical\" href=\"https:\/\/amberwithsilver.com\/en\/product\/juoda-balta-gintaro-rutuliuku-apyranke-14-mm\/\" \/>\n<meta property=\"og:locale\" content=\"en_US\" \/>\n<meta property=\"og:type\" content=\"article\" \/>\n<meta property=\"og:title\" content=\"Juoda &amp; balta gintaro rutuliuk\u0173 apyrank\u0117 14 mm\" \/>\n<meta property=\"og:description\" content=\"Black amber round beads stretch bracelet 14 mm,Juoda &amp; balta gintaro rutuliuk\u0173 apyrank\u0117 14 mm,gintaro apyranke vyrui,Baltic amber jewelry\" \/>\n<meta property=\"og:url\" content=\"https:\/\/amberwithsilver.com\/en\/product\/juoda-balta-gintaro-rutuliuku-apyranke-14-mm\/\" \/>\n<meta property=\"og:site_name\" content=\"AmberWithSilver\" \/>\n<meta property=\"article:modified_time\" content=\"2021-11-22T16:53:32+00:00\" \/>\n<meta property=\"og:image\" content=\"https:\/\/amberwithsilver.com\/wp-content\/uploads\/2021\/11\/img_9449-scaled.jpeg\" \/>\n\t<meta property=\"og:image:width\" content=\"2560\" \/>\n\t<meta property=\"og:image:height\" content=\"2355\" \/>\n\t<meta property=\"og:image:type\" content=\"image\/jpeg\" \/>\n<meta name=\"twitter:card\" content=\"summary_large_image\" \/>\n<script type=\"application\/ld+json\" class=\"yoast-schema-graph\">{\"@context\":\"https:\\\/\\\/schema.org\",\"@graph\":[{\"@type\":\"WebPage\",\"@id\":\"https:\\\/\\\/amberwithsilver.com\\\/product\\\/juoda-balta-gintaro-rutuliuku-apyranke-14-mm\\\/\",\"url\":\"https:\\\/\\\/amberwithsilver.com\\\/product\\\/juoda-balta-gintaro-rutuliuku-apyranke-14-mm\\\/\",\"name\":\"Juoda & balta gintaro rutuliuk\u0173 apyrank\u0117 14 mm - AmberWithSilver\",\"isPartOf\":{\"@id\":\"https:\\\/\\\/amberwithsilver.com\\\/en\\\/#website\"},\"primaryImageOfPage\":{\"@id\":\"https:\\\/\\\/amberwithsilver.com\\\/product\\\/juoda-balta-gintaro-rutuliuku-apyranke-14-mm\\\/#primaryimage\"},\"image\":{\"@id\":\"https:\\\/\\\/amberwithsilver.com\\\/product\\\/juoda-balta-gintaro-rutuliuku-apyranke-14-mm\\\/#primaryimage\"},\"thumbnailUrl\":\"https:\\\/\\\/amberwithsilver.com\\\/wp-content\\\/uploads\\\/2021\\\/11\\\/img_9449-scaled.jpeg\",\"datePublished\":\"2021-11-19T08:23:27+00:00\",\"dateModified\":\"2021-11-22T16:53:32+00:00\",\"description\":\"Black amber round beads stretch bracelet 14 mm,Juoda & balta gintaro rutuliuk\u0173 apyrank\u0117 14 mm,gintaro apyranke vyrui,Baltic amber jewelry\",\"breadcrumb\":{\"@id\":\"https:\\\/\\\/amberwithsilver.com\\\/product\\\/juoda-balta-gintaro-rutuliuku-apyranke-14-mm\\\/#breadcrumb\"},\"inLanguage\":\"en-US\",\"potentialAction\":[{\"@type\":\"ReadAction\",\"target\":[\"https:\\\/\\\/amberwithsilver.com\\\/product\\\/juoda-balta-gintaro-rutuliuku-apyranke-14-mm\\\/\"]}]},{\"@type\":\"ImageObject\",\"inLanguage\":\"en-US\",\"@id\":\"https:\\\/\\\/amberwithsilver.com\\\/product\\\/juoda-balta-gintaro-rutuliuku-apyranke-14-mm\\\/#primaryimage\",\"url\":\"https:\\\/\\\/amberwithsilver.com\\\/wp-content\\\/uploads\\\/2021\\\/11\\\/img_9449-scaled.jpeg\",\"contentUrl\":\"https:\\\/\\\/amberwithsilver.com\\\/wp-content\\\/uploads\\\/2021\\\/11\\\/img_9449-scaled.jpeg\",\"width\":2560,\"height\":2355,\"caption\":\"Black amber round beads stretch bracelet 14 mm,Juoda & balta gintaro rutuliuk\u0173 apyrank\u0117 14 mm\"},{\"@type\":\"BreadcrumbList\",\"@id\":\"https:\\\/\\\/amberwithsilver.com\\\/product\\\/juoda-balta-gintaro-rutuliuku-apyranke-14-mm\\\/#breadcrumb\",\"itemListElement\":[{\"@type\":\"ListItem\",\"position\":1,\"name\":\"Home\",\"item\":\"https:\\\/\\\/amberwithsilver.com\\\/\"},{\"@type\":\"ListItem\",\"position\":2,\"name\":\"Parduotuv\u0117\",\"item\":\"https:\\\/\\\/amberwithsilver.com\\\/en\\\/parduotuve\\\/\"},{\"@type\":\"ListItem\",\"position\":3,\"name\":\"Juoda &#038; balta gintaro rutuliuk\u0173 apyrank\u0117 14 mm\"}]},{\"@type\":\"WebSite\",\"@id\":\"https:\\\/\\\/amberwithsilver.com\\\/en\\\/#website\",\"url\":\"https:\\\/\\\/amberwithsilver.com\\\/en\\\/\",\"name\":\"AmberWithSilver\",\"description\":\"Amber-Silver\",\"publisher\":{\"@id\":\"https:\\\/\\\/amberwithsilver.com\\\/en\\\/#organization\"},\"potentialAction\":[{\"@type\":\"SearchAction\",\"target\":{\"@type\":\"EntryPoint\",\"urlTemplate\":\"https:\\\/\\\/amberwithsilver.com\\\/en\\\/?s={search_term_string}\"},\"query-input\":{\"@type\":\"PropertyValueSpecification\",\"valueRequired\":true,\"valueName\":\"search_term_string\"}}],\"inLanguage\":\"en-US\"},{\"@type\":\"Organization\",\"@id\":\"https:\\\/\\\/amberwithsilver.com\\\/en\\\/#organization\",\"name\":\"amberwithsilver\",\"url\":\"https:\\\/\\\/amberwithsilver.com\\\/en\\\/\",\"logo\":{\"@type\":\"ImageObject\",\"inLanguage\":\"en-US\",\"@id\":\"https:\\\/\\\/amberwithsilver.com\\\/en\\\/#\\\/schema\\\/logo\\\/image\\\/\",\"url\":\"https:\\\/\\\/i0.wp.com\\\/amberwithsilver.com\\\/wp-content\\\/uploads\\\/2020\\\/12\\\/logo.jpg?fit=232%2C116&ssl=1\",\"contentUrl\":\"https:\\\/\\\/i0.wp.com\\\/amberwithsilver.com\\\/wp-content\\\/uploads\\\/2020\\\/12\\\/logo.jpg?fit=232%2C116&ssl=1\",\"width\":232,\"height\":116,\"caption\":\"amberwithsilver\"},\"image\":{\"@id\":\"https:\\\/\\\/amberwithsilver.com\\\/en\\\/#\\\/schema\\\/logo\\\/image\\\/\"}}]}<\/script>\n<!-- \/ Yoast SEO Premium plugin. -->","yoast_head_json":{"title":"Juoda & balta gintaro rutuliuk\u0173 apyrank\u0117 14 mm - AmberWithSilver","description":"Black amber round beads stretch bracelet 14 mm,Juoda & balta gintaro rutuliuk\u0173 apyrank\u0117 14 mm,gintaro apyranke vyrui,Baltic amber jewelry","robots":{"index":"index","follow":"follow","max-snippet":"max-snippet:-1","max-image-preview":"max-image-preview:large","max-video-preview":"max-video-preview:-1"},"canonical":"https:\/\/amberwithsilver.com\/en\/product\/juoda-balta-gintaro-rutuliuku-apyranke-14-mm\/","og_locale":"en_US","og_type":"article","og_title":"Juoda & balta gintaro rutuliuk\u0173 apyrank\u0117 14 mm","og_description":"Black amber round beads stretch bracelet 14 mm,Juoda & balta gintaro rutuliuk\u0173 apyrank\u0117 14 mm,gintaro apyranke vyrui,Baltic amber jewelry","og_url":"https:\/\/amberwithsilver.com\/en\/product\/juoda-balta-gintaro-rutuliuku-apyranke-14-mm\/","og_site_name":"AmberWithSilver","article_modified_time":"2021-11-22T16:53:32+00:00","og_image":[{"width":2560,"height":2355,"url":"https:\/\/amberwithsilver.com\/wp-content\/uploads\/2021\/11\/img_9449-scaled.jpeg","type":"image\/jpeg"}],"twitter_card":"summary_large_image","schema":{"@context":"https:\/\/schema.org","@graph":[{"@type":"WebPage","@id":"https:\/\/amberwithsilver.com\/product\/juoda-balta-gintaro-rutuliuku-apyranke-14-mm\/","url":"https:\/\/amberwithsilver.com\/product\/juoda-balta-gintaro-rutuliuku-apyranke-14-mm\/","name":"Juoda & balta gintaro rutuliuk\u0173 apyrank\u0117 14 mm - AmberWithSilver","isPartOf":{"@id":"https:\/\/amberwithsilver.com\/en\/#website"},"primaryImageOfPage":{"@id":"https:\/\/amberwithsilver.com\/product\/juoda-balta-gintaro-rutuliuku-apyranke-14-mm\/#primaryimage"},"image":{"@id":"https:\/\/amberwithsilver.com\/product\/juoda-balta-gintaro-rutuliuku-apyranke-14-mm\/#primaryimage"},"thumbnailUrl":"https:\/\/amberwithsilver.com\/wp-content\/uploads\/2021\/11\/img_9449-scaled.jpeg","datePublished":"2021-11-19T08:23:27+00:00","dateModified":"2021-11-22T16:53:32+00:00","description":"Black amber round beads stretch bracelet 14 mm,Juoda & balta gintaro rutuliuk\u0173 apyrank\u0117 14 mm,gintaro apyranke vyrui,Baltic amber jewelry","breadcrumb":{"@id":"https:\/\/amberwithsilver.com\/product\/juoda-balta-gintaro-rutuliuku-apyranke-14-mm\/#breadcrumb"},"inLanguage":"en-US","potentialAction":[{"@type":"ReadAction","target":["https:\/\/amberwithsilver.com\/product\/juoda-balta-gintaro-rutuliuku-apyranke-14-mm\/"]}]},{"@type":"ImageObject","inLanguage":"en-US","@id":"https:\/\/amberwithsilver.com\/product\/juoda-balta-gintaro-rutuliuku-apyranke-14-mm\/#primaryimage","url":"https:\/\/amberwithsilver.com\/wp-content\/uploads\/2021\/11\/img_9449-scaled.jpeg","contentUrl":"https:\/\/amberwithsilver.com\/wp-content\/uploads\/2021\/11\/img_9449-scaled.jpeg","width":2560,"height":2355,"caption":"Black amber round beads stretch bracelet 14 mm,Juoda & balta gintaro rutuliuk\u0173 apyrank\u0117 14 mm"},{"@type":"BreadcrumbList","@id":"https:\/\/amberwithsilver.com\/product\/juoda-balta-gintaro-rutuliuku-apyranke-14-mm\/#breadcrumb","itemListElement":[{"@type":"ListItem","position":1,"name":"Home","item":"https:\/\/amberwithsilver.com\/"},{"@type":"ListItem","position":2,"name":"Parduotuv\u0117","item":"https:\/\/amberwithsilver.com\/en\/parduotuve\/"},{"@type":"ListItem","position":3,"name":"Juoda &#038; balta gintaro rutuliuk\u0173 apyrank\u0117 14 mm"}]},{"@type":"WebSite","@id":"https:\/\/amberwithsilver.com\/en\/#website","url":"https:\/\/amberwithsilver.com\/en\/","name":"AmberWithSilver","description":"Amber-Silver","publisher":{"@id":"https:\/\/amberwithsilver.com\/en\/#organization"},"potentialAction":[{"@type":"SearchAction","target":{"@type":"EntryPoint","urlTemplate":"https:\/\/amberwithsilver.com\/en\/?s={search_term_string}"},"query-input":{"@type":"PropertyValueSpecification","valueRequired":true,"valueName":"search_term_string"}}],"inLanguage":"en-US"},{"@type":"Organization","@id":"https:\/\/amberwithsilver.com\/en\/#organization","name":"amberwithsilver","url":"https:\/\/amberwithsilver.com\/en\/","logo":{"@type":"ImageObject","inLanguage":"en-US","@id":"https:\/\/amberwithsilver.com\/en\/#\/schema\/logo\/image\/","url":"https:\/\/i0.wp.com\/amberwithsilver.com\/wp-content\/uploads\/2020\/12\/logo.jpg?fit=232%2C116&ssl=1","contentUrl":"https:\/\/i0.wp.com\/amberwithsilver.com\/wp-content\/uploads\/2020\/12\/logo.jpg?fit=232%2C116&ssl=1","width":232,"height":116,"caption":"amberwithsilver"},"image":{"@id":"https:\/\/amberwithsilver.com\/en\/#\/schema\/logo\/image\/"}}]}},"jetpack_sharing_enabled":true,"_links":{"self":[{"href":"https:\/\/amberwithsilver.com\/en\/wp-json\/wp\/v2\/product\/1852","targetHints":{"allow":["GET"]}}],"collection":[{"href":"https:\/\/amberwithsilver.com\/en\/wp-json\/wp\/v2\/product"}],"about":[{"href":"https:\/\/amberwithsilver.com\/en\/wp-json\/wp\/v2\/types\/product"}],"replies":[{"embeddable":true,"href":"https:\/\/amberwithsilver.com\/en\/wp-json\/wp\/v2\/comments?post=1852"}],"version-history":[{"count":0,"href":"https:\/\/amberwithsilver.com\/en\/wp-json\/wp\/v2\/product\/1852\/revisions"}],"wp:featuredmedia":[{"embeddable":true,"href":"https:\/\/amberwithsilver.com\/en\/wp-json\/wp\/v2\/media\/1855"}],"wp:attachment":[{"href":"https:\/\/amberwithsilver.com\/en\/wp-json\/wp\/v2\/media?parent=1852"}],"wp:term":[{"taxonomy":"product_brand","embeddable":true,"href":"https:\/\/amberwithsilver.com\/en\/wp-json\/wp\/v2\/product_brand?post=1852"},{"taxonomy":"product_cat","embeddable":true,"href":"https:\/\/amberwithsilver.com\/en\/wp-json\/wp\/v2\/product_cat?post=1852"},{"taxonomy":"product_tag","embeddable":true,"href":"https:\/\/amberwithsilver.com\/en\/wp-json\/wp\/v2\/product_tag?post=1852"}],"curies":[{"name":"wp","href":"https:\/\/api.w.org\/{rel}","templated":true}]}}