{"id":1875,"date":"2021-11-25T07:58:33","date_gmt":"2021-11-25T05:58:33","guid":{"rendered":"http:\/\/amberwithsilver.com\/?post_type=product&#038;p=1875"},"modified":"2021-11-25T23:31:57","modified_gmt":"2021-11-25T21:31:57","slug":"juoda-gintaro-rutuliuku-apyranke-7-mm","status":"publish","type":"product","link":"https:\/\/amberwithsilver.com\/en\/product\/juoda-gintaro-rutuliuku-apyranke-7-mm\/","title":{"rendered":"Black amber round beads stretch bracelet 7 mm"},"content":{"rendered":"<p>Black amber round beads stretch bracelet 7 mm. Black amber bracelet is made of 100% Baltic amber unpolished round shape beads. Softly round Baltic amber beads of 7 mm in size perfectly combine with amber bead in the middle, which is 11mm in size and polished. This two-color composition is very popular and in fashion. Suitable for both - men and women! Eye catching bracelet is on the stretch.<\/p>\n<div class=\"woocommerce-product-details__short-description\">\n<ul>\n<li><span class=\"VIiyi\" lang=\"lt\"><span class=\"JLqJ4b ChMk0b\" data-language-for-alternatives=\"lt\" data-language-to-translate-into=\"en\" data-phrase-index=\"2\" data-number-of-phrases=\"3\">Black color recycled unpolished Baltic amber round beads<\/span><\/span><\/li>\n<li>One polished black bead<\/li>\n<li>Elastic silicon<\/li>\n<li>Weight: ~6,4 grams.<\/li>\n<\/ul>\n<p>*Please note that the color of the product may vary slightly from that shown in the photo, depending on the monitor used by the Buyer and the lighting settings in the photos.<\/p>\n<\/div>","protected":false},"excerpt":{"rendered":"<p>Black amber round beads stretch bracelet 7 mm. Black amber bracelet is made of 100% Baltic amber unpolished round shape beads. Softly round Baltic amber beads of 7 mm in size perfectly combine with amber bead in the middle, which is 11mm in size and polished. This two-color composition is very popular and in fashion. Suitable for both - men and women! Eye catching bracelet is on the stretch.<\/p>\n<div class=\"woocommerce-product-details__short-description\">\n<ul>\n<li><span class=\"VIiyi\" lang=\"lt\"><span class=\"JLqJ4b ChMk0b\" data-language-for-alternatives=\"lt\" data-language-to-translate-into=\"en\" data-phrase-index=\"2\" data-number-of-phrases=\"3\">Black color recycled unpolished Baltic amber round beads<\/span><\/span><\/li>\n<li>One polished black bead<\/li>\n<li>Elastic silicon<\/li>\n<li>Weight: ~6,4 grams.<\/li>\n<\/ul>\n<p>*Please note that the color of the product may vary slightly from that shown in the photo, depending on the monitor used by the Buyer and the lighting settings in the photos.<\/p>\n<\/div>","protected":false},"featured_media":1881,"comment_status":"open","ping_status":"closed","template":"","meta":[],"product_brand":[],"product_cat":[59,18,60],"product_tag":[347,497,498,499,500,501],"class_list":{"0":"post-1875","1":"product","2":"type-product","3":"status-publish","4":"has-post-thumbnail","6":"product_cat-gintaro-papuosalai-vyrams","7":"product_cat-gintaro-apyrankes","8":"product_cat-juodo-gintaro-kolekcija","9":"product_tag-baltic-amber-bracelet","10":"product_tag-juoda-gintaro-rutuliuku-apyranke-7-mm","11":"product_tag-black-amber-round-beads-stretch-bracelet-7-mm","12":"product_tag-amber-jewelry-for-men","13":"product_tag-gintaro-juvelyrika-moterims","14":"product_tag-juodas-gintaras","16":"first","17":"instock","18":"taxable","19":"shipping-taxable","20":"purchasable","21":"product-type-simple"},"yoast_head":"<!-- This site is optimized with the Yoast SEO Premium plugin v23.4 (Yoast SEO v26.8) - https:\/\/yoast.com\/product\/yoast-seo-premium-wordpress\/ -->\n<title>Juoda gintaro rutuliuk\u0173 apyrank\u0117 7 mm - AmberWithSilver<\/title>\n<meta name=\"description\" content=\"Juoda gintaro rutuliuk\u0173 apyrank\u0117 7 mm, Black amber,Amber jewelry for men,Gintaro juvelyrika moterims, Juodas gintaras, Baltic amber bracelet\" \/>\n<meta name=\"robots\" content=\"index, follow, max-snippet:-1, max-image-preview:large, max-video-preview:-1\" \/>\n<link rel=\"canonical\" href=\"https:\/\/amberwithsilver.com\/en\/product\/juoda-gintaro-rutuliuku-apyranke-7-mm\/\" \/>\n<meta property=\"og:locale\" content=\"en_US\" \/>\n<meta property=\"og:type\" content=\"article\" \/>\n<meta property=\"og:title\" content=\"Juoda gintaro rutuliuk\u0173 apyrank\u0117 7 mm\" \/>\n<meta property=\"og:description\" content=\"Juoda gintaro rutuliuk\u0173 apyrank\u0117 7 mm, Black amber,Amber jewelry for men,Gintaro juvelyrika moterims, Juodas gintaras, Baltic amber bracelet\" \/>\n<meta property=\"og:url\" content=\"https:\/\/amberwithsilver.com\/en\/product\/juoda-gintaro-rutuliuku-apyranke-7-mm\/\" \/>\n<meta property=\"og:site_name\" content=\"AmberWithSilver\" \/>\n<meta property=\"article:modified_time\" content=\"2021-11-25T21:31:57+00:00\" \/>\n<meta property=\"og:image\" content=\"https:\/\/amberwithsilver.com\/wp-content\/uploads\/2021\/11\/img_9766-1.jpeg\" \/>\n\t<meta property=\"og:image:width\" content=\"2391\" \/>\n\t<meta property=\"og:image:height\" content=\"2184\" \/>\n\t<meta property=\"og:image:type\" content=\"image\/jpeg\" \/>\n<meta name=\"twitter:card\" content=\"summary_large_image\" \/>\n<script type=\"application\/ld+json\" class=\"yoast-schema-graph\">{\"@context\":\"https:\/\/schema.org\",\"@graph\":[{\"@type\":\"WebPage\",\"@id\":\"https:\/\/amberwithsilver.com\/product\/juoda-gintaro-rutuliuku-apyranke-7-mm\/\",\"url\":\"https:\/\/amberwithsilver.com\/product\/juoda-gintaro-rutuliuku-apyranke-7-mm\/\",\"name\":\"Juoda gintaro rutuliuk\u0173 apyrank\u0117 7 mm - AmberWithSilver\",\"isPartOf\":{\"@id\":\"https:\/\/amberwithsilver.com\/en\/#website\"},\"primaryImageOfPage\":{\"@id\":\"https:\/\/amberwithsilver.com\/product\/juoda-gintaro-rutuliuku-apyranke-7-mm\/#primaryimage\"},\"image\":{\"@id\":\"https:\/\/amberwithsilver.com\/product\/juoda-gintaro-rutuliuku-apyranke-7-mm\/#primaryimage\"},\"thumbnailUrl\":\"https:\/\/amberwithsilver.com\/wp-content\/uploads\/2021\/11\/img_9766-1.jpeg\",\"datePublished\":\"2021-11-25T05:58:33+00:00\",\"dateModified\":\"2021-11-25T21:31:57+00:00\",\"description\":\"Juoda gintaro rutuliuk\u0173 apyrank\u0117 7 mm, Black amber,Amber jewelry for men,Gintaro juvelyrika moterims, Juodas gintaras, Baltic amber bracelet\",\"breadcrumb\":{\"@id\":\"https:\/\/amberwithsilver.com\/product\/juoda-gintaro-rutuliuku-apyranke-7-mm\/#breadcrumb\"},\"inLanguage\":\"en-US\",\"potentialAction\":[{\"@type\":\"ReadAction\",\"target\":[\"https:\/\/amberwithsilver.com\/product\/juoda-gintaro-rutuliuku-apyranke-7-mm\/\"]}]},{\"@type\":\"ImageObject\",\"inLanguage\":\"en-US\",\"@id\":\"https:\/\/amberwithsilver.com\/product\/juoda-gintaro-rutuliuku-apyranke-7-mm\/#primaryimage\",\"url\":\"https:\/\/amberwithsilver.com\/wp-content\/uploads\/2021\/11\/img_9766-1.jpeg\",\"contentUrl\":\"https:\/\/amberwithsilver.com\/wp-content\/uploads\/2021\/11\/img_9766-1.jpeg\",\"width\":2391,\"height\":2184,\"caption\":\"Juoda gintaro rutuliuk\u0173 apyrank\u0117 7 mm Black amber round beads stretch bracelet 7 mm\"},{\"@type\":\"BreadcrumbList\",\"@id\":\"https:\/\/amberwithsilver.com\/product\/juoda-gintaro-rutuliuku-apyranke-7-mm\/#breadcrumb\",\"itemListElement\":[{\"@type\":\"ListItem\",\"position\":1,\"name\":\"Home\",\"item\":\"https:\/\/amberwithsilver.com\/\"},{\"@type\":\"ListItem\",\"position\":2,\"name\":\"Parduotuv\u0117\",\"item\":\"https:\/\/amberwithsilver.com\/en\/parduotuve\/\"},{\"@type\":\"ListItem\",\"position\":3,\"name\":\"Juoda gintaro rutuliuk\u0173 apyrank\u0117 7 mm\"}]},{\"@type\":\"WebSite\",\"@id\":\"https:\/\/amberwithsilver.com\/en\/#website\",\"url\":\"https:\/\/amberwithsilver.com\/en\/\",\"name\":\"AmberWithSilver\",\"description\":\"Amber-Silver\",\"publisher\":{\"@id\":\"https:\/\/amberwithsilver.com\/en\/#organization\"},\"potentialAction\":[{\"@type\":\"SearchAction\",\"target\":{\"@type\":\"EntryPoint\",\"urlTemplate\":\"https:\/\/amberwithsilver.com\/en\/?s={search_term_string}\"},\"query-input\":{\"@type\":\"PropertyValueSpecification\",\"valueRequired\":true,\"valueName\":\"search_term_string\"}}],\"inLanguage\":\"en-US\"},{\"@type\":\"Organization\",\"@id\":\"https:\/\/amberwithsilver.com\/en\/#organization\",\"name\":\"amberwithsilver\",\"url\":\"https:\/\/amberwithsilver.com\/en\/\",\"logo\":{\"@type\":\"ImageObject\",\"inLanguage\":\"en-US\",\"@id\":\"https:\/\/amberwithsilver.com\/en\/#\/schema\/logo\/image\/\",\"url\":\"https:\/\/i0.wp.com\/amberwithsilver.com\/wp-content\/uploads\/2020\/12\/logo.jpg?fit=232%2C116&ssl=1\",\"contentUrl\":\"https:\/\/i0.wp.com\/amberwithsilver.com\/wp-content\/uploads\/2020\/12\/logo.jpg?fit=232%2C116&ssl=1\",\"width\":232,\"height\":116,\"caption\":\"amberwithsilver\"},\"image\":{\"@id\":\"https:\/\/amberwithsilver.com\/en\/#\/schema\/logo\/image\/\"}}]}<\/script>\n<!-- \/ Yoast SEO Premium plugin. -->","yoast_head_json":{"title":"Juoda gintaro rutuliuk\u0173 apyrank\u0117 7 mm - AmberWithSilver","description":"Juoda gintaro rutuliuk\u0173 apyrank\u0117 7 mm, Black amber,Amber jewelry for men,Gintaro juvelyrika moterims, Juodas gintaras, Baltic amber bracelet","robots":{"index":"index","follow":"follow","max-snippet":"max-snippet:-1","max-image-preview":"max-image-preview:large","max-video-preview":"max-video-preview:-1"},"canonical":"https:\/\/amberwithsilver.com\/en\/product\/juoda-gintaro-rutuliuku-apyranke-7-mm\/","og_locale":"en_US","og_type":"article","og_title":"Juoda gintaro rutuliuk\u0173 apyrank\u0117 7 mm","og_description":"Juoda gintaro rutuliuk\u0173 apyrank\u0117 7 mm, Black amber,Amber jewelry for men,Gintaro juvelyrika moterims, Juodas gintaras, Baltic amber bracelet","og_url":"https:\/\/amberwithsilver.com\/en\/product\/juoda-gintaro-rutuliuku-apyranke-7-mm\/","og_site_name":"AmberWithSilver","article_modified_time":"2021-11-25T21:31:57+00:00","og_image":[{"width":2391,"height":2184,"url":"https:\/\/amberwithsilver.com\/wp-content\/uploads\/2021\/11\/img_9766-1.jpeg","type":"image\/jpeg"}],"twitter_card":"summary_large_image","schema":{"@context":"https:\/\/schema.org","@graph":[{"@type":"WebPage","@id":"https:\/\/amberwithsilver.com\/product\/juoda-gintaro-rutuliuku-apyranke-7-mm\/","url":"https:\/\/amberwithsilver.com\/product\/juoda-gintaro-rutuliuku-apyranke-7-mm\/","name":"Juoda gintaro rutuliuk\u0173 apyrank\u0117 7 mm - AmberWithSilver","isPartOf":{"@id":"https:\/\/amberwithsilver.com\/en\/#website"},"primaryImageOfPage":{"@id":"https:\/\/amberwithsilver.com\/product\/juoda-gintaro-rutuliuku-apyranke-7-mm\/#primaryimage"},"image":{"@id":"https:\/\/amberwithsilver.com\/product\/juoda-gintaro-rutuliuku-apyranke-7-mm\/#primaryimage"},"thumbnailUrl":"https:\/\/amberwithsilver.com\/wp-content\/uploads\/2021\/11\/img_9766-1.jpeg","datePublished":"2021-11-25T05:58:33+00:00","dateModified":"2021-11-25T21:31:57+00:00","description":"Juoda gintaro rutuliuk\u0173 apyrank\u0117 7 mm, Black amber,Amber jewelry for men,Gintaro juvelyrika moterims, Juodas gintaras, Baltic amber bracelet","breadcrumb":{"@id":"https:\/\/amberwithsilver.com\/product\/juoda-gintaro-rutuliuku-apyranke-7-mm\/#breadcrumb"},"inLanguage":"en-US","potentialAction":[{"@type":"ReadAction","target":["https:\/\/amberwithsilver.com\/product\/juoda-gintaro-rutuliuku-apyranke-7-mm\/"]}]},{"@type":"ImageObject","inLanguage":"en-US","@id":"https:\/\/amberwithsilver.com\/product\/juoda-gintaro-rutuliuku-apyranke-7-mm\/#primaryimage","url":"https:\/\/amberwithsilver.com\/wp-content\/uploads\/2021\/11\/img_9766-1.jpeg","contentUrl":"https:\/\/amberwithsilver.com\/wp-content\/uploads\/2021\/11\/img_9766-1.jpeg","width":2391,"height":2184,"caption":"Juoda gintaro rutuliuk\u0173 apyrank\u0117 7 mm Black amber round beads stretch bracelet 7 mm"},{"@type":"BreadcrumbList","@id":"https:\/\/amberwithsilver.com\/product\/juoda-gintaro-rutuliuku-apyranke-7-mm\/#breadcrumb","itemListElement":[{"@type":"ListItem","position":1,"name":"Home","item":"https:\/\/amberwithsilver.com\/"},{"@type":"ListItem","position":2,"name":"Parduotuv\u0117","item":"https:\/\/amberwithsilver.com\/en\/parduotuve\/"},{"@type":"ListItem","position":3,"name":"Juoda gintaro rutuliuk\u0173 apyrank\u0117 7 mm"}]},{"@type":"WebSite","@id":"https:\/\/amberwithsilver.com\/en\/#website","url":"https:\/\/amberwithsilver.com\/en\/","name":"AmberWithSilver","description":"Amber-Silver","publisher":{"@id":"https:\/\/amberwithsilver.com\/en\/#organization"},"potentialAction":[{"@type":"SearchAction","target":{"@type":"EntryPoint","urlTemplate":"https:\/\/amberwithsilver.com\/en\/?s={search_term_string}"},"query-input":{"@type":"PropertyValueSpecification","valueRequired":true,"valueName":"search_term_string"}}],"inLanguage":"en-US"},{"@type":"Organization","@id":"https:\/\/amberwithsilver.com\/en\/#organization","name":"amberwithsilver","url":"https:\/\/amberwithsilver.com\/en\/","logo":{"@type":"ImageObject","inLanguage":"en-US","@id":"https:\/\/amberwithsilver.com\/en\/#\/schema\/logo\/image\/","url":"https:\/\/i0.wp.com\/amberwithsilver.com\/wp-content\/uploads\/2020\/12\/logo.jpg?fit=232%2C116&ssl=1","contentUrl":"https:\/\/i0.wp.com\/amberwithsilver.com\/wp-content\/uploads\/2020\/12\/logo.jpg?fit=232%2C116&ssl=1","width":232,"height":116,"caption":"amberwithsilver"},"image":{"@id":"https:\/\/amberwithsilver.com\/en\/#\/schema\/logo\/image\/"}}]}},"jetpack_sharing_enabled":true,"_links":{"self":[{"href":"https:\/\/amberwithsilver.com\/en\/wp-json\/wp\/v2\/product\/1875","targetHints":{"allow":["GET"]}}],"collection":[{"href":"https:\/\/amberwithsilver.com\/en\/wp-json\/wp\/v2\/product"}],"about":[{"href":"https:\/\/amberwithsilver.com\/en\/wp-json\/wp\/v2\/types\/product"}],"replies":[{"embeddable":true,"href":"https:\/\/amberwithsilver.com\/en\/wp-json\/wp\/v2\/comments?post=1875"}],"version-history":[{"count":0,"href":"https:\/\/amberwithsilver.com\/en\/wp-json\/wp\/v2\/product\/1875\/revisions"}],"wp:featuredmedia":[{"embeddable":true,"href":"https:\/\/amberwithsilver.com\/en\/wp-json\/wp\/v2\/media\/1881"}],"wp:attachment":[{"href":"https:\/\/amberwithsilver.com\/en\/wp-json\/wp\/v2\/media?parent=1875"}],"wp:term":[{"taxonomy":"product_brand","embeddable":true,"href":"https:\/\/amberwithsilver.com\/en\/wp-json\/wp\/v2\/product_brand?post=1875"},{"taxonomy":"product_cat","embeddable":true,"href":"https:\/\/amberwithsilver.com\/en\/wp-json\/wp\/v2\/product_cat?post=1875"},{"taxonomy":"product_tag","embeddable":true,"href":"https:\/\/amberwithsilver.com\/en\/wp-json\/wp\/v2\/product_tag?post=1875"}],"curies":[{"name":"wp","href":"https:\/\/api.w.org\/{rel}","templated":true}]}}