{"id":1883,"date":"2021-11-26T00:00:56","date_gmt":"2021-11-25T22:00:56","guid":{"rendered":"http:\/\/amberwithsilver.com\/?post_type=product&#038;p=1883"},"modified":"2021-11-26T01:15:34","modified_gmt":"2021-11-25T23:15:34","slug":"marga-gintaro-rutuliuku-apyranke-8-mm","status":"publish","type":"product","link":"https:\/\/amberwithsilver.com\/en\/product\/marga-gintaro-rutuliuku-apyranke-8-mm\/","title":{"rendered":"Milky &amp; cherry amber round beads stretch bracelet 8 mm"},"content":{"rendered":"<p>Milky &amp; cherry amber round beads stretch bracelet 8 mm. Amber bracelet is made of 100% natural amber round shape beads. Carefully polished and softly round Baltic amber beads of 8 mm in size perfectly combine with each other. Baltic amber bracelet was created with an appreciation for natural healing remedies and a passion for bringing peace to stressed and tired adults. Eye catching bracelet is on the stretch.<\/p>\n<ul>\n<li>Milky and cherry color round beads<\/li>\n<li>Elastic silicon<\/li>\n<li>Weight: ~7,2 grams.<\/li>\n<\/ul>\n<p>*Please note that the color of the product may vary slightly from that shown in the photo, depending on the monitor used by the Buyer and the lighting settings in the photos.<\/p>","protected":false},"excerpt":{"rendered":"<p>Milky &amp; cherry amber round beads stretch bracelet 8 mm. Amber bracelet is made of 100% natural amber round shape beads. Carefully polished and softly round Baltic amber beads of 8 mm in size perfectly combine with each other. Baltic amber bracelet was created with an appreciation for natural healing remedies and a passion for bringing peace to stressed and tired adults. Eye catching bracelet is on the stretch.<\/p>\n<ul>\n<li>Milky and cherry color round beads<\/li>\n<li>Elastic silicon<\/li>\n<li>Weight: ~7,2 grams.<\/li>\n<\/ul>\n<p>*Please note that the color of the product may vary slightly from that shown in the photo, depending on the monitor used by the Buyer and the lighting settings in the photos.<\/p>","protected":false},"featured_media":1889,"comment_status":"open","ping_status":"closed","template":"","meta":[],"product_brand":[],"product_cat":[59,18],"product_tag":[473,502,503,504,505,506,507,508,509,510],"class_list":{"0":"post-1883","1":"product","2":"type-product","3":"status-publish","4":"has-post-thumbnail","6":"product_cat-gintaro-papuosalai-vyrams","7":"product_cat-gintaro-apyrankes","8":"product_tag-round-beads-amber-bracelet","9":"product_tag-marga-gintaro-rutuliuku-apyranke-8-mm","10":"product_tag-multicolor-amber-round-beads-stretch-bracelet-8-mm","11":"product_tag-milky-cherry-amber-round-beads-stretch-bracelet","12":"product_tag-margaspalve-gintaro-apyranke","13":"product_tag-balta-vysnine-gintaro-rutuliuku-apyranke","14":"product_tag-baltijos-gintaras","15":"product_tag-baltic-amber","16":"product_tag-balta-vysnine-gintaro-rutuliuku-apyranke-8-mm","17":"product_tag-white-cherry-amber-bracelet","19":"first","20":"instock","21":"taxable","22":"shipping-taxable","23":"purchasable","24":"product-type-simple"},"yoast_head":"<!-- This site is optimized with the Yoast SEO Premium plugin v23.4 (Yoast SEO v26.8) - https:\/\/yoast.com\/product\/yoast-seo-premium-wordpress\/ -->\n<title>Balta &amp; vy\u0161nin\u0117 gintaro rutuliuk\u0173 apyrank\u0117 8 mm - AmberWithSilver<\/title>\n<meta name=\"description\" content=\"Balta &amp; vy\u0161nin\u0117 gintaro rutuliuk\u0173 apyrank\u0117 8 mm,Baltic amber bracelet,Milky &amp; cherry amber round beads stretch bracelet,Silver Amber jewelry\" \/>\n<meta name=\"robots\" content=\"index, follow, max-snippet:-1, max-image-preview:large, max-video-preview:-1\" \/>\n<link rel=\"canonical\" href=\"https:\/\/amberwithsilver.com\/en\/product\/marga-gintaro-rutuliuku-apyranke-8-mm\/\" \/>\n<meta property=\"og:locale\" content=\"en_US\" \/>\n<meta property=\"og:type\" content=\"article\" \/>\n<meta property=\"og:title\" content=\"Balta &amp; vy\u0161nin\u0117 gintaro rutuliuk\u0173 apyrank\u0117 8 mm\" \/>\n<meta property=\"og:description\" content=\"Balta &amp; vy\u0161nin\u0117 gintaro rutuliuk\u0173 apyrank\u0117 8 mm,Baltic amber bracelet,Milky &amp; cherry amber round beads stretch bracelet,Silver Amber jewelry\" \/>\n<meta property=\"og:url\" content=\"https:\/\/amberwithsilver.com\/en\/product\/marga-gintaro-rutuliuku-apyranke-8-mm\/\" \/>\n<meta property=\"og:site_name\" content=\"AmberWithSilver\" \/>\n<meta property=\"article:modified_time\" content=\"2021-11-25T23:15:34+00:00\" \/>\n<meta property=\"og:image\" content=\"https:\/\/amberwithsilver.com\/wp-content\/uploads\/2021\/11\/img_9791-1-scaled.jpeg\" \/>\n\t<meta property=\"og:image:width\" content=\"2560\" \/>\n\t<meta property=\"og:image:height\" content=\"2473\" \/>\n\t<meta property=\"og:image:type\" content=\"image\/jpeg\" \/>\n<meta name=\"twitter:card\" content=\"summary_large_image\" \/>\n<script type=\"application\/ld+json\" class=\"yoast-schema-graph\">{\"@context\":\"https:\/\/schema.org\",\"@graph\":[{\"@type\":\"WebPage\",\"@id\":\"https:\/\/amberwithsilver.com\/product\/marga-gintaro-rutuliuku-apyranke-8-mm\/\",\"url\":\"https:\/\/amberwithsilver.com\/product\/marga-gintaro-rutuliuku-apyranke-8-mm\/\",\"name\":\"Balta & vy\u0161nin\u0117 gintaro rutuliuk\u0173 apyrank\u0117 8 mm - AmberWithSilver\",\"isPartOf\":{\"@id\":\"https:\/\/amberwithsilver.com\/en\/#website\"},\"primaryImageOfPage\":{\"@id\":\"https:\/\/amberwithsilver.com\/product\/marga-gintaro-rutuliuku-apyranke-8-mm\/#primaryimage\"},\"image\":{\"@id\":\"https:\/\/amberwithsilver.com\/product\/marga-gintaro-rutuliuku-apyranke-8-mm\/#primaryimage\"},\"thumbnailUrl\":\"https:\/\/amberwithsilver.com\/wp-content\/uploads\/2021\/11\/img_9791-1-scaled.jpeg\",\"datePublished\":\"2021-11-25T22:00:56+00:00\",\"dateModified\":\"2021-11-25T23:15:34+00:00\",\"description\":\"Balta & vy\u0161nin\u0117 gintaro rutuliuk\u0173 apyrank\u0117 8 mm,Baltic amber bracelet,Milky & cherry amber round beads stretch bracelet,Silver Amber jewelry\",\"breadcrumb\":{\"@id\":\"https:\/\/amberwithsilver.com\/product\/marga-gintaro-rutuliuku-apyranke-8-mm\/#breadcrumb\"},\"inLanguage\":\"en-US\",\"potentialAction\":[{\"@type\":\"ReadAction\",\"target\":[\"https:\/\/amberwithsilver.com\/product\/marga-gintaro-rutuliuku-apyranke-8-mm\/\"]}]},{\"@type\":\"ImageObject\",\"inLanguage\":\"en-US\",\"@id\":\"https:\/\/amberwithsilver.com\/product\/marga-gintaro-rutuliuku-apyranke-8-mm\/#primaryimage\",\"url\":\"https:\/\/amberwithsilver.com\/wp-content\/uploads\/2021\/11\/img_9791-1-scaled.jpeg\",\"contentUrl\":\"https:\/\/amberwithsilver.com\/wp-content\/uploads\/2021\/11\/img_9791-1-scaled.jpeg\",\"width\":2560,\"height\":2473,\"caption\":\"Balta & vy\u0161nin\u0117 gintaro rutuliuk\u0173 apyrank\u0117 8 mm,White & cherry amber round beads stretch bracelet 8 mm\"},{\"@type\":\"BreadcrumbList\",\"@id\":\"https:\/\/amberwithsilver.com\/product\/marga-gintaro-rutuliuku-apyranke-8-mm\/#breadcrumb\",\"itemListElement\":[{\"@type\":\"ListItem\",\"position\":1,\"name\":\"Home\",\"item\":\"https:\/\/amberwithsilver.com\/\"},{\"@type\":\"ListItem\",\"position\":2,\"name\":\"Parduotuv\u0117\",\"item\":\"https:\/\/amberwithsilver.com\/en\/parduotuve\/\"},{\"@type\":\"ListItem\",\"position\":3,\"name\":\"Balta &#038; vy\u0161nin\u0117 gintaro rutuliuk\u0173 apyrank\u0117 8 mm\"}]},{\"@type\":\"WebSite\",\"@id\":\"https:\/\/amberwithsilver.com\/en\/#website\",\"url\":\"https:\/\/amberwithsilver.com\/en\/\",\"name\":\"AmberWithSilver\",\"description\":\"Amber-Silver\",\"publisher\":{\"@id\":\"https:\/\/amberwithsilver.com\/en\/#organization\"},\"potentialAction\":[{\"@type\":\"SearchAction\",\"target\":{\"@type\":\"EntryPoint\",\"urlTemplate\":\"https:\/\/amberwithsilver.com\/en\/?s={search_term_string}\"},\"query-input\":{\"@type\":\"PropertyValueSpecification\",\"valueRequired\":true,\"valueName\":\"search_term_string\"}}],\"inLanguage\":\"en-US\"},{\"@type\":\"Organization\",\"@id\":\"https:\/\/amberwithsilver.com\/en\/#organization\",\"name\":\"amberwithsilver\",\"url\":\"https:\/\/amberwithsilver.com\/en\/\",\"logo\":{\"@type\":\"ImageObject\",\"inLanguage\":\"en-US\",\"@id\":\"https:\/\/amberwithsilver.com\/en\/#\/schema\/logo\/image\/\",\"url\":\"https:\/\/i0.wp.com\/amberwithsilver.com\/wp-content\/uploads\/2020\/12\/logo.jpg?fit=232%2C116&ssl=1\",\"contentUrl\":\"https:\/\/i0.wp.com\/amberwithsilver.com\/wp-content\/uploads\/2020\/12\/logo.jpg?fit=232%2C116&ssl=1\",\"width\":232,\"height\":116,\"caption\":\"amberwithsilver\"},\"image\":{\"@id\":\"https:\/\/amberwithsilver.com\/en\/#\/schema\/logo\/image\/\"}}]}<\/script>\n<!-- \/ Yoast SEO Premium plugin. -->","yoast_head_json":{"title":"Balta & vy\u0161nin\u0117 gintaro rutuliuk\u0173 apyrank\u0117 8 mm - AmberWithSilver","description":"Balta & vy\u0161nin\u0117 gintaro rutuliuk\u0173 apyrank\u0117 8 mm,Baltic amber bracelet,Milky & cherry amber round beads stretch bracelet,Silver Amber jewelry","robots":{"index":"index","follow":"follow","max-snippet":"max-snippet:-1","max-image-preview":"max-image-preview:large","max-video-preview":"max-video-preview:-1"},"canonical":"https:\/\/amberwithsilver.com\/en\/product\/marga-gintaro-rutuliuku-apyranke-8-mm\/","og_locale":"en_US","og_type":"article","og_title":"Balta & vy\u0161nin\u0117 gintaro rutuliuk\u0173 apyrank\u0117 8 mm","og_description":"Balta & vy\u0161nin\u0117 gintaro rutuliuk\u0173 apyrank\u0117 8 mm,Baltic amber bracelet,Milky & cherry amber round beads stretch bracelet,Silver Amber jewelry","og_url":"https:\/\/amberwithsilver.com\/en\/product\/marga-gintaro-rutuliuku-apyranke-8-mm\/","og_site_name":"AmberWithSilver","article_modified_time":"2021-11-25T23:15:34+00:00","og_image":[{"width":2560,"height":2473,"url":"https:\/\/amberwithsilver.com\/wp-content\/uploads\/2021\/11\/img_9791-1-scaled.jpeg","type":"image\/jpeg"}],"twitter_card":"summary_large_image","schema":{"@context":"https:\/\/schema.org","@graph":[{"@type":"WebPage","@id":"https:\/\/amberwithsilver.com\/product\/marga-gintaro-rutuliuku-apyranke-8-mm\/","url":"https:\/\/amberwithsilver.com\/product\/marga-gintaro-rutuliuku-apyranke-8-mm\/","name":"Balta & vy\u0161nin\u0117 gintaro rutuliuk\u0173 apyrank\u0117 8 mm - AmberWithSilver","isPartOf":{"@id":"https:\/\/amberwithsilver.com\/en\/#website"},"primaryImageOfPage":{"@id":"https:\/\/amberwithsilver.com\/product\/marga-gintaro-rutuliuku-apyranke-8-mm\/#primaryimage"},"image":{"@id":"https:\/\/amberwithsilver.com\/product\/marga-gintaro-rutuliuku-apyranke-8-mm\/#primaryimage"},"thumbnailUrl":"https:\/\/amberwithsilver.com\/wp-content\/uploads\/2021\/11\/img_9791-1-scaled.jpeg","datePublished":"2021-11-25T22:00:56+00:00","dateModified":"2021-11-25T23:15:34+00:00","description":"Balta & vy\u0161nin\u0117 gintaro rutuliuk\u0173 apyrank\u0117 8 mm,Baltic amber bracelet,Milky & cherry amber round beads stretch bracelet,Silver Amber jewelry","breadcrumb":{"@id":"https:\/\/amberwithsilver.com\/product\/marga-gintaro-rutuliuku-apyranke-8-mm\/#breadcrumb"},"inLanguage":"en-US","potentialAction":[{"@type":"ReadAction","target":["https:\/\/amberwithsilver.com\/product\/marga-gintaro-rutuliuku-apyranke-8-mm\/"]}]},{"@type":"ImageObject","inLanguage":"en-US","@id":"https:\/\/amberwithsilver.com\/product\/marga-gintaro-rutuliuku-apyranke-8-mm\/#primaryimage","url":"https:\/\/amberwithsilver.com\/wp-content\/uploads\/2021\/11\/img_9791-1-scaled.jpeg","contentUrl":"https:\/\/amberwithsilver.com\/wp-content\/uploads\/2021\/11\/img_9791-1-scaled.jpeg","width":2560,"height":2473,"caption":"Balta & vy\u0161nin\u0117 gintaro rutuliuk\u0173 apyrank\u0117 8 mm,White & cherry amber round beads stretch bracelet 8 mm"},{"@type":"BreadcrumbList","@id":"https:\/\/amberwithsilver.com\/product\/marga-gintaro-rutuliuku-apyranke-8-mm\/#breadcrumb","itemListElement":[{"@type":"ListItem","position":1,"name":"Home","item":"https:\/\/amberwithsilver.com\/"},{"@type":"ListItem","position":2,"name":"Parduotuv\u0117","item":"https:\/\/amberwithsilver.com\/en\/parduotuve\/"},{"@type":"ListItem","position":3,"name":"Balta &#038; vy\u0161nin\u0117 gintaro rutuliuk\u0173 apyrank\u0117 8 mm"}]},{"@type":"WebSite","@id":"https:\/\/amberwithsilver.com\/en\/#website","url":"https:\/\/amberwithsilver.com\/en\/","name":"AmberWithSilver","description":"Amber-Silver","publisher":{"@id":"https:\/\/amberwithsilver.com\/en\/#organization"},"potentialAction":[{"@type":"SearchAction","target":{"@type":"EntryPoint","urlTemplate":"https:\/\/amberwithsilver.com\/en\/?s={search_term_string}"},"query-input":{"@type":"PropertyValueSpecification","valueRequired":true,"valueName":"search_term_string"}}],"inLanguage":"en-US"},{"@type":"Organization","@id":"https:\/\/amberwithsilver.com\/en\/#organization","name":"amberwithsilver","url":"https:\/\/amberwithsilver.com\/en\/","logo":{"@type":"ImageObject","inLanguage":"en-US","@id":"https:\/\/amberwithsilver.com\/en\/#\/schema\/logo\/image\/","url":"https:\/\/i0.wp.com\/amberwithsilver.com\/wp-content\/uploads\/2020\/12\/logo.jpg?fit=232%2C116&ssl=1","contentUrl":"https:\/\/i0.wp.com\/amberwithsilver.com\/wp-content\/uploads\/2020\/12\/logo.jpg?fit=232%2C116&ssl=1","width":232,"height":116,"caption":"amberwithsilver"},"image":{"@id":"https:\/\/amberwithsilver.com\/en\/#\/schema\/logo\/image\/"}}]}},"jetpack_sharing_enabled":true,"_links":{"self":[{"href":"https:\/\/amberwithsilver.com\/en\/wp-json\/wp\/v2\/product\/1883","targetHints":{"allow":["GET"]}}],"collection":[{"href":"https:\/\/amberwithsilver.com\/en\/wp-json\/wp\/v2\/product"}],"about":[{"href":"https:\/\/amberwithsilver.com\/en\/wp-json\/wp\/v2\/types\/product"}],"replies":[{"embeddable":true,"href":"https:\/\/amberwithsilver.com\/en\/wp-json\/wp\/v2\/comments?post=1883"}],"version-history":[{"count":0,"href":"https:\/\/amberwithsilver.com\/en\/wp-json\/wp\/v2\/product\/1883\/revisions"}],"wp:featuredmedia":[{"embeddable":true,"href":"https:\/\/amberwithsilver.com\/en\/wp-json\/wp\/v2\/media\/1889"}],"wp:attachment":[{"href":"https:\/\/amberwithsilver.com\/en\/wp-json\/wp\/v2\/media?parent=1883"}],"wp:term":[{"taxonomy":"product_brand","embeddable":true,"href":"https:\/\/amberwithsilver.com\/en\/wp-json\/wp\/v2\/product_brand?post=1883"},{"taxonomy":"product_cat","embeddable":true,"href":"https:\/\/amberwithsilver.com\/en\/wp-json\/wp\/v2\/product_cat?post=1883"},{"taxonomy":"product_tag","embeddable":true,"href":"https:\/\/amberwithsilver.com\/en\/wp-json\/wp\/v2\/product_tag?post=1883"}],"curies":[{"name":"wp","href":"https:\/\/api.w.org\/{rel}","templated":true}]}}