{"id":1894,"date":"2021-11-26T00:56:22","date_gmt":"2021-11-25T22:56:22","guid":{"rendered":"http:\/\/amberwithsilver.com\/?post_type=product&#038;p=1894"},"modified":"2021-11-26T01:06:51","modified_gmt":"2021-11-25T23:06:51","slug":"stilinga-juoda-pilka-gintaro-rutuliuku-apyranke-12-mm","status":"publish","type":"product","link":"https:\/\/amberwithsilver.com\/en\/product\/stilinga-juoda-pilka-gintaro-rutuliuku-apyranke-12-mm\/","title":{"rendered":"Stylish blackish &amp; grey amber round beads stretch bracelet 12 mm"},"content":{"rendered":"<p>Stylish blackish &amp; grey amber round beads stretch bracelet 12 mm. Bracelet is made of 100% natural amber round shape beads. Unique black spotted colors perfectly combine with each other. Carefully polished and softly round Baltic amber beads 12 mm in size. Each piece of amber is like the ray of light, hot drop of love and a bit of bright sun. Eye catching bracelet is on the stretch.<\/p>\n<ul>\n<li>Black, grey, brown, yellow color round beads<\/li>\n<li>Elastic silicon<\/li>\n<li>Weight: ~16,2 grams.<\/li>\n<\/ul>\n<p>*Please note that the color of the product may vary slightly from that shown in the photo, depending on the monitor used by the Buyer and the lighting settings in the photos.<\/p>","protected":false},"excerpt":{"rendered":"<p>Stylish blackish &amp; grey amber round beads stretch bracelet 12 mm. Bracelet is made of 100% natural amber round shape beads. Unique black spotted colors perfectly combine with each other. Carefully polished and softly round Baltic amber beads 12 mm in size. Each piece of amber is like the ray of light, hot drop of love and a bit of bright sun. Eye catching bracelet is on the stretch.<\/p>\n<ul>\n<li>Black, grey, brown, yellow color round beads<\/li>\n<li>Elastic silicon<\/li>\n<li>Weight: ~16,2 grams.<\/li>\n<\/ul>\n<p>*Please note that the color of the product may vary slightly from that shown in the photo, depending on the monitor used by the Buyer and the lighting settings in the photos.<\/p>","protected":false},"featured_media":1896,"comment_status":"open","ping_status":"closed","template":"","meta":[],"product_brand":[],"product_cat":[59,18,60],"product_tag":[311,468,511,512,513,514],"class_list":{"0":"post-1894","1":"product","2":"type-product","3":"status-publish","4":"has-post-thumbnail","6":"product_cat-gintaro-papuosalai-vyrams","7":"product_cat-gintaro-apyrankes","8":"product_cat-juodo-gintaro-kolekcija","9":"product_tag-silver-amber-jewelry","10":"product_tag-baltic-amber-jewelry","11":"product_tag-stilinga-juoda-pilka-gintaro-rutuliuku-apyranke-12-mm","12":"product_tag-stylish-blackish-grey-amber-round-beads-stretch-bracelet-12-mm","13":"product_tag-stilinga-baltijos-gintaro-apyranke","14":"product_tag-stylish-baltic-amber-bracelet","16":"first","17":"instock","18":"taxable","19":"shipping-taxable","20":"purchasable","21":"product-type-simple"},"yoast_head":"<!-- This site is optimized with the Yoast SEO Premium plugin v23.4 (Yoast SEO v26.8) - https:\/\/yoast.com\/product\/yoast-seo-premium-wordpress\/ -->\n<title>Stilinga juoda &amp; pilka gintaro rutuliuk\u0173 apyrank\u0117 12 mm - AmberWithSilver<\/title>\n<meta name=\"description\" content=\"Stilinga juoda &amp; pilka gintaro rutuliuk\u0173 apyrank\u0117 12 mm,Stylish blackish &amp; grey amber round beads stretch bracelet 12 mm,Baltijos gintaras\" \/>\n<meta name=\"robots\" content=\"index, follow, max-snippet:-1, max-image-preview:large, max-video-preview:-1\" \/>\n<link rel=\"canonical\" href=\"https:\/\/amberwithsilver.com\/en\/product\/stilinga-juoda-pilka-gintaro-rutuliuku-apyranke-12-mm\/\" \/>\n<meta property=\"og:locale\" content=\"en_US\" \/>\n<meta property=\"og:type\" content=\"article\" \/>\n<meta property=\"og:title\" content=\"Stilinga juoda &amp; pilka gintaro rutuliuk\u0173 apyrank\u0117 12 mm\" \/>\n<meta property=\"og:description\" content=\"Stilinga juoda &amp; pilka gintaro rutuliuk\u0173 apyrank\u0117 12 mm,Stylish blackish &amp; grey amber round beads stretch bracelet 12 mm,Baltijos gintaras\" \/>\n<meta property=\"og:url\" content=\"https:\/\/amberwithsilver.com\/en\/product\/stilinga-juoda-pilka-gintaro-rutuliuku-apyranke-12-mm\/\" \/>\n<meta property=\"og:site_name\" content=\"AmberWithSilver\" \/>\n<meta property=\"article:modified_time\" content=\"2021-11-25T23:06:51+00:00\" \/>\n<meta property=\"og:image\" content=\"https:\/\/amberwithsilver.com\/wp-content\/uploads\/2021\/11\/img_9793.jpeg\" \/>\n\t<meta property=\"og:image:width\" content=\"2554\" \/>\n\t<meta property=\"og:image:height\" content=\"2429\" \/>\n\t<meta property=\"og:image:type\" content=\"image\/jpeg\" \/>\n<meta name=\"twitter:card\" content=\"summary_large_image\" \/>\n<script type=\"application\/ld+json\" class=\"yoast-schema-graph\">{\"@context\":\"https:\/\/schema.org\",\"@graph\":[{\"@type\":\"WebPage\",\"@id\":\"https:\/\/amberwithsilver.com\/product\/stilinga-juoda-pilka-gintaro-rutuliuku-apyranke-12-mm\/\",\"url\":\"https:\/\/amberwithsilver.com\/product\/stilinga-juoda-pilka-gintaro-rutuliuku-apyranke-12-mm\/\",\"name\":\"Stilinga juoda & pilka gintaro rutuliuk\u0173 apyrank\u0117 12 mm - AmberWithSilver\",\"isPartOf\":{\"@id\":\"https:\/\/amberwithsilver.com\/en\/#website\"},\"primaryImageOfPage\":{\"@id\":\"https:\/\/amberwithsilver.com\/product\/stilinga-juoda-pilka-gintaro-rutuliuku-apyranke-12-mm\/#primaryimage\"},\"image\":{\"@id\":\"https:\/\/amberwithsilver.com\/product\/stilinga-juoda-pilka-gintaro-rutuliuku-apyranke-12-mm\/#primaryimage\"},\"thumbnailUrl\":\"https:\/\/amberwithsilver.com\/wp-content\/uploads\/2021\/11\/img_9793.jpeg\",\"datePublished\":\"2021-11-25T22:56:22+00:00\",\"dateModified\":\"2021-11-25T23:06:51+00:00\",\"description\":\"Stilinga juoda & pilka gintaro rutuliuk\u0173 apyrank\u0117 12 mm,Stylish blackish & grey amber round beads stretch bracelet 12 mm,Baltijos gintaras\",\"breadcrumb\":{\"@id\":\"https:\/\/amberwithsilver.com\/product\/stilinga-juoda-pilka-gintaro-rutuliuku-apyranke-12-mm\/#breadcrumb\"},\"inLanguage\":\"en-US\",\"potentialAction\":[{\"@type\":\"ReadAction\",\"target\":[\"https:\/\/amberwithsilver.com\/product\/stilinga-juoda-pilka-gintaro-rutuliuku-apyranke-12-mm\/\"]}]},{\"@type\":\"ImageObject\",\"inLanguage\":\"en-US\",\"@id\":\"https:\/\/amberwithsilver.com\/product\/stilinga-juoda-pilka-gintaro-rutuliuku-apyranke-12-mm\/#primaryimage\",\"url\":\"https:\/\/amberwithsilver.com\/wp-content\/uploads\/2021\/11\/img_9793.jpeg\",\"contentUrl\":\"https:\/\/amberwithsilver.com\/wp-content\/uploads\/2021\/11\/img_9793.jpeg\",\"width\":2554,\"height\":2429,\"caption\":\"Stilinga juoda & pilka gintaro rutuliuk\u0173 apyrank\u0117 12 mm,Stylish blackish & grey amber round beads stretch bracelet 12 mm\"},{\"@type\":\"BreadcrumbList\",\"@id\":\"https:\/\/amberwithsilver.com\/product\/stilinga-juoda-pilka-gintaro-rutuliuku-apyranke-12-mm\/#breadcrumb\",\"itemListElement\":[{\"@type\":\"ListItem\",\"position\":1,\"name\":\"Home\",\"item\":\"https:\/\/amberwithsilver.com\/\"},{\"@type\":\"ListItem\",\"position\":2,\"name\":\"Parduotuv\u0117\",\"item\":\"https:\/\/amberwithsilver.com\/en\/parduotuve\/\"},{\"@type\":\"ListItem\",\"position\":3,\"name\":\"Stilinga juoda &#038; pilka gintaro rutuliuk\u0173 apyrank\u0117 12 mm\"}]},{\"@type\":\"WebSite\",\"@id\":\"https:\/\/amberwithsilver.com\/en\/#website\",\"url\":\"https:\/\/amberwithsilver.com\/en\/\",\"name\":\"AmberWithSilver\",\"description\":\"Amber-Silver\",\"publisher\":{\"@id\":\"https:\/\/amberwithsilver.com\/en\/#organization\"},\"potentialAction\":[{\"@type\":\"SearchAction\",\"target\":{\"@type\":\"EntryPoint\",\"urlTemplate\":\"https:\/\/amberwithsilver.com\/en\/?s={search_term_string}\"},\"query-input\":{\"@type\":\"PropertyValueSpecification\",\"valueRequired\":true,\"valueName\":\"search_term_string\"}}],\"inLanguage\":\"en-US\"},{\"@type\":\"Organization\",\"@id\":\"https:\/\/amberwithsilver.com\/en\/#organization\",\"name\":\"amberwithsilver\",\"url\":\"https:\/\/amberwithsilver.com\/en\/\",\"logo\":{\"@type\":\"ImageObject\",\"inLanguage\":\"en-US\",\"@id\":\"https:\/\/amberwithsilver.com\/en\/#\/schema\/logo\/image\/\",\"url\":\"https:\/\/i0.wp.com\/amberwithsilver.com\/wp-content\/uploads\/2020\/12\/logo.jpg?fit=232%2C116&ssl=1\",\"contentUrl\":\"https:\/\/i0.wp.com\/amberwithsilver.com\/wp-content\/uploads\/2020\/12\/logo.jpg?fit=232%2C116&ssl=1\",\"width\":232,\"height\":116,\"caption\":\"amberwithsilver\"},\"image\":{\"@id\":\"https:\/\/amberwithsilver.com\/en\/#\/schema\/logo\/image\/\"}}]}<\/script>\n<!-- \/ Yoast SEO Premium plugin. -->","yoast_head_json":{"title":"Stilinga juoda & pilka gintaro rutuliuk\u0173 apyrank\u0117 12 mm - AmberWithSilver","description":"Stilinga juoda & pilka gintaro rutuliuk\u0173 apyrank\u0117 12 mm,Stylish blackish & grey amber round beads stretch bracelet 12 mm,Baltijos gintaras","robots":{"index":"index","follow":"follow","max-snippet":"max-snippet:-1","max-image-preview":"max-image-preview:large","max-video-preview":"max-video-preview:-1"},"canonical":"https:\/\/amberwithsilver.com\/en\/product\/stilinga-juoda-pilka-gintaro-rutuliuku-apyranke-12-mm\/","og_locale":"en_US","og_type":"article","og_title":"Stilinga juoda & pilka gintaro rutuliuk\u0173 apyrank\u0117 12 mm","og_description":"Stilinga juoda & pilka gintaro rutuliuk\u0173 apyrank\u0117 12 mm,Stylish blackish & grey amber round beads stretch bracelet 12 mm,Baltijos gintaras","og_url":"https:\/\/amberwithsilver.com\/en\/product\/stilinga-juoda-pilka-gintaro-rutuliuku-apyranke-12-mm\/","og_site_name":"AmberWithSilver","article_modified_time":"2021-11-25T23:06:51+00:00","og_image":[{"width":2554,"height":2429,"url":"https:\/\/amberwithsilver.com\/wp-content\/uploads\/2021\/11\/img_9793.jpeg","type":"image\/jpeg"}],"twitter_card":"summary_large_image","schema":{"@context":"https:\/\/schema.org","@graph":[{"@type":"WebPage","@id":"https:\/\/amberwithsilver.com\/product\/stilinga-juoda-pilka-gintaro-rutuliuku-apyranke-12-mm\/","url":"https:\/\/amberwithsilver.com\/product\/stilinga-juoda-pilka-gintaro-rutuliuku-apyranke-12-mm\/","name":"Stilinga juoda & pilka gintaro rutuliuk\u0173 apyrank\u0117 12 mm - AmberWithSilver","isPartOf":{"@id":"https:\/\/amberwithsilver.com\/en\/#website"},"primaryImageOfPage":{"@id":"https:\/\/amberwithsilver.com\/product\/stilinga-juoda-pilka-gintaro-rutuliuku-apyranke-12-mm\/#primaryimage"},"image":{"@id":"https:\/\/amberwithsilver.com\/product\/stilinga-juoda-pilka-gintaro-rutuliuku-apyranke-12-mm\/#primaryimage"},"thumbnailUrl":"https:\/\/amberwithsilver.com\/wp-content\/uploads\/2021\/11\/img_9793.jpeg","datePublished":"2021-11-25T22:56:22+00:00","dateModified":"2021-11-25T23:06:51+00:00","description":"Stilinga juoda & pilka gintaro rutuliuk\u0173 apyrank\u0117 12 mm,Stylish blackish & grey amber round beads stretch bracelet 12 mm,Baltijos gintaras","breadcrumb":{"@id":"https:\/\/amberwithsilver.com\/product\/stilinga-juoda-pilka-gintaro-rutuliuku-apyranke-12-mm\/#breadcrumb"},"inLanguage":"en-US","potentialAction":[{"@type":"ReadAction","target":["https:\/\/amberwithsilver.com\/product\/stilinga-juoda-pilka-gintaro-rutuliuku-apyranke-12-mm\/"]}]},{"@type":"ImageObject","inLanguage":"en-US","@id":"https:\/\/amberwithsilver.com\/product\/stilinga-juoda-pilka-gintaro-rutuliuku-apyranke-12-mm\/#primaryimage","url":"https:\/\/amberwithsilver.com\/wp-content\/uploads\/2021\/11\/img_9793.jpeg","contentUrl":"https:\/\/amberwithsilver.com\/wp-content\/uploads\/2021\/11\/img_9793.jpeg","width":2554,"height":2429,"caption":"Stilinga juoda & pilka gintaro rutuliuk\u0173 apyrank\u0117 12 mm,Stylish blackish & grey amber round beads stretch bracelet 12 mm"},{"@type":"BreadcrumbList","@id":"https:\/\/amberwithsilver.com\/product\/stilinga-juoda-pilka-gintaro-rutuliuku-apyranke-12-mm\/#breadcrumb","itemListElement":[{"@type":"ListItem","position":1,"name":"Home","item":"https:\/\/amberwithsilver.com\/"},{"@type":"ListItem","position":2,"name":"Parduotuv\u0117","item":"https:\/\/amberwithsilver.com\/en\/parduotuve\/"},{"@type":"ListItem","position":3,"name":"Stilinga juoda &#038; pilka gintaro rutuliuk\u0173 apyrank\u0117 12 mm"}]},{"@type":"WebSite","@id":"https:\/\/amberwithsilver.com\/en\/#website","url":"https:\/\/amberwithsilver.com\/en\/","name":"AmberWithSilver","description":"Amber-Silver","publisher":{"@id":"https:\/\/amberwithsilver.com\/en\/#organization"},"potentialAction":[{"@type":"SearchAction","target":{"@type":"EntryPoint","urlTemplate":"https:\/\/amberwithsilver.com\/en\/?s={search_term_string}"},"query-input":{"@type":"PropertyValueSpecification","valueRequired":true,"valueName":"search_term_string"}}],"inLanguage":"en-US"},{"@type":"Organization","@id":"https:\/\/amberwithsilver.com\/en\/#organization","name":"amberwithsilver","url":"https:\/\/amberwithsilver.com\/en\/","logo":{"@type":"ImageObject","inLanguage":"en-US","@id":"https:\/\/amberwithsilver.com\/en\/#\/schema\/logo\/image\/","url":"https:\/\/i0.wp.com\/amberwithsilver.com\/wp-content\/uploads\/2020\/12\/logo.jpg?fit=232%2C116&ssl=1","contentUrl":"https:\/\/i0.wp.com\/amberwithsilver.com\/wp-content\/uploads\/2020\/12\/logo.jpg?fit=232%2C116&ssl=1","width":232,"height":116,"caption":"amberwithsilver"},"image":{"@id":"https:\/\/amberwithsilver.com\/en\/#\/schema\/logo\/image\/"}}]}},"jetpack_sharing_enabled":true,"_links":{"self":[{"href":"https:\/\/amberwithsilver.com\/en\/wp-json\/wp\/v2\/product\/1894","targetHints":{"allow":["GET"]}}],"collection":[{"href":"https:\/\/amberwithsilver.com\/en\/wp-json\/wp\/v2\/product"}],"about":[{"href":"https:\/\/amberwithsilver.com\/en\/wp-json\/wp\/v2\/types\/product"}],"replies":[{"embeddable":true,"href":"https:\/\/amberwithsilver.com\/en\/wp-json\/wp\/v2\/comments?post=1894"}],"version-history":[{"count":0,"href":"https:\/\/amberwithsilver.com\/en\/wp-json\/wp\/v2\/product\/1894\/revisions"}],"wp:featuredmedia":[{"embeddable":true,"href":"https:\/\/amberwithsilver.com\/en\/wp-json\/wp\/v2\/media\/1896"}],"wp:attachment":[{"href":"https:\/\/amberwithsilver.com\/en\/wp-json\/wp\/v2\/media?parent=1894"}],"wp:term":[{"taxonomy":"product_brand","embeddable":true,"href":"https:\/\/amberwithsilver.com\/en\/wp-json\/wp\/v2\/product_brand?post=1894"},{"taxonomy":"product_cat","embeddable":true,"href":"https:\/\/amberwithsilver.com\/en\/wp-json\/wp\/v2\/product_cat?post=1894"},{"taxonomy":"product_tag","embeddable":true,"href":"https:\/\/amberwithsilver.com\/en\/wp-json\/wp\/v2\/product_tag?post=1894"}],"curies":[{"name":"wp","href":"https:\/\/api.w.org\/{rel}","templated":true}]}}