{"id":1948,"date":"2021-12-22T17:06:40","date_gmt":"2021-12-22T15:06:40","guid":{"rendered":"http:\/\/amberwithsilver.com\/?post_type=product&#038;p=1948"},"modified":"2026-03-05T07:21:28","modified_gmt":"2026-03-05T05:21:28","slug":"figurele-su-gintaru-drambliukas","status":"publish","type":"product","link":"https:\/\/amberwithsilver.com\/en\/product\/figurele-su-gintaru-drambliukas\/","title":{"rendered":"Figurine with amber \"Elephant\""},"content":{"rendered":"<p>Figurine with amber \"Elephant\".<\/p>\n<p>A figurine from Lithuania decorated with Baltic amber. The elephant has long symbolized power and wisdom, yet is associated with longevity. The elephant expresses the qualities of a leader as demonstrated by his spiritual and physical strength. The trunk of a metal elephant is pointing upwards, which means that it will help to bring monetary gain into a person\u2019s life, as well as help to cope with unnecessary expenses.<\/p>\n<p>&nbsp;<\/p>","protected":false},"excerpt":{"rendered":"<p>Figurine with amber \"Elephant\".<\/p>\n<p>A figurine from Lithuania decorated with Baltic amber. The elephant has long symbolized power and wisdom, yet is associated with longevity. The elephant expresses the qualities of a leader as demonstrated by his spiritual and physical strength. The trunk of a metal elephant is pointing upwards, which means that it will help to bring monetary gain into a person\u2019s life, as well as help to cope with unnecessary expenses.<\/p>","protected":false},"featured_media":1956,"comment_status":"open","ping_status":"closed","template":"","meta":[],"product_brand":[],"product_cat":[47,45],"product_tag":[152,311,540,541,542,543,544],"class_list":{"0":"post-1948","1":"product","2":"type-product","3":"status-publish","4":"has-post-thumbnail","6":"product_cat-gintarines-statuleles","7":"product_cat-gintaro-suvenyrai","8":"product_tag-naturalus-baltijos-gintaras","9":"product_tag-silver-amber-jewelry","10":"product_tag-figurine-with-amber-elephant","11":"product_tag-figurele-su-gintaru-drambliukas","12":"product_tag-amber-figure-elephant","13":"product_tag-statulele-su-gintaru","14":"product_tag-baltijos-gintaro-dramblys","16":"first","17":"instock","18":"taxable","19":"shipping-taxable","20":"purchasable","21":"product-type-simple"},"yoast_head":"<!-- This site is optimized with the Yoast SEO Premium plugin v23.4 (Yoast SEO v26.8) - https:\/\/yoast.com\/product\/yoast-seo-premium-wordpress\/ -->\n<title>Fig\u016br\u0117l\u0117 su gintaru &quot;Drambliukas&quot; - AmberWithSilver<\/title>\n<meta name=\"description\" content=\"Fig\u016br\u0117l\u0117 su gintaru &quot;Drambliukas&quot;, Figurine with amber &quot;Elephant&quot;, Amber figure Eelephant, statulele su gintaru, Baltijos gintaro dramblys,\" \/>\n<meta name=\"robots\" content=\"index, follow, max-snippet:-1, max-image-preview:large, max-video-preview:-1\" \/>\n<link rel=\"canonical\" href=\"https:\/\/amberwithsilver.com\/en\/product\/figurele-su-gintaru-drambliukas\/\" \/>\n<meta property=\"og:locale\" content=\"en_US\" \/>\n<meta property=\"og:type\" content=\"article\" \/>\n<meta property=\"og:title\" content=\"Fig\u016br\u0117l\u0117 su gintaru &quot;Drambliukas&quot;\" \/>\n<meta property=\"og:description\" content=\"Fig\u016br\u0117l\u0117 su gintaru &quot;Drambliukas&quot;, Figurine with amber &quot;Elephant&quot;, Amber figure Eelephant, statulele su gintaru, Baltijos gintaro dramblys,\" \/>\n<meta property=\"og:url\" content=\"https:\/\/amberwithsilver.com\/en\/product\/figurele-su-gintaru-drambliukas\/\" \/>\n<meta property=\"og:site_name\" content=\"AmberWithSilver\" \/>\n<meta property=\"article:modified_time\" content=\"2026-03-05T05:21:28+00:00\" \/>\n<meta property=\"og:image\" content=\"https:\/\/amberwithsilver.com\/wp-content\/uploads\/2021\/12\/img_1130.jpeg\" \/>\n\t<meta property=\"og:image:width\" content=\"1998\" \/>\n\t<meta property=\"og:image:height\" content=\"1891\" \/>\n\t<meta property=\"og:image:type\" content=\"image\/jpeg\" \/>\n<meta name=\"twitter:card\" content=\"summary_large_image\" \/>\n<meta name=\"twitter:label1\" content=\"Est. reading time\" \/>\n\t<meta name=\"twitter:data1\" content=\"1 minute\" \/>\n<script type=\"application\/ld+json\" class=\"yoast-schema-graph\">{\"@context\":\"https:\/\/schema.org\",\"@graph\":[{\"@type\":\"WebPage\",\"@id\":\"https:\/\/amberwithsilver.com\/product\/figurele-su-gintaru-drambliukas\/\",\"url\":\"https:\/\/amberwithsilver.com\/product\/figurele-su-gintaru-drambliukas\/\",\"name\":\"Fig\u016br\u0117l\u0117 su gintaru \\\"Drambliukas\\\" - AmberWithSilver\",\"isPartOf\":{\"@id\":\"https:\/\/amberwithsilver.com\/en\/#website\"},\"primaryImageOfPage\":{\"@id\":\"https:\/\/amberwithsilver.com\/product\/figurele-su-gintaru-drambliukas\/#primaryimage\"},\"image\":{\"@id\":\"https:\/\/amberwithsilver.com\/product\/figurele-su-gintaru-drambliukas\/#primaryimage\"},\"thumbnailUrl\":\"https:\/\/amberwithsilver.com\/wp-content\/uploads\/2021\/12\/img_1130.jpeg\",\"datePublished\":\"2021-12-22T15:06:40+00:00\",\"dateModified\":\"2026-03-05T05:21:28+00:00\",\"description\":\"Fig\u016br\u0117l\u0117 su gintaru \\\"Drambliukas\\\", Figurine with amber \\\"Elephant\\\", Amber figure Eelephant, statulele su gintaru, Baltijos gintaro dramblys,\",\"breadcrumb\":{\"@id\":\"https:\/\/amberwithsilver.com\/product\/figurele-su-gintaru-drambliukas\/#breadcrumb\"},\"inLanguage\":\"en-US\",\"potentialAction\":[{\"@type\":\"ReadAction\",\"target\":[\"https:\/\/amberwithsilver.com\/product\/figurele-su-gintaru-drambliukas\/\"]}]},{\"@type\":\"ImageObject\",\"inLanguage\":\"en-US\",\"@id\":\"https:\/\/amberwithsilver.com\/product\/figurele-su-gintaru-drambliukas\/#primaryimage\",\"url\":\"https:\/\/amberwithsilver.com\/wp-content\/uploads\/2021\/12\/img_1130.jpeg\",\"contentUrl\":\"https:\/\/amberwithsilver.com\/wp-content\/uploads\/2021\/12\/img_1130.jpeg\",\"width\":1998,\"height\":1891,\"caption\":\"Fig\u016br\u0117l\u0117 su gintaru \\\"Drambliukas\\\", Figurine with amber \\\"Elephant\\\"\"},{\"@type\":\"BreadcrumbList\",\"@id\":\"https:\/\/amberwithsilver.com\/product\/figurele-su-gintaru-drambliukas\/#breadcrumb\",\"itemListElement\":[{\"@type\":\"ListItem\",\"position\":1,\"name\":\"Home\",\"item\":\"https:\/\/amberwithsilver.com\/\"},{\"@type\":\"ListItem\",\"position\":2,\"name\":\"Parduotuv\u0117\",\"item\":\"https:\/\/amberwithsilver.com\/en\/parduotuve\/\"},{\"@type\":\"ListItem\",\"position\":3,\"name\":\"Fig\u016br\u0117l\u0117 su gintaru &#8222;Drambliukas&#8221;\"}]},{\"@type\":\"WebSite\",\"@id\":\"https:\/\/amberwithsilver.com\/en\/#website\",\"url\":\"https:\/\/amberwithsilver.com\/en\/\",\"name\":\"AmberWithSilver\",\"description\":\"Amber-Silver\",\"publisher\":{\"@id\":\"https:\/\/amberwithsilver.com\/en\/#organization\"},\"potentialAction\":[{\"@type\":\"SearchAction\",\"target\":{\"@type\":\"EntryPoint\",\"urlTemplate\":\"https:\/\/amberwithsilver.com\/en\/?s={search_term_string}\"},\"query-input\":{\"@type\":\"PropertyValueSpecification\",\"valueRequired\":true,\"valueName\":\"search_term_string\"}}],\"inLanguage\":\"en-US\"},{\"@type\":\"Organization\",\"@id\":\"https:\/\/amberwithsilver.com\/en\/#organization\",\"name\":\"amberwithsilver\",\"url\":\"https:\/\/amberwithsilver.com\/en\/\",\"logo\":{\"@type\":\"ImageObject\",\"inLanguage\":\"en-US\",\"@id\":\"https:\/\/amberwithsilver.com\/en\/#\/schema\/logo\/image\/\",\"url\":\"https:\/\/i0.wp.com\/amberwithsilver.com\/wp-content\/uploads\/2020\/12\/logo.jpg?fit=232%2C116&ssl=1\",\"contentUrl\":\"https:\/\/i0.wp.com\/amberwithsilver.com\/wp-content\/uploads\/2020\/12\/logo.jpg?fit=232%2C116&ssl=1\",\"width\":232,\"height\":116,\"caption\":\"amberwithsilver\"},\"image\":{\"@id\":\"https:\/\/amberwithsilver.com\/en\/#\/schema\/logo\/image\/\"}}]}<\/script>\n<!-- \/ Yoast SEO Premium plugin. -->","yoast_head_json":{"title":"Fig\u016br\u0117l\u0117 su gintaru \"Drambliukas\" - AmberWithSilver","description":"Fig\u016br\u0117l\u0117 su gintaru \"Drambliukas\", Figurine with amber \"Elephant\", Amber figure Eelephant, statulele su gintaru, Baltijos gintaro dramblys,","robots":{"index":"index","follow":"follow","max-snippet":"max-snippet:-1","max-image-preview":"max-image-preview:large","max-video-preview":"max-video-preview:-1"},"canonical":"https:\/\/amberwithsilver.com\/en\/product\/figurele-su-gintaru-drambliukas\/","og_locale":"en_US","og_type":"article","og_title":"Fig\u016br\u0117l\u0117 su gintaru \"Drambliukas\"","og_description":"Fig\u016br\u0117l\u0117 su gintaru \"Drambliukas\", Figurine with amber \"Elephant\", Amber figure Eelephant, statulele su gintaru, Baltijos gintaro dramblys,","og_url":"https:\/\/amberwithsilver.com\/en\/product\/figurele-su-gintaru-drambliukas\/","og_site_name":"AmberWithSilver","article_modified_time":"2026-03-05T05:21:28+00:00","og_image":[{"width":1998,"height":1891,"url":"https:\/\/amberwithsilver.com\/wp-content\/uploads\/2021\/12\/img_1130.jpeg","type":"image\/jpeg"}],"twitter_card":"summary_large_image","twitter_misc":{"Est. reading time":"1 minute"},"schema":{"@context":"https:\/\/schema.org","@graph":[{"@type":"WebPage","@id":"https:\/\/amberwithsilver.com\/product\/figurele-su-gintaru-drambliukas\/","url":"https:\/\/amberwithsilver.com\/product\/figurele-su-gintaru-drambliukas\/","name":"Fig\u016br\u0117l\u0117 su gintaru \"Drambliukas\" - AmberWithSilver","isPartOf":{"@id":"https:\/\/amberwithsilver.com\/en\/#website"},"primaryImageOfPage":{"@id":"https:\/\/amberwithsilver.com\/product\/figurele-su-gintaru-drambliukas\/#primaryimage"},"image":{"@id":"https:\/\/amberwithsilver.com\/product\/figurele-su-gintaru-drambliukas\/#primaryimage"},"thumbnailUrl":"https:\/\/amberwithsilver.com\/wp-content\/uploads\/2021\/12\/img_1130.jpeg","datePublished":"2021-12-22T15:06:40+00:00","dateModified":"2026-03-05T05:21:28+00:00","description":"Fig\u016br\u0117l\u0117 su gintaru \"Drambliukas\", Figurine with amber \"Elephant\", Amber figure Eelephant, statulele su gintaru, Baltijos gintaro dramblys,","breadcrumb":{"@id":"https:\/\/amberwithsilver.com\/product\/figurele-su-gintaru-drambliukas\/#breadcrumb"},"inLanguage":"en-US","potentialAction":[{"@type":"ReadAction","target":["https:\/\/amberwithsilver.com\/product\/figurele-su-gintaru-drambliukas\/"]}]},{"@type":"ImageObject","inLanguage":"en-US","@id":"https:\/\/amberwithsilver.com\/product\/figurele-su-gintaru-drambliukas\/#primaryimage","url":"https:\/\/amberwithsilver.com\/wp-content\/uploads\/2021\/12\/img_1130.jpeg","contentUrl":"https:\/\/amberwithsilver.com\/wp-content\/uploads\/2021\/12\/img_1130.jpeg","width":1998,"height":1891,"caption":"Fig\u016br\u0117l\u0117 su gintaru \"Drambliukas\", Figurine with amber \"Elephant\""},{"@type":"BreadcrumbList","@id":"https:\/\/amberwithsilver.com\/product\/figurele-su-gintaru-drambliukas\/#breadcrumb","itemListElement":[{"@type":"ListItem","position":1,"name":"Home","item":"https:\/\/amberwithsilver.com\/"},{"@type":"ListItem","position":2,"name":"Parduotuv\u0117","item":"https:\/\/amberwithsilver.com\/en\/parduotuve\/"},{"@type":"ListItem","position":3,"name":"Fig\u016br\u0117l\u0117 su gintaru &#8222;Drambliukas&#8221;"}]},{"@type":"WebSite","@id":"https:\/\/amberwithsilver.com\/en\/#website","url":"https:\/\/amberwithsilver.com\/en\/","name":"AmberWithSilver","description":"Amber-Silver","publisher":{"@id":"https:\/\/amberwithsilver.com\/en\/#organization"},"potentialAction":[{"@type":"SearchAction","target":{"@type":"EntryPoint","urlTemplate":"https:\/\/amberwithsilver.com\/en\/?s={search_term_string}"},"query-input":{"@type":"PropertyValueSpecification","valueRequired":true,"valueName":"search_term_string"}}],"inLanguage":"en-US"},{"@type":"Organization","@id":"https:\/\/amberwithsilver.com\/en\/#organization","name":"amberwithsilver","url":"https:\/\/amberwithsilver.com\/en\/","logo":{"@type":"ImageObject","inLanguage":"en-US","@id":"https:\/\/amberwithsilver.com\/en\/#\/schema\/logo\/image\/","url":"https:\/\/i0.wp.com\/amberwithsilver.com\/wp-content\/uploads\/2020\/12\/logo.jpg?fit=232%2C116&ssl=1","contentUrl":"https:\/\/i0.wp.com\/amberwithsilver.com\/wp-content\/uploads\/2020\/12\/logo.jpg?fit=232%2C116&ssl=1","width":232,"height":116,"caption":"amberwithsilver"},"image":{"@id":"https:\/\/amberwithsilver.com\/en\/#\/schema\/logo\/image\/"}}]}},"jetpack_sharing_enabled":true,"_links":{"self":[{"href":"https:\/\/amberwithsilver.com\/en\/wp-json\/wp\/v2\/product\/1948","targetHints":{"allow":["GET"]}}],"collection":[{"href":"https:\/\/amberwithsilver.com\/en\/wp-json\/wp\/v2\/product"}],"about":[{"href":"https:\/\/amberwithsilver.com\/en\/wp-json\/wp\/v2\/types\/product"}],"replies":[{"embeddable":true,"href":"https:\/\/amberwithsilver.com\/en\/wp-json\/wp\/v2\/comments?post=1948"}],"version-history":[{"count":0,"href":"https:\/\/amberwithsilver.com\/en\/wp-json\/wp\/v2\/product\/1948\/revisions"}],"wp:featuredmedia":[{"embeddable":true,"href":"https:\/\/amberwithsilver.com\/en\/wp-json\/wp\/v2\/media\/1956"}],"wp:attachment":[{"href":"https:\/\/amberwithsilver.com\/en\/wp-json\/wp\/v2\/media?parent=1948"}],"wp:term":[{"taxonomy":"product_brand","embeddable":true,"href":"https:\/\/amberwithsilver.com\/en\/wp-json\/wp\/v2\/product_brand?post=1948"},{"taxonomy":"product_cat","embeddable":true,"href":"https:\/\/amberwithsilver.com\/en\/wp-json\/wp\/v2\/product_cat?post=1948"},{"taxonomy":"product_tag","embeddable":true,"href":"https:\/\/amberwithsilver.com\/en\/wp-json\/wp\/v2\/product_tag?post=1948"}],"curies":[{"name":"wp","href":"https:\/\/api.w.org\/{rel}","templated":true}]}}