{"id":1959,"date":"2021-12-22T18:02:49","date_gmt":"2021-12-22T16:02:49","guid":{"rendered":"http:\/\/amberwithsilver.com\/?post_type=product&#038;p=1959"},"modified":"2022-09-20T10:34:43","modified_gmt":"2022-09-20T08:34:43","slug":"naturalaus-gintaro-tableciu-apyranke","status":"publish","type":"product","link":"https:\/\/amberwithsilver.com\/en\/product\/naturalaus-gintaro-tableciu-apyranke\/","title":{"rendered":"Natural color amber tablets stretch bracelet"},"content":{"rendered":"<p>Natural color amber tablets stretch bracelet. The bracelet is made of irregular pieces of natural Baltic amber, shining with warm shades of honey, cognac and yellow. Also suitable for Gentlemen. Eye catching bracelet is on the stretch.<\/p>\n<ul>\n<li>Natural Baltic amber<\/li>\n<li>Irregular tablet shape beads, handmade<\/li>\n<li>Natural amber color<\/li>\n<li>Elastic silicon<\/li>\n<li>Weight: ~16,5 grams.<\/li>\n<\/ul>","protected":false},"excerpt":{"rendered":"<p>Natural color amber tablets stretch bracelet. The bracelet is made of irregular pieces of natural Baltic amber, shining with warm shades of honey, cognac and yellow. Also suitable for Gentlemen. Eye catching bracelet is on the stretch.<\/p>\n<ul>\n<li>Natural Baltic amber<\/li>\n<li>Irregular tablet shape beads, handmade<\/li>\n<li>Natural amber color<\/li>\n<li>Elastic silicon<\/li>\n<li>Weight: ~16,5 grams.<\/li>\n<\/ul>","protected":false},"featured_media":1961,"comment_status":"open","ping_status":"closed","template":"","meta":[],"product_brand":[],"product_cat":[59,18],"product_tag":[311,545,546,547,548,549],"class_list":{"0":"post-1959","1":"product","2":"type-product","3":"status-publish","4":"has-post-thumbnail","6":"product_cat-gintaro-papuosalai-vyrams","7":"product_cat-gintaro-apyrankes","8":"product_tag-silver-amber-jewelry","9":"product_tag-natural-color-amber-tablets-stretch-bracelet","10":"product_tag-naturalaus-gintaro-tableciu-apyranke","11":"product_tag-natural-amber-tablet","12":"product_tag-naturali-gintaro-tablete","13":"product_tag-baltijos-gintaro-apyranke-vyrams","15":"first","16":"onbackorder","17":"taxable","18":"shipping-taxable","19":"purchasable","20":"product-type-simple"},"yoast_head":"<!-- This site is optimized with the Yoast SEO Premium plugin v23.4 (Yoast SEO v26.8) - https:\/\/yoast.com\/product\/yoast-seo-premium-wordpress\/ -->\n<title>Nat\u016bralaus gintaro table\u010di\u0173 apyrank\u0117 - AmberWithSilver<\/title>\n<meta name=\"description\" content=\"Natural color amber tablets stretch bracelet,Nat\u016bralaus gintaro table\u010di\u0173 apyrank\u0117,Natural amber tablet,Naturalus gintaras,apyranke vyrams\" \/>\n<meta name=\"robots\" content=\"index, follow, max-snippet:-1, max-image-preview:large, max-video-preview:-1\" \/>\n<link rel=\"canonical\" href=\"https:\/\/amberwithsilver.com\/en\/product\/naturalaus-gintaro-tableciu-apyranke\/\" \/>\n<meta property=\"og:locale\" content=\"en_US\" \/>\n<meta property=\"og:type\" content=\"article\" \/>\n<meta property=\"og:title\" content=\"Nat\u016bralaus gintaro table\u010di\u0173 apyrank\u0117\" \/>\n<meta property=\"og:description\" content=\"Natural color amber tablets stretch bracelet,Nat\u016bralaus gintaro table\u010di\u0173 apyrank\u0117,Natural amber tablet,Naturalus gintaras,apyranke vyrams\" \/>\n<meta property=\"og:url\" content=\"https:\/\/amberwithsilver.com\/en\/product\/naturalaus-gintaro-tableciu-apyranke\/\" \/>\n<meta property=\"og:site_name\" content=\"AmberWithSilver\" \/>\n<meta property=\"article:modified_time\" content=\"2022-09-20T08:34:43+00:00\" \/>\n<meta property=\"og:image\" content=\"https:\/\/amberwithsilver.com\/wp-content\/uploads\/2021\/12\/img_1071.jpeg\" \/>\n\t<meta property=\"og:image:width\" content=\"2182\" \/>\n\t<meta property=\"og:image:height\" content=\"1995\" \/>\n\t<meta property=\"og:image:type\" content=\"image\/jpeg\" \/>\n<meta name=\"twitter:card\" content=\"summary_large_image\" \/>\n<script type=\"application\/ld+json\" class=\"yoast-schema-graph\">{\"@context\":\"https:\/\/schema.org\",\"@graph\":[{\"@type\":\"WebPage\",\"@id\":\"https:\/\/amberwithsilver.com\/product\/naturalaus-gintaro-tableciu-apyranke\/\",\"url\":\"https:\/\/amberwithsilver.com\/product\/naturalaus-gintaro-tableciu-apyranke\/\",\"name\":\"Nat\u016bralaus gintaro table\u010di\u0173 apyrank\u0117 - AmberWithSilver\",\"isPartOf\":{\"@id\":\"https:\/\/amberwithsilver.com\/en\/#website\"},\"primaryImageOfPage\":{\"@id\":\"https:\/\/amberwithsilver.com\/product\/naturalaus-gintaro-tableciu-apyranke\/#primaryimage\"},\"image\":{\"@id\":\"https:\/\/amberwithsilver.com\/product\/naturalaus-gintaro-tableciu-apyranke\/#primaryimage\"},\"thumbnailUrl\":\"https:\/\/amberwithsilver.com\/wp-content\/uploads\/2021\/12\/img_1071.jpeg\",\"datePublished\":\"2021-12-22T16:02:49+00:00\",\"dateModified\":\"2022-09-20T08:34:43+00:00\",\"description\":\"Natural color amber tablets stretch bracelet,Nat\u016bralaus gintaro table\u010di\u0173 apyrank\u0117,Natural amber tablet,Naturalus gintaras,apyranke vyrams\",\"breadcrumb\":{\"@id\":\"https:\/\/amberwithsilver.com\/product\/naturalaus-gintaro-tableciu-apyranke\/#breadcrumb\"},\"inLanguage\":\"en-US\",\"potentialAction\":[{\"@type\":\"ReadAction\",\"target\":[\"https:\/\/amberwithsilver.com\/product\/naturalaus-gintaro-tableciu-apyranke\/\"]}]},{\"@type\":\"ImageObject\",\"inLanguage\":\"en-US\",\"@id\":\"https:\/\/amberwithsilver.com\/product\/naturalaus-gintaro-tableciu-apyranke\/#primaryimage\",\"url\":\"https:\/\/amberwithsilver.com\/wp-content\/uploads\/2021\/12\/img_1071.jpeg\",\"contentUrl\":\"https:\/\/amberwithsilver.com\/wp-content\/uploads\/2021\/12\/img_1071.jpeg\",\"width\":2182,\"height\":1995,\"caption\":\"Natural color amber tablets stretch bracelet,Nat\u016bralaus gintaro table\u010di\u0173 apyrank\u0117\"},{\"@type\":\"BreadcrumbList\",\"@id\":\"https:\/\/amberwithsilver.com\/product\/naturalaus-gintaro-tableciu-apyranke\/#breadcrumb\",\"itemListElement\":[{\"@type\":\"ListItem\",\"position\":1,\"name\":\"Home\",\"item\":\"https:\/\/amberwithsilver.com\/\"},{\"@type\":\"ListItem\",\"position\":2,\"name\":\"Parduotuv\u0117\",\"item\":\"https:\/\/amberwithsilver.com\/en\/parduotuve\/\"},{\"@type\":\"ListItem\",\"position\":3,\"name\":\"Nat\u016bralaus gintaro table\u010di\u0173 apyrank\u0117\"}]},{\"@type\":\"WebSite\",\"@id\":\"https:\/\/amberwithsilver.com\/en\/#website\",\"url\":\"https:\/\/amberwithsilver.com\/en\/\",\"name\":\"AmberWithSilver\",\"description\":\"Amber-Silver\",\"publisher\":{\"@id\":\"https:\/\/amberwithsilver.com\/en\/#organization\"},\"potentialAction\":[{\"@type\":\"SearchAction\",\"target\":{\"@type\":\"EntryPoint\",\"urlTemplate\":\"https:\/\/amberwithsilver.com\/en\/?s={search_term_string}\"},\"query-input\":{\"@type\":\"PropertyValueSpecification\",\"valueRequired\":true,\"valueName\":\"search_term_string\"}}],\"inLanguage\":\"en-US\"},{\"@type\":\"Organization\",\"@id\":\"https:\/\/amberwithsilver.com\/en\/#organization\",\"name\":\"amberwithsilver\",\"url\":\"https:\/\/amberwithsilver.com\/en\/\",\"logo\":{\"@type\":\"ImageObject\",\"inLanguage\":\"en-US\",\"@id\":\"https:\/\/amberwithsilver.com\/en\/#\/schema\/logo\/image\/\",\"url\":\"https:\/\/i0.wp.com\/amberwithsilver.com\/wp-content\/uploads\/2020\/12\/logo.jpg?fit=232%2C116&ssl=1\",\"contentUrl\":\"https:\/\/i0.wp.com\/amberwithsilver.com\/wp-content\/uploads\/2020\/12\/logo.jpg?fit=232%2C116&ssl=1\",\"width\":232,\"height\":116,\"caption\":\"amberwithsilver\"},\"image\":{\"@id\":\"https:\/\/amberwithsilver.com\/en\/#\/schema\/logo\/image\/\"}}]}<\/script>\n<!-- \/ Yoast SEO Premium plugin. -->","yoast_head_json":{"title":"Nat\u016bralaus gintaro table\u010di\u0173 apyrank\u0117 - AmberWithSilver","description":"Natural color amber tablets stretch bracelet,Nat\u016bralaus gintaro table\u010di\u0173 apyrank\u0117,Natural amber tablet,Naturalus gintaras,apyranke vyrams","robots":{"index":"index","follow":"follow","max-snippet":"max-snippet:-1","max-image-preview":"max-image-preview:large","max-video-preview":"max-video-preview:-1"},"canonical":"https:\/\/amberwithsilver.com\/en\/product\/naturalaus-gintaro-tableciu-apyranke\/","og_locale":"en_US","og_type":"article","og_title":"Nat\u016bralaus gintaro table\u010di\u0173 apyrank\u0117","og_description":"Natural color amber tablets stretch bracelet,Nat\u016bralaus gintaro table\u010di\u0173 apyrank\u0117,Natural amber tablet,Naturalus gintaras,apyranke vyrams","og_url":"https:\/\/amberwithsilver.com\/en\/product\/naturalaus-gintaro-tableciu-apyranke\/","og_site_name":"AmberWithSilver","article_modified_time":"2022-09-20T08:34:43+00:00","og_image":[{"width":2182,"height":1995,"url":"https:\/\/amberwithsilver.com\/wp-content\/uploads\/2021\/12\/img_1071.jpeg","type":"image\/jpeg"}],"twitter_card":"summary_large_image","schema":{"@context":"https:\/\/schema.org","@graph":[{"@type":"WebPage","@id":"https:\/\/amberwithsilver.com\/product\/naturalaus-gintaro-tableciu-apyranke\/","url":"https:\/\/amberwithsilver.com\/product\/naturalaus-gintaro-tableciu-apyranke\/","name":"Nat\u016bralaus gintaro table\u010di\u0173 apyrank\u0117 - AmberWithSilver","isPartOf":{"@id":"https:\/\/amberwithsilver.com\/en\/#website"},"primaryImageOfPage":{"@id":"https:\/\/amberwithsilver.com\/product\/naturalaus-gintaro-tableciu-apyranke\/#primaryimage"},"image":{"@id":"https:\/\/amberwithsilver.com\/product\/naturalaus-gintaro-tableciu-apyranke\/#primaryimage"},"thumbnailUrl":"https:\/\/amberwithsilver.com\/wp-content\/uploads\/2021\/12\/img_1071.jpeg","datePublished":"2021-12-22T16:02:49+00:00","dateModified":"2022-09-20T08:34:43+00:00","description":"Natural color amber tablets stretch bracelet,Nat\u016bralaus gintaro table\u010di\u0173 apyrank\u0117,Natural amber tablet,Naturalus gintaras,apyranke vyrams","breadcrumb":{"@id":"https:\/\/amberwithsilver.com\/product\/naturalaus-gintaro-tableciu-apyranke\/#breadcrumb"},"inLanguage":"en-US","potentialAction":[{"@type":"ReadAction","target":["https:\/\/amberwithsilver.com\/product\/naturalaus-gintaro-tableciu-apyranke\/"]}]},{"@type":"ImageObject","inLanguage":"en-US","@id":"https:\/\/amberwithsilver.com\/product\/naturalaus-gintaro-tableciu-apyranke\/#primaryimage","url":"https:\/\/amberwithsilver.com\/wp-content\/uploads\/2021\/12\/img_1071.jpeg","contentUrl":"https:\/\/amberwithsilver.com\/wp-content\/uploads\/2021\/12\/img_1071.jpeg","width":2182,"height":1995,"caption":"Natural color amber tablets stretch bracelet,Nat\u016bralaus gintaro table\u010di\u0173 apyrank\u0117"},{"@type":"BreadcrumbList","@id":"https:\/\/amberwithsilver.com\/product\/naturalaus-gintaro-tableciu-apyranke\/#breadcrumb","itemListElement":[{"@type":"ListItem","position":1,"name":"Home","item":"https:\/\/amberwithsilver.com\/"},{"@type":"ListItem","position":2,"name":"Parduotuv\u0117","item":"https:\/\/amberwithsilver.com\/en\/parduotuve\/"},{"@type":"ListItem","position":3,"name":"Nat\u016bralaus gintaro table\u010di\u0173 apyrank\u0117"}]},{"@type":"WebSite","@id":"https:\/\/amberwithsilver.com\/en\/#website","url":"https:\/\/amberwithsilver.com\/en\/","name":"AmberWithSilver","description":"Amber-Silver","publisher":{"@id":"https:\/\/amberwithsilver.com\/en\/#organization"},"potentialAction":[{"@type":"SearchAction","target":{"@type":"EntryPoint","urlTemplate":"https:\/\/amberwithsilver.com\/en\/?s={search_term_string}"},"query-input":{"@type":"PropertyValueSpecification","valueRequired":true,"valueName":"search_term_string"}}],"inLanguage":"en-US"},{"@type":"Organization","@id":"https:\/\/amberwithsilver.com\/en\/#organization","name":"amberwithsilver","url":"https:\/\/amberwithsilver.com\/en\/","logo":{"@type":"ImageObject","inLanguage":"en-US","@id":"https:\/\/amberwithsilver.com\/en\/#\/schema\/logo\/image\/","url":"https:\/\/i0.wp.com\/amberwithsilver.com\/wp-content\/uploads\/2020\/12\/logo.jpg?fit=232%2C116&ssl=1","contentUrl":"https:\/\/i0.wp.com\/amberwithsilver.com\/wp-content\/uploads\/2020\/12\/logo.jpg?fit=232%2C116&ssl=1","width":232,"height":116,"caption":"amberwithsilver"},"image":{"@id":"https:\/\/amberwithsilver.com\/en\/#\/schema\/logo\/image\/"}}]}},"jetpack_sharing_enabled":true,"_links":{"self":[{"href":"https:\/\/amberwithsilver.com\/en\/wp-json\/wp\/v2\/product\/1959","targetHints":{"allow":["GET"]}}],"collection":[{"href":"https:\/\/amberwithsilver.com\/en\/wp-json\/wp\/v2\/product"}],"about":[{"href":"https:\/\/amberwithsilver.com\/en\/wp-json\/wp\/v2\/types\/product"}],"replies":[{"embeddable":true,"href":"https:\/\/amberwithsilver.com\/en\/wp-json\/wp\/v2\/comments?post=1959"}],"version-history":[{"count":0,"href":"https:\/\/amberwithsilver.com\/en\/wp-json\/wp\/v2\/product\/1959\/revisions"}],"wp:featuredmedia":[{"embeddable":true,"href":"https:\/\/amberwithsilver.com\/en\/wp-json\/wp\/v2\/media\/1961"}],"wp:attachment":[{"href":"https:\/\/amberwithsilver.com\/en\/wp-json\/wp\/v2\/media?parent=1959"}],"wp:term":[{"taxonomy":"product_brand","embeddable":true,"href":"https:\/\/amberwithsilver.com\/en\/wp-json\/wp\/v2\/product_brand?post=1959"},{"taxonomy":"product_cat","embeddable":true,"href":"https:\/\/amberwithsilver.com\/en\/wp-json\/wp\/v2\/product_cat?post=1959"},{"taxonomy":"product_tag","embeddable":true,"href":"https:\/\/amberwithsilver.com\/en\/wp-json\/wp\/v2\/product_tag?post=1959"}],"curies":[{"name":"wp","href":"https:\/\/api.w.org\/{rel}","templated":true}]}}