{"id":1979,"date":"2021-12-23T13:30:37","date_gmt":"2021-12-23T11:30:37","guid":{"rendered":"http:\/\/amberwithsilver.com\/?post_type=product&#038;p=1979"},"modified":"2021-12-23T13:50:21","modified_gmt":"2021-12-23T11:50:21","slug":"vyriski-juodo-zalio-gintaro-karoliai","status":"publish","type":"product","link":"https:\/\/amberwithsilver.com\/en\/product\/vyriski-juodo-zalio-gintaro-karoliai\/","title":{"rendered":"Men's blackish green amber necklace"},"content":{"rendered":"<p>Men's blackish green amber necklace. Amber necklace is made of blackish green amber beads and tubes. Pleasant and bright Baltic amber necklace is radiant with energy and harmony to those who wear it.<\/p>\n<ul>\n<li>Black, yellow and green colored beads<\/li>\n<li>Necklace length: 50 cm<\/li>\n<li>Weight: 37,1 grams<\/li>\n<li><span class=\"VIiyi\" lang=\"lt\"><span class=\"JLqJ4b ChMk0b\" data-language-for-alternatives=\"lt\" data-language-to-translate-into=\"en\" data-phrase-index=\"6\" data-number-of-phrases=\"7\">Cylinder shape beads width: ~8-11 mm<\/span><\/span><\/li>\n<\/ul>","protected":false},"excerpt":{"rendered":"<p>Men's blackish green amber necklace. Amber necklace is made of blackish green amber beads and tubes. Pleasant and bright Baltic amber necklace is radiant with energy and harmony to those who wear it.<\/p>\n<ul>\n<li>Black, yellow and green colored beads<\/li>\n<li>Necklace length: 50 cm<\/li>\n<li>Weight: 37,1 grams<\/li>\n<li><span class=\"VIiyi\" lang=\"lt\"><span class=\"JLqJ4b ChMk0b\" data-language-for-alternatives=\"lt\" data-language-to-translate-into=\"en\" data-phrase-index=\"6\" data-number-of-phrases=\"7\">Cylinder shape beads width: ~8-11 mm<\/span><\/span><\/li>\n<\/ul>","protected":false},"featured_media":1981,"comment_status":"open","ping_status":"closed","template":"","meta":[],"product_brand":[],"product_cat":[35,59,60,58],"product_tag":[311,508,565,566,567,568,569,570],"class_list":{"0":"post-1979","1":"product","2":"type-product","3":"status-publish","4":"has-post-thumbnail","6":"product_cat-gintaro-karoliai","7":"product_cat-gintaro-papuosalai-vyrams","8":"product_cat-juodo-gintaro-kolekcija","9":"product_cat-kolekcijos","10":"product_tag-silver-amber-jewelry","11":"product_tag-baltic-amber","12":"product_tag-vyriski-juodo-zalio-gintaro-karoliai","13":"product_tag-mens-blackish-green-amber-necklace","14":"product_tag-vyriski-karoliai","15":"product_tag-baltijos-gintaro-juvelyrika-vyrams","16":"product_tag-zalio-gintaro-karoliai","17":"product_tag-green-amber-necklace","19":"first","20":"instock","21":"taxable","22":"shipping-taxable","23":"purchasable","24":"product-type-simple"},"yoast_head":"<!-- This site is optimized with the Yoast SEO Premium plugin v23.4 (Yoast SEO v26.8) - https:\/\/yoast.com\/product\/yoast-seo-premium-wordpress\/ -->\n<title>Vyri\u0161ki juodo-\u017ealio gintaro karoliai - AmberWithSilver<\/title>\n<meta name=\"description\" content=\"Vyri\u0161ki juodo-\u017ealio gintaro karoliai, Men&#039;s blackish green amber necklace, Vyriski karoliai, Baltijos gintaro juvelyrika vyrams,Baltic amber\" \/>\n<meta name=\"robots\" content=\"index, follow, max-snippet:-1, max-image-preview:large, max-video-preview:-1\" \/>\n<link rel=\"canonical\" href=\"https:\/\/amberwithsilver.com\/en\/product\/vyriski-juodo-zalio-gintaro-karoliai\/\" \/>\n<meta property=\"og:locale\" content=\"en_US\" \/>\n<meta property=\"og:type\" content=\"article\" \/>\n<meta property=\"og:title\" content=\"Vyri\u0161ki juodo-\u017ealio gintaro karoliai\" \/>\n<meta property=\"og:description\" content=\"Vyri\u0161ki juodo-\u017ealio gintaro karoliai, Men&#039;s blackish green amber necklace, Vyriski karoliai, Baltijos gintaro juvelyrika vyrams,Baltic amber\" \/>\n<meta property=\"og:url\" content=\"https:\/\/amberwithsilver.com\/en\/product\/vyriski-juodo-zalio-gintaro-karoliai\/\" \/>\n<meta property=\"og:site_name\" content=\"AmberWithSilver\" \/>\n<meta property=\"article:modified_time\" content=\"2021-12-23T11:50:21+00:00\" \/>\n<meta property=\"og:image\" content=\"https:\/\/amberwithsilver.com\/wp-content\/uploads\/2021\/12\/img_1198.jpeg\" \/>\n\t<meta property=\"og:image:width\" content=\"2410\" \/>\n\t<meta property=\"og:image:height\" content=\"2105\" \/>\n\t<meta property=\"og:image:type\" content=\"image\/jpeg\" \/>\n<meta name=\"twitter:card\" content=\"summary_large_image\" \/>\n<script type=\"application\/ld+json\" class=\"yoast-schema-graph\">{\"@context\":\"https:\/\/schema.org\",\"@graph\":[{\"@type\":\"WebPage\",\"@id\":\"https:\/\/amberwithsilver.com\/product\/vyriski-juodo-zalio-gintaro-karoliai\/\",\"url\":\"https:\/\/amberwithsilver.com\/product\/vyriski-juodo-zalio-gintaro-karoliai\/\",\"name\":\"Vyri\u0161ki juodo-\u017ealio gintaro karoliai - AmberWithSilver\",\"isPartOf\":{\"@id\":\"https:\/\/amberwithsilver.com\/en\/#website\"},\"primaryImageOfPage\":{\"@id\":\"https:\/\/amberwithsilver.com\/product\/vyriski-juodo-zalio-gintaro-karoliai\/#primaryimage\"},\"image\":{\"@id\":\"https:\/\/amberwithsilver.com\/product\/vyriski-juodo-zalio-gintaro-karoliai\/#primaryimage\"},\"thumbnailUrl\":\"https:\/\/amberwithsilver.com\/wp-content\/uploads\/2021\/12\/img_1198.jpeg\",\"datePublished\":\"2021-12-23T11:30:37+00:00\",\"dateModified\":\"2021-12-23T11:50:21+00:00\",\"description\":\"Vyri\u0161ki juodo-\u017ealio gintaro karoliai, Men's blackish green amber necklace, Vyriski karoliai, Baltijos gintaro juvelyrika vyrams,Baltic amber\",\"breadcrumb\":{\"@id\":\"https:\/\/amberwithsilver.com\/product\/vyriski-juodo-zalio-gintaro-karoliai\/#breadcrumb\"},\"inLanguage\":\"en-US\",\"potentialAction\":[{\"@type\":\"ReadAction\",\"target\":[\"https:\/\/amberwithsilver.com\/product\/vyriski-juodo-zalio-gintaro-karoliai\/\"]}]},{\"@type\":\"ImageObject\",\"inLanguage\":\"en-US\",\"@id\":\"https:\/\/amberwithsilver.com\/product\/vyriski-juodo-zalio-gintaro-karoliai\/#primaryimage\",\"url\":\"https:\/\/amberwithsilver.com\/wp-content\/uploads\/2021\/12\/img_1198.jpeg\",\"contentUrl\":\"https:\/\/amberwithsilver.com\/wp-content\/uploads\/2021\/12\/img_1198.jpeg\",\"width\":2410,\"height\":2105,\"caption\":\"Vyri\u0161ki juodo-\u017ealio gintaro karoliai, Men's blackish green amber necklace\"},{\"@type\":\"BreadcrumbList\",\"@id\":\"https:\/\/amberwithsilver.com\/product\/vyriski-juodo-zalio-gintaro-karoliai\/#breadcrumb\",\"itemListElement\":[{\"@type\":\"ListItem\",\"position\":1,\"name\":\"Home\",\"item\":\"https:\/\/amberwithsilver.com\/\"},{\"@type\":\"ListItem\",\"position\":2,\"name\":\"Parduotuv\u0117\",\"item\":\"https:\/\/amberwithsilver.com\/en\/parduotuve\/\"},{\"@type\":\"ListItem\",\"position\":3,\"name\":\"Vyri\u0161ki juodo-\u017ealio gintaro karoliai\"}]},{\"@type\":\"WebSite\",\"@id\":\"https:\/\/amberwithsilver.com\/en\/#website\",\"url\":\"https:\/\/amberwithsilver.com\/en\/\",\"name\":\"AmberWithSilver\",\"description\":\"Amber-Silver\",\"publisher\":{\"@id\":\"https:\/\/amberwithsilver.com\/en\/#organization\"},\"potentialAction\":[{\"@type\":\"SearchAction\",\"target\":{\"@type\":\"EntryPoint\",\"urlTemplate\":\"https:\/\/amberwithsilver.com\/en\/?s={search_term_string}\"},\"query-input\":{\"@type\":\"PropertyValueSpecification\",\"valueRequired\":true,\"valueName\":\"search_term_string\"}}],\"inLanguage\":\"en-US\"},{\"@type\":\"Organization\",\"@id\":\"https:\/\/amberwithsilver.com\/en\/#organization\",\"name\":\"amberwithsilver\",\"url\":\"https:\/\/amberwithsilver.com\/en\/\",\"logo\":{\"@type\":\"ImageObject\",\"inLanguage\":\"en-US\",\"@id\":\"https:\/\/amberwithsilver.com\/en\/#\/schema\/logo\/image\/\",\"url\":\"https:\/\/i0.wp.com\/amberwithsilver.com\/wp-content\/uploads\/2020\/12\/logo.jpg?fit=232%2C116&ssl=1\",\"contentUrl\":\"https:\/\/i0.wp.com\/amberwithsilver.com\/wp-content\/uploads\/2020\/12\/logo.jpg?fit=232%2C116&ssl=1\",\"width\":232,\"height\":116,\"caption\":\"amberwithsilver\"},\"image\":{\"@id\":\"https:\/\/amberwithsilver.com\/en\/#\/schema\/logo\/image\/\"}}]}<\/script>\n<!-- \/ Yoast SEO Premium plugin. -->","yoast_head_json":{"title":"Vyri\u0161ki juodo-\u017ealio gintaro karoliai - AmberWithSilver","description":"Vyri\u0161ki juodo-\u017ealio gintaro karoliai, Men's blackish green amber necklace, Vyriski karoliai, Baltijos gintaro juvelyrika vyrams,Baltic amber","robots":{"index":"index","follow":"follow","max-snippet":"max-snippet:-1","max-image-preview":"max-image-preview:large","max-video-preview":"max-video-preview:-1"},"canonical":"https:\/\/amberwithsilver.com\/en\/product\/vyriski-juodo-zalio-gintaro-karoliai\/","og_locale":"en_US","og_type":"article","og_title":"Vyri\u0161ki juodo-\u017ealio gintaro karoliai","og_description":"Vyri\u0161ki juodo-\u017ealio gintaro karoliai, Men's blackish green amber necklace, Vyriski karoliai, Baltijos gintaro juvelyrika vyrams,Baltic amber","og_url":"https:\/\/amberwithsilver.com\/en\/product\/vyriski-juodo-zalio-gintaro-karoliai\/","og_site_name":"AmberWithSilver","article_modified_time":"2021-12-23T11:50:21+00:00","og_image":[{"width":2410,"height":2105,"url":"https:\/\/amberwithsilver.com\/wp-content\/uploads\/2021\/12\/img_1198.jpeg","type":"image\/jpeg"}],"twitter_card":"summary_large_image","schema":{"@context":"https:\/\/schema.org","@graph":[{"@type":"WebPage","@id":"https:\/\/amberwithsilver.com\/product\/vyriski-juodo-zalio-gintaro-karoliai\/","url":"https:\/\/amberwithsilver.com\/product\/vyriski-juodo-zalio-gintaro-karoliai\/","name":"Vyri\u0161ki juodo-\u017ealio gintaro karoliai - AmberWithSilver","isPartOf":{"@id":"https:\/\/amberwithsilver.com\/en\/#website"},"primaryImageOfPage":{"@id":"https:\/\/amberwithsilver.com\/product\/vyriski-juodo-zalio-gintaro-karoliai\/#primaryimage"},"image":{"@id":"https:\/\/amberwithsilver.com\/product\/vyriski-juodo-zalio-gintaro-karoliai\/#primaryimage"},"thumbnailUrl":"https:\/\/amberwithsilver.com\/wp-content\/uploads\/2021\/12\/img_1198.jpeg","datePublished":"2021-12-23T11:30:37+00:00","dateModified":"2021-12-23T11:50:21+00:00","description":"Vyri\u0161ki juodo-\u017ealio gintaro karoliai, Men's blackish green amber necklace, Vyriski karoliai, Baltijos gintaro juvelyrika vyrams,Baltic amber","breadcrumb":{"@id":"https:\/\/amberwithsilver.com\/product\/vyriski-juodo-zalio-gintaro-karoliai\/#breadcrumb"},"inLanguage":"en-US","potentialAction":[{"@type":"ReadAction","target":["https:\/\/amberwithsilver.com\/product\/vyriski-juodo-zalio-gintaro-karoliai\/"]}]},{"@type":"ImageObject","inLanguage":"en-US","@id":"https:\/\/amberwithsilver.com\/product\/vyriski-juodo-zalio-gintaro-karoliai\/#primaryimage","url":"https:\/\/amberwithsilver.com\/wp-content\/uploads\/2021\/12\/img_1198.jpeg","contentUrl":"https:\/\/amberwithsilver.com\/wp-content\/uploads\/2021\/12\/img_1198.jpeg","width":2410,"height":2105,"caption":"Vyri\u0161ki juodo-\u017ealio gintaro karoliai, Men's blackish green amber necklace"},{"@type":"BreadcrumbList","@id":"https:\/\/amberwithsilver.com\/product\/vyriski-juodo-zalio-gintaro-karoliai\/#breadcrumb","itemListElement":[{"@type":"ListItem","position":1,"name":"Home","item":"https:\/\/amberwithsilver.com\/"},{"@type":"ListItem","position":2,"name":"Parduotuv\u0117","item":"https:\/\/amberwithsilver.com\/en\/parduotuve\/"},{"@type":"ListItem","position":3,"name":"Vyri\u0161ki juodo-\u017ealio gintaro karoliai"}]},{"@type":"WebSite","@id":"https:\/\/amberwithsilver.com\/en\/#website","url":"https:\/\/amberwithsilver.com\/en\/","name":"AmberWithSilver","description":"Amber-Silver","publisher":{"@id":"https:\/\/amberwithsilver.com\/en\/#organization"},"potentialAction":[{"@type":"SearchAction","target":{"@type":"EntryPoint","urlTemplate":"https:\/\/amberwithsilver.com\/en\/?s={search_term_string}"},"query-input":{"@type":"PropertyValueSpecification","valueRequired":true,"valueName":"search_term_string"}}],"inLanguage":"en-US"},{"@type":"Organization","@id":"https:\/\/amberwithsilver.com\/en\/#organization","name":"amberwithsilver","url":"https:\/\/amberwithsilver.com\/en\/","logo":{"@type":"ImageObject","inLanguage":"en-US","@id":"https:\/\/amberwithsilver.com\/en\/#\/schema\/logo\/image\/","url":"https:\/\/i0.wp.com\/amberwithsilver.com\/wp-content\/uploads\/2020\/12\/logo.jpg?fit=232%2C116&ssl=1","contentUrl":"https:\/\/i0.wp.com\/amberwithsilver.com\/wp-content\/uploads\/2020\/12\/logo.jpg?fit=232%2C116&ssl=1","width":232,"height":116,"caption":"amberwithsilver"},"image":{"@id":"https:\/\/amberwithsilver.com\/en\/#\/schema\/logo\/image\/"}}]}},"jetpack_sharing_enabled":true,"_links":{"self":[{"href":"https:\/\/amberwithsilver.com\/en\/wp-json\/wp\/v2\/product\/1979","targetHints":{"allow":["GET"]}}],"collection":[{"href":"https:\/\/amberwithsilver.com\/en\/wp-json\/wp\/v2\/product"}],"about":[{"href":"https:\/\/amberwithsilver.com\/en\/wp-json\/wp\/v2\/types\/product"}],"replies":[{"embeddable":true,"href":"https:\/\/amberwithsilver.com\/en\/wp-json\/wp\/v2\/comments?post=1979"}],"version-history":[{"count":0,"href":"https:\/\/amberwithsilver.com\/en\/wp-json\/wp\/v2\/product\/1979\/revisions"}],"wp:featuredmedia":[{"embeddable":true,"href":"https:\/\/amberwithsilver.com\/en\/wp-json\/wp\/v2\/media\/1981"}],"wp:attachment":[{"href":"https:\/\/amberwithsilver.com\/en\/wp-json\/wp\/v2\/media?parent=1979"}],"wp:term":[{"taxonomy":"product_brand","embeddable":true,"href":"https:\/\/amberwithsilver.com\/en\/wp-json\/wp\/v2\/product_brand?post=1979"},{"taxonomy":"product_cat","embeddable":true,"href":"https:\/\/amberwithsilver.com\/en\/wp-json\/wp\/v2\/product_cat?post=1979"},{"taxonomy":"product_tag","embeddable":true,"href":"https:\/\/amberwithsilver.com\/en\/wp-json\/wp\/v2\/product_tag?post=1979"}],"curies":[{"name":"wp","href":"https:\/\/api.w.org\/{rel}","templated":true}]}}