{"id":2037,"date":"2021-12-28T20:41:29","date_gmt":"2021-12-28T18:41:29","guid":{"rendered":"http:\/\/amberwithsilver.com\/?post_type=product&#038;p=2037"},"modified":"2021-12-28T23:57:10","modified_gmt":"2021-12-28T21:57:10","slug":"juoda-geltona-gintaro-rutuliuku-apyranke-8-mm","status":"publish","type":"product","link":"https:\/\/amberwithsilver.com\/en\/product\/juoda-geltona-gintaro-rutuliuku-apyranke-8-mm\/","title":{"rendered":"Black &amp; yellow amber round beads stretch bracelet 8 mm"},"content":{"rendered":"<p>Black &amp; yellow amber round beads stretch bracelet 8 mm. Black amber bracelet is made of 100% Baltic amber unpolished round shape beads. Softly round Baltic amber beads of 8 mm in size perfectly combine with amber bead in the middle, which is 10 mm in size and polished. This two-color composition is popular and in fashion. Suitable for both - men and women! Eye catching bracelet is on the stretch.<\/p>\n<div class=\"woocommerce-product-details__short-description\">\n<ul>\n<li><span class=\"VIiyi\" lang=\"lt\"><span class=\"JLqJ4b ChMk0b\" data-language-for-alternatives=\"lt\" data-language-to-translate-into=\"en\" data-phrase-index=\"2\" data-number-of-phrases=\"3\">Black color recycled unpolished Baltic amber round beads<\/span><\/span><\/li>\n<li>One yellow round bead<\/li>\n<li>Elastic silicon<\/li>\n<li>Weight: ~8,1 grams.<\/li>\n<\/ul>\n<p>*Please note that the color of the product may vary slightly from that shown in the photo, depending on the monitor used by the Buyer and the lighting settings in the photos.<\/p>\n<\/div>","protected":false},"excerpt":{"rendered":"<p>Black &amp; yellow amber round beads stretch bracelet 8 mm. Black amber bracelet is made of 100% Baltic amber unpolished round shape beads. Softly round Baltic amber beads of 8 mm in size perfectly combine with amber bead in the middle, which is 10 mm in size and polished. This two-color composition is popular and in fashion. Suitable for both - men and women! Eye catching bracelet is on the stretch.<\/p>\n<div class=\"woocommerce-product-details__short-description\">\n<ul>\n<li><span class=\"VIiyi\" lang=\"lt\"><span class=\"JLqJ4b ChMk0b\" data-language-for-alternatives=\"lt\" data-language-to-translate-into=\"en\" data-phrase-index=\"2\" data-number-of-phrases=\"3\">Black color recycled unpolished Baltic amber round beads<\/span><\/span><\/li>\n<li>One yellow round bead<\/li>\n<li>Elastic silicon<\/li>\n<li>Weight: ~8,1 grams.<\/li>\n<\/ul>\n<p>*Please note that the color of the product may vary slightly from that shown in the photo, depending on the monitor used by the Buyer and the lighting settings in the photos.<\/p>\n<\/div>","protected":false},"featured_media":2040,"comment_status":"open","ping_status":"closed","template":"","meta":[],"product_brand":[],"product_cat":[59,18,60,58],"product_tag":[311,501,507,554,590,591,592,593],"class_list":{"0":"post-2037","1":"product","2":"type-product","3":"status-publish","4":"has-post-thumbnail","6":"product_cat-gintaro-papuosalai-vyrams","7":"product_cat-gintaro-apyrankes","8":"product_cat-juodo-gintaro-kolekcija","9":"product_cat-kolekcijos","10":"product_tag-silver-amber-jewelry","11":"product_tag-juodas-gintaras","12":"product_tag-baltijos-gintaras","13":"product_tag-black-amber","14":"product_tag-juoda-geltona-gintaro-rutuliuku-apyranke-8-mm","15":"product_tag-black-yellow-amber-round-beads-stretch-bracelet-8-mm","16":"product_tag-papuosalai-vyrams","17":"product_tag-jewelry-for-man","19":"first","20":"instock","21":"taxable","22":"shipping-taxable","23":"purchasable","24":"product-type-simple"},"yoast_head":"<!-- This site is optimized with the Yoast SEO Premium plugin v23.4 (Yoast SEO v26.8) - https:\/\/yoast.com\/product\/yoast-seo-premium-wordpress\/ -->\n<title>Juoda &amp; geltona gintaro rutuliuk\u0173 apyrank\u0117 8 mm - AmberWithSilver<\/title>\n<meta name=\"description\" content=\"Juoda &amp; geltona gintaro rutuliuk\u0173 apyrank\u0117 8 mm,Black &amp; yellow amber round beads stretch bracelet 8 mm,Black amber,Baltijos papuosalai vyrams\" \/>\n<meta name=\"robots\" content=\"index, follow, max-snippet:-1, max-image-preview:large, max-video-preview:-1\" \/>\n<link rel=\"canonical\" href=\"https:\/\/amberwithsilver.com\/en\/product\/juoda-geltona-gintaro-rutuliuku-apyranke-8-mm\/\" \/>\n<meta property=\"og:locale\" content=\"en_US\" \/>\n<meta property=\"og:type\" content=\"article\" \/>\n<meta property=\"og:title\" content=\"Juoda &amp; geltona gintaro rutuliuk\u0173 apyrank\u0117 8 mm\" \/>\n<meta property=\"og:description\" content=\"Juoda &amp; geltona gintaro rutuliuk\u0173 apyrank\u0117 8 mm,Black &amp; yellow amber round beads stretch bracelet 8 mm,Black amber,Baltijos papuosalai vyrams\" \/>\n<meta property=\"og:url\" content=\"https:\/\/amberwithsilver.com\/en\/product\/juoda-geltona-gintaro-rutuliuku-apyranke-8-mm\/\" \/>\n<meta property=\"og:site_name\" content=\"AmberWithSilver\" \/>\n<meta property=\"article:modified_time\" content=\"2021-12-28T21:57:10+00:00\" \/>\n<meta property=\"og:image\" content=\"https:\/\/amberwithsilver.com\/wp-content\/uploads\/2021\/12\/img_1581.jpeg\" \/>\n\t<meta property=\"og:image:width\" content=\"2404\" \/>\n\t<meta property=\"og:image:height\" content=\"2137\" \/>\n\t<meta property=\"og:image:type\" content=\"image\/jpeg\" \/>\n<meta name=\"twitter:card\" content=\"summary_large_image\" \/>\n<meta name=\"twitter:label1\" content=\"Est. reading time\" \/>\n\t<meta name=\"twitter:data1\" content=\"1 minute\" \/>\n<script type=\"application\/ld+json\" class=\"yoast-schema-graph\">{\"@context\":\"https:\/\/schema.org\",\"@graph\":[{\"@type\":\"WebPage\",\"@id\":\"https:\/\/amberwithsilver.com\/product\/juoda-geltona-gintaro-rutuliuku-apyranke-8-mm\/\",\"url\":\"https:\/\/amberwithsilver.com\/product\/juoda-geltona-gintaro-rutuliuku-apyranke-8-mm\/\",\"name\":\"Juoda & geltona gintaro rutuliuk\u0173 apyrank\u0117 8 mm - AmberWithSilver\",\"isPartOf\":{\"@id\":\"https:\/\/amberwithsilver.com\/en\/#website\"},\"primaryImageOfPage\":{\"@id\":\"https:\/\/amberwithsilver.com\/product\/juoda-geltona-gintaro-rutuliuku-apyranke-8-mm\/#primaryimage\"},\"image\":{\"@id\":\"https:\/\/amberwithsilver.com\/product\/juoda-geltona-gintaro-rutuliuku-apyranke-8-mm\/#primaryimage\"},\"thumbnailUrl\":\"https:\/\/amberwithsilver.com\/wp-content\/uploads\/2021\/12\/img_1581.jpeg\",\"datePublished\":\"2021-12-28T18:41:29+00:00\",\"dateModified\":\"2021-12-28T21:57:10+00:00\",\"description\":\"Juoda & geltona gintaro rutuliuk\u0173 apyrank\u0117 8 mm,Black & yellow amber round beads stretch bracelet 8 mm,Black amber,Baltijos papuosalai vyrams\",\"breadcrumb\":{\"@id\":\"https:\/\/amberwithsilver.com\/product\/juoda-geltona-gintaro-rutuliuku-apyranke-8-mm\/#breadcrumb\"},\"inLanguage\":\"en-US\",\"potentialAction\":[{\"@type\":\"ReadAction\",\"target\":[\"https:\/\/amberwithsilver.com\/product\/juoda-geltona-gintaro-rutuliuku-apyranke-8-mm\/\"]}]},{\"@type\":\"ImageObject\",\"inLanguage\":\"en-US\",\"@id\":\"https:\/\/amberwithsilver.com\/product\/juoda-geltona-gintaro-rutuliuku-apyranke-8-mm\/#primaryimage\",\"url\":\"https:\/\/amberwithsilver.com\/wp-content\/uploads\/2021\/12\/img_1581.jpeg\",\"contentUrl\":\"https:\/\/amberwithsilver.com\/wp-content\/uploads\/2021\/12\/img_1581.jpeg\",\"width\":2404,\"height\":2137,\"caption\":\"Juoda & geltona gintaro rutuliuk\u0173 apyrank\u0117 8 mm,Black & yellow amber round beads stretch bracelet 8 mm\"},{\"@type\":\"BreadcrumbList\",\"@id\":\"https:\/\/amberwithsilver.com\/product\/juoda-geltona-gintaro-rutuliuku-apyranke-8-mm\/#breadcrumb\",\"itemListElement\":[{\"@type\":\"ListItem\",\"position\":1,\"name\":\"Home\",\"item\":\"https:\/\/amberwithsilver.com\/\"},{\"@type\":\"ListItem\",\"position\":2,\"name\":\"Parduotuv\u0117\",\"item\":\"https:\/\/amberwithsilver.com\/en\/parduotuve\/\"},{\"@type\":\"ListItem\",\"position\":3,\"name\":\"Juoda &#038; geltona gintaro rutuliuk\u0173 apyrank\u0117 8 mm\"}]},{\"@type\":\"WebSite\",\"@id\":\"https:\/\/amberwithsilver.com\/en\/#website\",\"url\":\"https:\/\/amberwithsilver.com\/en\/\",\"name\":\"AmberWithSilver\",\"description\":\"Amber-Silver\",\"publisher\":{\"@id\":\"https:\/\/amberwithsilver.com\/en\/#organization\"},\"potentialAction\":[{\"@type\":\"SearchAction\",\"target\":{\"@type\":\"EntryPoint\",\"urlTemplate\":\"https:\/\/amberwithsilver.com\/en\/?s={search_term_string}\"},\"query-input\":{\"@type\":\"PropertyValueSpecification\",\"valueRequired\":true,\"valueName\":\"search_term_string\"}}],\"inLanguage\":\"en-US\"},{\"@type\":\"Organization\",\"@id\":\"https:\/\/amberwithsilver.com\/en\/#organization\",\"name\":\"amberwithsilver\",\"url\":\"https:\/\/amberwithsilver.com\/en\/\",\"logo\":{\"@type\":\"ImageObject\",\"inLanguage\":\"en-US\",\"@id\":\"https:\/\/amberwithsilver.com\/en\/#\/schema\/logo\/image\/\",\"url\":\"https:\/\/i0.wp.com\/amberwithsilver.com\/wp-content\/uploads\/2020\/12\/logo.jpg?fit=232%2C116&ssl=1\",\"contentUrl\":\"https:\/\/i0.wp.com\/amberwithsilver.com\/wp-content\/uploads\/2020\/12\/logo.jpg?fit=232%2C116&ssl=1\",\"width\":232,\"height\":116,\"caption\":\"amberwithsilver\"},\"image\":{\"@id\":\"https:\/\/amberwithsilver.com\/en\/#\/schema\/logo\/image\/\"}}]}<\/script>\n<!-- \/ Yoast SEO Premium plugin. -->","yoast_head_json":{"title":"Juoda & geltona gintaro rutuliuk\u0173 apyrank\u0117 8 mm - AmberWithSilver","description":"Juoda & geltona gintaro rutuliuk\u0173 apyrank\u0117 8 mm,Black & yellow amber round beads stretch bracelet 8 mm,Black amber,Baltijos papuosalai vyrams","robots":{"index":"index","follow":"follow","max-snippet":"max-snippet:-1","max-image-preview":"max-image-preview:large","max-video-preview":"max-video-preview:-1"},"canonical":"https:\/\/amberwithsilver.com\/en\/product\/juoda-geltona-gintaro-rutuliuku-apyranke-8-mm\/","og_locale":"en_US","og_type":"article","og_title":"Juoda & geltona gintaro rutuliuk\u0173 apyrank\u0117 8 mm","og_description":"Juoda & geltona gintaro rutuliuk\u0173 apyrank\u0117 8 mm,Black & yellow amber round beads stretch bracelet 8 mm,Black amber,Baltijos papuosalai vyrams","og_url":"https:\/\/amberwithsilver.com\/en\/product\/juoda-geltona-gintaro-rutuliuku-apyranke-8-mm\/","og_site_name":"AmberWithSilver","article_modified_time":"2021-12-28T21:57:10+00:00","og_image":[{"width":2404,"height":2137,"url":"https:\/\/amberwithsilver.com\/wp-content\/uploads\/2021\/12\/img_1581.jpeg","type":"image\/jpeg"}],"twitter_card":"summary_large_image","twitter_misc":{"Est. reading time":"1 minute"},"schema":{"@context":"https:\/\/schema.org","@graph":[{"@type":"WebPage","@id":"https:\/\/amberwithsilver.com\/product\/juoda-geltona-gintaro-rutuliuku-apyranke-8-mm\/","url":"https:\/\/amberwithsilver.com\/product\/juoda-geltona-gintaro-rutuliuku-apyranke-8-mm\/","name":"Juoda & geltona gintaro rutuliuk\u0173 apyrank\u0117 8 mm - AmberWithSilver","isPartOf":{"@id":"https:\/\/amberwithsilver.com\/en\/#website"},"primaryImageOfPage":{"@id":"https:\/\/amberwithsilver.com\/product\/juoda-geltona-gintaro-rutuliuku-apyranke-8-mm\/#primaryimage"},"image":{"@id":"https:\/\/amberwithsilver.com\/product\/juoda-geltona-gintaro-rutuliuku-apyranke-8-mm\/#primaryimage"},"thumbnailUrl":"https:\/\/amberwithsilver.com\/wp-content\/uploads\/2021\/12\/img_1581.jpeg","datePublished":"2021-12-28T18:41:29+00:00","dateModified":"2021-12-28T21:57:10+00:00","description":"Juoda & geltona gintaro rutuliuk\u0173 apyrank\u0117 8 mm,Black & yellow amber round beads stretch bracelet 8 mm,Black amber,Baltijos papuosalai vyrams","breadcrumb":{"@id":"https:\/\/amberwithsilver.com\/product\/juoda-geltona-gintaro-rutuliuku-apyranke-8-mm\/#breadcrumb"},"inLanguage":"en-US","potentialAction":[{"@type":"ReadAction","target":["https:\/\/amberwithsilver.com\/product\/juoda-geltona-gintaro-rutuliuku-apyranke-8-mm\/"]}]},{"@type":"ImageObject","inLanguage":"en-US","@id":"https:\/\/amberwithsilver.com\/product\/juoda-geltona-gintaro-rutuliuku-apyranke-8-mm\/#primaryimage","url":"https:\/\/amberwithsilver.com\/wp-content\/uploads\/2021\/12\/img_1581.jpeg","contentUrl":"https:\/\/amberwithsilver.com\/wp-content\/uploads\/2021\/12\/img_1581.jpeg","width":2404,"height":2137,"caption":"Juoda & geltona gintaro rutuliuk\u0173 apyrank\u0117 8 mm,Black & yellow amber round beads stretch bracelet 8 mm"},{"@type":"BreadcrumbList","@id":"https:\/\/amberwithsilver.com\/product\/juoda-geltona-gintaro-rutuliuku-apyranke-8-mm\/#breadcrumb","itemListElement":[{"@type":"ListItem","position":1,"name":"Home","item":"https:\/\/amberwithsilver.com\/"},{"@type":"ListItem","position":2,"name":"Parduotuv\u0117","item":"https:\/\/amberwithsilver.com\/en\/parduotuve\/"},{"@type":"ListItem","position":3,"name":"Juoda &#038; geltona gintaro rutuliuk\u0173 apyrank\u0117 8 mm"}]},{"@type":"WebSite","@id":"https:\/\/amberwithsilver.com\/en\/#website","url":"https:\/\/amberwithsilver.com\/en\/","name":"AmberWithSilver","description":"Amber-Silver","publisher":{"@id":"https:\/\/amberwithsilver.com\/en\/#organization"},"potentialAction":[{"@type":"SearchAction","target":{"@type":"EntryPoint","urlTemplate":"https:\/\/amberwithsilver.com\/en\/?s={search_term_string}"},"query-input":{"@type":"PropertyValueSpecification","valueRequired":true,"valueName":"search_term_string"}}],"inLanguage":"en-US"},{"@type":"Organization","@id":"https:\/\/amberwithsilver.com\/en\/#organization","name":"amberwithsilver","url":"https:\/\/amberwithsilver.com\/en\/","logo":{"@type":"ImageObject","inLanguage":"en-US","@id":"https:\/\/amberwithsilver.com\/en\/#\/schema\/logo\/image\/","url":"https:\/\/i0.wp.com\/amberwithsilver.com\/wp-content\/uploads\/2020\/12\/logo.jpg?fit=232%2C116&ssl=1","contentUrl":"https:\/\/i0.wp.com\/amberwithsilver.com\/wp-content\/uploads\/2020\/12\/logo.jpg?fit=232%2C116&ssl=1","width":232,"height":116,"caption":"amberwithsilver"},"image":{"@id":"https:\/\/amberwithsilver.com\/en\/#\/schema\/logo\/image\/"}}]}},"jetpack_sharing_enabled":true,"_links":{"self":[{"href":"https:\/\/amberwithsilver.com\/en\/wp-json\/wp\/v2\/product\/2037","targetHints":{"allow":["GET"]}}],"collection":[{"href":"https:\/\/amberwithsilver.com\/en\/wp-json\/wp\/v2\/product"}],"about":[{"href":"https:\/\/amberwithsilver.com\/en\/wp-json\/wp\/v2\/types\/product"}],"replies":[{"embeddable":true,"href":"https:\/\/amberwithsilver.com\/en\/wp-json\/wp\/v2\/comments?post=2037"}],"version-history":[{"count":0,"href":"https:\/\/amberwithsilver.com\/en\/wp-json\/wp\/v2\/product\/2037\/revisions"}],"wp:featuredmedia":[{"embeddable":true,"href":"https:\/\/amberwithsilver.com\/en\/wp-json\/wp\/v2\/media\/2040"}],"wp:attachment":[{"href":"https:\/\/amberwithsilver.com\/en\/wp-json\/wp\/v2\/media?parent=2037"}],"wp:term":[{"taxonomy":"product_brand","embeddable":true,"href":"https:\/\/amberwithsilver.com\/en\/wp-json\/wp\/v2\/product_brand?post=2037"},{"taxonomy":"product_cat","embeddable":true,"href":"https:\/\/amberwithsilver.com\/en\/wp-json\/wp\/v2\/product_cat?post=2037"},{"taxonomy":"product_tag","embeddable":true,"href":"https:\/\/amberwithsilver.com\/en\/wp-json\/wp\/v2\/product_tag?post=2037"}],"curies":[{"name":"wp","href":"https:\/\/api.w.org\/{rel}","templated":true}]}}