{"id":2090,"date":"2022-01-03T17:23:58","date_gmt":"2022-01-03T15:23:58","guid":{"rendered":"http:\/\/amberwithsilver.com\/?post_type=product&#038;p=2090"},"modified":"2022-01-05T13:38:44","modified_gmt":"2022-01-05T11:38:44","slug":"karaliski-deimantinio-slifavimo-gintariniai-karoliai","status":"publish","type":"product","link":"https:\/\/amberwithsilver.com\/en\/product\/karaliski-deimantinio-slifavimo-gintariniai-karoliai\/","title":{"rendered":"Royal faceted amber necklace"},"content":{"rendered":"<p>Royal faceted amber necklace. Made of faceted tablets and olives. Machine made precise details reveal the perfect processing of amber. Each of the diamond component provides a sense of luxury for a Lady. Pleasant, lightweight and absolutely magnificent Baltic amber necklace is radiant with energy and harmony to those who wear it. This amber processing technique gives amber blackish green shade. Amber jewelry looks unique and amazing. There is no knot between each amber bead.<\/p>\n<ul>\n<li>Two shade faceted Baltic amber<\/li>\n<li>Necklace length: ~ 45 cm<\/li>\n<li>Weight: ~ 22 grams<\/li>\n<\/ul>\n<p>*Please note as with all natural gemstones the color may vary slightly from the photo shown.<\/p>","protected":false},"excerpt":{"rendered":"<p>Royal faceted amber necklace. Made of faceted tablets and olives. Machine made precise details reveal the perfect processing of amber. Each of the diamond component provides a sense of luxury for a Lady. Pleasant, lightweight and absolutely magnificent Baltic amber necklace is radiant with energy and harmony to those who wear it. This amber processing technique gives amber blackish green shade. Amber jewelry looks unique and amazing. There is no knot between each amber bead.<\/p>\n<ul>\n<li>Two shade faceted Baltic amber<\/li>\n<li>Necklace length: ~ 45 cm<\/li>\n<li>Weight: ~ 22 grams<\/li>\n<\/ul>\n<p>*Please note as with all natural gemstones the color may vary slightly from the photo shown.<\/p>","protected":false},"featured_media":2092,"comment_status":"open","ping_status":"closed","template":"","meta":[],"product_brand":[],"product_cat":[35],"product_tag":[311,336,623,624,625,626,627],"class_list":{"0":"post-2090","1":"product","2":"type-product","3":"status-publish","4":"has-post-thumbnail","6":"product_cat-gintaro-karoliai","7":"product_tag-silver-amber-jewelry","8":"product_tag-baltijos-gintaro-karoliai","9":"product_tag-karaliski-deimantinio-slifavimo-gintariniai-karoliai","10":"product_tag-royal-faceted-amber-necklace","11":"product_tag-baltic-amber-faceted-necklace","12":"product_tag-faceted-baltic-amber-necklace","13":"product_tag-briaunoti-baltijos-gintaro-karoliai","15":"first","16":"instock","17":"taxable","18":"shipping-taxable","19":"purchasable","20":"product-type-simple"},"yoast_head":"<!-- This site is optimized with the Yoast SEO Premium plugin v23.4 (Yoast SEO v26.8) - https:\/\/yoast.com\/product\/yoast-seo-premium-wordpress\/ -->\n<title>Karali\u0161ki deimantinio \u0161lifavimo gintariniai karoliai - AmberWithSilver<\/title>\n<meta name=\"description\" content=\"Karali\u0161ki deimantinio \u0161lifavimo gintariniai karoliai,Royal faceted amber necklace,faceted Baltic amber necklace,Baltijos gintaro karoliai\" \/>\n<meta name=\"robots\" content=\"index, follow, max-snippet:-1, max-image-preview:large, max-video-preview:-1\" \/>\n<link rel=\"canonical\" href=\"https:\/\/amberwithsilver.com\/en\/product\/karaliski-deimantinio-slifavimo-gintariniai-karoliai\/\" \/>\n<meta property=\"og:locale\" content=\"en_US\" \/>\n<meta property=\"og:type\" content=\"article\" \/>\n<meta property=\"og:title\" content=\"Karali\u0161ki deimantinio \u0161lifavimo gintariniai karoliai\" \/>\n<meta property=\"og:description\" content=\"Karali\u0161ki deimantinio \u0161lifavimo gintariniai karoliai,Royal faceted amber necklace,faceted Baltic amber necklace,Baltijos gintaro karoliai\" \/>\n<meta property=\"og:url\" content=\"https:\/\/amberwithsilver.com\/en\/product\/karaliski-deimantinio-slifavimo-gintariniai-karoliai\/\" \/>\n<meta property=\"og:site_name\" content=\"AmberWithSilver\" \/>\n<meta property=\"article:modified_time\" content=\"2022-01-05T11:38:44+00:00\" \/>\n<meta property=\"og:image\" content=\"https:\/\/amberwithsilver.com\/wp-content\/uploads\/2022\/01\/img_1849-scaled.jpeg\" \/>\n\t<meta property=\"og:image:width\" content=\"2560\" \/>\n\t<meta property=\"og:image:height\" content=\"2328\" \/>\n\t<meta property=\"og:image:type\" content=\"image\/jpeg\" \/>\n<meta name=\"twitter:card\" content=\"summary_large_image\" \/>\n<meta name=\"twitter:label1\" content=\"Est. reading time\" \/>\n\t<meta name=\"twitter:data1\" content=\"1 minute\" \/>\n<script type=\"application\/ld+json\" class=\"yoast-schema-graph\">{\"@context\":\"https:\/\/schema.org\",\"@graph\":[{\"@type\":\"WebPage\",\"@id\":\"https:\/\/amberwithsilver.com\/product\/karaliski-deimantinio-slifavimo-gintariniai-karoliai\/\",\"url\":\"https:\/\/amberwithsilver.com\/product\/karaliski-deimantinio-slifavimo-gintariniai-karoliai\/\",\"name\":\"Karali\u0161ki deimantinio \u0161lifavimo gintariniai karoliai - AmberWithSilver\",\"isPartOf\":{\"@id\":\"https:\/\/amberwithsilver.com\/en\/#website\"},\"primaryImageOfPage\":{\"@id\":\"https:\/\/amberwithsilver.com\/product\/karaliski-deimantinio-slifavimo-gintariniai-karoliai\/#primaryimage\"},\"image\":{\"@id\":\"https:\/\/amberwithsilver.com\/product\/karaliski-deimantinio-slifavimo-gintariniai-karoliai\/#primaryimage\"},\"thumbnailUrl\":\"https:\/\/amberwithsilver.com\/wp-content\/uploads\/2022\/01\/img_1849-scaled.jpeg\",\"datePublished\":\"2022-01-03T15:23:58+00:00\",\"dateModified\":\"2022-01-05T11:38:44+00:00\",\"description\":\"Karali\u0161ki deimantinio \u0161lifavimo gintariniai karoliai,Royal faceted amber necklace,faceted Baltic amber necklace,Baltijos gintaro karoliai\",\"breadcrumb\":{\"@id\":\"https:\/\/amberwithsilver.com\/product\/karaliski-deimantinio-slifavimo-gintariniai-karoliai\/#breadcrumb\"},\"inLanguage\":\"en-US\",\"potentialAction\":[{\"@type\":\"ReadAction\",\"target\":[\"https:\/\/amberwithsilver.com\/product\/karaliski-deimantinio-slifavimo-gintariniai-karoliai\/\"]}]},{\"@type\":\"ImageObject\",\"inLanguage\":\"en-US\",\"@id\":\"https:\/\/amberwithsilver.com\/product\/karaliski-deimantinio-slifavimo-gintariniai-karoliai\/#primaryimage\",\"url\":\"https:\/\/amberwithsilver.com\/wp-content\/uploads\/2022\/01\/img_1849-scaled.jpeg\",\"contentUrl\":\"https:\/\/amberwithsilver.com\/wp-content\/uploads\/2022\/01\/img_1849-scaled.jpeg\",\"width\":2560,\"height\":2328,\"caption\":\"Karali\u0161ki deimantinio \u0161lifavimo gintariniai karoliai,Royal faceted amber necklace\"},{\"@type\":\"BreadcrumbList\",\"@id\":\"https:\/\/amberwithsilver.com\/product\/karaliski-deimantinio-slifavimo-gintariniai-karoliai\/#breadcrumb\",\"itemListElement\":[{\"@type\":\"ListItem\",\"position\":1,\"name\":\"Home\",\"item\":\"https:\/\/amberwithsilver.com\/\"},{\"@type\":\"ListItem\",\"position\":2,\"name\":\"Parduotuv\u0117\",\"item\":\"https:\/\/amberwithsilver.com\/en\/parduotuve\/\"},{\"@type\":\"ListItem\",\"position\":3,\"name\":\"Karali\u0161ki deimantinio \u0161lifavimo gintariniai karoliai\"}]},{\"@type\":\"WebSite\",\"@id\":\"https:\/\/amberwithsilver.com\/en\/#website\",\"url\":\"https:\/\/amberwithsilver.com\/en\/\",\"name\":\"AmberWithSilver\",\"description\":\"Amber-Silver\",\"publisher\":{\"@id\":\"https:\/\/amberwithsilver.com\/en\/#organization\"},\"potentialAction\":[{\"@type\":\"SearchAction\",\"target\":{\"@type\":\"EntryPoint\",\"urlTemplate\":\"https:\/\/amberwithsilver.com\/en\/?s={search_term_string}\"},\"query-input\":{\"@type\":\"PropertyValueSpecification\",\"valueRequired\":true,\"valueName\":\"search_term_string\"}}],\"inLanguage\":\"en-US\"},{\"@type\":\"Organization\",\"@id\":\"https:\/\/amberwithsilver.com\/en\/#organization\",\"name\":\"amberwithsilver\",\"url\":\"https:\/\/amberwithsilver.com\/en\/\",\"logo\":{\"@type\":\"ImageObject\",\"inLanguage\":\"en-US\",\"@id\":\"https:\/\/amberwithsilver.com\/en\/#\/schema\/logo\/image\/\",\"url\":\"https:\/\/i0.wp.com\/amberwithsilver.com\/wp-content\/uploads\/2020\/12\/logo.jpg?fit=232%2C116&ssl=1\",\"contentUrl\":\"https:\/\/i0.wp.com\/amberwithsilver.com\/wp-content\/uploads\/2020\/12\/logo.jpg?fit=232%2C116&ssl=1\",\"width\":232,\"height\":116,\"caption\":\"amberwithsilver\"},\"image\":{\"@id\":\"https:\/\/amberwithsilver.com\/en\/#\/schema\/logo\/image\/\"}}]}<\/script>\n<!-- \/ Yoast SEO Premium plugin. -->","yoast_head_json":{"title":"Karali\u0161ki deimantinio \u0161lifavimo gintariniai karoliai - AmberWithSilver","description":"Karali\u0161ki deimantinio \u0161lifavimo gintariniai karoliai,Royal faceted amber necklace,faceted Baltic amber necklace,Baltijos gintaro karoliai","robots":{"index":"index","follow":"follow","max-snippet":"max-snippet:-1","max-image-preview":"max-image-preview:large","max-video-preview":"max-video-preview:-1"},"canonical":"https:\/\/amberwithsilver.com\/en\/product\/karaliski-deimantinio-slifavimo-gintariniai-karoliai\/","og_locale":"en_US","og_type":"article","og_title":"Karali\u0161ki deimantinio \u0161lifavimo gintariniai karoliai","og_description":"Karali\u0161ki deimantinio \u0161lifavimo gintariniai karoliai,Royal faceted amber necklace,faceted Baltic amber necklace,Baltijos gintaro karoliai","og_url":"https:\/\/amberwithsilver.com\/en\/product\/karaliski-deimantinio-slifavimo-gintariniai-karoliai\/","og_site_name":"AmberWithSilver","article_modified_time":"2022-01-05T11:38:44+00:00","og_image":[{"width":2560,"height":2328,"url":"https:\/\/amberwithsilver.com\/wp-content\/uploads\/2022\/01\/img_1849-scaled.jpeg","type":"image\/jpeg"}],"twitter_card":"summary_large_image","twitter_misc":{"Est. reading time":"1 minute"},"schema":{"@context":"https:\/\/schema.org","@graph":[{"@type":"WebPage","@id":"https:\/\/amberwithsilver.com\/product\/karaliski-deimantinio-slifavimo-gintariniai-karoliai\/","url":"https:\/\/amberwithsilver.com\/product\/karaliski-deimantinio-slifavimo-gintariniai-karoliai\/","name":"Karali\u0161ki deimantinio \u0161lifavimo gintariniai karoliai - AmberWithSilver","isPartOf":{"@id":"https:\/\/amberwithsilver.com\/en\/#website"},"primaryImageOfPage":{"@id":"https:\/\/amberwithsilver.com\/product\/karaliski-deimantinio-slifavimo-gintariniai-karoliai\/#primaryimage"},"image":{"@id":"https:\/\/amberwithsilver.com\/product\/karaliski-deimantinio-slifavimo-gintariniai-karoliai\/#primaryimage"},"thumbnailUrl":"https:\/\/amberwithsilver.com\/wp-content\/uploads\/2022\/01\/img_1849-scaled.jpeg","datePublished":"2022-01-03T15:23:58+00:00","dateModified":"2022-01-05T11:38:44+00:00","description":"Karali\u0161ki deimantinio \u0161lifavimo gintariniai karoliai,Royal faceted amber necklace,faceted Baltic amber necklace,Baltijos gintaro karoliai","breadcrumb":{"@id":"https:\/\/amberwithsilver.com\/product\/karaliski-deimantinio-slifavimo-gintariniai-karoliai\/#breadcrumb"},"inLanguage":"en-US","potentialAction":[{"@type":"ReadAction","target":["https:\/\/amberwithsilver.com\/product\/karaliski-deimantinio-slifavimo-gintariniai-karoliai\/"]}]},{"@type":"ImageObject","inLanguage":"en-US","@id":"https:\/\/amberwithsilver.com\/product\/karaliski-deimantinio-slifavimo-gintariniai-karoliai\/#primaryimage","url":"https:\/\/amberwithsilver.com\/wp-content\/uploads\/2022\/01\/img_1849-scaled.jpeg","contentUrl":"https:\/\/amberwithsilver.com\/wp-content\/uploads\/2022\/01\/img_1849-scaled.jpeg","width":2560,"height":2328,"caption":"Karali\u0161ki deimantinio \u0161lifavimo gintariniai karoliai,Royal faceted amber necklace"},{"@type":"BreadcrumbList","@id":"https:\/\/amberwithsilver.com\/product\/karaliski-deimantinio-slifavimo-gintariniai-karoliai\/#breadcrumb","itemListElement":[{"@type":"ListItem","position":1,"name":"Home","item":"https:\/\/amberwithsilver.com\/"},{"@type":"ListItem","position":2,"name":"Parduotuv\u0117","item":"https:\/\/amberwithsilver.com\/en\/parduotuve\/"},{"@type":"ListItem","position":3,"name":"Karali\u0161ki deimantinio \u0161lifavimo gintariniai karoliai"}]},{"@type":"WebSite","@id":"https:\/\/amberwithsilver.com\/en\/#website","url":"https:\/\/amberwithsilver.com\/en\/","name":"AmberWithSilver","description":"Amber-Silver","publisher":{"@id":"https:\/\/amberwithsilver.com\/en\/#organization"},"potentialAction":[{"@type":"SearchAction","target":{"@type":"EntryPoint","urlTemplate":"https:\/\/amberwithsilver.com\/en\/?s={search_term_string}"},"query-input":{"@type":"PropertyValueSpecification","valueRequired":true,"valueName":"search_term_string"}}],"inLanguage":"en-US"},{"@type":"Organization","@id":"https:\/\/amberwithsilver.com\/en\/#organization","name":"amberwithsilver","url":"https:\/\/amberwithsilver.com\/en\/","logo":{"@type":"ImageObject","inLanguage":"en-US","@id":"https:\/\/amberwithsilver.com\/en\/#\/schema\/logo\/image\/","url":"https:\/\/i0.wp.com\/amberwithsilver.com\/wp-content\/uploads\/2020\/12\/logo.jpg?fit=232%2C116&ssl=1","contentUrl":"https:\/\/i0.wp.com\/amberwithsilver.com\/wp-content\/uploads\/2020\/12\/logo.jpg?fit=232%2C116&ssl=1","width":232,"height":116,"caption":"amberwithsilver"},"image":{"@id":"https:\/\/amberwithsilver.com\/en\/#\/schema\/logo\/image\/"}}]}},"jetpack_sharing_enabled":true,"_links":{"self":[{"href":"https:\/\/amberwithsilver.com\/en\/wp-json\/wp\/v2\/product\/2090","targetHints":{"allow":["GET"]}}],"collection":[{"href":"https:\/\/amberwithsilver.com\/en\/wp-json\/wp\/v2\/product"}],"about":[{"href":"https:\/\/amberwithsilver.com\/en\/wp-json\/wp\/v2\/types\/product"}],"replies":[{"embeddable":true,"href":"https:\/\/amberwithsilver.com\/en\/wp-json\/wp\/v2\/comments?post=2090"}],"version-history":[{"count":0,"href":"https:\/\/amberwithsilver.com\/en\/wp-json\/wp\/v2\/product\/2090\/revisions"}],"wp:featuredmedia":[{"embeddable":true,"href":"https:\/\/amberwithsilver.com\/en\/wp-json\/wp\/v2\/media\/2092"}],"wp:attachment":[{"href":"https:\/\/amberwithsilver.com\/en\/wp-json\/wp\/v2\/media?parent=2090"}],"wp:term":[{"taxonomy":"product_brand","embeddable":true,"href":"https:\/\/amberwithsilver.com\/en\/wp-json\/wp\/v2\/product_brand?post=2090"},{"taxonomy":"product_cat","embeddable":true,"href":"https:\/\/amberwithsilver.com\/en\/wp-json\/wp\/v2\/product_cat?post=2090"},{"taxonomy":"product_tag","embeddable":true,"href":"https:\/\/amberwithsilver.com\/en\/wp-json\/wp\/v2\/product_tag?post=2090"}],"curies":[{"name":"wp","href":"https:\/\/api.w.org\/{rel}","templated":true}]}}