{"id":2123,"date":"2022-01-06T12:15:07","date_gmt":"2022-01-06T10:15:07","guid":{"rendered":"http:\/\/amberwithsilver.com\/?post_type=product&#038;p=2123"},"modified":"2022-01-06T13:32:28","modified_gmt":"2022-01-06T11:32:28","slug":"deimantinio-slifavimo-sviesaus-gintaro-karoliai-su-turkiu","status":"publish","type":"product","link":"https:\/\/amberwithsilver.com\/en\/product\/deimantinio-slifavimo-sviesaus-gintaro-karoliai-su-turkiu\/","title":{"rendered":"Faceted light amber necklace with turquoise"},"content":{"rendered":"<p>Faceted light amber necklace with turquoise. Necklace is made partly of small faceted amber mixed with natural turqouise. Fits perfectly with the same model bracelet. Closure is made of amber.<\/p>\n<ul>\n<li>Natural Baltic amber<\/li>\n<li>Natural turquoise<\/li>\n<li>Honey, light cognac color<\/li>\n<li>Length: ~ 45 cm<\/li>\n<li>Weight: ~ 15,2 gr.<\/li>\n<\/ul>\n<div class=\"woocommerce-product-details__short-description\">\n<p>*Please note that the color of the product may vary slightly from that shown in the photo, depending on the monitor used by the Buyer and the lighting settings in the photos.<\/p>\n<\/div>","protected":false},"excerpt":{"rendered":"<p>Faceted light amber necklace with turquoise. Necklace is made partly of small faceted amber mixed with natural turqouise. Fits perfectly with the same model bracelet. Closure is made of amber.<\/p>\n<ul>\n<li>Natural Baltic amber<\/li>\n<li>Natural turquoise<\/li>\n<li>Honey, light cognac color<\/li>\n<li>Length: ~ 45 cm<\/li>\n<li>Weight: ~ 15,2 gr.<\/li>\n<\/ul>\n<div class=\"woocommerce-product-details__short-description\">\n<p>*Please note that the color of the product may vary slightly from that shown in the photo, depending on the monitor used by the Buyer and the lighting settings in the photos.<\/p>\n<\/div>\n<form class=\"cart\" action=\"https:\/\/amberwithsilver.com\/en\/product\/deimantinio-slifavimo-gintaro-karoliai-su-turkiu\/\" enctype=\"multipart\/form-data\" method=\"post\" data-trp-original-action=\"http:\/\/amberwithsilver.com\/product\/deimantinio-slifavimo-gintaro-karoliai-su-turkiu\/\">\n<div class=\"quantity\"><\/div>\n<input type=\"hidden\" name=\"trp-form-language\" value=\"en\"\/><\/form>\n<p><label class=\"screen-reader-text\" for=\"quantity_61d6be3eca179\">produkto kiekis: Deimantinio \u0161lifavimo gintaro karoliai su turkiu<\/label> <input id=\"quantity_61d6be3eca179\" class=\"input-text qty text\" title=\"Kiekis\" max=\"\" min=\"1\" name=\"quantity\" size=\"4\" step=\"1\" type=\"number\" value=\"1\" placeholder=\"\" \/><\/p>","protected":false},"featured_media":2127,"comment_status":"open","ping_status":"closed","template":"","meta":[],"product_brand":[],"product_cat":[35],"product_tag":[311,337,339,638,639],"class_list":{"0":"post-2123","1":"product","2":"type-product","3":"status-publish","4":"has-post-thumbnail","6":"product_cat-gintaro-karoliai","7":"product_tag-silver-amber-jewelry","8":"product_tag-baltic-amber-necklace","9":"product_tag-faceted-amber-necklace-with-turquoise","10":"product_tag-deimantinio-slifavimo-sviesaus-gintaro-karoliai-su-turkiu","11":"product_tag-faceted-light-amber-necklace-with-turquoise","13":"first","14":"instock","15":"taxable","16":"shipping-taxable","17":"purchasable","18":"product-type-simple"},"yoast_head":"<!-- This site is optimized with the Yoast SEO Premium plugin v23.4 (Yoast SEO v26.8) - https:\/\/yoast.com\/product\/yoast-seo-premium-wordpress\/ -->\n<title>Deimantinio \u0161lifavimo \u0161viesaus gintaro karoliai su turkiu - AmberWithSilver<\/title>\n<meta name=\"description\" content=\"Deimantinio \u0161lifavimo \u0161viesaus gintaro karoliai su turkiu,Faceted light amber necklace with turquoise,Baltic amber necklace,Silver amber\" \/>\n<meta name=\"robots\" content=\"index, follow, max-snippet:-1, max-image-preview:large, max-video-preview:-1\" \/>\n<link rel=\"canonical\" href=\"https:\/\/amberwithsilver.com\/en\/product\/deimantinio-slifavimo-sviesaus-gintaro-karoliai-su-turkiu\/\" \/>\n<meta property=\"og:locale\" content=\"en_US\" \/>\n<meta property=\"og:type\" content=\"article\" \/>\n<meta property=\"og:title\" content=\"Deimantinio \u0161lifavimo \u0161viesaus gintaro karoliai su turkiu\" \/>\n<meta property=\"og:description\" content=\"Deimantinio \u0161lifavimo \u0161viesaus gintaro karoliai su turkiu,Faceted light amber necklace with turquoise,Baltic amber necklace,Silver amber\" \/>\n<meta property=\"og:url\" content=\"https:\/\/amberwithsilver.com\/en\/product\/deimantinio-slifavimo-sviesaus-gintaro-karoliai-su-turkiu\/\" \/>\n<meta property=\"og:site_name\" content=\"AmberWithSilver\" \/>\n<meta property=\"article:modified_time\" content=\"2022-01-06T11:32:28+00:00\" \/>\n<meta property=\"og:image\" content=\"https:\/\/amberwithsilver.com\/wp-content\/uploads\/2022\/01\/img_1870.jpeg\" \/>\n\t<meta property=\"og:image:width\" content=\"2451\" \/>\n\t<meta property=\"og:image:height\" content=\"2391\" \/>\n\t<meta property=\"og:image:type\" content=\"image\/jpeg\" \/>\n<meta name=\"twitter:card\" content=\"summary_large_image\" \/>\n<meta name=\"twitter:label1\" content=\"Est. reading time\" \/>\n\t<meta name=\"twitter:data1\" content=\"1 minute\" \/>\n<script type=\"application\/ld+json\" class=\"yoast-schema-graph\">{\"@context\":\"https:\/\/schema.org\",\"@graph\":[{\"@type\":\"WebPage\",\"@id\":\"https:\/\/amberwithsilver.com\/product\/deimantinio-slifavimo-sviesaus-gintaro-karoliai-su-turkiu\/\",\"url\":\"https:\/\/amberwithsilver.com\/product\/deimantinio-slifavimo-sviesaus-gintaro-karoliai-su-turkiu\/\",\"name\":\"Deimantinio \u0161lifavimo \u0161viesaus gintaro karoliai su turkiu - AmberWithSilver\",\"isPartOf\":{\"@id\":\"https:\/\/amberwithsilver.com\/en\/#website\"},\"primaryImageOfPage\":{\"@id\":\"https:\/\/amberwithsilver.com\/product\/deimantinio-slifavimo-sviesaus-gintaro-karoliai-su-turkiu\/#primaryimage\"},\"image\":{\"@id\":\"https:\/\/amberwithsilver.com\/product\/deimantinio-slifavimo-sviesaus-gintaro-karoliai-su-turkiu\/#primaryimage\"},\"thumbnailUrl\":\"https:\/\/amberwithsilver.com\/wp-content\/uploads\/2022\/01\/img_1870.jpeg\",\"datePublished\":\"2022-01-06T10:15:07+00:00\",\"dateModified\":\"2022-01-06T11:32:28+00:00\",\"description\":\"Deimantinio \u0161lifavimo \u0161viesaus gintaro karoliai su turkiu,Faceted light amber necklace with turquoise,Baltic amber necklace,Silver amber\",\"breadcrumb\":{\"@id\":\"https:\/\/amberwithsilver.com\/product\/deimantinio-slifavimo-sviesaus-gintaro-karoliai-su-turkiu\/#breadcrumb\"},\"inLanguage\":\"en-US\",\"potentialAction\":[{\"@type\":\"ReadAction\",\"target\":[\"https:\/\/amberwithsilver.com\/product\/deimantinio-slifavimo-sviesaus-gintaro-karoliai-su-turkiu\/\"]}]},{\"@type\":\"ImageObject\",\"inLanguage\":\"en-US\",\"@id\":\"https:\/\/amberwithsilver.com\/product\/deimantinio-slifavimo-sviesaus-gintaro-karoliai-su-turkiu\/#primaryimage\",\"url\":\"https:\/\/amberwithsilver.com\/wp-content\/uploads\/2022\/01\/img_1870.jpeg\",\"contentUrl\":\"https:\/\/amberwithsilver.com\/wp-content\/uploads\/2022\/01\/img_1870.jpeg\",\"width\":2451,\"height\":2391,\"caption\":\"Deimantinio \u0161lifavimo \u0161viesaus gintaro karoliai su turkiu,Faceted light amber necklace with turquoise\"},{\"@type\":\"BreadcrumbList\",\"@id\":\"https:\/\/amberwithsilver.com\/product\/deimantinio-slifavimo-sviesaus-gintaro-karoliai-su-turkiu\/#breadcrumb\",\"itemListElement\":[{\"@type\":\"ListItem\",\"position\":1,\"name\":\"Home\",\"item\":\"https:\/\/amberwithsilver.com\/\"},{\"@type\":\"ListItem\",\"position\":2,\"name\":\"Parduotuv\u0117\",\"item\":\"https:\/\/amberwithsilver.com\/en\/parduotuve\/\"},{\"@type\":\"ListItem\",\"position\":3,\"name\":\"Deimantinio \u0161lifavimo \u0161viesaus gintaro karoliai su turkiu\"}]},{\"@type\":\"WebSite\",\"@id\":\"https:\/\/amberwithsilver.com\/en\/#website\",\"url\":\"https:\/\/amberwithsilver.com\/en\/\",\"name\":\"AmberWithSilver\",\"description\":\"Amber-Silver\",\"publisher\":{\"@id\":\"https:\/\/amberwithsilver.com\/en\/#organization\"},\"potentialAction\":[{\"@type\":\"SearchAction\",\"target\":{\"@type\":\"EntryPoint\",\"urlTemplate\":\"https:\/\/amberwithsilver.com\/en\/?s={search_term_string}\"},\"query-input\":{\"@type\":\"PropertyValueSpecification\",\"valueRequired\":true,\"valueName\":\"search_term_string\"}}],\"inLanguage\":\"en-US\"},{\"@type\":\"Organization\",\"@id\":\"https:\/\/amberwithsilver.com\/en\/#organization\",\"name\":\"amberwithsilver\",\"url\":\"https:\/\/amberwithsilver.com\/en\/\",\"logo\":{\"@type\":\"ImageObject\",\"inLanguage\":\"en-US\",\"@id\":\"https:\/\/amberwithsilver.com\/en\/#\/schema\/logo\/image\/\",\"url\":\"https:\/\/i0.wp.com\/amberwithsilver.com\/wp-content\/uploads\/2020\/12\/logo.jpg?fit=232%2C116&ssl=1\",\"contentUrl\":\"https:\/\/i0.wp.com\/amberwithsilver.com\/wp-content\/uploads\/2020\/12\/logo.jpg?fit=232%2C116&ssl=1\",\"width\":232,\"height\":116,\"caption\":\"amberwithsilver\"},\"image\":{\"@id\":\"https:\/\/amberwithsilver.com\/en\/#\/schema\/logo\/image\/\"}}]}<\/script>\n<!-- \/ Yoast SEO Premium plugin. -->","yoast_head_json":{"title":"Deimantinio \u0161lifavimo \u0161viesaus gintaro karoliai su turkiu - AmberWithSilver","description":"Deimantinio \u0161lifavimo \u0161viesaus gintaro karoliai su turkiu,Faceted light amber necklace with turquoise,Baltic amber necklace,Silver amber","robots":{"index":"index","follow":"follow","max-snippet":"max-snippet:-1","max-image-preview":"max-image-preview:large","max-video-preview":"max-video-preview:-1"},"canonical":"https:\/\/amberwithsilver.com\/en\/product\/deimantinio-slifavimo-sviesaus-gintaro-karoliai-su-turkiu\/","og_locale":"en_US","og_type":"article","og_title":"Deimantinio \u0161lifavimo \u0161viesaus gintaro karoliai su turkiu","og_description":"Deimantinio \u0161lifavimo \u0161viesaus gintaro karoliai su turkiu,Faceted light amber necklace with turquoise,Baltic amber necklace,Silver amber","og_url":"https:\/\/amberwithsilver.com\/en\/product\/deimantinio-slifavimo-sviesaus-gintaro-karoliai-su-turkiu\/","og_site_name":"AmberWithSilver","article_modified_time":"2022-01-06T11:32:28+00:00","og_image":[{"width":2451,"height":2391,"url":"https:\/\/amberwithsilver.com\/wp-content\/uploads\/2022\/01\/img_1870.jpeg","type":"image\/jpeg"}],"twitter_card":"summary_large_image","twitter_misc":{"Est. reading time":"1 minute"},"schema":{"@context":"https:\/\/schema.org","@graph":[{"@type":"WebPage","@id":"https:\/\/amberwithsilver.com\/product\/deimantinio-slifavimo-sviesaus-gintaro-karoliai-su-turkiu\/","url":"https:\/\/amberwithsilver.com\/product\/deimantinio-slifavimo-sviesaus-gintaro-karoliai-su-turkiu\/","name":"Deimantinio \u0161lifavimo \u0161viesaus gintaro karoliai su turkiu - AmberWithSilver","isPartOf":{"@id":"https:\/\/amberwithsilver.com\/en\/#website"},"primaryImageOfPage":{"@id":"https:\/\/amberwithsilver.com\/product\/deimantinio-slifavimo-sviesaus-gintaro-karoliai-su-turkiu\/#primaryimage"},"image":{"@id":"https:\/\/amberwithsilver.com\/product\/deimantinio-slifavimo-sviesaus-gintaro-karoliai-su-turkiu\/#primaryimage"},"thumbnailUrl":"https:\/\/amberwithsilver.com\/wp-content\/uploads\/2022\/01\/img_1870.jpeg","datePublished":"2022-01-06T10:15:07+00:00","dateModified":"2022-01-06T11:32:28+00:00","description":"Deimantinio \u0161lifavimo \u0161viesaus gintaro karoliai su turkiu,Faceted light amber necklace with turquoise,Baltic amber necklace,Silver amber","breadcrumb":{"@id":"https:\/\/amberwithsilver.com\/product\/deimantinio-slifavimo-sviesaus-gintaro-karoliai-su-turkiu\/#breadcrumb"},"inLanguage":"en-US","potentialAction":[{"@type":"ReadAction","target":["https:\/\/amberwithsilver.com\/product\/deimantinio-slifavimo-sviesaus-gintaro-karoliai-su-turkiu\/"]}]},{"@type":"ImageObject","inLanguage":"en-US","@id":"https:\/\/amberwithsilver.com\/product\/deimantinio-slifavimo-sviesaus-gintaro-karoliai-su-turkiu\/#primaryimage","url":"https:\/\/amberwithsilver.com\/wp-content\/uploads\/2022\/01\/img_1870.jpeg","contentUrl":"https:\/\/amberwithsilver.com\/wp-content\/uploads\/2022\/01\/img_1870.jpeg","width":2451,"height":2391,"caption":"Deimantinio \u0161lifavimo \u0161viesaus gintaro karoliai su turkiu,Faceted light amber necklace with turquoise"},{"@type":"BreadcrumbList","@id":"https:\/\/amberwithsilver.com\/product\/deimantinio-slifavimo-sviesaus-gintaro-karoliai-su-turkiu\/#breadcrumb","itemListElement":[{"@type":"ListItem","position":1,"name":"Home","item":"https:\/\/amberwithsilver.com\/"},{"@type":"ListItem","position":2,"name":"Parduotuv\u0117","item":"https:\/\/amberwithsilver.com\/en\/parduotuve\/"},{"@type":"ListItem","position":3,"name":"Deimantinio \u0161lifavimo \u0161viesaus gintaro karoliai su turkiu"}]},{"@type":"WebSite","@id":"https:\/\/amberwithsilver.com\/en\/#website","url":"https:\/\/amberwithsilver.com\/en\/","name":"AmberWithSilver","description":"Amber-Silver","publisher":{"@id":"https:\/\/amberwithsilver.com\/en\/#organization"},"potentialAction":[{"@type":"SearchAction","target":{"@type":"EntryPoint","urlTemplate":"https:\/\/amberwithsilver.com\/en\/?s={search_term_string}"},"query-input":{"@type":"PropertyValueSpecification","valueRequired":true,"valueName":"search_term_string"}}],"inLanguage":"en-US"},{"@type":"Organization","@id":"https:\/\/amberwithsilver.com\/en\/#organization","name":"amberwithsilver","url":"https:\/\/amberwithsilver.com\/en\/","logo":{"@type":"ImageObject","inLanguage":"en-US","@id":"https:\/\/amberwithsilver.com\/en\/#\/schema\/logo\/image\/","url":"https:\/\/i0.wp.com\/amberwithsilver.com\/wp-content\/uploads\/2020\/12\/logo.jpg?fit=232%2C116&ssl=1","contentUrl":"https:\/\/i0.wp.com\/amberwithsilver.com\/wp-content\/uploads\/2020\/12\/logo.jpg?fit=232%2C116&ssl=1","width":232,"height":116,"caption":"amberwithsilver"},"image":{"@id":"https:\/\/amberwithsilver.com\/en\/#\/schema\/logo\/image\/"}}]}},"jetpack_sharing_enabled":true,"_links":{"self":[{"href":"https:\/\/amberwithsilver.com\/en\/wp-json\/wp\/v2\/product\/2123","targetHints":{"allow":["GET"]}}],"collection":[{"href":"https:\/\/amberwithsilver.com\/en\/wp-json\/wp\/v2\/product"}],"about":[{"href":"https:\/\/amberwithsilver.com\/en\/wp-json\/wp\/v2\/types\/product"}],"replies":[{"embeddable":true,"href":"https:\/\/amberwithsilver.com\/en\/wp-json\/wp\/v2\/comments?post=2123"}],"version-history":[{"count":0,"href":"https:\/\/amberwithsilver.com\/en\/wp-json\/wp\/v2\/product\/2123\/revisions"}],"wp:featuredmedia":[{"embeddable":true,"href":"https:\/\/amberwithsilver.com\/en\/wp-json\/wp\/v2\/media\/2127"}],"wp:attachment":[{"href":"https:\/\/amberwithsilver.com\/en\/wp-json\/wp\/v2\/media?parent=2123"}],"wp:term":[{"taxonomy":"product_brand","embeddable":true,"href":"https:\/\/amberwithsilver.com\/en\/wp-json\/wp\/v2\/product_brand?post=2123"},{"taxonomy":"product_cat","embeddable":true,"href":"https:\/\/amberwithsilver.com\/en\/wp-json\/wp\/v2\/product_cat?post=2123"},{"taxonomy":"product_tag","embeddable":true,"href":"https:\/\/amberwithsilver.com\/en\/wp-json\/wp\/v2\/product_tag?post=2123"}],"curies":[{"name":"wp","href":"https:\/\/api.w.org\/{rel}","templated":true}]}}