{"id":2153,"date":"2022-01-06T19:53:06","date_gmt":"2022-01-06T17:53:06","guid":{"rendered":"http:\/\/amberwithsilver.com\/?post_type=product&#038;p=2153"},"modified":"2025-05-14T17:45:58","modified_gmt":"2025-05-14T15:45:58","slug":"antikvarine-geltono-gintaro-rutuliuku-apyranke-10-mm","status":"publish","type":"product","link":"https:\/\/amberwithsilver.com\/en\/product\/antikvarine-geltono-gintaro-rutuliuku-apyranke-10-mm\/","title":{"rendered":"Antique yellow amber round beads stretch bracelet 10 mm"},"content":{"rendered":"<p>Antique yellow amber round beads stretch bracelet 10 mm<\/p>\n<ul>\n<li>Ancient Baltic amber<\/li>\n<li>Elastic silicon<\/li>\n<li>Beads size: ~ 10 mm<\/li>\n<li>Weight: ~13,5 grams<\/li>\n<li>The bracelet is suitable for a 16 cm wrist.<\/li>\n<\/ul>\n<p>*Please note that the color of the product may vary slightly from that shown in the photo, depending on the monitor used by the Buyer and the lighting settings in the photos.<\/p>","protected":false},"excerpt":{"rendered":"<p>Antique yellow amber round beads stretch bracelet 10 mm<\/p>\n<ul>\n<li>Ancient Baltic amber<\/li>\n<li>Elastic silicon<\/li>\n<li>Beads size: ~ 10 mm<\/li>\n<li>Weight: ~13,5 grams<\/li>\n<li>The bracelet is suitable for a 16 cm wrist.<\/li>\n<\/ul>\n<p>&nbsp;<\/p>\n<p>*Please note that the color of the product may vary slightly from that shown in the photo, depending on the monitor used by the Buyer and the lighting settings in the photos.<\/p>","protected":false},"featured_media":2155,"comment_status":"open","ping_status":"closed","template":"","meta":[],"product_brand":[],"product_cat":[59,18,58],"product_tag":[643,644,645,646,647,648,1271,1272],"class_list":{"0":"post-2153","1":"product","2":"type-product","3":"status-publish","4":"has-post-thumbnail","6":"product_cat-gintaro-papuosalai-vyrams","7":"product_cat-gintaro-apyrankes","8":"product_cat-kolekcijos","9":"product_tag-antique-baltic-amber-jewelry","10":"product_tag-antique-baltic-amber-bracelet","11":"product_tag-antique-baltic-amber-necklace","12":"product_tag-antikinis-baltijos-gintaras","13":"product_tag-silver-amber-bracelet","14":"product_tag-antique-yellow-amber-round-beads-stretch-bracelet-12-mm","15":"product_tag-antikvarine-geltono-gintaro-rutuliuku-apyranke-10-mm","16":"product_tag-antique-yellow-amber-round-beads-stretch-bracelet-10-mm","18":"first","19":"instock","20":"taxable","21":"shipping-taxable","22":"purchasable","23":"product-type-simple"},"yoast_head":"<!-- This site is optimized with the Yoast SEO Premium plugin v23.4 (Yoast SEO v26.8) - https:\/\/yoast.com\/product\/yoast-seo-premium-wordpress\/ -->\n<title>Antikvarin\u0117 geltono gintaro rutuliuk\u0173 apyrank\u0117 10 mm - AmberWithSilver<\/title>\n<meta name=\"description\" content=\"Antikvarin\u0117 geltono gintaro rutuliuk\u0173 apyrank\u0117 10 mm,Antique yellow amber round beads stretch bracelet 10 mm,Antikinis Baltijos gintaras, yellow amber\" \/>\n<meta name=\"robots\" content=\"index, follow, max-snippet:-1, max-image-preview:large, max-video-preview:-1\" \/>\n<link rel=\"canonical\" href=\"https:\/\/amberwithsilver.com\/en\/product\/antikvarine-geltono-gintaro-rutuliuku-apyranke-10-mm\/\" \/>\n<meta property=\"og:locale\" content=\"en_US\" \/>\n<meta property=\"og:type\" content=\"article\" \/>\n<meta property=\"og:title\" content=\"Antikvarin\u0117 geltono gintaro rutuliuk\u0173 apyrank\u0117 10 mm\" \/>\n<meta property=\"og:description\" content=\"Antikvarin\u0117 geltono gintaro rutuliuk\u0173 apyrank\u0117 10 mm,Antique yellow amber round beads stretch bracelet 10 mm,Antikinis Baltijos gintaras, yellow amber\" \/>\n<meta property=\"og:url\" content=\"https:\/\/amberwithsilver.com\/en\/product\/antikvarine-geltono-gintaro-rutuliuku-apyranke-10-mm\/\" \/>\n<meta property=\"og:site_name\" content=\"AmberWithSilver\" \/>\n<meta property=\"article:modified_time\" content=\"2025-05-14T15:45:58+00:00\" \/>\n<meta property=\"og:image\" content=\"https:\/\/amberwithsilver.com\/wp-content\/uploads\/2022\/01\/img_1986.jpeg\" \/>\n\t<meta property=\"og:image:width\" content=\"2359\" \/>\n\t<meta property=\"og:image:height\" content=\"2193\" \/>\n\t<meta property=\"og:image:type\" content=\"image\/jpeg\" \/>\n<meta name=\"twitter:card\" content=\"summary_large_image\" \/>\n<meta name=\"twitter:label1\" content=\"Est. reading time\" \/>\n\t<meta name=\"twitter:data1\" content=\"1 minute\" \/>\n<script type=\"application\/ld+json\" class=\"yoast-schema-graph\">{\"@context\":\"https:\/\/schema.org\",\"@graph\":[{\"@type\":\"WebPage\",\"@id\":\"https:\/\/amberwithsilver.com\/product\/antikvarine-geltono-gintaro-rutuliuku-apyranke-10-mm\/\",\"url\":\"https:\/\/amberwithsilver.com\/product\/antikvarine-geltono-gintaro-rutuliuku-apyranke-10-mm\/\",\"name\":\"Antikvarin\u0117 geltono gintaro rutuliuk\u0173 apyrank\u0117 10 mm - AmberWithSilver\",\"isPartOf\":{\"@id\":\"https:\/\/amberwithsilver.com\/en\/#website\"},\"primaryImageOfPage\":{\"@id\":\"https:\/\/amberwithsilver.com\/product\/antikvarine-geltono-gintaro-rutuliuku-apyranke-10-mm\/#primaryimage\"},\"image\":{\"@id\":\"https:\/\/amberwithsilver.com\/product\/antikvarine-geltono-gintaro-rutuliuku-apyranke-10-mm\/#primaryimage\"},\"thumbnailUrl\":\"https:\/\/amberwithsilver.com\/wp-content\/uploads\/2022\/01\/img_1986.jpeg\",\"datePublished\":\"2022-01-06T17:53:06+00:00\",\"dateModified\":\"2025-05-14T15:45:58+00:00\",\"description\":\"Antikvarin\u0117 geltono gintaro rutuliuk\u0173 apyrank\u0117 10 mm,Antique yellow amber round beads stretch bracelet 10 mm,Antikinis Baltijos gintaras, yellow amber\",\"breadcrumb\":{\"@id\":\"https:\/\/amberwithsilver.com\/product\/antikvarine-geltono-gintaro-rutuliuku-apyranke-10-mm\/#breadcrumb\"},\"inLanguage\":\"en-US\",\"potentialAction\":[{\"@type\":\"ReadAction\",\"target\":[\"https:\/\/amberwithsilver.com\/product\/antikvarine-geltono-gintaro-rutuliuku-apyranke-10-mm\/\"]}]},{\"@type\":\"ImageObject\",\"inLanguage\":\"en-US\",\"@id\":\"https:\/\/amberwithsilver.com\/product\/antikvarine-geltono-gintaro-rutuliuku-apyranke-10-mm\/#primaryimage\",\"url\":\"https:\/\/amberwithsilver.com\/wp-content\/uploads\/2022\/01\/img_1986.jpeg\",\"contentUrl\":\"https:\/\/amberwithsilver.com\/wp-content\/uploads\/2022\/01\/img_1986.jpeg\",\"width\":2359,\"height\":2193,\"caption\":\"Antikvarin\u0117 geltono gintaro rutuliuk\u0173 apyrank\u0117 12 mm,Antique yellow amber round beads stretch bracelet 12 mm\"},{\"@type\":\"BreadcrumbList\",\"@id\":\"https:\/\/amberwithsilver.com\/product\/antikvarine-geltono-gintaro-rutuliuku-apyranke-10-mm\/#breadcrumb\",\"itemListElement\":[{\"@type\":\"ListItem\",\"position\":1,\"name\":\"Home\",\"item\":\"https:\/\/amberwithsilver.com\/\"},{\"@type\":\"ListItem\",\"position\":2,\"name\":\"Parduotuv\u0117\",\"item\":\"https:\/\/amberwithsilver.com\/en\/parduotuve\/\"},{\"@type\":\"ListItem\",\"position\":3,\"name\":\"Antikvarin\u0117 geltono gintaro rutuliuk\u0173 apyrank\u0117 10 mm\"}]},{\"@type\":\"WebSite\",\"@id\":\"https:\/\/amberwithsilver.com\/en\/#website\",\"url\":\"https:\/\/amberwithsilver.com\/en\/\",\"name\":\"AmberWithSilver\",\"description\":\"Amber-Silver\",\"publisher\":{\"@id\":\"https:\/\/amberwithsilver.com\/en\/#organization\"},\"potentialAction\":[{\"@type\":\"SearchAction\",\"target\":{\"@type\":\"EntryPoint\",\"urlTemplate\":\"https:\/\/amberwithsilver.com\/en\/?s={search_term_string}\"},\"query-input\":{\"@type\":\"PropertyValueSpecification\",\"valueRequired\":true,\"valueName\":\"search_term_string\"}}],\"inLanguage\":\"en-US\"},{\"@type\":\"Organization\",\"@id\":\"https:\/\/amberwithsilver.com\/en\/#organization\",\"name\":\"amberwithsilver\",\"url\":\"https:\/\/amberwithsilver.com\/en\/\",\"logo\":{\"@type\":\"ImageObject\",\"inLanguage\":\"en-US\",\"@id\":\"https:\/\/amberwithsilver.com\/en\/#\/schema\/logo\/image\/\",\"url\":\"https:\/\/i0.wp.com\/amberwithsilver.com\/wp-content\/uploads\/2020\/12\/logo.jpg?fit=232%2C116&ssl=1\",\"contentUrl\":\"https:\/\/i0.wp.com\/amberwithsilver.com\/wp-content\/uploads\/2020\/12\/logo.jpg?fit=232%2C116&ssl=1\",\"width\":232,\"height\":116,\"caption\":\"amberwithsilver\"},\"image\":{\"@id\":\"https:\/\/amberwithsilver.com\/en\/#\/schema\/logo\/image\/\"}}]}<\/script>\n<!-- \/ Yoast SEO Premium plugin. -->","yoast_head_json":{"title":"Antikvarin\u0117 geltono gintaro rutuliuk\u0173 apyrank\u0117 10 mm - AmberWithSilver","description":"Antikvarin\u0117 geltono gintaro rutuliuk\u0173 apyrank\u0117 10 mm,Antique yellow amber round beads stretch bracelet 10 mm,Antikinis Baltijos gintaras, yellow amber","robots":{"index":"index","follow":"follow","max-snippet":"max-snippet:-1","max-image-preview":"max-image-preview:large","max-video-preview":"max-video-preview:-1"},"canonical":"https:\/\/amberwithsilver.com\/en\/product\/antikvarine-geltono-gintaro-rutuliuku-apyranke-10-mm\/","og_locale":"en_US","og_type":"article","og_title":"Antikvarin\u0117 geltono gintaro rutuliuk\u0173 apyrank\u0117 10 mm","og_description":"Antikvarin\u0117 geltono gintaro rutuliuk\u0173 apyrank\u0117 10 mm,Antique yellow amber round beads stretch bracelet 10 mm,Antikinis Baltijos gintaras, yellow amber","og_url":"https:\/\/amberwithsilver.com\/en\/product\/antikvarine-geltono-gintaro-rutuliuku-apyranke-10-mm\/","og_site_name":"AmberWithSilver","article_modified_time":"2025-05-14T15:45:58+00:00","og_image":[{"width":2359,"height":2193,"url":"https:\/\/amberwithsilver.com\/wp-content\/uploads\/2022\/01\/img_1986.jpeg","type":"image\/jpeg"}],"twitter_card":"summary_large_image","twitter_misc":{"Est. reading time":"1 minute"},"schema":{"@context":"https:\/\/schema.org","@graph":[{"@type":"WebPage","@id":"https:\/\/amberwithsilver.com\/product\/antikvarine-geltono-gintaro-rutuliuku-apyranke-10-mm\/","url":"https:\/\/amberwithsilver.com\/product\/antikvarine-geltono-gintaro-rutuliuku-apyranke-10-mm\/","name":"Antikvarin\u0117 geltono gintaro rutuliuk\u0173 apyrank\u0117 10 mm - AmberWithSilver","isPartOf":{"@id":"https:\/\/amberwithsilver.com\/en\/#website"},"primaryImageOfPage":{"@id":"https:\/\/amberwithsilver.com\/product\/antikvarine-geltono-gintaro-rutuliuku-apyranke-10-mm\/#primaryimage"},"image":{"@id":"https:\/\/amberwithsilver.com\/product\/antikvarine-geltono-gintaro-rutuliuku-apyranke-10-mm\/#primaryimage"},"thumbnailUrl":"https:\/\/amberwithsilver.com\/wp-content\/uploads\/2022\/01\/img_1986.jpeg","datePublished":"2022-01-06T17:53:06+00:00","dateModified":"2025-05-14T15:45:58+00:00","description":"Antikvarin\u0117 geltono gintaro rutuliuk\u0173 apyrank\u0117 10 mm,Antique yellow amber round beads stretch bracelet 10 mm,Antikinis Baltijos gintaras, yellow amber","breadcrumb":{"@id":"https:\/\/amberwithsilver.com\/product\/antikvarine-geltono-gintaro-rutuliuku-apyranke-10-mm\/#breadcrumb"},"inLanguage":"en-US","potentialAction":[{"@type":"ReadAction","target":["https:\/\/amberwithsilver.com\/product\/antikvarine-geltono-gintaro-rutuliuku-apyranke-10-mm\/"]}]},{"@type":"ImageObject","inLanguage":"en-US","@id":"https:\/\/amberwithsilver.com\/product\/antikvarine-geltono-gintaro-rutuliuku-apyranke-10-mm\/#primaryimage","url":"https:\/\/amberwithsilver.com\/wp-content\/uploads\/2022\/01\/img_1986.jpeg","contentUrl":"https:\/\/amberwithsilver.com\/wp-content\/uploads\/2022\/01\/img_1986.jpeg","width":2359,"height":2193,"caption":"Antikvarin\u0117 geltono gintaro rutuliuk\u0173 apyrank\u0117 12 mm,Antique yellow amber round beads stretch bracelet 12 mm"},{"@type":"BreadcrumbList","@id":"https:\/\/amberwithsilver.com\/product\/antikvarine-geltono-gintaro-rutuliuku-apyranke-10-mm\/#breadcrumb","itemListElement":[{"@type":"ListItem","position":1,"name":"Home","item":"https:\/\/amberwithsilver.com\/"},{"@type":"ListItem","position":2,"name":"Parduotuv\u0117","item":"https:\/\/amberwithsilver.com\/en\/parduotuve\/"},{"@type":"ListItem","position":3,"name":"Antikvarin\u0117 geltono gintaro rutuliuk\u0173 apyrank\u0117 10 mm"}]},{"@type":"WebSite","@id":"https:\/\/amberwithsilver.com\/en\/#website","url":"https:\/\/amberwithsilver.com\/en\/","name":"AmberWithSilver","description":"Amber-Silver","publisher":{"@id":"https:\/\/amberwithsilver.com\/en\/#organization"},"potentialAction":[{"@type":"SearchAction","target":{"@type":"EntryPoint","urlTemplate":"https:\/\/amberwithsilver.com\/en\/?s={search_term_string}"},"query-input":{"@type":"PropertyValueSpecification","valueRequired":true,"valueName":"search_term_string"}}],"inLanguage":"en-US"},{"@type":"Organization","@id":"https:\/\/amberwithsilver.com\/en\/#organization","name":"amberwithsilver","url":"https:\/\/amberwithsilver.com\/en\/","logo":{"@type":"ImageObject","inLanguage":"en-US","@id":"https:\/\/amberwithsilver.com\/en\/#\/schema\/logo\/image\/","url":"https:\/\/i0.wp.com\/amberwithsilver.com\/wp-content\/uploads\/2020\/12\/logo.jpg?fit=232%2C116&ssl=1","contentUrl":"https:\/\/i0.wp.com\/amberwithsilver.com\/wp-content\/uploads\/2020\/12\/logo.jpg?fit=232%2C116&ssl=1","width":232,"height":116,"caption":"amberwithsilver"},"image":{"@id":"https:\/\/amberwithsilver.com\/en\/#\/schema\/logo\/image\/"}}]}},"jetpack_sharing_enabled":true,"_links":{"self":[{"href":"https:\/\/amberwithsilver.com\/en\/wp-json\/wp\/v2\/product\/2153","targetHints":{"allow":["GET"]}}],"collection":[{"href":"https:\/\/amberwithsilver.com\/en\/wp-json\/wp\/v2\/product"}],"about":[{"href":"https:\/\/amberwithsilver.com\/en\/wp-json\/wp\/v2\/types\/product"}],"replies":[{"embeddable":true,"href":"https:\/\/amberwithsilver.com\/en\/wp-json\/wp\/v2\/comments?post=2153"}],"version-history":[{"count":0,"href":"https:\/\/amberwithsilver.com\/en\/wp-json\/wp\/v2\/product\/2153\/revisions"}],"wp:featuredmedia":[{"embeddable":true,"href":"https:\/\/amberwithsilver.com\/en\/wp-json\/wp\/v2\/media\/2155"}],"wp:attachment":[{"href":"https:\/\/amberwithsilver.com\/en\/wp-json\/wp\/v2\/media?parent=2153"}],"wp:term":[{"taxonomy":"product_brand","embeddable":true,"href":"https:\/\/amberwithsilver.com\/en\/wp-json\/wp\/v2\/product_brand?post=2153"},{"taxonomy":"product_cat","embeddable":true,"href":"https:\/\/amberwithsilver.com\/en\/wp-json\/wp\/v2\/product_cat?post=2153"},{"taxonomy":"product_tag","embeddable":true,"href":"https:\/\/amberwithsilver.com\/en\/wp-json\/wp\/v2\/product_tag?post=2153"}],"curies":[{"name":"wp","href":"https:\/\/api.w.org\/{rel}","templated":true}]}}