{"id":2158,"date":"2022-01-06T20:29:37","date_gmt":"2022-01-06T18:29:37","guid":{"rendered":"http:\/\/amberwithsilver.com\/?post_type=product&#038;p=2158"},"modified":"2024-11-25T11:30:55","modified_gmt":"2024-11-25T09:30:55","slug":"antikvarine-geltono-gintaro-rutuliuku-apyranke-14-mm","status":"publish","type":"product","link":"https:\/\/amberwithsilver.com\/en\/product\/antikvarine-geltono-gintaro-rutuliuku-apyranke-14-mm\/","title":{"rendered":"Antique yellow amber round beads stretch bracelet 14 mm"},"content":{"rendered":"<p>Antique yellow amber round beads stretch bracelet 14 mm.<\/p>\n<ul>\n<li>Ancient Baltic amber<\/li>\n<li>Elastic silicon<\/li>\n<li>Beads size: 14 mm<\/li>\n<li>Weight: ~28,4 grams<\/li>\n<\/ul>\n<p>*Please note that the color of the product may vary slightly from that shown in the photo, depending on the monitor used by the Buyer and the lighting settings in the photos.<\/p>","protected":false},"excerpt":{"rendered":"<p>Antique yellow amber round beads stretch bracelet 14 mm.<\/p>\n<ul>\n<li>Ancient Baltic amber<\/li>\n<li>Elastic silicon<\/li>\n<li>Beads size: 14 mm<\/li>\n<li>Weight: ~28,4 grams<\/li>\n<\/ul>\n<p>*Please note that the color of the product may vary slightly from that shown in the photo, depending on the monitor used by the Buyer and the lighting settings in the photos.<\/p>","protected":false},"featured_media":2160,"comment_status":"open","ping_status":"closed","template":"","meta":[],"product_brand":[],"product_cat":[59,18,58],"product_tag":[468,649,650,651,652],"class_list":{"0":"post-2158","1":"product","2":"type-product","3":"status-publish","4":"has-post-thumbnail","6":"product_cat-gintaro-papuosalai-vyrams","7":"product_cat-gintaro-apyrankes","8":"product_cat-kolekcijos","9":"product_tag-baltic-amber-jewelry","10":"product_tag-antikvarine-geltono-gintaro-rutuliuku-apyranke-14-mm","11":"product_tag-antique-yellow-amber-round-beads-stretch-bracelet-14-mm","12":"product_tag-ancient-amber-bracelet","13":"product_tag-ancient-amber-product","15":"first","16":"instock","17":"taxable","18":"shipping-taxable","19":"purchasable","20":"product-type-simple"},"yoast_head":"<!-- This site is optimized with the Yoast SEO Premium plugin v23.4 (Yoast SEO v26.8) - https:\/\/yoast.com\/product\/yoast-seo-premium-wordpress\/ -->\n<title>Antikvarin\u0117 geltono gintaro rutuliuk\u0173 apyrank\u0117 14 mm - AmberWithSilver<\/title>\n<meta name=\"description\" content=\"Antikvarin\u0117 geltono gintaro rutuliuk\u0173 apyrank\u0117 14 mm,Antique yellow amber round beads stretch bracelet 14 mm,ancient amber bracelet round bead\" \/>\n<meta name=\"robots\" content=\"index, follow, max-snippet:-1, max-image-preview:large, max-video-preview:-1\" \/>\n<link rel=\"canonical\" href=\"https:\/\/amberwithsilver.com\/en\/product\/antikvarine-geltono-gintaro-rutuliuku-apyranke-14-mm\/\" \/>\n<meta property=\"og:locale\" content=\"en_US\" \/>\n<meta property=\"og:type\" content=\"article\" \/>\n<meta property=\"og:title\" content=\"Antikvarin\u0117 geltono gintaro rutuliuk\u0173 apyrank\u0117 14 mm\" \/>\n<meta property=\"og:description\" content=\"Antikvarin\u0117 geltono gintaro rutuliuk\u0173 apyrank\u0117 14 mm,Antique yellow amber round beads stretch bracelet 14 mm,ancient amber bracelet round bead\" \/>\n<meta property=\"og:url\" content=\"https:\/\/amberwithsilver.com\/en\/product\/antikvarine-geltono-gintaro-rutuliuku-apyranke-14-mm\/\" \/>\n<meta property=\"og:site_name\" content=\"AmberWithSilver\" \/>\n<meta property=\"article:modified_time\" content=\"2024-11-25T09:30:55+00:00\" \/>\n<meta property=\"og:image\" content=\"https:\/\/amberwithsilver.com\/wp-content\/uploads\/2022\/01\/img_1991.jpeg\" \/>\n\t<meta property=\"og:image:width\" content=\"2357\" \/>\n\t<meta property=\"og:image:height\" content=\"2098\" \/>\n\t<meta property=\"og:image:type\" content=\"image\/jpeg\" \/>\n<meta name=\"twitter:card\" content=\"summary_large_image\" \/>\n<meta name=\"twitter:label1\" content=\"Est. reading time\" \/>\n\t<meta name=\"twitter:data1\" content=\"1 minute\" \/>\n<script type=\"application\/ld+json\" class=\"yoast-schema-graph\">{\"@context\":\"https:\/\/schema.org\",\"@graph\":[{\"@type\":\"WebPage\",\"@id\":\"https:\/\/amberwithsilver.com\/product\/antikvarine-geltono-gintaro-rutuliuku-apyranke-14-mm\/\",\"url\":\"https:\/\/amberwithsilver.com\/product\/antikvarine-geltono-gintaro-rutuliuku-apyranke-14-mm\/\",\"name\":\"Antikvarin\u0117 geltono gintaro rutuliuk\u0173 apyrank\u0117 14 mm - AmberWithSilver\",\"isPartOf\":{\"@id\":\"https:\/\/amberwithsilver.com\/en\/#website\"},\"primaryImageOfPage\":{\"@id\":\"https:\/\/amberwithsilver.com\/product\/antikvarine-geltono-gintaro-rutuliuku-apyranke-14-mm\/#primaryimage\"},\"image\":{\"@id\":\"https:\/\/amberwithsilver.com\/product\/antikvarine-geltono-gintaro-rutuliuku-apyranke-14-mm\/#primaryimage\"},\"thumbnailUrl\":\"https:\/\/amberwithsilver.com\/wp-content\/uploads\/2022\/01\/img_1991.jpeg\",\"datePublished\":\"2022-01-06T18:29:37+00:00\",\"dateModified\":\"2024-11-25T09:30:55+00:00\",\"description\":\"Antikvarin\u0117 geltono gintaro rutuliuk\u0173 apyrank\u0117 14 mm,Antique yellow amber round beads stretch bracelet 14 mm,ancient amber bracelet round bead\",\"breadcrumb\":{\"@id\":\"https:\/\/amberwithsilver.com\/product\/antikvarine-geltono-gintaro-rutuliuku-apyranke-14-mm\/#breadcrumb\"},\"inLanguage\":\"en-US\",\"potentialAction\":[{\"@type\":\"ReadAction\",\"target\":[\"https:\/\/amberwithsilver.com\/product\/antikvarine-geltono-gintaro-rutuliuku-apyranke-14-mm\/\"]}]},{\"@type\":\"ImageObject\",\"inLanguage\":\"en-US\",\"@id\":\"https:\/\/amberwithsilver.com\/product\/antikvarine-geltono-gintaro-rutuliuku-apyranke-14-mm\/#primaryimage\",\"url\":\"https:\/\/amberwithsilver.com\/wp-content\/uploads\/2022\/01\/img_1991.jpeg\",\"contentUrl\":\"https:\/\/amberwithsilver.com\/wp-content\/uploads\/2022\/01\/img_1991.jpeg\",\"width\":2357,\"height\":2098,\"caption\":\"Antikvarin\u0117 geltono gintaro rutuliuk\u0173 apyrank\u0117 14 mm,Antique yellow amber round beads stretch bracelet 14 mm\"},{\"@type\":\"BreadcrumbList\",\"@id\":\"https:\/\/amberwithsilver.com\/product\/antikvarine-geltono-gintaro-rutuliuku-apyranke-14-mm\/#breadcrumb\",\"itemListElement\":[{\"@type\":\"ListItem\",\"position\":1,\"name\":\"Home\",\"item\":\"https:\/\/amberwithsilver.com\/\"},{\"@type\":\"ListItem\",\"position\":2,\"name\":\"Parduotuv\u0117\",\"item\":\"https:\/\/amberwithsilver.com\/en\/parduotuve\/\"},{\"@type\":\"ListItem\",\"position\":3,\"name\":\"Antikvarin\u0117 geltono gintaro rutuliuk\u0173 apyrank\u0117 14 mm\"}]},{\"@type\":\"WebSite\",\"@id\":\"https:\/\/amberwithsilver.com\/en\/#website\",\"url\":\"https:\/\/amberwithsilver.com\/en\/\",\"name\":\"AmberWithSilver\",\"description\":\"Amber-Silver\",\"publisher\":{\"@id\":\"https:\/\/amberwithsilver.com\/en\/#organization\"},\"potentialAction\":[{\"@type\":\"SearchAction\",\"target\":{\"@type\":\"EntryPoint\",\"urlTemplate\":\"https:\/\/amberwithsilver.com\/en\/?s={search_term_string}\"},\"query-input\":{\"@type\":\"PropertyValueSpecification\",\"valueRequired\":true,\"valueName\":\"search_term_string\"}}],\"inLanguage\":\"en-US\"},{\"@type\":\"Organization\",\"@id\":\"https:\/\/amberwithsilver.com\/en\/#organization\",\"name\":\"amberwithsilver\",\"url\":\"https:\/\/amberwithsilver.com\/en\/\",\"logo\":{\"@type\":\"ImageObject\",\"inLanguage\":\"en-US\",\"@id\":\"https:\/\/amberwithsilver.com\/en\/#\/schema\/logo\/image\/\",\"url\":\"https:\/\/i0.wp.com\/amberwithsilver.com\/wp-content\/uploads\/2020\/12\/logo.jpg?fit=232%2C116&ssl=1\",\"contentUrl\":\"https:\/\/i0.wp.com\/amberwithsilver.com\/wp-content\/uploads\/2020\/12\/logo.jpg?fit=232%2C116&ssl=1\",\"width\":232,\"height\":116,\"caption\":\"amberwithsilver\"},\"image\":{\"@id\":\"https:\/\/amberwithsilver.com\/en\/#\/schema\/logo\/image\/\"}}]}<\/script>\n<!-- \/ Yoast SEO Premium plugin. -->","yoast_head_json":{"title":"Antikvarin\u0117 geltono gintaro rutuliuk\u0173 apyrank\u0117 14 mm - AmberWithSilver","description":"Antikvarin\u0117 geltono gintaro rutuliuk\u0173 apyrank\u0117 14 mm,Antique yellow amber round beads stretch bracelet 14 mm,ancient amber bracelet round bead","robots":{"index":"index","follow":"follow","max-snippet":"max-snippet:-1","max-image-preview":"max-image-preview:large","max-video-preview":"max-video-preview:-1"},"canonical":"https:\/\/amberwithsilver.com\/en\/product\/antikvarine-geltono-gintaro-rutuliuku-apyranke-14-mm\/","og_locale":"en_US","og_type":"article","og_title":"Antikvarin\u0117 geltono gintaro rutuliuk\u0173 apyrank\u0117 14 mm","og_description":"Antikvarin\u0117 geltono gintaro rutuliuk\u0173 apyrank\u0117 14 mm,Antique yellow amber round beads stretch bracelet 14 mm,ancient amber bracelet round bead","og_url":"https:\/\/amberwithsilver.com\/en\/product\/antikvarine-geltono-gintaro-rutuliuku-apyranke-14-mm\/","og_site_name":"AmberWithSilver","article_modified_time":"2024-11-25T09:30:55+00:00","og_image":[{"width":2357,"height":2098,"url":"https:\/\/amberwithsilver.com\/wp-content\/uploads\/2022\/01\/img_1991.jpeg","type":"image\/jpeg"}],"twitter_card":"summary_large_image","twitter_misc":{"Est. reading time":"1 minute"},"schema":{"@context":"https:\/\/schema.org","@graph":[{"@type":"WebPage","@id":"https:\/\/amberwithsilver.com\/product\/antikvarine-geltono-gintaro-rutuliuku-apyranke-14-mm\/","url":"https:\/\/amberwithsilver.com\/product\/antikvarine-geltono-gintaro-rutuliuku-apyranke-14-mm\/","name":"Antikvarin\u0117 geltono gintaro rutuliuk\u0173 apyrank\u0117 14 mm - AmberWithSilver","isPartOf":{"@id":"https:\/\/amberwithsilver.com\/en\/#website"},"primaryImageOfPage":{"@id":"https:\/\/amberwithsilver.com\/product\/antikvarine-geltono-gintaro-rutuliuku-apyranke-14-mm\/#primaryimage"},"image":{"@id":"https:\/\/amberwithsilver.com\/product\/antikvarine-geltono-gintaro-rutuliuku-apyranke-14-mm\/#primaryimage"},"thumbnailUrl":"https:\/\/amberwithsilver.com\/wp-content\/uploads\/2022\/01\/img_1991.jpeg","datePublished":"2022-01-06T18:29:37+00:00","dateModified":"2024-11-25T09:30:55+00:00","description":"Antikvarin\u0117 geltono gintaro rutuliuk\u0173 apyrank\u0117 14 mm,Antique yellow amber round beads stretch bracelet 14 mm,ancient amber bracelet round bead","breadcrumb":{"@id":"https:\/\/amberwithsilver.com\/product\/antikvarine-geltono-gintaro-rutuliuku-apyranke-14-mm\/#breadcrumb"},"inLanguage":"en-US","potentialAction":[{"@type":"ReadAction","target":["https:\/\/amberwithsilver.com\/product\/antikvarine-geltono-gintaro-rutuliuku-apyranke-14-mm\/"]}]},{"@type":"ImageObject","inLanguage":"en-US","@id":"https:\/\/amberwithsilver.com\/product\/antikvarine-geltono-gintaro-rutuliuku-apyranke-14-mm\/#primaryimage","url":"https:\/\/amberwithsilver.com\/wp-content\/uploads\/2022\/01\/img_1991.jpeg","contentUrl":"https:\/\/amberwithsilver.com\/wp-content\/uploads\/2022\/01\/img_1991.jpeg","width":2357,"height":2098,"caption":"Antikvarin\u0117 geltono gintaro rutuliuk\u0173 apyrank\u0117 14 mm,Antique yellow amber round beads stretch bracelet 14 mm"},{"@type":"BreadcrumbList","@id":"https:\/\/amberwithsilver.com\/product\/antikvarine-geltono-gintaro-rutuliuku-apyranke-14-mm\/#breadcrumb","itemListElement":[{"@type":"ListItem","position":1,"name":"Home","item":"https:\/\/amberwithsilver.com\/"},{"@type":"ListItem","position":2,"name":"Parduotuv\u0117","item":"https:\/\/amberwithsilver.com\/en\/parduotuve\/"},{"@type":"ListItem","position":3,"name":"Antikvarin\u0117 geltono gintaro rutuliuk\u0173 apyrank\u0117 14 mm"}]},{"@type":"WebSite","@id":"https:\/\/amberwithsilver.com\/en\/#website","url":"https:\/\/amberwithsilver.com\/en\/","name":"AmberWithSilver","description":"Amber-Silver","publisher":{"@id":"https:\/\/amberwithsilver.com\/en\/#organization"},"potentialAction":[{"@type":"SearchAction","target":{"@type":"EntryPoint","urlTemplate":"https:\/\/amberwithsilver.com\/en\/?s={search_term_string}"},"query-input":{"@type":"PropertyValueSpecification","valueRequired":true,"valueName":"search_term_string"}}],"inLanguage":"en-US"},{"@type":"Organization","@id":"https:\/\/amberwithsilver.com\/en\/#organization","name":"amberwithsilver","url":"https:\/\/amberwithsilver.com\/en\/","logo":{"@type":"ImageObject","inLanguage":"en-US","@id":"https:\/\/amberwithsilver.com\/en\/#\/schema\/logo\/image\/","url":"https:\/\/i0.wp.com\/amberwithsilver.com\/wp-content\/uploads\/2020\/12\/logo.jpg?fit=232%2C116&ssl=1","contentUrl":"https:\/\/i0.wp.com\/amberwithsilver.com\/wp-content\/uploads\/2020\/12\/logo.jpg?fit=232%2C116&ssl=1","width":232,"height":116,"caption":"amberwithsilver"},"image":{"@id":"https:\/\/amberwithsilver.com\/en\/#\/schema\/logo\/image\/"}}]}},"jetpack_sharing_enabled":true,"_links":{"self":[{"href":"https:\/\/amberwithsilver.com\/en\/wp-json\/wp\/v2\/product\/2158","targetHints":{"allow":["GET"]}}],"collection":[{"href":"https:\/\/amberwithsilver.com\/en\/wp-json\/wp\/v2\/product"}],"about":[{"href":"https:\/\/amberwithsilver.com\/en\/wp-json\/wp\/v2\/types\/product"}],"replies":[{"embeddable":true,"href":"https:\/\/amberwithsilver.com\/en\/wp-json\/wp\/v2\/comments?post=2158"}],"version-history":[{"count":0,"href":"https:\/\/amberwithsilver.com\/en\/wp-json\/wp\/v2\/product\/2158\/revisions"}],"wp:featuredmedia":[{"embeddable":true,"href":"https:\/\/amberwithsilver.com\/en\/wp-json\/wp\/v2\/media\/2160"}],"wp:attachment":[{"href":"https:\/\/amberwithsilver.com\/en\/wp-json\/wp\/v2\/media?parent=2158"}],"wp:term":[{"taxonomy":"product_brand","embeddable":true,"href":"https:\/\/amberwithsilver.com\/en\/wp-json\/wp\/v2\/product_brand?post=2158"},{"taxonomy":"product_cat","embeddable":true,"href":"https:\/\/amberwithsilver.com\/en\/wp-json\/wp\/v2\/product_cat?post=2158"},{"taxonomy":"product_tag","embeddable":true,"href":"https:\/\/amberwithsilver.com\/en\/wp-json\/wp\/v2\/product_tag?post=2158"}],"curies":[{"name":"wp","href":"https:\/\/api.w.org\/{rel}","templated":true}]}}