{"id":2168,"date":"2022-02-22T15:14:24","date_gmt":"2022-02-22T13:14:24","guid":{"rendered":"http:\/\/amberwithsilver.com\/?post_type=product&#038;p=2168"},"modified":"2022-02-22T15:29:15","modified_gmt":"2022-02-22T13:29:15","slug":"naturalus-tamsaus-gintaro-karoliai","status":"publish","type":"product","link":"https:\/\/amberwithsilver.com\/en\/product\/naturalus-tamsaus-gintaro-karoliai\/","title":{"rendered":"Natural dark amber necklace"},"content":{"rendered":"<p>Natural dark amber necklace. Also suitable for Gentelman.<\/p>\n<ul>\n<li>Natural Baltic amber<\/li>\n<li>Handmade amber tablets<\/li>\n<li>Plastic screw clasp<\/li>\n<li>Diameter: The size of amber up to ~ 3x15 mm<\/li>\n<li>Length: ~ 50 cm<\/li>\n<li style=\"text-align: left;\">Weight: ~ 44,6 grams\n<p style=\"text-align: left;\">\n<\/li>\n<\/ul>\n<p>*Please note that the color of the product may vary slightly from that shown in the photo, depending on the monitor used by the Buyer and the lighting settings in the photos.<\/p>","protected":false},"excerpt":{"rendered":"<p>Natural dark amber necklace. Also suitable for Gentelman.<\/p>\n<ul>\n<li>Natural Baltic amber<\/li>\n<li>Handmade amber tablets<\/li>\n<li>Plastic screw clasp<\/li>\n<li>Diameter: The size of amber up to ~ 3x15 mm<\/li>\n<li>Length: ~ 50 cm<\/li>\n<li>Weight: ~ 44,6 grams<\/li>\n<\/ul>\n<p>*Please note that the color of the product may vary slightly from that shown in the photo, depending on the monitor used by the Buyer and the lighting settings in the photos.<\/p>","protected":false},"featured_media":2172,"comment_status":"open","ping_status":"closed","template":"","meta":[],"product_brand":[],"product_cat":[35,59,60,58],"product_tag":[501,507,508,554,579,653,654],"class_list":{"0":"post-2168","1":"product","2":"type-product","3":"status-publish","4":"has-post-thumbnail","6":"product_cat-gintaro-karoliai","7":"product_cat-gintaro-papuosalai-vyrams","8":"product_cat-juodo-gintaro-kolekcija","9":"product_cat-kolekcijos","10":"product_tag-juodas-gintaras","11":"product_tag-baltijos-gintaras","12":"product_tag-baltic-amber","13":"product_tag-black-amber","14":"product_tag-amber-for-men","15":"product_tag-naturalus-tamsaus-gintaro-karoliai","16":"product_tag-natural-dark-amber-necklace","18":"first","19":"instock","20":"taxable","21":"shipping-taxable","22":"purchasable","23":"product-type-simple"},"yoast_head":"<!-- This site is optimized with the Yoast SEO Premium plugin v23.4 (Yoast SEO v26.8) - https:\/\/yoast.com\/product\/yoast-seo-premium-wordpress\/ -->\n<title>Nat\u016bral\u016bs tamsaus gintaro karoliai - AmberWithSilver<\/title>\n<meta name=\"description\" content=\"Baltijos gintaras,Nat\u016bral\u016bs tamsaus gintaro karoliai,Natural dark amber necklace,Baltic amber,amber for men,black amber,juodas gintaras\" \/>\n<meta name=\"robots\" content=\"index, follow, max-snippet:-1, max-image-preview:large, max-video-preview:-1\" \/>\n<link rel=\"canonical\" href=\"https:\/\/amberwithsilver.com\/en\/product\/naturalus-tamsaus-gintaro-karoliai\/\" \/>\n<meta property=\"og:locale\" content=\"en_US\" \/>\n<meta property=\"og:type\" content=\"article\" \/>\n<meta property=\"og:title\" content=\"Nat\u016bral\u016bs tamsaus gintaro karoliai\" \/>\n<meta property=\"og:description\" content=\"Baltijos gintaras,Nat\u016bral\u016bs tamsaus gintaro karoliai,Natural dark amber necklace,Baltic amber,amber for men,black amber,juodas gintaras\" \/>\n<meta property=\"og:url\" content=\"https:\/\/amberwithsilver.com\/en\/product\/naturalus-tamsaus-gintaro-karoliai\/\" \/>\n<meta property=\"og:site_name\" content=\"AmberWithSilver\" \/>\n<meta property=\"article:modified_time\" content=\"2022-02-22T13:29:15+00:00\" \/>\n<meta property=\"og:image\" content=\"https:\/\/amberwithsilver.com\/wp-content\/uploads\/2022\/02\/img_3404-scaled.jpeg\" \/>\n\t<meta property=\"og:image:width\" content=\"2560\" \/>\n\t<meta property=\"og:image:height\" content=\"2295\" \/>\n\t<meta property=\"og:image:type\" content=\"image\/jpeg\" \/>\n<meta name=\"twitter:card\" content=\"summary_large_image\" \/>\n<script type=\"application\/ld+json\" class=\"yoast-schema-graph\">{\"@context\":\"https:\/\/schema.org\",\"@graph\":[{\"@type\":\"WebPage\",\"@id\":\"https:\/\/amberwithsilver.com\/product\/naturalus-tamsaus-gintaro-karoliai\/\",\"url\":\"https:\/\/amberwithsilver.com\/product\/naturalus-tamsaus-gintaro-karoliai\/\",\"name\":\"Nat\u016bral\u016bs tamsaus gintaro karoliai - AmberWithSilver\",\"isPartOf\":{\"@id\":\"https:\/\/amberwithsilver.com\/en\/#website\"},\"primaryImageOfPage\":{\"@id\":\"https:\/\/amberwithsilver.com\/product\/naturalus-tamsaus-gintaro-karoliai\/#primaryimage\"},\"image\":{\"@id\":\"https:\/\/amberwithsilver.com\/product\/naturalus-tamsaus-gintaro-karoliai\/#primaryimage\"},\"thumbnailUrl\":\"https:\/\/amberwithsilver.com\/wp-content\/uploads\/2022\/02\/img_3404-scaled.jpeg\",\"datePublished\":\"2022-02-22T13:14:24+00:00\",\"dateModified\":\"2022-02-22T13:29:15+00:00\",\"description\":\"Baltijos gintaras,Nat\u016bral\u016bs tamsaus gintaro karoliai,Natural dark amber necklace,Baltic amber,amber for men,black amber,juodas gintaras\",\"breadcrumb\":{\"@id\":\"https:\/\/amberwithsilver.com\/product\/naturalus-tamsaus-gintaro-karoliai\/#breadcrumb\"},\"inLanguage\":\"en-US\",\"potentialAction\":[{\"@type\":\"ReadAction\",\"target\":[\"https:\/\/amberwithsilver.com\/product\/naturalus-tamsaus-gintaro-karoliai\/\"]}]},{\"@type\":\"ImageObject\",\"inLanguage\":\"en-US\",\"@id\":\"https:\/\/amberwithsilver.com\/product\/naturalus-tamsaus-gintaro-karoliai\/#primaryimage\",\"url\":\"https:\/\/amberwithsilver.com\/wp-content\/uploads\/2022\/02\/img_3404-scaled.jpeg\",\"contentUrl\":\"https:\/\/amberwithsilver.com\/wp-content\/uploads\/2022\/02\/img_3404-scaled.jpeg\",\"width\":2560,\"height\":2295,\"caption\":\"Nat\u016bral\u016bs tamsaus gintaro karoliai,Natural dark amber necklace\"},{\"@type\":\"BreadcrumbList\",\"@id\":\"https:\/\/amberwithsilver.com\/product\/naturalus-tamsaus-gintaro-karoliai\/#breadcrumb\",\"itemListElement\":[{\"@type\":\"ListItem\",\"position\":1,\"name\":\"Home\",\"item\":\"https:\/\/amberwithsilver.com\/\"},{\"@type\":\"ListItem\",\"position\":2,\"name\":\"Parduotuv\u0117\",\"item\":\"https:\/\/amberwithsilver.com\/en\/parduotuve\/\"},{\"@type\":\"ListItem\",\"position\":3,\"name\":\"Nat\u016bral\u016bs tamsaus gintaro karoliai\"}]},{\"@type\":\"WebSite\",\"@id\":\"https:\/\/amberwithsilver.com\/en\/#website\",\"url\":\"https:\/\/amberwithsilver.com\/en\/\",\"name\":\"AmberWithSilver\",\"description\":\"Amber-Silver\",\"publisher\":{\"@id\":\"https:\/\/amberwithsilver.com\/en\/#organization\"},\"potentialAction\":[{\"@type\":\"SearchAction\",\"target\":{\"@type\":\"EntryPoint\",\"urlTemplate\":\"https:\/\/amberwithsilver.com\/en\/?s={search_term_string}\"},\"query-input\":{\"@type\":\"PropertyValueSpecification\",\"valueRequired\":true,\"valueName\":\"search_term_string\"}}],\"inLanguage\":\"en-US\"},{\"@type\":\"Organization\",\"@id\":\"https:\/\/amberwithsilver.com\/en\/#organization\",\"name\":\"amberwithsilver\",\"url\":\"https:\/\/amberwithsilver.com\/en\/\",\"logo\":{\"@type\":\"ImageObject\",\"inLanguage\":\"en-US\",\"@id\":\"https:\/\/amberwithsilver.com\/en\/#\/schema\/logo\/image\/\",\"url\":\"https:\/\/i0.wp.com\/amberwithsilver.com\/wp-content\/uploads\/2020\/12\/logo.jpg?fit=232%2C116&ssl=1\",\"contentUrl\":\"https:\/\/i0.wp.com\/amberwithsilver.com\/wp-content\/uploads\/2020\/12\/logo.jpg?fit=232%2C116&ssl=1\",\"width\":232,\"height\":116,\"caption\":\"amberwithsilver\"},\"image\":{\"@id\":\"https:\/\/amberwithsilver.com\/en\/#\/schema\/logo\/image\/\"}}]}<\/script>\n<!-- \/ Yoast SEO Premium plugin. -->","yoast_head_json":{"title":"Nat\u016bral\u016bs tamsaus gintaro karoliai - AmberWithSilver","description":"Baltijos gintaras,Nat\u016bral\u016bs tamsaus gintaro karoliai,Natural dark amber necklace,Baltic amber,amber for men,black amber,juodas gintaras","robots":{"index":"index","follow":"follow","max-snippet":"max-snippet:-1","max-image-preview":"max-image-preview:large","max-video-preview":"max-video-preview:-1"},"canonical":"https:\/\/amberwithsilver.com\/en\/product\/naturalus-tamsaus-gintaro-karoliai\/","og_locale":"en_US","og_type":"article","og_title":"Nat\u016bral\u016bs tamsaus gintaro karoliai","og_description":"Baltijos gintaras,Nat\u016bral\u016bs tamsaus gintaro karoliai,Natural dark amber necklace,Baltic amber,amber for men,black amber,juodas gintaras","og_url":"https:\/\/amberwithsilver.com\/en\/product\/naturalus-tamsaus-gintaro-karoliai\/","og_site_name":"AmberWithSilver","article_modified_time":"2022-02-22T13:29:15+00:00","og_image":[{"width":2560,"height":2295,"url":"https:\/\/amberwithsilver.com\/wp-content\/uploads\/2022\/02\/img_3404-scaled.jpeg","type":"image\/jpeg"}],"twitter_card":"summary_large_image","schema":{"@context":"https:\/\/schema.org","@graph":[{"@type":"WebPage","@id":"https:\/\/amberwithsilver.com\/product\/naturalus-tamsaus-gintaro-karoliai\/","url":"https:\/\/amberwithsilver.com\/product\/naturalus-tamsaus-gintaro-karoliai\/","name":"Nat\u016bral\u016bs tamsaus gintaro karoliai - AmberWithSilver","isPartOf":{"@id":"https:\/\/amberwithsilver.com\/en\/#website"},"primaryImageOfPage":{"@id":"https:\/\/amberwithsilver.com\/product\/naturalus-tamsaus-gintaro-karoliai\/#primaryimage"},"image":{"@id":"https:\/\/amberwithsilver.com\/product\/naturalus-tamsaus-gintaro-karoliai\/#primaryimage"},"thumbnailUrl":"https:\/\/amberwithsilver.com\/wp-content\/uploads\/2022\/02\/img_3404-scaled.jpeg","datePublished":"2022-02-22T13:14:24+00:00","dateModified":"2022-02-22T13:29:15+00:00","description":"Baltijos gintaras,Nat\u016bral\u016bs tamsaus gintaro karoliai,Natural dark amber necklace,Baltic amber,amber for men,black amber,juodas gintaras","breadcrumb":{"@id":"https:\/\/amberwithsilver.com\/product\/naturalus-tamsaus-gintaro-karoliai\/#breadcrumb"},"inLanguage":"en-US","potentialAction":[{"@type":"ReadAction","target":["https:\/\/amberwithsilver.com\/product\/naturalus-tamsaus-gintaro-karoliai\/"]}]},{"@type":"ImageObject","inLanguage":"en-US","@id":"https:\/\/amberwithsilver.com\/product\/naturalus-tamsaus-gintaro-karoliai\/#primaryimage","url":"https:\/\/amberwithsilver.com\/wp-content\/uploads\/2022\/02\/img_3404-scaled.jpeg","contentUrl":"https:\/\/amberwithsilver.com\/wp-content\/uploads\/2022\/02\/img_3404-scaled.jpeg","width":2560,"height":2295,"caption":"Nat\u016bral\u016bs tamsaus gintaro karoliai,Natural dark amber necklace"},{"@type":"BreadcrumbList","@id":"https:\/\/amberwithsilver.com\/product\/naturalus-tamsaus-gintaro-karoliai\/#breadcrumb","itemListElement":[{"@type":"ListItem","position":1,"name":"Home","item":"https:\/\/amberwithsilver.com\/"},{"@type":"ListItem","position":2,"name":"Parduotuv\u0117","item":"https:\/\/amberwithsilver.com\/en\/parduotuve\/"},{"@type":"ListItem","position":3,"name":"Nat\u016bral\u016bs tamsaus gintaro karoliai"}]},{"@type":"WebSite","@id":"https:\/\/amberwithsilver.com\/en\/#website","url":"https:\/\/amberwithsilver.com\/en\/","name":"AmberWithSilver","description":"Amber-Silver","publisher":{"@id":"https:\/\/amberwithsilver.com\/en\/#organization"},"potentialAction":[{"@type":"SearchAction","target":{"@type":"EntryPoint","urlTemplate":"https:\/\/amberwithsilver.com\/en\/?s={search_term_string}"},"query-input":{"@type":"PropertyValueSpecification","valueRequired":true,"valueName":"search_term_string"}}],"inLanguage":"en-US"},{"@type":"Organization","@id":"https:\/\/amberwithsilver.com\/en\/#organization","name":"amberwithsilver","url":"https:\/\/amberwithsilver.com\/en\/","logo":{"@type":"ImageObject","inLanguage":"en-US","@id":"https:\/\/amberwithsilver.com\/en\/#\/schema\/logo\/image\/","url":"https:\/\/i0.wp.com\/amberwithsilver.com\/wp-content\/uploads\/2020\/12\/logo.jpg?fit=232%2C116&ssl=1","contentUrl":"https:\/\/i0.wp.com\/amberwithsilver.com\/wp-content\/uploads\/2020\/12\/logo.jpg?fit=232%2C116&ssl=1","width":232,"height":116,"caption":"amberwithsilver"},"image":{"@id":"https:\/\/amberwithsilver.com\/en\/#\/schema\/logo\/image\/"}}]}},"jetpack_sharing_enabled":true,"_links":{"self":[{"href":"https:\/\/amberwithsilver.com\/en\/wp-json\/wp\/v2\/product\/2168","targetHints":{"allow":["GET"]}}],"collection":[{"href":"https:\/\/amberwithsilver.com\/en\/wp-json\/wp\/v2\/product"}],"about":[{"href":"https:\/\/amberwithsilver.com\/en\/wp-json\/wp\/v2\/types\/product"}],"replies":[{"embeddable":true,"href":"https:\/\/amberwithsilver.com\/en\/wp-json\/wp\/v2\/comments?post=2168"}],"version-history":[{"count":0,"href":"https:\/\/amberwithsilver.com\/en\/wp-json\/wp\/v2\/product\/2168\/revisions"}],"wp:featuredmedia":[{"embeddable":true,"href":"https:\/\/amberwithsilver.com\/en\/wp-json\/wp\/v2\/media\/2172"}],"wp:attachment":[{"href":"https:\/\/amberwithsilver.com\/en\/wp-json\/wp\/v2\/media?parent=2168"}],"wp:term":[{"taxonomy":"product_brand","embeddable":true,"href":"https:\/\/amberwithsilver.com\/en\/wp-json\/wp\/v2\/product_brand?post=2168"},{"taxonomy":"product_cat","embeddable":true,"href":"https:\/\/amberwithsilver.com\/en\/wp-json\/wp\/v2\/product_cat?post=2168"},{"taxonomy":"product_tag","embeddable":true,"href":"https:\/\/amberwithsilver.com\/en\/wp-json\/wp\/v2\/product_tag?post=2168"}],"curies":[{"name":"wp","href":"https:\/\/api.w.org\/{rel}","templated":true}]}}