{"id":2194,"date":"2022-02-23T15:42:53","date_gmt":"2022-02-23T13:42:53","guid":{"rendered":"http:\/\/amberwithsilver.com\/?post_type=product&#038;p=2194"},"modified":"2024-07-13T12:06:19","modified_gmt":"2024-07-13T10:06:19","slug":"medaus-spalvos-gintaro-rutuliuku-apyranke-5-mm","status":"publish","type":"product","link":"https:\/\/amberwithsilver.com\/en\/product\/medaus-spalvos-gintaro-rutuliuku-apyranke-5-mm\/","title":{"rendered":"Honey amber round beads stretch bracelet 5 mm"},"content":{"rendered":"<p>Honey amber round beads stretch bracelet 5 mm.<\/p>\n<div class=\"woocommerce-product-details__short-description\">\n<ul>\n<li>Natural Baltic amber<\/li>\n<li>Honey color round beads<\/li>\n<li>Elastic silicon<\/li>\n<li>Weight: ~ 3,80 grams<\/li>\n<li>Length: ~ 18,50 cm<\/li>\n<li>Beads size: ~ 5 mm<\/li>\n<\/ul>\n<p>*Please note as with all natural gemstones the color may vary slightly from the photo shown.<\/p>\n<\/div>\n<div class=\"quantity\"><\/div>\n<p><label class=\"screen-reader-text\" for=\"quantity_6216370c0a219\">\u00a0<\/label><\/p>","protected":false},"excerpt":{"rendered":"<p>Honey amber round beads stretch bracelet 5 mm.<\/p>\n<div class=\"woocommerce-product-details__short-description\">\n<ul>\n<li>Natural Baltic amber<\/li>\n<li>Honey color round beads<\/li>\n<li>Elastic silicon<\/li>\n<li>Weight: ~ 3,80 grams<\/li>\n<li>Length: ~ 18,50 cm<\/li>\n<li>Beads size: ~ 5 mm<\/li>\n<\/ul>\n<p>*Please note as with all natural gemstones the color may vary slightly from the photo shown.<\/p>\n<\/div>","protected":false},"featured_media":2196,"comment_status":"open","ping_status":"closed","template":"","meta":[],"product_brand":[],"product_cat":[18],"product_tag":[347,669,670,671,672,673],"class_list":{"0":"post-2194","1":"product","2":"type-product","3":"status-publish","4":"has-post-thumbnail","6":"product_cat-gintaro-apyrankes","7":"product_tag-baltic-amber-bracelet","8":"product_tag-medaus-spalvos-gintaro-rutuliuku-apyranke-5-mm","9":"product_tag-honey-amber-round-beads-stretch-bracelet-5-mm","10":"product_tag-honey-amber-bracelet","11":"product_tag-sviesus-gintaras","12":"product_tag-natural-amber-bracelet-for-women","14":"first","15":"instock","16":"taxable","17":"shipping-taxable","18":"purchasable","19":"product-type-simple"},"yoast_head":"<!-- This site is optimized with the Yoast SEO Premium plugin v23.4 (Yoast SEO v26.8) - https:\/\/yoast.com\/product\/yoast-seo-premium-wordpress\/ -->\n<title>Medaus spalvos gintaro rutuliuk\u0173 apyrank\u0117 5 mm - AmberWithSilver<\/title>\n<meta name=\"description\" content=\"Medaus spalvos gintaro rutuliuk\u0173 apyrank\u0117 5 mm,Honey amber round beads stretch bracelet 5 mm,honey amber bracelet,sviesus gintaras,natural\" \/>\n<meta name=\"robots\" content=\"index, follow, max-snippet:-1, max-image-preview:large, max-video-preview:-1\" \/>\n<link rel=\"canonical\" href=\"https:\/\/amberwithsilver.com\/en\/product\/medaus-spalvos-gintaro-rutuliuku-apyranke-5-mm\/\" \/>\n<meta property=\"og:locale\" content=\"en_US\" \/>\n<meta property=\"og:type\" content=\"article\" \/>\n<meta property=\"og:title\" content=\"Medaus spalvos gintaro rutuliuk\u0173 apyrank\u0117 5 mm\" \/>\n<meta property=\"og:description\" content=\"Medaus spalvos gintaro rutuliuk\u0173 apyrank\u0117 5 mm,Honey amber round beads stretch bracelet 5 mm,honey amber bracelet,sviesus gintaras,natural\" \/>\n<meta property=\"og:url\" content=\"https:\/\/amberwithsilver.com\/en\/product\/medaus-spalvos-gintaro-rutuliuku-apyranke-5-mm\/\" \/>\n<meta property=\"og:site_name\" content=\"AmberWithSilver\" \/>\n<meta property=\"article:modified_time\" content=\"2024-07-13T10:06:19+00:00\" \/>\n<meta property=\"og:image\" content=\"https:\/\/amberwithsilver.com\/wp-content\/uploads\/2022\/02\/img_3772.jpeg\" \/>\n\t<meta property=\"og:image:width\" content=\"2537\" \/>\n\t<meta property=\"og:image:height\" content=\"2021\" \/>\n\t<meta property=\"og:image:type\" content=\"image\/jpeg\" \/>\n<meta name=\"twitter:card\" content=\"summary_large_image\" \/>\n<meta name=\"twitter:label1\" content=\"Est. reading time\" \/>\n\t<meta name=\"twitter:data1\" content=\"1 minute\" \/>\n<script type=\"application\/ld+json\" class=\"yoast-schema-graph\">{\"@context\":\"https:\/\/schema.org\",\"@graph\":[{\"@type\":\"WebPage\",\"@id\":\"https:\/\/amberwithsilver.com\/product\/medaus-spalvos-gintaro-rutuliuku-apyranke-5-mm\/\",\"url\":\"https:\/\/amberwithsilver.com\/product\/medaus-spalvos-gintaro-rutuliuku-apyranke-5-mm\/\",\"name\":\"Medaus spalvos gintaro rutuliuk\u0173 apyrank\u0117 5 mm - AmberWithSilver\",\"isPartOf\":{\"@id\":\"https:\/\/amberwithsilver.com\/en\/#website\"},\"primaryImageOfPage\":{\"@id\":\"https:\/\/amberwithsilver.com\/product\/medaus-spalvos-gintaro-rutuliuku-apyranke-5-mm\/#primaryimage\"},\"image\":{\"@id\":\"https:\/\/amberwithsilver.com\/product\/medaus-spalvos-gintaro-rutuliuku-apyranke-5-mm\/#primaryimage\"},\"thumbnailUrl\":\"https:\/\/amberwithsilver.com\/wp-content\/uploads\/2022\/02\/img_3772.jpeg\",\"datePublished\":\"2022-02-23T13:42:53+00:00\",\"dateModified\":\"2024-07-13T10:06:19+00:00\",\"description\":\"Medaus spalvos gintaro rutuliuk\u0173 apyrank\u0117 5 mm,Honey amber round beads stretch bracelet 5 mm,honey amber bracelet,sviesus gintaras,natural\",\"breadcrumb\":{\"@id\":\"https:\/\/amberwithsilver.com\/product\/medaus-spalvos-gintaro-rutuliuku-apyranke-5-mm\/#breadcrumb\"},\"inLanguage\":\"en-US\",\"potentialAction\":[{\"@type\":\"ReadAction\",\"target\":[\"https:\/\/amberwithsilver.com\/product\/medaus-spalvos-gintaro-rutuliuku-apyranke-5-mm\/\"]}]},{\"@type\":\"ImageObject\",\"inLanguage\":\"en-US\",\"@id\":\"https:\/\/amberwithsilver.com\/product\/medaus-spalvos-gintaro-rutuliuku-apyranke-5-mm\/#primaryimage\",\"url\":\"https:\/\/amberwithsilver.com\/wp-content\/uploads\/2022\/02\/img_3772.jpeg\",\"contentUrl\":\"https:\/\/amberwithsilver.com\/wp-content\/uploads\/2022\/02\/img_3772.jpeg\",\"width\":2537,\"height\":2021,\"caption\":\"Medaus spalvos gintaro rutuliuk\u0173 apyrank\u0117 5 mm,Honey amber round beads stretch bracelet 5 mm\"},{\"@type\":\"BreadcrumbList\",\"@id\":\"https:\/\/amberwithsilver.com\/product\/medaus-spalvos-gintaro-rutuliuku-apyranke-5-mm\/#breadcrumb\",\"itemListElement\":[{\"@type\":\"ListItem\",\"position\":1,\"name\":\"Home\",\"item\":\"https:\/\/amberwithsilver.com\/\"},{\"@type\":\"ListItem\",\"position\":2,\"name\":\"Parduotuv\u0117\",\"item\":\"https:\/\/amberwithsilver.com\/en\/parduotuve\/\"},{\"@type\":\"ListItem\",\"position\":3,\"name\":\"Medaus spalvos gintaro rutuliuk\u0173 apyrank\u0117 5 mm\"}]},{\"@type\":\"WebSite\",\"@id\":\"https:\/\/amberwithsilver.com\/en\/#website\",\"url\":\"https:\/\/amberwithsilver.com\/en\/\",\"name\":\"AmberWithSilver\",\"description\":\"Amber-Silver\",\"publisher\":{\"@id\":\"https:\/\/amberwithsilver.com\/en\/#organization\"},\"potentialAction\":[{\"@type\":\"SearchAction\",\"target\":{\"@type\":\"EntryPoint\",\"urlTemplate\":\"https:\/\/amberwithsilver.com\/en\/?s={search_term_string}\"},\"query-input\":{\"@type\":\"PropertyValueSpecification\",\"valueRequired\":true,\"valueName\":\"search_term_string\"}}],\"inLanguage\":\"en-US\"},{\"@type\":\"Organization\",\"@id\":\"https:\/\/amberwithsilver.com\/en\/#organization\",\"name\":\"amberwithsilver\",\"url\":\"https:\/\/amberwithsilver.com\/en\/\",\"logo\":{\"@type\":\"ImageObject\",\"inLanguage\":\"en-US\",\"@id\":\"https:\/\/amberwithsilver.com\/en\/#\/schema\/logo\/image\/\",\"url\":\"https:\/\/i0.wp.com\/amberwithsilver.com\/wp-content\/uploads\/2020\/12\/logo.jpg?fit=232%2C116&ssl=1\",\"contentUrl\":\"https:\/\/i0.wp.com\/amberwithsilver.com\/wp-content\/uploads\/2020\/12\/logo.jpg?fit=232%2C116&ssl=1\",\"width\":232,\"height\":116,\"caption\":\"amberwithsilver\"},\"image\":{\"@id\":\"https:\/\/amberwithsilver.com\/en\/#\/schema\/logo\/image\/\"}}]}<\/script>\n<!-- \/ Yoast SEO Premium plugin. -->","yoast_head_json":{"title":"Medaus spalvos gintaro rutuliuk\u0173 apyrank\u0117 5 mm - AmberWithSilver","description":"Medaus spalvos gintaro rutuliuk\u0173 apyrank\u0117 5 mm,Honey amber round beads stretch bracelet 5 mm,honey amber bracelet,sviesus gintaras,natural","robots":{"index":"index","follow":"follow","max-snippet":"max-snippet:-1","max-image-preview":"max-image-preview:large","max-video-preview":"max-video-preview:-1"},"canonical":"https:\/\/amberwithsilver.com\/en\/product\/medaus-spalvos-gintaro-rutuliuku-apyranke-5-mm\/","og_locale":"en_US","og_type":"article","og_title":"Medaus spalvos gintaro rutuliuk\u0173 apyrank\u0117 5 mm","og_description":"Medaus spalvos gintaro rutuliuk\u0173 apyrank\u0117 5 mm,Honey amber round beads stretch bracelet 5 mm,honey amber bracelet,sviesus gintaras,natural","og_url":"https:\/\/amberwithsilver.com\/en\/product\/medaus-spalvos-gintaro-rutuliuku-apyranke-5-mm\/","og_site_name":"AmberWithSilver","article_modified_time":"2024-07-13T10:06:19+00:00","og_image":[{"width":2537,"height":2021,"url":"https:\/\/amberwithsilver.com\/wp-content\/uploads\/2022\/02\/img_3772.jpeg","type":"image\/jpeg"}],"twitter_card":"summary_large_image","twitter_misc":{"Est. reading time":"1 minute"},"schema":{"@context":"https:\/\/schema.org","@graph":[{"@type":"WebPage","@id":"https:\/\/amberwithsilver.com\/product\/medaus-spalvos-gintaro-rutuliuku-apyranke-5-mm\/","url":"https:\/\/amberwithsilver.com\/product\/medaus-spalvos-gintaro-rutuliuku-apyranke-5-mm\/","name":"Medaus spalvos gintaro rutuliuk\u0173 apyrank\u0117 5 mm - AmberWithSilver","isPartOf":{"@id":"https:\/\/amberwithsilver.com\/en\/#website"},"primaryImageOfPage":{"@id":"https:\/\/amberwithsilver.com\/product\/medaus-spalvos-gintaro-rutuliuku-apyranke-5-mm\/#primaryimage"},"image":{"@id":"https:\/\/amberwithsilver.com\/product\/medaus-spalvos-gintaro-rutuliuku-apyranke-5-mm\/#primaryimage"},"thumbnailUrl":"https:\/\/amberwithsilver.com\/wp-content\/uploads\/2022\/02\/img_3772.jpeg","datePublished":"2022-02-23T13:42:53+00:00","dateModified":"2024-07-13T10:06:19+00:00","description":"Medaus spalvos gintaro rutuliuk\u0173 apyrank\u0117 5 mm,Honey amber round beads stretch bracelet 5 mm,honey amber bracelet,sviesus gintaras,natural","breadcrumb":{"@id":"https:\/\/amberwithsilver.com\/product\/medaus-spalvos-gintaro-rutuliuku-apyranke-5-mm\/#breadcrumb"},"inLanguage":"en-US","potentialAction":[{"@type":"ReadAction","target":["https:\/\/amberwithsilver.com\/product\/medaus-spalvos-gintaro-rutuliuku-apyranke-5-mm\/"]}]},{"@type":"ImageObject","inLanguage":"en-US","@id":"https:\/\/amberwithsilver.com\/product\/medaus-spalvos-gintaro-rutuliuku-apyranke-5-mm\/#primaryimage","url":"https:\/\/amberwithsilver.com\/wp-content\/uploads\/2022\/02\/img_3772.jpeg","contentUrl":"https:\/\/amberwithsilver.com\/wp-content\/uploads\/2022\/02\/img_3772.jpeg","width":2537,"height":2021,"caption":"Medaus spalvos gintaro rutuliuk\u0173 apyrank\u0117 5 mm,Honey amber round beads stretch bracelet 5 mm"},{"@type":"BreadcrumbList","@id":"https:\/\/amberwithsilver.com\/product\/medaus-spalvos-gintaro-rutuliuku-apyranke-5-mm\/#breadcrumb","itemListElement":[{"@type":"ListItem","position":1,"name":"Home","item":"https:\/\/amberwithsilver.com\/"},{"@type":"ListItem","position":2,"name":"Parduotuv\u0117","item":"https:\/\/amberwithsilver.com\/en\/parduotuve\/"},{"@type":"ListItem","position":3,"name":"Medaus spalvos gintaro rutuliuk\u0173 apyrank\u0117 5 mm"}]},{"@type":"WebSite","@id":"https:\/\/amberwithsilver.com\/en\/#website","url":"https:\/\/amberwithsilver.com\/en\/","name":"AmberWithSilver","description":"Amber-Silver","publisher":{"@id":"https:\/\/amberwithsilver.com\/en\/#organization"},"potentialAction":[{"@type":"SearchAction","target":{"@type":"EntryPoint","urlTemplate":"https:\/\/amberwithsilver.com\/en\/?s={search_term_string}"},"query-input":{"@type":"PropertyValueSpecification","valueRequired":true,"valueName":"search_term_string"}}],"inLanguage":"en-US"},{"@type":"Organization","@id":"https:\/\/amberwithsilver.com\/en\/#organization","name":"amberwithsilver","url":"https:\/\/amberwithsilver.com\/en\/","logo":{"@type":"ImageObject","inLanguage":"en-US","@id":"https:\/\/amberwithsilver.com\/en\/#\/schema\/logo\/image\/","url":"https:\/\/i0.wp.com\/amberwithsilver.com\/wp-content\/uploads\/2020\/12\/logo.jpg?fit=232%2C116&ssl=1","contentUrl":"https:\/\/i0.wp.com\/amberwithsilver.com\/wp-content\/uploads\/2020\/12\/logo.jpg?fit=232%2C116&ssl=1","width":232,"height":116,"caption":"amberwithsilver"},"image":{"@id":"https:\/\/amberwithsilver.com\/en\/#\/schema\/logo\/image\/"}}]}},"jetpack_sharing_enabled":true,"_links":{"self":[{"href":"https:\/\/amberwithsilver.com\/en\/wp-json\/wp\/v2\/product\/2194","targetHints":{"allow":["GET"]}}],"collection":[{"href":"https:\/\/amberwithsilver.com\/en\/wp-json\/wp\/v2\/product"}],"about":[{"href":"https:\/\/amberwithsilver.com\/en\/wp-json\/wp\/v2\/types\/product"}],"replies":[{"embeddable":true,"href":"https:\/\/amberwithsilver.com\/en\/wp-json\/wp\/v2\/comments?post=2194"}],"version-history":[{"count":0,"href":"https:\/\/amberwithsilver.com\/en\/wp-json\/wp\/v2\/product\/2194\/revisions"}],"wp:featuredmedia":[{"embeddable":true,"href":"https:\/\/amberwithsilver.com\/en\/wp-json\/wp\/v2\/media\/2196"}],"wp:attachment":[{"href":"https:\/\/amberwithsilver.com\/en\/wp-json\/wp\/v2\/media?parent=2194"}],"wp:term":[{"taxonomy":"product_brand","embeddable":true,"href":"https:\/\/amberwithsilver.com\/en\/wp-json\/wp\/v2\/product_brand?post=2194"},{"taxonomy":"product_cat","embeddable":true,"href":"https:\/\/amberwithsilver.com\/en\/wp-json\/wp\/v2\/product_cat?post=2194"},{"taxonomy":"product_tag","embeddable":true,"href":"https:\/\/amberwithsilver.com\/en\/wp-json\/wp\/v2\/product_tag?post=2194"}],"curies":[{"name":"wp","href":"https:\/\/api.w.org\/{rel}","templated":true}]}}