{"id":2202,"date":"2022-02-24T10:59:45","date_gmt":"2022-02-24T08:59:45","guid":{"rendered":"http:\/\/amberwithsilver.com\/?post_type=product&#038;p=2202"},"modified":"2022-02-24T11:22:42","modified_gmt":"2022-02-24T09:22:42","slug":"konjako-spalvos-gintaro-rutuliuku-apyranke-5-mm","status":"publish","type":"product","link":"https:\/\/amberwithsilver.com\/en\/product\/konjako-spalvos-gintaro-rutuliuku-apyranke-5-mm\/","title":{"rendered":"Coganc amber round beads stretch bracelet 5 mm"},"content":{"rendered":"<p>Coganc amber round beads stretch bracelet 5 mm.<\/p>\n<div class=\"woocommerce-product-details__short-description\">\n<ul>\n<li>Natural Baltic amber<\/li>\n<li>Cognac color round beads<\/li>\n<li>Elastic silicon<\/li>\n<li>Weight: ~ 3,80 grams<\/li>\n<li>Beads size: ~ 5 mm<\/li>\n<\/ul>\n<p>*Please note as with all natural gemstones the color may vary slightly from the photo shown.<\/p>\n<\/div>","protected":false},"excerpt":{"rendered":"<p>Coganc amber round beads stretch bracelet 5 mm.<\/p>\n<div class=\"woocommerce-product-details__short-description\">\n<ul>\n<li>Natural Baltic amber<\/li>\n<li>Cognac color round beads<\/li>\n<li>Elastic silicon<\/li>\n<li>Weight: ~ 3,80 grams<\/li>\n<li>Beads size: ~ 5 mm<\/li>\n<\/ul>\n<p>*Please note as with all natural gemstones the color may vary slightly from the photo shown.<\/p>\n<\/div>","protected":false},"featured_media":2204,"comment_status":"open","ping_status":"closed","template":"","meta":[],"product_brand":[],"product_cat":[18],"product_tag":[473,508,674,675,676,677,678],"class_list":{"0":"post-2202","1":"product","2":"type-product","3":"status-publish","4":"has-post-thumbnail","6":"product_cat-gintaro-apyrankes","7":"product_tag-round-beads-amber-bracelet","8":"product_tag-baltic-amber","9":"product_tag-konjako-spalvos-gintaro-rutuliuku-apyranke-5-mm","10":"product_tag-coganc-amber-round-beads-stretch-bracelet-5-mm","11":"product_tag-apvaliu-gintaro-rutuliuku-apyranke","12":"product_tag-baltijos-gintaras-lietuvoje","13":"product_tag-silver-amber","15":"first","16":"instock","17":"taxable","18":"shipping-taxable","19":"purchasable","20":"product-type-simple"},"yoast_head":"<!-- This site is optimized with the Yoast SEO Premium plugin v23.4 (Yoast SEO v26.8) - https:\/\/yoast.com\/product\/yoast-seo-premium-wordpress\/ -->\n<title>Konjako spalvos gintaro rutuliuk\u0173 apyrank\u0117 5 mm - AmberWithSilver<\/title>\n<meta name=\"description\" content=\"Konjako spalvos gintaro rutuliuk\u0173 apyrank\u0117 5 mm,Coganc amber round beads stretch bracelet 5 mm,round beads amber bracelet, Baltijos gintaras\" \/>\n<meta name=\"robots\" content=\"index, follow, max-snippet:-1, max-image-preview:large, max-video-preview:-1\" \/>\n<link rel=\"canonical\" href=\"https:\/\/amberwithsilver.com\/en\/product\/konjako-spalvos-gintaro-rutuliuku-apyranke-5-mm\/\" \/>\n<meta property=\"og:locale\" content=\"en_US\" \/>\n<meta property=\"og:type\" content=\"article\" \/>\n<meta property=\"og:title\" content=\"Konjako spalvos gintaro rutuliuk\u0173 apyrank\u0117 5 mm\" \/>\n<meta property=\"og:description\" content=\"Konjako spalvos gintaro rutuliuk\u0173 apyrank\u0117 5 mm,Coganc amber round beads stretch bracelet 5 mm,round beads amber bracelet, Baltijos gintaras\" \/>\n<meta property=\"og:url\" content=\"https:\/\/amberwithsilver.com\/en\/product\/konjako-spalvos-gintaro-rutuliuku-apyranke-5-mm\/\" \/>\n<meta property=\"og:site_name\" content=\"AmberWithSilver\" \/>\n<meta property=\"article:modified_time\" content=\"2022-02-24T09:22:42+00:00\" \/>\n<meta property=\"og:image\" content=\"https:\/\/amberwithsilver.com\/wp-content\/uploads\/2022\/02\/img_3775.jpeg\" \/>\n\t<meta property=\"og:image:width\" content=\"2239\" \/>\n\t<meta property=\"og:image:height\" content=\"1931\" \/>\n\t<meta property=\"og:image:type\" content=\"image\/jpeg\" \/>\n<meta name=\"twitter:card\" content=\"summary_large_image\" \/>\n<meta name=\"twitter:label1\" content=\"Est. reading time\" \/>\n\t<meta name=\"twitter:data1\" content=\"1 minute\" \/>\n<script type=\"application\/ld+json\" class=\"yoast-schema-graph\">{\"@context\":\"https:\/\/schema.org\",\"@graph\":[{\"@type\":\"WebPage\",\"@id\":\"https:\/\/amberwithsilver.com\/product\/konjako-spalvos-gintaro-rutuliuku-apyranke-5-mm\/\",\"url\":\"https:\/\/amberwithsilver.com\/product\/konjako-spalvos-gintaro-rutuliuku-apyranke-5-mm\/\",\"name\":\"Konjako spalvos gintaro rutuliuk\u0173 apyrank\u0117 5 mm - AmberWithSilver\",\"isPartOf\":{\"@id\":\"https:\/\/amberwithsilver.com\/en\/#website\"},\"primaryImageOfPage\":{\"@id\":\"https:\/\/amberwithsilver.com\/product\/konjako-spalvos-gintaro-rutuliuku-apyranke-5-mm\/#primaryimage\"},\"image\":{\"@id\":\"https:\/\/amberwithsilver.com\/product\/konjako-spalvos-gintaro-rutuliuku-apyranke-5-mm\/#primaryimage\"},\"thumbnailUrl\":\"https:\/\/amberwithsilver.com\/wp-content\/uploads\/2022\/02\/img_3775.jpeg\",\"datePublished\":\"2022-02-24T08:59:45+00:00\",\"dateModified\":\"2022-02-24T09:22:42+00:00\",\"description\":\"Konjako spalvos gintaro rutuliuk\u0173 apyrank\u0117 5 mm,Coganc amber round beads stretch bracelet 5 mm,round beads amber bracelet, Baltijos gintaras\",\"breadcrumb\":{\"@id\":\"https:\/\/amberwithsilver.com\/product\/konjako-spalvos-gintaro-rutuliuku-apyranke-5-mm\/#breadcrumb\"},\"inLanguage\":\"en-US\",\"potentialAction\":[{\"@type\":\"ReadAction\",\"target\":[\"https:\/\/amberwithsilver.com\/product\/konjako-spalvos-gintaro-rutuliuku-apyranke-5-mm\/\"]}]},{\"@type\":\"ImageObject\",\"inLanguage\":\"en-US\",\"@id\":\"https:\/\/amberwithsilver.com\/product\/konjako-spalvos-gintaro-rutuliuku-apyranke-5-mm\/#primaryimage\",\"url\":\"https:\/\/amberwithsilver.com\/wp-content\/uploads\/2022\/02\/img_3775.jpeg\",\"contentUrl\":\"https:\/\/amberwithsilver.com\/wp-content\/uploads\/2022\/02\/img_3775.jpeg\",\"width\":2239,\"height\":1931,\"caption\":\"Konjako spalvos gintaro rutuliuk\u0173 apyrank\u0117 5 mm Coganc amber round beads stretch bracelet 5 mm\"},{\"@type\":\"BreadcrumbList\",\"@id\":\"https:\/\/amberwithsilver.com\/product\/konjako-spalvos-gintaro-rutuliuku-apyranke-5-mm\/#breadcrumb\",\"itemListElement\":[{\"@type\":\"ListItem\",\"position\":1,\"name\":\"Home\",\"item\":\"https:\/\/amberwithsilver.com\/\"},{\"@type\":\"ListItem\",\"position\":2,\"name\":\"Parduotuv\u0117\",\"item\":\"https:\/\/amberwithsilver.com\/en\/parduotuve\/\"},{\"@type\":\"ListItem\",\"position\":3,\"name\":\"Konjako spalvos gintaro rutuliuk\u0173 apyrank\u0117 5 mm\"}]},{\"@type\":\"WebSite\",\"@id\":\"https:\/\/amberwithsilver.com\/en\/#website\",\"url\":\"https:\/\/amberwithsilver.com\/en\/\",\"name\":\"AmberWithSilver\",\"description\":\"Amber-Silver\",\"publisher\":{\"@id\":\"https:\/\/amberwithsilver.com\/en\/#organization\"},\"potentialAction\":[{\"@type\":\"SearchAction\",\"target\":{\"@type\":\"EntryPoint\",\"urlTemplate\":\"https:\/\/amberwithsilver.com\/en\/?s={search_term_string}\"},\"query-input\":{\"@type\":\"PropertyValueSpecification\",\"valueRequired\":true,\"valueName\":\"search_term_string\"}}],\"inLanguage\":\"en-US\"},{\"@type\":\"Organization\",\"@id\":\"https:\/\/amberwithsilver.com\/en\/#organization\",\"name\":\"amberwithsilver\",\"url\":\"https:\/\/amberwithsilver.com\/en\/\",\"logo\":{\"@type\":\"ImageObject\",\"inLanguage\":\"en-US\",\"@id\":\"https:\/\/amberwithsilver.com\/en\/#\/schema\/logo\/image\/\",\"url\":\"https:\/\/i0.wp.com\/amberwithsilver.com\/wp-content\/uploads\/2020\/12\/logo.jpg?fit=232%2C116&ssl=1\",\"contentUrl\":\"https:\/\/i0.wp.com\/amberwithsilver.com\/wp-content\/uploads\/2020\/12\/logo.jpg?fit=232%2C116&ssl=1\",\"width\":232,\"height\":116,\"caption\":\"amberwithsilver\"},\"image\":{\"@id\":\"https:\/\/amberwithsilver.com\/en\/#\/schema\/logo\/image\/\"}}]}<\/script>\n<!-- \/ Yoast SEO Premium plugin. -->","yoast_head_json":{"title":"Konjako spalvos gintaro rutuliuk\u0173 apyrank\u0117 5 mm - AmberWithSilver","description":"Konjako spalvos gintaro rutuliuk\u0173 apyrank\u0117 5 mm,Coganc amber round beads stretch bracelet 5 mm,round beads amber bracelet, Baltijos gintaras","robots":{"index":"index","follow":"follow","max-snippet":"max-snippet:-1","max-image-preview":"max-image-preview:large","max-video-preview":"max-video-preview:-1"},"canonical":"https:\/\/amberwithsilver.com\/en\/product\/konjako-spalvos-gintaro-rutuliuku-apyranke-5-mm\/","og_locale":"en_US","og_type":"article","og_title":"Konjako spalvos gintaro rutuliuk\u0173 apyrank\u0117 5 mm","og_description":"Konjako spalvos gintaro rutuliuk\u0173 apyrank\u0117 5 mm,Coganc amber round beads stretch bracelet 5 mm,round beads amber bracelet, Baltijos gintaras","og_url":"https:\/\/amberwithsilver.com\/en\/product\/konjako-spalvos-gintaro-rutuliuku-apyranke-5-mm\/","og_site_name":"AmberWithSilver","article_modified_time":"2022-02-24T09:22:42+00:00","og_image":[{"width":2239,"height":1931,"url":"https:\/\/amberwithsilver.com\/wp-content\/uploads\/2022\/02\/img_3775.jpeg","type":"image\/jpeg"}],"twitter_card":"summary_large_image","twitter_misc":{"Est. reading time":"1 minute"},"schema":{"@context":"https:\/\/schema.org","@graph":[{"@type":"WebPage","@id":"https:\/\/amberwithsilver.com\/product\/konjako-spalvos-gintaro-rutuliuku-apyranke-5-mm\/","url":"https:\/\/amberwithsilver.com\/product\/konjako-spalvos-gintaro-rutuliuku-apyranke-5-mm\/","name":"Konjako spalvos gintaro rutuliuk\u0173 apyrank\u0117 5 mm - AmberWithSilver","isPartOf":{"@id":"https:\/\/amberwithsilver.com\/en\/#website"},"primaryImageOfPage":{"@id":"https:\/\/amberwithsilver.com\/product\/konjako-spalvos-gintaro-rutuliuku-apyranke-5-mm\/#primaryimage"},"image":{"@id":"https:\/\/amberwithsilver.com\/product\/konjako-spalvos-gintaro-rutuliuku-apyranke-5-mm\/#primaryimage"},"thumbnailUrl":"https:\/\/amberwithsilver.com\/wp-content\/uploads\/2022\/02\/img_3775.jpeg","datePublished":"2022-02-24T08:59:45+00:00","dateModified":"2022-02-24T09:22:42+00:00","description":"Konjako spalvos gintaro rutuliuk\u0173 apyrank\u0117 5 mm,Coganc amber round beads stretch bracelet 5 mm,round beads amber bracelet, Baltijos gintaras","breadcrumb":{"@id":"https:\/\/amberwithsilver.com\/product\/konjako-spalvos-gintaro-rutuliuku-apyranke-5-mm\/#breadcrumb"},"inLanguage":"en-US","potentialAction":[{"@type":"ReadAction","target":["https:\/\/amberwithsilver.com\/product\/konjako-spalvos-gintaro-rutuliuku-apyranke-5-mm\/"]}]},{"@type":"ImageObject","inLanguage":"en-US","@id":"https:\/\/amberwithsilver.com\/product\/konjako-spalvos-gintaro-rutuliuku-apyranke-5-mm\/#primaryimage","url":"https:\/\/amberwithsilver.com\/wp-content\/uploads\/2022\/02\/img_3775.jpeg","contentUrl":"https:\/\/amberwithsilver.com\/wp-content\/uploads\/2022\/02\/img_3775.jpeg","width":2239,"height":1931,"caption":"Konjako spalvos gintaro rutuliuk\u0173 apyrank\u0117 5 mm Coganc amber round beads stretch bracelet 5 mm"},{"@type":"BreadcrumbList","@id":"https:\/\/amberwithsilver.com\/product\/konjako-spalvos-gintaro-rutuliuku-apyranke-5-mm\/#breadcrumb","itemListElement":[{"@type":"ListItem","position":1,"name":"Home","item":"https:\/\/amberwithsilver.com\/"},{"@type":"ListItem","position":2,"name":"Parduotuv\u0117","item":"https:\/\/amberwithsilver.com\/en\/parduotuve\/"},{"@type":"ListItem","position":3,"name":"Konjako spalvos gintaro rutuliuk\u0173 apyrank\u0117 5 mm"}]},{"@type":"WebSite","@id":"https:\/\/amberwithsilver.com\/en\/#website","url":"https:\/\/amberwithsilver.com\/en\/","name":"AmberWithSilver","description":"Amber-Silver","publisher":{"@id":"https:\/\/amberwithsilver.com\/en\/#organization"},"potentialAction":[{"@type":"SearchAction","target":{"@type":"EntryPoint","urlTemplate":"https:\/\/amberwithsilver.com\/en\/?s={search_term_string}"},"query-input":{"@type":"PropertyValueSpecification","valueRequired":true,"valueName":"search_term_string"}}],"inLanguage":"en-US"},{"@type":"Organization","@id":"https:\/\/amberwithsilver.com\/en\/#organization","name":"amberwithsilver","url":"https:\/\/amberwithsilver.com\/en\/","logo":{"@type":"ImageObject","inLanguage":"en-US","@id":"https:\/\/amberwithsilver.com\/en\/#\/schema\/logo\/image\/","url":"https:\/\/i0.wp.com\/amberwithsilver.com\/wp-content\/uploads\/2020\/12\/logo.jpg?fit=232%2C116&ssl=1","contentUrl":"https:\/\/i0.wp.com\/amberwithsilver.com\/wp-content\/uploads\/2020\/12\/logo.jpg?fit=232%2C116&ssl=1","width":232,"height":116,"caption":"amberwithsilver"},"image":{"@id":"https:\/\/amberwithsilver.com\/en\/#\/schema\/logo\/image\/"}}]}},"jetpack_sharing_enabled":true,"_links":{"self":[{"href":"https:\/\/amberwithsilver.com\/en\/wp-json\/wp\/v2\/product\/2202","targetHints":{"allow":["GET"]}}],"collection":[{"href":"https:\/\/amberwithsilver.com\/en\/wp-json\/wp\/v2\/product"}],"about":[{"href":"https:\/\/amberwithsilver.com\/en\/wp-json\/wp\/v2\/types\/product"}],"replies":[{"embeddable":true,"href":"https:\/\/amberwithsilver.com\/en\/wp-json\/wp\/v2\/comments?post=2202"}],"version-history":[{"count":0,"href":"https:\/\/amberwithsilver.com\/en\/wp-json\/wp\/v2\/product\/2202\/revisions"}],"wp:featuredmedia":[{"embeddable":true,"href":"https:\/\/amberwithsilver.com\/en\/wp-json\/wp\/v2\/media\/2204"}],"wp:attachment":[{"href":"https:\/\/amberwithsilver.com\/en\/wp-json\/wp\/v2\/media?parent=2202"}],"wp:term":[{"taxonomy":"product_brand","embeddable":true,"href":"https:\/\/amberwithsilver.com\/en\/wp-json\/wp\/v2\/product_brand?post=2202"},{"taxonomy":"product_cat","embeddable":true,"href":"https:\/\/amberwithsilver.com\/en\/wp-json\/wp\/v2\/product_cat?post=2202"},{"taxonomy":"product_tag","embeddable":true,"href":"https:\/\/amberwithsilver.com\/en\/wp-json\/wp\/v2\/product_tag?post=2202"}],"curies":[{"name":"wp","href":"https:\/\/api.w.org\/{rel}","templated":true}]}}