{"id":2217,"date":"2022-02-25T15:06:15","date_gmt":"2022-02-25T13:06:15","guid":{"rendered":"http:\/\/amberwithsilver.com\/?post_type=product&#038;p=2217"},"modified":"2023-07-28T10:23:10","modified_gmt":"2023-07-28T08:23:10","slug":"moteriski-juodo-ir-geltono-gintaro-apvaliu-rutuliuku-karoliai","status":"publish","type":"product","link":"https:\/\/amberwithsilver.com\/en\/product\/moteriski-juodo-ir-geltono-gintaro-apvaliu-rutuliuku-karoliai\/","title":{"rendered":"Women's Black &amp; Yellow round beads necklace"},"content":{"rendered":"<p>Women's Black &amp; Yellow round beads necklace.<\/p>\n<ul>\n<li><span class=\"VIiyi\" lang=\"lt\"><span class=\"JLqJ4b ChMk0b\" data-language-for-alternatives=\"lt\" data-language-to-translate-into=\"en\" data-phrase-index=\"0\">Black color recycled unpolished Baltic amber round beads<\/span><\/span><\/li>\n<li>One yellow round bead<\/li>\n<li><span class=\"VIiyi\" lang=\"lt\"><span class=\"JLqJ4b ChMk0b\" data-language-for-alternatives=\"lt\" data-language-to-translate-into=\"en\" data-phrase-index=\"0\">Plastic screw clasp<\/span><\/span><\/li>\n<li>Lenght: ~ 42 cm<\/li>\n<li>Weight: ~14,5 grams<\/li>\n<li>Bead size: ~ 7 mm<\/li>\n<\/ul>\n<p>*Please note that the color of the product may vary slightly from that shown in the photo, depending on the monitor used by the Buyer and the lighting settings in the photos.<\/p>\n<p>&nbsp;<\/p>","protected":false},"excerpt":{"rendered":"<p>Women's Black &amp; Yellow round beads necklace.<\/p>\n<ul>\n<li><span class=\"VIiyi\" lang=\"lt\"><span class=\"JLqJ4b ChMk0b\" data-language-for-alternatives=\"lt\" data-language-to-translate-into=\"en\" data-phrase-index=\"0\">Black color recycled unpolished Baltic amber round beads<\/span><\/span><\/li>\n<li>One yellow round bead<\/li>\n<li><span class=\"VIiyi\" lang=\"lt\"><span class=\"JLqJ4b ChMk0b\" data-language-for-alternatives=\"lt\" data-language-to-translate-into=\"en\" data-phrase-index=\"0\">Plastic screw clasp<\/span><\/span><\/li>\n<li>Lenght: ~ 42 cm<\/li>\n<li>Weight: ~14,5 grams<\/li>\n<li>Bead size: ~ 7 mm<\/li>\n<\/ul>\n<p>*Please note that the color of the product may vary slightly from that shown in the photo, depending on the monitor used by the Buyer and the lighting settings in the photos.<\/p>","protected":false},"featured_media":2219,"comment_status":"open","ping_status":"closed","template":"","meta":[],"product_brand":[],"product_cat":[35,60,58],"product_tag":[501,554,684,685,686,687],"class_list":{"0":"post-2217","1":"product","2":"type-product","3":"status-publish","4":"has-post-thumbnail","6":"product_cat-gintaro-karoliai","7":"product_cat-juodo-gintaro-kolekcija","8":"product_cat-kolekcijos","9":"product_tag-juodas-gintaras","10":"product_tag-black-amber","11":"product_tag-moteriski-juodo-ir-geltono-gintaro-apvaliu-rutuliuku-karoliai","12":"product_tag-womens-black-amber-necklace","13":"product_tag-womens-black-yellow-round-beads-necklace","14":"product_tag-black-amber-round-beads","16":"first","17":"instock","18":"taxable","19":"shipping-taxable","20":"purchasable","21":"product-type-simple"},"yoast_head":"<!-- This site is optimized with the Yoast SEO Premium plugin v23.4 (Yoast SEO v26.8) - https:\/\/yoast.com\/product\/yoast-seo-premium-wordpress\/ -->\n<title>Moteri\u0161ki Juodo ir Geltono gintaro apvali\u0173 rutuliuk\u0173 karoliai - AmberWithSilver<\/title>\n<meta name=\"description\" content=\"Moteri\u0161ki juodo gintaro apvali\u0173 rutuliuk\u0173 karoliai,Juodas gintaras,Black amber,women&#039;s black amber necklace, Baltijos gintaras, stilingas\" \/>\n<meta name=\"robots\" content=\"index, follow, max-snippet:-1, max-image-preview:large, max-video-preview:-1\" \/>\n<link rel=\"canonical\" href=\"https:\/\/amberwithsilver.com\/en\/product\/moteriski-juodo-ir-geltono-gintaro-apvaliu-rutuliuku-karoliai\/\" \/>\n<meta property=\"og:locale\" content=\"en_US\" \/>\n<meta property=\"og:type\" content=\"article\" \/>\n<meta property=\"og:title\" content=\"Moteri\u0161ki Juodo ir Geltono gintaro apvali\u0173 rutuliuk\u0173 karoliai\" \/>\n<meta property=\"og:description\" content=\"Moteri\u0161ki juodo gintaro apvali\u0173 rutuliuk\u0173 karoliai,Juodas gintaras,Black amber,women&#039;s black amber necklace, Baltijos gintaras, stilingas\" \/>\n<meta property=\"og:url\" content=\"https:\/\/amberwithsilver.com\/en\/product\/moteriski-juodo-ir-geltono-gintaro-apvaliu-rutuliuku-karoliai\/\" \/>\n<meta property=\"og:site_name\" content=\"AmberWithSilver\" \/>\n<meta property=\"article:modified_time\" content=\"2023-07-28T08:23:10+00:00\" \/>\n<meta property=\"og:image\" content=\"https:\/\/amberwithsilver.com\/wp-content\/uploads\/2022\/02\/img_3780.jpeg\" \/>\n\t<meta property=\"og:image:width\" content=\"2520\" \/>\n\t<meta property=\"og:image:height\" content=\"2137\" \/>\n\t<meta property=\"og:image:type\" content=\"image\/jpeg\" \/>\n<meta name=\"twitter:card\" content=\"summary_large_image\" \/>\n<meta name=\"twitter:label1\" content=\"Est. reading time\" \/>\n\t<meta name=\"twitter:data1\" content=\"1 minute\" \/>\n<script type=\"application\/ld+json\" class=\"yoast-schema-graph\">{\"@context\":\"https:\/\/schema.org\",\"@graph\":[{\"@type\":\"WebPage\",\"@id\":\"https:\/\/amberwithsilver.com\/product\/moteriski-juodo-ir-geltono-gintaro-apvaliu-rutuliuku-karoliai\/\",\"url\":\"https:\/\/amberwithsilver.com\/product\/moteriski-juodo-ir-geltono-gintaro-apvaliu-rutuliuku-karoliai\/\",\"name\":\"Moteri\u0161ki Juodo ir Geltono gintaro apvali\u0173 rutuliuk\u0173 karoliai - AmberWithSilver\",\"isPartOf\":{\"@id\":\"https:\/\/amberwithsilver.com\/en\/#website\"},\"primaryImageOfPage\":{\"@id\":\"https:\/\/amberwithsilver.com\/product\/moteriski-juodo-ir-geltono-gintaro-apvaliu-rutuliuku-karoliai\/#primaryimage\"},\"image\":{\"@id\":\"https:\/\/amberwithsilver.com\/product\/moteriski-juodo-ir-geltono-gintaro-apvaliu-rutuliuku-karoliai\/#primaryimage\"},\"thumbnailUrl\":\"https:\/\/amberwithsilver.com\/wp-content\/uploads\/2022\/02\/img_3780.jpeg\",\"datePublished\":\"2022-02-25T13:06:15+00:00\",\"dateModified\":\"2023-07-28T08:23:10+00:00\",\"description\":\"Moteri\u0161ki juodo gintaro apvali\u0173 rutuliuk\u0173 karoliai,Juodas gintaras,Black amber,women's black amber necklace, Baltijos gintaras, stilingas\",\"breadcrumb\":{\"@id\":\"https:\/\/amberwithsilver.com\/product\/moteriski-juodo-ir-geltono-gintaro-apvaliu-rutuliuku-karoliai\/#breadcrumb\"},\"inLanguage\":\"en-US\",\"potentialAction\":[{\"@type\":\"ReadAction\",\"target\":[\"https:\/\/amberwithsilver.com\/product\/moteriski-juodo-ir-geltono-gintaro-apvaliu-rutuliuku-karoliai\/\"]}]},{\"@type\":\"ImageObject\",\"inLanguage\":\"en-US\",\"@id\":\"https:\/\/amberwithsilver.com\/product\/moteriski-juodo-ir-geltono-gintaro-apvaliu-rutuliuku-karoliai\/#primaryimage\",\"url\":\"https:\/\/amberwithsilver.com\/wp-content\/uploads\/2022\/02\/img_3780.jpeg\",\"contentUrl\":\"https:\/\/amberwithsilver.com\/wp-content\/uploads\/2022\/02\/img_3780.jpeg\",\"width\":2520,\"height\":2137,\"caption\":\"Moteri\u0161ki Juodo ir Geltono gintaro apvali\u0173 rutuliuk\u0173 karoliai, Women's Black & Yellow round beads necklace\"},{\"@type\":\"BreadcrumbList\",\"@id\":\"https:\/\/amberwithsilver.com\/product\/moteriski-juodo-ir-geltono-gintaro-apvaliu-rutuliuku-karoliai\/#breadcrumb\",\"itemListElement\":[{\"@type\":\"ListItem\",\"position\":1,\"name\":\"Home\",\"item\":\"https:\/\/amberwithsilver.com\/\"},{\"@type\":\"ListItem\",\"position\":2,\"name\":\"Parduotuv\u0117\",\"item\":\"https:\/\/amberwithsilver.com\/en\/parduotuve\/\"},{\"@type\":\"ListItem\",\"position\":3,\"name\":\"Moteri\u0161ki Juodo ir Geltono gintaro apvali\u0173 rutuliuk\u0173 karoliai\"}]},{\"@type\":\"WebSite\",\"@id\":\"https:\/\/amberwithsilver.com\/en\/#website\",\"url\":\"https:\/\/amberwithsilver.com\/en\/\",\"name\":\"AmberWithSilver\",\"description\":\"Amber-Silver\",\"publisher\":{\"@id\":\"https:\/\/amberwithsilver.com\/en\/#organization\"},\"potentialAction\":[{\"@type\":\"SearchAction\",\"target\":{\"@type\":\"EntryPoint\",\"urlTemplate\":\"https:\/\/amberwithsilver.com\/en\/?s={search_term_string}\"},\"query-input\":{\"@type\":\"PropertyValueSpecification\",\"valueRequired\":true,\"valueName\":\"search_term_string\"}}],\"inLanguage\":\"en-US\"},{\"@type\":\"Organization\",\"@id\":\"https:\/\/amberwithsilver.com\/en\/#organization\",\"name\":\"amberwithsilver\",\"url\":\"https:\/\/amberwithsilver.com\/en\/\",\"logo\":{\"@type\":\"ImageObject\",\"inLanguage\":\"en-US\",\"@id\":\"https:\/\/amberwithsilver.com\/en\/#\/schema\/logo\/image\/\",\"url\":\"https:\/\/i0.wp.com\/amberwithsilver.com\/wp-content\/uploads\/2020\/12\/logo.jpg?fit=232%2C116&ssl=1\",\"contentUrl\":\"https:\/\/i0.wp.com\/amberwithsilver.com\/wp-content\/uploads\/2020\/12\/logo.jpg?fit=232%2C116&ssl=1\",\"width\":232,\"height\":116,\"caption\":\"amberwithsilver\"},\"image\":{\"@id\":\"https:\/\/amberwithsilver.com\/en\/#\/schema\/logo\/image\/\"}}]}<\/script>\n<!-- \/ Yoast SEO Premium plugin. -->","yoast_head_json":{"title":"Moteri\u0161ki Juodo ir Geltono gintaro apvali\u0173 rutuliuk\u0173 karoliai - AmberWithSilver","description":"Moteri\u0161ki juodo gintaro apvali\u0173 rutuliuk\u0173 karoliai,Juodas gintaras,Black amber,women's black amber necklace, Baltijos gintaras, stilingas","robots":{"index":"index","follow":"follow","max-snippet":"max-snippet:-1","max-image-preview":"max-image-preview:large","max-video-preview":"max-video-preview:-1"},"canonical":"https:\/\/amberwithsilver.com\/en\/product\/moteriski-juodo-ir-geltono-gintaro-apvaliu-rutuliuku-karoliai\/","og_locale":"en_US","og_type":"article","og_title":"Moteri\u0161ki Juodo ir Geltono gintaro apvali\u0173 rutuliuk\u0173 karoliai","og_description":"Moteri\u0161ki juodo gintaro apvali\u0173 rutuliuk\u0173 karoliai,Juodas gintaras,Black amber,women's black amber necklace, Baltijos gintaras, stilingas","og_url":"https:\/\/amberwithsilver.com\/en\/product\/moteriski-juodo-ir-geltono-gintaro-apvaliu-rutuliuku-karoliai\/","og_site_name":"AmberWithSilver","article_modified_time":"2023-07-28T08:23:10+00:00","og_image":[{"width":2520,"height":2137,"url":"https:\/\/amberwithsilver.com\/wp-content\/uploads\/2022\/02\/img_3780.jpeg","type":"image\/jpeg"}],"twitter_card":"summary_large_image","twitter_misc":{"Est. reading time":"1 minute"},"schema":{"@context":"https:\/\/schema.org","@graph":[{"@type":"WebPage","@id":"https:\/\/amberwithsilver.com\/product\/moteriski-juodo-ir-geltono-gintaro-apvaliu-rutuliuku-karoliai\/","url":"https:\/\/amberwithsilver.com\/product\/moteriski-juodo-ir-geltono-gintaro-apvaliu-rutuliuku-karoliai\/","name":"Moteri\u0161ki Juodo ir Geltono gintaro apvali\u0173 rutuliuk\u0173 karoliai - AmberWithSilver","isPartOf":{"@id":"https:\/\/amberwithsilver.com\/en\/#website"},"primaryImageOfPage":{"@id":"https:\/\/amberwithsilver.com\/product\/moteriski-juodo-ir-geltono-gintaro-apvaliu-rutuliuku-karoliai\/#primaryimage"},"image":{"@id":"https:\/\/amberwithsilver.com\/product\/moteriski-juodo-ir-geltono-gintaro-apvaliu-rutuliuku-karoliai\/#primaryimage"},"thumbnailUrl":"https:\/\/amberwithsilver.com\/wp-content\/uploads\/2022\/02\/img_3780.jpeg","datePublished":"2022-02-25T13:06:15+00:00","dateModified":"2023-07-28T08:23:10+00:00","description":"Moteri\u0161ki juodo gintaro apvali\u0173 rutuliuk\u0173 karoliai,Juodas gintaras,Black amber,women's black amber necklace, Baltijos gintaras, stilingas","breadcrumb":{"@id":"https:\/\/amberwithsilver.com\/product\/moteriski-juodo-ir-geltono-gintaro-apvaliu-rutuliuku-karoliai\/#breadcrumb"},"inLanguage":"en-US","potentialAction":[{"@type":"ReadAction","target":["https:\/\/amberwithsilver.com\/product\/moteriski-juodo-ir-geltono-gintaro-apvaliu-rutuliuku-karoliai\/"]}]},{"@type":"ImageObject","inLanguage":"en-US","@id":"https:\/\/amberwithsilver.com\/product\/moteriski-juodo-ir-geltono-gintaro-apvaliu-rutuliuku-karoliai\/#primaryimage","url":"https:\/\/amberwithsilver.com\/wp-content\/uploads\/2022\/02\/img_3780.jpeg","contentUrl":"https:\/\/amberwithsilver.com\/wp-content\/uploads\/2022\/02\/img_3780.jpeg","width":2520,"height":2137,"caption":"Moteri\u0161ki Juodo ir Geltono gintaro apvali\u0173 rutuliuk\u0173 karoliai, Women's Black & Yellow round beads necklace"},{"@type":"BreadcrumbList","@id":"https:\/\/amberwithsilver.com\/product\/moteriski-juodo-ir-geltono-gintaro-apvaliu-rutuliuku-karoliai\/#breadcrumb","itemListElement":[{"@type":"ListItem","position":1,"name":"Home","item":"https:\/\/amberwithsilver.com\/"},{"@type":"ListItem","position":2,"name":"Parduotuv\u0117","item":"https:\/\/amberwithsilver.com\/en\/parduotuve\/"},{"@type":"ListItem","position":3,"name":"Moteri\u0161ki Juodo ir Geltono gintaro apvali\u0173 rutuliuk\u0173 karoliai"}]},{"@type":"WebSite","@id":"https:\/\/amberwithsilver.com\/en\/#website","url":"https:\/\/amberwithsilver.com\/en\/","name":"AmberWithSilver","description":"Amber-Silver","publisher":{"@id":"https:\/\/amberwithsilver.com\/en\/#organization"},"potentialAction":[{"@type":"SearchAction","target":{"@type":"EntryPoint","urlTemplate":"https:\/\/amberwithsilver.com\/en\/?s={search_term_string}"},"query-input":{"@type":"PropertyValueSpecification","valueRequired":true,"valueName":"search_term_string"}}],"inLanguage":"en-US"},{"@type":"Organization","@id":"https:\/\/amberwithsilver.com\/en\/#organization","name":"amberwithsilver","url":"https:\/\/amberwithsilver.com\/en\/","logo":{"@type":"ImageObject","inLanguage":"en-US","@id":"https:\/\/amberwithsilver.com\/en\/#\/schema\/logo\/image\/","url":"https:\/\/i0.wp.com\/amberwithsilver.com\/wp-content\/uploads\/2020\/12\/logo.jpg?fit=232%2C116&ssl=1","contentUrl":"https:\/\/i0.wp.com\/amberwithsilver.com\/wp-content\/uploads\/2020\/12\/logo.jpg?fit=232%2C116&ssl=1","width":232,"height":116,"caption":"amberwithsilver"},"image":{"@id":"https:\/\/amberwithsilver.com\/en\/#\/schema\/logo\/image\/"}}]}},"jetpack_sharing_enabled":true,"_links":{"self":[{"href":"https:\/\/amberwithsilver.com\/en\/wp-json\/wp\/v2\/product\/2217","targetHints":{"allow":["GET"]}}],"collection":[{"href":"https:\/\/amberwithsilver.com\/en\/wp-json\/wp\/v2\/product"}],"about":[{"href":"https:\/\/amberwithsilver.com\/en\/wp-json\/wp\/v2\/types\/product"}],"replies":[{"embeddable":true,"href":"https:\/\/amberwithsilver.com\/en\/wp-json\/wp\/v2\/comments?post=2217"}],"version-history":[{"count":0,"href":"https:\/\/amberwithsilver.com\/en\/wp-json\/wp\/v2\/product\/2217\/revisions"}],"wp:featuredmedia":[{"embeddable":true,"href":"https:\/\/amberwithsilver.com\/en\/wp-json\/wp\/v2\/media\/2219"}],"wp:attachment":[{"href":"https:\/\/amberwithsilver.com\/en\/wp-json\/wp\/v2\/media?parent=2217"}],"wp:term":[{"taxonomy":"product_brand","embeddable":true,"href":"https:\/\/amberwithsilver.com\/en\/wp-json\/wp\/v2\/product_brand?post=2217"},{"taxonomy":"product_cat","embeddable":true,"href":"https:\/\/amberwithsilver.com\/en\/wp-json\/wp\/v2\/product_cat?post=2217"},{"taxonomy":"product_tag","embeddable":true,"href":"https:\/\/amberwithsilver.com\/en\/wp-json\/wp\/v2\/product_tag?post=2217"}],"curies":[{"name":"wp","href":"https:\/\/api.w.org\/{rel}","templated":true}]}}